{"id":196348,"date":"2015-08-01T14:46:01","date_gmt":"2015-08-01T11:46:01","guid":{"rendered":"http:\/\/vunder-ee.sn25.zone.eu\/lt\/product\/priemone-dazu-tekumui-reguliuoti-speciali-priemone-gelis-liquitex-2\/"},"modified":"2015-08-01T14:46:01","modified_gmt":"2015-08-01T11:46:01","slug":"priemone-dazu-tekumui-reguliuoti-speciali-priemone-gelis-liquitex","status":"publish","type":"product","link":"https:\/\/hobstop.ee\/lt\/produktas\/priemone-dazu-tekumui-reguliuoti-speciali-priemone-gelis-liquitex\/","title":{"rendered":"Priemon\u0117 da\u017e\u0173 tekumui reguliuoti speciali priemon\u0117-gelis Liquitex"},"content":{"rendered":"<p>Da\u017e\u0173 liejim\u0105si pagerinantis priedas \u201eLiquitex Flow Aid\u201c pagerina vandens pagrindu pagamint\u0173 da\u017e\u0173, tu\u0161o ir atskiest\u0173 da\u017e\u0173 tekum\u0105, da\u017eai lengviau mai\u0161osi. \u0160velnina teptuko pot\u0117pius. Puiki priemon\u0117 neapdorotai drobei tonuoti. Nenaudoti neskiesto \u2013 prie\u0161 mai\u0161ydami su da\u017eais, 1 dal\u012f priemon\u0117s sumai\u0161ykite su 20 dali\u0173 vandentiekio ar distiliuoto vandens. Skiedikl\u012f galima mai\u0161yti su da\u017eais santykiu 1 dalis skiediklio ir 3 dalys da\u017e\u0173. Priedo sud\u0117tyje n\u0117ra ri\u0161amosios med\u017eiagos, tod\u0117l j\u012f yra patariama naudoti taupiai, nes gali pasikeisti da\u017e\u0173 patvarumas.<\/p>\n","protected":false},"excerpt":{"rendered":"<p>Da\u017e\u0173 liejim\u0105si pagerinantis priedas \u201eLiquitex Flow Aid\u201c pagerina vandens pagrindu pagamint\u0173 da\u017e\u0173, tu\u0161o ir atskiest\u0173 da\u017e\u0173 tekum\u0105, da\u017eai lengviau mai\u0161osi. \u0160velnina teptuko pot\u0117pius. Puiki priemon\u0117 neapdorotai drobei tonuoti. Nenaudoti neskiesto \u2013 prie\u0161 mai\u0161ydami su da\u017eais, 1 dal\u012f priemon\u0117s sumai\u0161ykite su 20 dali\u0173 vandentiekio ar distiliuoto vandens. Skiedikl\u012f galima mai\u0161yti su da\u017eais santykiu 1 dalis skiediklio ir 3 dalys da\u017e\u0173. Priedo sud\u0117tyje n\u0117ra ri\u0161amosios med\u017eiagos, tod\u0117l j\u012f yra patariama naudoti taupiai, nes gali pasikeisti da\u017e\u0173 patvarumas.<\/p>\n","protected":false},"featured_media":353844,"comment_status":"closed","ping_status":"closed","template":"","meta":{"_acf_changed":false,"ep_exclude_from_search":false},"product_cat":[18998,16124,17981],"product_tag":[],"class_list":{"0":"post-196348","1":"product","2":"type-product","3":"status-publish","4":"has-post-thumbnail","6":"product_cat-akriliniu-dazu-priedai-2","7":"product_cat-dailes-prekes","8":"product_cat-dazai-ir-priedai-tapybai","10":"first","11":"instock","12":"taxable","13":"shipping-taxable","14":"purchasable","15":"product-type-variable"},"acf":[],"yoast_head":"<!-- This site is optimized with the Yoast SEO plugin v24.1 - https:\/\/yoast.com\/wordpress\/plugins\/seo\/ -->\n<title>Priemon\u0117 da\u017e\u0173 tekumui reguliuoti speciali priemon\u0117-gelis Liquitex &#8211; Skizze<\/title>\n<meta name=\"robots\" content=\"noindex, follow, max-snippet:-1, max-image-preview:large, max-video-preview:-1\" \/>\n<meta property=\"og:locale\" content=\"lt_LT\" \/>\n<meta property=\"og:type\" content=\"article\" \/>\n<meta property=\"og:title\" content=\"Priemon\u0117 da\u017e\u0173 tekumui reguliuoti speciali priemon\u0117-gelis Liquitex &#8211; Skizze\" \/>\n<meta property=\"og:description\" content=\"Da\u017e\u0173 liejim\u0105si pagerinantis priedas \u201eLiquitex Flow Aid\u201c pagerina vandens pagrindu pagamint\u0173 da\u017e\u0173, tu\u0161o ir atskiest\u0173 da\u017e\u0173 tekum\u0105, da\u017eai lengviau mai\u0161osi. \u0160velnina teptuko pot\u0117pius. Puiki priemon\u0117 neapdorotai drobei tonuoti. Nenaudoti neskiesto \u2013 prie\u0161 mai\u0161ydami su da\u017eais, 1 dal\u012f priemon\u0117s sumai\u0161ykite su 20 dali\u0173 vandentiekio ar distiliuoto vandens. Skiedikl\u012f galima mai\u0161yti su da\u017eais santykiu 1 dalis skiediklio ir 3 dalys da\u017e\u0173. Priedo sud\u0117tyje n\u0117ra ri\u0161amosios med\u017eiagos, tod\u0117l j\u012f yra patariama naudoti taupiai, nes gali pasikeisti da\u017e\u0173 patvarumas.\" \/>\n<meta property=\"og:url\" content=\"https:\/\/hobstop.ee\/lt\/produktas\/priemone-dazu-tekumui-reguliuoti-speciali-priemone-gelis-liquitex\/\" \/>\n<meta property=\"og:site_name\" content=\"Skizze\" \/>\n<meta property=\"article:publisher\" content=\"http:\/\/www.facebook.com\/VunderSkizze\" \/>\n<meta property=\"og:image\" content=\"https:\/\/www.hobstop.ee\/media\/78.jpg\" \/>\n\t<meta property=\"og:image:width\" content=\"1024\" \/>\n\t<meta property=\"og:image:height\" content=\"768\" \/>\n\t<meta property=\"og:image:type\" content=\"image\/jpeg\" \/>\n<meta name=\"twitter:card\" content=\"summary_large_image\" \/>\n<script type=\"application\/ld+json\" class=\"yoast-schema-graph\">{\"@context\":\"https:\/\/schema.org\",\"@graph\":[{\"@type\":\"WebPage\",\"@id\":\"https:\/\/hobstop.ee\/lt\/produktas\/priemone-dazu-tekumui-reguliuoti-speciali-priemone-gelis-liquitex\/\",\"url\":\"https:\/\/hobstop.ee\/lt\/produktas\/priemone-dazu-tekumui-reguliuoti-speciali-priemone-gelis-liquitex\/\",\"name\":\"Priemon\u0117 da\u017e\u0173 tekumui reguliuoti speciali priemon\u0117-gelis Liquitex &#8211; Skizze\",\"isPartOf\":{\"@id\":\"https:\/\/hobstop.ee\/lt\/#website\"},\"primaryImageOfPage\":{\"@id\":\"https:\/\/hobstop.ee\/lt\/produktas\/priemone-dazu-tekumui-reguliuoti-speciali-priemone-gelis-liquitex\/#primaryimage\"},\"image\":{\"@id\":\"https:\/\/hobstop.ee\/lt\/produktas\/priemone-dazu-tekumui-reguliuoti-speciali-priemone-gelis-liquitex\/#primaryimage\"},\"thumbnailUrl\":\"https:\/\/hobstop.ee\/media\/78.jpg\",\"datePublished\":\"2015-08-01T11:46:01+00:00\",\"dateModified\":\"2015-08-01T11:46:01+00:00\",\"breadcrumb\":{\"@id\":\"https:\/\/hobstop.ee\/lt\/produktas\/priemone-dazu-tekumui-reguliuoti-speciali-priemone-gelis-liquitex\/#breadcrumb\"},\"inLanguage\":\"lt\",\"potentialAction\":[{\"@type\":\"ReadAction\",\"target\":[\"https:\/\/hobstop.ee\/lt\/produktas\/priemone-dazu-tekumui-reguliuoti-speciali-priemone-gelis-liquitex\/\"]}]},{\"@type\":\"ImageObject\",\"inLanguage\":\"lt\",\"@id\":\"https:\/\/hobstop.ee\/lt\/produktas\/priemone-dazu-tekumui-reguliuoti-speciali-priemone-gelis-liquitex\/#primaryimage\",\"url\":\"https:\/\/hobstop.ee\/media\/78.jpg\",\"contentUrl\":\"https:\/\/hobstop.ee\/media\/78.jpg\",\"width\":1024,\"height\":768},{\"@type\":\"BreadcrumbList\",\"@id\":\"https:\/\/hobstop.ee\/lt\/produktas\/priemone-dazu-tekumui-reguliuoti-speciali-priemone-gelis-liquitex\/#breadcrumb\",\"itemListElement\":[{\"@type\":\"ListItem\",\"position\":1,\"name\":\"Avaleht\",\"item\":\"https:\/\/hobstop.ee\/lt\/\"},{\"@type\":\"ListItem\",\"position\":2,\"name\":\"Parduotuv\u0117\",\"item\":\"https:\/\/hobstop.ee\/lt\/parduotuve\/\"},{\"@type\":\"ListItem\",\"position\":3,\"name\":\"Priemon\u0117 da\u017e\u0173 tekumui reguliuoti speciali priemon\u0117-gelis Liquitex\"}]},{\"@type\":\"WebSite\",\"@id\":\"https:\/\/hobstop.ee\/lt\/#website\",\"url\":\"https:\/\/hobstop.ee\/lt\/\",\"name\":\"Skizze\",\"description\":\"Dail\u0117s, pom\u0117gi\u0173 ir mokykliniai reikm\u0117nys\",\"publisher\":{\"@id\":\"https:\/\/hobstop.ee\/lt\/#organization\"},\"potentialAction\":[{\"@type\":\"SearchAction\",\"target\":{\"@type\":\"EntryPoint\",\"urlTemplate\":\"https:\/\/hobstop.ee\/lt\/?s={search_term_string}\"},\"query-input\":{\"@type\":\"PropertyValueSpecification\",\"valueRequired\":true,\"valueName\":\"search_term_string\"}}],\"inLanguage\":\"lt\"},{\"@type\":\"Organization\",\"@id\":\"https:\/\/hobstop.ee\/lt\/#organization\",\"name\":\"Vunder AS\",\"url\":\"https:\/\/hobstop.ee\/lt\/\",\"logo\":{\"@type\":\"ImageObject\",\"inLanguage\":\"lt\",\"@id\":\"https:\/\/hobstop.ee\/lt\/#\/schema\/logo\/image\/\",\"url\":\"https:\/\/hobstop.ee\/media\/vunder-logo.png\",\"contentUrl\":\"https:\/\/hobstop.ee\/media\/vunder-logo.png\",\"width\":127,\"height\":55,\"caption\":\"Vunder AS\"},\"image\":{\"@id\":\"https:\/\/hobstop.ee\/lt\/#\/schema\/logo\/image\/\"},\"sameAs\":[\"http:\/\/www.facebook.com\/VunderSkizze\"]}]}<\/script>\n<!-- \/ Yoast SEO plugin. -->","yoast_head_json":{"title":"Priemon\u0117 da\u017e\u0173 tekumui reguliuoti speciali priemon\u0117-gelis Liquitex &#8211; Skizze","robots":{"index":"noindex","follow":"follow","max-snippet":"max-snippet:-1","max-image-preview":"max-image-preview:large","max-video-preview":"max-video-preview:-1"},"og_locale":"lt_LT","og_type":"article","og_title":"Priemon\u0117 da\u017e\u0173 tekumui reguliuoti speciali priemon\u0117-gelis Liquitex &#8211; Skizze","og_description":"Da\u017e\u0173 liejim\u0105si pagerinantis priedas \u201eLiquitex Flow Aid\u201c pagerina vandens pagrindu pagamint\u0173 da\u017e\u0173, tu\u0161o ir atskiest\u0173 da\u017e\u0173 tekum\u0105, da\u017eai lengviau mai\u0161osi. \u0160velnina teptuko pot\u0117pius. Puiki priemon\u0117 neapdorotai drobei tonuoti. Nenaudoti neskiesto \u2013 prie\u0161 mai\u0161ydami su da\u017eais, 1 dal\u012f priemon\u0117s sumai\u0161ykite su 20 dali\u0173 vandentiekio ar distiliuoto vandens. Skiedikl\u012f galima mai\u0161yti su da\u017eais santykiu 1 dalis skiediklio ir 3 dalys da\u017e\u0173. Priedo sud\u0117tyje n\u0117ra ri\u0161amosios med\u017eiagos, tod\u0117l j\u012f yra patariama naudoti taupiai, nes gali pasikeisti da\u017e\u0173 patvarumas.","og_url":"https:\/\/hobstop.ee\/lt\/produktas\/priemone-dazu-tekumui-reguliuoti-speciali-priemone-gelis-liquitex\/","og_site_name":"Skizze","article_publisher":"http:\/\/www.facebook.com\/VunderSkizze","og_image":[{"width":1024,"height":768,"url":"https:\/\/www.hobstop.ee\/media\/78.jpg","type":"image\/jpeg"}],"twitter_card":"summary_large_image","schema":{"@context":"https:\/\/schema.org","@graph":[{"@type":"WebPage","@id":"https:\/\/hobstop.ee\/lt\/produktas\/priemone-dazu-tekumui-reguliuoti-speciali-priemone-gelis-liquitex\/","url":"https:\/\/hobstop.ee\/lt\/produktas\/priemone-dazu-tekumui-reguliuoti-speciali-priemone-gelis-liquitex\/","name":"Priemon\u0117 da\u017e\u0173 tekumui reguliuoti speciali priemon\u0117-gelis Liquitex &#8211; Skizze","isPartOf":{"@id":"https:\/\/hobstop.ee\/lt\/#website"},"primaryImageOfPage":{"@id":"https:\/\/hobstop.ee\/lt\/produktas\/priemone-dazu-tekumui-reguliuoti-speciali-priemone-gelis-liquitex\/#primaryimage"},"image":{"@id":"https:\/\/hobstop.ee\/lt\/produktas\/priemone-dazu-tekumui-reguliuoti-speciali-priemone-gelis-liquitex\/#primaryimage"},"thumbnailUrl":"https:\/\/hobstop.ee\/media\/78.jpg","datePublished":"2015-08-01T11:46:01+00:00","dateModified":"2015-08-01T11:46:01+00:00","breadcrumb":{"@id":"https:\/\/hobstop.ee\/lt\/produktas\/priemone-dazu-tekumui-reguliuoti-speciali-priemone-gelis-liquitex\/#breadcrumb"},"inLanguage":"lt","potentialAction":[{"@type":"ReadAction","target":["https:\/\/hobstop.ee\/lt\/produktas\/priemone-dazu-tekumui-reguliuoti-speciali-priemone-gelis-liquitex\/"]}]},{"@type":"ImageObject","inLanguage":"lt","@id":"https:\/\/hobstop.ee\/lt\/produktas\/priemone-dazu-tekumui-reguliuoti-speciali-priemone-gelis-liquitex\/#primaryimage","url":"https:\/\/hobstop.ee\/media\/78.jpg","contentUrl":"https:\/\/hobstop.ee\/media\/78.jpg","width":1024,"height":768},{"@type":"BreadcrumbList","@id":"https:\/\/hobstop.ee\/lt\/produktas\/priemone-dazu-tekumui-reguliuoti-speciali-priemone-gelis-liquitex\/#breadcrumb","itemListElement":[{"@type":"ListItem","position":1,"name":"Avaleht","item":"https:\/\/hobstop.ee\/lt\/"},{"@type":"ListItem","position":2,"name":"Parduotuv\u0117","item":"https:\/\/hobstop.ee\/lt\/parduotuve\/"},{"@type":"ListItem","position":3,"name":"Priemon\u0117 da\u017e\u0173 tekumui reguliuoti speciali priemon\u0117-gelis Liquitex"}]},{"@type":"WebSite","@id":"https:\/\/hobstop.ee\/lt\/#website","url":"https:\/\/hobstop.ee\/lt\/","name":"Skizze","description":"Dail\u0117s, pom\u0117gi\u0173 ir mokykliniai reikm\u0117nys","publisher":{"@id":"https:\/\/hobstop.ee\/lt\/#organization"},"potentialAction":[{"@type":"SearchAction","target":{"@type":"EntryPoint","urlTemplate":"https:\/\/hobstop.ee\/lt\/?s={search_term_string}"},"query-input":{"@type":"PropertyValueSpecification","valueRequired":true,"valueName":"search_term_string"}}],"inLanguage":"lt"},{"@type":"Organization","@id":"https:\/\/hobstop.ee\/lt\/#organization","name":"Vunder AS","url":"https:\/\/hobstop.ee\/lt\/","logo":{"@type":"ImageObject","inLanguage":"lt","@id":"https:\/\/hobstop.ee\/lt\/#\/schema\/logo\/image\/","url":"https:\/\/hobstop.ee\/media\/vunder-logo.png","contentUrl":"https:\/\/hobstop.ee\/media\/vunder-logo.png","width":127,"height":55,"caption":"Vunder AS"},"image":{"@id":"https:\/\/hobstop.ee\/lt\/#\/schema\/logo\/image\/"},"sameAs":["http:\/\/www.facebook.com\/VunderSkizze"]}]}},"_links":{"self":[{"href":"https:\/\/hobstop.ee\/lt\/wp-json\/wp\/v2\/product\/196348","targetHints":{"allow":["GET"]}}],"collection":[{"href":"https:\/\/hobstop.ee\/lt\/wp-json\/wp\/v2\/product"}],"about":[{"href":"https:\/\/hobstop.ee\/lt\/wp-json\/wp\/v2\/types\/product"}],"replies":[{"embeddable":true,"href":"https:\/\/hobstop.ee\/lt\/wp-json\/wp\/v2\/comments?post=196348"}],"wp:featuredmedia":[{"embeddable":true,"href":"https:\/\/hobstop.ee\/lt\/wp-json\/wp\/v2\/media\/353844"}],"wp:attachment":[{"href":"https:\/\/hobstop.ee\/lt\/wp-json\/wp\/v2\/media?parent=196348"}],"wp:term":[{"taxonomy":"product_cat","embeddable":true,"href":"https:\/\/hobstop.ee\/lt\/wp-json\/wp\/v2\/product_cat?post=196348"},{"taxonomy":"product_tag","embeddable":true,"href":"https:\/\/hobstop.ee\/lt\/wp-json\/wp\/v2\/product_tag?post=196348"}],"curies":[{"name":"wp","href":"https:\/\/api.w.org\/{rel}","templated":true}]}}