{"id":196489,"date":"2015-08-01T14:57:04","date_gmt":"2015-08-01T11:57:04","guid":{"rendered":"http:\/\/vunder-ee.sn25.zone.eu\/lt\/product\/aplankas-su-plastiko-imautemis-viquel-standard\/"},"modified":"2015-08-01T14:57:04","modified_gmt":"2015-08-01T11:57:04","slug":"aplankas-su-plastiko-imautemis-viquel-standard","status":"publish","type":"product","link":"https:\/\/hobstop.ee\/lt\/produktas\/aplankas-su-plastiko-imautemis-viquel-standard\/","title":{"rendered":"Aplankas su plastiko \u012fmaut\u0117mis Viquel Standard"},"content":{"rendered":"<p>Klasikinis plastiko vir\u0161eliais aplankas su plastiko \u012fmaut\u0117mis.<\/p>\n","protected":false},"excerpt":{"rendered":"<p>Klasikinis plastiko vir\u0161eliais aplankas su plastiko \u012fmaut\u0117mis.<\/p>\n","protected":false},"featured_media":143545,"comment_status":"closed","ping_status":"closed","template":"","meta":{"_acf_changed":false,"ep_exclude_from_search":false},"product_cat":[18917,14884,17914],"product_tag":[],"class_list":{"0":"post-196489","1":"product","2":"type-product","3":"status-publish","4":"has-post-thumbnail","6":"product_cat-aplankai-ir-dokumentu-archyvavimo-prekes","7":"product_cat-kips","8":"product_cat-rastines-prekes","9":"pa_kma-2457","10":"pa_kma-2460","12":"first","13":"instock","14":"taxable","15":"shipping-taxable","16":"purchasable","17":"product-type-variable"},"acf":[],"yoast_head":"<!-- This site is optimized with the Yoast SEO plugin v24.1 - https:\/\/yoast.com\/wordpress\/plugins\/seo\/ -->\n<title>Aplankas su plastiko \u012fmaut\u0117mis Viquel Standard &#8211; Skizze<\/title>\n<meta name=\"robots\" content=\"noindex, follow, max-snippet:-1, max-image-preview:large, max-video-preview:-1\" \/>\n<meta property=\"og:locale\" content=\"lt_LT\" \/>\n<meta property=\"og:type\" content=\"article\" \/>\n<meta property=\"og:title\" content=\"Aplankas su plastiko \u012fmaut\u0117mis Viquel Standard &#8211; Skizze\" \/>\n<meta property=\"og:description\" content=\"Klasikinis plastiko vir\u0161eliais aplankas su plastiko \u012fmaut\u0117mis.\" \/>\n<meta property=\"og:url\" content=\"https:\/\/hobstop.ee\/lt\/produktas\/aplankas-su-plastiko-imautemis-viquel-standard\/\" \/>\n<meta property=\"og:site_name\" content=\"Skizze\" \/>\n<meta property=\"article:publisher\" content=\"http:\/\/www.facebook.com\/VunderSkizze\" \/>\n<meta property=\"og:image\" content=\"https:\/\/hobstop.ee\/media\/581.jpg\" \/>\n\t<meta property=\"og:image:width\" content=\"1024\" \/>\n\t<meta property=\"og:image:height\" content=\"768\" \/>\n\t<meta property=\"og:image:type\" content=\"image\/jpeg\" \/>\n<meta name=\"twitter:card\" content=\"summary_large_image\" \/>\n<script type=\"application\/ld+json\" class=\"yoast-schema-graph\">{\"@context\":\"https:\/\/schema.org\",\"@graph\":[{\"@type\":\"WebPage\",\"@id\":\"https:\/\/hobstop.ee\/lt\/produktas\/aplankas-su-plastiko-imautemis-viquel-standard\/\",\"url\":\"https:\/\/hobstop.ee\/lt\/produktas\/aplankas-su-plastiko-imautemis-viquel-standard\/\",\"name\":\"Aplankas su plastiko \u012fmaut\u0117mis Viquel Standard &#8211; Skizze\",\"isPartOf\":{\"@id\":\"https:\/\/hobstop.ee\/lt\/#website\"},\"primaryImageOfPage\":{\"@id\":\"https:\/\/hobstop.ee\/lt\/produktas\/aplankas-su-plastiko-imautemis-viquel-standard\/#primaryimage\"},\"image\":{\"@id\":\"https:\/\/hobstop.ee\/lt\/produktas\/aplankas-su-plastiko-imautemis-viquel-standard\/#primaryimage\"},\"thumbnailUrl\":\"https:\/\/hobstop.ee\/media\/581.jpg\",\"datePublished\":\"2015-08-01T11:57:04+00:00\",\"dateModified\":\"2015-08-01T11:57:04+00:00\",\"breadcrumb\":{\"@id\":\"https:\/\/hobstop.ee\/lt\/produktas\/aplankas-su-plastiko-imautemis-viquel-standard\/#breadcrumb\"},\"inLanguage\":\"lt\",\"potentialAction\":[{\"@type\":\"ReadAction\",\"target\":[\"https:\/\/hobstop.ee\/lt\/produktas\/aplankas-su-plastiko-imautemis-viquel-standard\/\"]}]},{\"@type\":\"ImageObject\",\"inLanguage\":\"lt\",\"@id\":\"https:\/\/hobstop.ee\/lt\/produktas\/aplankas-su-plastiko-imautemis-viquel-standard\/#primaryimage\",\"url\":\"https:\/\/hobstop.ee\/media\/581.jpg\",\"contentUrl\":\"https:\/\/hobstop.ee\/media\/581.jpg\",\"width\":1024,\"height\":768},{\"@type\":\"BreadcrumbList\",\"@id\":\"https:\/\/hobstop.ee\/lt\/produktas\/aplankas-su-plastiko-imautemis-viquel-standard\/#breadcrumb\",\"itemListElement\":[{\"@type\":\"ListItem\",\"position\":1,\"name\":\"Avaleht\",\"item\":\"https:\/\/hobstop.ee\/lt\/\"},{\"@type\":\"ListItem\",\"position\":2,\"name\":\"Parduotuv\u0117\",\"item\":\"https:\/\/hobstop.ee\/lt\/parduotuve\/\"},{\"@type\":\"ListItem\",\"position\":3,\"name\":\"Aplankas su plastiko \u012fmaut\u0117mis Viquel Standard\"}]},{\"@type\":\"WebSite\",\"@id\":\"https:\/\/hobstop.ee\/lt\/#website\",\"url\":\"https:\/\/hobstop.ee\/lt\/\",\"name\":\"Skizze\",\"description\":\"Dail\u0117s, pom\u0117gi\u0173 ir mokykliniai reikm\u0117nys\",\"publisher\":{\"@id\":\"https:\/\/hobstop.ee\/lt\/#organization\"},\"potentialAction\":[{\"@type\":\"SearchAction\",\"target\":{\"@type\":\"EntryPoint\",\"urlTemplate\":\"https:\/\/hobstop.ee\/lt\/?s={search_term_string}\"},\"query-input\":{\"@type\":\"PropertyValueSpecification\",\"valueRequired\":true,\"valueName\":\"search_term_string\"}}],\"inLanguage\":\"lt\"},{\"@type\":\"Organization\",\"@id\":\"https:\/\/hobstop.ee\/lt\/#organization\",\"name\":\"Vunder AS\",\"url\":\"https:\/\/hobstop.ee\/lt\/\",\"logo\":{\"@type\":\"ImageObject\",\"inLanguage\":\"lt\",\"@id\":\"https:\/\/hobstop.ee\/lt\/#\/schema\/logo\/image\/\",\"url\":\"https:\/\/hobstop.ee\/media\/vunder-logo.png\",\"contentUrl\":\"https:\/\/hobstop.ee\/media\/vunder-logo.png\",\"width\":127,\"height\":55,\"caption\":\"Vunder AS\"},\"image\":{\"@id\":\"https:\/\/hobstop.ee\/lt\/#\/schema\/logo\/image\/\"},\"sameAs\":[\"http:\/\/www.facebook.com\/VunderSkizze\"]}]}<\/script>\n<!-- \/ Yoast SEO plugin. -->","yoast_head_json":{"title":"Aplankas su plastiko \u012fmaut\u0117mis Viquel Standard &#8211; Skizze","robots":{"index":"noindex","follow":"follow","max-snippet":"max-snippet:-1","max-image-preview":"max-image-preview:large","max-video-preview":"max-video-preview:-1"},"og_locale":"lt_LT","og_type":"article","og_title":"Aplankas su plastiko \u012fmaut\u0117mis Viquel Standard &#8211; Skizze","og_description":"Klasikinis plastiko vir\u0161eliais aplankas su plastiko \u012fmaut\u0117mis.","og_url":"https:\/\/hobstop.ee\/lt\/produktas\/aplankas-su-plastiko-imautemis-viquel-standard\/","og_site_name":"Skizze","article_publisher":"http:\/\/www.facebook.com\/VunderSkizze","og_image":[{"width":1024,"height":768,"url":"https:\/\/hobstop.ee\/media\/581.jpg","type":"image\/jpeg"}],"twitter_card":"summary_large_image","schema":{"@context":"https:\/\/schema.org","@graph":[{"@type":"WebPage","@id":"https:\/\/hobstop.ee\/lt\/produktas\/aplankas-su-plastiko-imautemis-viquel-standard\/","url":"https:\/\/hobstop.ee\/lt\/produktas\/aplankas-su-plastiko-imautemis-viquel-standard\/","name":"Aplankas su plastiko \u012fmaut\u0117mis Viquel Standard &#8211; Skizze","isPartOf":{"@id":"https:\/\/hobstop.ee\/lt\/#website"},"primaryImageOfPage":{"@id":"https:\/\/hobstop.ee\/lt\/produktas\/aplankas-su-plastiko-imautemis-viquel-standard\/#primaryimage"},"image":{"@id":"https:\/\/hobstop.ee\/lt\/produktas\/aplankas-su-plastiko-imautemis-viquel-standard\/#primaryimage"},"thumbnailUrl":"https:\/\/hobstop.ee\/media\/581.jpg","datePublished":"2015-08-01T11:57:04+00:00","dateModified":"2015-08-01T11:57:04+00:00","breadcrumb":{"@id":"https:\/\/hobstop.ee\/lt\/produktas\/aplankas-su-plastiko-imautemis-viquel-standard\/#breadcrumb"},"inLanguage":"lt","potentialAction":[{"@type":"ReadAction","target":["https:\/\/hobstop.ee\/lt\/produktas\/aplankas-su-plastiko-imautemis-viquel-standard\/"]}]},{"@type":"ImageObject","inLanguage":"lt","@id":"https:\/\/hobstop.ee\/lt\/produktas\/aplankas-su-plastiko-imautemis-viquel-standard\/#primaryimage","url":"https:\/\/hobstop.ee\/media\/581.jpg","contentUrl":"https:\/\/hobstop.ee\/media\/581.jpg","width":1024,"height":768},{"@type":"BreadcrumbList","@id":"https:\/\/hobstop.ee\/lt\/produktas\/aplankas-su-plastiko-imautemis-viquel-standard\/#breadcrumb","itemListElement":[{"@type":"ListItem","position":1,"name":"Avaleht","item":"https:\/\/hobstop.ee\/lt\/"},{"@type":"ListItem","position":2,"name":"Parduotuv\u0117","item":"https:\/\/hobstop.ee\/lt\/parduotuve\/"},{"@type":"ListItem","position":3,"name":"Aplankas su plastiko \u012fmaut\u0117mis Viquel Standard"}]},{"@type":"WebSite","@id":"https:\/\/hobstop.ee\/lt\/#website","url":"https:\/\/hobstop.ee\/lt\/","name":"Skizze","description":"Dail\u0117s, pom\u0117gi\u0173 ir mokykliniai reikm\u0117nys","publisher":{"@id":"https:\/\/hobstop.ee\/lt\/#organization"},"potentialAction":[{"@type":"SearchAction","target":{"@type":"EntryPoint","urlTemplate":"https:\/\/hobstop.ee\/lt\/?s={search_term_string}"},"query-input":{"@type":"PropertyValueSpecification","valueRequired":true,"valueName":"search_term_string"}}],"inLanguage":"lt"},{"@type":"Organization","@id":"https:\/\/hobstop.ee\/lt\/#organization","name":"Vunder AS","url":"https:\/\/hobstop.ee\/lt\/","logo":{"@type":"ImageObject","inLanguage":"lt","@id":"https:\/\/hobstop.ee\/lt\/#\/schema\/logo\/image\/","url":"https:\/\/hobstop.ee\/media\/vunder-logo.png","contentUrl":"https:\/\/hobstop.ee\/media\/vunder-logo.png","width":127,"height":55,"caption":"Vunder AS"},"image":{"@id":"https:\/\/hobstop.ee\/lt\/#\/schema\/logo\/image\/"},"sameAs":["http:\/\/www.facebook.com\/VunderSkizze"]}]}},"_links":{"self":[{"href":"https:\/\/hobstop.ee\/lt\/wp-json\/wp\/v2\/product\/196489","targetHints":{"allow":["GET"]}}],"collection":[{"href":"https:\/\/hobstop.ee\/lt\/wp-json\/wp\/v2\/product"}],"about":[{"href":"https:\/\/hobstop.ee\/lt\/wp-json\/wp\/v2\/types\/product"}],"replies":[{"embeddable":true,"href":"https:\/\/hobstop.ee\/lt\/wp-json\/wp\/v2\/comments?post=196489"}],"wp:featuredmedia":[{"embeddable":true,"href":"https:\/\/hobstop.ee\/lt\/wp-json\/wp\/v2\/media\/143545"}],"wp:attachment":[{"href":"https:\/\/hobstop.ee\/lt\/wp-json\/wp\/v2\/media?parent=196489"}],"wp:term":[{"taxonomy":"product_cat","embeddable":true,"href":"https:\/\/hobstop.ee\/lt\/wp-json\/wp\/v2\/product_cat?post=196489"},{"taxonomy":"product_tag","embeddable":true,"href":"https:\/\/hobstop.ee\/lt\/wp-json\/wp\/v2\/product_tag?post=196489"}],"curies":[{"name":"wp","href":"https:\/\/api.w.org\/{rel}","templated":true}]}}