{"id":196510,"date":"2015-08-01T15:03:56","date_gmt":"2015-08-01T12:03:56","guid":{"rendered":"http:\/\/vunder-ee.sn25.zone.eu\/lt\/product\/molbertas-mabef-m18\/"},"modified":"2015-08-01T15:03:56","modified_gmt":"2015-08-01T12:03:56","slug":"molbertas-mabef-m18","status":"publish","type":"product","link":"https:\/\/hobstop.ee\/lt\/produktas\/molbertas-mabef-m18\/","title":{"rendered":"Molbertas Mabef M18"},"content":{"rendered":"<p>I\u0161 alyvuotos ber\u017eo medienos pagamintas sudedamas \u201eMabef M18\u201c molbertas tinka vertikalioms ir horizontalioms drob\u0117ms. Dailininkas gali u\u017efiksuoti molbert\u0105 bet kokioje vertikalioje ar horizontalioje pad\u0117tyje, kuri jam geriausiai tinka. Tvirtas pagrindas su keturiais u\u017erakinamais ratukais, apa\u010dioje po drob\u0117s laikikliu yra lentyn\u0117l\u0117 \u012frankiams, teptukams ir da\u017eams susid\u0117ti.  Bendras auk\u0161tis yra 180\u2013375cm, maksimalus drob\u0117s auk\u0161tis yra apie 225cm. Svoris \u2013 23.5kg.<\/p>\n","protected":false},"excerpt":{"rendered":"<p>I\u0161 alyvuotos ber\u017eo medienos pagamintas sudedamas \u201eMabef M18\u201c molbertas tinka vertikalioms ir horizontalioms drob\u0117ms. Dailininkas gali u\u017efiksuoti molbert\u0105 bet kokioje vertikalioje ar horizontalioje pad\u0117tyje, kuri jam geriausiai tinka. Tvirtas pagrindas su keturiais u\u017erakinamais ratukais, apa\u010dioje po drob\u0117s laikikliu yra lentyn\u0117l\u0117 \u012frankiams, teptukams ir da\u017eams susid\u0117ti. Bendras auk\u0161tis yra 180\u2013375cm, maksimalus drob\u0117s auk\u0161tis yra apie 225cm. Svoris \u2013 23.5kg.<\/p>\n","protected":false},"featured_media":144237,"comment_status":"closed","ping_status":"closed","template":"","meta":{"_acf_changed":false,"ep_exclude_from_search":false},"product_cat":[16124,18935,18367],"product_tag":[],"class_list":{"0":"post-196510","1":"product","2":"type-product","3":"status-publish","4":"has-post-thumbnail","6":"product_cat-dailes-prekes","7":"product_cat-molbertai","8":"product_cat-molbertai-su-h-formos-remu","10":"first","11":"instock","12":"taxable","13":"shipping-taxable","14":"purchasable","15":"product-type-variable"},"acf":[],"yoast_head":"<!-- This site is optimized with the Yoast SEO plugin v24.1 - https:\/\/yoast.com\/wordpress\/plugins\/seo\/ -->\n<title>Molbertas Mabef M18 &#8211; Skizze<\/title>\n<meta name=\"robots\" content=\"noindex, follow, max-snippet:-1, max-image-preview:large, max-video-preview:-1\" \/>\n<meta property=\"og:locale\" content=\"lt_LT\" \/>\n<meta property=\"og:type\" content=\"article\" \/>\n<meta property=\"og:title\" content=\"Molbertas Mabef M18 &#8211; Skizze\" \/>\n<meta property=\"og:description\" content=\"I\u0161 alyvuotos ber\u017eo medienos pagamintas sudedamas \u201eMabef M18\u201c molbertas tinka vertikalioms ir horizontalioms drob\u0117ms. Dailininkas gali u\u017efiksuoti molbert\u0105 bet kokioje vertikalioje ar horizontalioje pad\u0117tyje, kuri jam geriausiai tinka. Tvirtas pagrindas su keturiais u\u017erakinamais ratukais, apa\u010dioje po drob\u0117s laikikliu yra lentyn\u0117l\u0117 \u012frankiams, teptukams ir da\u017eams susid\u0117ti. Bendras auk\u0161tis yra 180\u2013375cm, maksimalus drob\u0117s auk\u0161tis yra apie 225cm. Svoris \u2013 23.5kg.\" \/>\n<meta property=\"og:url\" content=\"https:\/\/hobstop.ee\/lt\/produktas\/molbertas-mabef-m18\/\" \/>\n<meta property=\"og:site_name\" content=\"Skizze\" \/>\n<meta property=\"article:publisher\" content=\"http:\/\/www.facebook.com\/VunderSkizze\" \/>\n<meta property=\"og:image\" content=\"https:\/\/hobstop.ee\/media\/1191.jpg\" \/>\n\t<meta property=\"og:image:width\" content=\"1024\" \/>\n\t<meta property=\"og:image:height\" content=\"768\" \/>\n\t<meta property=\"og:image:type\" content=\"image\/jpeg\" \/>\n<meta name=\"twitter:card\" content=\"summary_large_image\" \/>\n<script type=\"application\/ld+json\" class=\"yoast-schema-graph\">{\"@context\":\"https:\/\/schema.org\",\"@graph\":[{\"@type\":\"WebPage\",\"@id\":\"https:\/\/hobstop.ee\/lt\/produktas\/molbertas-mabef-m18\/\",\"url\":\"https:\/\/hobstop.ee\/lt\/produktas\/molbertas-mabef-m18\/\",\"name\":\"Molbertas Mabef M18 &#8211; Skizze\",\"isPartOf\":{\"@id\":\"https:\/\/hobstop.ee\/lt\/#website\"},\"primaryImageOfPage\":{\"@id\":\"https:\/\/hobstop.ee\/lt\/produktas\/molbertas-mabef-m18\/#primaryimage\"},\"image\":{\"@id\":\"https:\/\/hobstop.ee\/lt\/produktas\/molbertas-mabef-m18\/#primaryimage\"},\"thumbnailUrl\":\"https:\/\/hobstop.ee\/media\/1191.jpg\",\"datePublished\":\"2015-08-01T12:03:56+00:00\",\"dateModified\":\"2015-08-01T12:03:56+00:00\",\"breadcrumb\":{\"@id\":\"https:\/\/hobstop.ee\/lt\/produktas\/molbertas-mabef-m18\/#breadcrumb\"},\"inLanguage\":\"lt\",\"potentialAction\":[{\"@type\":\"ReadAction\",\"target\":[\"https:\/\/hobstop.ee\/lt\/produktas\/molbertas-mabef-m18\/\"]}]},{\"@type\":\"ImageObject\",\"inLanguage\":\"lt\",\"@id\":\"https:\/\/hobstop.ee\/lt\/produktas\/molbertas-mabef-m18\/#primaryimage\",\"url\":\"https:\/\/hobstop.ee\/media\/1191.jpg\",\"contentUrl\":\"https:\/\/hobstop.ee\/media\/1191.jpg\",\"width\":1024,\"height\":768},{\"@type\":\"BreadcrumbList\",\"@id\":\"https:\/\/hobstop.ee\/lt\/produktas\/molbertas-mabef-m18\/#breadcrumb\",\"itemListElement\":[{\"@type\":\"ListItem\",\"position\":1,\"name\":\"Avaleht\",\"item\":\"https:\/\/hobstop.ee\/lt\/\"},{\"@type\":\"ListItem\",\"position\":2,\"name\":\"Parduotuv\u0117\",\"item\":\"https:\/\/hobstop.ee\/lt\/parduotuve\/\"},{\"@type\":\"ListItem\",\"position\":3,\"name\":\"Molbertas Mabef M18\"}]},{\"@type\":\"WebSite\",\"@id\":\"https:\/\/hobstop.ee\/lt\/#website\",\"url\":\"https:\/\/hobstop.ee\/lt\/\",\"name\":\"Skizze\",\"description\":\"Dail\u0117s, pom\u0117gi\u0173 ir mokykliniai reikm\u0117nys\",\"publisher\":{\"@id\":\"https:\/\/hobstop.ee\/lt\/#organization\"},\"potentialAction\":[{\"@type\":\"SearchAction\",\"target\":{\"@type\":\"EntryPoint\",\"urlTemplate\":\"https:\/\/hobstop.ee\/lt\/?s={search_term_string}\"},\"query-input\":{\"@type\":\"PropertyValueSpecification\",\"valueRequired\":true,\"valueName\":\"search_term_string\"}}],\"inLanguage\":\"lt\"},{\"@type\":\"Organization\",\"@id\":\"https:\/\/hobstop.ee\/lt\/#organization\",\"name\":\"Vunder AS\",\"url\":\"https:\/\/hobstop.ee\/lt\/\",\"logo\":{\"@type\":\"ImageObject\",\"inLanguage\":\"lt\",\"@id\":\"https:\/\/hobstop.ee\/lt\/#\/schema\/logo\/image\/\",\"url\":\"https:\/\/hobstop.ee\/media\/vunder-logo.png\",\"contentUrl\":\"https:\/\/hobstop.ee\/media\/vunder-logo.png\",\"width\":127,\"height\":55,\"caption\":\"Vunder AS\"},\"image\":{\"@id\":\"https:\/\/hobstop.ee\/lt\/#\/schema\/logo\/image\/\"},\"sameAs\":[\"http:\/\/www.facebook.com\/VunderSkizze\"]}]}<\/script>\n<!-- \/ Yoast SEO plugin. -->","yoast_head_json":{"title":"Molbertas Mabef M18 &#8211; Skizze","robots":{"index":"noindex","follow":"follow","max-snippet":"max-snippet:-1","max-image-preview":"max-image-preview:large","max-video-preview":"max-video-preview:-1"},"og_locale":"lt_LT","og_type":"article","og_title":"Molbertas Mabef M18 &#8211; Skizze","og_description":"I\u0161 alyvuotos ber\u017eo medienos pagamintas sudedamas \u201eMabef M18\u201c molbertas tinka vertikalioms ir horizontalioms drob\u0117ms. Dailininkas gali u\u017efiksuoti molbert\u0105 bet kokioje vertikalioje ar horizontalioje pad\u0117tyje, kuri jam geriausiai tinka. Tvirtas pagrindas su keturiais u\u017erakinamais ratukais, apa\u010dioje po drob\u0117s laikikliu yra lentyn\u0117l\u0117 \u012frankiams, teptukams ir da\u017eams susid\u0117ti. Bendras auk\u0161tis yra 180\u2013375cm, maksimalus drob\u0117s auk\u0161tis yra apie 225cm. Svoris \u2013 23.5kg.","og_url":"https:\/\/hobstop.ee\/lt\/produktas\/molbertas-mabef-m18\/","og_site_name":"Skizze","article_publisher":"http:\/\/www.facebook.com\/VunderSkizze","og_image":[{"width":1024,"height":768,"url":"https:\/\/hobstop.ee\/media\/1191.jpg","type":"image\/jpeg"}],"twitter_card":"summary_large_image","schema":{"@context":"https:\/\/schema.org","@graph":[{"@type":"WebPage","@id":"https:\/\/hobstop.ee\/lt\/produktas\/molbertas-mabef-m18\/","url":"https:\/\/hobstop.ee\/lt\/produktas\/molbertas-mabef-m18\/","name":"Molbertas Mabef M18 &#8211; Skizze","isPartOf":{"@id":"https:\/\/hobstop.ee\/lt\/#website"},"primaryImageOfPage":{"@id":"https:\/\/hobstop.ee\/lt\/produktas\/molbertas-mabef-m18\/#primaryimage"},"image":{"@id":"https:\/\/hobstop.ee\/lt\/produktas\/molbertas-mabef-m18\/#primaryimage"},"thumbnailUrl":"https:\/\/hobstop.ee\/media\/1191.jpg","datePublished":"2015-08-01T12:03:56+00:00","dateModified":"2015-08-01T12:03:56+00:00","breadcrumb":{"@id":"https:\/\/hobstop.ee\/lt\/produktas\/molbertas-mabef-m18\/#breadcrumb"},"inLanguage":"lt","potentialAction":[{"@type":"ReadAction","target":["https:\/\/hobstop.ee\/lt\/produktas\/molbertas-mabef-m18\/"]}]},{"@type":"ImageObject","inLanguage":"lt","@id":"https:\/\/hobstop.ee\/lt\/produktas\/molbertas-mabef-m18\/#primaryimage","url":"https:\/\/hobstop.ee\/media\/1191.jpg","contentUrl":"https:\/\/hobstop.ee\/media\/1191.jpg","width":1024,"height":768},{"@type":"BreadcrumbList","@id":"https:\/\/hobstop.ee\/lt\/produktas\/molbertas-mabef-m18\/#breadcrumb","itemListElement":[{"@type":"ListItem","position":1,"name":"Avaleht","item":"https:\/\/hobstop.ee\/lt\/"},{"@type":"ListItem","position":2,"name":"Parduotuv\u0117","item":"https:\/\/hobstop.ee\/lt\/parduotuve\/"},{"@type":"ListItem","position":3,"name":"Molbertas Mabef M18"}]},{"@type":"WebSite","@id":"https:\/\/hobstop.ee\/lt\/#website","url":"https:\/\/hobstop.ee\/lt\/","name":"Skizze","description":"Dail\u0117s, pom\u0117gi\u0173 ir mokykliniai reikm\u0117nys","publisher":{"@id":"https:\/\/hobstop.ee\/lt\/#organization"},"potentialAction":[{"@type":"SearchAction","target":{"@type":"EntryPoint","urlTemplate":"https:\/\/hobstop.ee\/lt\/?s={search_term_string}"},"query-input":{"@type":"PropertyValueSpecification","valueRequired":true,"valueName":"search_term_string"}}],"inLanguage":"lt"},{"@type":"Organization","@id":"https:\/\/hobstop.ee\/lt\/#organization","name":"Vunder AS","url":"https:\/\/hobstop.ee\/lt\/","logo":{"@type":"ImageObject","inLanguage":"lt","@id":"https:\/\/hobstop.ee\/lt\/#\/schema\/logo\/image\/","url":"https:\/\/hobstop.ee\/media\/vunder-logo.png","contentUrl":"https:\/\/hobstop.ee\/media\/vunder-logo.png","width":127,"height":55,"caption":"Vunder AS"},"image":{"@id":"https:\/\/hobstop.ee\/lt\/#\/schema\/logo\/image\/"},"sameAs":["http:\/\/www.facebook.com\/VunderSkizze"]}]}},"_links":{"self":[{"href":"https:\/\/hobstop.ee\/lt\/wp-json\/wp\/v2\/product\/196510","targetHints":{"allow":["GET"]}}],"collection":[{"href":"https:\/\/hobstop.ee\/lt\/wp-json\/wp\/v2\/product"}],"about":[{"href":"https:\/\/hobstop.ee\/lt\/wp-json\/wp\/v2\/types\/product"}],"replies":[{"embeddable":true,"href":"https:\/\/hobstop.ee\/lt\/wp-json\/wp\/v2\/comments?post=196510"}],"wp:featuredmedia":[{"embeddable":true,"href":"https:\/\/hobstop.ee\/lt\/wp-json\/wp\/v2\/media\/144237"}],"wp:attachment":[{"href":"https:\/\/hobstop.ee\/lt\/wp-json\/wp\/v2\/media?parent=196510"}],"wp:term":[{"taxonomy":"product_cat","embeddable":true,"href":"https:\/\/hobstop.ee\/lt\/wp-json\/wp\/v2\/product_cat?post=196510"},{"taxonomy":"product_tag","embeddable":true,"href":"https:\/\/hobstop.ee\/lt\/wp-json\/wp\/v2\/product_tag?post=196510"}],"curies":[{"name":"wp","href":"https:\/\/api.w.org\/{rel}","templated":true}]}}