{"id":196518,"date":"2015-08-01T15:06:23","date_gmt":"2015-08-01T12:06:23","guid":{"rendered":"http:\/\/vunder-ee.sn25.zone.eu\/lt\/product\/molbertas-mabef-m33-akvarelei\/"},"modified":"2015-08-01T15:06:23","modified_gmt":"2015-08-01T12:06:23","slug":"molbertas-mabef-m33","status":"publish","type":"product","link":"https:\/\/hobstop.ee\/lt\/produktas\/molbertas-mabef-m33\/","title":{"rendered":"Molbertas Mabef M33"},"content":{"rendered":"<p>Molbertas \u201eMabef M33\u201c idealiai tinka akvarele, pastele, aliejiniais da\u017eais ar su kitomis priemon\u0117mis dirbantiems menininkams. \u0160is studijos molbertas tinka iki 135cm drob\u0117ms, galima sud\u0117ti iki kompakti\u0161ko 92cm auk\u0161\u010dio. Itin stabilus molbertas, j\u012f galima pakreipti pirmyn ir taip suma\u017einti spind\u0117jim\u0105, arba atgal \u2013 liejimui akvarele, darbui su gipsu arba dengimui laku. R\u016bpestingai pagamintas i\u0161 patvarios, alyvuotos ber\u017eo medienos molbertas su reguliuojamu stal\u010diumi ir \u012ftraukiamu stovu. Svoris \u2013 8kg.<\/p>\n","protected":false},"excerpt":{"rendered":"<p>Molbertas \u201eMabef M33\u201c idealiai tinka akvarele, pastele, aliejiniais da\u017eais ar su kitomis priemon\u0117mis dirbantiems menininkams. \u0160is studijos molbertas tinka iki 135cm drob\u0117ms, galima sud\u0117ti iki kompakti\u0161ko 92cm auk\u0161\u010dio. Itin stabilus molbertas, j\u012f galima pakreipti pirmyn ir taip suma\u017einti spind\u0117jim\u0105, arba atgal \u2013 liejimui akvarele, darbui su gipsu arba dengimui laku. R\u016bpestingai pagamintas i\u0161 patvarios, alyvuotos ber\u017eo medienos molbertas su reguliuojamu stal\u010diumi ir \u012ftraukiamu stovu. Svoris \u2013 8kg.<\/p>\n","protected":false},"featured_media":144269,"comment_status":"closed","ping_status":"closed","template":"","meta":{"_acf_changed":false,"ep_exclude_from_search":false},"product_cat":[16124,18935,18367],"product_tag":[],"class_list":{"0":"post-196518","1":"product","2":"type-product","3":"status-publish","4":"has-post-thumbnail","6":"product_cat-dailes-prekes","7":"product_cat-molbertai","8":"product_cat-molbertai-su-h-formos-remu","10":"first","11":"instock","12":"taxable","13":"shipping-taxable","14":"purchasable","15":"product-type-variable"},"acf":[],"yoast_head":"<!-- This site is optimized with the Yoast SEO plugin v24.1 - https:\/\/yoast.com\/wordpress\/plugins\/seo\/ -->\n<title>Molbertas Mabef M33 &#8211; Skizze<\/title>\n<meta name=\"robots\" content=\"noindex, follow, max-snippet:-1, max-image-preview:large, max-video-preview:-1\" \/>\n<meta property=\"og:locale\" content=\"lt_LT\" \/>\n<meta property=\"og:type\" content=\"article\" \/>\n<meta property=\"og:title\" content=\"Molbertas Mabef M33 &#8211; Skizze\" \/>\n<meta property=\"og:description\" content=\"Molbertas \u201eMabef M33\u201c idealiai tinka akvarele, pastele, aliejiniais da\u017eais ar su kitomis priemon\u0117mis dirbantiems menininkams. \u0160is studijos molbertas tinka iki 135cm drob\u0117ms, galima sud\u0117ti iki kompakti\u0161ko 92cm auk\u0161\u010dio. Itin stabilus molbertas, j\u012f galima pakreipti pirmyn ir taip suma\u017einti spind\u0117jim\u0105, arba atgal \u2013 liejimui akvarele, darbui su gipsu arba dengimui laku. R\u016bpestingai pagamintas i\u0161 patvarios, alyvuotos ber\u017eo medienos molbertas su reguliuojamu stal\u010diumi ir \u012ftraukiamu stovu. Svoris \u2013 8kg.\" \/>\n<meta property=\"og:url\" content=\"https:\/\/hobstop.ee\/lt\/produktas\/molbertas-mabef-m33\/\" \/>\n<meta property=\"og:site_name\" content=\"Skizze\" \/>\n<meta property=\"article:publisher\" content=\"http:\/\/www.facebook.com\/VunderSkizze\" \/>\n<meta property=\"og:image\" content=\"https:\/\/hobstop.ee\/media\/1200.jpg\" \/>\n\t<meta property=\"og:image:width\" content=\"1024\" \/>\n\t<meta property=\"og:image:height\" content=\"768\" \/>\n\t<meta property=\"og:image:type\" content=\"image\/jpeg\" \/>\n<meta name=\"twitter:card\" content=\"summary_large_image\" \/>\n<script type=\"application\/ld+json\" class=\"yoast-schema-graph\">{\"@context\":\"https:\/\/schema.org\",\"@graph\":[{\"@type\":\"WebPage\",\"@id\":\"https:\/\/hobstop.ee\/lt\/produktas\/molbertas-mabef-m33\/\",\"url\":\"https:\/\/hobstop.ee\/lt\/produktas\/molbertas-mabef-m33\/\",\"name\":\"Molbertas Mabef M33 &#8211; Skizze\",\"isPartOf\":{\"@id\":\"https:\/\/hobstop.ee\/lt\/#website\"},\"primaryImageOfPage\":{\"@id\":\"https:\/\/hobstop.ee\/lt\/produktas\/molbertas-mabef-m33\/#primaryimage\"},\"image\":{\"@id\":\"https:\/\/hobstop.ee\/lt\/produktas\/molbertas-mabef-m33\/#primaryimage\"},\"thumbnailUrl\":\"https:\/\/hobstop.ee\/media\/1200.jpg\",\"datePublished\":\"2015-08-01T12:06:23+00:00\",\"dateModified\":\"2015-08-01T12:06:23+00:00\",\"breadcrumb\":{\"@id\":\"https:\/\/hobstop.ee\/lt\/produktas\/molbertas-mabef-m33\/#breadcrumb\"},\"inLanguage\":\"lt\",\"potentialAction\":[{\"@type\":\"ReadAction\",\"target\":[\"https:\/\/hobstop.ee\/lt\/produktas\/molbertas-mabef-m33\/\"]}]},{\"@type\":\"ImageObject\",\"inLanguage\":\"lt\",\"@id\":\"https:\/\/hobstop.ee\/lt\/produktas\/molbertas-mabef-m33\/#primaryimage\",\"url\":\"https:\/\/hobstop.ee\/media\/1200.jpg\",\"contentUrl\":\"https:\/\/hobstop.ee\/media\/1200.jpg\",\"width\":1024,\"height\":768},{\"@type\":\"BreadcrumbList\",\"@id\":\"https:\/\/hobstop.ee\/lt\/produktas\/molbertas-mabef-m33\/#breadcrumb\",\"itemListElement\":[{\"@type\":\"ListItem\",\"position\":1,\"name\":\"Avaleht\",\"item\":\"https:\/\/hobstop.ee\/lt\/\"},{\"@type\":\"ListItem\",\"position\":2,\"name\":\"Parduotuv\u0117\",\"item\":\"https:\/\/hobstop.ee\/lt\/parduotuve\/\"},{\"@type\":\"ListItem\",\"position\":3,\"name\":\"Molbertas Mabef M33\"}]},{\"@type\":\"WebSite\",\"@id\":\"https:\/\/hobstop.ee\/lt\/#website\",\"url\":\"https:\/\/hobstop.ee\/lt\/\",\"name\":\"Skizze\",\"description\":\"Dail\u0117s, pom\u0117gi\u0173 ir mokykliniai reikm\u0117nys\",\"publisher\":{\"@id\":\"https:\/\/hobstop.ee\/lt\/#organization\"},\"potentialAction\":[{\"@type\":\"SearchAction\",\"target\":{\"@type\":\"EntryPoint\",\"urlTemplate\":\"https:\/\/hobstop.ee\/lt\/?s={search_term_string}\"},\"query-input\":{\"@type\":\"PropertyValueSpecification\",\"valueRequired\":true,\"valueName\":\"search_term_string\"}}],\"inLanguage\":\"lt\"},{\"@type\":\"Organization\",\"@id\":\"https:\/\/hobstop.ee\/lt\/#organization\",\"name\":\"Vunder AS\",\"url\":\"https:\/\/hobstop.ee\/lt\/\",\"logo\":{\"@type\":\"ImageObject\",\"inLanguage\":\"lt\",\"@id\":\"https:\/\/hobstop.ee\/lt\/#\/schema\/logo\/image\/\",\"url\":\"https:\/\/hobstop.ee\/media\/vunder-logo.png\",\"contentUrl\":\"https:\/\/hobstop.ee\/media\/vunder-logo.png\",\"width\":127,\"height\":55,\"caption\":\"Vunder AS\"},\"image\":{\"@id\":\"https:\/\/hobstop.ee\/lt\/#\/schema\/logo\/image\/\"},\"sameAs\":[\"http:\/\/www.facebook.com\/VunderSkizze\"]}]}<\/script>\n<!-- \/ Yoast SEO plugin. -->","yoast_head_json":{"title":"Molbertas Mabef M33 &#8211; Skizze","robots":{"index":"noindex","follow":"follow","max-snippet":"max-snippet:-1","max-image-preview":"max-image-preview:large","max-video-preview":"max-video-preview:-1"},"og_locale":"lt_LT","og_type":"article","og_title":"Molbertas Mabef M33 &#8211; Skizze","og_description":"Molbertas \u201eMabef M33\u201c idealiai tinka akvarele, pastele, aliejiniais da\u017eais ar su kitomis priemon\u0117mis dirbantiems menininkams. \u0160is studijos molbertas tinka iki 135cm drob\u0117ms, galima sud\u0117ti iki kompakti\u0161ko 92cm auk\u0161\u010dio. Itin stabilus molbertas, j\u012f galima pakreipti pirmyn ir taip suma\u017einti spind\u0117jim\u0105, arba atgal \u2013 liejimui akvarele, darbui su gipsu arba dengimui laku. R\u016bpestingai pagamintas i\u0161 patvarios, alyvuotos ber\u017eo medienos molbertas su reguliuojamu stal\u010diumi ir \u012ftraukiamu stovu. Svoris \u2013 8kg.","og_url":"https:\/\/hobstop.ee\/lt\/produktas\/molbertas-mabef-m33\/","og_site_name":"Skizze","article_publisher":"http:\/\/www.facebook.com\/VunderSkizze","og_image":[{"width":1024,"height":768,"url":"https:\/\/hobstop.ee\/media\/1200.jpg","type":"image\/jpeg"}],"twitter_card":"summary_large_image","schema":{"@context":"https:\/\/schema.org","@graph":[{"@type":"WebPage","@id":"https:\/\/hobstop.ee\/lt\/produktas\/molbertas-mabef-m33\/","url":"https:\/\/hobstop.ee\/lt\/produktas\/molbertas-mabef-m33\/","name":"Molbertas Mabef M33 &#8211; Skizze","isPartOf":{"@id":"https:\/\/hobstop.ee\/lt\/#website"},"primaryImageOfPage":{"@id":"https:\/\/hobstop.ee\/lt\/produktas\/molbertas-mabef-m33\/#primaryimage"},"image":{"@id":"https:\/\/hobstop.ee\/lt\/produktas\/molbertas-mabef-m33\/#primaryimage"},"thumbnailUrl":"https:\/\/hobstop.ee\/media\/1200.jpg","datePublished":"2015-08-01T12:06:23+00:00","dateModified":"2015-08-01T12:06:23+00:00","breadcrumb":{"@id":"https:\/\/hobstop.ee\/lt\/produktas\/molbertas-mabef-m33\/#breadcrumb"},"inLanguage":"lt","potentialAction":[{"@type":"ReadAction","target":["https:\/\/hobstop.ee\/lt\/produktas\/molbertas-mabef-m33\/"]}]},{"@type":"ImageObject","inLanguage":"lt","@id":"https:\/\/hobstop.ee\/lt\/produktas\/molbertas-mabef-m33\/#primaryimage","url":"https:\/\/hobstop.ee\/media\/1200.jpg","contentUrl":"https:\/\/hobstop.ee\/media\/1200.jpg","width":1024,"height":768},{"@type":"BreadcrumbList","@id":"https:\/\/hobstop.ee\/lt\/produktas\/molbertas-mabef-m33\/#breadcrumb","itemListElement":[{"@type":"ListItem","position":1,"name":"Avaleht","item":"https:\/\/hobstop.ee\/lt\/"},{"@type":"ListItem","position":2,"name":"Parduotuv\u0117","item":"https:\/\/hobstop.ee\/lt\/parduotuve\/"},{"@type":"ListItem","position":3,"name":"Molbertas Mabef M33"}]},{"@type":"WebSite","@id":"https:\/\/hobstop.ee\/lt\/#website","url":"https:\/\/hobstop.ee\/lt\/","name":"Skizze","description":"Dail\u0117s, pom\u0117gi\u0173 ir mokykliniai reikm\u0117nys","publisher":{"@id":"https:\/\/hobstop.ee\/lt\/#organization"},"potentialAction":[{"@type":"SearchAction","target":{"@type":"EntryPoint","urlTemplate":"https:\/\/hobstop.ee\/lt\/?s={search_term_string}"},"query-input":{"@type":"PropertyValueSpecification","valueRequired":true,"valueName":"search_term_string"}}],"inLanguage":"lt"},{"@type":"Organization","@id":"https:\/\/hobstop.ee\/lt\/#organization","name":"Vunder AS","url":"https:\/\/hobstop.ee\/lt\/","logo":{"@type":"ImageObject","inLanguage":"lt","@id":"https:\/\/hobstop.ee\/lt\/#\/schema\/logo\/image\/","url":"https:\/\/hobstop.ee\/media\/vunder-logo.png","contentUrl":"https:\/\/hobstop.ee\/media\/vunder-logo.png","width":127,"height":55,"caption":"Vunder AS"},"image":{"@id":"https:\/\/hobstop.ee\/lt\/#\/schema\/logo\/image\/"},"sameAs":["http:\/\/www.facebook.com\/VunderSkizze"]}]}},"_links":{"self":[{"href":"https:\/\/hobstop.ee\/lt\/wp-json\/wp\/v2\/product\/196518","targetHints":{"allow":["GET"]}}],"collection":[{"href":"https:\/\/hobstop.ee\/lt\/wp-json\/wp\/v2\/product"}],"about":[{"href":"https:\/\/hobstop.ee\/lt\/wp-json\/wp\/v2\/types\/product"}],"replies":[{"embeddable":true,"href":"https:\/\/hobstop.ee\/lt\/wp-json\/wp\/v2\/comments?post=196518"}],"wp:featuredmedia":[{"embeddable":true,"href":"https:\/\/hobstop.ee\/lt\/wp-json\/wp\/v2\/media\/144269"}],"wp:attachment":[{"href":"https:\/\/hobstop.ee\/lt\/wp-json\/wp\/v2\/media?parent=196518"}],"wp:term":[{"taxonomy":"product_cat","embeddable":true,"href":"https:\/\/hobstop.ee\/lt\/wp-json\/wp\/v2\/product_cat?post=196518"},{"taxonomy":"product_tag","embeddable":true,"href":"https:\/\/hobstop.ee\/lt\/wp-json\/wp\/v2\/product_tag?post=196518"}],"curies":[{"name":"wp","href":"https:\/\/api.w.org\/{rel}","templated":true}]}}