{"id":196758,"date":"2015-08-01T15:46:34","date_gmt":"2015-08-01T12:46:34","guid":{"rendered":"http:\/\/vunder-ee.sn25.zone.eu\/lt\/product\/giliaspaudes-spaudos-popierius-canson-arches-88-300g\/"},"modified":"2015-08-01T15:46:34","modified_gmt":"2015-08-01T12:46:34","slug":"giliaspaudes-spaudos-popierius-canson-arches-88-300g","status":"publish","type":"product","link":"https:\/\/hobstop.ee\/lt\/produktas\/giliaspaudes-spaudos-popierius-canson-arches-88-300g\/","title":{"rendered":"Giliaspaud\u0117s spaudos popierius Canson Arches 88 300g"},"content":{"rendered":"<p>\u201eArches\u201c giliaspaud\u0117s spaudos popieriaus paslaptis slypi atid\u017eiai atrinktame medviln\u0117s pluo\u0161to ir formoje ruo\u0161imo technologijos naudojimo (ruo\u0161iama tradicin\u0117je \u012frangoje, atrodo ir lie\u010diamas atrodo, kaip rankomis pagamintas popierius) derinyje. Popierius \u201eArches 88\u201c yra pagamintas i\u0161 grynos medviln\u0117s. \u0160io popieriaus i\u0161skirtin\u0117 savyb\u0117 \u2013 jis n\u0117ra \u012fklijintas, tod\u0117l puikiai \u012fgeria ra\u0161al\u0105, ta\u010diau da\u017eai nei\u0161silieja. Itin mink\u0161to ir lygaus pavir\u0161iaus, sud\u0117tyje n\u0117ra baltinan\u010di\u0173j\u0173 med\u017eiag\u0173.<br \/>\nPuikiai tinka \u0161ilkografijai.<br \/>\nTaip pat tinka litografijoms, fototipijoms, giliaspaudei spaudai, gravi\u016broms, reljefinei spaudai, linorai\u017eiams ir platinos bei palad\u017eio footgrafijoms (priklausomai nuo savybi\u0173) ir pie\u0161imui.<\/p>\n","protected":false},"excerpt":{"rendered":"<p>\u201eArches\u201c giliaspaud\u0117s spaudos popieriaus paslaptis slypi atid\u017eiai atrinktame medviln\u0117s pluo\u0161to ir formoje ruo\u0161imo technologijos naudojimo (ruo\u0161iama tradicin\u0117je \u012frangoje, atrodo ir lie\u010diamas atrodo, kaip rankomis pagamintas popierius) derinyje. Popierius \u201eArches 88\u201c yra pagamintas i\u0161 grynos medviln\u0117s. \u0160io popieriaus i\u0161skirtin\u0117 savyb\u0117 \u2013 jis n\u0117ra \u012fklijintas, tod\u0117l puikiai \u012fgeria ra\u0161al\u0105, ta\u010diau da\u017eai nei\u0161silieja. Itin mink\u0161to ir lygaus pavir\u0161iaus, sud\u0117tyje n\u0117ra baltinan\u010di\u0173j\u0173 med\u017eiag\u0173. Puikiai tinka \u0161ilkografijai. Taip pat tinka litografijoms, fototipijoms, giliaspaudei spaudai, gravi\u016broms, reljefinei spaudai, linorai\u017eiams ir platinos bei palad\u017eio footgrafijoms (priklausomai nuo savybi\u0173) ir pie\u0161imui.<\/p>\n","protected":false},"featured_media":145017,"comment_status":"closed","ping_status":"closed","template":"","meta":{"_acf_changed":false,"ep_exclude_from_search":false},"product_cat":[17922,17993,18944],"product_tag":[],"class_list":{"0":"post-196758","1":"product","2":"type-product","3":"status-publish","4":"has-post-thumbnail","6":"product_cat-popieriaus-prekes","7":"product_cat-spausdinimo-popierius","8":"product_cat-specialus-popierius-ir-kartonas","10":"first","11":"instock","12":"taxable","13":"shipping-taxable","14":"purchasable","15":"product-type-variable"},"acf":[],"yoast_head":"<!-- This site is optimized with the Yoast SEO plugin v24.1 - https:\/\/yoast.com\/wordpress\/plugins\/seo\/ -->\n<title>Giliaspaud\u0117s spaudos popierius Canson Arches 88 300g &#8211; Skizze<\/title>\n<meta name=\"robots\" content=\"noindex, follow, max-snippet:-1, max-image-preview:large, max-video-preview:-1\" \/>\n<meta property=\"og:locale\" content=\"lt_LT\" \/>\n<meta property=\"og:type\" content=\"article\" \/>\n<meta property=\"og:title\" content=\"Giliaspaud\u0117s spaudos popierius Canson Arches 88 300g &#8211; Skizze\" \/>\n<meta property=\"og:description\" content=\"\u201eArches\u201c giliaspaud\u0117s spaudos popieriaus paslaptis slypi atid\u017eiai atrinktame medviln\u0117s pluo\u0161to ir formoje ruo\u0161imo technologijos naudojimo (ruo\u0161iama tradicin\u0117je \u012frangoje, atrodo ir lie\u010diamas atrodo, kaip rankomis pagamintas popierius) derinyje. Popierius \u201eArches 88\u201c yra pagamintas i\u0161 grynos medviln\u0117s. \u0160io popieriaus i\u0161skirtin\u0117 savyb\u0117 \u2013 jis n\u0117ra \u012fklijintas, tod\u0117l puikiai \u012fgeria ra\u0161al\u0105, ta\u010diau da\u017eai nei\u0161silieja. Itin mink\u0161to ir lygaus pavir\u0161iaus, sud\u0117tyje n\u0117ra baltinan\u010di\u0173j\u0173 med\u017eiag\u0173. Puikiai tinka \u0161ilkografijai. Taip pat tinka litografijoms, fototipijoms, giliaspaudei spaudai, gravi\u016broms, reljefinei spaudai, linorai\u017eiams ir platinos bei palad\u017eio footgrafijoms (priklausomai nuo savybi\u0173) ir pie\u0161imui.\" \/>\n<meta property=\"og:url\" content=\"https:\/\/hobstop.ee\/lt\/produktas\/giliaspaudes-spaudos-popierius-canson-arches-88-300g\/\" \/>\n<meta property=\"og:site_name\" content=\"Skizze\" \/>\n<meta property=\"article:publisher\" content=\"http:\/\/www.facebook.com\/VunderSkizze\" \/>\n<meta property=\"og:image\" content=\"https:\/\/hobstop.ee\/media\/1814.jpg\" \/>\n\t<meta property=\"og:image:width\" content=\"1024\" \/>\n\t<meta property=\"og:image:height\" content=\"768\" \/>\n\t<meta property=\"og:image:type\" content=\"image\/jpeg\" \/>\n<meta name=\"twitter:card\" content=\"summary_large_image\" \/>\n<meta name=\"twitter:label1\" content=\"Est. reading time\" \/>\n\t<meta name=\"twitter:data1\" content=\"1 minute\" \/>\n<script type=\"application\/ld+json\" class=\"yoast-schema-graph\">{\"@context\":\"https:\/\/schema.org\",\"@graph\":[{\"@type\":\"WebPage\",\"@id\":\"https:\/\/hobstop.ee\/lt\/produktas\/giliaspaudes-spaudos-popierius-canson-arches-88-300g\/\",\"url\":\"https:\/\/hobstop.ee\/lt\/produktas\/giliaspaudes-spaudos-popierius-canson-arches-88-300g\/\",\"name\":\"Giliaspaud\u0117s spaudos popierius Canson Arches 88 300g &#8211; Skizze\",\"isPartOf\":{\"@id\":\"https:\/\/hobstop.ee\/lt\/#website\"},\"primaryImageOfPage\":{\"@id\":\"https:\/\/hobstop.ee\/lt\/produktas\/giliaspaudes-spaudos-popierius-canson-arches-88-300g\/#primaryimage\"},\"image\":{\"@id\":\"https:\/\/hobstop.ee\/lt\/produktas\/giliaspaudes-spaudos-popierius-canson-arches-88-300g\/#primaryimage\"},\"thumbnailUrl\":\"https:\/\/hobstop.ee\/media\/1814.jpg\",\"datePublished\":\"2015-08-01T12:46:34+00:00\",\"dateModified\":\"2015-08-01T12:46:34+00:00\",\"breadcrumb\":{\"@id\":\"https:\/\/hobstop.ee\/lt\/produktas\/giliaspaudes-spaudos-popierius-canson-arches-88-300g\/#breadcrumb\"},\"inLanguage\":\"lt\",\"potentialAction\":[{\"@type\":\"ReadAction\",\"target\":[\"https:\/\/hobstop.ee\/lt\/produktas\/giliaspaudes-spaudos-popierius-canson-arches-88-300g\/\"]}]},{\"@type\":\"ImageObject\",\"inLanguage\":\"lt\",\"@id\":\"https:\/\/hobstop.ee\/lt\/produktas\/giliaspaudes-spaudos-popierius-canson-arches-88-300g\/#primaryimage\",\"url\":\"https:\/\/hobstop.ee\/media\/1814.jpg\",\"contentUrl\":\"https:\/\/hobstop.ee\/media\/1814.jpg\",\"width\":1024,\"height\":768},{\"@type\":\"BreadcrumbList\",\"@id\":\"https:\/\/hobstop.ee\/lt\/produktas\/giliaspaudes-spaudos-popierius-canson-arches-88-300g\/#breadcrumb\",\"itemListElement\":[{\"@type\":\"ListItem\",\"position\":1,\"name\":\"Avaleht\",\"item\":\"https:\/\/hobstop.ee\/lt\/\"},{\"@type\":\"ListItem\",\"position\":2,\"name\":\"Parduotuv\u0117\",\"item\":\"https:\/\/hobstop.ee\/lt\/parduotuve\/\"},{\"@type\":\"ListItem\",\"position\":3,\"name\":\"Giliaspaud\u0117s spaudos popierius Canson Arches 88 300g\"}]},{\"@type\":\"WebSite\",\"@id\":\"https:\/\/hobstop.ee\/lt\/#website\",\"url\":\"https:\/\/hobstop.ee\/lt\/\",\"name\":\"Skizze\",\"description\":\"Dail\u0117s, pom\u0117gi\u0173 ir mokykliniai reikm\u0117nys\",\"publisher\":{\"@id\":\"https:\/\/hobstop.ee\/lt\/#organization\"},\"potentialAction\":[{\"@type\":\"SearchAction\",\"target\":{\"@type\":\"EntryPoint\",\"urlTemplate\":\"https:\/\/hobstop.ee\/lt\/?s={search_term_string}\"},\"query-input\":{\"@type\":\"PropertyValueSpecification\",\"valueRequired\":true,\"valueName\":\"search_term_string\"}}],\"inLanguage\":\"lt\"},{\"@type\":\"Organization\",\"@id\":\"https:\/\/hobstop.ee\/lt\/#organization\",\"name\":\"Vunder AS\",\"url\":\"https:\/\/hobstop.ee\/lt\/\",\"logo\":{\"@type\":\"ImageObject\",\"inLanguage\":\"lt\",\"@id\":\"https:\/\/hobstop.ee\/lt\/#\/schema\/logo\/image\/\",\"url\":\"https:\/\/hobstop.ee\/media\/vunder-logo.png\",\"contentUrl\":\"https:\/\/hobstop.ee\/media\/vunder-logo.png\",\"width\":127,\"height\":55,\"caption\":\"Vunder AS\"},\"image\":{\"@id\":\"https:\/\/hobstop.ee\/lt\/#\/schema\/logo\/image\/\"},\"sameAs\":[\"http:\/\/www.facebook.com\/VunderSkizze\"]}]}<\/script>\n<!-- \/ Yoast SEO plugin. -->","yoast_head_json":{"title":"Giliaspaud\u0117s spaudos popierius Canson Arches 88 300g &#8211; Skizze","robots":{"index":"noindex","follow":"follow","max-snippet":"max-snippet:-1","max-image-preview":"max-image-preview:large","max-video-preview":"max-video-preview:-1"},"og_locale":"lt_LT","og_type":"article","og_title":"Giliaspaud\u0117s spaudos popierius Canson Arches 88 300g &#8211; Skizze","og_description":"\u201eArches\u201c giliaspaud\u0117s spaudos popieriaus paslaptis slypi atid\u017eiai atrinktame medviln\u0117s pluo\u0161to ir formoje ruo\u0161imo technologijos naudojimo (ruo\u0161iama tradicin\u0117je \u012frangoje, atrodo ir lie\u010diamas atrodo, kaip rankomis pagamintas popierius) derinyje. Popierius \u201eArches 88\u201c yra pagamintas i\u0161 grynos medviln\u0117s. \u0160io popieriaus i\u0161skirtin\u0117 savyb\u0117 \u2013 jis n\u0117ra \u012fklijintas, tod\u0117l puikiai \u012fgeria ra\u0161al\u0105, ta\u010diau da\u017eai nei\u0161silieja. Itin mink\u0161to ir lygaus pavir\u0161iaus, sud\u0117tyje n\u0117ra baltinan\u010di\u0173j\u0173 med\u017eiag\u0173. Puikiai tinka \u0161ilkografijai. Taip pat tinka litografijoms, fototipijoms, giliaspaudei spaudai, gravi\u016broms, reljefinei spaudai, linorai\u017eiams ir platinos bei palad\u017eio footgrafijoms (priklausomai nuo savybi\u0173) ir pie\u0161imui.","og_url":"https:\/\/hobstop.ee\/lt\/produktas\/giliaspaudes-spaudos-popierius-canson-arches-88-300g\/","og_site_name":"Skizze","article_publisher":"http:\/\/www.facebook.com\/VunderSkizze","og_image":[{"width":1024,"height":768,"url":"https:\/\/hobstop.ee\/media\/1814.jpg","type":"image\/jpeg"}],"twitter_card":"summary_large_image","twitter_misc":{"Est. reading time":"1 minute"},"schema":{"@context":"https:\/\/schema.org","@graph":[{"@type":"WebPage","@id":"https:\/\/hobstop.ee\/lt\/produktas\/giliaspaudes-spaudos-popierius-canson-arches-88-300g\/","url":"https:\/\/hobstop.ee\/lt\/produktas\/giliaspaudes-spaudos-popierius-canson-arches-88-300g\/","name":"Giliaspaud\u0117s spaudos popierius Canson Arches 88 300g &#8211; Skizze","isPartOf":{"@id":"https:\/\/hobstop.ee\/lt\/#website"},"primaryImageOfPage":{"@id":"https:\/\/hobstop.ee\/lt\/produktas\/giliaspaudes-spaudos-popierius-canson-arches-88-300g\/#primaryimage"},"image":{"@id":"https:\/\/hobstop.ee\/lt\/produktas\/giliaspaudes-spaudos-popierius-canson-arches-88-300g\/#primaryimage"},"thumbnailUrl":"https:\/\/hobstop.ee\/media\/1814.jpg","datePublished":"2015-08-01T12:46:34+00:00","dateModified":"2015-08-01T12:46:34+00:00","breadcrumb":{"@id":"https:\/\/hobstop.ee\/lt\/produktas\/giliaspaudes-spaudos-popierius-canson-arches-88-300g\/#breadcrumb"},"inLanguage":"lt","potentialAction":[{"@type":"ReadAction","target":["https:\/\/hobstop.ee\/lt\/produktas\/giliaspaudes-spaudos-popierius-canson-arches-88-300g\/"]}]},{"@type":"ImageObject","inLanguage":"lt","@id":"https:\/\/hobstop.ee\/lt\/produktas\/giliaspaudes-spaudos-popierius-canson-arches-88-300g\/#primaryimage","url":"https:\/\/hobstop.ee\/media\/1814.jpg","contentUrl":"https:\/\/hobstop.ee\/media\/1814.jpg","width":1024,"height":768},{"@type":"BreadcrumbList","@id":"https:\/\/hobstop.ee\/lt\/produktas\/giliaspaudes-spaudos-popierius-canson-arches-88-300g\/#breadcrumb","itemListElement":[{"@type":"ListItem","position":1,"name":"Avaleht","item":"https:\/\/hobstop.ee\/lt\/"},{"@type":"ListItem","position":2,"name":"Parduotuv\u0117","item":"https:\/\/hobstop.ee\/lt\/parduotuve\/"},{"@type":"ListItem","position":3,"name":"Giliaspaud\u0117s spaudos popierius Canson Arches 88 300g"}]},{"@type":"WebSite","@id":"https:\/\/hobstop.ee\/lt\/#website","url":"https:\/\/hobstop.ee\/lt\/","name":"Skizze","description":"Dail\u0117s, pom\u0117gi\u0173 ir mokykliniai reikm\u0117nys","publisher":{"@id":"https:\/\/hobstop.ee\/lt\/#organization"},"potentialAction":[{"@type":"SearchAction","target":{"@type":"EntryPoint","urlTemplate":"https:\/\/hobstop.ee\/lt\/?s={search_term_string}"},"query-input":{"@type":"PropertyValueSpecification","valueRequired":true,"valueName":"search_term_string"}}],"inLanguage":"lt"},{"@type":"Organization","@id":"https:\/\/hobstop.ee\/lt\/#organization","name":"Vunder AS","url":"https:\/\/hobstop.ee\/lt\/","logo":{"@type":"ImageObject","inLanguage":"lt","@id":"https:\/\/hobstop.ee\/lt\/#\/schema\/logo\/image\/","url":"https:\/\/hobstop.ee\/media\/vunder-logo.png","contentUrl":"https:\/\/hobstop.ee\/media\/vunder-logo.png","width":127,"height":55,"caption":"Vunder AS"},"image":{"@id":"https:\/\/hobstop.ee\/lt\/#\/schema\/logo\/image\/"},"sameAs":["http:\/\/www.facebook.com\/VunderSkizze"]}]}},"_links":{"self":[{"href":"https:\/\/hobstop.ee\/lt\/wp-json\/wp\/v2\/product\/196758","targetHints":{"allow":["GET"]}}],"collection":[{"href":"https:\/\/hobstop.ee\/lt\/wp-json\/wp\/v2\/product"}],"about":[{"href":"https:\/\/hobstop.ee\/lt\/wp-json\/wp\/v2\/types\/product"}],"replies":[{"embeddable":true,"href":"https:\/\/hobstop.ee\/lt\/wp-json\/wp\/v2\/comments?post=196758"}],"wp:featuredmedia":[{"embeddable":true,"href":"https:\/\/hobstop.ee\/lt\/wp-json\/wp\/v2\/media\/145017"}],"wp:attachment":[{"href":"https:\/\/hobstop.ee\/lt\/wp-json\/wp\/v2\/media?parent=196758"}],"wp:term":[{"taxonomy":"product_cat","embeddable":true,"href":"https:\/\/hobstop.ee\/lt\/wp-json\/wp\/v2\/product_cat?post=196758"},{"taxonomy":"product_tag","embeddable":true,"href":"https:\/\/hobstop.ee\/lt\/wp-json\/wp\/v2\/product_tag?post=196758"}],"curies":[{"name":"wp","href":"https:\/\/api.w.org\/{rel}","templated":true}]}}