{"id":196902,"date":"2015-08-01T16:38:44","date_gmt":"2015-08-01T13:38:44","guid":{"rendered":"http:\/\/vunder-ee.sn25.zone.eu\/lt\/product\/silkinis-paveikslelis-3\/"},"modified":"2015-08-01T16:38:44","modified_gmt":"2015-08-01T13:38:44","slug":"silkinis-paveikslelis-3","status":"publish","type":"product","link":"https:\/\/hobstop.ee\/lt\/produktas\/silkinis-paveikslelis-3\/","title":{"rendered":"\u0160ilkinis paveiksl\u0117lis"},"content":{"rendered":"<p>Ant lango kabinamas paveiksl\u0117lis, pagamintas i\u0161 lenkto metalinio r\u0117mo ir padegtas Pong\u00e9 05 \u0161ilku \u2013 tobula lango puo\u0161mena. Pong\u00e9 05 yra populiariausias \u0161ilkas, puikiai tinkantis pradedantiems u\u017esiimti tapyba ant \u0161ilko. Tai \u2013 plonas, labai lengvas, turintis gra\u017eaus \u0161ilko spindesio audinys. Da\u017eai ant audinio pasiskirsto greitai ir vientisai visomis kryptims,  tod\u0117l Pong\u00e9 05 yra puikus pasirinkimas tapybai ant \u0161ilko. Tam tinka visos \u0161ilko technikos. \u0160iuos paveiksl\u0117lius galima ne tik tapyti, be ir ant j\u0173 klijuoti akmen\u0117lius ar kriaukleles, prisi\u016bti d\u017eiovintus augalus ir g\u0117les, bet ir su adata atsargiai pavelti.<\/p>\n","protected":false},"excerpt":{"rendered":"<p>Ant lango kabinamas paveiksl\u0117lis, pagamintas i\u0161 lenkto metalinio r\u0117mo ir padegtas Pong\u00e9 05 \u0161ilku \u2013 tobula lango puo\u0161mena. Pong\u00e9 05 yra populiariausias \u0161ilkas, puikiai tinkantis pradedantiems u\u017esiimti tapyba ant \u0161ilko. Tai \u2013 plonas, labai lengvas, turintis gra\u017eaus \u0161ilko spindesio audinys. Da\u017eai ant audinio pasiskirsto greitai ir vientisai visomis kryptims, tod\u0117l Pong\u00e9 05 yra puikus pasirinkimas tapybai ant \u0161ilko. Tam tinka visos \u0161ilko technikos. \u0160iuos paveiksl\u0117lius galima ne tik tapyti, be ir ant j\u0173 klijuoti akmen\u0117lius ar kriaukleles, prisi\u016bti d\u017eiovintus augalus ir g\u0117les, bet ir su adata atsargiai pavelti.<\/p>\n","protected":false},"featured_media":0,"comment_status":"closed","ping_status":"closed","template":"","meta":{"_acf_changed":false,"ep_exclude_from_search":false},"product_cat":[17919,14986,18306],"product_tag":[],"class_list":{"0":"post-196902","1":"product","2":"type-product","3":"status-publish","5":"product_cat-pomegiu-prekes","6":"product_cat-ruosinys","7":"product_cat-silkas","9":"first","10":"instock","11":"taxable","12":"shipping-taxable","13":"purchasable","14":"product-type-variable"},"acf":[],"yoast_head":"<!-- This site is optimized with the Yoast SEO plugin v24.1 - https:\/\/yoast.com\/wordpress\/plugins\/seo\/ -->\n<title>\u0160ilkinis paveiksl\u0117lis &#8211; Skizze<\/title>\n<meta name=\"robots\" content=\"noindex, follow, max-snippet:-1, max-image-preview:large, max-video-preview:-1\" \/>\n<meta property=\"og:locale\" content=\"lt_LT\" \/>\n<meta property=\"og:type\" content=\"article\" \/>\n<meta property=\"og:title\" content=\"\u0160ilkinis paveiksl\u0117lis &#8211; Skizze\" \/>\n<meta property=\"og:description\" content=\"Ant lango kabinamas paveiksl\u0117lis, pagamintas i\u0161 lenkto metalinio r\u0117mo ir padegtas Pong\u00e9 05 \u0161ilku \u2013 tobula lango puo\u0161mena. Pong\u00e9 05 yra populiariausias \u0161ilkas, puikiai tinkantis pradedantiems u\u017esiimti tapyba ant \u0161ilko. Tai \u2013 plonas, labai lengvas, turintis gra\u017eaus \u0161ilko spindesio audinys. Da\u017eai ant audinio pasiskirsto greitai ir vientisai visomis kryptims, tod\u0117l Pong\u00e9 05 yra puikus pasirinkimas tapybai ant \u0161ilko. Tam tinka visos \u0161ilko technikos. \u0160iuos paveiksl\u0117lius galima ne tik tapyti, be ir ant j\u0173 klijuoti akmen\u0117lius ar kriaukleles, prisi\u016bti d\u017eiovintus augalus ir g\u0117les, bet ir su adata atsargiai pavelti.\" \/>\n<meta property=\"og:url\" content=\"https:\/\/hobstop.ee\/lt\/produktas\/silkinis-paveikslelis-3\/\" \/>\n<meta property=\"og:site_name\" content=\"Skizze\" \/>\n<meta property=\"article:publisher\" content=\"http:\/\/www.facebook.com\/VunderSkizze\" \/>\n<meta name=\"twitter:card\" content=\"summary_large_image\" \/>\n<script type=\"application\/ld+json\" class=\"yoast-schema-graph\">{\"@context\":\"https:\/\/schema.org\",\"@graph\":[{\"@type\":\"WebPage\",\"@id\":\"https:\/\/hobstop.ee\/lt\/produktas\/silkinis-paveikslelis-3\/\",\"url\":\"https:\/\/hobstop.ee\/lt\/produktas\/silkinis-paveikslelis-3\/\",\"name\":\"\u0160ilkinis paveiksl\u0117lis &#8211; Skizze\",\"isPartOf\":{\"@id\":\"https:\/\/hobstop.ee\/lt\/#website\"},\"datePublished\":\"2015-08-01T13:38:44+00:00\",\"dateModified\":\"2015-08-01T13:38:44+00:00\",\"breadcrumb\":{\"@id\":\"https:\/\/hobstop.ee\/lt\/produktas\/silkinis-paveikslelis-3\/#breadcrumb\"},\"inLanguage\":\"lt\",\"potentialAction\":[{\"@type\":\"ReadAction\",\"target\":[\"https:\/\/hobstop.ee\/lt\/produktas\/silkinis-paveikslelis-3\/\"]}]},{\"@type\":\"BreadcrumbList\",\"@id\":\"https:\/\/hobstop.ee\/lt\/produktas\/silkinis-paveikslelis-3\/#breadcrumb\",\"itemListElement\":[{\"@type\":\"ListItem\",\"position\":1,\"name\":\"Avaleht\",\"item\":\"https:\/\/hobstop.ee\/lt\/\"},{\"@type\":\"ListItem\",\"position\":2,\"name\":\"Parduotuv\u0117\",\"item\":\"https:\/\/hobstop.ee\/lt\/parduotuve\/\"},{\"@type\":\"ListItem\",\"position\":3,\"name\":\"\u0160ilkinis paveiksl\u0117lis\"}]},{\"@type\":\"WebSite\",\"@id\":\"https:\/\/hobstop.ee\/lt\/#website\",\"url\":\"https:\/\/hobstop.ee\/lt\/\",\"name\":\"Skizze\",\"description\":\"Dail\u0117s, pom\u0117gi\u0173 ir mokykliniai reikm\u0117nys\",\"publisher\":{\"@id\":\"https:\/\/hobstop.ee\/lt\/#organization\"},\"potentialAction\":[{\"@type\":\"SearchAction\",\"target\":{\"@type\":\"EntryPoint\",\"urlTemplate\":\"https:\/\/hobstop.ee\/lt\/?s={search_term_string}\"},\"query-input\":{\"@type\":\"PropertyValueSpecification\",\"valueRequired\":true,\"valueName\":\"search_term_string\"}}],\"inLanguage\":\"lt\"},{\"@type\":\"Organization\",\"@id\":\"https:\/\/hobstop.ee\/lt\/#organization\",\"name\":\"Vunder AS\",\"url\":\"https:\/\/hobstop.ee\/lt\/\",\"logo\":{\"@type\":\"ImageObject\",\"inLanguage\":\"lt\",\"@id\":\"https:\/\/hobstop.ee\/lt\/#\/schema\/logo\/image\/\",\"url\":\"https:\/\/hobstop.ee\/media\/vunder-logo.png\",\"contentUrl\":\"https:\/\/hobstop.ee\/media\/vunder-logo.png\",\"width\":127,\"height\":55,\"caption\":\"Vunder AS\"},\"image\":{\"@id\":\"https:\/\/hobstop.ee\/lt\/#\/schema\/logo\/image\/\"},\"sameAs\":[\"http:\/\/www.facebook.com\/VunderSkizze\"]}]}<\/script>\n<!-- \/ Yoast SEO plugin. -->","yoast_head_json":{"title":"\u0160ilkinis paveiksl\u0117lis &#8211; Skizze","robots":{"index":"noindex","follow":"follow","max-snippet":"max-snippet:-1","max-image-preview":"max-image-preview:large","max-video-preview":"max-video-preview:-1"},"og_locale":"lt_LT","og_type":"article","og_title":"\u0160ilkinis paveiksl\u0117lis &#8211; Skizze","og_description":"Ant lango kabinamas paveiksl\u0117lis, pagamintas i\u0161 lenkto metalinio r\u0117mo ir padegtas Pong\u00e9 05 \u0161ilku \u2013 tobula lango puo\u0161mena. Pong\u00e9 05 yra populiariausias \u0161ilkas, puikiai tinkantis pradedantiems u\u017esiimti tapyba ant \u0161ilko. Tai \u2013 plonas, labai lengvas, turintis gra\u017eaus \u0161ilko spindesio audinys. Da\u017eai ant audinio pasiskirsto greitai ir vientisai visomis kryptims, tod\u0117l Pong\u00e9 05 yra puikus pasirinkimas tapybai ant \u0161ilko. Tam tinka visos \u0161ilko technikos. \u0160iuos paveiksl\u0117lius galima ne tik tapyti, be ir ant j\u0173 klijuoti akmen\u0117lius ar kriaukleles, prisi\u016bti d\u017eiovintus augalus ir g\u0117les, bet ir su adata atsargiai pavelti.","og_url":"https:\/\/hobstop.ee\/lt\/produktas\/silkinis-paveikslelis-3\/","og_site_name":"Skizze","article_publisher":"http:\/\/www.facebook.com\/VunderSkizze","twitter_card":"summary_large_image","schema":{"@context":"https:\/\/schema.org","@graph":[{"@type":"WebPage","@id":"https:\/\/hobstop.ee\/lt\/produktas\/silkinis-paveikslelis-3\/","url":"https:\/\/hobstop.ee\/lt\/produktas\/silkinis-paveikslelis-3\/","name":"\u0160ilkinis paveiksl\u0117lis &#8211; Skizze","isPartOf":{"@id":"https:\/\/hobstop.ee\/lt\/#website"},"datePublished":"2015-08-01T13:38:44+00:00","dateModified":"2015-08-01T13:38:44+00:00","breadcrumb":{"@id":"https:\/\/hobstop.ee\/lt\/produktas\/silkinis-paveikslelis-3\/#breadcrumb"},"inLanguage":"lt","potentialAction":[{"@type":"ReadAction","target":["https:\/\/hobstop.ee\/lt\/produktas\/silkinis-paveikslelis-3\/"]}]},{"@type":"BreadcrumbList","@id":"https:\/\/hobstop.ee\/lt\/produktas\/silkinis-paveikslelis-3\/#breadcrumb","itemListElement":[{"@type":"ListItem","position":1,"name":"Avaleht","item":"https:\/\/hobstop.ee\/lt\/"},{"@type":"ListItem","position":2,"name":"Parduotuv\u0117","item":"https:\/\/hobstop.ee\/lt\/parduotuve\/"},{"@type":"ListItem","position":3,"name":"\u0160ilkinis paveiksl\u0117lis"}]},{"@type":"WebSite","@id":"https:\/\/hobstop.ee\/lt\/#website","url":"https:\/\/hobstop.ee\/lt\/","name":"Skizze","description":"Dail\u0117s, pom\u0117gi\u0173 ir mokykliniai reikm\u0117nys","publisher":{"@id":"https:\/\/hobstop.ee\/lt\/#organization"},"potentialAction":[{"@type":"SearchAction","target":{"@type":"EntryPoint","urlTemplate":"https:\/\/hobstop.ee\/lt\/?s={search_term_string}"},"query-input":{"@type":"PropertyValueSpecification","valueRequired":true,"valueName":"search_term_string"}}],"inLanguage":"lt"},{"@type":"Organization","@id":"https:\/\/hobstop.ee\/lt\/#organization","name":"Vunder AS","url":"https:\/\/hobstop.ee\/lt\/","logo":{"@type":"ImageObject","inLanguage":"lt","@id":"https:\/\/hobstop.ee\/lt\/#\/schema\/logo\/image\/","url":"https:\/\/hobstop.ee\/media\/vunder-logo.png","contentUrl":"https:\/\/hobstop.ee\/media\/vunder-logo.png","width":127,"height":55,"caption":"Vunder AS"},"image":{"@id":"https:\/\/hobstop.ee\/lt\/#\/schema\/logo\/image\/"},"sameAs":["http:\/\/www.facebook.com\/VunderSkizze"]}]}},"_links":{"self":[{"href":"https:\/\/hobstop.ee\/lt\/wp-json\/wp\/v2\/product\/196902","targetHints":{"allow":["GET"]}}],"collection":[{"href":"https:\/\/hobstop.ee\/lt\/wp-json\/wp\/v2\/product"}],"about":[{"href":"https:\/\/hobstop.ee\/lt\/wp-json\/wp\/v2\/types\/product"}],"replies":[{"embeddable":true,"href":"https:\/\/hobstop.ee\/lt\/wp-json\/wp\/v2\/comments?post=196902"}],"wp:attachment":[{"href":"https:\/\/hobstop.ee\/lt\/wp-json\/wp\/v2\/media?parent=196902"}],"wp:term":[{"taxonomy":"product_cat","embeddable":true,"href":"https:\/\/hobstop.ee\/lt\/wp-json\/wp\/v2\/product_cat?post=196902"},{"taxonomy":"product_tag","embeddable":true,"href":"https:\/\/hobstop.ee\/lt\/wp-json\/wp\/v2\/product_tag?post=196902"}],"curies":[{"name":"wp","href":"https:\/\/api.w.org\/{rel}","templated":true}]}}