{"id":196922,"date":"2015-08-01T16:40:52","date_gmt":"2015-08-01T13:40:52","guid":{"rendered":"http:\/\/vunder-ee.sn25.zone.eu\/lt\/product\/gyvuliniai-kiskio-odos-klijai-sennelier\/"},"modified":"2015-08-01T16:40:52","modified_gmt":"2015-08-01T13:40:52","slug":"gyvuliniai-kiskio-odos-klijai-sennelier","status":"publish","type":"product","link":"https:\/\/hobstop.ee\/lt\/produktas\/gyvuliniai-kiskio-odos-klijai-sennelier\/","title":{"rendered":"Gyvuliniai (ki\u0161kio odos) klijai Sennelier"},"content":{"rendered":"<p>I\u0161 ki\u0161kio odos pagaminti klijai buvo naudojami \u0161imtme\u010dius. Jie yra gaunami i\u0161 gyv\u016bn\u0173 odos ir kaul\u0173, i\u0161 kuri\u0173 ekstrahuotas kolagenas \u012fgauna \u017eelatinos form\u0105. Yra labai vertinami d\u0117l pla\u010di\u0173 panaudojimo galimybi\u0173 ir naudojimo paprastumo. Ki\u0161kio klijus galima naudoti drobei apdoroti, kaip pagrind\u0105 prie\u0161 dengiant da\u017eais, pavyzd\u017eiui, tempera, ri\u0161am\u0105ja med\u017eiaga, dengti jais \u012fgerian\u010dius pavir\u0161ius ir kaip auksavimo pagrind\u0105. Be to, jie yra naudojami baltoje \u017eelatinoje. Ki\u0161ki\u0173 klijai yra itin atspar\u016bs aliejui, tod\u0117l labai da\u017enai naudojami pavir\u0161iaus apdorojimui. Jie yra labai lankst\u016bs, tod\u0117l ki\u0161ki\u0173 klijais apdorotose susuktose drob\u0117se neatsiranda \u012ftr\u016bki\u0173. Skieskite pus\u0119 dienos i\u0161mirkytus ki\u0161ki\u0173 klijus, tada temperat\u016br\u0105 pakelkite iki 37\u00b0C ar daugiau. Kad i\u0161likt\u0173 skysti, laikykite \u0161iltai.<\/p>\n","protected":false},"excerpt":{"rendered":"<p>I\u0161 ki\u0161kio odos pagaminti klijai buvo naudojami \u0161imtme\u010dius. Jie yra gaunami i\u0161 gyv\u016bn\u0173 odos ir kaul\u0173, i\u0161 kuri\u0173 ekstrahuotas kolagenas \u012fgauna \u017eelatinos form\u0105. Yra labai vertinami d\u0117l pla\u010di\u0173 panaudojimo galimybi\u0173 ir naudojimo paprastumo. Ki\u0161kio klijus galima naudoti drobei apdoroti, kaip pagrind\u0105 prie\u0161 dengiant da\u017eais, pavyzd\u017eiui, tempera, ri\u0161am\u0105ja med\u017eiaga, dengti jais \u012fgerian\u010dius pavir\u0161ius ir kaip auksavimo pagrind\u0105. Be to, jie yra naudojami baltoje \u017eelatinoje. Ki\u0161ki\u0173 klijai yra itin atspar\u016bs aliejui, tod\u0117l labai da\u017enai naudojami pavir\u0161iaus apdorojimui. Jie yra labai lankst\u016bs, tod\u0117l ki\u0161ki\u0173 klijais apdorotose susuktose drob\u0117se neatsiranda \u012ftr\u016bki\u0173. Skieskite pus\u0119 dienos i\u0161mirkytus ki\u0161ki\u0173 klijus, tada temperat\u016br\u0105 pakelkite iki 37\u00b0C ar daugiau. Kad i\u0161likt\u0173 skysti, laikykite \u0161iltai.<\/p>\n","protected":false},"featured_media":240866,"comment_status":"closed","ping_status":"closed","template":"","meta":{"_acf_changed":false,"ep_exclude_from_search":false},"product_cat":[16124,17981,18762],"product_tag":[],"class_list":{"0":"post-196922","1":"product","2":"type-product","3":"status-publish","4":"has-post-thumbnail","6":"product_cat-dailes-prekes","7":"product_cat-dazai-ir-priedai-tapybai","8":"product_cat-ivairus-24","10":"first","11":"outofstock","12":"taxable","13":"shipping-taxable","14":"purchasable","15":"product-type-variable"},"acf":[],"yoast_head":"<!-- This site is optimized with the Yoast SEO plugin v24.1 - https:\/\/yoast.com\/wordpress\/plugins\/seo\/ -->\n<title>Gyvuliniai (ki\u0161kio odos) klijai Sennelier &#8211; Skizze<\/title>\n<meta name=\"robots\" content=\"noindex, follow, max-snippet:-1, max-image-preview:large, max-video-preview:-1\" \/>\n<meta property=\"og:locale\" content=\"lt_LT\" \/>\n<meta property=\"og:type\" content=\"article\" \/>\n<meta property=\"og:title\" content=\"Gyvuliniai (ki\u0161kio odos) klijai Sennelier &#8211; Skizze\" \/>\n<meta property=\"og:description\" content=\"I\u0161 ki\u0161kio odos pagaminti klijai buvo naudojami \u0161imtme\u010dius. Jie yra gaunami i\u0161 gyv\u016bn\u0173 odos ir kaul\u0173, i\u0161 kuri\u0173 ekstrahuotas kolagenas \u012fgauna \u017eelatinos form\u0105. Yra labai vertinami d\u0117l pla\u010di\u0173 panaudojimo galimybi\u0173 ir naudojimo paprastumo. Ki\u0161kio klijus galima naudoti drobei apdoroti, kaip pagrind\u0105 prie\u0161 dengiant da\u017eais, pavyzd\u017eiui, tempera, ri\u0161am\u0105ja med\u017eiaga, dengti jais \u012fgerian\u010dius pavir\u0161ius ir kaip auksavimo pagrind\u0105. Be to, jie yra naudojami baltoje \u017eelatinoje. Ki\u0161ki\u0173 klijai yra itin atspar\u016bs aliejui, tod\u0117l labai da\u017enai naudojami pavir\u0161iaus apdorojimui. Jie yra labai lankst\u016bs, tod\u0117l ki\u0161ki\u0173 klijais apdorotose susuktose drob\u0117se neatsiranda \u012ftr\u016bki\u0173. Skieskite pus\u0119 dienos i\u0161mirkytus ki\u0161ki\u0173 klijus, tada temperat\u016br\u0105 pakelkite iki 37\u00b0C ar daugiau. Kad i\u0161likt\u0173 skysti, laikykite \u0161iltai.\" \/>\n<meta property=\"og:url\" content=\"https:\/\/hobstop.ee\/lt\/produktas\/gyvuliniai-kiskio-odos-klijai-sennelier\/\" \/>\n<meta property=\"og:site_name\" content=\"Skizze\" \/>\n<meta property=\"article:publisher\" content=\"http:\/\/www.facebook.com\/VunderSkizze\" \/>\n<meta property=\"og:image\" content=\"https:\/\/hobstop.ee\/media\/2198.jpg\" \/>\n\t<meta property=\"og:image:width\" content=\"1024\" \/>\n\t<meta property=\"og:image:height\" content=\"768\" \/>\n\t<meta property=\"og:image:type\" content=\"image\/jpeg\" \/>\n<meta name=\"twitter:card\" content=\"summary_large_image\" \/>\n<meta name=\"twitter:label1\" content=\"Est. reading time\" \/>\n\t<meta name=\"twitter:data1\" content=\"1 minute\" \/>\n<script type=\"application\/ld+json\" class=\"yoast-schema-graph\">{\"@context\":\"https:\/\/schema.org\",\"@graph\":[{\"@type\":\"WebPage\",\"@id\":\"https:\/\/hobstop.ee\/lt\/produktas\/gyvuliniai-kiskio-odos-klijai-sennelier\/\",\"url\":\"https:\/\/hobstop.ee\/lt\/produktas\/gyvuliniai-kiskio-odos-klijai-sennelier\/\",\"name\":\"Gyvuliniai (ki\u0161kio odos) klijai Sennelier &#8211; Skizze\",\"isPartOf\":{\"@id\":\"https:\/\/hobstop.ee\/lt\/#website\"},\"primaryImageOfPage\":{\"@id\":\"https:\/\/hobstop.ee\/lt\/produktas\/gyvuliniai-kiskio-odos-klijai-sennelier\/#primaryimage\"},\"image\":{\"@id\":\"https:\/\/hobstop.ee\/lt\/produktas\/gyvuliniai-kiskio-odos-klijai-sennelier\/#primaryimage\"},\"thumbnailUrl\":\"https:\/\/hobstop.ee\/media\/2198.jpg\",\"datePublished\":\"2015-08-01T13:40:52+00:00\",\"dateModified\":\"2015-08-01T13:40:52+00:00\",\"breadcrumb\":{\"@id\":\"https:\/\/hobstop.ee\/lt\/produktas\/gyvuliniai-kiskio-odos-klijai-sennelier\/#breadcrumb\"},\"inLanguage\":\"lt\",\"potentialAction\":[{\"@type\":\"ReadAction\",\"target\":[\"https:\/\/hobstop.ee\/lt\/produktas\/gyvuliniai-kiskio-odos-klijai-sennelier\/\"]}]},{\"@type\":\"ImageObject\",\"inLanguage\":\"lt\",\"@id\":\"https:\/\/hobstop.ee\/lt\/produktas\/gyvuliniai-kiskio-odos-klijai-sennelier\/#primaryimage\",\"url\":\"https:\/\/hobstop.ee\/media\/2198.jpg\",\"contentUrl\":\"https:\/\/hobstop.ee\/media\/2198.jpg\",\"width\":1024,\"height\":768},{\"@type\":\"BreadcrumbList\",\"@id\":\"https:\/\/hobstop.ee\/lt\/produktas\/gyvuliniai-kiskio-odos-klijai-sennelier\/#breadcrumb\",\"itemListElement\":[{\"@type\":\"ListItem\",\"position\":1,\"name\":\"Avaleht\",\"item\":\"https:\/\/hobstop.ee\/lt\/\"},{\"@type\":\"ListItem\",\"position\":2,\"name\":\"Parduotuv\u0117\",\"item\":\"https:\/\/hobstop.ee\/lt\/parduotuve\/\"},{\"@type\":\"ListItem\",\"position\":3,\"name\":\"Gyvuliniai (ki\u0161kio odos) klijai Sennelier\"}]},{\"@type\":\"WebSite\",\"@id\":\"https:\/\/hobstop.ee\/lt\/#website\",\"url\":\"https:\/\/hobstop.ee\/lt\/\",\"name\":\"Skizze\",\"description\":\"Dail\u0117s, pom\u0117gi\u0173 ir mokykliniai reikm\u0117nys\",\"publisher\":{\"@id\":\"https:\/\/hobstop.ee\/lt\/#organization\"},\"potentialAction\":[{\"@type\":\"SearchAction\",\"target\":{\"@type\":\"EntryPoint\",\"urlTemplate\":\"https:\/\/hobstop.ee\/lt\/?s={search_term_string}\"},\"query-input\":{\"@type\":\"PropertyValueSpecification\",\"valueRequired\":true,\"valueName\":\"search_term_string\"}}],\"inLanguage\":\"lt\"},{\"@type\":\"Organization\",\"@id\":\"https:\/\/hobstop.ee\/lt\/#organization\",\"name\":\"Vunder AS\",\"url\":\"https:\/\/hobstop.ee\/lt\/\",\"logo\":{\"@type\":\"ImageObject\",\"inLanguage\":\"lt\",\"@id\":\"https:\/\/hobstop.ee\/lt\/#\/schema\/logo\/image\/\",\"url\":\"https:\/\/hobstop.ee\/media\/vunder-logo.png\",\"contentUrl\":\"https:\/\/hobstop.ee\/media\/vunder-logo.png\",\"width\":127,\"height\":55,\"caption\":\"Vunder AS\"},\"image\":{\"@id\":\"https:\/\/hobstop.ee\/lt\/#\/schema\/logo\/image\/\"},\"sameAs\":[\"http:\/\/www.facebook.com\/VunderSkizze\"]}]}<\/script>\n<!-- \/ Yoast SEO plugin. -->","yoast_head_json":{"title":"Gyvuliniai (ki\u0161kio odos) klijai Sennelier &#8211; Skizze","robots":{"index":"noindex","follow":"follow","max-snippet":"max-snippet:-1","max-image-preview":"max-image-preview:large","max-video-preview":"max-video-preview:-1"},"og_locale":"lt_LT","og_type":"article","og_title":"Gyvuliniai (ki\u0161kio odos) klijai Sennelier &#8211; Skizze","og_description":"I\u0161 ki\u0161kio odos pagaminti klijai buvo naudojami \u0161imtme\u010dius. Jie yra gaunami i\u0161 gyv\u016bn\u0173 odos ir kaul\u0173, i\u0161 kuri\u0173 ekstrahuotas kolagenas \u012fgauna \u017eelatinos form\u0105. Yra labai vertinami d\u0117l pla\u010di\u0173 panaudojimo galimybi\u0173 ir naudojimo paprastumo. Ki\u0161kio klijus galima naudoti drobei apdoroti, kaip pagrind\u0105 prie\u0161 dengiant da\u017eais, pavyzd\u017eiui, tempera, ri\u0161am\u0105ja med\u017eiaga, dengti jais \u012fgerian\u010dius pavir\u0161ius ir kaip auksavimo pagrind\u0105. Be to, jie yra naudojami baltoje \u017eelatinoje. Ki\u0161ki\u0173 klijai yra itin atspar\u016bs aliejui, tod\u0117l labai da\u017enai naudojami pavir\u0161iaus apdorojimui. Jie yra labai lankst\u016bs, tod\u0117l ki\u0161ki\u0173 klijais apdorotose susuktose drob\u0117se neatsiranda \u012ftr\u016bki\u0173. Skieskite pus\u0119 dienos i\u0161mirkytus ki\u0161ki\u0173 klijus, tada temperat\u016br\u0105 pakelkite iki 37\u00b0C ar daugiau. Kad i\u0161likt\u0173 skysti, laikykite \u0161iltai.","og_url":"https:\/\/hobstop.ee\/lt\/produktas\/gyvuliniai-kiskio-odos-klijai-sennelier\/","og_site_name":"Skizze","article_publisher":"http:\/\/www.facebook.com\/VunderSkizze","og_image":[{"width":1024,"height":768,"url":"https:\/\/hobstop.ee\/media\/2198.jpg","type":"image\/jpeg"}],"twitter_card":"summary_large_image","twitter_misc":{"Est. reading time":"1 minute"},"schema":{"@context":"https:\/\/schema.org","@graph":[{"@type":"WebPage","@id":"https:\/\/hobstop.ee\/lt\/produktas\/gyvuliniai-kiskio-odos-klijai-sennelier\/","url":"https:\/\/hobstop.ee\/lt\/produktas\/gyvuliniai-kiskio-odos-klijai-sennelier\/","name":"Gyvuliniai (ki\u0161kio odos) klijai Sennelier &#8211; Skizze","isPartOf":{"@id":"https:\/\/hobstop.ee\/lt\/#website"},"primaryImageOfPage":{"@id":"https:\/\/hobstop.ee\/lt\/produktas\/gyvuliniai-kiskio-odos-klijai-sennelier\/#primaryimage"},"image":{"@id":"https:\/\/hobstop.ee\/lt\/produktas\/gyvuliniai-kiskio-odos-klijai-sennelier\/#primaryimage"},"thumbnailUrl":"https:\/\/hobstop.ee\/media\/2198.jpg","datePublished":"2015-08-01T13:40:52+00:00","dateModified":"2015-08-01T13:40:52+00:00","breadcrumb":{"@id":"https:\/\/hobstop.ee\/lt\/produktas\/gyvuliniai-kiskio-odos-klijai-sennelier\/#breadcrumb"},"inLanguage":"lt","potentialAction":[{"@type":"ReadAction","target":["https:\/\/hobstop.ee\/lt\/produktas\/gyvuliniai-kiskio-odos-klijai-sennelier\/"]}]},{"@type":"ImageObject","inLanguage":"lt","@id":"https:\/\/hobstop.ee\/lt\/produktas\/gyvuliniai-kiskio-odos-klijai-sennelier\/#primaryimage","url":"https:\/\/hobstop.ee\/media\/2198.jpg","contentUrl":"https:\/\/hobstop.ee\/media\/2198.jpg","width":1024,"height":768},{"@type":"BreadcrumbList","@id":"https:\/\/hobstop.ee\/lt\/produktas\/gyvuliniai-kiskio-odos-klijai-sennelier\/#breadcrumb","itemListElement":[{"@type":"ListItem","position":1,"name":"Avaleht","item":"https:\/\/hobstop.ee\/lt\/"},{"@type":"ListItem","position":2,"name":"Parduotuv\u0117","item":"https:\/\/hobstop.ee\/lt\/parduotuve\/"},{"@type":"ListItem","position":3,"name":"Gyvuliniai (ki\u0161kio odos) klijai Sennelier"}]},{"@type":"WebSite","@id":"https:\/\/hobstop.ee\/lt\/#website","url":"https:\/\/hobstop.ee\/lt\/","name":"Skizze","description":"Dail\u0117s, pom\u0117gi\u0173 ir mokykliniai reikm\u0117nys","publisher":{"@id":"https:\/\/hobstop.ee\/lt\/#organization"},"potentialAction":[{"@type":"SearchAction","target":{"@type":"EntryPoint","urlTemplate":"https:\/\/hobstop.ee\/lt\/?s={search_term_string}"},"query-input":{"@type":"PropertyValueSpecification","valueRequired":true,"valueName":"search_term_string"}}],"inLanguage":"lt"},{"@type":"Organization","@id":"https:\/\/hobstop.ee\/lt\/#organization","name":"Vunder AS","url":"https:\/\/hobstop.ee\/lt\/","logo":{"@type":"ImageObject","inLanguage":"lt","@id":"https:\/\/hobstop.ee\/lt\/#\/schema\/logo\/image\/","url":"https:\/\/hobstop.ee\/media\/vunder-logo.png","contentUrl":"https:\/\/hobstop.ee\/media\/vunder-logo.png","width":127,"height":55,"caption":"Vunder AS"},"image":{"@id":"https:\/\/hobstop.ee\/lt\/#\/schema\/logo\/image\/"},"sameAs":["http:\/\/www.facebook.com\/VunderSkizze"]}]}},"_links":{"self":[{"href":"https:\/\/hobstop.ee\/lt\/wp-json\/wp\/v2\/product\/196922","targetHints":{"allow":["GET"]}}],"collection":[{"href":"https:\/\/hobstop.ee\/lt\/wp-json\/wp\/v2\/product"}],"about":[{"href":"https:\/\/hobstop.ee\/lt\/wp-json\/wp\/v2\/types\/product"}],"replies":[{"embeddable":true,"href":"https:\/\/hobstop.ee\/lt\/wp-json\/wp\/v2\/comments?post=196922"}],"wp:featuredmedia":[{"embeddable":true,"href":"https:\/\/hobstop.ee\/lt\/wp-json\/wp\/v2\/media\/240866"}],"wp:attachment":[{"href":"https:\/\/hobstop.ee\/lt\/wp-json\/wp\/v2\/media?parent=196922"}],"wp:term":[{"taxonomy":"product_cat","embeddable":true,"href":"https:\/\/hobstop.ee\/lt\/wp-json\/wp\/v2\/product_cat?post=196922"},{"taxonomy":"product_tag","embeddable":true,"href":"https:\/\/hobstop.ee\/lt\/wp-json\/wp\/v2\/product_tag?post=196922"}],"curies":[{"name":"wp","href":"https:\/\/api.w.org\/{rel}","templated":true}]}}