{"id":196962,"date":"2015-08-01T16:44:23","date_gmt":"2015-08-01T13:44:23","guid":{"rendered":"http:\/\/vunder-ee.sn25.zone.eu\/lt\/product\/teptukas-raphael-kaerell-blue-8274-veduoklinis\/"},"modified":"2015-08-01T16:44:23","modified_gmt":"2015-08-01T13:44:23","slug":"teptukas-raphael-kaerell-blue-8274-veduoklinis","status":"publish","type":"product","link":"https:\/\/hobstop.ee\/lt\/produktas\/teptukas-raphael-kaerell-blue-8274-veduoklinis\/","title":{"rendered":"Teptukas Raphael Kaerell Blue 8274 v\u0117duoklinis"},"content":{"rendered":"<p>Plonas sintetinis pluo\u0161tas \u201eKaerel Blue\u201c tinka bet kokiems darbams ant \u012fvairi\u0173 pavir\u0161i\u0173. \u0160ie teptukai trumpais koteliais gerai i\u0161laiko savo form\u0105 ir tvirtai laiko plaukelius. Puikiai tinka tapybai su akrilu, gua\u0161u, tempera, akvarele ir kitomis m\u0117g\u0117ji\u0161komis technikomis. Ma\u017eiau tikslus nei \u201eSepija\u201c pluo\u0161tas. Trumpas pranc\u016bzi\u0161kas m\u0117lynas lakuotas kotelis su nikeliuoto \u017ealvario antgaliu.<br \/>\nTapymo technika: universali (akrilas, akvarel\u0117, tekstil\u0117, \u0161ilkas ir t.t.)<br \/>\nNaudojimas: specialieji efektai, sauso teptuko technika<\/p>\n","protected":false},"excerpt":{"rendered":"<p>Plonas sintetinis pluo\u0161tas \u201eKaerel Blue\u201c tinka bet kokiems darbams ant \u012fvairi\u0173 pavir\u0161i\u0173. \u0160ie teptukai trumpais koteliais gerai i\u0161laiko savo form\u0105 ir tvirtai laiko plaukelius. Puikiai tinka tapybai su akrilu, gua\u0161u, tempera, akvarele ir kitomis m\u0117g\u0117ji\u0161komis technikomis. Ma\u017eiau tikslus nei \u201eSepija\u201c pluo\u0161tas. Trumpas pranc\u016bzi\u0161kas m\u0117lynas lakuotas kotelis su nikeliuoto \u017ealvario antgaliu. Tapymo technika: universali (akrilas, akvarel\u0117, tekstil\u0117, \u0161ilkas ir t.t.) Naudojimas: specialieji efektai, sauso teptuko technika<\/p>\n","protected":false},"featured_media":161003,"comment_status":"closed","ping_status":"closed","template":"","meta":{"_acf_changed":false,"ep_exclude_from_search":false},"product_cat":[17919,14962,16177],"product_tag":[],"class_list":{"0":"post-196962","1":"product","2":"type-product","3":"status-publish","4":"has-post-thumbnail","6":"product_cat-pomegiu-prekes","7":"product_cat-harilikud-pliiatsid","8":"product_cat-teptukai","10":"first","11":"outofstock","12":"taxable","13":"shipping-taxable","14":"purchasable","15":"product-type-variable"},"acf":[],"yoast_head":"<!-- This site is optimized with the Yoast SEO plugin v24.1 - https:\/\/yoast.com\/wordpress\/plugins\/seo\/ -->\n<title>Teptukas Raphael Kaerell Blue 8274 v\u0117duoklinis &#8211; Skizze<\/title>\n<meta name=\"robots\" content=\"noindex, follow, max-snippet:-1, max-image-preview:large, max-video-preview:-1\" \/>\n<meta property=\"og:locale\" content=\"lt_LT\" \/>\n<meta property=\"og:type\" content=\"article\" \/>\n<meta property=\"og:title\" content=\"Teptukas Raphael Kaerell Blue 8274 v\u0117duoklinis &#8211; Skizze\" \/>\n<meta property=\"og:description\" content=\"Plonas sintetinis pluo\u0161tas \u201eKaerel Blue\u201c tinka bet kokiems darbams ant \u012fvairi\u0173 pavir\u0161i\u0173. \u0160ie teptukai trumpais koteliais gerai i\u0161laiko savo form\u0105 ir tvirtai laiko plaukelius. Puikiai tinka tapybai su akrilu, gua\u0161u, tempera, akvarele ir kitomis m\u0117g\u0117ji\u0161komis technikomis. Ma\u017eiau tikslus nei \u201eSepija\u201c pluo\u0161tas. Trumpas pranc\u016bzi\u0161kas m\u0117lynas lakuotas kotelis su nikeliuoto \u017ealvario antgaliu. Tapymo technika: universali (akrilas, akvarel\u0117, tekstil\u0117, \u0161ilkas ir t.t.) Naudojimas: specialieji efektai, sauso teptuko technika\" \/>\n<meta property=\"og:url\" content=\"https:\/\/hobstop.ee\/lt\/produktas\/teptukas-raphael-kaerell-blue-8274-veduoklinis\/\" \/>\n<meta property=\"og:site_name\" content=\"Skizze\" \/>\n<meta property=\"article:publisher\" content=\"http:\/\/www.facebook.com\/VunderSkizze\" \/>\n<meta property=\"og:image\" content=\"https:\/\/www.hobstop.ee\/media\/2390.jpg\" \/>\n\t<meta property=\"og:image:width\" content=\"1024\" \/>\n\t<meta property=\"og:image:height\" content=\"768\" \/>\n\t<meta property=\"og:image:type\" content=\"image\/jpeg\" \/>\n<meta name=\"twitter:card\" content=\"summary_large_image\" \/>\n<script type=\"application\/ld+json\" class=\"yoast-schema-graph\">{\"@context\":\"https:\/\/schema.org\",\"@graph\":[{\"@type\":\"WebPage\",\"@id\":\"https:\/\/hobstop.ee\/lt\/produktas\/teptukas-raphael-kaerell-blue-8274-veduoklinis\/\",\"url\":\"https:\/\/hobstop.ee\/lt\/produktas\/teptukas-raphael-kaerell-blue-8274-veduoklinis\/\",\"name\":\"Teptukas Raphael Kaerell Blue 8274 v\u0117duoklinis &#8211; Skizze\",\"isPartOf\":{\"@id\":\"https:\/\/hobstop.ee\/lt\/#website\"},\"primaryImageOfPage\":{\"@id\":\"https:\/\/hobstop.ee\/lt\/produktas\/teptukas-raphael-kaerell-blue-8274-veduoklinis\/#primaryimage\"},\"image\":{\"@id\":\"https:\/\/hobstop.ee\/lt\/produktas\/teptukas-raphael-kaerell-blue-8274-veduoklinis\/#primaryimage\"},\"thumbnailUrl\":\"https:\/\/hobstop.ee\/media\/2390.jpg\",\"datePublished\":\"2015-08-01T13:44:23+00:00\",\"dateModified\":\"2015-08-01T13:44:23+00:00\",\"breadcrumb\":{\"@id\":\"https:\/\/hobstop.ee\/lt\/produktas\/teptukas-raphael-kaerell-blue-8274-veduoklinis\/#breadcrumb\"},\"inLanguage\":\"lt\",\"potentialAction\":[{\"@type\":\"ReadAction\",\"target\":[\"https:\/\/hobstop.ee\/lt\/produktas\/teptukas-raphael-kaerell-blue-8274-veduoklinis\/\"]}]},{\"@type\":\"ImageObject\",\"inLanguage\":\"lt\",\"@id\":\"https:\/\/hobstop.ee\/lt\/produktas\/teptukas-raphael-kaerell-blue-8274-veduoklinis\/#primaryimage\",\"url\":\"https:\/\/hobstop.ee\/media\/2390.jpg\",\"contentUrl\":\"https:\/\/hobstop.ee\/media\/2390.jpg\",\"width\":1024,\"height\":768},{\"@type\":\"BreadcrumbList\",\"@id\":\"https:\/\/hobstop.ee\/lt\/produktas\/teptukas-raphael-kaerell-blue-8274-veduoklinis\/#breadcrumb\",\"itemListElement\":[{\"@type\":\"ListItem\",\"position\":1,\"name\":\"Avaleht\",\"item\":\"https:\/\/hobstop.ee\/lt\/\"},{\"@type\":\"ListItem\",\"position\":2,\"name\":\"Parduotuv\u0117\",\"item\":\"https:\/\/hobstop.ee\/lt\/parduotuve\/\"},{\"@type\":\"ListItem\",\"position\":3,\"name\":\"Teptukas Raphael Kaerell Blue 8274 v\u0117duoklinis\"}]},{\"@type\":\"WebSite\",\"@id\":\"https:\/\/hobstop.ee\/lt\/#website\",\"url\":\"https:\/\/hobstop.ee\/lt\/\",\"name\":\"Skizze\",\"description\":\"Dail\u0117s, pom\u0117gi\u0173 ir mokykliniai reikm\u0117nys\",\"publisher\":{\"@id\":\"https:\/\/hobstop.ee\/lt\/#organization\"},\"potentialAction\":[{\"@type\":\"SearchAction\",\"target\":{\"@type\":\"EntryPoint\",\"urlTemplate\":\"https:\/\/hobstop.ee\/lt\/?s={search_term_string}\"},\"query-input\":{\"@type\":\"PropertyValueSpecification\",\"valueRequired\":true,\"valueName\":\"search_term_string\"}}],\"inLanguage\":\"lt\"},{\"@type\":\"Organization\",\"@id\":\"https:\/\/hobstop.ee\/lt\/#organization\",\"name\":\"Vunder AS\",\"url\":\"https:\/\/hobstop.ee\/lt\/\",\"logo\":{\"@type\":\"ImageObject\",\"inLanguage\":\"lt\",\"@id\":\"https:\/\/hobstop.ee\/lt\/#\/schema\/logo\/image\/\",\"url\":\"https:\/\/hobstop.ee\/media\/vunder-logo.png\",\"contentUrl\":\"https:\/\/hobstop.ee\/media\/vunder-logo.png\",\"width\":127,\"height\":55,\"caption\":\"Vunder AS\"},\"image\":{\"@id\":\"https:\/\/hobstop.ee\/lt\/#\/schema\/logo\/image\/\"},\"sameAs\":[\"http:\/\/www.facebook.com\/VunderSkizze\"]}]}<\/script>\n<!-- \/ Yoast SEO plugin. -->","yoast_head_json":{"title":"Teptukas Raphael Kaerell Blue 8274 v\u0117duoklinis &#8211; Skizze","robots":{"index":"noindex","follow":"follow","max-snippet":"max-snippet:-1","max-image-preview":"max-image-preview:large","max-video-preview":"max-video-preview:-1"},"og_locale":"lt_LT","og_type":"article","og_title":"Teptukas Raphael Kaerell Blue 8274 v\u0117duoklinis &#8211; Skizze","og_description":"Plonas sintetinis pluo\u0161tas \u201eKaerel Blue\u201c tinka bet kokiems darbams ant \u012fvairi\u0173 pavir\u0161i\u0173. \u0160ie teptukai trumpais koteliais gerai i\u0161laiko savo form\u0105 ir tvirtai laiko plaukelius. Puikiai tinka tapybai su akrilu, gua\u0161u, tempera, akvarele ir kitomis m\u0117g\u0117ji\u0161komis technikomis. Ma\u017eiau tikslus nei \u201eSepija\u201c pluo\u0161tas. Trumpas pranc\u016bzi\u0161kas m\u0117lynas lakuotas kotelis su nikeliuoto \u017ealvario antgaliu. Tapymo technika: universali (akrilas, akvarel\u0117, tekstil\u0117, \u0161ilkas ir t.t.) Naudojimas: specialieji efektai, sauso teptuko technika","og_url":"https:\/\/hobstop.ee\/lt\/produktas\/teptukas-raphael-kaerell-blue-8274-veduoklinis\/","og_site_name":"Skizze","article_publisher":"http:\/\/www.facebook.com\/VunderSkizze","og_image":[{"width":1024,"height":768,"url":"https:\/\/www.hobstop.ee\/media\/2390.jpg","type":"image\/jpeg"}],"twitter_card":"summary_large_image","schema":{"@context":"https:\/\/schema.org","@graph":[{"@type":"WebPage","@id":"https:\/\/hobstop.ee\/lt\/produktas\/teptukas-raphael-kaerell-blue-8274-veduoklinis\/","url":"https:\/\/hobstop.ee\/lt\/produktas\/teptukas-raphael-kaerell-blue-8274-veduoklinis\/","name":"Teptukas Raphael Kaerell Blue 8274 v\u0117duoklinis &#8211; Skizze","isPartOf":{"@id":"https:\/\/hobstop.ee\/lt\/#website"},"primaryImageOfPage":{"@id":"https:\/\/hobstop.ee\/lt\/produktas\/teptukas-raphael-kaerell-blue-8274-veduoklinis\/#primaryimage"},"image":{"@id":"https:\/\/hobstop.ee\/lt\/produktas\/teptukas-raphael-kaerell-blue-8274-veduoklinis\/#primaryimage"},"thumbnailUrl":"https:\/\/hobstop.ee\/media\/2390.jpg","datePublished":"2015-08-01T13:44:23+00:00","dateModified":"2015-08-01T13:44:23+00:00","breadcrumb":{"@id":"https:\/\/hobstop.ee\/lt\/produktas\/teptukas-raphael-kaerell-blue-8274-veduoklinis\/#breadcrumb"},"inLanguage":"lt","potentialAction":[{"@type":"ReadAction","target":["https:\/\/hobstop.ee\/lt\/produktas\/teptukas-raphael-kaerell-blue-8274-veduoklinis\/"]}]},{"@type":"ImageObject","inLanguage":"lt","@id":"https:\/\/hobstop.ee\/lt\/produktas\/teptukas-raphael-kaerell-blue-8274-veduoklinis\/#primaryimage","url":"https:\/\/hobstop.ee\/media\/2390.jpg","contentUrl":"https:\/\/hobstop.ee\/media\/2390.jpg","width":1024,"height":768},{"@type":"BreadcrumbList","@id":"https:\/\/hobstop.ee\/lt\/produktas\/teptukas-raphael-kaerell-blue-8274-veduoklinis\/#breadcrumb","itemListElement":[{"@type":"ListItem","position":1,"name":"Avaleht","item":"https:\/\/hobstop.ee\/lt\/"},{"@type":"ListItem","position":2,"name":"Parduotuv\u0117","item":"https:\/\/hobstop.ee\/lt\/parduotuve\/"},{"@type":"ListItem","position":3,"name":"Teptukas Raphael Kaerell Blue 8274 v\u0117duoklinis"}]},{"@type":"WebSite","@id":"https:\/\/hobstop.ee\/lt\/#website","url":"https:\/\/hobstop.ee\/lt\/","name":"Skizze","description":"Dail\u0117s, pom\u0117gi\u0173 ir mokykliniai reikm\u0117nys","publisher":{"@id":"https:\/\/hobstop.ee\/lt\/#organization"},"potentialAction":[{"@type":"SearchAction","target":{"@type":"EntryPoint","urlTemplate":"https:\/\/hobstop.ee\/lt\/?s={search_term_string}"},"query-input":{"@type":"PropertyValueSpecification","valueRequired":true,"valueName":"search_term_string"}}],"inLanguage":"lt"},{"@type":"Organization","@id":"https:\/\/hobstop.ee\/lt\/#organization","name":"Vunder AS","url":"https:\/\/hobstop.ee\/lt\/","logo":{"@type":"ImageObject","inLanguage":"lt","@id":"https:\/\/hobstop.ee\/lt\/#\/schema\/logo\/image\/","url":"https:\/\/hobstop.ee\/media\/vunder-logo.png","contentUrl":"https:\/\/hobstop.ee\/media\/vunder-logo.png","width":127,"height":55,"caption":"Vunder AS"},"image":{"@id":"https:\/\/hobstop.ee\/lt\/#\/schema\/logo\/image\/"},"sameAs":["http:\/\/www.facebook.com\/VunderSkizze"]}]}},"_links":{"self":[{"href":"https:\/\/hobstop.ee\/lt\/wp-json\/wp\/v2\/product\/196962","targetHints":{"allow":["GET"]}}],"collection":[{"href":"https:\/\/hobstop.ee\/lt\/wp-json\/wp\/v2\/product"}],"about":[{"href":"https:\/\/hobstop.ee\/lt\/wp-json\/wp\/v2\/types\/product"}],"replies":[{"embeddable":true,"href":"https:\/\/hobstop.ee\/lt\/wp-json\/wp\/v2\/comments?post=196962"}],"wp:featuredmedia":[{"embeddable":true,"href":"https:\/\/hobstop.ee\/lt\/wp-json\/wp\/v2\/media\/161003"}],"wp:attachment":[{"href":"https:\/\/hobstop.ee\/lt\/wp-json\/wp\/v2\/media?parent=196962"}],"wp:term":[{"taxonomy":"product_cat","embeddable":true,"href":"https:\/\/hobstop.ee\/lt\/wp-json\/wp\/v2\/product_cat?post=196962"},{"taxonomy":"product_tag","embeddable":true,"href":"https:\/\/hobstop.ee\/lt\/wp-json\/wp\/v2\/product_tag?post=196962"}],"curies":[{"name":"wp","href":"https:\/\/api.w.org\/{rel}","templated":true}]}}