{"id":196968,"date":"2015-08-01T16:44:50","date_gmt":"2015-08-01T13:44:50","guid":{"rendered":"http:\/\/vunder-ee.sn25.zone.eu\/lt\/product\/stovas-mabef-m36\/"},"modified":"2015-08-01T16:44:50","modified_gmt":"2015-08-01T13:44:50","slug":"stovas-mabef-m36","status":"publish","type":"product","link":"https:\/\/hobstop.ee\/lt\/produktas\/stovas-mabef-m36\/","title":{"rendered":"Stovas Mabef M36"},"content":{"rendered":"<p>Pagamintas i\u0161 alyvuotos ber\u017eo medienos, sukamas skulptoriaus stovas Mabef M36 yra skirtas modeliavimo projektams. Auk\u0161t\u012f galima reguliuoti a\u0161tuoniomis pad\u0117timis nuo 100 iki 130cm. Puikiai tinka darbui su moliu, terakota ir keramika, galima naudoti kaip parod\u0173 stov\u0105.<\/p>\n","protected":false},"excerpt":{"rendered":"<p>Pagamintas i\u0161 alyvuotos ber\u017eo medienos, sukamas skulptoriaus stovas Mabef M36 yra skirtas modeliavimo projektams. Auk\u0161t\u012f galima reguliuoti a\u0161tuoniomis pad\u0117timis nuo 100 iki 130cm. Puikiai tinka darbui su moliu, terakota ir keramika, galima naudoti kaip parod\u0173 stov\u0105.<\/p>\n","protected":false},"featured_media":146882,"comment_status":"closed","ping_status":"closed","template":"","meta":{"_acf_changed":false,"ep_exclude_from_search":false},"product_cat":[16124,19007,18935],"product_tag":[],"class_list":{"0":"post-196968","1":"product","2":"type-product","3":"status-publish","4":"has-post-thumbnail","6":"product_cat-dailes-prekes","7":"product_cat-ivairus-39","8":"product_cat-molbertai","10":"first","11":"instock","12":"taxable","13":"shipping-taxable","14":"purchasable","15":"product-type-variable"},"acf":[],"yoast_head":"<!-- This site is optimized with the Yoast SEO plugin v24.1 - https:\/\/yoast.com\/wordpress\/plugins\/seo\/ -->\n<title>Stovas Mabef M36 &#8211; Skizze<\/title>\n<meta name=\"robots\" content=\"noindex, follow, max-snippet:-1, max-image-preview:large, max-video-preview:-1\" \/>\n<meta property=\"og:locale\" content=\"lt_LT\" \/>\n<meta property=\"og:type\" content=\"article\" \/>\n<meta property=\"og:title\" content=\"Stovas Mabef M36 &#8211; Skizze\" \/>\n<meta property=\"og:description\" content=\"Pagamintas i\u0161 alyvuotos ber\u017eo medienos, sukamas skulptoriaus stovas Mabef M36 yra skirtas modeliavimo projektams. Auk\u0161t\u012f galima reguliuoti a\u0161tuoniomis pad\u0117timis nuo 100 iki 130cm. Puikiai tinka darbui su moliu, terakota ir keramika, galima naudoti kaip parod\u0173 stov\u0105.\" \/>\n<meta property=\"og:url\" content=\"https:\/\/hobstop.ee\/lt\/produktas\/stovas-mabef-m36\/\" \/>\n<meta property=\"og:site_name\" content=\"Skizze\" \/>\n<meta property=\"article:publisher\" content=\"http:\/\/www.facebook.com\/VunderSkizze\" \/>\n<meta property=\"og:image\" content=\"https:\/\/hobstop.ee\/media\/2401.jpg\" \/>\n\t<meta property=\"og:image:width\" content=\"1024\" \/>\n\t<meta property=\"og:image:height\" content=\"768\" \/>\n\t<meta property=\"og:image:type\" content=\"image\/jpeg\" \/>\n<meta name=\"twitter:card\" content=\"summary_large_image\" \/>\n<script type=\"application\/ld+json\" class=\"yoast-schema-graph\">{\"@context\":\"https:\/\/schema.org\",\"@graph\":[{\"@type\":\"WebPage\",\"@id\":\"https:\/\/hobstop.ee\/lt\/produktas\/stovas-mabef-m36\/\",\"url\":\"https:\/\/hobstop.ee\/lt\/produktas\/stovas-mabef-m36\/\",\"name\":\"Stovas Mabef M36 &#8211; Skizze\",\"isPartOf\":{\"@id\":\"https:\/\/hobstop.ee\/lt\/#website\"},\"primaryImageOfPage\":{\"@id\":\"https:\/\/hobstop.ee\/lt\/produktas\/stovas-mabef-m36\/#primaryimage\"},\"image\":{\"@id\":\"https:\/\/hobstop.ee\/lt\/produktas\/stovas-mabef-m36\/#primaryimage\"},\"thumbnailUrl\":\"https:\/\/hobstop.ee\/media\/2401.jpg\",\"datePublished\":\"2015-08-01T13:44:50+00:00\",\"dateModified\":\"2015-08-01T13:44:50+00:00\",\"breadcrumb\":{\"@id\":\"https:\/\/hobstop.ee\/lt\/produktas\/stovas-mabef-m36\/#breadcrumb\"},\"inLanguage\":\"lt\",\"potentialAction\":[{\"@type\":\"ReadAction\",\"target\":[\"https:\/\/hobstop.ee\/lt\/produktas\/stovas-mabef-m36\/\"]}]},{\"@type\":\"ImageObject\",\"inLanguage\":\"lt\",\"@id\":\"https:\/\/hobstop.ee\/lt\/produktas\/stovas-mabef-m36\/#primaryimage\",\"url\":\"https:\/\/hobstop.ee\/media\/2401.jpg\",\"contentUrl\":\"https:\/\/hobstop.ee\/media\/2401.jpg\",\"width\":1024,\"height\":768},{\"@type\":\"BreadcrumbList\",\"@id\":\"https:\/\/hobstop.ee\/lt\/produktas\/stovas-mabef-m36\/#breadcrumb\",\"itemListElement\":[{\"@type\":\"ListItem\",\"position\":1,\"name\":\"Avaleht\",\"item\":\"https:\/\/hobstop.ee\/lt\/\"},{\"@type\":\"ListItem\",\"position\":2,\"name\":\"Parduotuv\u0117\",\"item\":\"https:\/\/hobstop.ee\/lt\/parduotuve\/\"},{\"@type\":\"ListItem\",\"position\":3,\"name\":\"Stovas Mabef M36\"}]},{\"@type\":\"WebSite\",\"@id\":\"https:\/\/hobstop.ee\/lt\/#website\",\"url\":\"https:\/\/hobstop.ee\/lt\/\",\"name\":\"Skizze\",\"description\":\"Dail\u0117s, pom\u0117gi\u0173 ir mokykliniai reikm\u0117nys\",\"publisher\":{\"@id\":\"https:\/\/hobstop.ee\/lt\/#organization\"},\"potentialAction\":[{\"@type\":\"SearchAction\",\"target\":{\"@type\":\"EntryPoint\",\"urlTemplate\":\"https:\/\/hobstop.ee\/lt\/?s={search_term_string}\"},\"query-input\":{\"@type\":\"PropertyValueSpecification\",\"valueRequired\":true,\"valueName\":\"search_term_string\"}}],\"inLanguage\":\"lt\"},{\"@type\":\"Organization\",\"@id\":\"https:\/\/hobstop.ee\/lt\/#organization\",\"name\":\"Vunder AS\",\"url\":\"https:\/\/hobstop.ee\/lt\/\",\"logo\":{\"@type\":\"ImageObject\",\"inLanguage\":\"lt\",\"@id\":\"https:\/\/hobstop.ee\/lt\/#\/schema\/logo\/image\/\",\"url\":\"https:\/\/hobstop.ee\/media\/vunder-logo.png\",\"contentUrl\":\"https:\/\/hobstop.ee\/media\/vunder-logo.png\",\"width\":127,\"height\":55,\"caption\":\"Vunder AS\"},\"image\":{\"@id\":\"https:\/\/hobstop.ee\/lt\/#\/schema\/logo\/image\/\"},\"sameAs\":[\"http:\/\/www.facebook.com\/VunderSkizze\"]}]}<\/script>\n<!-- \/ Yoast SEO plugin. -->","yoast_head_json":{"title":"Stovas Mabef M36 &#8211; Skizze","robots":{"index":"noindex","follow":"follow","max-snippet":"max-snippet:-1","max-image-preview":"max-image-preview:large","max-video-preview":"max-video-preview:-1"},"og_locale":"lt_LT","og_type":"article","og_title":"Stovas Mabef M36 &#8211; Skizze","og_description":"Pagamintas i\u0161 alyvuotos ber\u017eo medienos, sukamas skulptoriaus stovas Mabef M36 yra skirtas modeliavimo projektams. Auk\u0161t\u012f galima reguliuoti a\u0161tuoniomis pad\u0117timis nuo 100 iki 130cm. Puikiai tinka darbui su moliu, terakota ir keramika, galima naudoti kaip parod\u0173 stov\u0105.","og_url":"https:\/\/hobstop.ee\/lt\/produktas\/stovas-mabef-m36\/","og_site_name":"Skizze","article_publisher":"http:\/\/www.facebook.com\/VunderSkizze","og_image":[{"width":1024,"height":768,"url":"https:\/\/hobstop.ee\/media\/2401.jpg","type":"image\/jpeg"}],"twitter_card":"summary_large_image","schema":{"@context":"https:\/\/schema.org","@graph":[{"@type":"WebPage","@id":"https:\/\/hobstop.ee\/lt\/produktas\/stovas-mabef-m36\/","url":"https:\/\/hobstop.ee\/lt\/produktas\/stovas-mabef-m36\/","name":"Stovas Mabef M36 &#8211; Skizze","isPartOf":{"@id":"https:\/\/hobstop.ee\/lt\/#website"},"primaryImageOfPage":{"@id":"https:\/\/hobstop.ee\/lt\/produktas\/stovas-mabef-m36\/#primaryimage"},"image":{"@id":"https:\/\/hobstop.ee\/lt\/produktas\/stovas-mabef-m36\/#primaryimage"},"thumbnailUrl":"https:\/\/hobstop.ee\/media\/2401.jpg","datePublished":"2015-08-01T13:44:50+00:00","dateModified":"2015-08-01T13:44:50+00:00","breadcrumb":{"@id":"https:\/\/hobstop.ee\/lt\/produktas\/stovas-mabef-m36\/#breadcrumb"},"inLanguage":"lt","potentialAction":[{"@type":"ReadAction","target":["https:\/\/hobstop.ee\/lt\/produktas\/stovas-mabef-m36\/"]}]},{"@type":"ImageObject","inLanguage":"lt","@id":"https:\/\/hobstop.ee\/lt\/produktas\/stovas-mabef-m36\/#primaryimage","url":"https:\/\/hobstop.ee\/media\/2401.jpg","contentUrl":"https:\/\/hobstop.ee\/media\/2401.jpg","width":1024,"height":768},{"@type":"BreadcrumbList","@id":"https:\/\/hobstop.ee\/lt\/produktas\/stovas-mabef-m36\/#breadcrumb","itemListElement":[{"@type":"ListItem","position":1,"name":"Avaleht","item":"https:\/\/hobstop.ee\/lt\/"},{"@type":"ListItem","position":2,"name":"Parduotuv\u0117","item":"https:\/\/hobstop.ee\/lt\/parduotuve\/"},{"@type":"ListItem","position":3,"name":"Stovas Mabef M36"}]},{"@type":"WebSite","@id":"https:\/\/hobstop.ee\/lt\/#website","url":"https:\/\/hobstop.ee\/lt\/","name":"Skizze","description":"Dail\u0117s, pom\u0117gi\u0173 ir mokykliniai reikm\u0117nys","publisher":{"@id":"https:\/\/hobstop.ee\/lt\/#organization"},"potentialAction":[{"@type":"SearchAction","target":{"@type":"EntryPoint","urlTemplate":"https:\/\/hobstop.ee\/lt\/?s={search_term_string}"},"query-input":{"@type":"PropertyValueSpecification","valueRequired":true,"valueName":"search_term_string"}}],"inLanguage":"lt"},{"@type":"Organization","@id":"https:\/\/hobstop.ee\/lt\/#organization","name":"Vunder AS","url":"https:\/\/hobstop.ee\/lt\/","logo":{"@type":"ImageObject","inLanguage":"lt","@id":"https:\/\/hobstop.ee\/lt\/#\/schema\/logo\/image\/","url":"https:\/\/hobstop.ee\/media\/vunder-logo.png","contentUrl":"https:\/\/hobstop.ee\/media\/vunder-logo.png","width":127,"height":55,"caption":"Vunder AS"},"image":{"@id":"https:\/\/hobstop.ee\/lt\/#\/schema\/logo\/image\/"},"sameAs":["http:\/\/www.facebook.com\/VunderSkizze"]}]}},"_links":{"self":[{"href":"https:\/\/hobstop.ee\/lt\/wp-json\/wp\/v2\/product\/196968","targetHints":{"allow":["GET"]}}],"collection":[{"href":"https:\/\/hobstop.ee\/lt\/wp-json\/wp\/v2\/product"}],"about":[{"href":"https:\/\/hobstop.ee\/lt\/wp-json\/wp\/v2\/types\/product"}],"replies":[{"embeddable":true,"href":"https:\/\/hobstop.ee\/lt\/wp-json\/wp\/v2\/comments?post=196968"}],"wp:featuredmedia":[{"embeddable":true,"href":"https:\/\/hobstop.ee\/lt\/wp-json\/wp\/v2\/media\/146882"}],"wp:attachment":[{"href":"https:\/\/hobstop.ee\/lt\/wp-json\/wp\/v2\/media?parent=196968"}],"wp:term":[{"taxonomy":"product_cat","embeddable":true,"href":"https:\/\/hobstop.ee\/lt\/wp-json\/wp\/v2\/product_cat?post=196968"},{"taxonomy":"product_tag","embeddable":true,"href":"https:\/\/hobstop.ee\/lt\/wp-json\/wp\/v2\/product_tag?post=196968"}],"curies":[{"name":"wp","href":"https:\/\/api.w.org\/{rel}","templated":true}]}}