{"id":197003,"date":"2015-08-01T16:48:00","date_gmt":"2015-08-01T13:48:00","guid":{"rendered":"http:\/\/vunder-ee.sn25.zone.eu\/lt\/product\/auksavimo-lapas-nazionale-tikras\/"},"modified":"2015-08-01T16:48:00","modified_gmt":"2015-08-01T13:48:00","slug":"auksavimo-lapas-nazionale-tikras","status":"publish","type":"product","link":"https:\/\/hobstop.ee\/lt\/produktas\/auksavimo-lapas-nazionale-tikras\/","title":{"rendered":"Auksavimo lapas Nazionale tikras"},"content":{"rendered":"<p>Auksavimo lap\u0173 i\u0161 brangi\u0173j\u0173 metal\u0173 \u201eNazionale\u201c sud\u0117tyje yra aukso arba sidabro. Auksas bei sidabras ir j\u0173 lydiniai yra seniausiai naudojami metalai.  Jie yra itin plasti\u0161ki, tod\u0117l galima i\u0161gauti 0.1\u00b5 storio lapus. D\u0117l \u017eemo oksidacijos lygio, lydiniai, kuri\u0173 sud\u0117tyje yra aukso, itin tinka auksavimui lauko s\u0105lygomis. Auksavimo lapai, kuri\u0173 sud\u0117tyje yra aukso, yra atspar\u016bs ir agresyviam j\u016bros klimatui. Auksavimo lapus su brangiaisiais metalais tinka naudoti tiek vidaus, tiek ir i\u0161or\u0117s interjere, dekoravimo detali\u0173 papuo\u0161imui, taip pat ir dekoruojant paveikslus.<\/p>\n","protected":false},"excerpt":{"rendered":"<p>Auksavimo lap\u0173 i\u0161 brangi\u0173j\u0173 metal\u0173 \u201eNazionale\u201c sud\u0117tyje yra aukso arba sidabro. Auksas bei sidabras ir j\u0173 lydiniai yra seniausiai naudojami metalai. Jie yra itin plasti\u0161ki, tod\u0117l galima i\u0161gauti 0.1\u00b5 storio lapus. D\u0117l \u017eemo oksidacijos lygio, lydiniai, kuri\u0173 sud\u0117tyje yra aukso, itin tinka auksavimui lauko s\u0105lygomis. Auksavimo lapai, kuri\u0173 sud\u0117tyje yra aukso, yra atspar\u016bs ir agresyviam j\u016bros klimatui. Auksavimo lapus su brangiaisiais metalais tinka naudoti tiek vidaus, tiek ir i\u0161or\u0117s interjere, dekoravimo detali\u0173 papuo\u0161imui, taip pat ir dekoruojant paveikslus.<\/p>\n","protected":false},"featured_media":354000,"comment_status":"closed","ping_status":"closed","template":"","meta":{"_acf_changed":false,"ep_exclude_from_search":false},"product_cat":[18623,18589,16124],"product_tag":[],"class_list":{"0":"post-197003","1":"product","2":"type-product","3":"status-publish","4":"has-post-thumbnail","6":"product_cat-auksavimo-lapai","7":"product_cat-auksavimo-priemones","8":"product_cat-dailes-prekes","10":"first","11":"instock","12":"taxable","13":"shipping-taxable","14":"purchasable","15":"product-type-variable"},"acf":[],"yoast_head":"<!-- This site is optimized with the Yoast SEO plugin v24.1 - https:\/\/yoast.com\/wordpress\/plugins\/seo\/ -->\n<title>Auksavimo lapas Nazionale tikras &#8211; Skizze<\/title>\n<meta name=\"robots\" content=\"noindex, follow, max-snippet:-1, max-image-preview:large, max-video-preview:-1\" \/>\n<meta property=\"og:locale\" content=\"lt_LT\" \/>\n<meta property=\"og:type\" content=\"article\" \/>\n<meta property=\"og:title\" content=\"Auksavimo lapas Nazionale tikras &#8211; Skizze\" \/>\n<meta property=\"og:description\" content=\"Auksavimo lap\u0173 i\u0161 brangi\u0173j\u0173 metal\u0173 \u201eNazionale\u201c sud\u0117tyje yra aukso arba sidabro. Auksas bei sidabras ir j\u0173 lydiniai yra seniausiai naudojami metalai. Jie yra itin plasti\u0161ki, tod\u0117l galima i\u0161gauti 0.1\u00b5 storio lapus. D\u0117l \u017eemo oksidacijos lygio, lydiniai, kuri\u0173 sud\u0117tyje yra aukso, itin tinka auksavimui lauko s\u0105lygomis. Auksavimo lapai, kuri\u0173 sud\u0117tyje yra aukso, yra atspar\u016bs ir agresyviam j\u016bros klimatui. Auksavimo lapus su brangiaisiais metalais tinka naudoti tiek vidaus, tiek ir i\u0161or\u0117s interjere, dekoravimo detali\u0173 papuo\u0161imui, taip pat ir dekoruojant paveikslus.\" \/>\n<meta property=\"og:url\" content=\"https:\/\/hobstop.ee\/lt\/produktas\/auksavimo-lapas-nazionale-tikras\/\" \/>\n<meta property=\"og:site_name\" content=\"Skizze\" \/>\n<meta property=\"article:publisher\" content=\"http:\/\/www.facebook.com\/VunderSkizze\" \/>\n<meta property=\"og:image\" content=\"https:\/\/www.hobstop.ee\/media\/2642.jpg\" \/>\n\t<meta property=\"og:image:width\" content=\"1024\" \/>\n\t<meta property=\"og:image:height\" content=\"768\" \/>\n\t<meta property=\"og:image:type\" content=\"image\/jpeg\" \/>\n<meta name=\"twitter:card\" content=\"summary_large_image\" \/>\n<script type=\"application\/ld+json\" class=\"yoast-schema-graph\">{\"@context\":\"https:\/\/schema.org\",\"@graph\":[{\"@type\":\"WebPage\",\"@id\":\"https:\/\/hobstop.ee\/lt\/produktas\/auksavimo-lapas-nazionale-tikras\/\",\"url\":\"https:\/\/hobstop.ee\/lt\/produktas\/auksavimo-lapas-nazionale-tikras\/\",\"name\":\"Auksavimo lapas Nazionale tikras &#8211; Skizze\",\"isPartOf\":{\"@id\":\"https:\/\/hobstop.ee\/lt\/#website\"},\"primaryImageOfPage\":{\"@id\":\"https:\/\/hobstop.ee\/lt\/produktas\/auksavimo-lapas-nazionale-tikras\/#primaryimage\"},\"image\":{\"@id\":\"https:\/\/hobstop.ee\/lt\/produktas\/auksavimo-lapas-nazionale-tikras\/#primaryimage\"},\"thumbnailUrl\":\"https:\/\/hobstop.ee\/media\/2642.jpg\",\"datePublished\":\"2015-08-01T13:48:00+00:00\",\"dateModified\":\"2015-08-01T13:48:00+00:00\",\"breadcrumb\":{\"@id\":\"https:\/\/hobstop.ee\/lt\/produktas\/auksavimo-lapas-nazionale-tikras\/#breadcrumb\"},\"inLanguage\":\"lt\",\"potentialAction\":[{\"@type\":\"ReadAction\",\"target\":[\"https:\/\/hobstop.ee\/lt\/produktas\/auksavimo-lapas-nazionale-tikras\/\"]}]},{\"@type\":\"ImageObject\",\"inLanguage\":\"lt\",\"@id\":\"https:\/\/hobstop.ee\/lt\/produktas\/auksavimo-lapas-nazionale-tikras\/#primaryimage\",\"url\":\"https:\/\/hobstop.ee\/media\/2642.jpg\",\"contentUrl\":\"https:\/\/hobstop.ee\/media\/2642.jpg\",\"width\":1024,\"height\":768},{\"@type\":\"BreadcrumbList\",\"@id\":\"https:\/\/hobstop.ee\/lt\/produktas\/auksavimo-lapas-nazionale-tikras\/#breadcrumb\",\"itemListElement\":[{\"@type\":\"ListItem\",\"position\":1,\"name\":\"Avaleht\",\"item\":\"https:\/\/hobstop.ee\/lt\/\"},{\"@type\":\"ListItem\",\"position\":2,\"name\":\"Parduotuv\u0117\",\"item\":\"https:\/\/hobstop.ee\/lt\/parduotuve\/\"},{\"@type\":\"ListItem\",\"position\":3,\"name\":\"Auksavimo lapas Nazionale tikras\"}]},{\"@type\":\"WebSite\",\"@id\":\"https:\/\/hobstop.ee\/lt\/#website\",\"url\":\"https:\/\/hobstop.ee\/lt\/\",\"name\":\"Skizze\",\"description\":\"Dail\u0117s, pom\u0117gi\u0173 ir mokykliniai reikm\u0117nys\",\"publisher\":{\"@id\":\"https:\/\/hobstop.ee\/lt\/#organization\"},\"potentialAction\":[{\"@type\":\"SearchAction\",\"target\":{\"@type\":\"EntryPoint\",\"urlTemplate\":\"https:\/\/hobstop.ee\/lt\/?s={search_term_string}\"},\"query-input\":{\"@type\":\"PropertyValueSpecification\",\"valueRequired\":true,\"valueName\":\"search_term_string\"}}],\"inLanguage\":\"lt\"},{\"@type\":\"Organization\",\"@id\":\"https:\/\/hobstop.ee\/lt\/#organization\",\"name\":\"Vunder AS\",\"url\":\"https:\/\/hobstop.ee\/lt\/\",\"logo\":{\"@type\":\"ImageObject\",\"inLanguage\":\"lt\",\"@id\":\"https:\/\/hobstop.ee\/lt\/#\/schema\/logo\/image\/\",\"url\":\"https:\/\/hobstop.ee\/media\/vunder-logo.png\",\"contentUrl\":\"https:\/\/hobstop.ee\/media\/vunder-logo.png\",\"width\":127,\"height\":55,\"caption\":\"Vunder AS\"},\"image\":{\"@id\":\"https:\/\/hobstop.ee\/lt\/#\/schema\/logo\/image\/\"},\"sameAs\":[\"http:\/\/www.facebook.com\/VunderSkizze\"]}]}<\/script>\n<!-- \/ Yoast SEO plugin. -->","yoast_head_json":{"title":"Auksavimo lapas Nazionale tikras &#8211; Skizze","robots":{"index":"noindex","follow":"follow","max-snippet":"max-snippet:-1","max-image-preview":"max-image-preview:large","max-video-preview":"max-video-preview:-1"},"og_locale":"lt_LT","og_type":"article","og_title":"Auksavimo lapas Nazionale tikras &#8211; Skizze","og_description":"Auksavimo lap\u0173 i\u0161 brangi\u0173j\u0173 metal\u0173 \u201eNazionale\u201c sud\u0117tyje yra aukso arba sidabro. Auksas bei sidabras ir j\u0173 lydiniai yra seniausiai naudojami metalai. Jie yra itin plasti\u0161ki, tod\u0117l galima i\u0161gauti 0.1\u00b5 storio lapus. D\u0117l \u017eemo oksidacijos lygio, lydiniai, kuri\u0173 sud\u0117tyje yra aukso, itin tinka auksavimui lauko s\u0105lygomis. Auksavimo lapai, kuri\u0173 sud\u0117tyje yra aukso, yra atspar\u016bs ir agresyviam j\u016bros klimatui. Auksavimo lapus su brangiaisiais metalais tinka naudoti tiek vidaus, tiek ir i\u0161or\u0117s interjere, dekoravimo detali\u0173 papuo\u0161imui, taip pat ir dekoruojant paveikslus.","og_url":"https:\/\/hobstop.ee\/lt\/produktas\/auksavimo-lapas-nazionale-tikras\/","og_site_name":"Skizze","article_publisher":"http:\/\/www.facebook.com\/VunderSkizze","og_image":[{"width":1024,"height":768,"url":"https:\/\/www.hobstop.ee\/media\/2642.jpg","type":"image\/jpeg"}],"twitter_card":"summary_large_image","schema":{"@context":"https:\/\/schema.org","@graph":[{"@type":"WebPage","@id":"https:\/\/hobstop.ee\/lt\/produktas\/auksavimo-lapas-nazionale-tikras\/","url":"https:\/\/hobstop.ee\/lt\/produktas\/auksavimo-lapas-nazionale-tikras\/","name":"Auksavimo lapas Nazionale tikras &#8211; Skizze","isPartOf":{"@id":"https:\/\/hobstop.ee\/lt\/#website"},"primaryImageOfPage":{"@id":"https:\/\/hobstop.ee\/lt\/produktas\/auksavimo-lapas-nazionale-tikras\/#primaryimage"},"image":{"@id":"https:\/\/hobstop.ee\/lt\/produktas\/auksavimo-lapas-nazionale-tikras\/#primaryimage"},"thumbnailUrl":"https:\/\/hobstop.ee\/media\/2642.jpg","datePublished":"2015-08-01T13:48:00+00:00","dateModified":"2015-08-01T13:48:00+00:00","breadcrumb":{"@id":"https:\/\/hobstop.ee\/lt\/produktas\/auksavimo-lapas-nazionale-tikras\/#breadcrumb"},"inLanguage":"lt","potentialAction":[{"@type":"ReadAction","target":["https:\/\/hobstop.ee\/lt\/produktas\/auksavimo-lapas-nazionale-tikras\/"]}]},{"@type":"ImageObject","inLanguage":"lt","@id":"https:\/\/hobstop.ee\/lt\/produktas\/auksavimo-lapas-nazionale-tikras\/#primaryimage","url":"https:\/\/hobstop.ee\/media\/2642.jpg","contentUrl":"https:\/\/hobstop.ee\/media\/2642.jpg","width":1024,"height":768},{"@type":"BreadcrumbList","@id":"https:\/\/hobstop.ee\/lt\/produktas\/auksavimo-lapas-nazionale-tikras\/#breadcrumb","itemListElement":[{"@type":"ListItem","position":1,"name":"Avaleht","item":"https:\/\/hobstop.ee\/lt\/"},{"@type":"ListItem","position":2,"name":"Parduotuv\u0117","item":"https:\/\/hobstop.ee\/lt\/parduotuve\/"},{"@type":"ListItem","position":3,"name":"Auksavimo lapas Nazionale tikras"}]},{"@type":"WebSite","@id":"https:\/\/hobstop.ee\/lt\/#website","url":"https:\/\/hobstop.ee\/lt\/","name":"Skizze","description":"Dail\u0117s, pom\u0117gi\u0173 ir mokykliniai reikm\u0117nys","publisher":{"@id":"https:\/\/hobstop.ee\/lt\/#organization"},"potentialAction":[{"@type":"SearchAction","target":{"@type":"EntryPoint","urlTemplate":"https:\/\/hobstop.ee\/lt\/?s={search_term_string}"},"query-input":{"@type":"PropertyValueSpecification","valueRequired":true,"valueName":"search_term_string"}}],"inLanguage":"lt"},{"@type":"Organization","@id":"https:\/\/hobstop.ee\/lt\/#organization","name":"Vunder AS","url":"https:\/\/hobstop.ee\/lt\/","logo":{"@type":"ImageObject","inLanguage":"lt","@id":"https:\/\/hobstop.ee\/lt\/#\/schema\/logo\/image\/","url":"https:\/\/hobstop.ee\/media\/vunder-logo.png","contentUrl":"https:\/\/hobstop.ee\/media\/vunder-logo.png","width":127,"height":55,"caption":"Vunder AS"},"image":{"@id":"https:\/\/hobstop.ee\/lt\/#\/schema\/logo\/image\/"},"sameAs":["http:\/\/www.facebook.com\/VunderSkizze"]}]}},"_links":{"self":[{"href":"https:\/\/hobstop.ee\/lt\/wp-json\/wp\/v2\/product\/197003","targetHints":{"allow":["GET"]}}],"collection":[{"href":"https:\/\/hobstop.ee\/lt\/wp-json\/wp\/v2\/product"}],"about":[{"href":"https:\/\/hobstop.ee\/lt\/wp-json\/wp\/v2\/types\/product"}],"replies":[{"embeddable":true,"href":"https:\/\/hobstop.ee\/lt\/wp-json\/wp\/v2\/comments?post=197003"}],"wp:featuredmedia":[{"embeddable":true,"href":"https:\/\/hobstop.ee\/lt\/wp-json\/wp\/v2\/media\/354000"}],"wp:attachment":[{"href":"https:\/\/hobstop.ee\/lt\/wp-json\/wp\/v2\/media?parent=197003"}],"wp:term":[{"taxonomy":"product_cat","embeddable":true,"href":"https:\/\/hobstop.ee\/lt\/wp-json\/wp\/v2\/product_cat?post=197003"},{"taxonomy":"product_tag","embeddable":true,"href":"https:\/\/hobstop.ee\/lt\/wp-json\/wp\/v2\/product_tag?post=197003"}],"curies":[{"name":"wp","href":"https:\/\/api.w.org\/{rel}","templated":true}]}}