{"id":197065,"date":"2015-08-01T16:58:56","date_gmt":"2015-08-01T13:58:56","guid":{"rendered":"http:\/\/vunder-ee.sn25.zone.eu\/lt\/product\/modeliavimo-pasta-modelinas-akriliniams-dazams-liquitex-light\/"},"modified":"2015-08-01T16:58:56","modified_gmt":"2015-08-01T13:58:56","slug":"modeliavimo-pasta-akriliniams-dazams-liquitex-light","status":"publish","type":"product","link":"https:\/\/hobstop.ee\/lt\/produktas\/modeliavimo-pasta-akriliniams-dazams-liquitex-light\/","title":{"rendered":"Modeliavimo pasta akriliniams da\u017eams Liquitex Light"},"content":{"rendered":"<p>Modeliavimo pasta \u201eLiquitex Light\u201c yra lengvas marmuro dulki\u0173 ir polimerin\u0117s emulsijos mi\u0161inys. I\u0161d\u017eiuv\u0119s pavir\u0161ius tampa matinis ir neskaidrus. Galima \u012fmai\u0161yti \u012f akrilinius da\u017eus arba dengti po da\u017e\u0173 sluoksniu. Kad da\u017eais padengtas pavir\u0161ius nesuskilt\u0173, naudoti ant standaus pavir\u0161iaus.<\/p>\n","protected":false},"excerpt":{"rendered":"<p>Modeliavimo pasta \u201eLiquitex Light\u201c yra lengvas marmuro dulki\u0173 ir polimerin\u0117s emulsijos mi\u0161inys. I\u0161d\u017eiuv\u0119s pavir\u0161ius tampa matinis ir neskaidrus. Galima \u012fmai\u0161yti \u012f akrilinius da\u017eus arba dengti po da\u017e\u0173 sluoksniu. Kad da\u017eais padengtas pavir\u0161ius nesuskilt\u0173, naudoti ant standaus pavir\u0161iaus.<\/p>\n","protected":false},"featured_media":353840,"comment_status":"closed","ping_status":"closed","template":"","meta":{"_acf_changed":false,"ep_exclude_from_search":false},"product_cat":[18998,16124,17981],"product_tag":[],"class_list":{"0":"post-197065","1":"product","2":"type-product","3":"status-publish","4":"has-post-thumbnail","6":"product_cat-akriliniu-dazu-priedai-2","7":"product_cat-dailes-prekes","8":"product_cat-dazai-ir-priedai-tapybai","10":"first","11":"outofstock","12":"taxable","13":"shipping-taxable","14":"purchasable","15":"product-type-variable"},"acf":[],"yoast_head":"<!-- This site is optimized with the Yoast SEO plugin v24.1 - https:\/\/yoast.com\/wordpress\/plugins\/seo\/ -->\n<title>Modeliavimo pasta akriliniams da\u017eams Liquitex Light &#8211; Skizze<\/title>\n<meta name=\"robots\" content=\"noindex, follow, max-snippet:-1, max-image-preview:large, max-video-preview:-1\" \/>\n<meta property=\"og:locale\" content=\"lt_LT\" \/>\n<meta property=\"og:type\" content=\"article\" \/>\n<meta property=\"og:title\" content=\"Modeliavimo pasta akriliniams da\u017eams Liquitex Light &#8211; Skizze\" \/>\n<meta property=\"og:description\" content=\"Modeliavimo pasta \u201eLiquitex Light\u201c yra lengvas marmuro dulki\u0173 ir polimerin\u0117s emulsijos mi\u0161inys. I\u0161d\u017eiuv\u0119s pavir\u0161ius tampa matinis ir neskaidrus. Galima \u012fmai\u0161yti \u012f akrilinius da\u017eus arba dengti po da\u017e\u0173 sluoksniu. Kad da\u017eais padengtas pavir\u0161ius nesuskilt\u0173, naudoti ant standaus pavir\u0161iaus.\" \/>\n<meta property=\"og:url\" content=\"https:\/\/hobstop.ee\/lt\/produktas\/modeliavimo-pasta-akriliniams-dazams-liquitex-light\/\" \/>\n<meta property=\"og:site_name\" content=\"Skizze\" \/>\n<meta property=\"article:publisher\" content=\"http:\/\/www.facebook.com\/VunderSkizze\" \/>\n<meta property=\"og:image\" content=\"https:\/\/hobstop.ee\/media\/3131.jpg\" \/>\n\t<meta property=\"og:image:width\" content=\"1024\" \/>\n\t<meta property=\"og:image:height\" content=\"768\" \/>\n\t<meta property=\"og:image:type\" content=\"image\/jpeg\" \/>\n<meta name=\"twitter:card\" content=\"summary_large_image\" \/>\n<script type=\"application\/ld+json\" class=\"yoast-schema-graph\">{\"@context\":\"https:\/\/schema.org\",\"@graph\":[{\"@type\":\"WebPage\",\"@id\":\"https:\/\/hobstop.ee\/lt\/produktas\/modeliavimo-pasta-akriliniams-dazams-liquitex-light\/\",\"url\":\"https:\/\/hobstop.ee\/lt\/produktas\/modeliavimo-pasta-akriliniams-dazams-liquitex-light\/\",\"name\":\"Modeliavimo pasta akriliniams da\u017eams Liquitex Light &#8211; Skizze\",\"isPartOf\":{\"@id\":\"https:\/\/hobstop.ee\/lt\/#website\"},\"primaryImageOfPage\":{\"@id\":\"https:\/\/hobstop.ee\/lt\/produktas\/modeliavimo-pasta-akriliniams-dazams-liquitex-light\/#primaryimage\"},\"image\":{\"@id\":\"https:\/\/hobstop.ee\/lt\/produktas\/modeliavimo-pasta-akriliniams-dazams-liquitex-light\/#primaryimage\"},\"thumbnailUrl\":\"https:\/\/hobstop.ee\/media\/3131.jpg\",\"datePublished\":\"2015-08-01T13:58:56+00:00\",\"dateModified\":\"2015-08-01T13:58:56+00:00\",\"breadcrumb\":{\"@id\":\"https:\/\/hobstop.ee\/lt\/produktas\/modeliavimo-pasta-akriliniams-dazams-liquitex-light\/#breadcrumb\"},\"inLanguage\":\"lt\",\"potentialAction\":[{\"@type\":\"ReadAction\",\"target\":[\"https:\/\/hobstop.ee\/lt\/produktas\/modeliavimo-pasta-akriliniams-dazams-liquitex-light\/\"]}]},{\"@type\":\"ImageObject\",\"inLanguage\":\"lt\",\"@id\":\"https:\/\/hobstop.ee\/lt\/produktas\/modeliavimo-pasta-akriliniams-dazams-liquitex-light\/#primaryimage\",\"url\":\"https:\/\/hobstop.ee\/media\/3131.jpg\",\"contentUrl\":\"https:\/\/hobstop.ee\/media\/3131.jpg\",\"width\":1024,\"height\":768},{\"@type\":\"BreadcrumbList\",\"@id\":\"https:\/\/hobstop.ee\/lt\/produktas\/modeliavimo-pasta-akriliniams-dazams-liquitex-light\/#breadcrumb\",\"itemListElement\":[{\"@type\":\"ListItem\",\"position\":1,\"name\":\"Avaleht\",\"item\":\"https:\/\/hobstop.ee\/lt\/\"},{\"@type\":\"ListItem\",\"position\":2,\"name\":\"Parduotuv\u0117\",\"item\":\"https:\/\/hobstop.ee\/lt\/parduotuve\/\"},{\"@type\":\"ListItem\",\"position\":3,\"name\":\"Modeliavimo pasta akriliniams da\u017eams Liquitex Light\"}]},{\"@type\":\"WebSite\",\"@id\":\"https:\/\/hobstop.ee\/lt\/#website\",\"url\":\"https:\/\/hobstop.ee\/lt\/\",\"name\":\"Skizze\",\"description\":\"Dail\u0117s, pom\u0117gi\u0173 ir mokykliniai reikm\u0117nys\",\"publisher\":{\"@id\":\"https:\/\/hobstop.ee\/lt\/#organization\"},\"potentialAction\":[{\"@type\":\"SearchAction\",\"target\":{\"@type\":\"EntryPoint\",\"urlTemplate\":\"https:\/\/hobstop.ee\/lt\/?s={search_term_string}\"},\"query-input\":{\"@type\":\"PropertyValueSpecification\",\"valueRequired\":true,\"valueName\":\"search_term_string\"}}],\"inLanguage\":\"lt\"},{\"@type\":\"Organization\",\"@id\":\"https:\/\/hobstop.ee\/lt\/#organization\",\"name\":\"Vunder AS\",\"url\":\"https:\/\/hobstop.ee\/lt\/\",\"logo\":{\"@type\":\"ImageObject\",\"inLanguage\":\"lt\",\"@id\":\"https:\/\/hobstop.ee\/lt\/#\/schema\/logo\/image\/\",\"url\":\"https:\/\/hobstop.ee\/media\/vunder-logo.png\",\"contentUrl\":\"https:\/\/hobstop.ee\/media\/vunder-logo.png\",\"width\":127,\"height\":55,\"caption\":\"Vunder AS\"},\"image\":{\"@id\":\"https:\/\/hobstop.ee\/lt\/#\/schema\/logo\/image\/\"},\"sameAs\":[\"http:\/\/www.facebook.com\/VunderSkizze\"]}]}<\/script>\n<!-- \/ Yoast SEO plugin. -->","yoast_head_json":{"title":"Modeliavimo pasta akriliniams da\u017eams Liquitex Light &#8211; Skizze","robots":{"index":"noindex","follow":"follow","max-snippet":"max-snippet:-1","max-image-preview":"max-image-preview:large","max-video-preview":"max-video-preview:-1"},"og_locale":"lt_LT","og_type":"article","og_title":"Modeliavimo pasta akriliniams da\u017eams Liquitex Light &#8211; Skizze","og_description":"Modeliavimo pasta \u201eLiquitex Light\u201c yra lengvas marmuro dulki\u0173 ir polimerin\u0117s emulsijos mi\u0161inys. I\u0161d\u017eiuv\u0119s pavir\u0161ius tampa matinis ir neskaidrus. Galima \u012fmai\u0161yti \u012f akrilinius da\u017eus arba dengti po da\u017e\u0173 sluoksniu. Kad da\u017eais padengtas pavir\u0161ius nesuskilt\u0173, naudoti ant standaus pavir\u0161iaus.","og_url":"https:\/\/hobstop.ee\/lt\/produktas\/modeliavimo-pasta-akriliniams-dazams-liquitex-light\/","og_site_name":"Skizze","article_publisher":"http:\/\/www.facebook.com\/VunderSkizze","og_image":[{"width":1024,"height":768,"url":"https:\/\/hobstop.ee\/media\/3131.jpg","type":"image\/jpeg"}],"twitter_card":"summary_large_image","schema":{"@context":"https:\/\/schema.org","@graph":[{"@type":"WebPage","@id":"https:\/\/hobstop.ee\/lt\/produktas\/modeliavimo-pasta-akriliniams-dazams-liquitex-light\/","url":"https:\/\/hobstop.ee\/lt\/produktas\/modeliavimo-pasta-akriliniams-dazams-liquitex-light\/","name":"Modeliavimo pasta akriliniams da\u017eams Liquitex Light &#8211; Skizze","isPartOf":{"@id":"https:\/\/hobstop.ee\/lt\/#website"},"primaryImageOfPage":{"@id":"https:\/\/hobstop.ee\/lt\/produktas\/modeliavimo-pasta-akriliniams-dazams-liquitex-light\/#primaryimage"},"image":{"@id":"https:\/\/hobstop.ee\/lt\/produktas\/modeliavimo-pasta-akriliniams-dazams-liquitex-light\/#primaryimage"},"thumbnailUrl":"https:\/\/hobstop.ee\/media\/3131.jpg","datePublished":"2015-08-01T13:58:56+00:00","dateModified":"2015-08-01T13:58:56+00:00","breadcrumb":{"@id":"https:\/\/hobstop.ee\/lt\/produktas\/modeliavimo-pasta-akriliniams-dazams-liquitex-light\/#breadcrumb"},"inLanguage":"lt","potentialAction":[{"@type":"ReadAction","target":["https:\/\/hobstop.ee\/lt\/produktas\/modeliavimo-pasta-akriliniams-dazams-liquitex-light\/"]}]},{"@type":"ImageObject","inLanguage":"lt","@id":"https:\/\/hobstop.ee\/lt\/produktas\/modeliavimo-pasta-akriliniams-dazams-liquitex-light\/#primaryimage","url":"https:\/\/hobstop.ee\/media\/3131.jpg","contentUrl":"https:\/\/hobstop.ee\/media\/3131.jpg","width":1024,"height":768},{"@type":"BreadcrumbList","@id":"https:\/\/hobstop.ee\/lt\/produktas\/modeliavimo-pasta-akriliniams-dazams-liquitex-light\/#breadcrumb","itemListElement":[{"@type":"ListItem","position":1,"name":"Avaleht","item":"https:\/\/hobstop.ee\/lt\/"},{"@type":"ListItem","position":2,"name":"Parduotuv\u0117","item":"https:\/\/hobstop.ee\/lt\/parduotuve\/"},{"@type":"ListItem","position":3,"name":"Modeliavimo pasta akriliniams da\u017eams Liquitex Light"}]},{"@type":"WebSite","@id":"https:\/\/hobstop.ee\/lt\/#website","url":"https:\/\/hobstop.ee\/lt\/","name":"Skizze","description":"Dail\u0117s, pom\u0117gi\u0173 ir mokykliniai reikm\u0117nys","publisher":{"@id":"https:\/\/hobstop.ee\/lt\/#organization"},"potentialAction":[{"@type":"SearchAction","target":{"@type":"EntryPoint","urlTemplate":"https:\/\/hobstop.ee\/lt\/?s={search_term_string}"},"query-input":{"@type":"PropertyValueSpecification","valueRequired":true,"valueName":"search_term_string"}}],"inLanguage":"lt"},{"@type":"Organization","@id":"https:\/\/hobstop.ee\/lt\/#organization","name":"Vunder AS","url":"https:\/\/hobstop.ee\/lt\/","logo":{"@type":"ImageObject","inLanguage":"lt","@id":"https:\/\/hobstop.ee\/lt\/#\/schema\/logo\/image\/","url":"https:\/\/hobstop.ee\/media\/vunder-logo.png","contentUrl":"https:\/\/hobstop.ee\/media\/vunder-logo.png","width":127,"height":55,"caption":"Vunder AS"},"image":{"@id":"https:\/\/hobstop.ee\/lt\/#\/schema\/logo\/image\/"},"sameAs":["http:\/\/www.facebook.com\/VunderSkizze"]}]}},"_links":{"self":[{"href":"https:\/\/hobstop.ee\/lt\/wp-json\/wp\/v2\/product\/197065","targetHints":{"allow":["GET"]}}],"collection":[{"href":"https:\/\/hobstop.ee\/lt\/wp-json\/wp\/v2\/product"}],"about":[{"href":"https:\/\/hobstop.ee\/lt\/wp-json\/wp\/v2\/types\/product"}],"replies":[{"embeddable":true,"href":"https:\/\/hobstop.ee\/lt\/wp-json\/wp\/v2\/comments?post=197065"}],"wp:featuredmedia":[{"embeddable":true,"href":"https:\/\/hobstop.ee\/lt\/wp-json\/wp\/v2\/media\/353840"}],"wp:attachment":[{"href":"https:\/\/hobstop.ee\/lt\/wp-json\/wp\/v2\/media?parent=197065"}],"wp:term":[{"taxonomy":"product_cat","embeddable":true,"href":"https:\/\/hobstop.ee\/lt\/wp-json\/wp\/v2\/product_cat?post=197065"},{"taxonomy":"product_tag","embeddable":true,"href":"https:\/\/hobstop.ee\/lt\/wp-json\/wp\/v2\/product_tag?post=197065"}],"curies":[{"name":"wp","href":"https:\/\/api.w.org\/{rel}","templated":true}]}}