{"id":197088,"date":"2014-11-27T20:56:56","date_gmt":"2015-08-01T14:02:41","guid":{"rendered":"http:\/\/vunder-ee.sn25.zone.eu\/lt\/product\/dazytojo-juostele-tesa-2\/"},"modified":"2015-08-01T17:02:41","modified_gmt":"2015-08-01T14:02:41","slug":"dazytojo-juostele-tesa-2","status":"publish","type":"product","link":"https:\/\/hobstop.ee\/lt\/produktas\/dazytojo-juostele-tesa-2\/","title":{"rendered":"Da\u017eytojo juostel\u0117 Tesa"},"content":{"rendered":"<p>Gelsvos spalvos universali da\u017eymo juosta, skirta da\u017eymo, dengimo ir tvirtinimo darbams. Atspari visoms da\u017e\u0173 r\u016b\u0161ims. Da\u017eymo juostos pagrindas \u2013 \u0161iek tiek krepuotas popierius, naudojami nat\u016bral\u016bs kau\u010diuko klijai. Juostel\u0117s storis \u2013 125 mkr. Atsparumas temperat\u016brai: +60 \u00b0C \/ 1 val. Per 3 dienas galima pa\u0161alinti nepaliekant p\u0117dsak\u0173.<\/p>\n","protected":false},"excerpt":{"rendered":"<p>Gelsvos spalvos universali da\u017eymo juosta, skirta da\u017eymo, dengimo ir tvirtinimo darbams. Atspari visoms da\u017e\u0173 r\u016b\u0161ims. Da\u017eymo juostos pagrindas \u2013 \u0161iek tiek krepuotas popierius, naudojami nat\u016bral\u016bs kau\u010diuko klijai. Juostel\u0117s storis \u2013 125 mkr. Atsparumas temperat\u016brai: +60 \u00b0C \/ 1 val. Per 3 dienas galima pa\u0161alinti nepaliekant p\u0117dsak\u0173.<\/p>\n","protected":false},"featured_media":159901,"comment_status":"closed","ping_status":"closed","template":"","meta":{"_acf_changed":false,"ep_exclude_from_search":false},"product_cat":[18920,18055,17914],"product_tag":[],"class_list":{"0":"post-197088","1":"product","2":"type-product","3":"status-publish","4":"has-post-thumbnail","6":"product_cat-biuro-reikmenys","7":"product_cat-lipnios-juosteles","8":"product_cat-rastines-prekes","9":"pa_kma-8927","11":"first","12":"instock","13":"taxable","14":"shipping-taxable","15":"purchasable","16":"product-type-variable"},"acf":[],"yoast_head":"<!-- This site is optimized with the Yoast SEO plugin v24.1 - https:\/\/yoast.com\/wordpress\/plugins\/seo\/ -->\n<title>Da\u017eytojo juostel\u0117 Tesa &#8211; Skizze<\/title>\n<meta name=\"robots\" content=\"noindex, follow, max-snippet:-1, max-image-preview:large, max-video-preview:-1\" \/>\n<meta property=\"og:locale\" content=\"lt_LT\" \/>\n<meta property=\"og:type\" content=\"article\" \/>\n<meta property=\"og:title\" content=\"Da\u017eytojo juostel\u0117 Tesa &#8211; Skizze\" \/>\n<meta property=\"og:description\" content=\"Gelsvos spalvos universali da\u017eymo juosta, skirta da\u017eymo, dengimo ir tvirtinimo darbams. Atspari visoms da\u017e\u0173 r\u016b\u0161ims. Da\u017eymo juostos pagrindas \u2013 \u0161iek tiek krepuotas popierius, naudojami nat\u016bral\u016bs kau\u010diuko klijai. Juostel\u0117s storis \u2013 125 mkr. Atsparumas temperat\u016brai: +60 \u00b0C \/ 1 val. Per 3 dienas galima pa\u0161alinti nepaliekant p\u0117dsak\u0173.\" \/>\n<meta property=\"og:url\" content=\"https:\/\/hobstop.ee\/lt\/produktas\/dazytojo-juostele-tesa-2\/\" \/>\n<meta property=\"og:site_name\" content=\"Skizze\" \/>\n<meta property=\"article:publisher\" content=\"http:\/\/www.facebook.com\/VunderSkizze\" \/>\n<meta property=\"og:image\" content=\"https:\/\/hobstop.ee\/media\/3594.jpg\" \/>\n\t<meta property=\"og:image:width\" content=\"1024\" \/>\n\t<meta property=\"og:image:height\" content=\"768\" \/>\n\t<meta property=\"og:image:type\" content=\"image\/jpeg\" \/>\n<meta name=\"twitter:card\" content=\"summary_large_image\" \/>\n<script type=\"application\/ld+json\" class=\"yoast-schema-graph\">{\"@context\":\"https:\/\/schema.org\",\"@graph\":[{\"@type\":\"WebPage\",\"@id\":\"https:\/\/hobstop.ee\/lt\/produktas\/dazytojo-juostele-tesa-2\/\",\"url\":\"https:\/\/hobstop.ee\/lt\/produktas\/dazytojo-juostele-tesa-2\/\",\"name\":\"Da\u017eytojo juostel\u0117 Tesa &#8211; Skizze\",\"isPartOf\":{\"@id\":\"https:\/\/hobstop.ee\/lt\/#website\"},\"primaryImageOfPage\":{\"@id\":\"https:\/\/hobstop.ee\/lt\/produktas\/dazytojo-juostele-tesa-2\/#primaryimage\"},\"image\":{\"@id\":\"https:\/\/hobstop.ee\/lt\/produktas\/dazytojo-juostele-tesa-2\/#primaryimage\"},\"thumbnailUrl\":\"https:\/\/hobstop.ee\/media\/3594.jpg\",\"datePublished\":\"2015-08-01T14:02:41+00:00\",\"dateModified\":\"2015-08-01T14:02:41+00:00\",\"breadcrumb\":{\"@id\":\"https:\/\/hobstop.ee\/lt\/produktas\/dazytojo-juostele-tesa-2\/#breadcrumb\"},\"inLanguage\":\"lt\",\"potentialAction\":[{\"@type\":\"ReadAction\",\"target\":[\"https:\/\/hobstop.ee\/lt\/produktas\/dazytojo-juostele-tesa-2\/\"]}]},{\"@type\":\"ImageObject\",\"inLanguage\":\"lt\",\"@id\":\"https:\/\/hobstop.ee\/lt\/produktas\/dazytojo-juostele-tesa-2\/#primaryimage\",\"url\":\"https:\/\/hobstop.ee\/media\/3594.jpg\",\"contentUrl\":\"https:\/\/hobstop.ee\/media\/3594.jpg\",\"width\":1024,\"height\":768},{\"@type\":\"BreadcrumbList\",\"@id\":\"https:\/\/hobstop.ee\/lt\/produktas\/dazytojo-juostele-tesa-2\/#breadcrumb\",\"itemListElement\":[{\"@type\":\"ListItem\",\"position\":1,\"name\":\"Avaleht\",\"item\":\"https:\/\/hobstop.ee\/lt\/\"},{\"@type\":\"ListItem\",\"position\":2,\"name\":\"Parduotuv\u0117\",\"item\":\"https:\/\/hobstop.ee\/lt\/parduotuve\/\"},{\"@type\":\"ListItem\",\"position\":3,\"name\":\"Da\u017eytojo juostel\u0117 Tesa\"}]},{\"@type\":\"WebSite\",\"@id\":\"https:\/\/hobstop.ee\/lt\/#website\",\"url\":\"https:\/\/hobstop.ee\/lt\/\",\"name\":\"Skizze\",\"description\":\"Dail\u0117s, pom\u0117gi\u0173 ir mokykliniai reikm\u0117nys\",\"publisher\":{\"@id\":\"https:\/\/hobstop.ee\/lt\/#organization\"},\"potentialAction\":[{\"@type\":\"SearchAction\",\"target\":{\"@type\":\"EntryPoint\",\"urlTemplate\":\"https:\/\/hobstop.ee\/lt\/?s={search_term_string}\"},\"query-input\":{\"@type\":\"PropertyValueSpecification\",\"valueRequired\":true,\"valueName\":\"search_term_string\"}}],\"inLanguage\":\"lt\"},{\"@type\":\"Organization\",\"@id\":\"https:\/\/hobstop.ee\/lt\/#organization\",\"name\":\"Vunder AS\",\"url\":\"https:\/\/hobstop.ee\/lt\/\",\"logo\":{\"@type\":\"ImageObject\",\"inLanguage\":\"lt\",\"@id\":\"https:\/\/hobstop.ee\/lt\/#\/schema\/logo\/image\/\",\"url\":\"https:\/\/hobstop.ee\/media\/vunder-logo.png\",\"contentUrl\":\"https:\/\/hobstop.ee\/media\/vunder-logo.png\",\"width\":127,\"height\":55,\"caption\":\"Vunder AS\"},\"image\":{\"@id\":\"https:\/\/hobstop.ee\/lt\/#\/schema\/logo\/image\/\"},\"sameAs\":[\"http:\/\/www.facebook.com\/VunderSkizze\"]}]}<\/script>\n<!-- \/ Yoast SEO plugin. -->","yoast_head_json":{"title":"Da\u017eytojo juostel\u0117 Tesa &#8211; Skizze","robots":{"index":"noindex","follow":"follow","max-snippet":"max-snippet:-1","max-image-preview":"max-image-preview:large","max-video-preview":"max-video-preview:-1"},"og_locale":"lt_LT","og_type":"article","og_title":"Da\u017eytojo juostel\u0117 Tesa &#8211; Skizze","og_description":"Gelsvos spalvos universali da\u017eymo juosta, skirta da\u017eymo, dengimo ir tvirtinimo darbams. Atspari visoms da\u017e\u0173 r\u016b\u0161ims. Da\u017eymo juostos pagrindas \u2013 \u0161iek tiek krepuotas popierius, naudojami nat\u016bral\u016bs kau\u010diuko klijai. Juostel\u0117s storis \u2013 125 mkr. Atsparumas temperat\u016brai: +60 \u00b0C \/ 1 val. Per 3 dienas galima pa\u0161alinti nepaliekant p\u0117dsak\u0173.","og_url":"https:\/\/hobstop.ee\/lt\/produktas\/dazytojo-juostele-tesa-2\/","og_site_name":"Skizze","article_publisher":"http:\/\/www.facebook.com\/VunderSkizze","og_image":[{"width":1024,"height":768,"url":"https:\/\/hobstop.ee\/media\/3594.jpg","type":"image\/jpeg"}],"twitter_card":"summary_large_image","schema":{"@context":"https:\/\/schema.org","@graph":[{"@type":"WebPage","@id":"https:\/\/hobstop.ee\/lt\/produktas\/dazytojo-juostele-tesa-2\/","url":"https:\/\/hobstop.ee\/lt\/produktas\/dazytojo-juostele-tesa-2\/","name":"Da\u017eytojo juostel\u0117 Tesa &#8211; Skizze","isPartOf":{"@id":"https:\/\/hobstop.ee\/lt\/#website"},"primaryImageOfPage":{"@id":"https:\/\/hobstop.ee\/lt\/produktas\/dazytojo-juostele-tesa-2\/#primaryimage"},"image":{"@id":"https:\/\/hobstop.ee\/lt\/produktas\/dazytojo-juostele-tesa-2\/#primaryimage"},"thumbnailUrl":"https:\/\/hobstop.ee\/media\/3594.jpg","datePublished":"2015-08-01T14:02:41+00:00","dateModified":"2015-08-01T14:02:41+00:00","breadcrumb":{"@id":"https:\/\/hobstop.ee\/lt\/produktas\/dazytojo-juostele-tesa-2\/#breadcrumb"},"inLanguage":"lt","potentialAction":[{"@type":"ReadAction","target":["https:\/\/hobstop.ee\/lt\/produktas\/dazytojo-juostele-tesa-2\/"]}]},{"@type":"ImageObject","inLanguage":"lt","@id":"https:\/\/hobstop.ee\/lt\/produktas\/dazytojo-juostele-tesa-2\/#primaryimage","url":"https:\/\/hobstop.ee\/media\/3594.jpg","contentUrl":"https:\/\/hobstop.ee\/media\/3594.jpg","width":1024,"height":768},{"@type":"BreadcrumbList","@id":"https:\/\/hobstop.ee\/lt\/produktas\/dazytojo-juostele-tesa-2\/#breadcrumb","itemListElement":[{"@type":"ListItem","position":1,"name":"Avaleht","item":"https:\/\/hobstop.ee\/lt\/"},{"@type":"ListItem","position":2,"name":"Parduotuv\u0117","item":"https:\/\/hobstop.ee\/lt\/parduotuve\/"},{"@type":"ListItem","position":3,"name":"Da\u017eytojo juostel\u0117 Tesa"}]},{"@type":"WebSite","@id":"https:\/\/hobstop.ee\/lt\/#website","url":"https:\/\/hobstop.ee\/lt\/","name":"Skizze","description":"Dail\u0117s, pom\u0117gi\u0173 ir mokykliniai reikm\u0117nys","publisher":{"@id":"https:\/\/hobstop.ee\/lt\/#organization"},"potentialAction":[{"@type":"SearchAction","target":{"@type":"EntryPoint","urlTemplate":"https:\/\/hobstop.ee\/lt\/?s={search_term_string}"},"query-input":{"@type":"PropertyValueSpecification","valueRequired":true,"valueName":"search_term_string"}}],"inLanguage":"lt"},{"@type":"Organization","@id":"https:\/\/hobstop.ee\/lt\/#organization","name":"Vunder AS","url":"https:\/\/hobstop.ee\/lt\/","logo":{"@type":"ImageObject","inLanguage":"lt","@id":"https:\/\/hobstop.ee\/lt\/#\/schema\/logo\/image\/","url":"https:\/\/hobstop.ee\/media\/vunder-logo.png","contentUrl":"https:\/\/hobstop.ee\/media\/vunder-logo.png","width":127,"height":55,"caption":"Vunder AS"},"image":{"@id":"https:\/\/hobstop.ee\/lt\/#\/schema\/logo\/image\/"},"sameAs":["http:\/\/www.facebook.com\/VunderSkizze"]}]}},"_links":{"self":[{"href":"https:\/\/hobstop.ee\/lt\/wp-json\/wp\/v2\/product\/197088","targetHints":{"allow":["GET"]}}],"collection":[{"href":"https:\/\/hobstop.ee\/lt\/wp-json\/wp\/v2\/product"}],"about":[{"href":"https:\/\/hobstop.ee\/lt\/wp-json\/wp\/v2\/types\/product"}],"replies":[{"embeddable":true,"href":"https:\/\/hobstop.ee\/lt\/wp-json\/wp\/v2\/comments?post=197088"}],"wp:featuredmedia":[{"embeddable":true,"href":"https:\/\/hobstop.ee\/lt\/wp-json\/wp\/v2\/media\/159901"}],"wp:attachment":[{"href":"https:\/\/hobstop.ee\/lt\/wp-json\/wp\/v2\/media?parent=197088"}],"wp:term":[{"taxonomy":"product_cat","embeddable":true,"href":"https:\/\/hobstop.ee\/lt\/wp-json\/wp\/v2\/product_cat?post=197088"},{"taxonomy":"product_tag","embeddable":true,"href":"https:\/\/hobstop.ee\/lt\/wp-json\/wp\/v2\/product_tag?post=197088"}],"curies":[{"name":"wp","href":"https:\/\/api.w.org\/{rel}","templated":true}]}}