{"id":197178,"date":"2015-10-18T01:02:35","date_gmt":"2015-08-01T14:08:58","guid":{"rendered":"http:\/\/vunder-ee.sn25.zone.eu\/lt\/product\/nepalietiskas-popierius-a4-medziai\/"},"modified":"2015-08-01T17:08:58","modified_gmt":"2015-08-01T14:08:58","slug":"nepalietiskas-popierius-a4-medziai","status":"publish","type":"product","link":"https:\/\/hobstop.ee\/lt\/produktas\/nepalietiskas-popierius-a4-medziai\/","title":{"rendered":"Nepalieti\u0161kas popierius A4 med\u017eiai"},"content":{"rendered":"<p>\u0160is popierius iki \u0161iol Nepale yra gaminamas rankomis pagal senovin\u0119 tradicin\u0119 technik\u0105. Tai \u2013 auk\u0161tos kokyb\u0117s, patvarus ir ry\u0161kios tekst\u016bros popierius. Nepalo popierius yra visi\u0161kai nat\u016bralus, jo sud\u0117tyje n\u0117ra r\u016bg\u0161\u010di\u0173.  Kiekvienas lapas yra pagamintas rankomis ir yra unikalus.<\/p>\n","protected":false},"excerpt":{"rendered":"<p>\u0160is popierius iki \u0161iol Nepale yra gaminamas rankomis pagal senovin\u0119 tradicin\u0119 technik\u0105. Tai \u2013 auk\u0161tos kokyb\u0117s, patvarus ir ry\u0161kios tekst\u016bros popierius. Nepalo popierius yra visi\u0161kai nat\u016bralus, jo sud\u0117tyje n\u0117ra r\u016bg\u0161\u010di\u0173. Kiekvienas lapas yra pagamintas rankomis ir yra unikalus.<\/p>\n","protected":false},"featured_media":354024,"comment_status":"closed","ping_status":"closed","template":"","meta":{"_acf_changed":false,"ep_exclude_from_search":false},"product_cat":[17922,14874,18483],"product_tag":[],"class_list":{"0":"post-197178","1":"product","2":"type-product","3":"status-publish","4":"has-post-thumbnail","6":"product_cat-popieriaus-prekes","7":"product_cat-ehtetarvikud","8":"product_cat-ranku-darbo","10":"first","11":"instock","12":"taxable","13":"shipping-taxable","14":"purchasable","15":"product-type-variable"},"acf":[],"yoast_head":"<!-- This site is optimized with the Yoast SEO plugin v24.1 - https:\/\/yoast.com\/wordpress\/plugins\/seo\/ -->\n<title>Nepalieti\u0161kas popierius A4 med\u017eiai &#8211; Skizze<\/title>\n<meta name=\"robots\" content=\"noindex, follow, max-snippet:-1, max-image-preview:large, max-video-preview:-1\" \/>\n<meta property=\"og:locale\" content=\"lt_LT\" \/>\n<meta property=\"og:type\" content=\"article\" \/>\n<meta property=\"og:title\" content=\"Nepalieti\u0161kas popierius A4 med\u017eiai &#8211; Skizze\" \/>\n<meta property=\"og:description\" content=\"\u0160is popierius iki \u0161iol Nepale yra gaminamas rankomis pagal senovin\u0119 tradicin\u0119 technik\u0105. Tai \u2013 auk\u0161tos kokyb\u0117s, patvarus ir ry\u0161kios tekst\u016bros popierius. Nepalo popierius yra visi\u0161kai nat\u016bralus, jo sud\u0117tyje n\u0117ra r\u016bg\u0161\u010di\u0173. Kiekvienas lapas yra pagamintas rankomis ir yra unikalus.\" \/>\n<meta property=\"og:url\" content=\"https:\/\/hobstop.ee\/lt\/produktas\/nepalietiskas-popierius-a4-medziai\/\" \/>\n<meta property=\"og:site_name\" content=\"Skizze\" \/>\n<meta property=\"article:publisher\" content=\"http:\/\/www.facebook.com\/VunderSkizze\" \/>\n<meta property=\"og:image\" content=\"https:\/\/www.hobstop.ee\/media\/3704.jpg\" \/>\n\t<meta property=\"og:image:width\" content=\"1024\" \/>\n\t<meta property=\"og:image:height\" content=\"768\" \/>\n\t<meta property=\"og:image:type\" content=\"image\/jpeg\" \/>\n<meta name=\"twitter:card\" content=\"summary_large_image\" \/>\n<script type=\"application\/ld+json\" class=\"yoast-schema-graph\">{\"@context\":\"https:\/\/schema.org\",\"@graph\":[{\"@type\":\"WebPage\",\"@id\":\"https:\/\/hobstop.ee\/lt\/produktas\/nepalietiskas-popierius-a4-medziai\/\",\"url\":\"https:\/\/hobstop.ee\/lt\/produktas\/nepalietiskas-popierius-a4-medziai\/\",\"name\":\"Nepalieti\u0161kas popierius A4 med\u017eiai &#8211; Skizze\",\"isPartOf\":{\"@id\":\"https:\/\/hobstop.ee\/lt\/#website\"},\"primaryImageOfPage\":{\"@id\":\"https:\/\/hobstop.ee\/lt\/produktas\/nepalietiskas-popierius-a4-medziai\/#primaryimage\"},\"image\":{\"@id\":\"https:\/\/hobstop.ee\/lt\/produktas\/nepalietiskas-popierius-a4-medziai\/#primaryimage\"},\"thumbnailUrl\":\"https:\/\/hobstop.ee\/media\/3704.jpg\",\"datePublished\":\"2015-08-01T14:08:58+00:00\",\"dateModified\":\"2015-08-01T14:08:58+00:00\",\"breadcrumb\":{\"@id\":\"https:\/\/hobstop.ee\/lt\/produktas\/nepalietiskas-popierius-a4-medziai\/#breadcrumb\"},\"inLanguage\":\"lt\",\"potentialAction\":[{\"@type\":\"ReadAction\",\"target\":[\"https:\/\/hobstop.ee\/lt\/produktas\/nepalietiskas-popierius-a4-medziai\/\"]}]},{\"@type\":\"ImageObject\",\"inLanguage\":\"lt\",\"@id\":\"https:\/\/hobstop.ee\/lt\/produktas\/nepalietiskas-popierius-a4-medziai\/#primaryimage\",\"url\":\"https:\/\/hobstop.ee\/media\/3704.jpg\",\"contentUrl\":\"https:\/\/hobstop.ee\/media\/3704.jpg\",\"width\":1024,\"height\":768},{\"@type\":\"BreadcrumbList\",\"@id\":\"https:\/\/hobstop.ee\/lt\/produktas\/nepalietiskas-popierius-a4-medziai\/#breadcrumb\",\"itemListElement\":[{\"@type\":\"ListItem\",\"position\":1,\"name\":\"Avaleht\",\"item\":\"https:\/\/hobstop.ee\/lt\/\"},{\"@type\":\"ListItem\",\"position\":2,\"name\":\"Parduotuv\u0117\",\"item\":\"https:\/\/hobstop.ee\/lt\/parduotuve\/\"},{\"@type\":\"ListItem\",\"position\":3,\"name\":\"Nepalieti\u0161kas popierius A4 med\u017eiai\"}]},{\"@type\":\"WebSite\",\"@id\":\"https:\/\/hobstop.ee\/lt\/#website\",\"url\":\"https:\/\/hobstop.ee\/lt\/\",\"name\":\"Skizze\",\"description\":\"Dail\u0117s, pom\u0117gi\u0173 ir mokykliniai reikm\u0117nys\",\"publisher\":{\"@id\":\"https:\/\/hobstop.ee\/lt\/#organization\"},\"potentialAction\":[{\"@type\":\"SearchAction\",\"target\":{\"@type\":\"EntryPoint\",\"urlTemplate\":\"https:\/\/hobstop.ee\/lt\/?s={search_term_string}\"},\"query-input\":{\"@type\":\"PropertyValueSpecification\",\"valueRequired\":true,\"valueName\":\"search_term_string\"}}],\"inLanguage\":\"lt\"},{\"@type\":\"Organization\",\"@id\":\"https:\/\/hobstop.ee\/lt\/#organization\",\"name\":\"Vunder AS\",\"url\":\"https:\/\/hobstop.ee\/lt\/\",\"logo\":{\"@type\":\"ImageObject\",\"inLanguage\":\"lt\",\"@id\":\"https:\/\/hobstop.ee\/lt\/#\/schema\/logo\/image\/\",\"url\":\"https:\/\/hobstop.ee\/media\/vunder-logo.png\",\"contentUrl\":\"https:\/\/hobstop.ee\/media\/vunder-logo.png\",\"width\":127,\"height\":55,\"caption\":\"Vunder AS\"},\"image\":{\"@id\":\"https:\/\/hobstop.ee\/lt\/#\/schema\/logo\/image\/\"},\"sameAs\":[\"http:\/\/www.facebook.com\/VunderSkizze\"]}]}<\/script>\n<!-- \/ Yoast SEO plugin. -->","yoast_head_json":{"title":"Nepalieti\u0161kas popierius A4 med\u017eiai &#8211; Skizze","robots":{"index":"noindex","follow":"follow","max-snippet":"max-snippet:-1","max-image-preview":"max-image-preview:large","max-video-preview":"max-video-preview:-1"},"og_locale":"lt_LT","og_type":"article","og_title":"Nepalieti\u0161kas popierius A4 med\u017eiai &#8211; Skizze","og_description":"\u0160is popierius iki \u0161iol Nepale yra gaminamas rankomis pagal senovin\u0119 tradicin\u0119 technik\u0105. Tai \u2013 auk\u0161tos kokyb\u0117s, patvarus ir ry\u0161kios tekst\u016bros popierius. Nepalo popierius yra visi\u0161kai nat\u016bralus, jo sud\u0117tyje n\u0117ra r\u016bg\u0161\u010di\u0173. Kiekvienas lapas yra pagamintas rankomis ir yra unikalus.","og_url":"https:\/\/hobstop.ee\/lt\/produktas\/nepalietiskas-popierius-a4-medziai\/","og_site_name":"Skizze","article_publisher":"http:\/\/www.facebook.com\/VunderSkizze","og_image":[{"width":1024,"height":768,"url":"https:\/\/www.hobstop.ee\/media\/3704.jpg","type":"image\/jpeg"}],"twitter_card":"summary_large_image","schema":{"@context":"https:\/\/schema.org","@graph":[{"@type":"WebPage","@id":"https:\/\/hobstop.ee\/lt\/produktas\/nepalietiskas-popierius-a4-medziai\/","url":"https:\/\/hobstop.ee\/lt\/produktas\/nepalietiskas-popierius-a4-medziai\/","name":"Nepalieti\u0161kas popierius A4 med\u017eiai &#8211; Skizze","isPartOf":{"@id":"https:\/\/hobstop.ee\/lt\/#website"},"primaryImageOfPage":{"@id":"https:\/\/hobstop.ee\/lt\/produktas\/nepalietiskas-popierius-a4-medziai\/#primaryimage"},"image":{"@id":"https:\/\/hobstop.ee\/lt\/produktas\/nepalietiskas-popierius-a4-medziai\/#primaryimage"},"thumbnailUrl":"https:\/\/hobstop.ee\/media\/3704.jpg","datePublished":"2015-08-01T14:08:58+00:00","dateModified":"2015-08-01T14:08:58+00:00","breadcrumb":{"@id":"https:\/\/hobstop.ee\/lt\/produktas\/nepalietiskas-popierius-a4-medziai\/#breadcrumb"},"inLanguage":"lt","potentialAction":[{"@type":"ReadAction","target":["https:\/\/hobstop.ee\/lt\/produktas\/nepalietiskas-popierius-a4-medziai\/"]}]},{"@type":"ImageObject","inLanguage":"lt","@id":"https:\/\/hobstop.ee\/lt\/produktas\/nepalietiskas-popierius-a4-medziai\/#primaryimage","url":"https:\/\/hobstop.ee\/media\/3704.jpg","contentUrl":"https:\/\/hobstop.ee\/media\/3704.jpg","width":1024,"height":768},{"@type":"BreadcrumbList","@id":"https:\/\/hobstop.ee\/lt\/produktas\/nepalietiskas-popierius-a4-medziai\/#breadcrumb","itemListElement":[{"@type":"ListItem","position":1,"name":"Avaleht","item":"https:\/\/hobstop.ee\/lt\/"},{"@type":"ListItem","position":2,"name":"Parduotuv\u0117","item":"https:\/\/hobstop.ee\/lt\/parduotuve\/"},{"@type":"ListItem","position":3,"name":"Nepalieti\u0161kas popierius A4 med\u017eiai"}]},{"@type":"WebSite","@id":"https:\/\/hobstop.ee\/lt\/#website","url":"https:\/\/hobstop.ee\/lt\/","name":"Skizze","description":"Dail\u0117s, pom\u0117gi\u0173 ir mokykliniai reikm\u0117nys","publisher":{"@id":"https:\/\/hobstop.ee\/lt\/#organization"},"potentialAction":[{"@type":"SearchAction","target":{"@type":"EntryPoint","urlTemplate":"https:\/\/hobstop.ee\/lt\/?s={search_term_string}"},"query-input":{"@type":"PropertyValueSpecification","valueRequired":true,"valueName":"search_term_string"}}],"inLanguage":"lt"},{"@type":"Organization","@id":"https:\/\/hobstop.ee\/lt\/#organization","name":"Vunder AS","url":"https:\/\/hobstop.ee\/lt\/","logo":{"@type":"ImageObject","inLanguage":"lt","@id":"https:\/\/hobstop.ee\/lt\/#\/schema\/logo\/image\/","url":"https:\/\/hobstop.ee\/media\/vunder-logo.png","contentUrl":"https:\/\/hobstop.ee\/media\/vunder-logo.png","width":127,"height":55,"caption":"Vunder AS"},"image":{"@id":"https:\/\/hobstop.ee\/lt\/#\/schema\/logo\/image\/"},"sameAs":["http:\/\/www.facebook.com\/VunderSkizze"]}]}},"_links":{"self":[{"href":"https:\/\/hobstop.ee\/lt\/wp-json\/wp\/v2\/product\/197178","targetHints":{"allow":["GET"]}}],"collection":[{"href":"https:\/\/hobstop.ee\/lt\/wp-json\/wp\/v2\/product"}],"about":[{"href":"https:\/\/hobstop.ee\/lt\/wp-json\/wp\/v2\/types\/product"}],"replies":[{"embeddable":true,"href":"https:\/\/hobstop.ee\/lt\/wp-json\/wp\/v2\/comments?post=197178"}],"wp:featuredmedia":[{"embeddable":true,"href":"https:\/\/hobstop.ee\/lt\/wp-json\/wp\/v2\/media\/354024"}],"wp:attachment":[{"href":"https:\/\/hobstop.ee\/lt\/wp-json\/wp\/v2\/media?parent=197178"}],"wp:term":[{"taxonomy":"product_cat","embeddable":true,"href":"https:\/\/hobstop.ee\/lt\/wp-json\/wp\/v2\/product_cat?post=197178"},{"taxonomy":"product_tag","embeddable":true,"href":"https:\/\/hobstop.ee\/lt\/wp-json\/wp\/v2\/product_tag?post=197178"}],"curies":[{"name":"wp","href":"https:\/\/api.w.org\/{rel}","templated":true}]}}