{"id":197377,"date":"2015-08-01T17:19:49","date_gmt":"2015-08-01T14:19:49","guid":{"rendered":"http:\/\/vunder-ee.sn25.zone.eu\/lt\/product\/tekstiliniu-dazu-konturas-fashion-liner-25ml\/"},"modified":"2015-08-01T17:19:49","modified_gmt":"2015-08-01T14:19:49","slug":"tekstiliniu-dazu-konturas-marabu-fashion-liner-25ml","status":"publish","type":"product","link":"https:\/\/hobstop.ee\/lt\/produktas\/tekstiliniu-dazu-konturas-marabu-fashion-liner-25ml\/","title":{"rendered":"Tekstilini\u0173 da\u017e\u0173 kont\u016bras Marabu Fashion Liner 25ml"},"content":{"rendered":"<p>\u0160ie kremin\u0117s tekst\u016bros mink\u0161ti tekstil\u0117s da\u017eai kiekvien\u0105 r\u016bb\u0105 padarys unikaliu. Bekvapiai, atsparus \u0161viesai ir vandens pagrindu pagaminti da\u017eai tinka akcentams, dekoracijoms ir u\u017era\u0161ams kurti. Dekoruoti galima \u012fvairius nemargintus ir tekstil\u0117s mink\u0161tikliu neapdorotus audinius, kuri\u0173 sud\u0117tyje yra ne daugiau nei 20 proc. dirbtinio pluo\u0161to; audinius su u\u017efiksuotais (medviln\u0117s re\u017eimu lyginti 30x30cm 3 minutes arba 8 minutes palaikyti iki 150\u00b0C \u012fkaitintoje orkait\u0117je) da\u017eais galima skalbti ne auk\u0161tesn\u0117je nei 40\u00b0C temperat\u016broje. Skalbiant ir lyginant i\u0161versti \u012f i\u0161virk\u0161\u010di\u0105j\u0105 pus\u0119.<br \/>\nKont\u016briniais da\u017eai \u201eFashion Liner\u201c su da\u017eais \u201eMarabu Fashion Spray\u201c ir \u201eMarabu Silhouette\u201c \u0161ablonais pad\u0117s \u012fgyvendinti J\u016bs\u0173 mados siekius.<\/p>\n","protected":false},"excerpt":{"rendered":"<p>\u0160ie kremin\u0117s tekst\u016bros mink\u0161ti tekstil\u0117s da\u017eai kiekvien\u0105 r\u016bb\u0105 padarys unikaliu. Bekvapiai, atsparus \u0161viesai ir vandens pagrindu pagaminti da\u017eai tinka akcentams, dekoracijoms ir u\u017era\u0161ams kurti. Dekoruoti galima \u012fvairius nemargintus ir tekstil\u0117s mink\u0161tikliu neapdorotus audinius, kuri\u0173 sud\u0117tyje yra ne daugiau nei 20 proc. dirbtinio pluo\u0161to; audinius su u\u017efiksuotais (medviln\u0117s re\u017eimu lyginti 30x30cm 3 minutes arba 8 minutes palaikyti iki 150\u00b0C \u012fkaitintoje orkait\u0117je) da\u017eais galima skalbti ne auk\u0161tesn\u0117je nei 40\u00b0C temperat\u016broje. Skalbiant ir lyginant i\u0161versti \u012f i\u0161virk\u0161\u010di\u0105j\u0105 pus\u0119. Kont\u016briniais da\u017eai \u201eFashion Liner\u201c su da\u017eais \u201eMarabu Fashion Spray\u201c ir \u201eMarabu Silhouette\u201c \u0161ablonais pad\u0117s \u012fgyvendinti J\u016bs\u0173 mados siekius.<\/p>\n","protected":false},"featured_media":353944,"comment_status":"closed","ping_status":"closed","template":"","meta":{"_acf_changed":false,"ep_exclude_from_search":false},"product_cat":[17919,14893,18213],"product_tag":[],"class_list":{"0":"post-197377","1":"product","2":"type-product","3":"status-publish","4":"has-post-thumbnail","6":"product_cat-pomegiu-prekes","7":"product_cat-tekstilei","8":"product_cat-tekstiles-dazai","10":"first","11":"instock","12":"sale","13":"taxable","14":"shipping-taxable","15":"purchasable","16":"product-type-variable"},"acf":[],"yoast_head":"<!-- This site is optimized with the Yoast SEO plugin v24.1 - https:\/\/yoast.com\/wordpress\/plugins\/seo\/ -->\n<title>Tekstilini\u0173 da\u017e\u0173 kont\u016bras Marabu Fashion Liner 25ml &#8211; Skizze<\/title>\n<meta name=\"robots\" content=\"noindex, follow, max-snippet:-1, max-image-preview:large, max-video-preview:-1\" \/>\n<meta property=\"og:locale\" content=\"lt_LT\" \/>\n<meta property=\"og:type\" content=\"article\" \/>\n<meta property=\"og:title\" content=\"Tekstilini\u0173 da\u017e\u0173 kont\u016bras Marabu Fashion Liner 25ml &#8211; Skizze\" \/>\n<meta property=\"og:description\" content=\"\u0160ie kremin\u0117s tekst\u016bros mink\u0161ti tekstil\u0117s da\u017eai kiekvien\u0105 r\u016bb\u0105 padarys unikaliu. Bekvapiai, atsparus \u0161viesai ir vandens pagrindu pagaminti da\u017eai tinka akcentams, dekoracijoms ir u\u017era\u0161ams kurti. Dekoruoti galima \u012fvairius nemargintus ir tekstil\u0117s mink\u0161tikliu neapdorotus audinius, kuri\u0173 sud\u0117tyje yra ne daugiau nei 20 proc. dirbtinio pluo\u0161to; audinius su u\u017efiksuotais (medviln\u0117s re\u017eimu lyginti 30x30cm 3 minutes arba 8 minutes palaikyti iki 150\u00b0C \u012fkaitintoje orkait\u0117je) da\u017eais galima skalbti ne auk\u0161tesn\u0117je nei 40\u00b0C temperat\u016broje. Skalbiant ir lyginant i\u0161versti \u012f i\u0161virk\u0161\u010di\u0105j\u0105 pus\u0119. Kont\u016briniais da\u017eai \u201eFashion Liner\u201c su da\u017eais \u201eMarabu Fashion Spray\u201c ir \u201eMarabu Silhouette\u201c \u0161ablonais pad\u0117s \u012fgyvendinti J\u016bs\u0173 mados siekius.\" \/>\n<meta property=\"og:url\" content=\"https:\/\/hobstop.ee\/lt\/produktas\/tekstiliniu-dazu-konturas-marabu-fashion-liner-25ml\/\" \/>\n<meta property=\"og:site_name\" content=\"Skizze\" \/>\n<meta property=\"article:publisher\" content=\"http:\/\/www.facebook.com\/VunderSkizze\" \/>\n<meta property=\"og:image\" content=\"https:\/\/hobstop.ee\/media\/3956.jpg\" \/>\n\t<meta property=\"og:image:width\" content=\"1024\" \/>\n\t<meta property=\"og:image:height\" content=\"768\" \/>\n\t<meta property=\"og:image:type\" content=\"image\/jpeg\" \/>\n<meta name=\"twitter:card\" content=\"summary_large_image\" \/>\n<meta name=\"twitter:label1\" content=\"Est. reading time\" \/>\n\t<meta name=\"twitter:data1\" content=\"1 minute\" \/>\n<script type=\"application\/ld+json\" class=\"yoast-schema-graph\">{\"@context\":\"https:\/\/schema.org\",\"@graph\":[{\"@type\":\"WebPage\",\"@id\":\"https:\/\/hobstop.ee\/lt\/produktas\/tekstiliniu-dazu-konturas-marabu-fashion-liner-25ml\/\",\"url\":\"https:\/\/hobstop.ee\/lt\/produktas\/tekstiliniu-dazu-konturas-marabu-fashion-liner-25ml\/\",\"name\":\"Tekstilini\u0173 da\u017e\u0173 kont\u016bras Marabu Fashion Liner 25ml &#8211; Skizze\",\"isPartOf\":{\"@id\":\"https:\/\/hobstop.ee\/lt\/#website\"},\"primaryImageOfPage\":{\"@id\":\"https:\/\/hobstop.ee\/lt\/produktas\/tekstiliniu-dazu-konturas-marabu-fashion-liner-25ml\/#primaryimage\"},\"image\":{\"@id\":\"https:\/\/hobstop.ee\/lt\/produktas\/tekstiliniu-dazu-konturas-marabu-fashion-liner-25ml\/#primaryimage\"},\"thumbnailUrl\":\"https:\/\/hobstop.ee\/media\/3956.jpg\",\"datePublished\":\"2015-08-01T14:19:49+00:00\",\"dateModified\":\"2015-08-01T14:19:49+00:00\",\"breadcrumb\":{\"@id\":\"https:\/\/hobstop.ee\/lt\/produktas\/tekstiliniu-dazu-konturas-marabu-fashion-liner-25ml\/#breadcrumb\"},\"inLanguage\":\"lt\",\"potentialAction\":[{\"@type\":\"ReadAction\",\"target\":[\"https:\/\/hobstop.ee\/lt\/produktas\/tekstiliniu-dazu-konturas-marabu-fashion-liner-25ml\/\"]}]},{\"@type\":\"ImageObject\",\"inLanguage\":\"lt\",\"@id\":\"https:\/\/hobstop.ee\/lt\/produktas\/tekstiliniu-dazu-konturas-marabu-fashion-liner-25ml\/#primaryimage\",\"url\":\"https:\/\/hobstop.ee\/media\/3956.jpg\",\"contentUrl\":\"https:\/\/hobstop.ee\/media\/3956.jpg\",\"width\":1024,\"height\":768},{\"@type\":\"BreadcrumbList\",\"@id\":\"https:\/\/hobstop.ee\/lt\/produktas\/tekstiliniu-dazu-konturas-marabu-fashion-liner-25ml\/#breadcrumb\",\"itemListElement\":[{\"@type\":\"ListItem\",\"position\":1,\"name\":\"Avaleht\",\"item\":\"https:\/\/hobstop.ee\/lt\/\"},{\"@type\":\"ListItem\",\"position\":2,\"name\":\"Parduotuv\u0117\",\"item\":\"https:\/\/hobstop.ee\/lt\/parduotuve\/\"},{\"@type\":\"ListItem\",\"position\":3,\"name\":\"Tekstilini\u0173 da\u017e\u0173 kont\u016bras Marabu Fashion Liner 25ml\"}]},{\"@type\":\"WebSite\",\"@id\":\"https:\/\/hobstop.ee\/lt\/#website\",\"url\":\"https:\/\/hobstop.ee\/lt\/\",\"name\":\"Skizze\",\"description\":\"Dail\u0117s, pom\u0117gi\u0173 ir mokykliniai reikm\u0117nys\",\"publisher\":{\"@id\":\"https:\/\/hobstop.ee\/lt\/#organization\"},\"potentialAction\":[{\"@type\":\"SearchAction\",\"target\":{\"@type\":\"EntryPoint\",\"urlTemplate\":\"https:\/\/hobstop.ee\/lt\/?s={search_term_string}\"},\"query-input\":{\"@type\":\"PropertyValueSpecification\",\"valueRequired\":true,\"valueName\":\"search_term_string\"}}],\"inLanguage\":\"lt\"},{\"@type\":\"Organization\",\"@id\":\"https:\/\/hobstop.ee\/lt\/#organization\",\"name\":\"Vunder AS\",\"url\":\"https:\/\/hobstop.ee\/lt\/\",\"logo\":{\"@type\":\"ImageObject\",\"inLanguage\":\"lt\",\"@id\":\"https:\/\/hobstop.ee\/lt\/#\/schema\/logo\/image\/\",\"url\":\"https:\/\/hobstop.ee\/media\/vunder-logo.png\",\"contentUrl\":\"https:\/\/hobstop.ee\/media\/vunder-logo.png\",\"width\":127,\"height\":55,\"caption\":\"Vunder AS\"},\"image\":{\"@id\":\"https:\/\/hobstop.ee\/lt\/#\/schema\/logo\/image\/\"},\"sameAs\":[\"http:\/\/www.facebook.com\/VunderSkizze\"]}]}<\/script>\n<!-- \/ Yoast SEO plugin. -->","yoast_head_json":{"title":"Tekstilini\u0173 da\u017e\u0173 kont\u016bras Marabu Fashion Liner 25ml &#8211; Skizze","robots":{"index":"noindex","follow":"follow","max-snippet":"max-snippet:-1","max-image-preview":"max-image-preview:large","max-video-preview":"max-video-preview:-1"},"og_locale":"lt_LT","og_type":"article","og_title":"Tekstilini\u0173 da\u017e\u0173 kont\u016bras Marabu Fashion Liner 25ml &#8211; Skizze","og_description":"\u0160ie kremin\u0117s tekst\u016bros mink\u0161ti tekstil\u0117s da\u017eai kiekvien\u0105 r\u016bb\u0105 padarys unikaliu. Bekvapiai, atsparus \u0161viesai ir vandens pagrindu pagaminti da\u017eai tinka akcentams, dekoracijoms ir u\u017era\u0161ams kurti. Dekoruoti galima \u012fvairius nemargintus ir tekstil\u0117s mink\u0161tikliu neapdorotus audinius, kuri\u0173 sud\u0117tyje yra ne daugiau nei 20 proc. dirbtinio pluo\u0161to; audinius su u\u017efiksuotais (medviln\u0117s re\u017eimu lyginti 30x30cm 3 minutes arba 8 minutes palaikyti iki 150\u00b0C \u012fkaitintoje orkait\u0117je) da\u017eais galima skalbti ne auk\u0161tesn\u0117je nei 40\u00b0C temperat\u016broje. Skalbiant ir lyginant i\u0161versti \u012f i\u0161virk\u0161\u010di\u0105j\u0105 pus\u0119. Kont\u016briniais da\u017eai \u201eFashion Liner\u201c su da\u017eais \u201eMarabu Fashion Spray\u201c ir \u201eMarabu Silhouette\u201c \u0161ablonais pad\u0117s \u012fgyvendinti J\u016bs\u0173 mados siekius.","og_url":"https:\/\/hobstop.ee\/lt\/produktas\/tekstiliniu-dazu-konturas-marabu-fashion-liner-25ml\/","og_site_name":"Skizze","article_publisher":"http:\/\/www.facebook.com\/VunderSkizze","og_image":[{"width":1024,"height":768,"url":"https:\/\/hobstop.ee\/media\/3956.jpg","type":"image\/jpeg"}],"twitter_card":"summary_large_image","twitter_misc":{"Est. reading time":"1 minute"},"schema":{"@context":"https:\/\/schema.org","@graph":[{"@type":"WebPage","@id":"https:\/\/hobstop.ee\/lt\/produktas\/tekstiliniu-dazu-konturas-marabu-fashion-liner-25ml\/","url":"https:\/\/hobstop.ee\/lt\/produktas\/tekstiliniu-dazu-konturas-marabu-fashion-liner-25ml\/","name":"Tekstilini\u0173 da\u017e\u0173 kont\u016bras Marabu Fashion Liner 25ml &#8211; Skizze","isPartOf":{"@id":"https:\/\/hobstop.ee\/lt\/#website"},"primaryImageOfPage":{"@id":"https:\/\/hobstop.ee\/lt\/produktas\/tekstiliniu-dazu-konturas-marabu-fashion-liner-25ml\/#primaryimage"},"image":{"@id":"https:\/\/hobstop.ee\/lt\/produktas\/tekstiliniu-dazu-konturas-marabu-fashion-liner-25ml\/#primaryimage"},"thumbnailUrl":"https:\/\/hobstop.ee\/media\/3956.jpg","datePublished":"2015-08-01T14:19:49+00:00","dateModified":"2015-08-01T14:19:49+00:00","breadcrumb":{"@id":"https:\/\/hobstop.ee\/lt\/produktas\/tekstiliniu-dazu-konturas-marabu-fashion-liner-25ml\/#breadcrumb"},"inLanguage":"lt","potentialAction":[{"@type":"ReadAction","target":["https:\/\/hobstop.ee\/lt\/produktas\/tekstiliniu-dazu-konturas-marabu-fashion-liner-25ml\/"]}]},{"@type":"ImageObject","inLanguage":"lt","@id":"https:\/\/hobstop.ee\/lt\/produktas\/tekstiliniu-dazu-konturas-marabu-fashion-liner-25ml\/#primaryimage","url":"https:\/\/hobstop.ee\/media\/3956.jpg","contentUrl":"https:\/\/hobstop.ee\/media\/3956.jpg","width":1024,"height":768},{"@type":"BreadcrumbList","@id":"https:\/\/hobstop.ee\/lt\/produktas\/tekstiliniu-dazu-konturas-marabu-fashion-liner-25ml\/#breadcrumb","itemListElement":[{"@type":"ListItem","position":1,"name":"Avaleht","item":"https:\/\/hobstop.ee\/lt\/"},{"@type":"ListItem","position":2,"name":"Parduotuv\u0117","item":"https:\/\/hobstop.ee\/lt\/parduotuve\/"},{"@type":"ListItem","position":3,"name":"Tekstilini\u0173 da\u017e\u0173 kont\u016bras Marabu Fashion Liner 25ml"}]},{"@type":"WebSite","@id":"https:\/\/hobstop.ee\/lt\/#website","url":"https:\/\/hobstop.ee\/lt\/","name":"Skizze","description":"Dail\u0117s, pom\u0117gi\u0173 ir mokykliniai reikm\u0117nys","publisher":{"@id":"https:\/\/hobstop.ee\/lt\/#organization"},"potentialAction":[{"@type":"SearchAction","target":{"@type":"EntryPoint","urlTemplate":"https:\/\/hobstop.ee\/lt\/?s={search_term_string}"},"query-input":{"@type":"PropertyValueSpecification","valueRequired":true,"valueName":"search_term_string"}}],"inLanguage":"lt"},{"@type":"Organization","@id":"https:\/\/hobstop.ee\/lt\/#organization","name":"Vunder AS","url":"https:\/\/hobstop.ee\/lt\/","logo":{"@type":"ImageObject","inLanguage":"lt","@id":"https:\/\/hobstop.ee\/lt\/#\/schema\/logo\/image\/","url":"https:\/\/hobstop.ee\/media\/vunder-logo.png","contentUrl":"https:\/\/hobstop.ee\/media\/vunder-logo.png","width":127,"height":55,"caption":"Vunder AS"},"image":{"@id":"https:\/\/hobstop.ee\/lt\/#\/schema\/logo\/image\/"},"sameAs":["http:\/\/www.facebook.com\/VunderSkizze"]}]}},"_links":{"self":[{"href":"https:\/\/hobstop.ee\/lt\/wp-json\/wp\/v2\/product\/197377","targetHints":{"allow":["GET"]}}],"collection":[{"href":"https:\/\/hobstop.ee\/lt\/wp-json\/wp\/v2\/product"}],"about":[{"href":"https:\/\/hobstop.ee\/lt\/wp-json\/wp\/v2\/types\/product"}],"replies":[{"embeddable":true,"href":"https:\/\/hobstop.ee\/lt\/wp-json\/wp\/v2\/comments?post=197377"}],"wp:featuredmedia":[{"embeddable":true,"href":"https:\/\/hobstop.ee\/lt\/wp-json\/wp\/v2\/media\/353944"}],"wp:attachment":[{"href":"https:\/\/hobstop.ee\/lt\/wp-json\/wp\/v2\/media?parent=197377"}],"wp:term":[{"taxonomy":"product_cat","embeddable":true,"href":"https:\/\/hobstop.ee\/lt\/wp-json\/wp\/v2\/product_cat?post=197377"},{"taxonomy":"product_tag","embeddable":true,"href":"https:\/\/hobstop.ee\/lt\/wp-json\/wp\/v2\/product_tag?post=197377"}],"curies":[{"name":"wp","href":"https:\/\/api.w.org\/{rel}","templated":true}]}}