{"id":197421,"date":"2015-08-01T17:23:14","date_gmt":"2015-08-01T14:23:14","guid":{"rendered":"http:\/\/vunder-ee.sn25.zone.eu\/lt\/product\/zaislinis-automobilis-automoblox-mini-c9p-sportscar\/"},"modified":"2015-08-01T17:23:14","modified_gmt":"2015-08-01T14:23:14","slug":"zaislinis-automobilis-automoblox-mini-c9p-sportscar","status":"publish","type":"product","link":"https:\/\/hobstop.ee\/lt\/produktas\/zaislinis-automobilis-automoblox-mini-c9p-sportscar\/","title":{"rendered":"\u017daislinis automobilis Automoblox Mini C9p sportscar"},"content":{"rendered":"<p>Modelis \u201eMini C9p\u201c tinka tiek mergait\u0117ms, tiek ir berniukams. Kiekviena mergait\u0117 turi tur\u0117ti bent vien\u0105 automobil\u012f, ir \u201eMini C9p\u201c tam idealiai tinka. Be to, kiekvienas berniukas, turi tur\u0117ti bent vien\u0105 rausv\u0105 daikt\u0105, ir kod\u0117l gi ne automobil\u012f?<br \/>\nDalys: k\u0117bulas (3 dalys), ratlankiai (4vnt.), padangos (4vnt.), stogas (1vnt.)<br \/>\nMatmenys: 9.1&#215;6.3&#215;3.7cm<\/p>\n<p>\u201eAutomoblox Mini\u201c yra suma\u017einta \u201eAutomoblox Original\u201c versija. Tikras ateities automobilis su retro atgarsiais, kuriuo \u0161aunu \u017eaisti, o jo formas liesti. \u201eMini\u201c modeliai turi universal\u0173 dali\u0173 jungikl\u012f, kuriuo galima sujungti \u012fvairias \u201eMini\u201c automobili\u0173 dalis. Automobilio k\u0117bulas yra pagamintas i\u0161 medienos. \u201eMini\u201c ir \u201eOriginals\u201c k\u0117bulo dali\u0173 viena su kita sujungti negalima.<br \/>\nTinka vyresniems nei 3 met\u0173 vaikams, sud\u0117tyje yra smulki\u0173 dali\u0173.<\/p>\n","protected":false},"excerpt":{"rendered":"<p>Modelis \u201eMini C9p\u201c tinka tiek mergait\u0117ms, tiek ir berniukams. Kiekviena mergait\u0117 turi tur\u0117ti bent vien\u0105 automobil\u012f, ir \u201eMini C9p\u201c tam idealiai tinka. Be to, kiekvienas berniukas, turi tur\u0117ti bent vien\u0105 rausv\u0105 daikt\u0105, ir kod\u0117l gi ne automobil\u012f? Dalys: k\u0117bulas (3 dalys), ratlankiai (4vnt.), padangos (4vnt.), stogas (1vnt.) Matmenys: 9.1&#215;6.3&#215;3.7cm \u201eAutomoblox Mini\u201c yra suma\u017einta \u201eAutomoblox Original\u201c versija. Tikras ateities automobilis su retro atgarsiais, kuriuo \u0161aunu \u017eaisti, o jo formas liesti. \u201eMini\u201c modeliai turi universal\u0173 dali\u0173 jungikl\u012f, kuriuo galima sujungti \u012fvairias \u201eMini\u201c automobili\u0173 dalis. Automobilio k\u0117bulas yra pagamintas i\u0161 medienos. \u201eMini\u201c ir \u201eOriginals\u201c k\u0117bulo dali\u0173 viena su kita sujungti negalima. Tinka vyresniems nei 3 met\u0173 vaikams, sud\u0117tyje yra smulki\u0173 dali\u0173.<\/p>\n","protected":false},"featured_media":204592,"comment_status":"closed","ping_status":"closed","template":"","meta":{"_acf_changed":false,"ep_exclude_from_search":false},"product_cat":[20028,19836,20031],"product_tag":[],"class_list":{"0":"post-197421","1":"product","2":"type-product","3":"status-publish","4":"has-post-thumbnail","6":"product_cat-ugdomieji-zaislai","7":"product_cat-vaiku-laisvalaikio-prekes","8":"product_cat-zaislines-masineles","10":"first","11":"instock","12":"taxable","13":"shipping-taxable","14":"purchasable","15":"product-type-variable"},"acf":[],"yoast_head":"<!-- This site is optimized with the Yoast SEO plugin v24.1 - https:\/\/yoast.com\/wordpress\/plugins\/seo\/ -->\n<title>\u017daislinis automobilis Automoblox Mini C9p sportscar &#8211; Skizze<\/title>\n<meta name=\"robots\" content=\"noindex, follow, max-snippet:-1, max-image-preview:large, max-video-preview:-1\" \/>\n<meta property=\"og:locale\" content=\"lt_LT\" \/>\n<meta property=\"og:type\" content=\"article\" \/>\n<meta property=\"og:title\" content=\"\u017daislinis automobilis Automoblox Mini C9p sportscar &#8211; Skizze\" \/>\n<meta property=\"og:description\" content=\"Modelis \u201eMini C9p\u201c tinka tiek mergait\u0117ms, tiek ir berniukams. Kiekviena mergait\u0117 turi tur\u0117ti bent vien\u0105 automobil\u012f, ir \u201eMini C9p\u201c tam idealiai tinka. Be to, kiekvienas berniukas, turi tur\u0117ti bent vien\u0105 rausv\u0105 daikt\u0105, ir kod\u0117l gi ne automobil\u012f? Dalys: k\u0117bulas (3 dalys), ratlankiai (4vnt.), padangos (4vnt.), stogas (1vnt.) Matmenys: 9.1&#215;6.3&#215;3.7cm \u201eAutomoblox Mini\u201c yra suma\u017einta \u201eAutomoblox Original\u201c versija. Tikras ateities automobilis su retro atgarsiais, kuriuo \u0161aunu \u017eaisti, o jo formas liesti. \u201eMini\u201c modeliai turi universal\u0173 dali\u0173 jungikl\u012f, kuriuo galima sujungti \u012fvairias \u201eMini\u201c automobili\u0173 dalis. Automobilio k\u0117bulas yra pagamintas i\u0161 medienos. \u201eMini\u201c ir \u201eOriginals\u201c k\u0117bulo dali\u0173 viena su kita sujungti negalima. Tinka vyresniems nei 3 met\u0173 vaikams, sud\u0117tyje yra smulki\u0173 dali\u0173.\" \/>\n<meta property=\"og:url\" content=\"https:\/\/hobstop.ee\/lt\/produktas\/zaislinis-automobilis-automoblox-mini-c9p-sportscar\/\" \/>\n<meta property=\"og:site_name\" content=\"Skizze\" \/>\n<meta property=\"article:publisher\" content=\"http:\/\/www.facebook.com\/VunderSkizze\" \/>\n<meta property=\"og:image\" content=\"https:\/\/hobstop.ee\/media\/3967.jpg\" \/>\n\t<meta property=\"og:image:width\" content=\"1024\" \/>\n\t<meta property=\"og:image:height\" content=\"768\" \/>\n\t<meta property=\"og:image:type\" content=\"image\/jpeg\" \/>\n<meta name=\"twitter:card\" content=\"summary_large_image\" \/>\n<meta name=\"twitter:label1\" content=\"Est. reading time\" \/>\n\t<meta name=\"twitter:data1\" content=\"1 minute\" \/>\n<script type=\"application\/ld+json\" class=\"yoast-schema-graph\">{\"@context\":\"https:\/\/schema.org\",\"@graph\":[{\"@type\":\"WebPage\",\"@id\":\"https:\/\/hobstop.ee\/lt\/produktas\/zaislinis-automobilis-automoblox-mini-c9p-sportscar\/\",\"url\":\"https:\/\/hobstop.ee\/lt\/produktas\/zaislinis-automobilis-automoblox-mini-c9p-sportscar\/\",\"name\":\"\u017daislinis automobilis Automoblox Mini C9p sportscar &#8211; Skizze\",\"isPartOf\":{\"@id\":\"https:\/\/hobstop.ee\/lt\/#website\"},\"primaryImageOfPage\":{\"@id\":\"https:\/\/hobstop.ee\/lt\/produktas\/zaislinis-automobilis-automoblox-mini-c9p-sportscar\/#primaryimage\"},\"image\":{\"@id\":\"https:\/\/hobstop.ee\/lt\/produktas\/zaislinis-automobilis-automoblox-mini-c9p-sportscar\/#primaryimage\"},\"thumbnailUrl\":\"https:\/\/hobstop.ee\/media\/3967.jpg\",\"datePublished\":\"2015-08-01T14:23:14+00:00\",\"dateModified\":\"2015-08-01T14:23:14+00:00\",\"breadcrumb\":{\"@id\":\"https:\/\/hobstop.ee\/lt\/produktas\/zaislinis-automobilis-automoblox-mini-c9p-sportscar\/#breadcrumb\"},\"inLanguage\":\"lt\",\"potentialAction\":[{\"@type\":\"ReadAction\",\"target\":[\"https:\/\/hobstop.ee\/lt\/produktas\/zaislinis-automobilis-automoblox-mini-c9p-sportscar\/\"]}]},{\"@type\":\"ImageObject\",\"inLanguage\":\"lt\",\"@id\":\"https:\/\/hobstop.ee\/lt\/produktas\/zaislinis-automobilis-automoblox-mini-c9p-sportscar\/#primaryimage\",\"url\":\"https:\/\/hobstop.ee\/media\/3967.jpg\",\"contentUrl\":\"https:\/\/hobstop.ee\/media\/3967.jpg\",\"width\":1024,\"height\":768},{\"@type\":\"BreadcrumbList\",\"@id\":\"https:\/\/hobstop.ee\/lt\/produktas\/zaislinis-automobilis-automoblox-mini-c9p-sportscar\/#breadcrumb\",\"itemListElement\":[{\"@type\":\"ListItem\",\"position\":1,\"name\":\"Avaleht\",\"item\":\"https:\/\/hobstop.ee\/lt\/\"},{\"@type\":\"ListItem\",\"position\":2,\"name\":\"Parduotuv\u0117\",\"item\":\"https:\/\/hobstop.ee\/lt\/parduotuve\/\"},{\"@type\":\"ListItem\",\"position\":3,\"name\":\"\u017daislinis automobilis Automoblox Mini C9p sportscar\"}]},{\"@type\":\"WebSite\",\"@id\":\"https:\/\/hobstop.ee\/lt\/#website\",\"url\":\"https:\/\/hobstop.ee\/lt\/\",\"name\":\"Skizze\",\"description\":\"Dail\u0117s, pom\u0117gi\u0173 ir mokykliniai reikm\u0117nys\",\"publisher\":{\"@id\":\"https:\/\/hobstop.ee\/lt\/#organization\"},\"potentialAction\":[{\"@type\":\"SearchAction\",\"target\":{\"@type\":\"EntryPoint\",\"urlTemplate\":\"https:\/\/hobstop.ee\/lt\/?s={search_term_string}\"},\"query-input\":{\"@type\":\"PropertyValueSpecification\",\"valueRequired\":true,\"valueName\":\"search_term_string\"}}],\"inLanguage\":\"lt\"},{\"@type\":\"Organization\",\"@id\":\"https:\/\/hobstop.ee\/lt\/#organization\",\"name\":\"Vunder AS\",\"url\":\"https:\/\/hobstop.ee\/lt\/\",\"logo\":{\"@type\":\"ImageObject\",\"inLanguage\":\"lt\",\"@id\":\"https:\/\/hobstop.ee\/lt\/#\/schema\/logo\/image\/\",\"url\":\"https:\/\/hobstop.ee\/media\/vunder-logo.png\",\"contentUrl\":\"https:\/\/hobstop.ee\/media\/vunder-logo.png\",\"width\":127,\"height\":55,\"caption\":\"Vunder AS\"},\"image\":{\"@id\":\"https:\/\/hobstop.ee\/lt\/#\/schema\/logo\/image\/\"},\"sameAs\":[\"http:\/\/www.facebook.com\/VunderSkizze\"]}]}<\/script>\n<!-- \/ Yoast SEO plugin. -->","yoast_head_json":{"title":"\u017daislinis automobilis Automoblox Mini C9p sportscar &#8211; Skizze","robots":{"index":"noindex","follow":"follow","max-snippet":"max-snippet:-1","max-image-preview":"max-image-preview:large","max-video-preview":"max-video-preview:-1"},"og_locale":"lt_LT","og_type":"article","og_title":"\u017daislinis automobilis Automoblox Mini C9p sportscar &#8211; Skizze","og_description":"Modelis \u201eMini C9p\u201c tinka tiek mergait\u0117ms, tiek ir berniukams. Kiekviena mergait\u0117 turi tur\u0117ti bent vien\u0105 automobil\u012f, ir \u201eMini C9p\u201c tam idealiai tinka. Be to, kiekvienas berniukas, turi tur\u0117ti bent vien\u0105 rausv\u0105 daikt\u0105, ir kod\u0117l gi ne automobil\u012f? Dalys: k\u0117bulas (3 dalys), ratlankiai (4vnt.), padangos (4vnt.), stogas (1vnt.) Matmenys: 9.1&#215;6.3&#215;3.7cm \u201eAutomoblox Mini\u201c yra suma\u017einta \u201eAutomoblox Original\u201c versija. Tikras ateities automobilis su retro atgarsiais, kuriuo \u0161aunu \u017eaisti, o jo formas liesti. \u201eMini\u201c modeliai turi universal\u0173 dali\u0173 jungikl\u012f, kuriuo galima sujungti \u012fvairias \u201eMini\u201c automobili\u0173 dalis. Automobilio k\u0117bulas yra pagamintas i\u0161 medienos. \u201eMini\u201c ir \u201eOriginals\u201c k\u0117bulo dali\u0173 viena su kita sujungti negalima. Tinka vyresniems nei 3 met\u0173 vaikams, sud\u0117tyje yra smulki\u0173 dali\u0173.","og_url":"https:\/\/hobstop.ee\/lt\/produktas\/zaislinis-automobilis-automoblox-mini-c9p-sportscar\/","og_site_name":"Skizze","article_publisher":"http:\/\/www.facebook.com\/VunderSkizze","og_image":[{"width":1024,"height":768,"url":"https:\/\/hobstop.ee\/media\/3967.jpg","type":"image\/jpeg"}],"twitter_card":"summary_large_image","twitter_misc":{"Est. reading time":"1 minute"},"schema":{"@context":"https:\/\/schema.org","@graph":[{"@type":"WebPage","@id":"https:\/\/hobstop.ee\/lt\/produktas\/zaislinis-automobilis-automoblox-mini-c9p-sportscar\/","url":"https:\/\/hobstop.ee\/lt\/produktas\/zaislinis-automobilis-automoblox-mini-c9p-sportscar\/","name":"\u017daislinis automobilis Automoblox Mini C9p sportscar &#8211; Skizze","isPartOf":{"@id":"https:\/\/hobstop.ee\/lt\/#website"},"primaryImageOfPage":{"@id":"https:\/\/hobstop.ee\/lt\/produktas\/zaislinis-automobilis-automoblox-mini-c9p-sportscar\/#primaryimage"},"image":{"@id":"https:\/\/hobstop.ee\/lt\/produktas\/zaislinis-automobilis-automoblox-mini-c9p-sportscar\/#primaryimage"},"thumbnailUrl":"https:\/\/hobstop.ee\/media\/3967.jpg","datePublished":"2015-08-01T14:23:14+00:00","dateModified":"2015-08-01T14:23:14+00:00","breadcrumb":{"@id":"https:\/\/hobstop.ee\/lt\/produktas\/zaislinis-automobilis-automoblox-mini-c9p-sportscar\/#breadcrumb"},"inLanguage":"lt","potentialAction":[{"@type":"ReadAction","target":["https:\/\/hobstop.ee\/lt\/produktas\/zaislinis-automobilis-automoblox-mini-c9p-sportscar\/"]}]},{"@type":"ImageObject","inLanguage":"lt","@id":"https:\/\/hobstop.ee\/lt\/produktas\/zaislinis-automobilis-automoblox-mini-c9p-sportscar\/#primaryimage","url":"https:\/\/hobstop.ee\/media\/3967.jpg","contentUrl":"https:\/\/hobstop.ee\/media\/3967.jpg","width":1024,"height":768},{"@type":"BreadcrumbList","@id":"https:\/\/hobstop.ee\/lt\/produktas\/zaislinis-automobilis-automoblox-mini-c9p-sportscar\/#breadcrumb","itemListElement":[{"@type":"ListItem","position":1,"name":"Avaleht","item":"https:\/\/hobstop.ee\/lt\/"},{"@type":"ListItem","position":2,"name":"Parduotuv\u0117","item":"https:\/\/hobstop.ee\/lt\/parduotuve\/"},{"@type":"ListItem","position":3,"name":"\u017daislinis automobilis Automoblox Mini C9p sportscar"}]},{"@type":"WebSite","@id":"https:\/\/hobstop.ee\/lt\/#website","url":"https:\/\/hobstop.ee\/lt\/","name":"Skizze","description":"Dail\u0117s, pom\u0117gi\u0173 ir mokykliniai reikm\u0117nys","publisher":{"@id":"https:\/\/hobstop.ee\/lt\/#organization"},"potentialAction":[{"@type":"SearchAction","target":{"@type":"EntryPoint","urlTemplate":"https:\/\/hobstop.ee\/lt\/?s={search_term_string}"},"query-input":{"@type":"PropertyValueSpecification","valueRequired":true,"valueName":"search_term_string"}}],"inLanguage":"lt"},{"@type":"Organization","@id":"https:\/\/hobstop.ee\/lt\/#organization","name":"Vunder AS","url":"https:\/\/hobstop.ee\/lt\/","logo":{"@type":"ImageObject","inLanguage":"lt","@id":"https:\/\/hobstop.ee\/lt\/#\/schema\/logo\/image\/","url":"https:\/\/hobstop.ee\/media\/vunder-logo.png","contentUrl":"https:\/\/hobstop.ee\/media\/vunder-logo.png","width":127,"height":55,"caption":"Vunder AS"},"image":{"@id":"https:\/\/hobstop.ee\/lt\/#\/schema\/logo\/image\/"},"sameAs":["http:\/\/www.facebook.com\/VunderSkizze"]}]}},"_links":{"self":[{"href":"https:\/\/hobstop.ee\/lt\/wp-json\/wp\/v2\/product\/197421","targetHints":{"allow":["GET"]}}],"collection":[{"href":"https:\/\/hobstop.ee\/lt\/wp-json\/wp\/v2\/product"}],"about":[{"href":"https:\/\/hobstop.ee\/lt\/wp-json\/wp\/v2\/types\/product"}],"replies":[{"embeddable":true,"href":"https:\/\/hobstop.ee\/lt\/wp-json\/wp\/v2\/comments?post=197421"}],"wp:featuredmedia":[{"embeddable":true,"href":"https:\/\/hobstop.ee\/lt\/wp-json\/wp\/v2\/media\/204592"}],"wp:attachment":[{"href":"https:\/\/hobstop.ee\/lt\/wp-json\/wp\/v2\/media?parent=197421"}],"wp:term":[{"taxonomy":"product_cat","embeddable":true,"href":"https:\/\/hobstop.ee\/lt\/wp-json\/wp\/v2\/product_cat?post=197421"},{"taxonomy":"product_tag","embeddable":true,"href":"https:\/\/hobstop.ee\/lt\/wp-json\/wp\/v2\/product_tag?post=197421"}],"curies":[{"name":"wp","href":"https:\/\/api.w.org\/{rel}","templated":true}]}}