{"id":209458,"date":"2015-09-07T13:28:02","date_gmt":"2015-09-07T10:28:02","guid":{"rendered":"http:\/\/vunder-ee.sn25.zone.eu\/lt\/product\/akriliniai-dazai-sennelier-abstract-500ml\/"},"modified":"2015-09-07T13:28:02","modified_gmt":"2015-09-07T10:28:02","slug":"akriliniai-dazai-sennelier-abstract-500ml","status":"publish","type":"product","link":"https:\/\/hobstop.ee\/lt\/produktas\/akriliniai-dazai-sennelier-abstract-500ml\/","title":{"rendered":"Akriliniai da\u017eai Sennelier Abstract 500ml"},"content":{"rendered":"<p>Akriliniai da\u017eai \u201eAbstract\u201c yra \u201eSennelier\u201c ekspert\u0173 laboratorijos komandos trij\u0173 met\u0173 tiriam\u0173j\u0173 darb\u0173 rezultatas. Tai \u2013 auk\u0161\u010diausios klas\u0117s akriliniai da\u017eai, atitinkantys grie\u017etus kokyb\u0117s reikalavimus, kurie yra \u201eSennelier\u201c da\u017e\u0173 garantija \u2013 juose naudojam\u0173 pigment\u0173 koncentracija da\u017eams suteikia kremin\u0119 ar tir\u0161t\u0105, kietok\u0105 konsistencij\u0105, tod\u0117l da\u017eai turi puikias dengiam\u0105sias savybes. \u0160i\u0105 past\u0105 labai patogu tepti teptuku, da\u017e\u0173 mentele ar tiesiog i\u0161spausti tiesiai i\u0161 mink\u0161tos pakuot\u0117s. Da\u017eais lengva dengti \u012fvairius pavir\u0161ius, tod\u0117l jais mielai naudojasi studentai, tapytojai, gatv\u0117s menininkai ir kiti k\u016br\u0117jai.<br \/>\nNaujovi\u0161ka, eleganti\u0161ka ir patogi mink\u0161ta mai\u0161elio formos pakuot\u0117 turi kelis privalumus. Ji patogiai telpa \u012f rank\u0105, tod\u0117l j\u0105 yra kur kas patogiau naudoti. Mai\u0161elis yra tvirtas, j\u012f patogu pasiimti su savimi, ir skirtingai nuo t\u016bbel\u0117s, jei ant jo atsitiktinai u\u017elipsite, jis puikiai atlaikys spaudim\u0105! Da\u017eai ilgiau i\u0161laiko savo savybes, nes \u012f mai\u0161el\u012f nepatenka oras. Da\u017eus galima i\u0161naudoti iki galo, j\u0173 nelieka mai\u0161elyje, juose nesusidaro oro burbuliuk\u0173, tod\u0117l da\u017eai nesita\u0161ko.<\/p>\n","protected":false},"excerpt":{"rendered":"<p>Akriliniai da\u017eai \u201eAbstract\u201c yra \u201eSennelier\u201c ekspert\u0173 laboratorijos komandos trij\u0173 met\u0173 tiriam\u0173j\u0173 darb\u0173 rezultatas. Tai \u2013 auk\u0161\u010diausios klas\u0117s akriliniai da\u017eai, atitinkantys grie\u017etus kokyb\u0117s reikalavimus, kurie yra \u201eSennelier\u201c da\u017e\u0173 garantija \u2013 juose naudojam\u0173 pigment\u0173 koncentracija da\u017eams suteikia kremin\u0119 ar tir\u0161t\u0105, kietok\u0105 konsistencij\u0105, tod\u0117l da\u017eai turi puikias dengiam\u0105sias savybes. \u0160i\u0105 past\u0105 labai patogu tepti teptuku, da\u017e\u0173 mentele ar tiesiog i\u0161spausti tiesiai i\u0161 mink\u0161tos pakuot\u0117s. Da\u017eais lengva dengti \u012fvairius pavir\u0161ius, tod\u0117l jais mielai naudojasi studentai, tapytojai, gatv\u0117s menininkai ir kiti k\u016br\u0117jai. Naujovi\u0161ka, eleganti\u0161ka ir patogi mink\u0161ta mai\u0161elio formos pakuot\u0117 turi kelis privalumus. Ji patogiai telpa \u012f rank\u0105, tod\u0117l j\u0105 yra kur kas patogiau naudoti. Mai\u0161elis yra tvirtas, j\u012f patogu pasiimti su savimi, ir skirtingai nuo t\u016bbel\u0117s, jei ant jo atsitiktinai u\u017elipsite, jis puikiai atlaikys spaudim\u0105! Da\u017eai ilgiau i\u0161laiko savo savybes, nes \u012f mai\u0161el\u012f nepatenka oras. Da\u017eus galima i\u0161naudoti iki galo, j\u0173 nelieka mai\u0161elyje, juose nesusidaro oro burbuliuk\u0173, tod\u0117l da\u017eai nesita\u0161ko.<\/p>\n","protected":false},"featured_media":209952,"comment_status":"closed","ping_status":"closed","template":"","meta":{"_acf_changed":false,"ep_exclude_from_search":false},"product_cat":[18995,16124,17981],"product_tag":[],"class_list":{"0":"post-209458","1":"product","2":"type-product","3":"status-publish","4":"has-post-thumbnail","6":"product_cat-akriliniai-dazai-4","7":"product_cat-dailes-prekes","8":"product_cat-dazai-ir-priedai-tapybai","10":"first","11":"instock","12":"taxable","13":"shipping-taxable","14":"purchasable","15":"product-type-variable"},"acf":[],"yoast_head":"<!-- This site is optimized with the Yoast SEO plugin v24.1 - https:\/\/yoast.com\/wordpress\/plugins\/seo\/ -->\n<title>Akriliniai da\u017eai Sennelier Abstract 500ml &#8211; Skizze<\/title>\n<meta name=\"robots\" content=\"noindex, follow, max-snippet:-1, max-image-preview:large, max-video-preview:-1\" \/>\n<meta property=\"og:locale\" content=\"lt_LT\" \/>\n<meta property=\"og:type\" content=\"article\" \/>\n<meta property=\"og:title\" content=\"Akriliniai da\u017eai Sennelier Abstract 500ml &#8211; Skizze\" \/>\n<meta property=\"og:description\" content=\"Akriliniai da\u017eai \u201eAbstract\u201c yra \u201eSennelier\u201c ekspert\u0173 laboratorijos komandos trij\u0173 met\u0173 tiriam\u0173j\u0173 darb\u0173 rezultatas. Tai \u2013 auk\u0161\u010diausios klas\u0117s akriliniai da\u017eai, atitinkantys grie\u017etus kokyb\u0117s reikalavimus, kurie yra \u201eSennelier\u201c da\u017e\u0173 garantija \u2013 juose naudojam\u0173 pigment\u0173 koncentracija da\u017eams suteikia kremin\u0119 ar tir\u0161t\u0105, kietok\u0105 konsistencij\u0105, tod\u0117l da\u017eai turi puikias dengiam\u0105sias savybes. \u0160i\u0105 past\u0105 labai patogu tepti teptuku, da\u017e\u0173 mentele ar tiesiog i\u0161spausti tiesiai i\u0161 mink\u0161tos pakuot\u0117s. Da\u017eais lengva dengti \u012fvairius pavir\u0161ius, tod\u0117l jais mielai naudojasi studentai, tapytojai, gatv\u0117s menininkai ir kiti k\u016br\u0117jai. Naujovi\u0161ka, eleganti\u0161ka ir patogi mink\u0161ta mai\u0161elio formos pakuot\u0117 turi kelis privalumus. Ji patogiai telpa \u012f rank\u0105, tod\u0117l j\u0105 yra kur kas patogiau naudoti. Mai\u0161elis yra tvirtas, j\u012f patogu pasiimti su savimi, ir skirtingai nuo t\u016bbel\u0117s, jei ant jo atsitiktinai u\u017elipsite, jis puikiai atlaikys spaudim\u0105! Da\u017eai ilgiau i\u0161laiko savo savybes, nes \u012f mai\u0161el\u012f nepatenka oras. Da\u017eus galima i\u0161naudoti iki galo, j\u0173 nelieka mai\u0161elyje, juose nesusidaro oro burbuliuk\u0173, tod\u0117l da\u017eai nesita\u0161ko.\" \/>\n<meta property=\"og:url\" content=\"https:\/\/hobstop.ee\/lt\/produktas\/akriliniai-dazai-sennelier-abstract-500ml\/\" \/>\n<meta property=\"og:site_name\" content=\"Skizze\" \/>\n<meta property=\"article:publisher\" content=\"http:\/\/www.facebook.com\/VunderSkizze\" \/>\n<meta property=\"og:image\" content=\"https:\/\/hobstop.ee\/media\/3980.jpg\" \/>\n\t<meta property=\"og:image:width\" content=\"1024\" \/>\n\t<meta property=\"og:image:height\" content=\"768\" \/>\n\t<meta property=\"og:image:type\" content=\"image\/jpeg\" \/>\n<meta name=\"twitter:card\" content=\"summary_large_image\" \/>\n<meta name=\"twitter:label1\" content=\"Est. reading time\" \/>\n\t<meta name=\"twitter:data1\" content=\"1 minute\" \/>\n<script type=\"application\/ld+json\" class=\"yoast-schema-graph\">{\"@context\":\"https:\/\/schema.org\",\"@graph\":[{\"@type\":\"WebPage\",\"@id\":\"https:\/\/hobstop.ee\/lt\/produktas\/akriliniai-dazai-sennelier-abstract-500ml\/\",\"url\":\"https:\/\/hobstop.ee\/lt\/produktas\/akriliniai-dazai-sennelier-abstract-500ml\/\",\"name\":\"Akriliniai da\u017eai Sennelier Abstract 500ml &#8211; Skizze\",\"isPartOf\":{\"@id\":\"https:\/\/hobstop.ee\/lt\/#website\"},\"primaryImageOfPage\":{\"@id\":\"https:\/\/hobstop.ee\/lt\/produktas\/akriliniai-dazai-sennelier-abstract-500ml\/#primaryimage\"},\"image\":{\"@id\":\"https:\/\/hobstop.ee\/lt\/produktas\/akriliniai-dazai-sennelier-abstract-500ml\/#primaryimage\"},\"thumbnailUrl\":\"https:\/\/hobstop.ee\/media\/3980.jpg\",\"datePublished\":\"2015-09-07T10:28:02+00:00\",\"dateModified\":\"2015-09-07T10:28:02+00:00\",\"breadcrumb\":{\"@id\":\"https:\/\/hobstop.ee\/lt\/produktas\/akriliniai-dazai-sennelier-abstract-500ml\/#breadcrumb\"},\"inLanguage\":\"lt\",\"potentialAction\":[{\"@type\":\"ReadAction\",\"target\":[\"https:\/\/hobstop.ee\/lt\/produktas\/akriliniai-dazai-sennelier-abstract-500ml\/\"]}]},{\"@type\":\"ImageObject\",\"inLanguage\":\"lt\",\"@id\":\"https:\/\/hobstop.ee\/lt\/produktas\/akriliniai-dazai-sennelier-abstract-500ml\/#primaryimage\",\"url\":\"https:\/\/hobstop.ee\/media\/3980.jpg\",\"contentUrl\":\"https:\/\/hobstop.ee\/media\/3980.jpg\",\"width\":1024,\"height\":768},{\"@type\":\"BreadcrumbList\",\"@id\":\"https:\/\/hobstop.ee\/lt\/produktas\/akriliniai-dazai-sennelier-abstract-500ml\/#breadcrumb\",\"itemListElement\":[{\"@type\":\"ListItem\",\"position\":1,\"name\":\"Avaleht\",\"item\":\"https:\/\/hobstop.ee\/lt\/\"},{\"@type\":\"ListItem\",\"position\":2,\"name\":\"Parduotuv\u0117\",\"item\":\"https:\/\/hobstop.ee\/lt\/parduotuve\/\"},{\"@type\":\"ListItem\",\"position\":3,\"name\":\"Akriliniai da\u017eai Sennelier Abstract 500ml\"}]},{\"@type\":\"WebSite\",\"@id\":\"https:\/\/hobstop.ee\/lt\/#website\",\"url\":\"https:\/\/hobstop.ee\/lt\/\",\"name\":\"Skizze\",\"description\":\"Dail\u0117s, pom\u0117gi\u0173 ir mokykliniai reikm\u0117nys\",\"publisher\":{\"@id\":\"https:\/\/hobstop.ee\/lt\/#organization\"},\"potentialAction\":[{\"@type\":\"SearchAction\",\"target\":{\"@type\":\"EntryPoint\",\"urlTemplate\":\"https:\/\/hobstop.ee\/lt\/?s={search_term_string}\"},\"query-input\":{\"@type\":\"PropertyValueSpecification\",\"valueRequired\":true,\"valueName\":\"search_term_string\"}}],\"inLanguage\":\"lt\"},{\"@type\":\"Organization\",\"@id\":\"https:\/\/hobstop.ee\/lt\/#organization\",\"name\":\"Vunder AS\",\"url\":\"https:\/\/hobstop.ee\/lt\/\",\"logo\":{\"@type\":\"ImageObject\",\"inLanguage\":\"lt\",\"@id\":\"https:\/\/hobstop.ee\/lt\/#\/schema\/logo\/image\/\",\"url\":\"https:\/\/hobstop.ee\/media\/vunder-logo.png\",\"contentUrl\":\"https:\/\/hobstop.ee\/media\/vunder-logo.png\",\"width\":127,\"height\":55,\"caption\":\"Vunder AS\"},\"image\":{\"@id\":\"https:\/\/hobstop.ee\/lt\/#\/schema\/logo\/image\/\"},\"sameAs\":[\"http:\/\/www.facebook.com\/VunderSkizze\"]}]}<\/script>\n<!-- \/ Yoast SEO plugin. -->","yoast_head_json":{"title":"Akriliniai da\u017eai Sennelier Abstract 500ml &#8211; Skizze","robots":{"index":"noindex","follow":"follow","max-snippet":"max-snippet:-1","max-image-preview":"max-image-preview:large","max-video-preview":"max-video-preview:-1"},"og_locale":"lt_LT","og_type":"article","og_title":"Akriliniai da\u017eai Sennelier Abstract 500ml &#8211; Skizze","og_description":"Akriliniai da\u017eai \u201eAbstract\u201c yra \u201eSennelier\u201c ekspert\u0173 laboratorijos komandos trij\u0173 met\u0173 tiriam\u0173j\u0173 darb\u0173 rezultatas. Tai \u2013 auk\u0161\u010diausios klas\u0117s akriliniai da\u017eai, atitinkantys grie\u017etus kokyb\u0117s reikalavimus, kurie yra \u201eSennelier\u201c da\u017e\u0173 garantija \u2013 juose naudojam\u0173 pigment\u0173 koncentracija da\u017eams suteikia kremin\u0119 ar tir\u0161t\u0105, kietok\u0105 konsistencij\u0105, tod\u0117l da\u017eai turi puikias dengiam\u0105sias savybes. \u0160i\u0105 past\u0105 labai patogu tepti teptuku, da\u017e\u0173 mentele ar tiesiog i\u0161spausti tiesiai i\u0161 mink\u0161tos pakuot\u0117s. Da\u017eais lengva dengti \u012fvairius pavir\u0161ius, tod\u0117l jais mielai naudojasi studentai, tapytojai, gatv\u0117s menininkai ir kiti k\u016br\u0117jai. Naujovi\u0161ka, eleganti\u0161ka ir patogi mink\u0161ta mai\u0161elio formos pakuot\u0117 turi kelis privalumus. Ji patogiai telpa \u012f rank\u0105, tod\u0117l j\u0105 yra kur kas patogiau naudoti. Mai\u0161elis yra tvirtas, j\u012f patogu pasiimti su savimi, ir skirtingai nuo t\u016bbel\u0117s, jei ant jo atsitiktinai u\u017elipsite, jis puikiai atlaikys spaudim\u0105! Da\u017eai ilgiau i\u0161laiko savo savybes, nes \u012f mai\u0161el\u012f nepatenka oras. Da\u017eus galima i\u0161naudoti iki galo, j\u0173 nelieka mai\u0161elyje, juose nesusidaro oro burbuliuk\u0173, tod\u0117l da\u017eai nesita\u0161ko.","og_url":"https:\/\/hobstop.ee\/lt\/produktas\/akriliniai-dazai-sennelier-abstract-500ml\/","og_site_name":"Skizze","article_publisher":"http:\/\/www.facebook.com\/VunderSkizze","og_image":[{"width":1024,"height":768,"url":"https:\/\/hobstop.ee\/media\/3980.jpg","type":"image\/jpeg"}],"twitter_card":"summary_large_image","twitter_misc":{"Est. reading time":"1 minute"},"schema":{"@context":"https:\/\/schema.org","@graph":[{"@type":"WebPage","@id":"https:\/\/hobstop.ee\/lt\/produktas\/akriliniai-dazai-sennelier-abstract-500ml\/","url":"https:\/\/hobstop.ee\/lt\/produktas\/akriliniai-dazai-sennelier-abstract-500ml\/","name":"Akriliniai da\u017eai Sennelier Abstract 500ml &#8211; Skizze","isPartOf":{"@id":"https:\/\/hobstop.ee\/lt\/#website"},"primaryImageOfPage":{"@id":"https:\/\/hobstop.ee\/lt\/produktas\/akriliniai-dazai-sennelier-abstract-500ml\/#primaryimage"},"image":{"@id":"https:\/\/hobstop.ee\/lt\/produktas\/akriliniai-dazai-sennelier-abstract-500ml\/#primaryimage"},"thumbnailUrl":"https:\/\/hobstop.ee\/media\/3980.jpg","datePublished":"2015-09-07T10:28:02+00:00","dateModified":"2015-09-07T10:28:02+00:00","breadcrumb":{"@id":"https:\/\/hobstop.ee\/lt\/produktas\/akriliniai-dazai-sennelier-abstract-500ml\/#breadcrumb"},"inLanguage":"lt","potentialAction":[{"@type":"ReadAction","target":["https:\/\/hobstop.ee\/lt\/produktas\/akriliniai-dazai-sennelier-abstract-500ml\/"]}]},{"@type":"ImageObject","inLanguage":"lt","@id":"https:\/\/hobstop.ee\/lt\/produktas\/akriliniai-dazai-sennelier-abstract-500ml\/#primaryimage","url":"https:\/\/hobstop.ee\/media\/3980.jpg","contentUrl":"https:\/\/hobstop.ee\/media\/3980.jpg","width":1024,"height":768},{"@type":"BreadcrumbList","@id":"https:\/\/hobstop.ee\/lt\/produktas\/akriliniai-dazai-sennelier-abstract-500ml\/#breadcrumb","itemListElement":[{"@type":"ListItem","position":1,"name":"Avaleht","item":"https:\/\/hobstop.ee\/lt\/"},{"@type":"ListItem","position":2,"name":"Parduotuv\u0117","item":"https:\/\/hobstop.ee\/lt\/parduotuve\/"},{"@type":"ListItem","position":3,"name":"Akriliniai da\u017eai Sennelier Abstract 500ml"}]},{"@type":"WebSite","@id":"https:\/\/hobstop.ee\/lt\/#website","url":"https:\/\/hobstop.ee\/lt\/","name":"Skizze","description":"Dail\u0117s, pom\u0117gi\u0173 ir mokykliniai reikm\u0117nys","publisher":{"@id":"https:\/\/hobstop.ee\/lt\/#organization"},"potentialAction":[{"@type":"SearchAction","target":{"@type":"EntryPoint","urlTemplate":"https:\/\/hobstop.ee\/lt\/?s={search_term_string}"},"query-input":{"@type":"PropertyValueSpecification","valueRequired":true,"valueName":"search_term_string"}}],"inLanguage":"lt"},{"@type":"Organization","@id":"https:\/\/hobstop.ee\/lt\/#organization","name":"Vunder AS","url":"https:\/\/hobstop.ee\/lt\/","logo":{"@type":"ImageObject","inLanguage":"lt","@id":"https:\/\/hobstop.ee\/lt\/#\/schema\/logo\/image\/","url":"https:\/\/hobstop.ee\/media\/vunder-logo.png","contentUrl":"https:\/\/hobstop.ee\/media\/vunder-logo.png","width":127,"height":55,"caption":"Vunder AS"},"image":{"@id":"https:\/\/hobstop.ee\/lt\/#\/schema\/logo\/image\/"},"sameAs":["http:\/\/www.facebook.com\/VunderSkizze"]}]}},"_links":{"self":[{"href":"https:\/\/hobstop.ee\/lt\/wp-json\/wp\/v2\/product\/209458","targetHints":{"allow":["GET"]}}],"collection":[{"href":"https:\/\/hobstop.ee\/lt\/wp-json\/wp\/v2\/product"}],"about":[{"href":"https:\/\/hobstop.ee\/lt\/wp-json\/wp\/v2\/types\/product"}],"replies":[{"embeddable":true,"href":"https:\/\/hobstop.ee\/lt\/wp-json\/wp\/v2\/comments?post=209458"}],"wp:featuredmedia":[{"embeddable":true,"href":"https:\/\/hobstop.ee\/lt\/wp-json\/wp\/v2\/media\/209952"}],"wp:attachment":[{"href":"https:\/\/hobstop.ee\/lt\/wp-json\/wp\/v2\/media?parent=209458"}],"wp:term":[{"taxonomy":"product_cat","embeddable":true,"href":"https:\/\/hobstop.ee\/lt\/wp-json\/wp\/v2\/product_cat?post=209458"},{"taxonomy":"product_tag","embeddable":true,"href":"https:\/\/hobstop.ee\/lt\/wp-json\/wp\/v2\/product_tag?post=209458"}],"curies":[{"name":"wp","href":"https:\/\/api.w.org\/{rel}","templated":true}]}}