{"id":209462,"date":"2015-09-07T13:28:04","date_gmt":"2015-09-07T10:28:04","guid":{"rendered":"http:\/\/vunder-ee.sn25.zone.eu\/lt\/product\/akriliniai-dazai-raphael-campus-100ml\/"},"modified":"2015-09-07T13:28:04","modified_gmt":"2015-09-07T10:28:04","slug":"akriliniai-dazai-raphael-campus-100ml","status":"publish","type":"product","link":"https:\/\/hobstop.ee\/lt\/produktas\/akriliniai-dazai-raphael-campus-100ml\/","title":{"rendered":"Akriliniai da\u017eai Raphael Campus 100ml"},"content":{"rendered":"<p>Ry\u0161ki\u0173 intensyvi\u0173 spalv\u0173 akriliniai da\u017eai, i\u0161d\u017eiuv\u0119 tampa blizg\u016bs. Pla\u010di\u0173 galimybi\u0173 da\u017eams mai\u0161yti suteikianti turtinga spalv\u0173 palet\u0117. Aliejinius da\u017eus ir sviest\u0105 primenanti tekst\u016bra, ne per daug skysta, ir ne per tir\u0161ta. Sud\u0117tyje yra kokybi\u0161k\u0173 ir tinkamos koncentracijos pigment\u0173, tod\u0117l da\u017eai yra puikiai dengiantys ir ry\u0161ki\u0173 spalv\u0173. I\u0161d\u017ei\u016bv\u0119 sudaro negeltonuojan\u010di\u0105, netirpi\u0105, vandeniui atspari\u0105 da\u017e\u0173 pl\u0117vel\u0119. Spalvos yra matin\u0117s ir atsparios \u0161viesos poveikiui.<\/p>\n","protected":false},"excerpt":{"rendered":"<p>Ry\u0161ki\u0173 intensyvi\u0173 spalv\u0173 akriliniai da\u017eai, i\u0161d\u017eiuv\u0119 tampa blizg\u016bs. Pla\u010di\u0173 galimybi\u0173 da\u017eams mai\u0161yti suteikianti turtinga spalv\u0173 palet\u0117. Aliejinius da\u017eus ir sviest\u0105 primenanti tekst\u016bra, ne per daug skysta, ir ne per tir\u0161ta. Sud\u0117tyje yra kokybi\u0161k\u0173 ir tinkamos koncentracijos pigment\u0173, tod\u0117l da\u017eai yra puikiai dengiantys ir ry\u0161ki\u0173 spalv\u0173. I\u0161d\u017ei\u016bv\u0119 sudaro negeltonuojan\u010di\u0105, netirpi\u0105, vandeniui atspari\u0105 da\u017e\u0173 pl\u0117vel\u0119. Spalvos yra matin\u0117s ir atsparios \u0161viesos poveikiui.<\/p>\n","protected":false},"featured_media":209956,"comment_status":"closed","ping_status":"closed","template":"","meta":{"_acf_changed":false,"ep_exclude_from_search":false},"product_cat":[18995,16124,17981],"product_tag":[],"class_list":{"0":"post-209462","1":"product","2":"type-product","3":"status-publish","4":"has-post-thumbnail","6":"product_cat-akriliniai-dazai-4","7":"product_cat-dailes-prekes","8":"product_cat-dazai-ir-priedai-tapybai","10":"first","11":"instock","12":"taxable","13":"shipping-taxable","14":"purchasable","15":"product-type-variable"},"acf":[],"yoast_head":"<!-- This site is optimized with the Yoast SEO plugin v24.1 - https:\/\/yoast.com\/wordpress\/plugins\/seo\/ -->\n<title>Akriliniai da\u017eai Raphael Campus 100ml &#8211; Skizze<\/title>\n<meta name=\"robots\" content=\"noindex, follow, max-snippet:-1, max-image-preview:large, max-video-preview:-1\" \/>\n<meta property=\"og:locale\" content=\"lt_LT\" \/>\n<meta property=\"og:type\" content=\"article\" \/>\n<meta property=\"og:title\" content=\"Akriliniai da\u017eai Raphael Campus 100ml &#8211; Skizze\" \/>\n<meta property=\"og:description\" content=\"Ry\u0161ki\u0173 intensyvi\u0173 spalv\u0173 akriliniai da\u017eai, i\u0161d\u017eiuv\u0119 tampa blizg\u016bs. Pla\u010di\u0173 galimybi\u0173 da\u017eams mai\u0161yti suteikianti turtinga spalv\u0173 palet\u0117. Aliejinius da\u017eus ir sviest\u0105 primenanti tekst\u016bra, ne per daug skysta, ir ne per tir\u0161ta. Sud\u0117tyje yra kokybi\u0161k\u0173 ir tinkamos koncentracijos pigment\u0173, tod\u0117l da\u017eai yra puikiai dengiantys ir ry\u0161ki\u0173 spalv\u0173. I\u0161d\u017ei\u016bv\u0119 sudaro negeltonuojan\u010di\u0105, netirpi\u0105, vandeniui atspari\u0105 da\u017e\u0173 pl\u0117vel\u0119. Spalvos yra matin\u0117s ir atsparios \u0161viesos poveikiui.\" \/>\n<meta property=\"og:url\" content=\"https:\/\/hobstop.ee\/lt\/produktas\/akriliniai-dazai-raphael-campus-100ml\/\" \/>\n<meta property=\"og:site_name\" content=\"Skizze\" \/>\n<meta property=\"article:publisher\" content=\"http:\/\/www.facebook.com\/VunderSkizze\" \/>\n<meta property=\"og:image\" content=\"https:\/\/hobstop.ee\/media\/3981.jpg\" \/>\n\t<meta property=\"og:image:width\" content=\"1024\" \/>\n\t<meta property=\"og:image:height\" content=\"768\" \/>\n\t<meta property=\"og:image:type\" content=\"image\/jpeg\" \/>\n<meta name=\"twitter:card\" content=\"summary_large_image\" \/>\n<script type=\"application\/ld+json\" class=\"yoast-schema-graph\">{\"@context\":\"https:\/\/schema.org\",\"@graph\":[{\"@type\":\"WebPage\",\"@id\":\"https:\/\/hobstop.ee\/lt\/produktas\/akriliniai-dazai-raphael-campus-100ml\/\",\"url\":\"https:\/\/hobstop.ee\/lt\/produktas\/akriliniai-dazai-raphael-campus-100ml\/\",\"name\":\"Akriliniai da\u017eai Raphael Campus 100ml &#8211; Skizze\",\"isPartOf\":{\"@id\":\"https:\/\/hobstop.ee\/lt\/#website\"},\"primaryImageOfPage\":{\"@id\":\"https:\/\/hobstop.ee\/lt\/produktas\/akriliniai-dazai-raphael-campus-100ml\/#primaryimage\"},\"image\":{\"@id\":\"https:\/\/hobstop.ee\/lt\/produktas\/akriliniai-dazai-raphael-campus-100ml\/#primaryimage\"},\"thumbnailUrl\":\"https:\/\/hobstop.ee\/media\/3981.jpg\",\"datePublished\":\"2015-09-07T10:28:04+00:00\",\"dateModified\":\"2015-09-07T10:28:04+00:00\",\"breadcrumb\":{\"@id\":\"https:\/\/hobstop.ee\/lt\/produktas\/akriliniai-dazai-raphael-campus-100ml\/#breadcrumb\"},\"inLanguage\":\"lt\",\"potentialAction\":[{\"@type\":\"ReadAction\",\"target\":[\"https:\/\/hobstop.ee\/lt\/produktas\/akriliniai-dazai-raphael-campus-100ml\/\"]}]},{\"@type\":\"ImageObject\",\"inLanguage\":\"lt\",\"@id\":\"https:\/\/hobstop.ee\/lt\/produktas\/akriliniai-dazai-raphael-campus-100ml\/#primaryimage\",\"url\":\"https:\/\/hobstop.ee\/media\/3981.jpg\",\"contentUrl\":\"https:\/\/hobstop.ee\/media\/3981.jpg\",\"width\":1024,\"height\":768},{\"@type\":\"BreadcrumbList\",\"@id\":\"https:\/\/hobstop.ee\/lt\/produktas\/akriliniai-dazai-raphael-campus-100ml\/#breadcrumb\",\"itemListElement\":[{\"@type\":\"ListItem\",\"position\":1,\"name\":\"Avaleht\",\"item\":\"https:\/\/hobstop.ee\/lt\/\"},{\"@type\":\"ListItem\",\"position\":2,\"name\":\"Parduotuv\u0117\",\"item\":\"https:\/\/hobstop.ee\/lt\/parduotuve\/\"},{\"@type\":\"ListItem\",\"position\":3,\"name\":\"Akriliniai da\u017eai Raphael Campus 100ml\"}]},{\"@type\":\"WebSite\",\"@id\":\"https:\/\/hobstop.ee\/lt\/#website\",\"url\":\"https:\/\/hobstop.ee\/lt\/\",\"name\":\"Skizze\",\"description\":\"Dail\u0117s, pom\u0117gi\u0173 ir mokykliniai reikm\u0117nys\",\"publisher\":{\"@id\":\"https:\/\/hobstop.ee\/lt\/#organization\"},\"potentialAction\":[{\"@type\":\"SearchAction\",\"target\":{\"@type\":\"EntryPoint\",\"urlTemplate\":\"https:\/\/hobstop.ee\/lt\/?s={search_term_string}\"},\"query-input\":{\"@type\":\"PropertyValueSpecification\",\"valueRequired\":true,\"valueName\":\"search_term_string\"}}],\"inLanguage\":\"lt\"},{\"@type\":\"Organization\",\"@id\":\"https:\/\/hobstop.ee\/lt\/#organization\",\"name\":\"Vunder AS\",\"url\":\"https:\/\/hobstop.ee\/lt\/\",\"logo\":{\"@type\":\"ImageObject\",\"inLanguage\":\"lt\",\"@id\":\"https:\/\/hobstop.ee\/lt\/#\/schema\/logo\/image\/\",\"url\":\"https:\/\/hobstop.ee\/media\/vunder-logo.png\",\"contentUrl\":\"https:\/\/hobstop.ee\/media\/vunder-logo.png\",\"width\":127,\"height\":55,\"caption\":\"Vunder AS\"},\"image\":{\"@id\":\"https:\/\/hobstop.ee\/lt\/#\/schema\/logo\/image\/\"},\"sameAs\":[\"http:\/\/www.facebook.com\/VunderSkizze\"]}]}<\/script>\n<!-- \/ Yoast SEO plugin. -->","yoast_head_json":{"title":"Akriliniai da\u017eai Raphael Campus 100ml &#8211; Skizze","robots":{"index":"noindex","follow":"follow","max-snippet":"max-snippet:-1","max-image-preview":"max-image-preview:large","max-video-preview":"max-video-preview:-1"},"og_locale":"lt_LT","og_type":"article","og_title":"Akriliniai da\u017eai Raphael Campus 100ml &#8211; Skizze","og_description":"Ry\u0161ki\u0173 intensyvi\u0173 spalv\u0173 akriliniai da\u017eai, i\u0161d\u017eiuv\u0119 tampa blizg\u016bs. Pla\u010di\u0173 galimybi\u0173 da\u017eams mai\u0161yti suteikianti turtinga spalv\u0173 palet\u0117. Aliejinius da\u017eus ir sviest\u0105 primenanti tekst\u016bra, ne per daug skysta, ir ne per tir\u0161ta. Sud\u0117tyje yra kokybi\u0161k\u0173 ir tinkamos koncentracijos pigment\u0173, tod\u0117l da\u017eai yra puikiai dengiantys ir ry\u0161ki\u0173 spalv\u0173. I\u0161d\u017ei\u016bv\u0119 sudaro negeltonuojan\u010di\u0105, netirpi\u0105, vandeniui atspari\u0105 da\u017e\u0173 pl\u0117vel\u0119. Spalvos yra matin\u0117s ir atsparios \u0161viesos poveikiui.","og_url":"https:\/\/hobstop.ee\/lt\/produktas\/akriliniai-dazai-raphael-campus-100ml\/","og_site_name":"Skizze","article_publisher":"http:\/\/www.facebook.com\/VunderSkizze","og_image":[{"width":1024,"height":768,"url":"https:\/\/hobstop.ee\/media\/3981.jpg","type":"image\/jpeg"}],"twitter_card":"summary_large_image","schema":{"@context":"https:\/\/schema.org","@graph":[{"@type":"WebPage","@id":"https:\/\/hobstop.ee\/lt\/produktas\/akriliniai-dazai-raphael-campus-100ml\/","url":"https:\/\/hobstop.ee\/lt\/produktas\/akriliniai-dazai-raphael-campus-100ml\/","name":"Akriliniai da\u017eai Raphael Campus 100ml &#8211; Skizze","isPartOf":{"@id":"https:\/\/hobstop.ee\/lt\/#website"},"primaryImageOfPage":{"@id":"https:\/\/hobstop.ee\/lt\/produktas\/akriliniai-dazai-raphael-campus-100ml\/#primaryimage"},"image":{"@id":"https:\/\/hobstop.ee\/lt\/produktas\/akriliniai-dazai-raphael-campus-100ml\/#primaryimage"},"thumbnailUrl":"https:\/\/hobstop.ee\/media\/3981.jpg","datePublished":"2015-09-07T10:28:04+00:00","dateModified":"2015-09-07T10:28:04+00:00","breadcrumb":{"@id":"https:\/\/hobstop.ee\/lt\/produktas\/akriliniai-dazai-raphael-campus-100ml\/#breadcrumb"},"inLanguage":"lt","potentialAction":[{"@type":"ReadAction","target":["https:\/\/hobstop.ee\/lt\/produktas\/akriliniai-dazai-raphael-campus-100ml\/"]}]},{"@type":"ImageObject","inLanguage":"lt","@id":"https:\/\/hobstop.ee\/lt\/produktas\/akriliniai-dazai-raphael-campus-100ml\/#primaryimage","url":"https:\/\/hobstop.ee\/media\/3981.jpg","contentUrl":"https:\/\/hobstop.ee\/media\/3981.jpg","width":1024,"height":768},{"@type":"BreadcrumbList","@id":"https:\/\/hobstop.ee\/lt\/produktas\/akriliniai-dazai-raphael-campus-100ml\/#breadcrumb","itemListElement":[{"@type":"ListItem","position":1,"name":"Avaleht","item":"https:\/\/hobstop.ee\/lt\/"},{"@type":"ListItem","position":2,"name":"Parduotuv\u0117","item":"https:\/\/hobstop.ee\/lt\/parduotuve\/"},{"@type":"ListItem","position":3,"name":"Akriliniai da\u017eai Raphael Campus 100ml"}]},{"@type":"WebSite","@id":"https:\/\/hobstop.ee\/lt\/#website","url":"https:\/\/hobstop.ee\/lt\/","name":"Skizze","description":"Dail\u0117s, pom\u0117gi\u0173 ir mokykliniai reikm\u0117nys","publisher":{"@id":"https:\/\/hobstop.ee\/lt\/#organization"},"potentialAction":[{"@type":"SearchAction","target":{"@type":"EntryPoint","urlTemplate":"https:\/\/hobstop.ee\/lt\/?s={search_term_string}"},"query-input":{"@type":"PropertyValueSpecification","valueRequired":true,"valueName":"search_term_string"}}],"inLanguage":"lt"},{"@type":"Organization","@id":"https:\/\/hobstop.ee\/lt\/#organization","name":"Vunder AS","url":"https:\/\/hobstop.ee\/lt\/","logo":{"@type":"ImageObject","inLanguage":"lt","@id":"https:\/\/hobstop.ee\/lt\/#\/schema\/logo\/image\/","url":"https:\/\/hobstop.ee\/media\/vunder-logo.png","contentUrl":"https:\/\/hobstop.ee\/media\/vunder-logo.png","width":127,"height":55,"caption":"Vunder AS"},"image":{"@id":"https:\/\/hobstop.ee\/lt\/#\/schema\/logo\/image\/"},"sameAs":["http:\/\/www.facebook.com\/VunderSkizze"]}]}},"_links":{"self":[{"href":"https:\/\/hobstop.ee\/lt\/wp-json\/wp\/v2\/product\/209462","targetHints":{"allow":["GET"]}}],"collection":[{"href":"https:\/\/hobstop.ee\/lt\/wp-json\/wp\/v2\/product"}],"about":[{"href":"https:\/\/hobstop.ee\/lt\/wp-json\/wp\/v2\/types\/product"}],"replies":[{"embeddable":true,"href":"https:\/\/hobstop.ee\/lt\/wp-json\/wp\/v2\/comments?post=209462"}],"wp:featuredmedia":[{"embeddable":true,"href":"https:\/\/hobstop.ee\/lt\/wp-json\/wp\/v2\/media\/209956"}],"wp:attachment":[{"href":"https:\/\/hobstop.ee\/lt\/wp-json\/wp\/v2\/media?parent=209462"}],"wp:term":[{"taxonomy":"product_cat","embeddable":true,"href":"https:\/\/hobstop.ee\/lt\/wp-json\/wp\/v2\/product_cat?post=209462"},{"taxonomy":"product_tag","embeddable":true,"href":"https:\/\/hobstop.ee\/lt\/wp-json\/wp\/v2\/product_tag?post=209462"}],"curies":[{"name":"wp","href":"https:\/\/api.w.org\/{rel}","templated":true}]}}