{"id":212873,"date":"2015-06-01T15:13:02","date_gmt":"2015-09-09T12:13:02","guid":{"rendered":"http:\/\/vunder-ee.sn25.zone.eu\/lt\/product\/akriliniai-dazai-flashe-125ml\/"},"modified":"2015-09-09T15:13:02","modified_gmt":"2015-09-09T12:13:02","slug":"akriliniai-dazai-flashe-lb-125ml","status":"publish","type":"product","link":"https:\/\/hobstop.ee\/lt\/produktas\/akriliniai-dazai-flashe-lb-125ml\/","title":{"rendered":"Akriliniai da\u017eai Flashe LB 125ml"},"content":{"rendered":"<p>1954 metais \u201eLefranc Bourgeois\u201c pristat\u0117 da\u017eus \u201eFlashe\u201c \u2013 pirm\u0105j\u0105 tradicini\u0173 meno med\u017eiag\u0173 moderni\u0105 alternatyv\u0105. \u201eFlashe\u201c serija buvo sukurta glaud\u017eiai bendradarbiaujant su menininkais, kaip novatori\u0161k\u0173 spalv\u0173 spektro ir unikali\u0173 optini\u0173 savybi\u0173 da\u017eai. Auk\u0161\u010diausios kokyb\u0117s ir \u0161velnaus matinio pot\u0117pio \u201eLB Flashe\u201c da\u017e\u0173 spalvos yra intensyvios, turin\u010dios daug pigmento, \u0161viesios ir energingos. Da\u017e\u0173 \u201eFlashe\u201c spalvos yra be priemai\u0161\u0173, grynos ir su laiku nesikei\u010dia \u2013 jos yra &#8230; \u0161iek tiek pana\u0161ios \u012f \u201ePantone\u201c spalvas! Turin\u010dios daug pigmento \u201eLB Flashe\u201c vinilo emulsijos da\u017e\u0173 spalvos yra i\u0161skirtinai intensyvios, neprilygstamai gerai dengia ir neblunka \u0161viesoje. Da\u017e\u0173 konsistencija ir tekst\u016bra yra \u0161velni matin\u0117, skysta ir labai prisotinta, tod\u0117l pot\u0117pis yra vientisas ir lygus. \u201eLB Flashe\u201c da\u017eus galima skiesti vandeniu ir i\u0161gauti daugyb\u0119 rezultat\u0173 \u2013 nuo visi\u0161kai nepermatomo iki skaidraus akvarel\u0117s efekto. Viniliniais da\u017eais \u201eFlashe\u201c galima tapyti ant drob\u0117s, popieriaus, sien\u0173, teptukais, da\u017eymo pistoletais, kempin\u0117mis ir pan. Idealiai tinka freskoms ir sienoms tapyti, dirbtinei apdailai, teatro dekoracijoms ir pan.<\/p>\n","protected":false},"excerpt":{"rendered":"<p>1954 metais \u201eLefranc Bourgeois\u201c pristat\u0117 da\u017eus \u201eFlashe\u201c \u2013 pirm\u0105j\u0105 tradicini\u0173 meno med\u017eiag\u0173 moderni\u0105 alternatyv\u0105. \u201eFlashe\u201c serija buvo sukurta glaud\u017eiai bendradarbiaujant su menininkais, kaip novatori\u0161k\u0173 spalv\u0173 spektro ir unikali\u0173 optini\u0173 savybi\u0173 da\u017eai. Auk\u0161\u010diausios kokyb\u0117s ir \u0161velnaus matinio pot\u0117pio \u201eLB Flashe\u201c da\u017e\u0173 spalvos yra intensyvios, turin\u010dios daug pigmento, \u0161viesios ir energingos. Da\u017e\u0173 \u201eFlashe\u201c spalvos yra be priemai\u0161\u0173, grynos ir su laiku nesikei\u010dia \u2013 jos yra &#8230; \u0161iek tiek pana\u0161ios \u012f \u201ePantone\u201c spalvas! Turin\u010dios daug pigmento \u201eLB Flashe\u201c vinilo emulsijos da\u017e\u0173 spalvos yra i\u0161skirtinai intensyvios, neprilygstamai gerai dengia ir neblunka \u0161viesoje. Da\u017e\u0173 konsistencija ir tekst\u016bra yra \u0161velni matin\u0117, skysta ir labai prisotinta, tod\u0117l pot\u0117pis yra vientisas ir lygus. \u201eLB Flashe\u201c da\u017eus galima skiesti vandeniu ir i\u0161gauti daugyb\u0119 rezultat\u0173 \u2013 nuo visi\u0161kai nepermatomo iki skaidraus akvarel\u0117s efekto. Viniliniais da\u017eais \u201eFlashe\u201c galima tapyti ant drob\u0117s, popieriaus, sien\u0173, teptukais, da\u017eymo pistoletais, kempin\u0117mis ir pan. Idealiai tinka freskoms ir sienoms tapyti, dirbtinei apdailai, teatro dekoracijoms ir pan.<\/p>\n","protected":false},"featured_media":328400,"comment_status":"closed","ping_status":"closed","template":"","meta":{"_acf_changed":false,"ep_exclude_from_search":false},"product_cat":[18995,16124,17981],"product_tag":[],"class_list":{"0":"post-212873","1":"product","2":"type-product","3":"status-publish","4":"has-post-thumbnail","6":"product_cat-akriliniai-dazai-4","7":"product_cat-dailes-prekes","8":"product_cat-dazai-ir-priedai-tapybai","10":"first","11":"instock","12":"sale","13":"taxable","14":"shipping-taxable","15":"purchasable","16":"product-type-variable"},"acf":[],"yoast_head":"<!-- This site is optimized with the Yoast SEO plugin v24.1 - https:\/\/yoast.com\/wordpress\/plugins\/seo\/ -->\n<title>Akriliniai da\u017eai Flashe LB 125ml &#8211; Skizze<\/title>\n<meta name=\"robots\" content=\"noindex, follow, max-snippet:-1, max-image-preview:large, max-video-preview:-1\" \/>\n<meta property=\"og:locale\" content=\"lt_LT\" \/>\n<meta property=\"og:type\" content=\"article\" \/>\n<meta property=\"og:title\" content=\"Akriliniai da\u017eai Flashe LB 125ml &#8211; Skizze\" \/>\n<meta property=\"og:description\" content=\"1954 metais \u201eLefranc Bourgeois\u201c pristat\u0117 da\u017eus \u201eFlashe\u201c \u2013 pirm\u0105j\u0105 tradicini\u0173 meno med\u017eiag\u0173 moderni\u0105 alternatyv\u0105. \u201eFlashe\u201c serija buvo sukurta glaud\u017eiai bendradarbiaujant su menininkais, kaip novatori\u0161k\u0173 spalv\u0173 spektro ir unikali\u0173 optini\u0173 savybi\u0173 da\u017eai. Auk\u0161\u010diausios kokyb\u0117s ir \u0161velnaus matinio pot\u0117pio \u201eLB Flashe\u201c da\u017e\u0173 spalvos yra intensyvios, turin\u010dios daug pigmento, \u0161viesios ir energingos. Da\u017e\u0173 \u201eFlashe\u201c spalvos yra be priemai\u0161\u0173, grynos ir su laiku nesikei\u010dia \u2013 jos yra &#8230; \u0161iek tiek pana\u0161ios \u012f \u201ePantone\u201c spalvas! Turin\u010dios daug pigmento \u201eLB Flashe\u201c vinilo emulsijos da\u017e\u0173 spalvos yra i\u0161skirtinai intensyvios, neprilygstamai gerai dengia ir neblunka \u0161viesoje. Da\u017e\u0173 konsistencija ir tekst\u016bra yra \u0161velni matin\u0117, skysta ir labai prisotinta, tod\u0117l pot\u0117pis yra vientisas ir lygus. \u201eLB Flashe\u201c da\u017eus galima skiesti vandeniu ir i\u0161gauti daugyb\u0119 rezultat\u0173 \u2013 nuo visi\u0161kai nepermatomo iki skaidraus akvarel\u0117s efekto. Viniliniais da\u017eais \u201eFlashe\u201c galima tapyti ant drob\u0117s, popieriaus, sien\u0173, teptukais, da\u017eymo pistoletais, kempin\u0117mis ir pan. Idealiai tinka freskoms ir sienoms tapyti, dirbtinei apdailai, teatro dekoracijoms ir pan.\" \/>\n<meta property=\"og:url\" content=\"https:\/\/hobstop.ee\/lt\/produktas\/akriliniai-dazai-flashe-lb-125ml\/\" \/>\n<meta property=\"og:site_name\" content=\"Skizze\" \/>\n<meta property=\"article:publisher\" content=\"http:\/\/www.facebook.com\/VunderSkizze\" \/>\n<meta property=\"og:image\" content=\"https:\/\/hobstop.ee\/media\/54.jpg\" \/>\n\t<meta property=\"og:image:width\" content=\"1024\" \/>\n\t<meta property=\"og:image:height\" content=\"768\" \/>\n\t<meta property=\"og:image:type\" content=\"image\/jpeg\" \/>\n<meta name=\"twitter:card\" content=\"summary_large_image\" \/>\n<meta name=\"twitter:label1\" content=\"Est. reading time\" \/>\n\t<meta name=\"twitter:data1\" content=\"1 minute\" \/>\n<script type=\"application\/ld+json\" class=\"yoast-schema-graph\">{\"@context\":\"https:\/\/schema.org\",\"@graph\":[{\"@type\":\"WebPage\",\"@id\":\"https:\/\/hobstop.ee\/lt\/produktas\/akriliniai-dazai-flashe-lb-125ml\/\",\"url\":\"https:\/\/hobstop.ee\/lt\/produktas\/akriliniai-dazai-flashe-lb-125ml\/\",\"name\":\"Akriliniai da\u017eai Flashe LB 125ml &#8211; Skizze\",\"isPartOf\":{\"@id\":\"https:\/\/hobstop.ee\/lt\/#website\"},\"primaryImageOfPage\":{\"@id\":\"https:\/\/hobstop.ee\/lt\/produktas\/akriliniai-dazai-flashe-lb-125ml\/#primaryimage\"},\"image\":{\"@id\":\"https:\/\/hobstop.ee\/lt\/produktas\/akriliniai-dazai-flashe-lb-125ml\/#primaryimage\"},\"thumbnailUrl\":\"https:\/\/hobstop.ee\/media\/54.jpg\",\"datePublished\":\"2015-09-09T12:13:02+00:00\",\"dateModified\":\"2015-09-09T12:13:02+00:00\",\"breadcrumb\":{\"@id\":\"https:\/\/hobstop.ee\/lt\/produktas\/akriliniai-dazai-flashe-lb-125ml\/#breadcrumb\"},\"inLanguage\":\"lt\",\"potentialAction\":[{\"@type\":\"ReadAction\",\"target\":[\"https:\/\/hobstop.ee\/lt\/produktas\/akriliniai-dazai-flashe-lb-125ml\/\"]}]},{\"@type\":\"ImageObject\",\"inLanguage\":\"lt\",\"@id\":\"https:\/\/hobstop.ee\/lt\/produktas\/akriliniai-dazai-flashe-lb-125ml\/#primaryimage\",\"url\":\"https:\/\/hobstop.ee\/media\/54.jpg\",\"contentUrl\":\"https:\/\/hobstop.ee\/media\/54.jpg\",\"width\":1024,\"height\":768},{\"@type\":\"BreadcrumbList\",\"@id\":\"https:\/\/hobstop.ee\/lt\/produktas\/akriliniai-dazai-flashe-lb-125ml\/#breadcrumb\",\"itemListElement\":[{\"@type\":\"ListItem\",\"position\":1,\"name\":\"Avaleht\",\"item\":\"https:\/\/hobstop.ee\/lt\/\"},{\"@type\":\"ListItem\",\"position\":2,\"name\":\"Parduotuv\u0117\",\"item\":\"https:\/\/hobstop.ee\/lt\/parduotuve\/\"},{\"@type\":\"ListItem\",\"position\":3,\"name\":\"Akriliniai da\u017eai Flashe LB 125ml\"}]},{\"@type\":\"WebSite\",\"@id\":\"https:\/\/hobstop.ee\/lt\/#website\",\"url\":\"https:\/\/hobstop.ee\/lt\/\",\"name\":\"Skizze\",\"description\":\"Dail\u0117s, pom\u0117gi\u0173 ir mokykliniai reikm\u0117nys\",\"publisher\":{\"@id\":\"https:\/\/hobstop.ee\/lt\/#organization\"},\"potentialAction\":[{\"@type\":\"SearchAction\",\"target\":{\"@type\":\"EntryPoint\",\"urlTemplate\":\"https:\/\/hobstop.ee\/lt\/?s={search_term_string}\"},\"query-input\":{\"@type\":\"PropertyValueSpecification\",\"valueRequired\":true,\"valueName\":\"search_term_string\"}}],\"inLanguage\":\"lt\"},{\"@type\":\"Organization\",\"@id\":\"https:\/\/hobstop.ee\/lt\/#organization\",\"name\":\"Vunder AS\",\"url\":\"https:\/\/hobstop.ee\/lt\/\",\"logo\":{\"@type\":\"ImageObject\",\"inLanguage\":\"lt\",\"@id\":\"https:\/\/hobstop.ee\/lt\/#\/schema\/logo\/image\/\",\"url\":\"https:\/\/hobstop.ee\/media\/vunder-logo.png\",\"contentUrl\":\"https:\/\/hobstop.ee\/media\/vunder-logo.png\",\"width\":127,\"height\":55,\"caption\":\"Vunder AS\"},\"image\":{\"@id\":\"https:\/\/hobstop.ee\/lt\/#\/schema\/logo\/image\/\"},\"sameAs\":[\"http:\/\/www.facebook.com\/VunderSkizze\"]}]}<\/script>\n<!-- \/ Yoast SEO plugin. -->","yoast_head_json":{"title":"Akriliniai da\u017eai Flashe LB 125ml &#8211; Skizze","robots":{"index":"noindex","follow":"follow","max-snippet":"max-snippet:-1","max-image-preview":"max-image-preview:large","max-video-preview":"max-video-preview:-1"},"og_locale":"lt_LT","og_type":"article","og_title":"Akriliniai da\u017eai Flashe LB 125ml &#8211; Skizze","og_description":"1954 metais \u201eLefranc Bourgeois\u201c pristat\u0117 da\u017eus \u201eFlashe\u201c \u2013 pirm\u0105j\u0105 tradicini\u0173 meno med\u017eiag\u0173 moderni\u0105 alternatyv\u0105. \u201eFlashe\u201c serija buvo sukurta glaud\u017eiai bendradarbiaujant su menininkais, kaip novatori\u0161k\u0173 spalv\u0173 spektro ir unikali\u0173 optini\u0173 savybi\u0173 da\u017eai. Auk\u0161\u010diausios kokyb\u0117s ir \u0161velnaus matinio pot\u0117pio \u201eLB Flashe\u201c da\u017e\u0173 spalvos yra intensyvios, turin\u010dios daug pigmento, \u0161viesios ir energingos. Da\u017e\u0173 \u201eFlashe\u201c spalvos yra be priemai\u0161\u0173, grynos ir su laiku nesikei\u010dia \u2013 jos yra &#8230; \u0161iek tiek pana\u0161ios \u012f \u201ePantone\u201c spalvas! Turin\u010dios daug pigmento \u201eLB Flashe\u201c vinilo emulsijos da\u017e\u0173 spalvos yra i\u0161skirtinai intensyvios, neprilygstamai gerai dengia ir neblunka \u0161viesoje. Da\u017e\u0173 konsistencija ir tekst\u016bra yra \u0161velni matin\u0117, skysta ir labai prisotinta, tod\u0117l pot\u0117pis yra vientisas ir lygus. \u201eLB Flashe\u201c da\u017eus galima skiesti vandeniu ir i\u0161gauti daugyb\u0119 rezultat\u0173 \u2013 nuo visi\u0161kai nepermatomo iki skaidraus akvarel\u0117s efekto. Viniliniais da\u017eais \u201eFlashe\u201c galima tapyti ant drob\u0117s, popieriaus, sien\u0173, teptukais, da\u017eymo pistoletais, kempin\u0117mis ir pan. Idealiai tinka freskoms ir sienoms tapyti, dirbtinei apdailai, teatro dekoracijoms ir pan.","og_url":"https:\/\/hobstop.ee\/lt\/produktas\/akriliniai-dazai-flashe-lb-125ml\/","og_site_name":"Skizze","article_publisher":"http:\/\/www.facebook.com\/VunderSkizze","og_image":[{"width":1024,"height":768,"url":"https:\/\/hobstop.ee\/media\/54.jpg","type":"image\/jpeg"}],"twitter_card":"summary_large_image","twitter_misc":{"Est. reading time":"1 minute"},"schema":{"@context":"https:\/\/schema.org","@graph":[{"@type":"WebPage","@id":"https:\/\/hobstop.ee\/lt\/produktas\/akriliniai-dazai-flashe-lb-125ml\/","url":"https:\/\/hobstop.ee\/lt\/produktas\/akriliniai-dazai-flashe-lb-125ml\/","name":"Akriliniai da\u017eai Flashe LB 125ml &#8211; Skizze","isPartOf":{"@id":"https:\/\/hobstop.ee\/lt\/#website"},"primaryImageOfPage":{"@id":"https:\/\/hobstop.ee\/lt\/produktas\/akriliniai-dazai-flashe-lb-125ml\/#primaryimage"},"image":{"@id":"https:\/\/hobstop.ee\/lt\/produktas\/akriliniai-dazai-flashe-lb-125ml\/#primaryimage"},"thumbnailUrl":"https:\/\/hobstop.ee\/media\/54.jpg","datePublished":"2015-09-09T12:13:02+00:00","dateModified":"2015-09-09T12:13:02+00:00","breadcrumb":{"@id":"https:\/\/hobstop.ee\/lt\/produktas\/akriliniai-dazai-flashe-lb-125ml\/#breadcrumb"},"inLanguage":"lt","potentialAction":[{"@type":"ReadAction","target":["https:\/\/hobstop.ee\/lt\/produktas\/akriliniai-dazai-flashe-lb-125ml\/"]}]},{"@type":"ImageObject","inLanguage":"lt","@id":"https:\/\/hobstop.ee\/lt\/produktas\/akriliniai-dazai-flashe-lb-125ml\/#primaryimage","url":"https:\/\/hobstop.ee\/media\/54.jpg","contentUrl":"https:\/\/hobstop.ee\/media\/54.jpg","width":1024,"height":768},{"@type":"BreadcrumbList","@id":"https:\/\/hobstop.ee\/lt\/produktas\/akriliniai-dazai-flashe-lb-125ml\/#breadcrumb","itemListElement":[{"@type":"ListItem","position":1,"name":"Avaleht","item":"https:\/\/hobstop.ee\/lt\/"},{"@type":"ListItem","position":2,"name":"Parduotuv\u0117","item":"https:\/\/hobstop.ee\/lt\/parduotuve\/"},{"@type":"ListItem","position":3,"name":"Akriliniai da\u017eai Flashe LB 125ml"}]},{"@type":"WebSite","@id":"https:\/\/hobstop.ee\/lt\/#website","url":"https:\/\/hobstop.ee\/lt\/","name":"Skizze","description":"Dail\u0117s, pom\u0117gi\u0173 ir mokykliniai reikm\u0117nys","publisher":{"@id":"https:\/\/hobstop.ee\/lt\/#organization"},"potentialAction":[{"@type":"SearchAction","target":{"@type":"EntryPoint","urlTemplate":"https:\/\/hobstop.ee\/lt\/?s={search_term_string}"},"query-input":{"@type":"PropertyValueSpecification","valueRequired":true,"valueName":"search_term_string"}}],"inLanguage":"lt"},{"@type":"Organization","@id":"https:\/\/hobstop.ee\/lt\/#organization","name":"Vunder AS","url":"https:\/\/hobstop.ee\/lt\/","logo":{"@type":"ImageObject","inLanguage":"lt","@id":"https:\/\/hobstop.ee\/lt\/#\/schema\/logo\/image\/","url":"https:\/\/hobstop.ee\/media\/vunder-logo.png","contentUrl":"https:\/\/hobstop.ee\/media\/vunder-logo.png","width":127,"height":55,"caption":"Vunder AS"},"image":{"@id":"https:\/\/hobstop.ee\/lt\/#\/schema\/logo\/image\/"},"sameAs":["http:\/\/www.facebook.com\/VunderSkizze"]}]}},"_links":{"self":[{"href":"https:\/\/hobstop.ee\/lt\/wp-json\/wp\/v2\/product\/212873","targetHints":{"allow":["GET"]}}],"collection":[{"href":"https:\/\/hobstop.ee\/lt\/wp-json\/wp\/v2\/product"}],"about":[{"href":"https:\/\/hobstop.ee\/lt\/wp-json\/wp\/v2\/types\/product"}],"replies":[{"embeddable":true,"href":"https:\/\/hobstop.ee\/lt\/wp-json\/wp\/v2\/comments?post=212873"}],"wp:featuredmedia":[{"embeddable":true,"href":"https:\/\/hobstop.ee\/lt\/wp-json\/wp\/v2\/media\/328400"}],"wp:attachment":[{"href":"https:\/\/hobstop.ee\/lt\/wp-json\/wp\/v2\/media?parent=212873"}],"wp:term":[{"taxonomy":"product_cat","embeddable":true,"href":"https:\/\/hobstop.ee\/lt\/wp-json\/wp\/v2\/product_cat?post=212873"},{"taxonomy":"product_tag","embeddable":true,"href":"https:\/\/hobstop.ee\/lt\/wp-json\/wp\/v2\/product_tag?post=212873"}],"curies":[{"name":"wp","href":"https:\/\/api.w.org\/{rel}","templated":true}]}}