{"id":212917,"date":"2015-06-01T15:14:19","date_gmt":"2015-09-09T12:14:19","guid":{"rendered":"http:\/\/vunder-ee.sn25.zone.eu\/lt\/product\/akvareliniai-dazai-rinkinys-cotman-painting-plus-2\/"},"modified":"2015-09-09T15:14:19","modified_gmt":"2015-09-09T12:14:19","slug":"akvareliniu-dazu-kubeliu-12-rinkinys-cotman-painting-plus","status":"publish","type":"product","link":"https:\/\/hobstop.ee\/lt\/produktas\/akvareliniu-dazu-kubeliu-12-rinkinys-cotman-painting-plus\/","title":{"rendered":"Akvarelini\u0173 da\u017e\u0173 kubeli\u0173 1\/2 rinkinys Cotman Painting PLUS"},"content":{"rendered":"<p>Akvareliniai da\u017eai \u201eWinsor&#038;Newton Cotman\u201c yra prieinamos kainos, ta\u010diau juos gaminant nenuolaid\u017eiaujama kokybei \u2013 akvarel\u0117 puikiai dengia ir lengvai naudojama. Akvarelini\u0173 da\u017e\u0173 \u201eCotman\u201c sud\u0117tyje yra derinami tradiciniai pigmentai ir patikimi sintetiniai da\u017eai, kurie pakei\u010dia kai kuriuos retus ir brangius pigmentus, kurie yra naudojami akvareliniuose \u201eWinsor&#038;Newton Professional\u201c da\u017euose.<br \/>\nAkvareliniai da\u017eai \u201eCotman Painting PLUS\u201c yra universalaus ir prakti\u0161ko dyd\u017eio, tod\u0117l puikiai tinka tiek tapybai studijoje, tiek ir lauke. Da\u017eai \u201ePainting PLUS\u201c yra itin universal\u016bs \u2013 \u012f \u201ePLUS\u201c kase\u010di\u0173 sistem\u0105, kuri u\u017etikrina didel\u012f saugum\u0105 ir universalum\u0105, galima sud\u0117ti tiek 8 ml t\u016bbeles, tiek ir da\u017e\u0173 kubelius.<\/p>\n<p>Komplekte yra:<br \/>\n24&#215;1\/2 indeliai<br \/>\n\u201eCotman 111\u201c serijos teptukas Nr. 3<br \/>\nPlastikin\u0117 d\u0117\u017eut\u0117 su \u012fvairiais mai\u0161ymo pavir\u0161iais<\/p>\n","protected":false},"excerpt":{"rendered":"<p>Akvareliniai da\u017eai \u201eWinsor&#038;Newton Cotman\u201c yra prieinamos kainos, ta\u010diau juos gaminant nenuolaid\u017eiaujama kokybei \u2013 akvarel\u0117 puikiai dengia ir lengvai naudojama. Akvarelini\u0173 da\u017e\u0173 \u201eCotman\u201c sud\u0117tyje yra derinami tradiciniai pigmentai ir patikimi sintetiniai da\u017eai, kurie pakei\u010dia kai kuriuos retus ir brangius pigmentus, kurie yra naudojami akvareliniuose \u201eWinsor&#038;Newton Professional\u201c da\u017euose. Akvareliniai da\u017eai \u201eCotman Painting PLUS\u201c yra universalaus ir prakti\u0161ko dyd\u017eio, tod\u0117l puikiai tinka tiek tapybai studijoje, tiek ir lauke. Da\u017eai \u201ePainting PLUS\u201c yra itin universal\u016bs \u2013 \u012f \u201ePLUS\u201c kase\u010di\u0173 sistem\u0105, kuri u\u017etikrina didel\u012f saugum\u0105 ir universalum\u0105, galima sud\u0117ti tiek 8 ml t\u016bbeles, tiek ir da\u017e\u0173 kubelius. Komplekte yra: 24&#215;1\/2 indeliai \u201eCotman 111\u201c serijos teptukas Nr. 3 Plastikin\u0117 d\u0117\u017eut\u0117 su \u012fvairiais mai\u0161ymo pavir\u0161iais<\/p>\n","protected":false},"featured_media":355084,"comment_status":"closed","ping_status":"closed","template":"","meta":{"_acf_changed":false,"ep_exclude_from_search":false},"product_cat":[19001,16124,17981],"product_tag":[],"class_list":{"0":"post-212917","1":"product","2":"type-product","3":"status-publish","4":"has-post-thumbnail","6":"product_cat-akvareliniai-dazai-3","7":"product_cat-dailes-prekes","8":"product_cat-dazai-ir-priedai-tapybai","10":"first","11":"outofstock","12":"taxable","13":"shipping-taxable","14":"purchasable","15":"product-type-variable"},"acf":[],"yoast_head":"<!-- This site is optimized with the Yoast SEO plugin v24.1 - https:\/\/yoast.com\/wordpress\/plugins\/seo\/ -->\n<title>Akvarelini\u0173 da\u017e\u0173 kubeli\u0173 1\/2 rinkinys Cotman Painting PLUS &#8211; Skizze<\/title>\n<meta name=\"robots\" content=\"noindex, follow, max-snippet:-1, max-image-preview:large, max-video-preview:-1\" \/>\n<meta property=\"og:locale\" content=\"lt_LT\" \/>\n<meta property=\"og:type\" content=\"article\" \/>\n<meta property=\"og:title\" content=\"Akvarelini\u0173 da\u017e\u0173 kubeli\u0173 1\/2 rinkinys Cotman Painting PLUS &#8211; Skizze\" \/>\n<meta property=\"og:description\" content=\"Akvareliniai da\u017eai \u201eWinsor&#038;Newton Cotman\u201c yra prieinamos kainos, ta\u010diau juos gaminant nenuolaid\u017eiaujama kokybei \u2013 akvarel\u0117 puikiai dengia ir lengvai naudojama. Akvarelini\u0173 da\u017e\u0173 \u201eCotman\u201c sud\u0117tyje yra derinami tradiciniai pigmentai ir patikimi sintetiniai da\u017eai, kurie pakei\u010dia kai kuriuos retus ir brangius pigmentus, kurie yra naudojami akvareliniuose \u201eWinsor&#038;Newton Professional\u201c da\u017euose. Akvareliniai da\u017eai \u201eCotman Painting PLUS\u201c yra universalaus ir prakti\u0161ko dyd\u017eio, tod\u0117l puikiai tinka tiek tapybai studijoje, tiek ir lauke. Da\u017eai \u201ePainting PLUS\u201c yra itin universal\u016bs \u2013 \u012f \u201ePLUS\u201c kase\u010di\u0173 sistem\u0105, kuri u\u017etikrina didel\u012f saugum\u0105 ir universalum\u0105, galima sud\u0117ti tiek 8 ml t\u016bbeles, tiek ir da\u017e\u0173 kubelius. Komplekte yra: 24&#215;1\/2 indeliai \u201eCotman 111\u201c serijos teptukas Nr. 3 Plastikin\u0117 d\u0117\u017eut\u0117 su \u012fvairiais mai\u0161ymo pavir\u0161iais\" \/>\n<meta property=\"og:url\" content=\"https:\/\/hobstop.ee\/lt\/produktas\/akvareliniu-dazu-kubeliu-12-rinkinys-cotman-painting-plus\/\" \/>\n<meta property=\"og:site_name\" content=\"Skizze\" \/>\n<meta property=\"article:publisher\" content=\"http:\/\/www.facebook.com\/VunderSkizze\" \/>\n<meta property=\"og:image\" content=\"https:\/\/hobstop.ee\/media\/101.jpg\" \/>\n\t<meta property=\"og:image:width\" content=\"1024\" \/>\n\t<meta property=\"og:image:height\" content=\"768\" \/>\n\t<meta property=\"og:image:type\" content=\"image\/jpeg\" \/>\n<meta name=\"twitter:card\" content=\"summary_large_image\" \/>\n<meta name=\"twitter:label1\" content=\"Est. reading time\" \/>\n\t<meta name=\"twitter:data1\" content=\"1 minute\" \/>\n<script type=\"application\/ld+json\" class=\"yoast-schema-graph\">{\"@context\":\"https:\/\/schema.org\",\"@graph\":[{\"@type\":\"WebPage\",\"@id\":\"https:\/\/hobstop.ee\/lt\/produktas\/akvareliniu-dazu-kubeliu-12-rinkinys-cotman-painting-plus\/\",\"url\":\"https:\/\/hobstop.ee\/lt\/produktas\/akvareliniu-dazu-kubeliu-12-rinkinys-cotman-painting-plus\/\",\"name\":\"Akvarelini\u0173 da\u017e\u0173 kubeli\u0173 1\/2 rinkinys Cotman Painting PLUS &#8211; Skizze\",\"isPartOf\":{\"@id\":\"https:\/\/hobstop.ee\/lt\/#website\"},\"primaryImageOfPage\":{\"@id\":\"https:\/\/hobstop.ee\/lt\/produktas\/akvareliniu-dazu-kubeliu-12-rinkinys-cotman-painting-plus\/#primaryimage\"},\"image\":{\"@id\":\"https:\/\/hobstop.ee\/lt\/produktas\/akvareliniu-dazu-kubeliu-12-rinkinys-cotman-painting-plus\/#primaryimage\"},\"thumbnailUrl\":\"https:\/\/hobstop.ee\/media\/101.jpg\",\"datePublished\":\"2015-09-09T12:14:19+00:00\",\"dateModified\":\"2015-09-09T12:14:19+00:00\",\"breadcrumb\":{\"@id\":\"https:\/\/hobstop.ee\/lt\/produktas\/akvareliniu-dazu-kubeliu-12-rinkinys-cotman-painting-plus\/#breadcrumb\"},\"inLanguage\":\"lt\",\"potentialAction\":[{\"@type\":\"ReadAction\",\"target\":[\"https:\/\/hobstop.ee\/lt\/produktas\/akvareliniu-dazu-kubeliu-12-rinkinys-cotman-painting-plus\/\"]}]},{\"@type\":\"ImageObject\",\"inLanguage\":\"lt\",\"@id\":\"https:\/\/hobstop.ee\/lt\/produktas\/akvareliniu-dazu-kubeliu-12-rinkinys-cotman-painting-plus\/#primaryimage\",\"url\":\"https:\/\/hobstop.ee\/media\/101.jpg\",\"contentUrl\":\"https:\/\/hobstop.ee\/media\/101.jpg\",\"width\":1024,\"height\":768},{\"@type\":\"BreadcrumbList\",\"@id\":\"https:\/\/hobstop.ee\/lt\/produktas\/akvareliniu-dazu-kubeliu-12-rinkinys-cotman-painting-plus\/#breadcrumb\",\"itemListElement\":[{\"@type\":\"ListItem\",\"position\":1,\"name\":\"Avaleht\",\"item\":\"https:\/\/hobstop.ee\/lt\/\"},{\"@type\":\"ListItem\",\"position\":2,\"name\":\"Parduotuv\u0117\",\"item\":\"https:\/\/hobstop.ee\/lt\/parduotuve\/\"},{\"@type\":\"ListItem\",\"position\":3,\"name\":\"Akvarelini\u0173 da\u017e\u0173 kubeli\u0173 1\/2 rinkinys Cotman Painting PLUS\"}]},{\"@type\":\"WebSite\",\"@id\":\"https:\/\/hobstop.ee\/lt\/#website\",\"url\":\"https:\/\/hobstop.ee\/lt\/\",\"name\":\"Skizze\",\"description\":\"Dail\u0117s, pom\u0117gi\u0173 ir mokykliniai reikm\u0117nys\",\"publisher\":{\"@id\":\"https:\/\/hobstop.ee\/lt\/#organization\"},\"potentialAction\":[{\"@type\":\"SearchAction\",\"target\":{\"@type\":\"EntryPoint\",\"urlTemplate\":\"https:\/\/hobstop.ee\/lt\/?s={search_term_string}\"},\"query-input\":{\"@type\":\"PropertyValueSpecification\",\"valueRequired\":true,\"valueName\":\"search_term_string\"}}],\"inLanguage\":\"lt\"},{\"@type\":\"Organization\",\"@id\":\"https:\/\/hobstop.ee\/lt\/#organization\",\"name\":\"Vunder AS\",\"url\":\"https:\/\/hobstop.ee\/lt\/\",\"logo\":{\"@type\":\"ImageObject\",\"inLanguage\":\"lt\",\"@id\":\"https:\/\/hobstop.ee\/lt\/#\/schema\/logo\/image\/\",\"url\":\"https:\/\/hobstop.ee\/media\/vunder-logo.png\",\"contentUrl\":\"https:\/\/hobstop.ee\/media\/vunder-logo.png\",\"width\":127,\"height\":55,\"caption\":\"Vunder AS\"},\"image\":{\"@id\":\"https:\/\/hobstop.ee\/lt\/#\/schema\/logo\/image\/\"},\"sameAs\":[\"http:\/\/www.facebook.com\/VunderSkizze\"]}]}<\/script>\n<!-- \/ Yoast SEO plugin. -->","yoast_head_json":{"title":"Akvarelini\u0173 da\u017e\u0173 kubeli\u0173 1\/2 rinkinys Cotman Painting PLUS &#8211; Skizze","robots":{"index":"noindex","follow":"follow","max-snippet":"max-snippet:-1","max-image-preview":"max-image-preview:large","max-video-preview":"max-video-preview:-1"},"og_locale":"lt_LT","og_type":"article","og_title":"Akvarelini\u0173 da\u017e\u0173 kubeli\u0173 1\/2 rinkinys Cotman Painting PLUS &#8211; Skizze","og_description":"Akvareliniai da\u017eai \u201eWinsor&#038;Newton Cotman\u201c yra prieinamos kainos, ta\u010diau juos gaminant nenuolaid\u017eiaujama kokybei \u2013 akvarel\u0117 puikiai dengia ir lengvai naudojama. Akvarelini\u0173 da\u017e\u0173 \u201eCotman\u201c sud\u0117tyje yra derinami tradiciniai pigmentai ir patikimi sintetiniai da\u017eai, kurie pakei\u010dia kai kuriuos retus ir brangius pigmentus, kurie yra naudojami akvareliniuose \u201eWinsor&#038;Newton Professional\u201c da\u017euose. Akvareliniai da\u017eai \u201eCotman Painting PLUS\u201c yra universalaus ir prakti\u0161ko dyd\u017eio, tod\u0117l puikiai tinka tiek tapybai studijoje, tiek ir lauke. Da\u017eai \u201ePainting PLUS\u201c yra itin universal\u016bs \u2013 \u012f \u201ePLUS\u201c kase\u010di\u0173 sistem\u0105, kuri u\u017etikrina didel\u012f saugum\u0105 ir universalum\u0105, galima sud\u0117ti tiek 8 ml t\u016bbeles, tiek ir da\u017e\u0173 kubelius. Komplekte yra: 24&#215;1\/2 indeliai \u201eCotman 111\u201c serijos teptukas Nr. 3 Plastikin\u0117 d\u0117\u017eut\u0117 su \u012fvairiais mai\u0161ymo pavir\u0161iais","og_url":"https:\/\/hobstop.ee\/lt\/produktas\/akvareliniu-dazu-kubeliu-12-rinkinys-cotman-painting-plus\/","og_site_name":"Skizze","article_publisher":"http:\/\/www.facebook.com\/VunderSkizze","og_image":[{"width":1024,"height":768,"url":"https:\/\/hobstop.ee\/media\/101.jpg","type":"image\/jpeg"}],"twitter_card":"summary_large_image","twitter_misc":{"Est. reading time":"1 minute"},"schema":{"@context":"https:\/\/schema.org","@graph":[{"@type":"WebPage","@id":"https:\/\/hobstop.ee\/lt\/produktas\/akvareliniu-dazu-kubeliu-12-rinkinys-cotman-painting-plus\/","url":"https:\/\/hobstop.ee\/lt\/produktas\/akvareliniu-dazu-kubeliu-12-rinkinys-cotman-painting-plus\/","name":"Akvarelini\u0173 da\u017e\u0173 kubeli\u0173 1\/2 rinkinys Cotman Painting PLUS &#8211; Skizze","isPartOf":{"@id":"https:\/\/hobstop.ee\/lt\/#website"},"primaryImageOfPage":{"@id":"https:\/\/hobstop.ee\/lt\/produktas\/akvareliniu-dazu-kubeliu-12-rinkinys-cotman-painting-plus\/#primaryimage"},"image":{"@id":"https:\/\/hobstop.ee\/lt\/produktas\/akvareliniu-dazu-kubeliu-12-rinkinys-cotman-painting-plus\/#primaryimage"},"thumbnailUrl":"https:\/\/hobstop.ee\/media\/101.jpg","datePublished":"2015-09-09T12:14:19+00:00","dateModified":"2015-09-09T12:14:19+00:00","breadcrumb":{"@id":"https:\/\/hobstop.ee\/lt\/produktas\/akvareliniu-dazu-kubeliu-12-rinkinys-cotman-painting-plus\/#breadcrumb"},"inLanguage":"lt","potentialAction":[{"@type":"ReadAction","target":["https:\/\/hobstop.ee\/lt\/produktas\/akvareliniu-dazu-kubeliu-12-rinkinys-cotman-painting-plus\/"]}]},{"@type":"ImageObject","inLanguage":"lt","@id":"https:\/\/hobstop.ee\/lt\/produktas\/akvareliniu-dazu-kubeliu-12-rinkinys-cotman-painting-plus\/#primaryimage","url":"https:\/\/hobstop.ee\/media\/101.jpg","contentUrl":"https:\/\/hobstop.ee\/media\/101.jpg","width":1024,"height":768},{"@type":"BreadcrumbList","@id":"https:\/\/hobstop.ee\/lt\/produktas\/akvareliniu-dazu-kubeliu-12-rinkinys-cotman-painting-plus\/#breadcrumb","itemListElement":[{"@type":"ListItem","position":1,"name":"Avaleht","item":"https:\/\/hobstop.ee\/lt\/"},{"@type":"ListItem","position":2,"name":"Parduotuv\u0117","item":"https:\/\/hobstop.ee\/lt\/parduotuve\/"},{"@type":"ListItem","position":3,"name":"Akvarelini\u0173 da\u017e\u0173 kubeli\u0173 1\/2 rinkinys Cotman Painting PLUS"}]},{"@type":"WebSite","@id":"https:\/\/hobstop.ee\/lt\/#website","url":"https:\/\/hobstop.ee\/lt\/","name":"Skizze","description":"Dail\u0117s, pom\u0117gi\u0173 ir mokykliniai reikm\u0117nys","publisher":{"@id":"https:\/\/hobstop.ee\/lt\/#organization"},"potentialAction":[{"@type":"SearchAction","target":{"@type":"EntryPoint","urlTemplate":"https:\/\/hobstop.ee\/lt\/?s={search_term_string}"},"query-input":{"@type":"PropertyValueSpecification","valueRequired":true,"valueName":"search_term_string"}}],"inLanguage":"lt"},{"@type":"Organization","@id":"https:\/\/hobstop.ee\/lt\/#organization","name":"Vunder AS","url":"https:\/\/hobstop.ee\/lt\/","logo":{"@type":"ImageObject","inLanguage":"lt","@id":"https:\/\/hobstop.ee\/lt\/#\/schema\/logo\/image\/","url":"https:\/\/hobstop.ee\/media\/vunder-logo.png","contentUrl":"https:\/\/hobstop.ee\/media\/vunder-logo.png","width":127,"height":55,"caption":"Vunder AS"},"image":{"@id":"https:\/\/hobstop.ee\/lt\/#\/schema\/logo\/image\/"},"sameAs":["http:\/\/www.facebook.com\/VunderSkizze"]}]}},"_links":{"self":[{"href":"https:\/\/hobstop.ee\/lt\/wp-json\/wp\/v2\/product\/212917","targetHints":{"allow":["GET"]}}],"collection":[{"href":"https:\/\/hobstop.ee\/lt\/wp-json\/wp\/v2\/product"}],"about":[{"href":"https:\/\/hobstop.ee\/lt\/wp-json\/wp\/v2\/types\/product"}],"replies":[{"embeddable":true,"href":"https:\/\/hobstop.ee\/lt\/wp-json\/wp\/v2\/comments?post=212917"}],"wp:featuredmedia":[{"embeddable":true,"href":"https:\/\/hobstop.ee\/lt\/wp-json\/wp\/v2\/media\/355084"}],"wp:attachment":[{"href":"https:\/\/hobstop.ee\/lt\/wp-json\/wp\/v2\/media?parent=212917"}],"wp:term":[{"taxonomy":"product_cat","embeddable":true,"href":"https:\/\/hobstop.ee\/lt\/wp-json\/wp\/v2\/product_cat?post=212917"},{"taxonomy":"product_tag","embeddable":true,"href":"https:\/\/hobstop.ee\/lt\/wp-json\/wp\/v2\/product_tag?post=212917"}],"curies":[{"name":"wp","href":"https:\/\/api.w.org\/{rel}","templated":true}]}}