{"id":212969,"date":"2015-06-01T15:15:07","date_gmt":"2015-09-09T12:15:07","guid":{"rendered":"http:\/\/vunder-ee.sn25.zone.eu\/lt\/product\/skylamusiai-maped-ergologic\/"},"modified":"2015-09-09T15:15:07","modified_gmt":"2015-09-09T12:15:07","slug":"skylamusiai-maped-ergologic","status":"publish","type":"product","link":"https:\/\/hobstop.ee\/lt\/produktas\/skylamusiai-maped-ergologic\/","title":{"rendered":"Skylamu\u0161iai Maped Ergologic"},"content":{"rendered":"<p>Su skylamu\u0161iu \u201eErgologic\u201c \u201eMaped\u201c pristato pirm\u0105j\u0105 su profesionaliais ergonomikos konsultantais sukurt\u0105 biuro reikmen\u0173 linij\u0105. Patogi rankena, i\u0161skirtinis komfortas \u2013 visiems tinkantys auk\u0161\u010diausios kokyb\u0117s produktai! Atrama yra padengta mink\u0161ta med\u017eiaga, tod\u0117l mu\u0161ti skyles yra labai patogu, o naudodami specialius \u017eiedus, galite greitai i\u0161mu\u0161ti tiksli\u0105 skyl\u0119. \u0160iuk\u0161l\u0117s lengvai i\u0161imamos pro skylamu\u0161io priek\u012f.<\/p>\n","protected":false},"excerpt":{"rendered":"<p>Su skylamu\u0161iu \u201eErgologic\u201c \u201eMaped\u201c pristato pirm\u0105j\u0105 su profesionaliais ergonomikos konsultantais sukurt\u0105 biuro reikmen\u0173 linij\u0105. Patogi rankena, i\u0161skirtinis komfortas \u2013 visiems tinkantys auk\u0161\u010diausios kokyb\u0117s produktai! Atrama yra padengta mink\u0161ta med\u017eiaga, tod\u0117l mu\u0161ti skyles yra labai patogu, o naudodami specialius \u017eiedus, galite greitai i\u0161mu\u0161ti tiksli\u0105 skyl\u0119. \u0160iuk\u0161l\u0117s lengvai i\u0161imamos pro skylamu\u0161io priek\u012f.<\/p>\n","protected":false},"featured_media":221480,"comment_status":"closed","ping_status":"closed","template":"","meta":{"_acf_changed":false,"ep_exclude_from_search":false},"product_cat":[18920,17914,19704],"product_tag":[],"class_list":{"0":"post-212969","1":"product","2":"type-product","3":"status-publish","4":"has-post-thumbnail","6":"product_cat-biuro-reikmenys","7":"product_cat-rastines-prekes","8":"product_cat-skylamusiai","10":"first","11":"instock","12":"taxable","13":"shipping-taxable","14":"purchasable","15":"product-type-variable"},"acf":[],"yoast_head":"<!-- This site is optimized with the Yoast SEO plugin v24.1 - https:\/\/yoast.com\/wordpress\/plugins\/seo\/ -->\n<title>Skylamu\u0161iai Maped Ergologic &#8211; Skizze<\/title>\n<meta name=\"robots\" content=\"noindex, follow, max-snippet:-1, max-image-preview:large, max-video-preview:-1\" \/>\n<meta property=\"og:locale\" content=\"lt_LT\" \/>\n<meta property=\"og:type\" content=\"article\" \/>\n<meta property=\"og:title\" content=\"Skylamu\u0161iai Maped Ergologic &#8211; Skizze\" \/>\n<meta property=\"og:description\" content=\"Su skylamu\u0161iu \u201eErgologic\u201c \u201eMaped\u201c pristato pirm\u0105j\u0105 su profesionaliais ergonomikos konsultantais sukurt\u0105 biuro reikmen\u0173 linij\u0105. Patogi rankena, i\u0161skirtinis komfortas \u2013 visiems tinkantys auk\u0161\u010diausios kokyb\u0117s produktai! Atrama yra padengta mink\u0161ta med\u017eiaga, tod\u0117l mu\u0161ti skyles yra labai patogu, o naudodami specialius \u017eiedus, galite greitai i\u0161mu\u0161ti tiksli\u0105 skyl\u0119. \u0160iuk\u0161l\u0117s lengvai i\u0161imamos pro skylamu\u0161io priek\u012f.\" \/>\n<meta property=\"og:url\" content=\"https:\/\/hobstop.ee\/lt\/produktas\/skylamusiai-maped-ergologic\/\" \/>\n<meta property=\"og:site_name\" content=\"Skizze\" \/>\n<meta property=\"article:publisher\" content=\"http:\/\/www.facebook.com\/VunderSkizze\" \/>\n<meta property=\"og:image\" content=\"https:\/\/hobstop.ee\/media\/126.jpg\" \/>\n\t<meta property=\"og:image:width\" content=\"1024\" \/>\n\t<meta property=\"og:image:height\" content=\"768\" \/>\n\t<meta property=\"og:image:type\" content=\"image\/jpeg\" \/>\n<meta name=\"twitter:card\" content=\"summary_large_image\" \/>\n<script type=\"application\/ld+json\" class=\"yoast-schema-graph\">{\"@context\":\"https:\/\/schema.org\",\"@graph\":[{\"@type\":\"WebPage\",\"@id\":\"https:\/\/hobstop.ee\/lt\/produktas\/skylamusiai-maped-ergologic\/\",\"url\":\"https:\/\/hobstop.ee\/lt\/produktas\/skylamusiai-maped-ergologic\/\",\"name\":\"Skylamu\u0161iai Maped Ergologic &#8211; Skizze\",\"isPartOf\":{\"@id\":\"https:\/\/hobstop.ee\/lt\/#website\"},\"primaryImageOfPage\":{\"@id\":\"https:\/\/hobstop.ee\/lt\/produktas\/skylamusiai-maped-ergologic\/#primaryimage\"},\"image\":{\"@id\":\"https:\/\/hobstop.ee\/lt\/produktas\/skylamusiai-maped-ergologic\/#primaryimage\"},\"thumbnailUrl\":\"https:\/\/hobstop.ee\/media\/126.jpg\",\"datePublished\":\"2015-09-09T12:15:07+00:00\",\"dateModified\":\"2015-09-09T12:15:07+00:00\",\"breadcrumb\":{\"@id\":\"https:\/\/hobstop.ee\/lt\/produktas\/skylamusiai-maped-ergologic\/#breadcrumb\"},\"inLanguage\":\"lt\",\"potentialAction\":[{\"@type\":\"ReadAction\",\"target\":[\"https:\/\/hobstop.ee\/lt\/produktas\/skylamusiai-maped-ergologic\/\"]}]},{\"@type\":\"ImageObject\",\"inLanguage\":\"lt\",\"@id\":\"https:\/\/hobstop.ee\/lt\/produktas\/skylamusiai-maped-ergologic\/#primaryimage\",\"url\":\"https:\/\/hobstop.ee\/media\/126.jpg\",\"contentUrl\":\"https:\/\/hobstop.ee\/media\/126.jpg\",\"width\":1024,\"height\":768},{\"@type\":\"BreadcrumbList\",\"@id\":\"https:\/\/hobstop.ee\/lt\/produktas\/skylamusiai-maped-ergologic\/#breadcrumb\",\"itemListElement\":[{\"@type\":\"ListItem\",\"position\":1,\"name\":\"Avaleht\",\"item\":\"https:\/\/hobstop.ee\/lt\/\"},{\"@type\":\"ListItem\",\"position\":2,\"name\":\"Parduotuv\u0117\",\"item\":\"https:\/\/hobstop.ee\/lt\/parduotuve\/\"},{\"@type\":\"ListItem\",\"position\":3,\"name\":\"Skylamu\u0161iai Maped Ergologic\"}]},{\"@type\":\"WebSite\",\"@id\":\"https:\/\/hobstop.ee\/lt\/#website\",\"url\":\"https:\/\/hobstop.ee\/lt\/\",\"name\":\"Skizze\",\"description\":\"Dail\u0117s, pom\u0117gi\u0173 ir mokykliniai reikm\u0117nys\",\"publisher\":{\"@id\":\"https:\/\/hobstop.ee\/lt\/#organization\"},\"potentialAction\":[{\"@type\":\"SearchAction\",\"target\":{\"@type\":\"EntryPoint\",\"urlTemplate\":\"https:\/\/hobstop.ee\/lt\/?s={search_term_string}\"},\"query-input\":{\"@type\":\"PropertyValueSpecification\",\"valueRequired\":true,\"valueName\":\"search_term_string\"}}],\"inLanguage\":\"lt\"},{\"@type\":\"Organization\",\"@id\":\"https:\/\/hobstop.ee\/lt\/#organization\",\"name\":\"Vunder AS\",\"url\":\"https:\/\/hobstop.ee\/lt\/\",\"logo\":{\"@type\":\"ImageObject\",\"inLanguage\":\"lt\",\"@id\":\"https:\/\/hobstop.ee\/lt\/#\/schema\/logo\/image\/\",\"url\":\"https:\/\/hobstop.ee\/media\/vunder-logo.png\",\"contentUrl\":\"https:\/\/hobstop.ee\/media\/vunder-logo.png\",\"width\":127,\"height\":55,\"caption\":\"Vunder AS\"},\"image\":{\"@id\":\"https:\/\/hobstop.ee\/lt\/#\/schema\/logo\/image\/\"},\"sameAs\":[\"http:\/\/www.facebook.com\/VunderSkizze\"]}]}<\/script>\n<!-- \/ Yoast SEO plugin. -->","yoast_head_json":{"title":"Skylamu\u0161iai Maped Ergologic &#8211; Skizze","robots":{"index":"noindex","follow":"follow","max-snippet":"max-snippet:-1","max-image-preview":"max-image-preview:large","max-video-preview":"max-video-preview:-1"},"og_locale":"lt_LT","og_type":"article","og_title":"Skylamu\u0161iai Maped Ergologic &#8211; Skizze","og_description":"Su skylamu\u0161iu \u201eErgologic\u201c \u201eMaped\u201c pristato pirm\u0105j\u0105 su profesionaliais ergonomikos konsultantais sukurt\u0105 biuro reikmen\u0173 linij\u0105. Patogi rankena, i\u0161skirtinis komfortas \u2013 visiems tinkantys auk\u0161\u010diausios kokyb\u0117s produktai! Atrama yra padengta mink\u0161ta med\u017eiaga, tod\u0117l mu\u0161ti skyles yra labai patogu, o naudodami specialius \u017eiedus, galite greitai i\u0161mu\u0161ti tiksli\u0105 skyl\u0119. \u0160iuk\u0161l\u0117s lengvai i\u0161imamos pro skylamu\u0161io priek\u012f.","og_url":"https:\/\/hobstop.ee\/lt\/produktas\/skylamusiai-maped-ergologic\/","og_site_name":"Skizze","article_publisher":"http:\/\/www.facebook.com\/VunderSkizze","og_image":[{"width":1024,"height":768,"url":"https:\/\/hobstop.ee\/media\/126.jpg","type":"image\/jpeg"}],"twitter_card":"summary_large_image","schema":{"@context":"https:\/\/schema.org","@graph":[{"@type":"WebPage","@id":"https:\/\/hobstop.ee\/lt\/produktas\/skylamusiai-maped-ergologic\/","url":"https:\/\/hobstop.ee\/lt\/produktas\/skylamusiai-maped-ergologic\/","name":"Skylamu\u0161iai Maped Ergologic &#8211; Skizze","isPartOf":{"@id":"https:\/\/hobstop.ee\/lt\/#website"},"primaryImageOfPage":{"@id":"https:\/\/hobstop.ee\/lt\/produktas\/skylamusiai-maped-ergologic\/#primaryimage"},"image":{"@id":"https:\/\/hobstop.ee\/lt\/produktas\/skylamusiai-maped-ergologic\/#primaryimage"},"thumbnailUrl":"https:\/\/hobstop.ee\/media\/126.jpg","datePublished":"2015-09-09T12:15:07+00:00","dateModified":"2015-09-09T12:15:07+00:00","breadcrumb":{"@id":"https:\/\/hobstop.ee\/lt\/produktas\/skylamusiai-maped-ergologic\/#breadcrumb"},"inLanguage":"lt","potentialAction":[{"@type":"ReadAction","target":["https:\/\/hobstop.ee\/lt\/produktas\/skylamusiai-maped-ergologic\/"]}]},{"@type":"ImageObject","inLanguage":"lt","@id":"https:\/\/hobstop.ee\/lt\/produktas\/skylamusiai-maped-ergologic\/#primaryimage","url":"https:\/\/hobstop.ee\/media\/126.jpg","contentUrl":"https:\/\/hobstop.ee\/media\/126.jpg","width":1024,"height":768},{"@type":"BreadcrumbList","@id":"https:\/\/hobstop.ee\/lt\/produktas\/skylamusiai-maped-ergologic\/#breadcrumb","itemListElement":[{"@type":"ListItem","position":1,"name":"Avaleht","item":"https:\/\/hobstop.ee\/lt\/"},{"@type":"ListItem","position":2,"name":"Parduotuv\u0117","item":"https:\/\/hobstop.ee\/lt\/parduotuve\/"},{"@type":"ListItem","position":3,"name":"Skylamu\u0161iai Maped Ergologic"}]},{"@type":"WebSite","@id":"https:\/\/hobstop.ee\/lt\/#website","url":"https:\/\/hobstop.ee\/lt\/","name":"Skizze","description":"Dail\u0117s, pom\u0117gi\u0173 ir mokykliniai reikm\u0117nys","publisher":{"@id":"https:\/\/hobstop.ee\/lt\/#organization"},"potentialAction":[{"@type":"SearchAction","target":{"@type":"EntryPoint","urlTemplate":"https:\/\/hobstop.ee\/lt\/?s={search_term_string}"},"query-input":{"@type":"PropertyValueSpecification","valueRequired":true,"valueName":"search_term_string"}}],"inLanguage":"lt"},{"@type":"Organization","@id":"https:\/\/hobstop.ee\/lt\/#organization","name":"Vunder AS","url":"https:\/\/hobstop.ee\/lt\/","logo":{"@type":"ImageObject","inLanguage":"lt","@id":"https:\/\/hobstop.ee\/lt\/#\/schema\/logo\/image\/","url":"https:\/\/hobstop.ee\/media\/vunder-logo.png","contentUrl":"https:\/\/hobstop.ee\/media\/vunder-logo.png","width":127,"height":55,"caption":"Vunder AS"},"image":{"@id":"https:\/\/hobstop.ee\/lt\/#\/schema\/logo\/image\/"},"sameAs":["http:\/\/www.facebook.com\/VunderSkizze"]}]}},"_links":{"self":[{"href":"https:\/\/hobstop.ee\/lt\/wp-json\/wp\/v2\/product\/212969","targetHints":{"allow":["GET"]}}],"collection":[{"href":"https:\/\/hobstop.ee\/lt\/wp-json\/wp\/v2\/product"}],"about":[{"href":"https:\/\/hobstop.ee\/lt\/wp-json\/wp\/v2\/types\/product"}],"replies":[{"embeddable":true,"href":"https:\/\/hobstop.ee\/lt\/wp-json\/wp\/v2\/comments?post=212969"}],"wp:featuredmedia":[{"embeddable":true,"href":"https:\/\/hobstop.ee\/lt\/wp-json\/wp\/v2\/media\/221480"}],"wp:attachment":[{"href":"https:\/\/hobstop.ee\/lt\/wp-json\/wp\/v2\/media?parent=212969"}],"wp:term":[{"taxonomy":"product_cat","embeddable":true,"href":"https:\/\/hobstop.ee\/lt\/wp-json\/wp\/v2\/product_cat?post=212969"},{"taxonomy":"product_tag","embeddable":true,"href":"https:\/\/hobstop.ee\/lt\/wp-json\/wp\/v2\/product_tag?post=212969"}],"curies":[{"name":"wp","href":"https:\/\/api.w.org\/{rel}","templated":true}]}}