{"id":213164,"date":"2015-06-01T15:19:00","date_gmt":"2015-09-09T12:19:00","guid":{"rendered":"http:\/\/vunder-ee.sn25.zone.eu\/lt\/product\/stiklo-dazai-glasstile-frost-50ml-2\/"},"modified":"2015-09-09T15:19:00","modified_gmt":"2015-09-09T12:19:00","slug":"stiklo-dazai-glasstile-frost-50ml","status":"publish","type":"product","link":"https:\/\/hobstop.ee\/lt\/produktas\/stiklo-dazai-glasstile-frost-50ml\/","title":{"rendered":"Stiklo da\u017eai Glass&#038;Tile Frost 50ml"},"content":{"rendered":"<p>Glass&#038;Tile da\u017eai gerai prikimba prie stiklo, keramini\u0173 plyteli\u0173, porceliano, keramikos ir kit\u0173 lygi\u0173 pavir\u0161i\u0173.<br \/>\nGlass&#038;Tile da\u017eai, skirti dekoravimui vidaus patalpose yra atspar\u016bs, j\u0173 u\u017etvirtinti nereikia. Po to, kai da\u017eus u\u017etvirtinsite orkait\u0117je, dekoruotus daiktus galite plauti skalbimo ma\u0161inoje.<\/p>\n","protected":false},"excerpt":{"rendered":"<p>Glass&#038;Tile da\u017eai gerai prikimba prie stiklo, keramini\u0173 plyteli\u0173, porceliano, keramikos ir kit\u0173 lygi\u0173 pavir\u0161i\u0173. Glass&#038;Tile da\u017eai, skirti dekoravimui vidaus patalpose yra atspar\u016bs, j\u0173 u\u017etvirtinti nereikia. Po to, kai da\u017eus u\u017etvirtinsite orkait\u0117je, dekoruotus daiktus galite plauti skalbimo ma\u0161inoje.<\/p>\n","protected":false},"featured_media":0,"comment_status":"closed","ping_status":"closed","template":"","meta":{"_acf_changed":false,"ep_exclude_from_search":false},"product_cat":[17919,18645,18237],"product_tag":[],"class_list":{"0":"post-213164","1":"product","2":"type-product","3":"status-publish","5":"product_cat-pomegiu-prekes","6":"product_cat-stiklo-dazai-2","7":"product_cat-vandens-pagrindu-pagaminti-dazai","9":"first","10":"instock","11":"sale","12":"taxable","13":"shipping-taxable","14":"purchasable","15":"product-type-variable"},"acf":[],"yoast_head":"<!-- This site is optimized with the Yoast SEO plugin v24.1 - https:\/\/yoast.com\/wordpress\/plugins\/seo\/ -->\n<title>Stiklo da\u017eai Glass&amp;Tile Frost 50ml &#8211; Skizze<\/title>\n<meta name=\"robots\" content=\"noindex, follow, max-snippet:-1, max-image-preview:large, max-video-preview:-1\" \/>\n<meta property=\"og:locale\" content=\"lt_LT\" \/>\n<meta property=\"og:type\" content=\"article\" \/>\n<meta property=\"og:title\" content=\"Stiklo da\u017eai Glass&amp;Tile Frost 50ml &#8211; Skizze\" \/>\n<meta property=\"og:description\" content=\"Glass&#038;Tile da\u017eai gerai prikimba prie stiklo, keramini\u0173 plyteli\u0173, porceliano, keramikos ir kit\u0173 lygi\u0173 pavir\u0161i\u0173. Glass&#038;Tile da\u017eai, skirti dekoravimui vidaus patalpose yra atspar\u016bs, j\u0173 u\u017etvirtinti nereikia. Po to, kai da\u017eus u\u017etvirtinsite orkait\u0117je, dekoruotus daiktus galite plauti skalbimo ma\u0161inoje.\" \/>\n<meta property=\"og:url\" content=\"https:\/\/hobstop.ee\/lt\/produktas\/stiklo-dazai-glasstile-frost-50ml\/\" \/>\n<meta property=\"og:site_name\" content=\"Skizze\" \/>\n<meta property=\"article:publisher\" content=\"http:\/\/www.facebook.com\/VunderSkizze\" \/>\n<meta name=\"twitter:card\" content=\"summary_large_image\" \/>\n<script type=\"application\/ld+json\" class=\"yoast-schema-graph\">{\"@context\":\"https:\/\/schema.org\",\"@graph\":[{\"@type\":\"WebPage\",\"@id\":\"https:\/\/hobstop.ee\/lt\/produktas\/stiklo-dazai-glasstile-frost-50ml\/\",\"url\":\"https:\/\/hobstop.ee\/lt\/produktas\/stiklo-dazai-glasstile-frost-50ml\/\",\"name\":\"Stiklo da\u017eai Glass&Tile Frost 50ml &#8211; Skizze\",\"isPartOf\":{\"@id\":\"https:\/\/hobstop.ee\/lt\/#website\"},\"datePublished\":\"2015-09-09T12:19:00+00:00\",\"dateModified\":\"2015-09-09T12:19:00+00:00\",\"breadcrumb\":{\"@id\":\"https:\/\/hobstop.ee\/lt\/produktas\/stiklo-dazai-glasstile-frost-50ml\/#breadcrumb\"},\"inLanguage\":\"lt\",\"potentialAction\":[{\"@type\":\"ReadAction\",\"target\":[\"https:\/\/hobstop.ee\/lt\/produktas\/stiklo-dazai-glasstile-frost-50ml\/\"]}]},{\"@type\":\"BreadcrumbList\",\"@id\":\"https:\/\/hobstop.ee\/lt\/produktas\/stiklo-dazai-glasstile-frost-50ml\/#breadcrumb\",\"itemListElement\":[{\"@type\":\"ListItem\",\"position\":1,\"name\":\"Avaleht\",\"item\":\"https:\/\/hobstop.ee\/lt\/\"},{\"@type\":\"ListItem\",\"position\":2,\"name\":\"Parduotuv\u0117\",\"item\":\"https:\/\/hobstop.ee\/lt\/parduotuve\/\"},{\"@type\":\"ListItem\",\"position\":3,\"name\":\"Stiklo da\u017eai Glass&#038;Tile Frost 50ml\"}]},{\"@type\":\"WebSite\",\"@id\":\"https:\/\/hobstop.ee\/lt\/#website\",\"url\":\"https:\/\/hobstop.ee\/lt\/\",\"name\":\"Skizze\",\"description\":\"Dail\u0117s, pom\u0117gi\u0173 ir mokykliniai reikm\u0117nys\",\"publisher\":{\"@id\":\"https:\/\/hobstop.ee\/lt\/#organization\"},\"potentialAction\":[{\"@type\":\"SearchAction\",\"target\":{\"@type\":\"EntryPoint\",\"urlTemplate\":\"https:\/\/hobstop.ee\/lt\/?s={search_term_string}\"},\"query-input\":{\"@type\":\"PropertyValueSpecification\",\"valueRequired\":true,\"valueName\":\"search_term_string\"}}],\"inLanguage\":\"lt\"},{\"@type\":\"Organization\",\"@id\":\"https:\/\/hobstop.ee\/lt\/#organization\",\"name\":\"Vunder AS\",\"url\":\"https:\/\/hobstop.ee\/lt\/\",\"logo\":{\"@type\":\"ImageObject\",\"inLanguage\":\"lt\",\"@id\":\"https:\/\/hobstop.ee\/lt\/#\/schema\/logo\/image\/\",\"url\":\"https:\/\/hobstop.ee\/media\/vunder-logo.png\",\"contentUrl\":\"https:\/\/hobstop.ee\/media\/vunder-logo.png\",\"width\":127,\"height\":55,\"caption\":\"Vunder AS\"},\"image\":{\"@id\":\"https:\/\/hobstop.ee\/lt\/#\/schema\/logo\/image\/\"},\"sameAs\":[\"http:\/\/www.facebook.com\/VunderSkizze\"]}]}<\/script>\n<!-- \/ Yoast SEO plugin. -->","yoast_head_json":{"title":"Stiklo da\u017eai Glass&Tile Frost 50ml &#8211; Skizze","robots":{"index":"noindex","follow":"follow","max-snippet":"max-snippet:-1","max-image-preview":"max-image-preview:large","max-video-preview":"max-video-preview:-1"},"og_locale":"lt_LT","og_type":"article","og_title":"Stiklo da\u017eai Glass&Tile Frost 50ml &#8211; Skizze","og_description":"Glass&#038;Tile da\u017eai gerai prikimba prie stiklo, keramini\u0173 plyteli\u0173, porceliano, keramikos ir kit\u0173 lygi\u0173 pavir\u0161i\u0173. Glass&#038;Tile da\u017eai, skirti dekoravimui vidaus patalpose yra atspar\u016bs, j\u0173 u\u017etvirtinti nereikia. Po to, kai da\u017eus u\u017etvirtinsite orkait\u0117je, dekoruotus daiktus galite plauti skalbimo ma\u0161inoje.","og_url":"https:\/\/hobstop.ee\/lt\/produktas\/stiklo-dazai-glasstile-frost-50ml\/","og_site_name":"Skizze","article_publisher":"http:\/\/www.facebook.com\/VunderSkizze","twitter_card":"summary_large_image","schema":{"@context":"https:\/\/schema.org","@graph":[{"@type":"WebPage","@id":"https:\/\/hobstop.ee\/lt\/produktas\/stiklo-dazai-glasstile-frost-50ml\/","url":"https:\/\/hobstop.ee\/lt\/produktas\/stiklo-dazai-glasstile-frost-50ml\/","name":"Stiklo da\u017eai Glass&Tile Frost 50ml &#8211; Skizze","isPartOf":{"@id":"https:\/\/hobstop.ee\/lt\/#website"},"datePublished":"2015-09-09T12:19:00+00:00","dateModified":"2015-09-09T12:19:00+00:00","breadcrumb":{"@id":"https:\/\/hobstop.ee\/lt\/produktas\/stiklo-dazai-glasstile-frost-50ml\/#breadcrumb"},"inLanguage":"lt","potentialAction":[{"@type":"ReadAction","target":["https:\/\/hobstop.ee\/lt\/produktas\/stiklo-dazai-glasstile-frost-50ml\/"]}]},{"@type":"BreadcrumbList","@id":"https:\/\/hobstop.ee\/lt\/produktas\/stiklo-dazai-glasstile-frost-50ml\/#breadcrumb","itemListElement":[{"@type":"ListItem","position":1,"name":"Avaleht","item":"https:\/\/hobstop.ee\/lt\/"},{"@type":"ListItem","position":2,"name":"Parduotuv\u0117","item":"https:\/\/hobstop.ee\/lt\/parduotuve\/"},{"@type":"ListItem","position":3,"name":"Stiklo da\u017eai Glass&#038;Tile Frost 50ml"}]},{"@type":"WebSite","@id":"https:\/\/hobstop.ee\/lt\/#website","url":"https:\/\/hobstop.ee\/lt\/","name":"Skizze","description":"Dail\u0117s, pom\u0117gi\u0173 ir mokykliniai reikm\u0117nys","publisher":{"@id":"https:\/\/hobstop.ee\/lt\/#organization"},"potentialAction":[{"@type":"SearchAction","target":{"@type":"EntryPoint","urlTemplate":"https:\/\/hobstop.ee\/lt\/?s={search_term_string}"},"query-input":{"@type":"PropertyValueSpecification","valueRequired":true,"valueName":"search_term_string"}}],"inLanguage":"lt"},{"@type":"Organization","@id":"https:\/\/hobstop.ee\/lt\/#organization","name":"Vunder AS","url":"https:\/\/hobstop.ee\/lt\/","logo":{"@type":"ImageObject","inLanguage":"lt","@id":"https:\/\/hobstop.ee\/lt\/#\/schema\/logo\/image\/","url":"https:\/\/hobstop.ee\/media\/vunder-logo.png","contentUrl":"https:\/\/hobstop.ee\/media\/vunder-logo.png","width":127,"height":55,"caption":"Vunder AS"},"image":{"@id":"https:\/\/hobstop.ee\/lt\/#\/schema\/logo\/image\/"},"sameAs":["http:\/\/www.facebook.com\/VunderSkizze"]}]}},"_links":{"self":[{"href":"https:\/\/hobstop.ee\/lt\/wp-json\/wp\/v2\/product\/213164","targetHints":{"allow":["GET"]}}],"collection":[{"href":"https:\/\/hobstop.ee\/lt\/wp-json\/wp\/v2\/product"}],"about":[{"href":"https:\/\/hobstop.ee\/lt\/wp-json\/wp\/v2\/types\/product"}],"replies":[{"embeddable":true,"href":"https:\/\/hobstop.ee\/lt\/wp-json\/wp\/v2\/comments?post=213164"}],"wp:attachment":[{"href":"https:\/\/hobstop.ee\/lt\/wp-json\/wp\/v2\/media?parent=213164"}],"wp:term":[{"taxonomy":"product_cat","embeddable":true,"href":"https:\/\/hobstop.ee\/lt\/wp-json\/wp\/v2\/product_cat?post=213164"},{"taxonomy":"product_tag","embeddable":true,"href":"https:\/\/hobstop.ee\/lt\/wp-json\/wp\/v2\/product_tag?post=213164"}],"curies":[{"name":"wp","href":"https:\/\/api.w.org\/{rel}","templated":true}]}}