{"id":213296,"date":"2015-06-01T15:20:25","date_gmt":"2015-09-09T12:20:25","guid":{"rendered":"http:\/\/vunder-ee.sn25.zone.eu\/lt\/product\/auksavimo-priemone-1l-red-gilder-clay-base-2\/"},"modified":"2015-09-09T15:20:25","modified_gmt":"2015-09-09T12:20:25","slug":"auksavimo-priemone-charbonnel-1l","status":"publish","type":"product","link":"https:\/\/hobstop.ee\/lt\/produktas\/auksavimo-priemone-charbonnel-1l\/","title":{"rendered":"Auksavimo priemon\u0117 Charbonnel 1l"},"content":{"rendered":"<p>Auksavimo gruntas-pasta \u201eCharbonnel\u201c yra gaminama tradiciniu b\u016bdu smulkinant tarp granito vol\u0173. \u0160is gaminimo procesas u\u017etikrina auk\u0161\u010diausi\u0105 kokyb\u0119 ir puikias priemon\u0117s savybes. Auksavimo grunto dvigub\u0105 kiek\u012f reikia sumai\u0161yti su drungnu triu\u0161io odos klij\u0173 skiediniu. Taip paruo\u0161tu gruntu galima padengti auksuojam\u0105 daikt\u0105.<br \/>\nTriu\u0161io odos klijai yra b\u016btina auksavimo grunto mi\u0161inio sudedamoji dalis.<\/p>\n","protected":false},"excerpt":{"rendered":"<p>Auksavimo gruntas-pasta \u201eCharbonnel\u201c yra gaminama tradiciniu b\u016bdu smulkinant tarp granito vol\u0173. \u0160is gaminimo procesas u\u017etikrina auk\u0161\u010diausi\u0105 kokyb\u0119 ir puikias priemon\u0117s savybes. Auksavimo grunto dvigub\u0105 kiek\u012f reikia sumai\u0161yti su drungnu triu\u0161io odos klij\u0173 skiediniu. Taip paruo\u0161tu gruntu galima padengti auksuojam\u0105 daikt\u0105. Triu\u0161io odos klijai yra b\u016btina auksavimo grunto mi\u0161inio sudedamoji dalis.<\/p>\n","protected":false},"featured_media":221800,"comment_status":"closed","ping_status":"closed","template":"","meta":{"_acf_changed":false,"ep_exclude_from_search":false},"product_cat":[18314,18589,16124],"product_tag":[],"class_list":{"0":"post-213296","1":"product","2":"type-product","3":"status-publish","4":"has-post-thumbnail","6":"product_cat-auksavimo-klijai-ir-gruntai","7":"product_cat-auksavimo-priemones","8":"product_cat-dailes-prekes","10":"first","11":"instock","12":"taxable","13":"shipping-taxable","14":"purchasable","15":"product-type-variable"},"acf":[],"yoast_head":"<!-- This site is optimized with the Yoast SEO plugin v24.1 - https:\/\/yoast.com\/wordpress\/plugins\/seo\/ -->\n<title>Auksavimo priemon\u0117 Charbonnel 1l &#8211; Skizze<\/title>\n<meta name=\"robots\" content=\"noindex, follow, max-snippet:-1, max-image-preview:large, max-video-preview:-1\" \/>\n<meta property=\"og:locale\" content=\"lt_LT\" \/>\n<meta property=\"og:type\" content=\"article\" \/>\n<meta property=\"og:title\" content=\"Auksavimo priemon\u0117 Charbonnel 1l &#8211; Skizze\" \/>\n<meta property=\"og:description\" content=\"Auksavimo gruntas-pasta \u201eCharbonnel\u201c yra gaminama tradiciniu b\u016bdu smulkinant tarp granito vol\u0173. \u0160is gaminimo procesas u\u017etikrina auk\u0161\u010diausi\u0105 kokyb\u0119 ir puikias priemon\u0117s savybes. Auksavimo grunto dvigub\u0105 kiek\u012f reikia sumai\u0161yti su drungnu triu\u0161io odos klij\u0173 skiediniu. Taip paruo\u0161tu gruntu galima padengti auksuojam\u0105 daikt\u0105. Triu\u0161io odos klijai yra b\u016btina auksavimo grunto mi\u0161inio sudedamoji dalis.\" \/>\n<meta property=\"og:url\" content=\"https:\/\/hobstop.ee\/lt\/produktas\/auksavimo-priemone-charbonnel-1l\/\" \/>\n<meta property=\"og:site_name\" content=\"Skizze\" \/>\n<meta property=\"article:publisher\" content=\"http:\/\/www.facebook.com\/VunderSkizze\" \/>\n<meta property=\"og:image\" content=\"https:\/\/hobstop.ee\/media\/888.jpg\" \/>\n\t<meta property=\"og:image:width\" content=\"1024\" \/>\n\t<meta property=\"og:image:height\" content=\"768\" \/>\n\t<meta property=\"og:image:type\" content=\"image\/jpeg\" \/>\n<meta name=\"twitter:card\" content=\"summary_large_image\" \/>\n<script type=\"application\/ld+json\" class=\"yoast-schema-graph\">{\"@context\":\"https:\/\/schema.org\",\"@graph\":[{\"@type\":\"WebPage\",\"@id\":\"https:\/\/hobstop.ee\/lt\/produktas\/auksavimo-priemone-charbonnel-1l\/\",\"url\":\"https:\/\/hobstop.ee\/lt\/produktas\/auksavimo-priemone-charbonnel-1l\/\",\"name\":\"Auksavimo priemon\u0117 Charbonnel 1l &#8211; Skizze\",\"isPartOf\":{\"@id\":\"https:\/\/hobstop.ee\/lt\/#website\"},\"primaryImageOfPage\":{\"@id\":\"https:\/\/hobstop.ee\/lt\/produktas\/auksavimo-priemone-charbonnel-1l\/#primaryimage\"},\"image\":{\"@id\":\"https:\/\/hobstop.ee\/lt\/produktas\/auksavimo-priemone-charbonnel-1l\/#primaryimage\"},\"thumbnailUrl\":\"https:\/\/hobstop.ee\/media\/888.jpg\",\"datePublished\":\"2015-09-09T12:20:25+00:00\",\"dateModified\":\"2015-09-09T12:20:25+00:00\",\"breadcrumb\":{\"@id\":\"https:\/\/hobstop.ee\/lt\/produktas\/auksavimo-priemone-charbonnel-1l\/#breadcrumb\"},\"inLanguage\":\"lt\",\"potentialAction\":[{\"@type\":\"ReadAction\",\"target\":[\"https:\/\/hobstop.ee\/lt\/produktas\/auksavimo-priemone-charbonnel-1l\/\"]}]},{\"@type\":\"ImageObject\",\"inLanguage\":\"lt\",\"@id\":\"https:\/\/hobstop.ee\/lt\/produktas\/auksavimo-priemone-charbonnel-1l\/#primaryimage\",\"url\":\"https:\/\/hobstop.ee\/media\/888.jpg\",\"contentUrl\":\"https:\/\/hobstop.ee\/media\/888.jpg\",\"width\":1024,\"height\":768},{\"@type\":\"BreadcrumbList\",\"@id\":\"https:\/\/hobstop.ee\/lt\/produktas\/auksavimo-priemone-charbonnel-1l\/#breadcrumb\",\"itemListElement\":[{\"@type\":\"ListItem\",\"position\":1,\"name\":\"Avaleht\",\"item\":\"https:\/\/hobstop.ee\/lt\/\"},{\"@type\":\"ListItem\",\"position\":2,\"name\":\"Parduotuv\u0117\",\"item\":\"https:\/\/hobstop.ee\/lt\/parduotuve\/\"},{\"@type\":\"ListItem\",\"position\":3,\"name\":\"Auksavimo priemon\u0117 Charbonnel 1l\"}]},{\"@type\":\"WebSite\",\"@id\":\"https:\/\/hobstop.ee\/lt\/#website\",\"url\":\"https:\/\/hobstop.ee\/lt\/\",\"name\":\"Skizze\",\"description\":\"Dail\u0117s, pom\u0117gi\u0173 ir mokykliniai reikm\u0117nys\",\"publisher\":{\"@id\":\"https:\/\/hobstop.ee\/lt\/#organization\"},\"potentialAction\":[{\"@type\":\"SearchAction\",\"target\":{\"@type\":\"EntryPoint\",\"urlTemplate\":\"https:\/\/hobstop.ee\/lt\/?s={search_term_string}\"},\"query-input\":{\"@type\":\"PropertyValueSpecification\",\"valueRequired\":true,\"valueName\":\"search_term_string\"}}],\"inLanguage\":\"lt\"},{\"@type\":\"Organization\",\"@id\":\"https:\/\/hobstop.ee\/lt\/#organization\",\"name\":\"Vunder AS\",\"url\":\"https:\/\/hobstop.ee\/lt\/\",\"logo\":{\"@type\":\"ImageObject\",\"inLanguage\":\"lt\",\"@id\":\"https:\/\/hobstop.ee\/lt\/#\/schema\/logo\/image\/\",\"url\":\"https:\/\/hobstop.ee\/media\/vunder-logo.png\",\"contentUrl\":\"https:\/\/hobstop.ee\/media\/vunder-logo.png\",\"width\":127,\"height\":55,\"caption\":\"Vunder AS\"},\"image\":{\"@id\":\"https:\/\/hobstop.ee\/lt\/#\/schema\/logo\/image\/\"},\"sameAs\":[\"http:\/\/www.facebook.com\/VunderSkizze\"]}]}<\/script>\n<!-- \/ Yoast SEO plugin. -->","yoast_head_json":{"title":"Auksavimo priemon\u0117 Charbonnel 1l &#8211; Skizze","robots":{"index":"noindex","follow":"follow","max-snippet":"max-snippet:-1","max-image-preview":"max-image-preview:large","max-video-preview":"max-video-preview:-1"},"og_locale":"lt_LT","og_type":"article","og_title":"Auksavimo priemon\u0117 Charbonnel 1l &#8211; Skizze","og_description":"Auksavimo gruntas-pasta \u201eCharbonnel\u201c yra gaminama tradiciniu b\u016bdu smulkinant tarp granito vol\u0173. \u0160is gaminimo procesas u\u017etikrina auk\u0161\u010diausi\u0105 kokyb\u0119 ir puikias priemon\u0117s savybes. Auksavimo grunto dvigub\u0105 kiek\u012f reikia sumai\u0161yti su drungnu triu\u0161io odos klij\u0173 skiediniu. Taip paruo\u0161tu gruntu galima padengti auksuojam\u0105 daikt\u0105. Triu\u0161io odos klijai yra b\u016btina auksavimo grunto mi\u0161inio sudedamoji dalis.","og_url":"https:\/\/hobstop.ee\/lt\/produktas\/auksavimo-priemone-charbonnel-1l\/","og_site_name":"Skizze","article_publisher":"http:\/\/www.facebook.com\/VunderSkizze","og_image":[{"width":1024,"height":768,"url":"https:\/\/hobstop.ee\/media\/888.jpg","type":"image\/jpeg"}],"twitter_card":"summary_large_image","schema":{"@context":"https:\/\/schema.org","@graph":[{"@type":"WebPage","@id":"https:\/\/hobstop.ee\/lt\/produktas\/auksavimo-priemone-charbonnel-1l\/","url":"https:\/\/hobstop.ee\/lt\/produktas\/auksavimo-priemone-charbonnel-1l\/","name":"Auksavimo priemon\u0117 Charbonnel 1l &#8211; Skizze","isPartOf":{"@id":"https:\/\/hobstop.ee\/lt\/#website"},"primaryImageOfPage":{"@id":"https:\/\/hobstop.ee\/lt\/produktas\/auksavimo-priemone-charbonnel-1l\/#primaryimage"},"image":{"@id":"https:\/\/hobstop.ee\/lt\/produktas\/auksavimo-priemone-charbonnel-1l\/#primaryimage"},"thumbnailUrl":"https:\/\/hobstop.ee\/media\/888.jpg","datePublished":"2015-09-09T12:20:25+00:00","dateModified":"2015-09-09T12:20:25+00:00","breadcrumb":{"@id":"https:\/\/hobstop.ee\/lt\/produktas\/auksavimo-priemone-charbonnel-1l\/#breadcrumb"},"inLanguage":"lt","potentialAction":[{"@type":"ReadAction","target":["https:\/\/hobstop.ee\/lt\/produktas\/auksavimo-priemone-charbonnel-1l\/"]}]},{"@type":"ImageObject","inLanguage":"lt","@id":"https:\/\/hobstop.ee\/lt\/produktas\/auksavimo-priemone-charbonnel-1l\/#primaryimage","url":"https:\/\/hobstop.ee\/media\/888.jpg","contentUrl":"https:\/\/hobstop.ee\/media\/888.jpg","width":1024,"height":768},{"@type":"BreadcrumbList","@id":"https:\/\/hobstop.ee\/lt\/produktas\/auksavimo-priemone-charbonnel-1l\/#breadcrumb","itemListElement":[{"@type":"ListItem","position":1,"name":"Avaleht","item":"https:\/\/hobstop.ee\/lt\/"},{"@type":"ListItem","position":2,"name":"Parduotuv\u0117","item":"https:\/\/hobstop.ee\/lt\/parduotuve\/"},{"@type":"ListItem","position":3,"name":"Auksavimo priemon\u0117 Charbonnel 1l"}]},{"@type":"WebSite","@id":"https:\/\/hobstop.ee\/lt\/#website","url":"https:\/\/hobstop.ee\/lt\/","name":"Skizze","description":"Dail\u0117s, pom\u0117gi\u0173 ir mokykliniai reikm\u0117nys","publisher":{"@id":"https:\/\/hobstop.ee\/lt\/#organization"},"potentialAction":[{"@type":"SearchAction","target":{"@type":"EntryPoint","urlTemplate":"https:\/\/hobstop.ee\/lt\/?s={search_term_string}"},"query-input":{"@type":"PropertyValueSpecification","valueRequired":true,"valueName":"search_term_string"}}],"inLanguage":"lt"},{"@type":"Organization","@id":"https:\/\/hobstop.ee\/lt\/#organization","name":"Vunder AS","url":"https:\/\/hobstop.ee\/lt\/","logo":{"@type":"ImageObject","inLanguage":"lt","@id":"https:\/\/hobstop.ee\/lt\/#\/schema\/logo\/image\/","url":"https:\/\/hobstop.ee\/media\/vunder-logo.png","contentUrl":"https:\/\/hobstop.ee\/media\/vunder-logo.png","width":127,"height":55,"caption":"Vunder AS"},"image":{"@id":"https:\/\/hobstop.ee\/lt\/#\/schema\/logo\/image\/"},"sameAs":["http:\/\/www.facebook.com\/VunderSkizze"]}]}},"_links":{"self":[{"href":"https:\/\/hobstop.ee\/lt\/wp-json\/wp\/v2\/product\/213296","targetHints":{"allow":["GET"]}}],"collection":[{"href":"https:\/\/hobstop.ee\/lt\/wp-json\/wp\/v2\/product"}],"about":[{"href":"https:\/\/hobstop.ee\/lt\/wp-json\/wp\/v2\/types\/product"}],"replies":[{"embeddable":true,"href":"https:\/\/hobstop.ee\/lt\/wp-json\/wp\/v2\/comments?post=213296"}],"wp:featuredmedia":[{"embeddable":true,"href":"https:\/\/hobstop.ee\/lt\/wp-json\/wp\/v2\/media\/221800"}],"wp:attachment":[{"href":"https:\/\/hobstop.ee\/lt\/wp-json\/wp\/v2\/media?parent=213296"}],"wp:term":[{"taxonomy":"product_cat","embeddable":true,"href":"https:\/\/hobstop.ee\/lt\/wp-json\/wp\/v2\/product_cat?post=213296"},{"taxonomy":"product_tag","embeddable":true,"href":"https:\/\/hobstop.ee\/lt\/wp-json\/wp\/v2\/product_tag?post=213296"}],"curies":[{"name":"wp","href":"https:\/\/api.w.org\/{rel}","templated":true}]}}