{"id":213451,"date":"2015-06-01T15:21:57","date_gmt":"2015-09-09T12:21:57","guid":{"rendered":"http:\/\/vunder-ee.sn25.zone.eu\/lt\/product\/dmararos-lakas-lb-extra-fine-1859\/"},"modified":"2015-09-09T15:21:57","modified_gmt":"2015-09-09T12:21:57","slug":"lakas-aliejiniams-dazams-lb-blizgus-dammar-extra-fine","status":"publish","type":"product","link":"https:\/\/hobstop.ee\/lt\/produktas\/lakas-aliejiniams-dazams-lb-blizgus-dammar-extra-fine\/","title":{"rendered":"Lakas aliejiniams da\u017eams L&#038;B blizgus Dammar extra-fine"},"content":{"rendered":"<p>Lengvai atpa\u017e\u012fstamas d\u0117l savo santykinai \u0161viesios spalvos, \u0161is lakas yra pagamintas i\u0161 nat\u016bralios damaros dervos. Jis yra labai lengva tepamas, nes yra ne itin tekus. Jo naudoti nereik\u0117t\u0173, jeigu aplinkos oras yra pernelyg dr\u0117gnas.<\/p>\n","protected":false},"excerpt":{"rendered":"<p>Lengvai atpa\u017e\u012fstamas d\u0117l savo santykinai \u0161viesios spalvos, \u0161is lakas yra pagamintas i\u0161 nat\u016bralios damaros dervos. Jis yra labai lengva tepamas, nes yra ne itin tekus. Jo naudoti nereik\u0117t\u0173, jeigu aplinkos oras yra pernelyg dr\u0117gnas.<\/p>\n","protected":false},"featured_media":297996,"comment_status":"closed","ping_status":"closed","template":"","meta":{"_acf_changed":false,"ep_exclude_from_search":false},"product_cat":[17351,16124,17981],"product_tag":[],"class_list":{"0":"post-213451","1":"product","2":"type-product","3":"status-publish","4":"has-post-thumbnail","6":"product_cat-aliejiniu-dazu-priedai","7":"product_cat-dailes-prekes","8":"product_cat-dazai-ir-priedai-tapybai","10":"first","11":"outofstock","12":"taxable","13":"shipping-taxable","14":"purchasable","15":"product-type-variable"},"acf":[],"yoast_head":"<!-- This site is optimized with the Yoast SEO plugin v24.1 - https:\/\/yoast.com\/wordpress\/plugins\/seo\/ -->\n<title>Lakas aliejiniams da\u017eams L&amp;B blizgus Dammar extra-fine &#8211; Skizze<\/title>\n<meta name=\"robots\" content=\"noindex, follow, max-snippet:-1, max-image-preview:large, max-video-preview:-1\" \/>\n<meta property=\"og:locale\" content=\"lt_LT\" \/>\n<meta property=\"og:type\" content=\"article\" \/>\n<meta property=\"og:title\" content=\"Lakas aliejiniams da\u017eams L&amp;B blizgus Dammar extra-fine &#8211; Skizze\" \/>\n<meta property=\"og:description\" content=\"Lengvai atpa\u017e\u012fstamas d\u0117l savo santykinai \u0161viesios spalvos, \u0161is lakas yra pagamintas i\u0161 nat\u016bralios damaros dervos. Jis yra labai lengva tepamas, nes yra ne itin tekus. Jo naudoti nereik\u0117t\u0173, jeigu aplinkos oras yra pernelyg dr\u0117gnas.\" \/>\n<meta property=\"og:url\" content=\"https:\/\/hobstop.ee\/lt\/produktas\/lakas-aliejiniams-dazams-lb-blizgus-dammar-extra-fine\/\" \/>\n<meta property=\"og:site_name\" content=\"Skizze\" \/>\n<meta property=\"article:publisher\" content=\"http:\/\/www.facebook.com\/VunderSkizze\" \/>\n<meta property=\"og:image\" content=\"https:\/\/hobstop.ee\/media\/981.jpg\" \/>\n\t<meta property=\"og:image:width\" content=\"1024\" \/>\n\t<meta property=\"og:image:height\" content=\"768\" \/>\n\t<meta property=\"og:image:type\" content=\"image\/jpeg\" \/>\n<meta name=\"twitter:card\" content=\"summary_large_image\" \/>\n<script type=\"application\/ld+json\" class=\"yoast-schema-graph\">{\"@context\":\"https:\/\/schema.org\",\"@graph\":[{\"@type\":\"WebPage\",\"@id\":\"https:\/\/hobstop.ee\/lt\/produktas\/lakas-aliejiniams-dazams-lb-blizgus-dammar-extra-fine\/\",\"url\":\"https:\/\/hobstop.ee\/lt\/produktas\/lakas-aliejiniams-dazams-lb-blizgus-dammar-extra-fine\/\",\"name\":\"Lakas aliejiniams da\u017eams L&B blizgus Dammar extra-fine &#8211; Skizze\",\"isPartOf\":{\"@id\":\"https:\/\/hobstop.ee\/lt\/#website\"},\"primaryImageOfPage\":{\"@id\":\"https:\/\/hobstop.ee\/lt\/produktas\/lakas-aliejiniams-dazams-lb-blizgus-dammar-extra-fine\/#primaryimage\"},\"image\":{\"@id\":\"https:\/\/hobstop.ee\/lt\/produktas\/lakas-aliejiniams-dazams-lb-blizgus-dammar-extra-fine\/#primaryimage\"},\"thumbnailUrl\":\"https:\/\/hobstop.ee\/media\/981.jpg\",\"datePublished\":\"2015-09-09T12:21:57+00:00\",\"dateModified\":\"2015-09-09T12:21:57+00:00\",\"breadcrumb\":{\"@id\":\"https:\/\/hobstop.ee\/lt\/produktas\/lakas-aliejiniams-dazams-lb-blizgus-dammar-extra-fine\/#breadcrumb\"},\"inLanguage\":\"lt\",\"potentialAction\":[{\"@type\":\"ReadAction\",\"target\":[\"https:\/\/hobstop.ee\/lt\/produktas\/lakas-aliejiniams-dazams-lb-blizgus-dammar-extra-fine\/\"]}]},{\"@type\":\"ImageObject\",\"inLanguage\":\"lt\",\"@id\":\"https:\/\/hobstop.ee\/lt\/produktas\/lakas-aliejiniams-dazams-lb-blizgus-dammar-extra-fine\/#primaryimage\",\"url\":\"https:\/\/hobstop.ee\/media\/981.jpg\",\"contentUrl\":\"https:\/\/hobstop.ee\/media\/981.jpg\",\"width\":1024,\"height\":768},{\"@type\":\"BreadcrumbList\",\"@id\":\"https:\/\/hobstop.ee\/lt\/produktas\/lakas-aliejiniams-dazams-lb-blizgus-dammar-extra-fine\/#breadcrumb\",\"itemListElement\":[{\"@type\":\"ListItem\",\"position\":1,\"name\":\"Avaleht\",\"item\":\"https:\/\/hobstop.ee\/lt\/\"},{\"@type\":\"ListItem\",\"position\":2,\"name\":\"Parduotuv\u0117\",\"item\":\"https:\/\/hobstop.ee\/lt\/parduotuve\/\"},{\"@type\":\"ListItem\",\"position\":3,\"name\":\"Lakas aliejiniams da\u017eams L&#038;B blizgus Dammar extra-fine\"}]},{\"@type\":\"WebSite\",\"@id\":\"https:\/\/hobstop.ee\/lt\/#website\",\"url\":\"https:\/\/hobstop.ee\/lt\/\",\"name\":\"Skizze\",\"description\":\"Dail\u0117s, pom\u0117gi\u0173 ir mokykliniai reikm\u0117nys\",\"publisher\":{\"@id\":\"https:\/\/hobstop.ee\/lt\/#organization\"},\"potentialAction\":[{\"@type\":\"SearchAction\",\"target\":{\"@type\":\"EntryPoint\",\"urlTemplate\":\"https:\/\/hobstop.ee\/lt\/?s={search_term_string}\"},\"query-input\":{\"@type\":\"PropertyValueSpecification\",\"valueRequired\":true,\"valueName\":\"search_term_string\"}}],\"inLanguage\":\"lt\"},{\"@type\":\"Organization\",\"@id\":\"https:\/\/hobstop.ee\/lt\/#organization\",\"name\":\"Vunder AS\",\"url\":\"https:\/\/hobstop.ee\/lt\/\",\"logo\":{\"@type\":\"ImageObject\",\"inLanguage\":\"lt\",\"@id\":\"https:\/\/hobstop.ee\/lt\/#\/schema\/logo\/image\/\",\"url\":\"https:\/\/hobstop.ee\/media\/vunder-logo.png\",\"contentUrl\":\"https:\/\/hobstop.ee\/media\/vunder-logo.png\",\"width\":127,\"height\":55,\"caption\":\"Vunder AS\"},\"image\":{\"@id\":\"https:\/\/hobstop.ee\/lt\/#\/schema\/logo\/image\/\"},\"sameAs\":[\"http:\/\/www.facebook.com\/VunderSkizze\"]}]}<\/script>\n<!-- \/ Yoast SEO plugin. -->","yoast_head_json":{"title":"Lakas aliejiniams da\u017eams L&B blizgus Dammar extra-fine &#8211; Skizze","robots":{"index":"noindex","follow":"follow","max-snippet":"max-snippet:-1","max-image-preview":"max-image-preview:large","max-video-preview":"max-video-preview:-1"},"og_locale":"lt_LT","og_type":"article","og_title":"Lakas aliejiniams da\u017eams L&B blizgus Dammar extra-fine &#8211; Skizze","og_description":"Lengvai atpa\u017e\u012fstamas d\u0117l savo santykinai \u0161viesios spalvos, \u0161is lakas yra pagamintas i\u0161 nat\u016bralios damaros dervos. Jis yra labai lengva tepamas, nes yra ne itin tekus. Jo naudoti nereik\u0117t\u0173, jeigu aplinkos oras yra pernelyg dr\u0117gnas.","og_url":"https:\/\/hobstop.ee\/lt\/produktas\/lakas-aliejiniams-dazams-lb-blizgus-dammar-extra-fine\/","og_site_name":"Skizze","article_publisher":"http:\/\/www.facebook.com\/VunderSkizze","og_image":[{"width":1024,"height":768,"url":"https:\/\/hobstop.ee\/media\/981.jpg","type":"image\/jpeg"}],"twitter_card":"summary_large_image","schema":{"@context":"https:\/\/schema.org","@graph":[{"@type":"WebPage","@id":"https:\/\/hobstop.ee\/lt\/produktas\/lakas-aliejiniams-dazams-lb-blizgus-dammar-extra-fine\/","url":"https:\/\/hobstop.ee\/lt\/produktas\/lakas-aliejiniams-dazams-lb-blizgus-dammar-extra-fine\/","name":"Lakas aliejiniams da\u017eams L&B blizgus Dammar extra-fine &#8211; Skizze","isPartOf":{"@id":"https:\/\/hobstop.ee\/lt\/#website"},"primaryImageOfPage":{"@id":"https:\/\/hobstop.ee\/lt\/produktas\/lakas-aliejiniams-dazams-lb-blizgus-dammar-extra-fine\/#primaryimage"},"image":{"@id":"https:\/\/hobstop.ee\/lt\/produktas\/lakas-aliejiniams-dazams-lb-blizgus-dammar-extra-fine\/#primaryimage"},"thumbnailUrl":"https:\/\/hobstop.ee\/media\/981.jpg","datePublished":"2015-09-09T12:21:57+00:00","dateModified":"2015-09-09T12:21:57+00:00","breadcrumb":{"@id":"https:\/\/hobstop.ee\/lt\/produktas\/lakas-aliejiniams-dazams-lb-blizgus-dammar-extra-fine\/#breadcrumb"},"inLanguage":"lt","potentialAction":[{"@type":"ReadAction","target":["https:\/\/hobstop.ee\/lt\/produktas\/lakas-aliejiniams-dazams-lb-blizgus-dammar-extra-fine\/"]}]},{"@type":"ImageObject","inLanguage":"lt","@id":"https:\/\/hobstop.ee\/lt\/produktas\/lakas-aliejiniams-dazams-lb-blizgus-dammar-extra-fine\/#primaryimage","url":"https:\/\/hobstop.ee\/media\/981.jpg","contentUrl":"https:\/\/hobstop.ee\/media\/981.jpg","width":1024,"height":768},{"@type":"BreadcrumbList","@id":"https:\/\/hobstop.ee\/lt\/produktas\/lakas-aliejiniams-dazams-lb-blizgus-dammar-extra-fine\/#breadcrumb","itemListElement":[{"@type":"ListItem","position":1,"name":"Avaleht","item":"https:\/\/hobstop.ee\/lt\/"},{"@type":"ListItem","position":2,"name":"Parduotuv\u0117","item":"https:\/\/hobstop.ee\/lt\/parduotuve\/"},{"@type":"ListItem","position":3,"name":"Lakas aliejiniams da\u017eams L&#038;B blizgus Dammar extra-fine"}]},{"@type":"WebSite","@id":"https:\/\/hobstop.ee\/lt\/#website","url":"https:\/\/hobstop.ee\/lt\/","name":"Skizze","description":"Dail\u0117s, pom\u0117gi\u0173 ir mokykliniai reikm\u0117nys","publisher":{"@id":"https:\/\/hobstop.ee\/lt\/#organization"},"potentialAction":[{"@type":"SearchAction","target":{"@type":"EntryPoint","urlTemplate":"https:\/\/hobstop.ee\/lt\/?s={search_term_string}"},"query-input":{"@type":"PropertyValueSpecification","valueRequired":true,"valueName":"search_term_string"}}],"inLanguage":"lt"},{"@type":"Organization","@id":"https:\/\/hobstop.ee\/lt\/#organization","name":"Vunder AS","url":"https:\/\/hobstop.ee\/lt\/","logo":{"@type":"ImageObject","inLanguage":"lt","@id":"https:\/\/hobstop.ee\/lt\/#\/schema\/logo\/image\/","url":"https:\/\/hobstop.ee\/media\/vunder-logo.png","contentUrl":"https:\/\/hobstop.ee\/media\/vunder-logo.png","width":127,"height":55,"caption":"Vunder AS"},"image":{"@id":"https:\/\/hobstop.ee\/lt\/#\/schema\/logo\/image\/"},"sameAs":["http:\/\/www.facebook.com\/VunderSkizze"]}]}},"_links":{"self":[{"href":"https:\/\/hobstop.ee\/lt\/wp-json\/wp\/v2\/product\/213451","targetHints":{"allow":["GET"]}}],"collection":[{"href":"https:\/\/hobstop.ee\/lt\/wp-json\/wp\/v2\/product"}],"about":[{"href":"https:\/\/hobstop.ee\/lt\/wp-json\/wp\/v2\/types\/product"}],"replies":[{"embeddable":true,"href":"https:\/\/hobstop.ee\/lt\/wp-json\/wp\/v2\/comments?post=213451"}],"wp:featuredmedia":[{"embeddable":true,"href":"https:\/\/hobstop.ee\/lt\/wp-json\/wp\/v2\/media\/297996"}],"wp:attachment":[{"href":"https:\/\/hobstop.ee\/lt\/wp-json\/wp\/v2\/media?parent=213451"}],"wp:term":[{"taxonomy":"product_cat","embeddable":true,"href":"https:\/\/hobstop.ee\/lt\/wp-json\/wp\/v2\/product_cat?post=213451"},{"taxonomy":"product_tag","embeddable":true,"href":"https:\/\/hobstop.ee\/lt\/wp-json\/wp\/v2\/product_tag?post=213451"}],"curies":[{"name":"wp","href":"https:\/\/api.w.org\/{rel}","templated":true}]}}