{"id":213515,"date":"2015-06-01T15:22:40","date_gmt":"2015-09-09T12:22:40","guid":{"rendered":"http:\/\/vunder-ee.sn25.zone.eu\/lt\/product\/kliju-pistoletas-mini\/"},"modified":"2015-09-09T15:22:40","modified_gmt":"2015-09-09T12:22:40","slug":"kliju-pistoletas-rayher-zemai-temperaturai","status":"publish","type":"product","link":"https:\/\/hobstop.ee\/lt\/produktas\/kliju-pistoletas-rayher-zemai-temperaturai\/","title":{"rendered":"Klij\u0173 pistoletas Rayher \u017eemai temperat\u016brai"},"content":{"rendered":"<p>\u017demos temperat\u016bros (klij\u0173 pie\u0161tukas i\u0161silydo ma\u017edaug prie 110 \u00b0C) klij\u0173 pistoletas. Tinka \u012fvairioms med\u017eiagoms klijuoti, taip pat net ir tokioms jautrioms med\u017eiagoms, kaip ekstruzinis put\u0173 polistirenas \u201eStyrofoam\u201c. Kaitinimo laikas tik 3\u20135 minut\u0117s.<\/p>\n","protected":false},"excerpt":{"rendered":"<p>\u017demos temperat\u016bros (klij\u0173 pie\u0161tukas i\u0161silydo ma\u017edaug prie 110 \u00b0C) klij\u0173 pistoletas. Tinka \u012fvairioms med\u017eiagoms klijuoti, taip pat net ir tokioms jautrioms med\u017eiagoms, kaip ekstruzinis put\u0173 polistirenas \u201eStyrofoam\u201c. Kaitinimo laikas tik 3\u20135 minut\u0117s.<\/p>\n","protected":false},"featured_media":222012,"comment_status":"closed","ping_status":"closed","template":"","meta":{"_acf_changed":false,"ep_exclude_from_search":false},"product_cat":[17969,18284,17919],"product_tag":[],"class_list":{"0":"post-213515","1":"product","2":"type-product","3":"status-publish","4":"has-post-thumbnail","6":"product_cat-kitos-prekes","7":"product_cat-kliju-pistoletai-ir-kasetes","8":"product_cat-pomegiu-prekes","10":"first","11":"instock","12":"taxable","13":"shipping-taxable","14":"purchasable","15":"product-type-variable"},"acf":[],"yoast_head":"<!-- This site is optimized with the Yoast SEO plugin v24.1 - https:\/\/yoast.com\/wordpress\/plugins\/seo\/ -->\n<title>Klij\u0173 pistoletas Rayher \u017eemai temperat\u016brai &#8211; Skizze<\/title>\n<meta name=\"robots\" content=\"noindex, follow, max-snippet:-1, max-image-preview:large, max-video-preview:-1\" \/>\n<meta property=\"og:locale\" content=\"lt_LT\" \/>\n<meta property=\"og:type\" content=\"article\" \/>\n<meta property=\"og:title\" content=\"Klij\u0173 pistoletas Rayher \u017eemai temperat\u016brai &#8211; Skizze\" \/>\n<meta property=\"og:description\" content=\"\u017demos temperat\u016bros (klij\u0173 pie\u0161tukas i\u0161silydo ma\u017edaug prie 110 \u00b0C) klij\u0173 pistoletas. Tinka \u012fvairioms med\u017eiagoms klijuoti, taip pat net ir tokioms jautrioms med\u017eiagoms, kaip ekstruzinis put\u0173 polistirenas \u201eStyrofoam\u201c. Kaitinimo laikas tik 3\u20135 minut\u0117s.\" \/>\n<meta property=\"og:url\" content=\"https:\/\/hobstop.ee\/lt\/produktas\/kliju-pistoletas-rayher-zemai-temperaturai\/\" \/>\n<meta property=\"og:site_name\" content=\"Skizze\" \/>\n<meta property=\"article:publisher\" content=\"http:\/\/www.facebook.com\/VunderSkizze\" \/>\n<meta property=\"og:image\" content=\"https:\/\/hobstop.ee\/media\/1044.jpg\" \/>\n\t<meta property=\"og:image:width\" content=\"1024\" \/>\n\t<meta property=\"og:image:height\" content=\"769\" \/>\n\t<meta property=\"og:image:type\" content=\"image\/jpeg\" \/>\n<meta name=\"twitter:card\" content=\"summary_large_image\" \/>\n<script type=\"application\/ld+json\" class=\"yoast-schema-graph\">{\"@context\":\"https:\/\/schema.org\",\"@graph\":[{\"@type\":\"WebPage\",\"@id\":\"https:\/\/hobstop.ee\/lt\/produktas\/kliju-pistoletas-rayher-zemai-temperaturai\/\",\"url\":\"https:\/\/hobstop.ee\/lt\/produktas\/kliju-pistoletas-rayher-zemai-temperaturai\/\",\"name\":\"Klij\u0173 pistoletas Rayher \u017eemai temperat\u016brai &#8211; Skizze\",\"isPartOf\":{\"@id\":\"https:\/\/hobstop.ee\/lt\/#website\"},\"primaryImageOfPage\":{\"@id\":\"https:\/\/hobstop.ee\/lt\/produktas\/kliju-pistoletas-rayher-zemai-temperaturai\/#primaryimage\"},\"image\":{\"@id\":\"https:\/\/hobstop.ee\/lt\/produktas\/kliju-pistoletas-rayher-zemai-temperaturai\/#primaryimage\"},\"thumbnailUrl\":\"https:\/\/hobstop.ee\/media\/1044.jpg\",\"datePublished\":\"2015-09-09T12:22:40+00:00\",\"dateModified\":\"2015-09-09T12:22:40+00:00\",\"breadcrumb\":{\"@id\":\"https:\/\/hobstop.ee\/lt\/produktas\/kliju-pistoletas-rayher-zemai-temperaturai\/#breadcrumb\"},\"inLanguage\":\"lt\",\"potentialAction\":[{\"@type\":\"ReadAction\",\"target\":[\"https:\/\/hobstop.ee\/lt\/produktas\/kliju-pistoletas-rayher-zemai-temperaturai\/\"]}]},{\"@type\":\"ImageObject\",\"inLanguage\":\"lt\",\"@id\":\"https:\/\/hobstop.ee\/lt\/produktas\/kliju-pistoletas-rayher-zemai-temperaturai\/#primaryimage\",\"url\":\"https:\/\/hobstop.ee\/media\/1044.jpg\",\"contentUrl\":\"https:\/\/hobstop.ee\/media\/1044.jpg\",\"width\":1024,\"height\":769},{\"@type\":\"BreadcrumbList\",\"@id\":\"https:\/\/hobstop.ee\/lt\/produktas\/kliju-pistoletas-rayher-zemai-temperaturai\/#breadcrumb\",\"itemListElement\":[{\"@type\":\"ListItem\",\"position\":1,\"name\":\"Avaleht\",\"item\":\"https:\/\/hobstop.ee\/lt\/\"},{\"@type\":\"ListItem\",\"position\":2,\"name\":\"Parduotuv\u0117\",\"item\":\"https:\/\/hobstop.ee\/lt\/parduotuve\/\"},{\"@type\":\"ListItem\",\"position\":3,\"name\":\"Klij\u0173 pistoletas Rayher \u017eemai temperat\u016brai\"}]},{\"@type\":\"WebSite\",\"@id\":\"https:\/\/hobstop.ee\/lt\/#website\",\"url\":\"https:\/\/hobstop.ee\/lt\/\",\"name\":\"Skizze\",\"description\":\"Dail\u0117s, pom\u0117gi\u0173 ir mokykliniai reikm\u0117nys\",\"publisher\":{\"@id\":\"https:\/\/hobstop.ee\/lt\/#organization\"},\"potentialAction\":[{\"@type\":\"SearchAction\",\"target\":{\"@type\":\"EntryPoint\",\"urlTemplate\":\"https:\/\/hobstop.ee\/lt\/?s={search_term_string}\"},\"query-input\":{\"@type\":\"PropertyValueSpecification\",\"valueRequired\":true,\"valueName\":\"search_term_string\"}}],\"inLanguage\":\"lt\"},{\"@type\":\"Organization\",\"@id\":\"https:\/\/hobstop.ee\/lt\/#organization\",\"name\":\"Vunder AS\",\"url\":\"https:\/\/hobstop.ee\/lt\/\",\"logo\":{\"@type\":\"ImageObject\",\"inLanguage\":\"lt\",\"@id\":\"https:\/\/hobstop.ee\/lt\/#\/schema\/logo\/image\/\",\"url\":\"https:\/\/hobstop.ee\/media\/vunder-logo.png\",\"contentUrl\":\"https:\/\/hobstop.ee\/media\/vunder-logo.png\",\"width\":127,\"height\":55,\"caption\":\"Vunder AS\"},\"image\":{\"@id\":\"https:\/\/hobstop.ee\/lt\/#\/schema\/logo\/image\/\"},\"sameAs\":[\"http:\/\/www.facebook.com\/VunderSkizze\"]}]}<\/script>\n<!-- \/ Yoast SEO plugin. -->","yoast_head_json":{"title":"Klij\u0173 pistoletas Rayher \u017eemai temperat\u016brai &#8211; Skizze","robots":{"index":"noindex","follow":"follow","max-snippet":"max-snippet:-1","max-image-preview":"max-image-preview:large","max-video-preview":"max-video-preview:-1"},"og_locale":"lt_LT","og_type":"article","og_title":"Klij\u0173 pistoletas Rayher \u017eemai temperat\u016brai &#8211; Skizze","og_description":"\u017demos temperat\u016bros (klij\u0173 pie\u0161tukas i\u0161silydo ma\u017edaug prie 110 \u00b0C) klij\u0173 pistoletas. Tinka \u012fvairioms med\u017eiagoms klijuoti, taip pat net ir tokioms jautrioms med\u017eiagoms, kaip ekstruzinis put\u0173 polistirenas \u201eStyrofoam\u201c. Kaitinimo laikas tik 3\u20135 minut\u0117s.","og_url":"https:\/\/hobstop.ee\/lt\/produktas\/kliju-pistoletas-rayher-zemai-temperaturai\/","og_site_name":"Skizze","article_publisher":"http:\/\/www.facebook.com\/VunderSkizze","og_image":[{"width":1024,"height":769,"url":"https:\/\/hobstop.ee\/media\/1044.jpg","type":"image\/jpeg"}],"twitter_card":"summary_large_image","schema":{"@context":"https:\/\/schema.org","@graph":[{"@type":"WebPage","@id":"https:\/\/hobstop.ee\/lt\/produktas\/kliju-pistoletas-rayher-zemai-temperaturai\/","url":"https:\/\/hobstop.ee\/lt\/produktas\/kliju-pistoletas-rayher-zemai-temperaturai\/","name":"Klij\u0173 pistoletas Rayher \u017eemai temperat\u016brai &#8211; Skizze","isPartOf":{"@id":"https:\/\/hobstop.ee\/lt\/#website"},"primaryImageOfPage":{"@id":"https:\/\/hobstop.ee\/lt\/produktas\/kliju-pistoletas-rayher-zemai-temperaturai\/#primaryimage"},"image":{"@id":"https:\/\/hobstop.ee\/lt\/produktas\/kliju-pistoletas-rayher-zemai-temperaturai\/#primaryimage"},"thumbnailUrl":"https:\/\/hobstop.ee\/media\/1044.jpg","datePublished":"2015-09-09T12:22:40+00:00","dateModified":"2015-09-09T12:22:40+00:00","breadcrumb":{"@id":"https:\/\/hobstop.ee\/lt\/produktas\/kliju-pistoletas-rayher-zemai-temperaturai\/#breadcrumb"},"inLanguage":"lt","potentialAction":[{"@type":"ReadAction","target":["https:\/\/hobstop.ee\/lt\/produktas\/kliju-pistoletas-rayher-zemai-temperaturai\/"]}]},{"@type":"ImageObject","inLanguage":"lt","@id":"https:\/\/hobstop.ee\/lt\/produktas\/kliju-pistoletas-rayher-zemai-temperaturai\/#primaryimage","url":"https:\/\/hobstop.ee\/media\/1044.jpg","contentUrl":"https:\/\/hobstop.ee\/media\/1044.jpg","width":1024,"height":769},{"@type":"BreadcrumbList","@id":"https:\/\/hobstop.ee\/lt\/produktas\/kliju-pistoletas-rayher-zemai-temperaturai\/#breadcrumb","itemListElement":[{"@type":"ListItem","position":1,"name":"Avaleht","item":"https:\/\/hobstop.ee\/lt\/"},{"@type":"ListItem","position":2,"name":"Parduotuv\u0117","item":"https:\/\/hobstop.ee\/lt\/parduotuve\/"},{"@type":"ListItem","position":3,"name":"Klij\u0173 pistoletas Rayher \u017eemai temperat\u016brai"}]},{"@type":"WebSite","@id":"https:\/\/hobstop.ee\/lt\/#website","url":"https:\/\/hobstop.ee\/lt\/","name":"Skizze","description":"Dail\u0117s, pom\u0117gi\u0173 ir mokykliniai reikm\u0117nys","publisher":{"@id":"https:\/\/hobstop.ee\/lt\/#organization"},"potentialAction":[{"@type":"SearchAction","target":{"@type":"EntryPoint","urlTemplate":"https:\/\/hobstop.ee\/lt\/?s={search_term_string}"},"query-input":{"@type":"PropertyValueSpecification","valueRequired":true,"valueName":"search_term_string"}}],"inLanguage":"lt"},{"@type":"Organization","@id":"https:\/\/hobstop.ee\/lt\/#organization","name":"Vunder AS","url":"https:\/\/hobstop.ee\/lt\/","logo":{"@type":"ImageObject","inLanguage":"lt","@id":"https:\/\/hobstop.ee\/lt\/#\/schema\/logo\/image\/","url":"https:\/\/hobstop.ee\/media\/vunder-logo.png","contentUrl":"https:\/\/hobstop.ee\/media\/vunder-logo.png","width":127,"height":55,"caption":"Vunder AS"},"image":{"@id":"https:\/\/hobstop.ee\/lt\/#\/schema\/logo\/image\/"},"sameAs":["http:\/\/www.facebook.com\/VunderSkizze"]}]}},"_links":{"self":[{"href":"https:\/\/hobstop.ee\/lt\/wp-json\/wp\/v2\/product\/213515","targetHints":{"allow":["GET"]}}],"collection":[{"href":"https:\/\/hobstop.ee\/lt\/wp-json\/wp\/v2\/product"}],"about":[{"href":"https:\/\/hobstop.ee\/lt\/wp-json\/wp\/v2\/types\/product"}],"replies":[{"embeddable":true,"href":"https:\/\/hobstop.ee\/lt\/wp-json\/wp\/v2\/comments?post=213515"}],"wp:featuredmedia":[{"embeddable":true,"href":"https:\/\/hobstop.ee\/lt\/wp-json\/wp\/v2\/media\/222012"}],"wp:attachment":[{"href":"https:\/\/hobstop.ee\/lt\/wp-json\/wp\/v2\/media?parent=213515"}],"wp:term":[{"taxonomy":"product_cat","embeddable":true,"href":"https:\/\/hobstop.ee\/lt\/wp-json\/wp\/v2\/product_cat?post=213515"},{"taxonomy":"product_tag","embeddable":true,"href":"https:\/\/hobstop.ee\/lt\/wp-json\/wp\/v2\/product_tag?post=213515"}],"curies":[{"name":"wp","href":"https:\/\/api.w.org\/{rel}","templated":true}]}}