{"id":213527,"date":"2015-06-01T15:22:46","date_gmt":"2015-09-09T12:22:46","guid":{"rendered":"http:\/\/vunder-ee.sn25.zone.eu\/lt\/product\/linu-semenu-aliejus-1175-valytas-rafinuotas-2\/"},"modified":"2015-09-09T15:22:46","modified_gmt":"2015-09-09T12:22:46","slug":"linu-semenu-aliejus-lb-valytas-rafinuotas","status":"publish","type":"product","link":"https:\/\/hobstop.ee\/lt\/produktas\/linu-semenu-aliejus-lb-valytas-rafinuotas\/","title":{"rendered":"Lin\u0173 s\u0117men\u0173 aliejus L&#038;B valytas (rafinuotas)"},"content":{"rendered":"<p>S\u0117men\u0173 aliejus i\u0161gaunamas auk\u0161tu sl\u0117giu veikiant lin\u0173 s\u0117menis, v\u0117liau jis yra nat\u016braliai skaidrinamas saul\u0117s spinduliuose. S\u0117men\u0173 aliejus i\u0161 kit\u0173 tapybai skirt\u0173 aliej\u0173 pasi\u017eymi auk\u0161\u010diausio lygio sikatyvas ir savo patvarumu. Ta\u010diau jis turi stipri\u0105 tendencij\u0105 i\u0161d\u017eiuv\u0119s pageltonuoti. D\u0117l \u0161ios prie\u017easties jis yra itin da\u017enai naudojamas giliausi\u0173 palet\u0117s spalv\u0173 paruo\u0161imui arba ma\u017eiausiai d\u017eiuvimo savybi\u0173 turintiems da\u017eams (pvz.: dramblio kaulo juoda).<\/p>\n","protected":false},"excerpt":{"rendered":"<p>S\u0117men\u0173 aliejus i\u0161gaunamas auk\u0161tu sl\u0117giu veikiant lin\u0173 s\u0117menis, v\u0117liau jis yra nat\u016braliai skaidrinamas saul\u0117s spinduliuose. S\u0117men\u0173 aliejus i\u0161 kit\u0173 tapybai skirt\u0173 aliej\u0173 pasi\u017eymi auk\u0161\u010diausio lygio sikatyvas ir savo patvarumu. Ta\u010diau jis turi stipri\u0105 tendencij\u0105 i\u0161d\u017eiuv\u0119s pageltonuoti. D\u0117l \u0161ios prie\u017easties jis yra itin da\u017enai naudojamas giliausi\u0173 palet\u0117s spalv\u0173 paruo\u0161imui arba ma\u017eiausiai d\u017eiuvimo savybi\u0173 turintiems da\u017eams (pvz.: dramblio kaulo juoda).<\/p>\n","protected":false},"featured_media":297988,"comment_status":"closed","ping_status":"closed","template":"","meta":{"_acf_changed":false,"ep_exclude_from_search":false},"product_cat":[17351,16124,17981],"product_tag":[],"class_list":{"0":"post-213527","1":"product","2":"type-product","3":"status-publish","4":"has-post-thumbnail","6":"product_cat-aliejiniu-dazu-priedai","7":"product_cat-dailes-prekes","8":"product_cat-dazai-ir-priedai-tapybai","10":"first","11":"instock","12":"taxable","13":"shipping-taxable","14":"purchasable","15":"product-type-variable"},"acf":[],"yoast_head":"<!-- This site is optimized with the Yoast SEO plugin v24.1 - https:\/\/yoast.com\/wordpress\/plugins\/seo\/ -->\n<title>Lin\u0173 s\u0117men\u0173 aliejus L&amp;B valytas (rafinuotas) &#8211; Skizze<\/title>\n<meta name=\"robots\" content=\"noindex, follow, max-snippet:-1, max-image-preview:large, max-video-preview:-1\" \/>\n<meta property=\"og:locale\" content=\"lt_LT\" \/>\n<meta property=\"og:type\" content=\"article\" \/>\n<meta property=\"og:title\" content=\"Lin\u0173 s\u0117men\u0173 aliejus L&amp;B valytas (rafinuotas) &#8211; Skizze\" \/>\n<meta property=\"og:description\" content=\"S\u0117men\u0173 aliejus i\u0161gaunamas auk\u0161tu sl\u0117giu veikiant lin\u0173 s\u0117menis, v\u0117liau jis yra nat\u016braliai skaidrinamas saul\u0117s spinduliuose. S\u0117men\u0173 aliejus i\u0161 kit\u0173 tapybai skirt\u0173 aliej\u0173 pasi\u017eymi auk\u0161\u010diausio lygio sikatyvas ir savo patvarumu. Ta\u010diau jis turi stipri\u0105 tendencij\u0105 i\u0161d\u017eiuv\u0119s pageltonuoti. D\u0117l \u0161ios prie\u017easties jis yra itin da\u017enai naudojamas giliausi\u0173 palet\u0117s spalv\u0173 paruo\u0161imui arba ma\u017eiausiai d\u017eiuvimo savybi\u0173 turintiems da\u017eams (pvz.: dramblio kaulo juoda).\" \/>\n<meta property=\"og:url\" content=\"https:\/\/hobstop.ee\/lt\/produktas\/linu-semenu-aliejus-lb-valytas-rafinuotas\/\" \/>\n<meta property=\"og:site_name\" content=\"Skizze\" \/>\n<meta property=\"article:publisher\" content=\"http:\/\/www.facebook.com\/VunderSkizze\" \/>\n<meta property=\"og:image\" content=\"https:\/\/hobstop.ee\/media\/1054.jpg\" \/>\n\t<meta property=\"og:image:width\" content=\"1024\" \/>\n\t<meta property=\"og:image:height\" content=\"768\" \/>\n\t<meta property=\"og:image:type\" content=\"image\/jpeg\" \/>\n<meta name=\"twitter:card\" content=\"summary_large_image\" \/>\n<script type=\"application\/ld+json\" class=\"yoast-schema-graph\">{\"@context\":\"https:\/\/schema.org\",\"@graph\":[{\"@type\":\"WebPage\",\"@id\":\"https:\/\/hobstop.ee\/lt\/produktas\/linu-semenu-aliejus-lb-valytas-rafinuotas\/\",\"url\":\"https:\/\/hobstop.ee\/lt\/produktas\/linu-semenu-aliejus-lb-valytas-rafinuotas\/\",\"name\":\"Lin\u0173 s\u0117men\u0173 aliejus L&B valytas (rafinuotas) &#8211; Skizze\",\"isPartOf\":{\"@id\":\"https:\/\/hobstop.ee\/lt\/#website\"},\"primaryImageOfPage\":{\"@id\":\"https:\/\/hobstop.ee\/lt\/produktas\/linu-semenu-aliejus-lb-valytas-rafinuotas\/#primaryimage\"},\"image\":{\"@id\":\"https:\/\/hobstop.ee\/lt\/produktas\/linu-semenu-aliejus-lb-valytas-rafinuotas\/#primaryimage\"},\"thumbnailUrl\":\"https:\/\/hobstop.ee\/media\/1054.jpg\",\"datePublished\":\"2015-09-09T12:22:46+00:00\",\"dateModified\":\"2015-09-09T12:22:46+00:00\",\"breadcrumb\":{\"@id\":\"https:\/\/hobstop.ee\/lt\/produktas\/linu-semenu-aliejus-lb-valytas-rafinuotas\/#breadcrumb\"},\"inLanguage\":\"lt\",\"potentialAction\":[{\"@type\":\"ReadAction\",\"target\":[\"https:\/\/hobstop.ee\/lt\/produktas\/linu-semenu-aliejus-lb-valytas-rafinuotas\/\"]}]},{\"@type\":\"ImageObject\",\"inLanguage\":\"lt\",\"@id\":\"https:\/\/hobstop.ee\/lt\/produktas\/linu-semenu-aliejus-lb-valytas-rafinuotas\/#primaryimage\",\"url\":\"https:\/\/hobstop.ee\/media\/1054.jpg\",\"contentUrl\":\"https:\/\/hobstop.ee\/media\/1054.jpg\",\"width\":1024,\"height\":768},{\"@type\":\"BreadcrumbList\",\"@id\":\"https:\/\/hobstop.ee\/lt\/produktas\/linu-semenu-aliejus-lb-valytas-rafinuotas\/#breadcrumb\",\"itemListElement\":[{\"@type\":\"ListItem\",\"position\":1,\"name\":\"Avaleht\",\"item\":\"https:\/\/hobstop.ee\/lt\/\"},{\"@type\":\"ListItem\",\"position\":2,\"name\":\"Parduotuv\u0117\",\"item\":\"https:\/\/hobstop.ee\/lt\/parduotuve\/\"},{\"@type\":\"ListItem\",\"position\":3,\"name\":\"Lin\u0173 s\u0117men\u0173 aliejus L&#038;B valytas (rafinuotas)\"}]},{\"@type\":\"WebSite\",\"@id\":\"https:\/\/hobstop.ee\/lt\/#website\",\"url\":\"https:\/\/hobstop.ee\/lt\/\",\"name\":\"Skizze\",\"description\":\"Dail\u0117s, pom\u0117gi\u0173 ir mokykliniai reikm\u0117nys\",\"publisher\":{\"@id\":\"https:\/\/hobstop.ee\/lt\/#organization\"},\"potentialAction\":[{\"@type\":\"SearchAction\",\"target\":{\"@type\":\"EntryPoint\",\"urlTemplate\":\"https:\/\/hobstop.ee\/lt\/?s={search_term_string}\"},\"query-input\":{\"@type\":\"PropertyValueSpecification\",\"valueRequired\":true,\"valueName\":\"search_term_string\"}}],\"inLanguage\":\"lt\"},{\"@type\":\"Organization\",\"@id\":\"https:\/\/hobstop.ee\/lt\/#organization\",\"name\":\"Vunder AS\",\"url\":\"https:\/\/hobstop.ee\/lt\/\",\"logo\":{\"@type\":\"ImageObject\",\"inLanguage\":\"lt\",\"@id\":\"https:\/\/hobstop.ee\/lt\/#\/schema\/logo\/image\/\",\"url\":\"https:\/\/hobstop.ee\/media\/vunder-logo.png\",\"contentUrl\":\"https:\/\/hobstop.ee\/media\/vunder-logo.png\",\"width\":127,\"height\":55,\"caption\":\"Vunder AS\"},\"image\":{\"@id\":\"https:\/\/hobstop.ee\/lt\/#\/schema\/logo\/image\/\"},\"sameAs\":[\"http:\/\/www.facebook.com\/VunderSkizze\"]}]}<\/script>\n<!-- \/ Yoast SEO plugin. -->","yoast_head_json":{"title":"Lin\u0173 s\u0117men\u0173 aliejus L&B valytas (rafinuotas) &#8211; Skizze","robots":{"index":"noindex","follow":"follow","max-snippet":"max-snippet:-1","max-image-preview":"max-image-preview:large","max-video-preview":"max-video-preview:-1"},"og_locale":"lt_LT","og_type":"article","og_title":"Lin\u0173 s\u0117men\u0173 aliejus L&B valytas (rafinuotas) &#8211; Skizze","og_description":"S\u0117men\u0173 aliejus i\u0161gaunamas auk\u0161tu sl\u0117giu veikiant lin\u0173 s\u0117menis, v\u0117liau jis yra nat\u016braliai skaidrinamas saul\u0117s spinduliuose. S\u0117men\u0173 aliejus i\u0161 kit\u0173 tapybai skirt\u0173 aliej\u0173 pasi\u017eymi auk\u0161\u010diausio lygio sikatyvas ir savo patvarumu. Ta\u010diau jis turi stipri\u0105 tendencij\u0105 i\u0161d\u017eiuv\u0119s pageltonuoti. D\u0117l \u0161ios prie\u017easties jis yra itin da\u017enai naudojamas giliausi\u0173 palet\u0117s spalv\u0173 paruo\u0161imui arba ma\u017eiausiai d\u017eiuvimo savybi\u0173 turintiems da\u017eams (pvz.: dramblio kaulo juoda).","og_url":"https:\/\/hobstop.ee\/lt\/produktas\/linu-semenu-aliejus-lb-valytas-rafinuotas\/","og_site_name":"Skizze","article_publisher":"http:\/\/www.facebook.com\/VunderSkizze","og_image":[{"width":1024,"height":768,"url":"https:\/\/hobstop.ee\/media\/1054.jpg","type":"image\/jpeg"}],"twitter_card":"summary_large_image","schema":{"@context":"https:\/\/schema.org","@graph":[{"@type":"WebPage","@id":"https:\/\/hobstop.ee\/lt\/produktas\/linu-semenu-aliejus-lb-valytas-rafinuotas\/","url":"https:\/\/hobstop.ee\/lt\/produktas\/linu-semenu-aliejus-lb-valytas-rafinuotas\/","name":"Lin\u0173 s\u0117men\u0173 aliejus L&B valytas (rafinuotas) &#8211; Skizze","isPartOf":{"@id":"https:\/\/hobstop.ee\/lt\/#website"},"primaryImageOfPage":{"@id":"https:\/\/hobstop.ee\/lt\/produktas\/linu-semenu-aliejus-lb-valytas-rafinuotas\/#primaryimage"},"image":{"@id":"https:\/\/hobstop.ee\/lt\/produktas\/linu-semenu-aliejus-lb-valytas-rafinuotas\/#primaryimage"},"thumbnailUrl":"https:\/\/hobstop.ee\/media\/1054.jpg","datePublished":"2015-09-09T12:22:46+00:00","dateModified":"2015-09-09T12:22:46+00:00","breadcrumb":{"@id":"https:\/\/hobstop.ee\/lt\/produktas\/linu-semenu-aliejus-lb-valytas-rafinuotas\/#breadcrumb"},"inLanguage":"lt","potentialAction":[{"@type":"ReadAction","target":["https:\/\/hobstop.ee\/lt\/produktas\/linu-semenu-aliejus-lb-valytas-rafinuotas\/"]}]},{"@type":"ImageObject","inLanguage":"lt","@id":"https:\/\/hobstop.ee\/lt\/produktas\/linu-semenu-aliejus-lb-valytas-rafinuotas\/#primaryimage","url":"https:\/\/hobstop.ee\/media\/1054.jpg","contentUrl":"https:\/\/hobstop.ee\/media\/1054.jpg","width":1024,"height":768},{"@type":"BreadcrumbList","@id":"https:\/\/hobstop.ee\/lt\/produktas\/linu-semenu-aliejus-lb-valytas-rafinuotas\/#breadcrumb","itemListElement":[{"@type":"ListItem","position":1,"name":"Avaleht","item":"https:\/\/hobstop.ee\/lt\/"},{"@type":"ListItem","position":2,"name":"Parduotuv\u0117","item":"https:\/\/hobstop.ee\/lt\/parduotuve\/"},{"@type":"ListItem","position":3,"name":"Lin\u0173 s\u0117men\u0173 aliejus L&#038;B valytas (rafinuotas)"}]},{"@type":"WebSite","@id":"https:\/\/hobstop.ee\/lt\/#website","url":"https:\/\/hobstop.ee\/lt\/","name":"Skizze","description":"Dail\u0117s, pom\u0117gi\u0173 ir mokykliniai reikm\u0117nys","publisher":{"@id":"https:\/\/hobstop.ee\/lt\/#organization"},"potentialAction":[{"@type":"SearchAction","target":{"@type":"EntryPoint","urlTemplate":"https:\/\/hobstop.ee\/lt\/?s={search_term_string}"},"query-input":{"@type":"PropertyValueSpecification","valueRequired":true,"valueName":"search_term_string"}}],"inLanguage":"lt"},{"@type":"Organization","@id":"https:\/\/hobstop.ee\/lt\/#organization","name":"Vunder AS","url":"https:\/\/hobstop.ee\/lt\/","logo":{"@type":"ImageObject","inLanguage":"lt","@id":"https:\/\/hobstop.ee\/lt\/#\/schema\/logo\/image\/","url":"https:\/\/hobstop.ee\/media\/vunder-logo.png","contentUrl":"https:\/\/hobstop.ee\/media\/vunder-logo.png","width":127,"height":55,"caption":"Vunder AS"},"image":{"@id":"https:\/\/hobstop.ee\/lt\/#\/schema\/logo\/image\/"},"sameAs":["http:\/\/www.facebook.com\/VunderSkizze"]}]}},"_links":{"self":[{"href":"https:\/\/hobstop.ee\/lt\/wp-json\/wp\/v2\/product\/213527","targetHints":{"allow":["GET"]}}],"collection":[{"href":"https:\/\/hobstop.ee\/lt\/wp-json\/wp\/v2\/product"}],"about":[{"href":"https:\/\/hobstop.ee\/lt\/wp-json\/wp\/v2\/types\/product"}],"replies":[{"embeddable":true,"href":"https:\/\/hobstop.ee\/lt\/wp-json\/wp\/v2\/comments?post=213527"}],"wp:featuredmedia":[{"embeddable":true,"href":"https:\/\/hobstop.ee\/lt\/wp-json\/wp\/v2\/media\/297988"}],"wp:attachment":[{"href":"https:\/\/hobstop.ee\/lt\/wp-json\/wp\/v2\/media?parent=213527"}],"wp:term":[{"taxonomy":"product_cat","embeddable":true,"href":"https:\/\/hobstop.ee\/lt\/wp-json\/wp\/v2\/product_cat?post=213527"},{"taxonomy":"product_tag","embeddable":true,"href":"https:\/\/hobstop.ee\/lt\/wp-json\/wp\/v2\/product_tag?post=213527"}],"curies":[{"name":"wp","href":"https:\/\/api.w.org\/{rel}","templated":true}]}}