{"id":213793,"date":"2015-06-01T15:25:24","date_gmt":"2015-09-09T12:25:24","guid":{"rendered":"http:\/\/vunder-ee.sn25.zone.eu\/lt\/product\/teptukas-lb-education-kiaules-seriu-rinkinys\/"},"modified":"2015-09-09T15:25:24","modified_gmt":"2015-09-09T12:25:24","slug":"teptukas-lb-education-kiaules-seriu-rinkinys","status":"publish","type":"product","link":"https:\/\/hobstop.ee\/lt\/produktas\/teptukas-lb-education-kiaules-seriu-rinkinys\/","title":{"rendered":"Teptukas L&#038;B Education kiaul\u0117s \u0161eri\u0173 rinkinys"},"content":{"rendered":"<p>\u0160epet\u0117lis i\u0161 kiaul\u0117s \u0161eri\u0173 tinka pie\u0161ti ir tapyti gua\u0161u, akriliniais ir aliejiniais da\u017eais. Tvirti \u0161eriai ypatingai tinka naudojant tir\u0161tus da\u017eus. Labai tinka da\u017eais dengiant didelius plotus. Po naudojimo \u0161epet\u0117l\u012f tuojau i\u0161plaukite.<\/p>\n","protected":false},"excerpt":{"rendered":"<p>\u0160epet\u0117lis i\u0161 kiaul\u0117s \u0161eri\u0173 tinka pie\u0161ti ir tapyti gua\u0161u, akriliniais ir aliejiniais da\u017eais. Tvirti \u0161eriai ypatingai tinka naudojant tir\u0161tus da\u017eus. Labai tinka da\u017eais dengiant didelius plotus. Po naudojimo \u0161epet\u0117l\u012f tuojau i\u0161plaukite.<\/p>\n","protected":false},"featured_media":222284,"comment_status":"closed","ping_status":"closed","template":"","meta":{"_acf_changed":false,"ep_exclude_from_search":false},"product_cat":[18175,235,18639],"product_tag":[],"class_list":{"0":"post-213793","1":"product","2":"type-product","3":"status-publish","4":"has-post-thumbnail","6":"product_cat-kiaules-seriu-teptukai","7":"product_cat-mokyklines-prekes","8":"product_cat-teptukai-2","10":"first","11":"instock","12":"taxable","13":"shipping-taxable","14":"purchasable","15":"product-type-variable"},"acf":[],"yoast_head":"<!-- This site is optimized with the Yoast SEO plugin v24.1 - https:\/\/yoast.com\/wordpress\/plugins\/seo\/ -->\n<title>Teptukas L&amp;B Education kiaul\u0117s \u0161eri\u0173 rinkinys &#8211; Skizze<\/title>\n<meta name=\"robots\" content=\"noindex, follow, max-snippet:-1, max-image-preview:large, max-video-preview:-1\" \/>\n<meta property=\"og:locale\" content=\"lt_LT\" \/>\n<meta property=\"og:type\" content=\"article\" \/>\n<meta property=\"og:title\" content=\"Teptukas L&amp;B Education kiaul\u0117s \u0161eri\u0173 rinkinys &#8211; Skizze\" \/>\n<meta property=\"og:description\" content=\"\u0160epet\u0117lis i\u0161 kiaul\u0117s \u0161eri\u0173 tinka pie\u0161ti ir tapyti gua\u0161u, akriliniais ir aliejiniais da\u017eais. Tvirti \u0161eriai ypatingai tinka naudojant tir\u0161tus da\u017eus. Labai tinka da\u017eais dengiant didelius plotus. Po naudojimo \u0161epet\u0117l\u012f tuojau i\u0161plaukite.\" \/>\n<meta property=\"og:url\" content=\"https:\/\/hobstop.ee\/lt\/produktas\/teptukas-lb-education-kiaules-seriu-rinkinys\/\" \/>\n<meta property=\"og:site_name\" content=\"Skizze\" \/>\n<meta property=\"article:publisher\" content=\"http:\/\/www.facebook.com\/VunderSkizze\" \/>\n<meta property=\"og:image\" content=\"https:\/\/hobstop.ee\/media\/1458.jpg\" \/>\n\t<meta property=\"og:image:width\" content=\"1024\" \/>\n\t<meta property=\"og:image:height\" content=\"768\" \/>\n\t<meta property=\"og:image:type\" content=\"image\/jpeg\" \/>\n<meta name=\"twitter:card\" content=\"summary_large_image\" \/>\n<script type=\"application\/ld+json\" class=\"yoast-schema-graph\">{\"@context\":\"https:\/\/schema.org\",\"@graph\":[{\"@type\":\"WebPage\",\"@id\":\"https:\/\/hobstop.ee\/lt\/produktas\/teptukas-lb-education-kiaules-seriu-rinkinys\/\",\"url\":\"https:\/\/hobstop.ee\/lt\/produktas\/teptukas-lb-education-kiaules-seriu-rinkinys\/\",\"name\":\"Teptukas L&B Education kiaul\u0117s \u0161eri\u0173 rinkinys &#8211; Skizze\",\"isPartOf\":{\"@id\":\"https:\/\/hobstop.ee\/lt\/#website\"},\"primaryImageOfPage\":{\"@id\":\"https:\/\/hobstop.ee\/lt\/produktas\/teptukas-lb-education-kiaules-seriu-rinkinys\/#primaryimage\"},\"image\":{\"@id\":\"https:\/\/hobstop.ee\/lt\/produktas\/teptukas-lb-education-kiaules-seriu-rinkinys\/#primaryimage\"},\"thumbnailUrl\":\"https:\/\/hobstop.ee\/media\/1458.jpg\",\"datePublished\":\"2015-09-09T12:25:24+00:00\",\"dateModified\":\"2015-09-09T12:25:24+00:00\",\"breadcrumb\":{\"@id\":\"https:\/\/hobstop.ee\/lt\/produktas\/teptukas-lb-education-kiaules-seriu-rinkinys\/#breadcrumb\"},\"inLanguage\":\"lt\",\"potentialAction\":[{\"@type\":\"ReadAction\",\"target\":[\"https:\/\/hobstop.ee\/lt\/produktas\/teptukas-lb-education-kiaules-seriu-rinkinys\/\"]}]},{\"@type\":\"ImageObject\",\"inLanguage\":\"lt\",\"@id\":\"https:\/\/hobstop.ee\/lt\/produktas\/teptukas-lb-education-kiaules-seriu-rinkinys\/#primaryimage\",\"url\":\"https:\/\/hobstop.ee\/media\/1458.jpg\",\"contentUrl\":\"https:\/\/hobstop.ee\/media\/1458.jpg\",\"width\":1024,\"height\":768},{\"@type\":\"BreadcrumbList\",\"@id\":\"https:\/\/hobstop.ee\/lt\/produktas\/teptukas-lb-education-kiaules-seriu-rinkinys\/#breadcrumb\",\"itemListElement\":[{\"@type\":\"ListItem\",\"position\":1,\"name\":\"Avaleht\",\"item\":\"https:\/\/hobstop.ee\/lt\/\"},{\"@type\":\"ListItem\",\"position\":2,\"name\":\"Parduotuv\u0117\",\"item\":\"https:\/\/hobstop.ee\/lt\/parduotuve\/\"},{\"@type\":\"ListItem\",\"position\":3,\"name\":\"Teptukas L&#038;B Education kiaul\u0117s \u0161eri\u0173 rinkinys\"}]},{\"@type\":\"WebSite\",\"@id\":\"https:\/\/hobstop.ee\/lt\/#website\",\"url\":\"https:\/\/hobstop.ee\/lt\/\",\"name\":\"Skizze\",\"description\":\"Dail\u0117s, pom\u0117gi\u0173 ir mokykliniai reikm\u0117nys\",\"publisher\":{\"@id\":\"https:\/\/hobstop.ee\/lt\/#organization\"},\"potentialAction\":[{\"@type\":\"SearchAction\",\"target\":{\"@type\":\"EntryPoint\",\"urlTemplate\":\"https:\/\/hobstop.ee\/lt\/?s={search_term_string}\"},\"query-input\":{\"@type\":\"PropertyValueSpecification\",\"valueRequired\":true,\"valueName\":\"search_term_string\"}}],\"inLanguage\":\"lt\"},{\"@type\":\"Organization\",\"@id\":\"https:\/\/hobstop.ee\/lt\/#organization\",\"name\":\"Vunder AS\",\"url\":\"https:\/\/hobstop.ee\/lt\/\",\"logo\":{\"@type\":\"ImageObject\",\"inLanguage\":\"lt\",\"@id\":\"https:\/\/hobstop.ee\/lt\/#\/schema\/logo\/image\/\",\"url\":\"https:\/\/hobstop.ee\/media\/vunder-logo.png\",\"contentUrl\":\"https:\/\/hobstop.ee\/media\/vunder-logo.png\",\"width\":127,\"height\":55,\"caption\":\"Vunder AS\"},\"image\":{\"@id\":\"https:\/\/hobstop.ee\/lt\/#\/schema\/logo\/image\/\"},\"sameAs\":[\"http:\/\/www.facebook.com\/VunderSkizze\"]}]}<\/script>\n<!-- \/ Yoast SEO plugin. -->","yoast_head_json":{"title":"Teptukas L&B Education kiaul\u0117s \u0161eri\u0173 rinkinys &#8211; Skizze","robots":{"index":"noindex","follow":"follow","max-snippet":"max-snippet:-1","max-image-preview":"max-image-preview:large","max-video-preview":"max-video-preview:-1"},"og_locale":"lt_LT","og_type":"article","og_title":"Teptukas L&B Education kiaul\u0117s \u0161eri\u0173 rinkinys &#8211; Skizze","og_description":"\u0160epet\u0117lis i\u0161 kiaul\u0117s \u0161eri\u0173 tinka pie\u0161ti ir tapyti gua\u0161u, akriliniais ir aliejiniais da\u017eais. Tvirti \u0161eriai ypatingai tinka naudojant tir\u0161tus da\u017eus. Labai tinka da\u017eais dengiant didelius plotus. Po naudojimo \u0161epet\u0117l\u012f tuojau i\u0161plaukite.","og_url":"https:\/\/hobstop.ee\/lt\/produktas\/teptukas-lb-education-kiaules-seriu-rinkinys\/","og_site_name":"Skizze","article_publisher":"http:\/\/www.facebook.com\/VunderSkizze","og_image":[{"width":1024,"height":768,"url":"https:\/\/hobstop.ee\/media\/1458.jpg","type":"image\/jpeg"}],"twitter_card":"summary_large_image","schema":{"@context":"https:\/\/schema.org","@graph":[{"@type":"WebPage","@id":"https:\/\/hobstop.ee\/lt\/produktas\/teptukas-lb-education-kiaules-seriu-rinkinys\/","url":"https:\/\/hobstop.ee\/lt\/produktas\/teptukas-lb-education-kiaules-seriu-rinkinys\/","name":"Teptukas L&B Education kiaul\u0117s \u0161eri\u0173 rinkinys &#8211; Skizze","isPartOf":{"@id":"https:\/\/hobstop.ee\/lt\/#website"},"primaryImageOfPage":{"@id":"https:\/\/hobstop.ee\/lt\/produktas\/teptukas-lb-education-kiaules-seriu-rinkinys\/#primaryimage"},"image":{"@id":"https:\/\/hobstop.ee\/lt\/produktas\/teptukas-lb-education-kiaules-seriu-rinkinys\/#primaryimage"},"thumbnailUrl":"https:\/\/hobstop.ee\/media\/1458.jpg","datePublished":"2015-09-09T12:25:24+00:00","dateModified":"2015-09-09T12:25:24+00:00","breadcrumb":{"@id":"https:\/\/hobstop.ee\/lt\/produktas\/teptukas-lb-education-kiaules-seriu-rinkinys\/#breadcrumb"},"inLanguage":"lt","potentialAction":[{"@type":"ReadAction","target":["https:\/\/hobstop.ee\/lt\/produktas\/teptukas-lb-education-kiaules-seriu-rinkinys\/"]}]},{"@type":"ImageObject","inLanguage":"lt","@id":"https:\/\/hobstop.ee\/lt\/produktas\/teptukas-lb-education-kiaules-seriu-rinkinys\/#primaryimage","url":"https:\/\/hobstop.ee\/media\/1458.jpg","contentUrl":"https:\/\/hobstop.ee\/media\/1458.jpg","width":1024,"height":768},{"@type":"BreadcrumbList","@id":"https:\/\/hobstop.ee\/lt\/produktas\/teptukas-lb-education-kiaules-seriu-rinkinys\/#breadcrumb","itemListElement":[{"@type":"ListItem","position":1,"name":"Avaleht","item":"https:\/\/hobstop.ee\/lt\/"},{"@type":"ListItem","position":2,"name":"Parduotuv\u0117","item":"https:\/\/hobstop.ee\/lt\/parduotuve\/"},{"@type":"ListItem","position":3,"name":"Teptukas L&#038;B Education kiaul\u0117s \u0161eri\u0173 rinkinys"}]},{"@type":"WebSite","@id":"https:\/\/hobstop.ee\/lt\/#website","url":"https:\/\/hobstop.ee\/lt\/","name":"Skizze","description":"Dail\u0117s, pom\u0117gi\u0173 ir mokykliniai reikm\u0117nys","publisher":{"@id":"https:\/\/hobstop.ee\/lt\/#organization"},"potentialAction":[{"@type":"SearchAction","target":{"@type":"EntryPoint","urlTemplate":"https:\/\/hobstop.ee\/lt\/?s={search_term_string}"},"query-input":{"@type":"PropertyValueSpecification","valueRequired":true,"valueName":"search_term_string"}}],"inLanguage":"lt"},{"@type":"Organization","@id":"https:\/\/hobstop.ee\/lt\/#organization","name":"Vunder AS","url":"https:\/\/hobstop.ee\/lt\/","logo":{"@type":"ImageObject","inLanguage":"lt","@id":"https:\/\/hobstop.ee\/lt\/#\/schema\/logo\/image\/","url":"https:\/\/hobstop.ee\/media\/vunder-logo.png","contentUrl":"https:\/\/hobstop.ee\/media\/vunder-logo.png","width":127,"height":55,"caption":"Vunder AS"},"image":{"@id":"https:\/\/hobstop.ee\/lt\/#\/schema\/logo\/image\/"},"sameAs":["http:\/\/www.facebook.com\/VunderSkizze"]}]}},"_links":{"self":[{"href":"https:\/\/hobstop.ee\/lt\/wp-json\/wp\/v2\/product\/213793","targetHints":{"allow":["GET"]}}],"collection":[{"href":"https:\/\/hobstop.ee\/lt\/wp-json\/wp\/v2\/product"}],"about":[{"href":"https:\/\/hobstop.ee\/lt\/wp-json\/wp\/v2\/types\/product"}],"replies":[{"embeddable":true,"href":"https:\/\/hobstop.ee\/lt\/wp-json\/wp\/v2\/comments?post=213793"}],"wp:featuredmedia":[{"embeddable":true,"href":"https:\/\/hobstop.ee\/lt\/wp-json\/wp\/v2\/media\/222284"}],"wp:attachment":[{"href":"https:\/\/hobstop.ee\/lt\/wp-json\/wp\/v2\/media?parent=213793"}],"wp:term":[{"taxonomy":"product_cat","embeddable":true,"href":"https:\/\/hobstop.ee\/lt\/wp-json\/wp\/v2\/product_cat?post=213793"},{"taxonomy":"product_tag","embeddable":true,"href":"https:\/\/hobstop.ee\/lt\/wp-json\/wp\/v2\/product_tag?post=213793"}],"curies":[{"name":"wp","href":"https:\/\/api.w.org\/{rel}","templated":true}]}}