{"id":213967,"date":"2015-06-01T15:27:07","date_gmt":"2015-09-09T12:27:07","guid":{"rendered":"http:\/\/vunder-ee.sn25.zone.eu\/lt\/product\/skriestuvas-maped-stop-system-2\/"},"modified":"2015-09-09T15:27:07","modified_gmt":"2015-09-09T12:27:07","slug":"skriestuvas-maped-stop-system","status":"publish","type":"product","link":"https:\/\/hobstop.ee\/lt\/produktas\/skriestuvas-maped-stop-system\/","title":{"rendered":"Skriestuvas Maped Stop System"},"content":{"rendered":"<p>\u201eMaped\u201c sukurta sistema \u201eStop System\u201c leid\u017eia lengvai ir veiksmingai naudoti skriestuv\u0105. Lengvai fiksuojamos kojel\u0117s garantuoja ideal\u0173 br\u0117\u017ein\u012f \u2013 nuleiskite svirt\u012f, nustatykite atstum\u0105 tarp kojeli\u0173, u\u017efiksuokite kojeli\u0173 svirt\u012f ir br\u0117\u017ekite tiksliausios formos apskritim\u0105! Su saugiu smaigaliu.<\/p>\n<p>Komplekte:<br \/>\nSkriestuvas su fiksatoriumi<br \/>\nPie\u0161tuko laikiklis<br \/>\nAtsargin\u0117 \u0161erdel\u0117<\/p>\n","protected":false},"excerpt":{"rendered":"<p>\u201eMaped\u201c sukurta sistema \u201eStop System\u201c leid\u017eia lengvai ir veiksmingai naudoti skriestuv\u0105. Lengvai fiksuojamos kojel\u0117s garantuoja ideal\u0173 br\u0117\u017ein\u012f \u2013 nuleiskite svirt\u012f, nustatykite atstum\u0105 tarp kojeli\u0173, u\u017efiksuokite kojeli\u0173 svirt\u012f ir br\u0117\u017ekite tiksliausios formos apskritim\u0105! Su saugiu smaigaliu. Komplekte: Skriestuvas su fiksatoriumi Pie\u0161tuko laikiklis Atsargin\u0117 \u0161erdel\u0117<\/p>\n","protected":false},"featured_media":354384,"comment_status":"closed","ping_status":"closed","template":"","meta":{"_acf_changed":false,"ep_exclude_from_search":false},"product_cat":[19819,235,19825],"product_tag":[],"class_list":{"0":"post-213967","1":"product","2":"type-product","3":"status-publish","4":"has-post-thumbnail","6":"product_cat-braizybos-prekes","7":"product_cat-mokyklines-prekes","8":"product_cat-skriestuvai","10":"first","11":"instock","12":"taxable","13":"shipping-taxable","14":"purchasable","15":"product-type-variable"},"acf":[],"yoast_head":"<!-- This site is optimized with the Yoast SEO plugin v24.1 - https:\/\/yoast.com\/wordpress\/plugins\/seo\/ -->\n<title>Skriestuvas Maped Stop System &#8211; Skizze<\/title>\n<meta name=\"robots\" content=\"noindex, follow, max-snippet:-1, max-image-preview:large, max-video-preview:-1\" \/>\n<meta property=\"og:locale\" content=\"lt_LT\" \/>\n<meta property=\"og:type\" content=\"article\" \/>\n<meta property=\"og:title\" content=\"Skriestuvas Maped Stop System &#8211; Skizze\" \/>\n<meta property=\"og:description\" content=\"\u201eMaped\u201c sukurta sistema \u201eStop System\u201c leid\u017eia lengvai ir veiksmingai naudoti skriestuv\u0105. Lengvai fiksuojamos kojel\u0117s garantuoja ideal\u0173 br\u0117\u017ein\u012f \u2013 nuleiskite svirt\u012f, nustatykite atstum\u0105 tarp kojeli\u0173, u\u017efiksuokite kojeli\u0173 svirt\u012f ir br\u0117\u017ekite tiksliausios formos apskritim\u0105! Su saugiu smaigaliu. Komplekte: Skriestuvas su fiksatoriumi Pie\u0161tuko laikiklis Atsargin\u0117 \u0161erdel\u0117\" \/>\n<meta property=\"og:url\" content=\"https:\/\/hobstop.ee\/lt\/produktas\/skriestuvas-maped-stop-system\/\" \/>\n<meta property=\"og:site_name\" content=\"Skizze\" \/>\n<meta property=\"article:publisher\" content=\"http:\/\/www.facebook.com\/VunderSkizze\" \/>\n<meta property=\"og:image\" content=\"https:\/\/hobstop.ee\/media\/1704.jpg\" \/>\n\t<meta property=\"og:image:width\" content=\"1024\" \/>\n\t<meta property=\"og:image:height\" content=\"768\" \/>\n\t<meta property=\"og:image:type\" content=\"image\/jpeg\" \/>\n<meta name=\"twitter:card\" content=\"summary_large_image\" \/>\n<script type=\"application\/ld+json\" class=\"yoast-schema-graph\">{\"@context\":\"https:\/\/schema.org\",\"@graph\":[{\"@type\":\"WebPage\",\"@id\":\"https:\/\/hobstop.ee\/lt\/produktas\/skriestuvas-maped-stop-system\/\",\"url\":\"https:\/\/hobstop.ee\/lt\/produktas\/skriestuvas-maped-stop-system\/\",\"name\":\"Skriestuvas Maped Stop System &#8211; Skizze\",\"isPartOf\":{\"@id\":\"https:\/\/hobstop.ee\/lt\/#website\"},\"primaryImageOfPage\":{\"@id\":\"https:\/\/hobstop.ee\/lt\/produktas\/skriestuvas-maped-stop-system\/#primaryimage\"},\"image\":{\"@id\":\"https:\/\/hobstop.ee\/lt\/produktas\/skriestuvas-maped-stop-system\/#primaryimage\"},\"thumbnailUrl\":\"https:\/\/hobstop.ee\/media\/1704.jpg\",\"datePublished\":\"2015-09-09T12:27:07+00:00\",\"dateModified\":\"2015-09-09T12:27:07+00:00\",\"breadcrumb\":{\"@id\":\"https:\/\/hobstop.ee\/lt\/produktas\/skriestuvas-maped-stop-system\/#breadcrumb\"},\"inLanguage\":\"lt\",\"potentialAction\":[{\"@type\":\"ReadAction\",\"target\":[\"https:\/\/hobstop.ee\/lt\/produktas\/skriestuvas-maped-stop-system\/\"]}]},{\"@type\":\"ImageObject\",\"inLanguage\":\"lt\",\"@id\":\"https:\/\/hobstop.ee\/lt\/produktas\/skriestuvas-maped-stop-system\/#primaryimage\",\"url\":\"https:\/\/hobstop.ee\/media\/1704.jpg\",\"contentUrl\":\"https:\/\/hobstop.ee\/media\/1704.jpg\",\"width\":1024,\"height\":768},{\"@type\":\"BreadcrumbList\",\"@id\":\"https:\/\/hobstop.ee\/lt\/produktas\/skriestuvas-maped-stop-system\/#breadcrumb\",\"itemListElement\":[{\"@type\":\"ListItem\",\"position\":1,\"name\":\"Avaleht\",\"item\":\"https:\/\/hobstop.ee\/lt\/\"},{\"@type\":\"ListItem\",\"position\":2,\"name\":\"Parduotuv\u0117\",\"item\":\"https:\/\/hobstop.ee\/lt\/parduotuve\/\"},{\"@type\":\"ListItem\",\"position\":3,\"name\":\"Skriestuvas Maped Stop System\"}]},{\"@type\":\"WebSite\",\"@id\":\"https:\/\/hobstop.ee\/lt\/#website\",\"url\":\"https:\/\/hobstop.ee\/lt\/\",\"name\":\"Skizze\",\"description\":\"Dail\u0117s, pom\u0117gi\u0173 ir mokykliniai reikm\u0117nys\",\"publisher\":{\"@id\":\"https:\/\/hobstop.ee\/lt\/#organization\"},\"potentialAction\":[{\"@type\":\"SearchAction\",\"target\":{\"@type\":\"EntryPoint\",\"urlTemplate\":\"https:\/\/hobstop.ee\/lt\/?s={search_term_string}\"},\"query-input\":{\"@type\":\"PropertyValueSpecification\",\"valueRequired\":true,\"valueName\":\"search_term_string\"}}],\"inLanguage\":\"lt\"},{\"@type\":\"Organization\",\"@id\":\"https:\/\/hobstop.ee\/lt\/#organization\",\"name\":\"Vunder AS\",\"url\":\"https:\/\/hobstop.ee\/lt\/\",\"logo\":{\"@type\":\"ImageObject\",\"inLanguage\":\"lt\",\"@id\":\"https:\/\/hobstop.ee\/lt\/#\/schema\/logo\/image\/\",\"url\":\"https:\/\/hobstop.ee\/media\/vunder-logo.png\",\"contentUrl\":\"https:\/\/hobstop.ee\/media\/vunder-logo.png\",\"width\":127,\"height\":55,\"caption\":\"Vunder AS\"},\"image\":{\"@id\":\"https:\/\/hobstop.ee\/lt\/#\/schema\/logo\/image\/\"},\"sameAs\":[\"http:\/\/www.facebook.com\/VunderSkizze\"]}]}<\/script>\n<!-- \/ Yoast SEO plugin. -->","yoast_head_json":{"title":"Skriestuvas Maped Stop System &#8211; Skizze","robots":{"index":"noindex","follow":"follow","max-snippet":"max-snippet:-1","max-image-preview":"max-image-preview:large","max-video-preview":"max-video-preview:-1"},"og_locale":"lt_LT","og_type":"article","og_title":"Skriestuvas Maped Stop System &#8211; Skizze","og_description":"\u201eMaped\u201c sukurta sistema \u201eStop System\u201c leid\u017eia lengvai ir veiksmingai naudoti skriestuv\u0105. Lengvai fiksuojamos kojel\u0117s garantuoja ideal\u0173 br\u0117\u017ein\u012f \u2013 nuleiskite svirt\u012f, nustatykite atstum\u0105 tarp kojeli\u0173, u\u017efiksuokite kojeli\u0173 svirt\u012f ir br\u0117\u017ekite tiksliausios formos apskritim\u0105! Su saugiu smaigaliu. Komplekte: Skriestuvas su fiksatoriumi Pie\u0161tuko laikiklis Atsargin\u0117 \u0161erdel\u0117","og_url":"https:\/\/hobstop.ee\/lt\/produktas\/skriestuvas-maped-stop-system\/","og_site_name":"Skizze","article_publisher":"http:\/\/www.facebook.com\/VunderSkizze","og_image":[{"width":1024,"height":768,"url":"https:\/\/hobstop.ee\/media\/1704.jpg","type":"image\/jpeg"}],"twitter_card":"summary_large_image","schema":{"@context":"https:\/\/schema.org","@graph":[{"@type":"WebPage","@id":"https:\/\/hobstop.ee\/lt\/produktas\/skriestuvas-maped-stop-system\/","url":"https:\/\/hobstop.ee\/lt\/produktas\/skriestuvas-maped-stop-system\/","name":"Skriestuvas Maped Stop System &#8211; Skizze","isPartOf":{"@id":"https:\/\/hobstop.ee\/lt\/#website"},"primaryImageOfPage":{"@id":"https:\/\/hobstop.ee\/lt\/produktas\/skriestuvas-maped-stop-system\/#primaryimage"},"image":{"@id":"https:\/\/hobstop.ee\/lt\/produktas\/skriestuvas-maped-stop-system\/#primaryimage"},"thumbnailUrl":"https:\/\/hobstop.ee\/media\/1704.jpg","datePublished":"2015-09-09T12:27:07+00:00","dateModified":"2015-09-09T12:27:07+00:00","breadcrumb":{"@id":"https:\/\/hobstop.ee\/lt\/produktas\/skriestuvas-maped-stop-system\/#breadcrumb"},"inLanguage":"lt","potentialAction":[{"@type":"ReadAction","target":["https:\/\/hobstop.ee\/lt\/produktas\/skriestuvas-maped-stop-system\/"]}]},{"@type":"ImageObject","inLanguage":"lt","@id":"https:\/\/hobstop.ee\/lt\/produktas\/skriestuvas-maped-stop-system\/#primaryimage","url":"https:\/\/hobstop.ee\/media\/1704.jpg","contentUrl":"https:\/\/hobstop.ee\/media\/1704.jpg","width":1024,"height":768},{"@type":"BreadcrumbList","@id":"https:\/\/hobstop.ee\/lt\/produktas\/skriestuvas-maped-stop-system\/#breadcrumb","itemListElement":[{"@type":"ListItem","position":1,"name":"Avaleht","item":"https:\/\/hobstop.ee\/lt\/"},{"@type":"ListItem","position":2,"name":"Parduotuv\u0117","item":"https:\/\/hobstop.ee\/lt\/parduotuve\/"},{"@type":"ListItem","position":3,"name":"Skriestuvas Maped Stop System"}]},{"@type":"WebSite","@id":"https:\/\/hobstop.ee\/lt\/#website","url":"https:\/\/hobstop.ee\/lt\/","name":"Skizze","description":"Dail\u0117s, pom\u0117gi\u0173 ir mokykliniai reikm\u0117nys","publisher":{"@id":"https:\/\/hobstop.ee\/lt\/#organization"},"potentialAction":[{"@type":"SearchAction","target":{"@type":"EntryPoint","urlTemplate":"https:\/\/hobstop.ee\/lt\/?s={search_term_string}"},"query-input":{"@type":"PropertyValueSpecification","valueRequired":true,"valueName":"search_term_string"}}],"inLanguage":"lt"},{"@type":"Organization","@id":"https:\/\/hobstop.ee\/lt\/#organization","name":"Vunder AS","url":"https:\/\/hobstop.ee\/lt\/","logo":{"@type":"ImageObject","inLanguage":"lt","@id":"https:\/\/hobstop.ee\/lt\/#\/schema\/logo\/image\/","url":"https:\/\/hobstop.ee\/media\/vunder-logo.png","contentUrl":"https:\/\/hobstop.ee\/media\/vunder-logo.png","width":127,"height":55,"caption":"Vunder AS"},"image":{"@id":"https:\/\/hobstop.ee\/lt\/#\/schema\/logo\/image\/"},"sameAs":["http:\/\/www.facebook.com\/VunderSkizze"]}]}},"_links":{"self":[{"href":"https:\/\/hobstop.ee\/lt\/wp-json\/wp\/v2\/product\/213967","targetHints":{"allow":["GET"]}}],"collection":[{"href":"https:\/\/hobstop.ee\/lt\/wp-json\/wp\/v2\/product"}],"about":[{"href":"https:\/\/hobstop.ee\/lt\/wp-json\/wp\/v2\/types\/product"}],"replies":[{"embeddable":true,"href":"https:\/\/hobstop.ee\/lt\/wp-json\/wp\/v2\/comments?post=213967"}],"wp:featuredmedia":[{"embeddable":true,"href":"https:\/\/hobstop.ee\/lt\/wp-json\/wp\/v2\/media\/354384"}],"wp:attachment":[{"href":"https:\/\/hobstop.ee\/lt\/wp-json\/wp\/v2\/media?parent=213967"}],"wp:term":[{"taxonomy":"product_cat","embeddable":true,"href":"https:\/\/hobstop.ee\/lt\/wp-json\/wp\/v2\/product_cat?post=213967"},{"taxonomy":"product_tag","embeddable":true,"href":"https:\/\/hobstop.ee\/lt\/wp-json\/wp\/v2\/product_tag?post=213967"}],"curies":[{"name":"wp","href":"https:\/\/api.w.org\/{rel}","templated":true}]}}