{"id":214124,"date":"2015-06-01T15:28:52","date_gmt":"2015-09-09T12:28:52","guid":{"rendered":"http:\/\/vunder-ee.sn25.zone.eu\/lt\/product\/spaudos-dazai-charbonnel-60ml-2\/"},"modified":"2015-09-09T15:28:52","modified_gmt":"2015-09-09T12:28:52","slug":"spaudos-dazai-charbonnel-60ml","status":"publish","type":"product","link":"https:\/\/hobstop.ee\/lt\/produktas\/spaudos-dazai-charbonnel-60ml\/","title":{"rendered":"Spaudos da\u017eai Charbonnel 60ml"},"content":{"rendered":"<p>Spaudos da\u017e\u0173 \u201eCharbonnel\u201c pasirinkimas dailininkams u\u017etikrina auk\u0161\u010diausios kokyb\u0117s spaudinius. Visose spalvose yra trint\u0173 pigment\u0173, kurie visi\u0161kai susimai\u0161o su polimerizuotu lin\u0173 s\u0117men\u0173 aliejumi, tod\u0117l da\u017e\u0173 kokyb\u0117 yra labai stabili. Ypatingas d\u0117mesys skiriamas tam, kad ant plok\u0161\u010di\u0173 naudojami da\u017eai atitikt\u0173 dailinink\u0173 l\u016bkes\u010dius. Tinka naudoti ant plienini\u0173 ir cinko plok\u0161\u010di\u0173. Da\u017eai \u201eCharbonnel\u201c d\u017ei\u016bsta apie dvi savaites.<\/p>\n","protected":false},"excerpt":{"rendered":"<p>Spaudos da\u017e\u0173 \u201eCharbonnel\u201c pasirinkimas dailininkams u\u017etikrina auk\u0161\u010diausios kokyb\u0117s spaudinius. Visose spalvose yra trint\u0173 pigment\u0173, kurie visi\u0161kai susimai\u0161o su polimerizuotu lin\u0173 s\u0117men\u0173 aliejumi, tod\u0117l da\u017e\u0173 kokyb\u0117 yra labai stabili. Ypatingas d\u0117mesys skiriamas tam, kad ant plok\u0161\u010di\u0173 naudojami da\u017eai atitikt\u0173 dailinink\u0173 l\u016bkes\u010dius. Tinka naudoti ant plienini\u0173 ir cinko plok\u0161\u010di\u0173. Da\u017eai \u201eCharbonnel\u201c d\u017ei\u016bsta apie dvi savaites.<\/p>\n","protected":false},"featured_media":222620,"comment_status":"closed","ping_status":"closed","template":"","meta":{"_acf_changed":false,"ep_exclude_from_search":false},"product_cat":[16124,15005,10102],"product_tag":[],"class_list":{"0":"post-214124","1":"product","2":"type-product","3":"status-publish","4":"has-post-thumbnail","6":"product_cat-dailes-prekes","7":"product_cat-kunsti-ja-kasitoo-valgustid","8":"product_cat-grafika-2","10":"first","11":"instock","12":"sale","13":"taxable","14":"shipping-taxable","15":"purchasable","16":"product-type-variable"},"acf":[],"yoast_head":"<!-- This site is optimized with the Yoast SEO plugin v24.1 - https:\/\/yoast.com\/wordpress\/plugins\/seo\/ -->\n<title>Spaudos da\u017eai Charbonnel 60ml &#8211; Skizze<\/title>\n<meta name=\"robots\" content=\"noindex, follow, max-snippet:-1, max-image-preview:large, max-video-preview:-1\" \/>\n<meta property=\"og:locale\" content=\"lt_LT\" \/>\n<meta property=\"og:type\" content=\"article\" \/>\n<meta property=\"og:title\" content=\"Spaudos da\u017eai Charbonnel 60ml &#8211; Skizze\" \/>\n<meta property=\"og:description\" content=\"Spaudos da\u017e\u0173 \u201eCharbonnel\u201c pasirinkimas dailininkams u\u017etikrina auk\u0161\u010diausios kokyb\u0117s spaudinius. Visose spalvose yra trint\u0173 pigment\u0173, kurie visi\u0161kai susimai\u0161o su polimerizuotu lin\u0173 s\u0117men\u0173 aliejumi, tod\u0117l da\u017e\u0173 kokyb\u0117 yra labai stabili. Ypatingas d\u0117mesys skiriamas tam, kad ant plok\u0161\u010di\u0173 naudojami da\u017eai atitikt\u0173 dailinink\u0173 l\u016bkes\u010dius. Tinka naudoti ant plienini\u0173 ir cinko plok\u0161\u010di\u0173. Da\u017eai \u201eCharbonnel\u201c d\u017ei\u016bsta apie dvi savaites.\" \/>\n<meta property=\"og:url\" content=\"https:\/\/hobstop.ee\/lt\/produktas\/spaudos-dazai-charbonnel-60ml\/\" \/>\n<meta property=\"og:site_name\" content=\"Skizze\" \/>\n<meta property=\"article:publisher\" content=\"http:\/\/www.facebook.com\/VunderSkizze\" \/>\n<meta property=\"og:image\" content=\"https:\/\/hobstop.ee\/media\/1920.jpg\" \/>\n\t<meta property=\"og:image:width\" content=\"1024\" \/>\n\t<meta property=\"og:image:height\" content=\"768\" \/>\n\t<meta property=\"og:image:type\" content=\"image\/jpeg\" \/>\n<meta name=\"twitter:card\" content=\"summary_large_image\" \/>\n<script type=\"application\/ld+json\" class=\"yoast-schema-graph\">{\"@context\":\"https:\/\/schema.org\",\"@graph\":[{\"@type\":\"WebPage\",\"@id\":\"https:\/\/hobstop.ee\/lt\/produktas\/spaudos-dazai-charbonnel-60ml\/\",\"url\":\"https:\/\/hobstop.ee\/lt\/produktas\/spaudos-dazai-charbonnel-60ml\/\",\"name\":\"Spaudos da\u017eai Charbonnel 60ml &#8211; Skizze\",\"isPartOf\":{\"@id\":\"https:\/\/hobstop.ee\/lt\/#website\"},\"primaryImageOfPage\":{\"@id\":\"https:\/\/hobstop.ee\/lt\/produktas\/spaudos-dazai-charbonnel-60ml\/#primaryimage\"},\"image\":{\"@id\":\"https:\/\/hobstop.ee\/lt\/produktas\/spaudos-dazai-charbonnel-60ml\/#primaryimage\"},\"thumbnailUrl\":\"https:\/\/hobstop.ee\/media\/1920.jpg\",\"datePublished\":\"2015-09-09T12:28:52+00:00\",\"dateModified\":\"2015-09-09T12:28:52+00:00\",\"breadcrumb\":{\"@id\":\"https:\/\/hobstop.ee\/lt\/produktas\/spaudos-dazai-charbonnel-60ml\/#breadcrumb\"},\"inLanguage\":\"lt\",\"potentialAction\":[{\"@type\":\"ReadAction\",\"target\":[\"https:\/\/hobstop.ee\/lt\/produktas\/spaudos-dazai-charbonnel-60ml\/\"]}]},{\"@type\":\"ImageObject\",\"inLanguage\":\"lt\",\"@id\":\"https:\/\/hobstop.ee\/lt\/produktas\/spaudos-dazai-charbonnel-60ml\/#primaryimage\",\"url\":\"https:\/\/hobstop.ee\/media\/1920.jpg\",\"contentUrl\":\"https:\/\/hobstop.ee\/media\/1920.jpg\",\"width\":1024,\"height\":768},{\"@type\":\"BreadcrumbList\",\"@id\":\"https:\/\/hobstop.ee\/lt\/produktas\/spaudos-dazai-charbonnel-60ml\/#breadcrumb\",\"itemListElement\":[{\"@type\":\"ListItem\",\"position\":1,\"name\":\"Avaleht\",\"item\":\"https:\/\/hobstop.ee\/lt\/\"},{\"@type\":\"ListItem\",\"position\":2,\"name\":\"Parduotuv\u0117\",\"item\":\"https:\/\/hobstop.ee\/lt\/parduotuve\/\"},{\"@type\":\"ListItem\",\"position\":3,\"name\":\"Spaudos da\u017eai Charbonnel 60ml\"}]},{\"@type\":\"WebSite\",\"@id\":\"https:\/\/hobstop.ee\/lt\/#website\",\"url\":\"https:\/\/hobstop.ee\/lt\/\",\"name\":\"Skizze\",\"description\":\"Dail\u0117s, pom\u0117gi\u0173 ir mokykliniai reikm\u0117nys\",\"publisher\":{\"@id\":\"https:\/\/hobstop.ee\/lt\/#organization\"},\"potentialAction\":[{\"@type\":\"SearchAction\",\"target\":{\"@type\":\"EntryPoint\",\"urlTemplate\":\"https:\/\/hobstop.ee\/lt\/?s={search_term_string}\"},\"query-input\":{\"@type\":\"PropertyValueSpecification\",\"valueRequired\":true,\"valueName\":\"search_term_string\"}}],\"inLanguage\":\"lt\"},{\"@type\":\"Organization\",\"@id\":\"https:\/\/hobstop.ee\/lt\/#organization\",\"name\":\"Vunder AS\",\"url\":\"https:\/\/hobstop.ee\/lt\/\",\"logo\":{\"@type\":\"ImageObject\",\"inLanguage\":\"lt\",\"@id\":\"https:\/\/hobstop.ee\/lt\/#\/schema\/logo\/image\/\",\"url\":\"https:\/\/hobstop.ee\/media\/vunder-logo.png\",\"contentUrl\":\"https:\/\/hobstop.ee\/media\/vunder-logo.png\",\"width\":127,\"height\":55,\"caption\":\"Vunder AS\"},\"image\":{\"@id\":\"https:\/\/hobstop.ee\/lt\/#\/schema\/logo\/image\/\"},\"sameAs\":[\"http:\/\/www.facebook.com\/VunderSkizze\"]}]}<\/script>\n<!-- \/ Yoast SEO plugin. -->","yoast_head_json":{"title":"Spaudos da\u017eai Charbonnel 60ml &#8211; Skizze","robots":{"index":"noindex","follow":"follow","max-snippet":"max-snippet:-1","max-image-preview":"max-image-preview:large","max-video-preview":"max-video-preview:-1"},"og_locale":"lt_LT","og_type":"article","og_title":"Spaudos da\u017eai Charbonnel 60ml &#8211; Skizze","og_description":"Spaudos da\u017e\u0173 \u201eCharbonnel\u201c pasirinkimas dailininkams u\u017etikrina auk\u0161\u010diausios kokyb\u0117s spaudinius. Visose spalvose yra trint\u0173 pigment\u0173, kurie visi\u0161kai susimai\u0161o su polimerizuotu lin\u0173 s\u0117men\u0173 aliejumi, tod\u0117l da\u017e\u0173 kokyb\u0117 yra labai stabili. Ypatingas d\u0117mesys skiriamas tam, kad ant plok\u0161\u010di\u0173 naudojami da\u017eai atitikt\u0173 dailinink\u0173 l\u016bkes\u010dius. Tinka naudoti ant plienini\u0173 ir cinko plok\u0161\u010di\u0173. Da\u017eai \u201eCharbonnel\u201c d\u017ei\u016bsta apie dvi savaites.","og_url":"https:\/\/hobstop.ee\/lt\/produktas\/spaudos-dazai-charbonnel-60ml\/","og_site_name":"Skizze","article_publisher":"http:\/\/www.facebook.com\/VunderSkizze","og_image":[{"width":1024,"height":768,"url":"https:\/\/hobstop.ee\/media\/1920.jpg","type":"image\/jpeg"}],"twitter_card":"summary_large_image","schema":{"@context":"https:\/\/schema.org","@graph":[{"@type":"WebPage","@id":"https:\/\/hobstop.ee\/lt\/produktas\/spaudos-dazai-charbonnel-60ml\/","url":"https:\/\/hobstop.ee\/lt\/produktas\/spaudos-dazai-charbonnel-60ml\/","name":"Spaudos da\u017eai Charbonnel 60ml &#8211; Skizze","isPartOf":{"@id":"https:\/\/hobstop.ee\/lt\/#website"},"primaryImageOfPage":{"@id":"https:\/\/hobstop.ee\/lt\/produktas\/spaudos-dazai-charbonnel-60ml\/#primaryimage"},"image":{"@id":"https:\/\/hobstop.ee\/lt\/produktas\/spaudos-dazai-charbonnel-60ml\/#primaryimage"},"thumbnailUrl":"https:\/\/hobstop.ee\/media\/1920.jpg","datePublished":"2015-09-09T12:28:52+00:00","dateModified":"2015-09-09T12:28:52+00:00","breadcrumb":{"@id":"https:\/\/hobstop.ee\/lt\/produktas\/spaudos-dazai-charbonnel-60ml\/#breadcrumb"},"inLanguage":"lt","potentialAction":[{"@type":"ReadAction","target":["https:\/\/hobstop.ee\/lt\/produktas\/spaudos-dazai-charbonnel-60ml\/"]}]},{"@type":"ImageObject","inLanguage":"lt","@id":"https:\/\/hobstop.ee\/lt\/produktas\/spaudos-dazai-charbonnel-60ml\/#primaryimage","url":"https:\/\/hobstop.ee\/media\/1920.jpg","contentUrl":"https:\/\/hobstop.ee\/media\/1920.jpg","width":1024,"height":768},{"@type":"BreadcrumbList","@id":"https:\/\/hobstop.ee\/lt\/produktas\/spaudos-dazai-charbonnel-60ml\/#breadcrumb","itemListElement":[{"@type":"ListItem","position":1,"name":"Avaleht","item":"https:\/\/hobstop.ee\/lt\/"},{"@type":"ListItem","position":2,"name":"Parduotuv\u0117","item":"https:\/\/hobstop.ee\/lt\/parduotuve\/"},{"@type":"ListItem","position":3,"name":"Spaudos da\u017eai Charbonnel 60ml"}]},{"@type":"WebSite","@id":"https:\/\/hobstop.ee\/lt\/#website","url":"https:\/\/hobstop.ee\/lt\/","name":"Skizze","description":"Dail\u0117s, pom\u0117gi\u0173 ir mokykliniai reikm\u0117nys","publisher":{"@id":"https:\/\/hobstop.ee\/lt\/#organization"},"potentialAction":[{"@type":"SearchAction","target":{"@type":"EntryPoint","urlTemplate":"https:\/\/hobstop.ee\/lt\/?s={search_term_string}"},"query-input":{"@type":"PropertyValueSpecification","valueRequired":true,"valueName":"search_term_string"}}],"inLanguage":"lt"},{"@type":"Organization","@id":"https:\/\/hobstop.ee\/lt\/#organization","name":"Vunder AS","url":"https:\/\/hobstop.ee\/lt\/","logo":{"@type":"ImageObject","inLanguage":"lt","@id":"https:\/\/hobstop.ee\/lt\/#\/schema\/logo\/image\/","url":"https:\/\/hobstop.ee\/media\/vunder-logo.png","contentUrl":"https:\/\/hobstop.ee\/media\/vunder-logo.png","width":127,"height":55,"caption":"Vunder AS"},"image":{"@id":"https:\/\/hobstop.ee\/lt\/#\/schema\/logo\/image\/"},"sameAs":["http:\/\/www.facebook.com\/VunderSkizze"]}]}},"_links":{"self":[{"href":"https:\/\/hobstop.ee\/lt\/wp-json\/wp\/v2\/product\/214124","targetHints":{"allow":["GET"]}}],"collection":[{"href":"https:\/\/hobstop.ee\/lt\/wp-json\/wp\/v2\/product"}],"about":[{"href":"https:\/\/hobstop.ee\/lt\/wp-json\/wp\/v2\/types\/product"}],"replies":[{"embeddable":true,"href":"https:\/\/hobstop.ee\/lt\/wp-json\/wp\/v2\/comments?post=214124"}],"wp:featuredmedia":[{"embeddable":true,"href":"https:\/\/hobstop.ee\/lt\/wp-json\/wp\/v2\/media\/222620"}],"wp:attachment":[{"href":"https:\/\/hobstop.ee\/lt\/wp-json\/wp\/v2\/media?parent=214124"}],"wp:term":[{"taxonomy":"product_cat","embeddable":true,"href":"https:\/\/hobstop.ee\/lt\/wp-json\/wp\/v2\/product_cat?post=214124"},{"taxonomy":"product_tag","embeddable":true,"href":"https:\/\/hobstop.ee\/lt\/wp-json\/wp\/v2\/product_tag?post=214124"}],"curies":[{"name":"wp","href":"https:\/\/api.w.org\/{rel}","templated":true}]}}