{"id":214140,"date":"2015-06-01T15:29:01","date_gmt":"2015-09-09T12:29:01","guid":{"rendered":"http:\/\/vunder-ee.sn25.zone.eu\/lt\/product\/tulip-slick-37ml-2\/"},"modified":"2015-09-09T15:29:01","modified_gmt":"2015-09-09T12:29:01","slug":"3d-piesinys-tulip-slick-37ml","status":"publish","type":"product","link":"https:\/\/hobstop.ee\/lt\/produktas\/3d-piesinys-tulip-slick-37ml\/","title":{"rendered":"3D pie\u0161inys Tulip Slick 37ml"},"content":{"rendered":"<p>Tulip da\u017eais nesud\u0117tinga puo\u0161ti ir dekoruoti r\u016bbus, albumus, \u012fvairius daiktus, papuo\u0161alus ir korteles. Da\u017eai Tulip Slick darbui suteikia blizgesio. Tulip dekoratyviniai da\u017eai yra skirti naudoti namuose. Da\u017eais galima dengti \u012fvairius pavir\u0161ius \u2013 audin\u012f, stikl\u0105, metal\u0105, karton\u0105 ir pan. Tulip da\u017e\u0173 tekst\u016bra yra unikali, o da\u017eus nesud\u0117tinga naudoti. Specialios formos buteliuku ant pavir\u0161iaus tiksliai ir \u0161variai u\u017etepamas reikiamas kiekis da\u017e\u0173. Da\u017e\u0173 u\u017etvirtinti (pvz., lyginti) nereikia.<\/p>\n","protected":false},"excerpt":{"rendered":"<p>Tulip da\u017eais nesud\u0117tinga puo\u0161ti ir dekoruoti r\u016bbus, albumus, \u012fvairius daiktus, papuo\u0161alus ir korteles. Da\u017eai Tulip Slick darbui suteikia blizgesio. Tulip dekoratyviniai da\u017eai yra skirti naudoti namuose. Da\u017eais galima dengti \u012fvairius pavir\u0161ius \u2013 audin\u012f, stikl\u0105, metal\u0105, karton\u0105 ir pan. Tulip da\u017e\u0173 tekst\u016bra yra unikali, o da\u017eus nesud\u0117tinga naudoti. Specialios formos buteliuku ant pavir\u0161iaus tiksliai ir \u0161variai u\u017etepamas reikiamas kiekis da\u017e\u0173. Da\u017e\u0173 u\u017etvirtinti (pvz., lyginti) nereikia.<\/p>\n","protected":false},"featured_media":222636,"comment_status":"closed","ping_status":"closed","template":"","meta":{"_acf_changed":false,"ep_exclude_from_search":false},"product_cat":[15006,239,17919],"product_tag":[],"class_list":{"0":"post-214140","1":"product","2":"type-product","3":"status-publish","4":"has-post-thumbnail","6":"product_cat-3d-dazai","7":"product_cat-aerosoolvarvid","8":"product_cat-pomegiu-prekes","10":"first","11":"instock","12":"taxable","13":"shipping-taxable","14":"purchasable","15":"product-type-variable"},"acf":[],"yoast_head":"<!-- This site is optimized with the Yoast SEO plugin v24.1 - https:\/\/yoast.com\/wordpress\/plugins\/seo\/ -->\n<title>3D pie\u0161inys Tulip Slick 37ml &#8211; Skizze<\/title>\n<meta name=\"robots\" content=\"noindex, follow, max-snippet:-1, max-image-preview:large, max-video-preview:-1\" \/>\n<meta property=\"og:locale\" content=\"lt_LT\" \/>\n<meta property=\"og:type\" content=\"article\" \/>\n<meta property=\"og:title\" content=\"3D pie\u0161inys Tulip Slick 37ml &#8211; Skizze\" \/>\n<meta property=\"og:description\" content=\"Tulip da\u017eais nesud\u0117tinga puo\u0161ti ir dekoruoti r\u016bbus, albumus, \u012fvairius daiktus, papuo\u0161alus ir korteles. Da\u017eai Tulip Slick darbui suteikia blizgesio. Tulip dekoratyviniai da\u017eai yra skirti naudoti namuose. Da\u017eais galima dengti \u012fvairius pavir\u0161ius \u2013 audin\u012f, stikl\u0105, metal\u0105, karton\u0105 ir pan. Tulip da\u017e\u0173 tekst\u016bra yra unikali, o da\u017eus nesud\u0117tinga naudoti. Specialios formos buteliuku ant pavir\u0161iaus tiksliai ir \u0161variai u\u017etepamas reikiamas kiekis da\u017e\u0173. Da\u017e\u0173 u\u017etvirtinti (pvz., lyginti) nereikia.\" \/>\n<meta property=\"og:url\" content=\"https:\/\/hobstop.ee\/lt\/produktas\/3d-piesinys-tulip-slick-37ml\/\" \/>\n<meta property=\"og:site_name\" content=\"Skizze\" \/>\n<meta property=\"article:publisher\" content=\"http:\/\/www.facebook.com\/VunderSkizze\" \/>\n<meta property=\"og:image\" content=\"https:\/\/hobstop.ee\/media\/1933.jpg\" \/>\n\t<meta property=\"og:image:width\" content=\"1024\" \/>\n\t<meta property=\"og:image:height\" content=\"768\" \/>\n\t<meta property=\"og:image:type\" content=\"image\/jpeg\" \/>\n<meta name=\"twitter:card\" content=\"summary_large_image\" \/>\n<script type=\"application\/ld+json\" class=\"yoast-schema-graph\">{\"@context\":\"https:\/\/schema.org\",\"@graph\":[{\"@type\":\"WebPage\",\"@id\":\"https:\/\/hobstop.ee\/lt\/produktas\/3d-piesinys-tulip-slick-37ml\/\",\"url\":\"https:\/\/hobstop.ee\/lt\/produktas\/3d-piesinys-tulip-slick-37ml\/\",\"name\":\"3D pie\u0161inys Tulip Slick 37ml &#8211; Skizze\",\"isPartOf\":{\"@id\":\"https:\/\/hobstop.ee\/lt\/#website\"},\"primaryImageOfPage\":{\"@id\":\"https:\/\/hobstop.ee\/lt\/produktas\/3d-piesinys-tulip-slick-37ml\/#primaryimage\"},\"image\":{\"@id\":\"https:\/\/hobstop.ee\/lt\/produktas\/3d-piesinys-tulip-slick-37ml\/#primaryimage\"},\"thumbnailUrl\":\"https:\/\/hobstop.ee\/media\/1933.jpg\",\"datePublished\":\"2015-09-09T12:29:01+00:00\",\"dateModified\":\"2015-09-09T12:29:01+00:00\",\"breadcrumb\":{\"@id\":\"https:\/\/hobstop.ee\/lt\/produktas\/3d-piesinys-tulip-slick-37ml\/#breadcrumb\"},\"inLanguage\":\"lt\",\"potentialAction\":[{\"@type\":\"ReadAction\",\"target\":[\"https:\/\/hobstop.ee\/lt\/produktas\/3d-piesinys-tulip-slick-37ml\/\"]}]},{\"@type\":\"ImageObject\",\"inLanguage\":\"lt\",\"@id\":\"https:\/\/hobstop.ee\/lt\/produktas\/3d-piesinys-tulip-slick-37ml\/#primaryimage\",\"url\":\"https:\/\/hobstop.ee\/media\/1933.jpg\",\"contentUrl\":\"https:\/\/hobstop.ee\/media\/1933.jpg\",\"width\":1024,\"height\":768},{\"@type\":\"BreadcrumbList\",\"@id\":\"https:\/\/hobstop.ee\/lt\/produktas\/3d-piesinys-tulip-slick-37ml\/#breadcrumb\",\"itemListElement\":[{\"@type\":\"ListItem\",\"position\":1,\"name\":\"Avaleht\",\"item\":\"https:\/\/hobstop.ee\/lt\/\"},{\"@type\":\"ListItem\",\"position\":2,\"name\":\"Parduotuv\u0117\",\"item\":\"https:\/\/hobstop.ee\/lt\/parduotuve\/\"},{\"@type\":\"ListItem\",\"position\":3,\"name\":\"3D pie\u0161inys Tulip Slick 37ml\"}]},{\"@type\":\"WebSite\",\"@id\":\"https:\/\/hobstop.ee\/lt\/#website\",\"url\":\"https:\/\/hobstop.ee\/lt\/\",\"name\":\"Skizze\",\"description\":\"Dail\u0117s, pom\u0117gi\u0173 ir mokykliniai reikm\u0117nys\",\"publisher\":{\"@id\":\"https:\/\/hobstop.ee\/lt\/#organization\"},\"potentialAction\":[{\"@type\":\"SearchAction\",\"target\":{\"@type\":\"EntryPoint\",\"urlTemplate\":\"https:\/\/hobstop.ee\/lt\/?s={search_term_string}\"},\"query-input\":{\"@type\":\"PropertyValueSpecification\",\"valueRequired\":true,\"valueName\":\"search_term_string\"}}],\"inLanguage\":\"lt\"},{\"@type\":\"Organization\",\"@id\":\"https:\/\/hobstop.ee\/lt\/#organization\",\"name\":\"Vunder AS\",\"url\":\"https:\/\/hobstop.ee\/lt\/\",\"logo\":{\"@type\":\"ImageObject\",\"inLanguage\":\"lt\",\"@id\":\"https:\/\/hobstop.ee\/lt\/#\/schema\/logo\/image\/\",\"url\":\"https:\/\/hobstop.ee\/media\/vunder-logo.png\",\"contentUrl\":\"https:\/\/hobstop.ee\/media\/vunder-logo.png\",\"width\":127,\"height\":55,\"caption\":\"Vunder AS\"},\"image\":{\"@id\":\"https:\/\/hobstop.ee\/lt\/#\/schema\/logo\/image\/\"},\"sameAs\":[\"http:\/\/www.facebook.com\/VunderSkizze\"]}]}<\/script>\n<!-- \/ Yoast SEO plugin. -->","yoast_head_json":{"title":"3D pie\u0161inys Tulip Slick 37ml &#8211; Skizze","robots":{"index":"noindex","follow":"follow","max-snippet":"max-snippet:-1","max-image-preview":"max-image-preview:large","max-video-preview":"max-video-preview:-1"},"og_locale":"lt_LT","og_type":"article","og_title":"3D pie\u0161inys Tulip Slick 37ml &#8211; Skizze","og_description":"Tulip da\u017eais nesud\u0117tinga puo\u0161ti ir dekoruoti r\u016bbus, albumus, \u012fvairius daiktus, papuo\u0161alus ir korteles. Da\u017eai Tulip Slick darbui suteikia blizgesio. Tulip dekoratyviniai da\u017eai yra skirti naudoti namuose. Da\u017eais galima dengti \u012fvairius pavir\u0161ius \u2013 audin\u012f, stikl\u0105, metal\u0105, karton\u0105 ir pan. Tulip da\u017e\u0173 tekst\u016bra yra unikali, o da\u017eus nesud\u0117tinga naudoti. Specialios formos buteliuku ant pavir\u0161iaus tiksliai ir \u0161variai u\u017etepamas reikiamas kiekis da\u017e\u0173. Da\u017e\u0173 u\u017etvirtinti (pvz., lyginti) nereikia.","og_url":"https:\/\/hobstop.ee\/lt\/produktas\/3d-piesinys-tulip-slick-37ml\/","og_site_name":"Skizze","article_publisher":"http:\/\/www.facebook.com\/VunderSkizze","og_image":[{"width":1024,"height":768,"url":"https:\/\/hobstop.ee\/media\/1933.jpg","type":"image\/jpeg"}],"twitter_card":"summary_large_image","schema":{"@context":"https:\/\/schema.org","@graph":[{"@type":"WebPage","@id":"https:\/\/hobstop.ee\/lt\/produktas\/3d-piesinys-tulip-slick-37ml\/","url":"https:\/\/hobstop.ee\/lt\/produktas\/3d-piesinys-tulip-slick-37ml\/","name":"3D pie\u0161inys Tulip Slick 37ml &#8211; Skizze","isPartOf":{"@id":"https:\/\/hobstop.ee\/lt\/#website"},"primaryImageOfPage":{"@id":"https:\/\/hobstop.ee\/lt\/produktas\/3d-piesinys-tulip-slick-37ml\/#primaryimage"},"image":{"@id":"https:\/\/hobstop.ee\/lt\/produktas\/3d-piesinys-tulip-slick-37ml\/#primaryimage"},"thumbnailUrl":"https:\/\/hobstop.ee\/media\/1933.jpg","datePublished":"2015-09-09T12:29:01+00:00","dateModified":"2015-09-09T12:29:01+00:00","breadcrumb":{"@id":"https:\/\/hobstop.ee\/lt\/produktas\/3d-piesinys-tulip-slick-37ml\/#breadcrumb"},"inLanguage":"lt","potentialAction":[{"@type":"ReadAction","target":["https:\/\/hobstop.ee\/lt\/produktas\/3d-piesinys-tulip-slick-37ml\/"]}]},{"@type":"ImageObject","inLanguage":"lt","@id":"https:\/\/hobstop.ee\/lt\/produktas\/3d-piesinys-tulip-slick-37ml\/#primaryimage","url":"https:\/\/hobstop.ee\/media\/1933.jpg","contentUrl":"https:\/\/hobstop.ee\/media\/1933.jpg","width":1024,"height":768},{"@type":"BreadcrumbList","@id":"https:\/\/hobstop.ee\/lt\/produktas\/3d-piesinys-tulip-slick-37ml\/#breadcrumb","itemListElement":[{"@type":"ListItem","position":1,"name":"Avaleht","item":"https:\/\/hobstop.ee\/lt\/"},{"@type":"ListItem","position":2,"name":"Parduotuv\u0117","item":"https:\/\/hobstop.ee\/lt\/parduotuve\/"},{"@type":"ListItem","position":3,"name":"3D pie\u0161inys Tulip Slick 37ml"}]},{"@type":"WebSite","@id":"https:\/\/hobstop.ee\/lt\/#website","url":"https:\/\/hobstop.ee\/lt\/","name":"Skizze","description":"Dail\u0117s, pom\u0117gi\u0173 ir mokykliniai reikm\u0117nys","publisher":{"@id":"https:\/\/hobstop.ee\/lt\/#organization"},"potentialAction":[{"@type":"SearchAction","target":{"@type":"EntryPoint","urlTemplate":"https:\/\/hobstop.ee\/lt\/?s={search_term_string}"},"query-input":{"@type":"PropertyValueSpecification","valueRequired":true,"valueName":"search_term_string"}}],"inLanguage":"lt"},{"@type":"Organization","@id":"https:\/\/hobstop.ee\/lt\/#organization","name":"Vunder AS","url":"https:\/\/hobstop.ee\/lt\/","logo":{"@type":"ImageObject","inLanguage":"lt","@id":"https:\/\/hobstop.ee\/lt\/#\/schema\/logo\/image\/","url":"https:\/\/hobstop.ee\/media\/vunder-logo.png","contentUrl":"https:\/\/hobstop.ee\/media\/vunder-logo.png","width":127,"height":55,"caption":"Vunder AS"},"image":{"@id":"https:\/\/hobstop.ee\/lt\/#\/schema\/logo\/image\/"},"sameAs":["http:\/\/www.facebook.com\/VunderSkizze"]}]}},"_links":{"self":[{"href":"https:\/\/hobstop.ee\/lt\/wp-json\/wp\/v2\/product\/214140","targetHints":{"allow":["GET"]}}],"collection":[{"href":"https:\/\/hobstop.ee\/lt\/wp-json\/wp\/v2\/product"}],"about":[{"href":"https:\/\/hobstop.ee\/lt\/wp-json\/wp\/v2\/types\/product"}],"replies":[{"embeddable":true,"href":"https:\/\/hobstop.ee\/lt\/wp-json\/wp\/v2\/comments?post=214140"}],"wp:featuredmedia":[{"embeddable":true,"href":"https:\/\/hobstop.ee\/lt\/wp-json\/wp\/v2\/media\/222636"}],"wp:attachment":[{"href":"https:\/\/hobstop.ee\/lt\/wp-json\/wp\/v2\/media?parent=214140"}],"wp:term":[{"taxonomy":"product_cat","embeddable":true,"href":"https:\/\/hobstop.ee\/lt\/wp-json\/wp\/v2\/product_cat?post=214140"},{"taxonomy":"product_tag","embeddable":true,"href":"https:\/\/hobstop.ee\/lt\/wp-json\/wp\/v2\/product_tag?post=214140"}],"curies":[{"name":"wp","href":"https:\/\/api.w.org\/{rel}","templated":true}]}}