{"id":214184,"date":"2015-06-01T15:29:22","date_gmt":"2015-09-09T12:29:22","guid":{"rendered":"http:\/\/vunder-ee.sn25.zone.eu\/lt\/product\/gipso-forma-velykos\/"},"modified":"2015-09-09T15:29:22","modified_gmt":"2015-09-09T12:29:22","slug":"forma-rayher-su-lygia-nugarele","status":"publish","type":"product","link":"https:\/\/hobstop.ee\/lt\/produktas\/forma-rayher-su-lygia-nugarele\/","title":{"rendered":"Forma Rayher su lygia nugar\u0117le"},"content":{"rendered":"<p>Liejini\u0173 forma \u201eRayher\u201c yra skirta \u012fvairiems liejimu susijusiems rankdarbiams \u2013 muilui, liejimo milteliams, \u0161okoladui ir ledo kubeliams suformuoti. Forma yra pagaminta i\u0161 \u017eemo tankio polietileno LDPE \u2013 itin elastingos med\u017eiagos, kuri yra atspari \u0161al\u010diui ir kar\u0161\u010diui nuo -15\u00b0C iki +80 \u00b0C, be to j\u0105 galima panaudoti kelis kartus. Suformuotus liejinius lengva i\u0161imti i\u0161 formos. Objekto nugar\u0117l\u0117 bus lygi.<\/p>\n","protected":false},"excerpt":{"rendered":"<p>Liejini\u0173 forma \u201eRayher\u201c yra skirta \u012fvairiems liejimu susijusiems rankdarbiams \u2013 muilui, liejimo milteliams, \u0161okoladui ir ledo kubeliams suformuoti. Forma yra pagaminta i\u0161 \u017eemo tankio polietileno LDPE \u2013 itin elastingos med\u017eiagos, kuri yra atspari \u0161al\u010diui ir kar\u0161\u010diui nuo -15\u00b0C iki +80 \u00b0C, be to j\u0105 galima panaudoti kelis kartus. Suformuotus liejinius lengva i\u0161imti i\u0161 formos. Objekto nugar\u0117l\u0117 bus lygi.<\/p>\n","protected":false},"featured_media":254385,"comment_status":"closed","ping_status":"closed","template":"","meta":{"_acf_changed":false,"ep_exclude_from_search":false},"product_cat":[20093,20087,17919],"product_tag":[],"class_list":{"0":"post-214184","1":"product","2":"type-product","3":"status-publish","4":"has-post-thumbnail","6":"product_cat-darbo-irankiai-4","7":"product_cat-medziagos-ir-priemones-lipdymui","8":"product_cat-pomegiu-prekes","10":"first","11":"instock","12":"sale","13":"taxable","14":"shipping-taxable","15":"purchasable","16":"product-type-variable"},"acf":[],"yoast_head":"<!-- This site is optimized with the Yoast SEO plugin v24.1 - https:\/\/yoast.com\/wordpress\/plugins\/seo\/ -->\n<title>Forma Rayher su lygia nugar\u0117le &#8211; Skizze<\/title>\n<meta name=\"robots\" content=\"noindex, follow, max-snippet:-1, max-image-preview:large, max-video-preview:-1\" \/>\n<meta property=\"og:locale\" content=\"lt_LT\" \/>\n<meta property=\"og:type\" content=\"article\" \/>\n<meta property=\"og:title\" content=\"Forma Rayher su lygia nugar\u0117le &#8211; Skizze\" \/>\n<meta property=\"og:description\" content=\"Liejini\u0173 forma \u201eRayher\u201c yra skirta \u012fvairiems liejimu susijusiems rankdarbiams \u2013 muilui, liejimo milteliams, \u0161okoladui ir ledo kubeliams suformuoti. Forma yra pagaminta i\u0161 \u017eemo tankio polietileno LDPE \u2013 itin elastingos med\u017eiagos, kuri yra atspari \u0161al\u010diui ir kar\u0161\u010diui nuo -15\u00b0C iki +80 \u00b0C, be to j\u0105 galima panaudoti kelis kartus. Suformuotus liejinius lengva i\u0161imti i\u0161 formos. Objekto nugar\u0117l\u0117 bus lygi.\" \/>\n<meta property=\"og:url\" content=\"https:\/\/hobstop.ee\/lt\/produktas\/forma-rayher-su-lygia-nugarele\/\" \/>\n<meta property=\"og:site_name\" content=\"Skizze\" \/>\n<meta property=\"article:publisher\" content=\"http:\/\/www.facebook.com\/VunderSkizze\" \/>\n<meta property=\"og:image\" content=\"https:\/\/hobstop.ee\/media\/2036.jpg\" \/>\n\t<meta property=\"og:image:width\" content=\"1024\" \/>\n\t<meta property=\"og:image:height\" content=\"768\" \/>\n\t<meta property=\"og:image:type\" content=\"image\/jpeg\" \/>\n<meta name=\"twitter:card\" content=\"summary_large_image\" \/>\n<script type=\"application\/ld+json\" class=\"yoast-schema-graph\">{\"@context\":\"https:\/\/schema.org\",\"@graph\":[{\"@type\":\"WebPage\",\"@id\":\"https:\/\/hobstop.ee\/lt\/produktas\/forma-rayher-su-lygia-nugarele\/\",\"url\":\"https:\/\/hobstop.ee\/lt\/produktas\/forma-rayher-su-lygia-nugarele\/\",\"name\":\"Forma Rayher su lygia nugar\u0117le &#8211; Skizze\",\"isPartOf\":{\"@id\":\"https:\/\/hobstop.ee\/lt\/#website\"},\"primaryImageOfPage\":{\"@id\":\"https:\/\/hobstop.ee\/lt\/produktas\/forma-rayher-su-lygia-nugarele\/#primaryimage\"},\"image\":{\"@id\":\"https:\/\/hobstop.ee\/lt\/produktas\/forma-rayher-su-lygia-nugarele\/#primaryimage\"},\"thumbnailUrl\":\"https:\/\/hobstop.ee\/media\/2036.jpg\",\"datePublished\":\"2015-09-09T12:29:22+00:00\",\"dateModified\":\"2015-09-09T12:29:22+00:00\",\"breadcrumb\":{\"@id\":\"https:\/\/hobstop.ee\/lt\/produktas\/forma-rayher-su-lygia-nugarele\/#breadcrumb\"},\"inLanguage\":\"lt\",\"potentialAction\":[{\"@type\":\"ReadAction\",\"target\":[\"https:\/\/hobstop.ee\/lt\/produktas\/forma-rayher-su-lygia-nugarele\/\"]}]},{\"@type\":\"ImageObject\",\"inLanguage\":\"lt\",\"@id\":\"https:\/\/hobstop.ee\/lt\/produktas\/forma-rayher-su-lygia-nugarele\/#primaryimage\",\"url\":\"https:\/\/hobstop.ee\/media\/2036.jpg\",\"contentUrl\":\"https:\/\/hobstop.ee\/media\/2036.jpg\",\"width\":1024,\"height\":768},{\"@type\":\"BreadcrumbList\",\"@id\":\"https:\/\/hobstop.ee\/lt\/produktas\/forma-rayher-su-lygia-nugarele\/#breadcrumb\",\"itemListElement\":[{\"@type\":\"ListItem\",\"position\":1,\"name\":\"Avaleht\",\"item\":\"https:\/\/hobstop.ee\/lt\/\"},{\"@type\":\"ListItem\",\"position\":2,\"name\":\"Parduotuv\u0117\",\"item\":\"https:\/\/hobstop.ee\/lt\/parduotuve\/\"},{\"@type\":\"ListItem\",\"position\":3,\"name\":\"Forma Rayher su lygia nugar\u0117le\"}]},{\"@type\":\"WebSite\",\"@id\":\"https:\/\/hobstop.ee\/lt\/#website\",\"url\":\"https:\/\/hobstop.ee\/lt\/\",\"name\":\"Skizze\",\"description\":\"Dail\u0117s, pom\u0117gi\u0173 ir mokykliniai reikm\u0117nys\",\"publisher\":{\"@id\":\"https:\/\/hobstop.ee\/lt\/#organization\"},\"potentialAction\":[{\"@type\":\"SearchAction\",\"target\":{\"@type\":\"EntryPoint\",\"urlTemplate\":\"https:\/\/hobstop.ee\/lt\/?s={search_term_string}\"},\"query-input\":{\"@type\":\"PropertyValueSpecification\",\"valueRequired\":true,\"valueName\":\"search_term_string\"}}],\"inLanguage\":\"lt\"},{\"@type\":\"Organization\",\"@id\":\"https:\/\/hobstop.ee\/lt\/#organization\",\"name\":\"Vunder AS\",\"url\":\"https:\/\/hobstop.ee\/lt\/\",\"logo\":{\"@type\":\"ImageObject\",\"inLanguage\":\"lt\",\"@id\":\"https:\/\/hobstop.ee\/lt\/#\/schema\/logo\/image\/\",\"url\":\"https:\/\/hobstop.ee\/media\/vunder-logo.png\",\"contentUrl\":\"https:\/\/hobstop.ee\/media\/vunder-logo.png\",\"width\":127,\"height\":55,\"caption\":\"Vunder AS\"},\"image\":{\"@id\":\"https:\/\/hobstop.ee\/lt\/#\/schema\/logo\/image\/\"},\"sameAs\":[\"http:\/\/www.facebook.com\/VunderSkizze\"]}]}<\/script>\n<!-- \/ Yoast SEO plugin. -->","yoast_head_json":{"title":"Forma Rayher su lygia nugar\u0117le &#8211; Skizze","robots":{"index":"noindex","follow":"follow","max-snippet":"max-snippet:-1","max-image-preview":"max-image-preview:large","max-video-preview":"max-video-preview:-1"},"og_locale":"lt_LT","og_type":"article","og_title":"Forma Rayher su lygia nugar\u0117le &#8211; Skizze","og_description":"Liejini\u0173 forma \u201eRayher\u201c yra skirta \u012fvairiems liejimu susijusiems rankdarbiams \u2013 muilui, liejimo milteliams, \u0161okoladui ir ledo kubeliams suformuoti. Forma yra pagaminta i\u0161 \u017eemo tankio polietileno LDPE \u2013 itin elastingos med\u017eiagos, kuri yra atspari \u0161al\u010diui ir kar\u0161\u010diui nuo -15\u00b0C iki +80 \u00b0C, be to j\u0105 galima panaudoti kelis kartus. Suformuotus liejinius lengva i\u0161imti i\u0161 formos. Objekto nugar\u0117l\u0117 bus lygi.","og_url":"https:\/\/hobstop.ee\/lt\/produktas\/forma-rayher-su-lygia-nugarele\/","og_site_name":"Skizze","article_publisher":"http:\/\/www.facebook.com\/VunderSkizze","og_image":[{"width":1024,"height":768,"url":"https:\/\/hobstop.ee\/media\/2036.jpg","type":"image\/jpeg"}],"twitter_card":"summary_large_image","schema":{"@context":"https:\/\/schema.org","@graph":[{"@type":"WebPage","@id":"https:\/\/hobstop.ee\/lt\/produktas\/forma-rayher-su-lygia-nugarele\/","url":"https:\/\/hobstop.ee\/lt\/produktas\/forma-rayher-su-lygia-nugarele\/","name":"Forma Rayher su lygia nugar\u0117le &#8211; Skizze","isPartOf":{"@id":"https:\/\/hobstop.ee\/lt\/#website"},"primaryImageOfPage":{"@id":"https:\/\/hobstop.ee\/lt\/produktas\/forma-rayher-su-lygia-nugarele\/#primaryimage"},"image":{"@id":"https:\/\/hobstop.ee\/lt\/produktas\/forma-rayher-su-lygia-nugarele\/#primaryimage"},"thumbnailUrl":"https:\/\/hobstop.ee\/media\/2036.jpg","datePublished":"2015-09-09T12:29:22+00:00","dateModified":"2015-09-09T12:29:22+00:00","breadcrumb":{"@id":"https:\/\/hobstop.ee\/lt\/produktas\/forma-rayher-su-lygia-nugarele\/#breadcrumb"},"inLanguage":"lt","potentialAction":[{"@type":"ReadAction","target":["https:\/\/hobstop.ee\/lt\/produktas\/forma-rayher-su-lygia-nugarele\/"]}]},{"@type":"ImageObject","inLanguage":"lt","@id":"https:\/\/hobstop.ee\/lt\/produktas\/forma-rayher-su-lygia-nugarele\/#primaryimage","url":"https:\/\/hobstop.ee\/media\/2036.jpg","contentUrl":"https:\/\/hobstop.ee\/media\/2036.jpg","width":1024,"height":768},{"@type":"BreadcrumbList","@id":"https:\/\/hobstop.ee\/lt\/produktas\/forma-rayher-su-lygia-nugarele\/#breadcrumb","itemListElement":[{"@type":"ListItem","position":1,"name":"Avaleht","item":"https:\/\/hobstop.ee\/lt\/"},{"@type":"ListItem","position":2,"name":"Parduotuv\u0117","item":"https:\/\/hobstop.ee\/lt\/parduotuve\/"},{"@type":"ListItem","position":3,"name":"Forma Rayher su lygia nugar\u0117le"}]},{"@type":"WebSite","@id":"https:\/\/hobstop.ee\/lt\/#website","url":"https:\/\/hobstop.ee\/lt\/","name":"Skizze","description":"Dail\u0117s, pom\u0117gi\u0173 ir mokykliniai reikm\u0117nys","publisher":{"@id":"https:\/\/hobstop.ee\/lt\/#organization"},"potentialAction":[{"@type":"SearchAction","target":{"@type":"EntryPoint","urlTemplate":"https:\/\/hobstop.ee\/lt\/?s={search_term_string}"},"query-input":{"@type":"PropertyValueSpecification","valueRequired":true,"valueName":"search_term_string"}}],"inLanguage":"lt"},{"@type":"Organization","@id":"https:\/\/hobstop.ee\/lt\/#organization","name":"Vunder AS","url":"https:\/\/hobstop.ee\/lt\/","logo":{"@type":"ImageObject","inLanguage":"lt","@id":"https:\/\/hobstop.ee\/lt\/#\/schema\/logo\/image\/","url":"https:\/\/hobstop.ee\/media\/vunder-logo.png","contentUrl":"https:\/\/hobstop.ee\/media\/vunder-logo.png","width":127,"height":55,"caption":"Vunder AS"},"image":{"@id":"https:\/\/hobstop.ee\/lt\/#\/schema\/logo\/image\/"},"sameAs":["http:\/\/www.facebook.com\/VunderSkizze"]}]}},"_links":{"self":[{"href":"https:\/\/hobstop.ee\/lt\/wp-json\/wp\/v2\/product\/214184","targetHints":{"allow":["GET"]}}],"collection":[{"href":"https:\/\/hobstop.ee\/lt\/wp-json\/wp\/v2\/product"}],"about":[{"href":"https:\/\/hobstop.ee\/lt\/wp-json\/wp\/v2\/types\/product"}],"replies":[{"embeddable":true,"href":"https:\/\/hobstop.ee\/lt\/wp-json\/wp\/v2\/comments?post=214184"}],"wp:featuredmedia":[{"embeddable":true,"href":"https:\/\/hobstop.ee\/lt\/wp-json\/wp\/v2\/media\/254385"}],"wp:attachment":[{"href":"https:\/\/hobstop.ee\/lt\/wp-json\/wp\/v2\/media?parent=214184"}],"wp:term":[{"taxonomy":"product_cat","embeddable":true,"href":"https:\/\/hobstop.ee\/lt\/wp-json\/wp\/v2\/product_cat?post=214184"},{"taxonomy":"product_tag","embeddable":true,"href":"https:\/\/hobstop.ee\/lt\/wp-json\/wp\/v2\/product_tag?post=214184"}],"curies":[{"name":"wp","href":"https:\/\/api.w.org\/{rel}","templated":true}]}}