{"id":214200,"date":"2015-06-01T15:29:46","date_gmt":"2015-09-09T12:29:46","guid":{"rendered":"http:\/\/vunder-ee.sn25.zone.eu\/lt\/product\/spalvotos-kreideles-conte-a-paris-2\/"},"modified":"2015-09-09T15:29:46","modified_gmt":"2015-09-09T12:29:46","slug":"spalvotos-kreideles-conte-a-paris","status":"publish","type":"product","link":"https:\/\/hobstop.ee\/lt\/produktas\/spalvotos-kreideles-conte-a-paris\/","title":{"rendered":"Spalvotos kreidel\u0117s Conte a Paris"},"content":{"rendered":"<p>Spalvotos kreidel\u0117s \u201eConte a Paris\u201c yra kietesn\u0117s nei pastel\u0117 ar anglis. Skirtingai nuo pastel\u0117s ar anglies \u201ene\u0161vari\u0173\u201c linij\u0173, kietomis kreidel\u0117mis pie\u0161to pie\u0161inio linijos bus a\u0161trios ir ai\u0161kios. Kreidel\u0117se naudojamas r\u016bpestingai parinktas pigmentas, molis ir ri\u0161amosios med\u017eiagos, i\u0161trauktos i\u0161 formos ir i\u0161d\u017ei\u016bvusios jos yra i\u0161degamos. \u201eConte a Paris\u201c kreideles rankose galima laikyti \u012fvairiais b\u016bdais ir \u012fvairiais kampais. Galima pie\u0161ti ilg\u0105ja kreidel\u0117s kra\u0161tine arba keisti spaudimo stiprum\u0105 (kuo labiau spaud\u017eiama kreidel\u0117, tuo ry\u0161kesn\u0117 bus spalva). Laikant kreidel\u0119 sta\u010diai arba \u012fkrypai galima pie\u0161ti plonas ir tikslias linijas.<\/p>\n","protected":false},"excerpt":{"rendered":"<p>Spalvotos kreidel\u0117s \u201eConte a Paris\u201c yra kietesn\u0117s nei pastel\u0117 ar anglis. Skirtingai nuo pastel\u0117s ar anglies \u201ene\u0161vari\u0173\u201c linij\u0173, kietomis kreidel\u0117mis pie\u0161to pie\u0161inio linijos bus a\u0161trios ir ai\u0161kios. Kreidel\u0117se naudojamas r\u016bpestingai parinktas pigmentas, molis ir ri\u0161amosios med\u017eiagos, i\u0161trauktos i\u0161 formos ir i\u0161d\u017ei\u016bvusios jos yra i\u0161degamos. \u201eConte a Paris\u201c kreideles rankose galima laikyti \u012fvairiais b\u016bdais ir \u012fvairiais kampais. Galima pie\u0161ti ilg\u0105ja kreidel\u0117s kra\u0161tine arba keisti spaudimo stiprum\u0105 (kuo labiau spaud\u017eiama kreidel\u0117, tuo ry\u0161kesn\u0117 bus spalva). Laikant kreidel\u0119 sta\u010diai arba \u012fkrypai galima pie\u0161ti plonas ir tikslias linijas.<\/p>\n","protected":false},"featured_media":222692,"comment_status":"closed","ping_status":"closed","template":"","meta":{"_acf_changed":false,"ep_exclude_from_search":false},"product_cat":[16124,14994,18932],"product_tag":[],"class_list":{"0":"post-214200","1":"product","2":"type-product","3":"status-publish","4":"has-post-thumbnail","6":"product_cat-dailes-prekes","7":"product_cat-kreideles-2","8":"product_cat-piesimo-reikmenys-3","10":"first","11":"instock","12":"taxable","13":"shipping-taxable","14":"purchasable","15":"product-type-variable"},"acf":[],"yoast_head":"<!-- This site is optimized with the Yoast SEO plugin v24.1 - https:\/\/yoast.com\/wordpress\/plugins\/seo\/ -->\n<title>Spalvotos kreidel\u0117s Conte a Paris &#8211; Skizze<\/title>\n<meta name=\"robots\" content=\"noindex, follow, max-snippet:-1, max-image-preview:large, max-video-preview:-1\" \/>\n<meta property=\"og:locale\" content=\"lt_LT\" \/>\n<meta property=\"og:type\" content=\"article\" \/>\n<meta property=\"og:title\" content=\"Spalvotos kreidel\u0117s Conte a Paris &#8211; Skizze\" \/>\n<meta property=\"og:description\" content=\"Spalvotos kreidel\u0117s \u201eConte a Paris\u201c yra kietesn\u0117s nei pastel\u0117 ar anglis. Skirtingai nuo pastel\u0117s ar anglies \u201ene\u0161vari\u0173\u201c linij\u0173, kietomis kreidel\u0117mis pie\u0161to pie\u0161inio linijos bus a\u0161trios ir ai\u0161kios. Kreidel\u0117se naudojamas r\u016bpestingai parinktas pigmentas, molis ir ri\u0161amosios med\u017eiagos, i\u0161trauktos i\u0161 formos ir i\u0161d\u017ei\u016bvusios jos yra i\u0161degamos. \u201eConte a Paris\u201c kreideles rankose galima laikyti \u012fvairiais b\u016bdais ir \u012fvairiais kampais. Galima pie\u0161ti ilg\u0105ja kreidel\u0117s kra\u0161tine arba keisti spaudimo stiprum\u0105 (kuo labiau spaud\u017eiama kreidel\u0117, tuo ry\u0161kesn\u0117 bus spalva). Laikant kreidel\u0119 sta\u010diai arba \u012fkrypai galima pie\u0161ti plonas ir tikslias linijas.\" \/>\n<meta property=\"og:url\" content=\"https:\/\/hobstop.ee\/lt\/produktas\/spalvotos-kreideles-conte-a-paris\/\" \/>\n<meta property=\"og:site_name\" content=\"Skizze\" \/>\n<meta property=\"article:publisher\" content=\"http:\/\/www.facebook.com\/VunderSkizze\" \/>\n<meta property=\"og:image\" content=\"https:\/\/www.hobstop.ee\/media\/2045.jpg\" \/>\n\t<meta property=\"og:image:width\" content=\"1024\" \/>\n\t<meta property=\"og:image:height\" content=\"768\" \/>\n\t<meta property=\"og:image:type\" content=\"image\/jpeg\" \/>\n<meta name=\"twitter:card\" content=\"summary_large_image\" \/>\n<meta name=\"twitter:label1\" content=\"Est. reading time\" \/>\n\t<meta name=\"twitter:data1\" content=\"1 minute\" \/>\n<script type=\"application\/ld+json\" class=\"yoast-schema-graph\">{\"@context\":\"https:\/\/schema.org\",\"@graph\":[{\"@type\":\"WebPage\",\"@id\":\"https:\/\/hobstop.ee\/lt\/produktas\/spalvotos-kreideles-conte-a-paris\/\",\"url\":\"https:\/\/hobstop.ee\/lt\/produktas\/spalvotos-kreideles-conte-a-paris\/\",\"name\":\"Spalvotos kreidel\u0117s Conte a Paris &#8211; Skizze\",\"isPartOf\":{\"@id\":\"https:\/\/hobstop.ee\/lt\/#website\"},\"primaryImageOfPage\":{\"@id\":\"https:\/\/hobstop.ee\/lt\/produktas\/spalvotos-kreideles-conte-a-paris\/#primaryimage\"},\"image\":{\"@id\":\"https:\/\/hobstop.ee\/lt\/produktas\/spalvotos-kreideles-conte-a-paris\/#primaryimage\"},\"thumbnailUrl\":\"https:\/\/hobstop.ee\/media\/2045.jpg\",\"datePublished\":\"2015-09-09T12:29:46+00:00\",\"dateModified\":\"2015-09-09T12:29:46+00:00\",\"breadcrumb\":{\"@id\":\"https:\/\/hobstop.ee\/lt\/produktas\/spalvotos-kreideles-conte-a-paris\/#breadcrumb\"},\"inLanguage\":\"lt\",\"potentialAction\":[{\"@type\":\"ReadAction\",\"target\":[\"https:\/\/hobstop.ee\/lt\/produktas\/spalvotos-kreideles-conte-a-paris\/\"]}]},{\"@type\":\"ImageObject\",\"inLanguage\":\"lt\",\"@id\":\"https:\/\/hobstop.ee\/lt\/produktas\/spalvotos-kreideles-conte-a-paris\/#primaryimage\",\"url\":\"https:\/\/hobstop.ee\/media\/2045.jpg\",\"contentUrl\":\"https:\/\/hobstop.ee\/media\/2045.jpg\",\"width\":1024,\"height\":768},{\"@type\":\"BreadcrumbList\",\"@id\":\"https:\/\/hobstop.ee\/lt\/produktas\/spalvotos-kreideles-conte-a-paris\/#breadcrumb\",\"itemListElement\":[{\"@type\":\"ListItem\",\"position\":1,\"name\":\"Avaleht\",\"item\":\"https:\/\/hobstop.ee\/lt\/\"},{\"@type\":\"ListItem\",\"position\":2,\"name\":\"Parduotuv\u0117\",\"item\":\"https:\/\/hobstop.ee\/lt\/parduotuve\/\"},{\"@type\":\"ListItem\",\"position\":3,\"name\":\"Spalvotos kreidel\u0117s Conte a Paris\"}]},{\"@type\":\"WebSite\",\"@id\":\"https:\/\/hobstop.ee\/lt\/#website\",\"url\":\"https:\/\/hobstop.ee\/lt\/\",\"name\":\"Skizze\",\"description\":\"Dail\u0117s, pom\u0117gi\u0173 ir mokykliniai reikm\u0117nys\",\"publisher\":{\"@id\":\"https:\/\/hobstop.ee\/lt\/#organization\"},\"potentialAction\":[{\"@type\":\"SearchAction\",\"target\":{\"@type\":\"EntryPoint\",\"urlTemplate\":\"https:\/\/hobstop.ee\/lt\/?s={search_term_string}\"},\"query-input\":{\"@type\":\"PropertyValueSpecification\",\"valueRequired\":true,\"valueName\":\"search_term_string\"}}],\"inLanguage\":\"lt\"},{\"@type\":\"Organization\",\"@id\":\"https:\/\/hobstop.ee\/lt\/#organization\",\"name\":\"Vunder AS\",\"url\":\"https:\/\/hobstop.ee\/lt\/\",\"logo\":{\"@type\":\"ImageObject\",\"inLanguage\":\"lt\",\"@id\":\"https:\/\/hobstop.ee\/lt\/#\/schema\/logo\/image\/\",\"url\":\"https:\/\/hobstop.ee\/media\/vunder-logo.png\",\"contentUrl\":\"https:\/\/hobstop.ee\/media\/vunder-logo.png\",\"width\":127,\"height\":55,\"caption\":\"Vunder AS\"},\"image\":{\"@id\":\"https:\/\/hobstop.ee\/lt\/#\/schema\/logo\/image\/\"},\"sameAs\":[\"http:\/\/www.facebook.com\/VunderSkizze\"]}]}<\/script>\n<!-- \/ Yoast SEO plugin. -->","yoast_head_json":{"title":"Spalvotos kreidel\u0117s Conte a Paris &#8211; Skizze","robots":{"index":"noindex","follow":"follow","max-snippet":"max-snippet:-1","max-image-preview":"max-image-preview:large","max-video-preview":"max-video-preview:-1"},"og_locale":"lt_LT","og_type":"article","og_title":"Spalvotos kreidel\u0117s Conte a Paris &#8211; Skizze","og_description":"Spalvotos kreidel\u0117s \u201eConte a Paris\u201c yra kietesn\u0117s nei pastel\u0117 ar anglis. Skirtingai nuo pastel\u0117s ar anglies \u201ene\u0161vari\u0173\u201c linij\u0173, kietomis kreidel\u0117mis pie\u0161to pie\u0161inio linijos bus a\u0161trios ir ai\u0161kios. Kreidel\u0117se naudojamas r\u016bpestingai parinktas pigmentas, molis ir ri\u0161amosios med\u017eiagos, i\u0161trauktos i\u0161 formos ir i\u0161d\u017ei\u016bvusios jos yra i\u0161degamos. \u201eConte a Paris\u201c kreideles rankose galima laikyti \u012fvairiais b\u016bdais ir \u012fvairiais kampais. Galima pie\u0161ti ilg\u0105ja kreidel\u0117s kra\u0161tine arba keisti spaudimo stiprum\u0105 (kuo labiau spaud\u017eiama kreidel\u0117, tuo ry\u0161kesn\u0117 bus spalva). Laikant kreidel\u0119 sta\u010diai arba \u012fkrypai galima pie\u0161ti plonas ir tikslias linijas.","og_url":"https:\/\/hobstop.ee\/lt\/produktas\/spalvotos-kreideles-conte-a-paris\/","og_site_name":"Skizze","article_publisher":"http:\/\/www.facebook.com\/VunderSkizze","og_image":[{"width":1024,"height":768,"url":"https:\/\/www.hobstop.ee\/media\/2045.jpg","type":"image\/jpeg"}],"twitter_card":"summary_large_image","twitter_misc":{"Est. reading time":"1 minute"},"schema":{"@context":"https:\/\/schema.org","@graph":[{"@type":"WebPage","@id":"https:\/\/hobstop.ee\/lt\/produktas\/spalvotos-kreideles-conte-a-paris\/","url":"https:\/\/hobstop.ee\/lt\/produktas\/spalvotos-kreideles-conte-a-paris\/","name":"Spalvotos kreidel\u0117s Conte a Paris &#8211; Skizze","isPartOf":{"@id":"https:\/\/hobstop.ee\/lt\/#website"},"primaryImageOfPage":{"@id":"https:\/\/hobstop.ee\/lt\/produktas\/spalvotos-kreideles-conte-a-paris\/#primaryimage"},"image":{"@id":"https:\/\/hobstop.ee\/lt\/produktas\/spalvotos-kreideles-conte-a-paris\/#primaryimage"},"thumbnailUrl":"https:\/\/hobstop.ee\/media\/2045.jpg","datePublished":"2015-09-09T12:29:46+00:00","dateModified":"2015-09-09T12:29:46+00:00","breadcrumb":{"@id":"https:\/\/hobstop.ee\/lt\/produktas\/spalvotos-kreideles-conte-a-paris\/#breadcrumb"},"inLanguage":"lt","potentialAction":[{"@type":"ReadAction","target":["https:\/\/hobstop.ee\/lt\/produktas\/spalvotos-kreideles-conte-a-paris\/"]}]},{"@type":"ImageObject","inLanguage":"lt","@id":"https:\/\/hobstop.ee\/lt\/produktas\/spalvotos-kreideles-conte-a-paris\/#primaryimage","url":"https:\/\/hobstop.ee\/media\/2045.jpg","contentUrl":"https:\/\/hobstop.ee\/media\/2045.jpg","width":1024,"height":768},{"@type":"BreadcrumbList","@id":"https:\/\/hobstop.ee\/lt\/produktas\/spalvotos-kreideles-conte-a-paris\/#breadcrumb","itemListElement":[{"@type":"ListItem","position":1,"name":"Avaleht","item":"https:\/\/hobstop.ee\/lt\/"},{"@type":"ListItem","position":2,"name":"Parduotuv\u0117","item":"https:\/\/hobstop.ee\/lt\/parduotuve\/"},{"@type":"ListItem","position":3,"name":"Spalvotos kreidel\u0117s Conte a Paris"}]},{"@type":"WebSite","@id":"https:\/\/hobstop.ee\/lt\/#website","url":"https:\/\/hobstop.ee\/lt\/","name":"Skizze","description":"Dail\u0117s, pom\u0117gi\u0173 ir mokykliniai reikm\u0117nys","publisher":{"@id":"https:\/\/hobstop.ee\/lt\/#organization"},"potentialAction":[{"@type":"SearchAction","target":{"@type":"EntryPoint","urlTemplate":"https:\/\/hobstop.ee\/lt\/?s={search_term_string}"},"query-input":{"@type":"PropertyValueSpecification","valueRequired":true,"valueName":"search_term_string"}}],"inLanguage":"lt"},{"@type":"Organization","@id":"https:\/\/hobstop.ee\/lt\/#organization","name":"Vunder AS","url":"https:\/\/hobstop.ee\/lt\/","logo":{"@type":"ImageObject","inLanguage":"lt","@id":"https:\/\/hobstop.ee\/lt\/#\/schema\/logo\/image\/","url":"https:\/\/hobstop.ee\/media\/vunder-logo.png","contentUrl":"https:\/\/hobstop.ee\/media\/vunder-logo.png","width":127,"height":55,"caption":"Vunder AS"},"image":{"@id":"https:\/\/hobstop.ee\/lt\/#\/schema\/logo\/image\/"},"sameAs":["http:\/\/www.facebook.com\/VunderSkizze"]}]}},"_links":{"self":[{"href":"https:\/\/hobstop.ee\/lt\/wp-json\/wp\/v2\/product\/214200","targetHints":{"allow":["GET"]}}],"collection":[{"href":"https:\/\/hobstop.ee\/lt\/wp-json\/wp\/v2\/product"}],"about":[{"href":"https:\/\/hobstop.ee\/lt\/wp-json\/wp\/v2\/types\/product"}],"replies":[{"embeddable":true,"href":"https:\/\/hobstop.ee\/lt\/wp-json\/wp\/v2\/comments?post=214200"}],"wp:featuredmedia":[{"embeddable":true,"href":"https:\/\/hobstop.ee\/lt\/wp-json\/wp\/v2\/media\/222692"}],"wp:attachment":[{"href":"https:\/\/hobstop.ee\/lt\/wp-json\/wp\/v2\/media?parent=214200"}],"wp:term":[{"taxonomy":"product_cat","embeddable":true,"href":"https:\/\/hobstop.ee\/lt\/wp-json\/wp\/v2\/product_cat?post=214200"},{"taxonomy":"product_tag","embeddable":true,"href":"https:\/\/hobstop.ee\/lt\/wp-json\/wp\/v2\/product_tag?post=214200"}],"curies":[{"name":"wp","href":"https:\/\/api.w.org\/{rel}","templated":true}]}}