{"id":214216,"date":"2015-06-01T15:29:53","date_gmt":"2015-09-09T12:29:53","guid":{"rendered":"http:\/\/vunder-ee.sn25.zone.eu\/lt\/product\/aliejines-pasteles-louvre-2\/"},"modified":"2015-09-09T15:29:53","modified_gmt":"2015-09-09T12:29:53","slug":"aliejines-pasteles-louvre-2","status":"publish","type":"product","link":"https:\/\/hobstop.ee\/lt\/produktas\/aliejines-pasteles-louvre-2\/","title":{"rendered":"Aliejin\u0117s pastel\u0117s Louvre"},"content":{"rendered":"<p>Mik\u0161ta, ry\u0161ki ir blizganti. Aliejin\u0119 pastel\u0119 galima naudoti keliais b\u016bdais: nor\u0117dami i\u0161gauti \u012fvairius persiliejan\u010dius tonus, skieskite benzinu arba terpentinu; u\u017etep\u0119 storesnius sluoksnius gausite reljefin\u012f efekt\u0105; mentele galima tepti pastel\u0117s trupin\u0117lius. Aliejine pastele galima pie\u0161ti ant \u012fvairaus popieriaus ir ant por\u0117mio i\u0161temptos drob\u0117s.<\/p>\n","protected":false},"excerpt":{"rendered":"<p>Mik\u0161ta, ry\u0161ki ir blizganti. Aliejin\u0119 pastel\u0119 galima naudoti keliais b\u016bdais: nor\u0117dami i\u0161gauti \u012fvairius persiliejan\u010dius tonus, skieskite benzinu arba terpentinu; u\u017etep\u0119 storesnius sluoksnius gausite reljefin\u012f efekt\u0105; mentele galima tepti pastel\u0117s trupin\u0117lius. Aliejine pastele galima pie\u0161ti ant \u012fvairaus popieriaus ir ant por\u0117mio i\u0161temptos drob\u0117s.<\/p>\n","protected":false},"featured_media":222708,"comment_status":"closed","ping_status":"closed","template":"","meta":{"_acf_changed":false,"ep_exclude_from_search":false},"product_cat":[15019,16124,18932],"product_tag":[],"class_list":{"0":"post-214216","1":"product","2":"type-product","3":"status-publish","4":"has-post-thumbnail","6":"product_cat-vihikud","7":"product_cat-dailes-prekes","8":"product_cat-piesimo-reikmenys-3","10":"first","11":"instock","12":"taxable","13":"shipping-taxable","14":"purchasable","15":"product-type-variable"},"acf":[],"yoast_head":"<!-- This site is optimized with the Yoast SEO plugin v24.1 - https:\/\/yoast.com\/wordpress\/plugins\/seo\/ -->\n<title>Aliejin\u0117s pastel\u0117s Louvre &#8211; Skizze<\/title>\n<meta name=\"robots\" content=\"noindex, follow, max-snippet:-1, max-image-preview:large, max-video-preview:-1\" \/>\n<meta property=\"og:locale\" content=\"lt_LT\" \/>\n<meta property=\"og:type\" content=\"article\" \/>\n<meta property=\"og:title\" content=\"Aliejin\u0117s pastel\u0117s Louvre &#8211; Skizze\" \/>\n<meta property=\"og:description\" content=\"Mik\u0161ta, ry\u0161ki ir blizganti. Aliejin\u0119 pastel\u0119 galima naudoti keliais b\u016bdais: nor\u0117dami i\u0161gauti \u012fvairius persiliejan\u010dius tonus, skieskite benzinu arba terpentinu; u\u017etep\u0119 storesnius sluoksnius gausite reljefin\u012f efekt\u0105; mentele galima tepti pastel\u0117s trupin\u0117lius. Aliejine pastele galima pie\u0161ti ant \u012fvairaus popieriaus ir ant por\u0117mio i\u0161temptos drob\u0117s.\" \/>\n<meta property=\"og:url\" content=\"https:\/\/hobstop.ee\/lt\/produktas\/aliejines-pasteles-louvre-2\/\" \/>\n<meta property=\"og:site_name\" content=\"Skizze\" \/>\n<meta property=\"article:publisher\" content=\"http:\/\/www.facebook.com\/VunderSkizze\" \/>\n<meta property=\"og:image\" content=\"https:\/\/hobstop.ee\/media\/2069.jpg\" \/>\n\t<meta property=\"og:image:width\" content=\"1024\" \/>\n\t<meta property=\"og:image:height\" content=\"768\" \/>\n\t<meta property=\"og:image:type\" content=\"image\/jpeg\" \/>\n<meta name=\"twitter:card\" content=\"summary_large_image\" \/>\n<script type=\"application\/ld+json\" class=\"yoast-schema-graph\">{\"@context\":\"https:\/\/schema.org\",\"@graph\":[{\"@type\":\"WebPage\",\"@id\":\"https:\/\/hobstop.ee\/lt\/produktas\/aliejines-pasteles-louvre-2\/\",\"url\":\"https:\/\/hobstop.ee\/lt\/produktas\/aliejines-pasteles-louvre-2\/\",\"name\":\"Aliejin\u0117s pastel\u0117s Louvre &#8211; Skizze\",\"isPartOf\":{\"@id\":\"https:\/\/hobstop.ee\/lt\/#website\"},\"primaryImageOfPage\":{\"@id\":\"https:\/\/hobstop.ee\/lt\/produktas\/aliejines-pasteles-louvre-2\/#primaryimage\"},\"image\":{\"@id\":\"https:\/\/hobstop.ee\/lt\/produktas\/aliejines-pasteles-louvre-2\/#primaryimage\"},\"thumbnailUrl\":\"https:\/\/hobstop.ee\/media\/2069.jpg\",\"datePublished\":\"2015-09-09T12:29:53+00:00\",\"dateModified\":\"2015-09-09T12:29:53+00:00\",\"breadcrumb\":{\"@id\":\"https:\/\/hobstop.ee\/lt\/produktas\/aliejines-pasteles-louvre-2\/#breadcrumb\"},\"inLanguage\":\"lt\",\"potentialAction\":[{\"@type\":\"ReadAction\",\"target\":[\"https:\/\/hobstop.ee\/lt\/produktas\/aliejines-pasteles-louvre-2\/\"]}]},{\"@type\":\"ImageObject\",\"inLanguage\":\"lt\",\"@id\":\"https:\/\/hobstop.ee\/lt\/produktas\/aliejines-pasteles-louvre-2\/#primaryimage\",\"url\":\"https:\/\/hobstop.ee\/media\/2069.jpg\",\"contentUrl\":\"https:\/\/hobstop.ee\/media\/2069.jpg\",\"width\":1024,\"height\":768},{\"@type\":\"BreadcrumbList\",\"@id\":\"https:\/\/hobstop.ee\/lt\/produktas\/aliejines-pasteles-louvre-2\/#breadcrumb\",\"itemListElement\":[{\"@type\":\"ListItem\",\"position\":1,\"name\":\"Avaleht\",\"item\":\"https:\/\/hobstop.ee\/lt\/\"},{\"@type\":\"ListItem\",\"position\":2,\"name\":\"Parduotuv\u0117\",\"item\":\"https:\/\/hobstop.ee\/lt\/parduotuve\/\"},{\"@type\":\"ListItem\",\"position\":3,\"name\":\"Aliejin\u0117s pastel\u0117s Louvre\"}]},{\"@type\":\"WebSite\",\"@id\":\"https:\/\/hobstop.ee\/lt\/#website\",\"url\":\"https:\/\/hobstop.ee\/lt\/\",\"name\":\"Skizze\",\"description\":\"Dail\u0117s, pom\u0117gi\u0173 ir mokykliniai reikm\u0117nys\",\"publisher\":{\"@id\":\"https:\/\/hobstop.ee\/lt\/#organization\"},\"potentialAction\":[{\"@type\":\"SearchAction\",\"target\":{\"@type\":\"EntryPoint\",\"urlTemplate\":\"https:\/\/hobstop.ee\/lt\/?s={search_term_string}\"},\"query-input\":{\"@type\":\"PropertyValueSpecification\",\"valueRequired\":true,\"valueName\":\"search_term_string\"}}],\"inLanguage\":\"lt\"},{\"@type\":\"Organization\",\"@id\":\"https:\/\/hobstop.ee\/lt\/#organization\",\"name\":\"Vunder AS\",\"url\":\"https:\/\/hobstop.ee\/lt\/\",\"logo\":{\"@type\":\"ImageObject\",\"inLanguage\":\"lt\",\"@id\":\"https:\/\/hobstop.ee\/lt\/#\/schema\/logo\/image\/\",\"url\":\"https:\/\/hobstop.ee\/media\/vunder-logo.png\",\"contentUrl\":\"https:\/\/hobstop.ee\/media\/vunder-logo.png\",\"width\":127,\"height\":55,\"caption\":\"Vunder AS\"},\"image\":{\"@id\":\"https:\/\/hobstop.ee\/lt\/#\/schema\/logo\/image\/\"},\"sameAs\":[\"http:\/\/www.facebook.com\/VunderSkizze\"]}]}<\/script>\n<!-- \/ Yoast SEO plugin. -->","yoast_head_json":{"title":"Aliejin\u0117s pastel\u0117s Louvre &#8211; Skizze","robots":{"index":"noindex","follow":"follow","max-snippet":"max-snippet:-1","max-image-preview":"max-image-preview:large","max-video-preview":"max-video-preview:-1"},"og_locale":"lt_LT","og_type":"article","og_title":"Aliejin\u0117s pastel\u0117s Louvre &#8211; Skizze","og_description":"Mik\u0161ta, ry\u0161ki ir blizganti. Aliejin\u0119 pastel\u0119 galima naudoti keliais b\u016bdais: nor\u0117dami i\u0161gauti \u012fvairius persiliejan\u010dius tonus, skieskite benzinu arba terpentinu; u\u017etep\u0119 storesnius sluoksnius gausite reljefin\u012f efekt\u0105; mentele galima tepti pastel\u0117s trupin\u0117lius. Aliejine pastele galima pie\u0161ti ant \u012fvairaus popieriaus ir ant por\u0117mio i\u0161temptos drob\u0117s.","og_url":"https:\/\/hobstop.ee\/lt\/produktas\/aliejines-pasteles-louvre-2\/","og_site_name":"Skizze","article_publisher":"http:\/\/www.facebook.com\/VunderSkizze","og_image":[{"width":1024,"height":768,"url":"https:\/\/hobstop.ee\/media\/2069.jpg","type":"image\/jpeg"}],"twitter_card":"summary_large_image","schema":{"@context":"https:\/\/schema.org","@graph":[{"@type":"WebPage","@id":"https:\/\/hobstop.ee\/lt\/produktas\/aliejines-pasteles-louvre-2\/","url":"https:\/\/hobstop.ee\/lt\/produktas\/aliejines-pasteles-louvre-2\/","name":"Aliejin\u0117s pastel\u0117s Louvre &#8211; Skizze","isPartOf":{"@id":"https:\/\/hobstop.ee\/lt\/#website"},"primaryImageOfPage":{"@id":"https:\/\/hobstop.ee\/lt\/produktas\/aliejines-pasteles-louvre-2\/#primaryimage"},"image":{"@id":"https:\/\/hobstop.ee\/lt\/produktas\/aliejines-pasteles-louvre-2\/#primaryimage"},"thumbnailUrl":"https:\/\/hobstop.ee\/media\/2069.jpg","datePublished":"2015-09-09T12:29:53+00:00","dateModified":"2015-09-09T12:29:53+00:00","breadcrumb":{"@id":"https:\/\/hobstop.ee\/lt\/produktas\/aliejines-pasteles-louvre-2\/#breadcrumb"},"inLanguage":"lt","potentialAction":[{"@type":"ReadAction","target":["https:\/\/hobstop.ee\/lt\/produktas\/aliejines-pasteles-louvre-2\/"]}]},{"@type":"ImageObject","inLanguage":"lt","@id":"https:\/\/hobstop.ee\/lt\/produktas\/aliejines-pasteles-louvre-2\/#primaryimage","url":"https:\/\/hobstop.ee\/media\/2069.jpg","contentUrl":"https:\/\/hobstop.ee\/media\/2069.jpg","width":1024,"height":768},{"@type":"BreadcrumbList","@id":"https:\/\/hobstop.ee\/lt\/produktas\/aliejines-pasteles-louvre-2\/#breadcrumb","itemListElement":[{"@type":"ListItem","position":1,"name":"Avaleht","item":"https:\/\/hobstop.ee\/lt\/"},{"@type":"ListItem","position":2,"name":"Parduotuv\u0117","item":"https:\/\/hobstop.ee\/lt\/parduotuve\/"},{"@type":"ListItem","position":3,"name":"Aliejin\u0117s pastel\u0117s Louvre"}]},{"@type":"WebSite","@id":"https:\/\/hobstop.ee\/lt\/#website","url":"https:\/\/hobstop.ee\/lt\/","name":"Skizze","description":"Dail\u0117s, pom\u0117gi\u0173 ir mokykliniai reikm\u0117nys","publisher":{"@id":"https:\/\/hobstop.ee\/lt\/#organization"},"potentialAction":[{"@type":"SearchAction","target":{"@type":"EntryPoint","urlTemplate":"https:\/\/hobstop.ee\/lt\/?s={search_term_string}"},"query-input":{"@type":"PropertyValueSpecification","valueRequired":true,"valueName":"search_term_string"}}],"inLanguage":"lt"},{"@type":"Organization","@id":"https:\/\/hobstop.ee\/lt\/#organization","name":"Vunder AS","url":"https:\/\/hobstop.ee\/lt\/","logo":{"@type":"ImageObject","inLanguage":"lt","@id":"https:\/\/hobstop.ee\/lt\/#\/schema\/logo\/image\/","url":"https:\/\/hobstop.ee\/media\/vunder-logo.png","contentUrl":"https:\/\/hobstop.ee\/media\/vunder-logo.png","width":127,"height":55,"caption":"Vunder AS"},"image":{"@id":"https:\/\/hobstop.ee\/lt\/#\/schema\/logo\/image\/"},"sameAs":["http:\/\/www.facebook.com\/VunderSkizze"]}]}},"_links":{"self":[{"href":"https:\/\/hobstop.ee\/lt\/wp-json\/wp\/v2\/product\/214216","targetHints":{"allow":["GET"]}}],"collection":[{"href":"https:\/\/hobstop.ee\/lt\/wp-json\/wp\/v2\/product"}],"about":[{"href":"https:\/\/hobstop.ee\/lt\/wp-json\/wp\/v2\/types\/product"}],"replies":[{"embeddable":true,"href":"https:\/\/hobstop.ee\/lt\/wp-json\/wp\/v2\/comments?post=214216"}],"wp:featuredmedia":[{"embeddable":true,"href":"https:\/\/hobstop.ee\/lt\/wp-json\/wp\/v2\/media\/222708"}],"wp:attachment":[{"href":"https:\/\/hobstop.ee\/lt\/wp-json\/wp\/v2\/media?parent=214216"}],"wp:term":[{"taxonomy":"product_cat","embeddable":true,"href":"https:\/\/hobstop.ee\/lt\/wp-json\/wp\/v2\/product_cat?post=214216"},{"taxonomy":"product_tag","embeddable":true,"href":"https:\/\/hobstop.ee\/lt\/wp-json\/wp\/v2\/product_tag?post=214216"}],"curies":[{"name":"wp","href":"https:\/\/api.w.org\/{rel}","templated":true}]}}