{"id":214220,"date":"2015-06-01T15:29:55","date_gmt":"2015-09-09T12:29:55","guid":{"rendered":"http:\/\/vunder-ee.sn25.zone.eu\/lt\/product\/aliejiniai-dazai-winton-200ml-2\/"},"modified":"2015-09-09T15:29:55","modified_gmt":"2015-09-09T12:29:55","slug":"aliejiniai-dazai-winton-200ml","status":"publish","type":"product","link":"https:\/\/hobstop.ee\/lt\/produktas\/aliejiniai-dazai-winton-200ml\/","title":{"rendered":"Aliejiniai da\u017eai Winton 200ml"},"content":{"rendered":"<p>\u201eWinsor&#038;Newton\u201c aliejiniai da\u017eai \u201eWinton\u201c yra itin kokybi\u0161ki ekonomin\u0117s klas\u0117s da\u017eai ir tinka studentams, dailininkams m\u0117g\u0117jams ir didelius da\u017e\u0173 kiekius naudojantiems profesionaliems tapytojams. Da\u017eai \u201eWinton\u201c pasi\u017eymi pa\u010diomis geriausiomis \u201eWinsor&#038;Newton\u201c da\u017e\u0173 gamybos tradicijomis ir yra gaminami taikant pa\u010di\u0105 naujausi\u0105 technologij\u0105. Palanki da\u017e\u0173 kaina yra pasiekiama naudojant nebrangius pigmentus, o ne ma\u017einant j\u0173 kiek\u012f da\u017euose, tod\u0117l da\u017eai turi puikias dengiam\u0105sias ir da\u017eom\u0105sias savybes, o j\u0173 sud\u0117tyje yra naudojami geriausios kokyb\u0117s kadmio ir kobalto pigmentai. Visos \u201eWinton\u201c da\u017e\u0173 spalvos yra sukurtos individualiai ir i\u0161laiko pa\u010dias geriausias pigment\u0173 savybes. Aliejiniais da\u017eais \u201eWinton\u201c nutapytuose darbuose ai\u0161kiai matomi teptuko ir mentel\u0117s pot\u0117piai.<\/p>\n","protected":false},"excerpt":{"rendered":"<p>\u201eWinsor&#038;Newton\u201c aliejiniai da\u017eai \u201eWinton\u201c yra itin kokybi\u0161ki ekonomin\u0117s klas\u0117s da\u017eai ir tinka studentams, dailininkams m\u0117g\u0117jams ir didelius da\u017e\u0173 kiekius naudojantiems profesionaliems tapytojams. Da\u017eai \u201eWinton\u201c pasi\u017eymi pa\u010diomis geriausiomis \u201eWinsor&#038;Newton\u201c da\u017e\u0173 gamybos tradicijomis ir yra gaminami taikant pa\u010di\u0105 naujausi\u0105 technologij\u0105. Palanki da\u017e\u0173 kaina yra pasiekiama naudojant nebrangius pigmentus, o ne ma\u017einant j\u0173 kiek\u012f da\u017euose, tod\u0117l da\u017eai turi puikias dengiam\u0105sias ir da\u017eom\u0105sias savybes, o j\u0173 sud\u0117tyje yra naudojami geriausios kokyb\u0117s kadmio ir kobalto pigmentai. Visos \u201eWinton\u201c da\u017e\u0173 spalvos yra sukurtos individualiai ir i\u0161laiko pa\u010dias geriausias pigment\u0173 savybes. Aliejiniais da\u017eais \u201eWinton\u201c nutapytuose darbuose ai\u0161kiai matomi teptuko ir mentel\u0117s pot\u0117piai.<\/p>\n","protected":false},"featured_media":222712,"comment_status":"closed","ping_status":"closed","template":"","meta":{"_acf_changed":false,"ep_exclude_from_search":false},"product_cat":[18166,16124,17981],"product_tag":[],"class_list":{"0":"post-214220","1":"product","2":"type-product","3":"status-publish","4":"has-post-thumbnail","6":"product_cat-aliejiniai-dazai","7":"product_cat-dailes-prekes","8":"product_cat-dazai-ir-priedai-tapybai","10":"first","11":"instock","12":"taxable","13":"shipping-taxable","14":"purchasable","15":"product-type-variable"},"acf":[],"yoast_head":"<!-- This site is optimized with the Yoast SEO plugin v24.1 - https:\/\/yoast.com\/wordpress\/plugins\/seo\/ -->\n<title>Aliejiniai da\u017eai Winton 200ml &#8211; Skizze<\/title>\n<meta name=\"robots\" content=\"noindex, follow, max-snippet:-1, max-image-preview:large, max-video-preview:-1\" \/>\n<meta property=\"og:locale\" content=\"lt_LT\" \/>\n<meta property=\"og:type\" content=\"article\" \/>\n<meta property=\"og:title\" content=\"Aliejiniai da\u017eai Winton 200ml &#8211; Skizze\" \/>\n<meta property=\"og:description\" content=\"\u201eWinsor&#038;Newton\u201c aliejiniai da\u017eai \u201eWinton\u201c yra itin kokybi\u0161ki ekonomin\u0117s klas\u0117s da\u017eai ir tinka studentams, dailininkams m\u0117g\u0117jams ir didelius da\u017e\u0173 kiekius naudojantiems profesionaliems tapytojams. Da\u017eai \u201eWinton\u201c pasi\u017eymi pa\u010diomis geriausiomis \u201eWinsor&#038;Newton\u201c da\u017e\u0173 gamybos tradicijomis ir yra gaminami taikant pa\u010di\u0105 naujausi\u0105 technologij\u0105. Palanki da\u017e\u0173 kaina yra pasiekiama naudojant nebrangius pigmentus, o ne ma\u017einant j\u0173 kiek\u012f da\u017euose, tod\u0117l da\u017eai turi puikias dengiam\u0105sias ir da\u017eom\u0105sias savybes, o j\u0173 sud\u0117tyje yra naudojami geriausios kokyb\u0117s kadmio ir kobalto pigmentai. Visos \u201eWinton\u201c da\u017e\u0173 spalvos yra sukurtos individualiai ir i\u0161laiko pa\u010dias geriausias pigment\u0173 savybes. Aliejiniais da\u017eais \u201eWinton\u201c nutapytuose darbuose ai\u0161kiai matomi teptuko ir mentel\u0117s pot\u0117piai.\" \/>\n<meta property=\"og:url\" content=\"https:\/\/hobstop.ee\/lt\/produktas\/aliejiniai-dazai-winton-200ml\/\" \/>\n<meta property=\"og:site_name\" content=\"Skizze\" \/>\n<meta property=\"article:publisher\" content=\"http:\/\/www.facebook.com\/VunderSkizze\" \/>\n<meta property=\"og:image\" content=\"https:\/\/www.hobstop.ee\/media\/2071.jpg\" \/>\n\t<meta property=\"og:image:width\" content=\"1024\" \/>\n\t<meta property=\"og:image:height\" content=\"768\" \/>\n\t<meta property=\"og:image:type\" content=\"image\/jpeg\" \/>\n<meta name=\"twitter:card\" content=\"summary_large_image\" \/>\n<meta name=\"twitter:label1\" content=\"Est. reading time\" \/>\n\t<meta name=\"twitter:data1\" content=\"1 minute\" \/>\n<script type=\"application\/ld+json\" class=\"yoast-schema-graph\">{\"@context\":\"https:\/\/schema.org\",\"@graph\":[{\"@type\":\"WebPage\",\"@id\":\"https:\/\/hobstop.ee\/lt\/produktas\/aliejiniai-dazai-winton-200ml\/\",\"url\":\"https:\/\/hobstop.ee\/lt\/produktas\/aliejiniai-dazai-winton-200ml\/\",\"name\":\"Aliejiniai da\u017eai Winton 200ml &#8211; Skizze\",\"isPartOf\":{\"@id\":\"https:\/\/hobstop.ee\/lt\/#website\"},\"primaryImageOfPage\":{\"@id\":\"https:\/\/hobstop.ee\/lt\/produktas\/aliejiniai-dazai-winton-200ml\/#primaryimage\"},\"image\":{\"@id\":\"https:\/\/hobstop.ee\/lt\/produktas\/aliejiniai-dazai-winton-200ml\/#primaryimage\"},\"thumbnailUrl\":\"https:\/\/hobstop.ee\/media\/2071.jpg\",\"datePublished\":\"2015-09-09T12:29:55+00:00\",\"dateModified\":\"2015-09-09T12:29:55+00:00\",\"breadcrumb\":{\"@id\":\"https:\/\/hobstop.ee\/lt\/produktas\/aliejiniai-dazai-winton-200ml\/#breadcrumb\"},\"inLanguage\":\"lt\",\"potentialAction\":[{\"@type\":\"ReadAction\",\"target\":[\"https:\/\/hobstop.ee\/lt\/produktas\/aliejiniai-dazai-winton-200ml\/\"]}]},{\"@type\":\"ImageObject\",\"inLanguage\":\"lt\",\"@id\":\"https:\/\/hobstop.ee\/lt\/produktas\/aliejiniai-dazai-winton-200ml\/#primaryimage\",\"url\":\"https:\/\/hobstop.ee\/media\/2071.jpg\",\"contentUrl\":\"https:\/\/hobstop.ee\/media\/2071.jpg\",\"width\":1024,\"height\":768},{\"@type\":\"BreadcrumbList\",\"@id\":\"https:\/\/hobstop.ee\/lt\/produktas\/aliejiniai-dazai-winton-200ml\/#breadcrumb\",\"itemListElement\":[{\"@type\":\"ListItem\",\"position\":1,\"name\":\"Avaleht\",\"item\":\"https:\/\/hobstop.ee\/lt\/\"},{\"@type\":\"ListItem\",\"position\":2,\"name\":\"Parduotuv\u0117\",\"item\":\"https:\/\/hobstop.ee\/lt\/parduotuve\/\"},{\"@type\":\"ListItem\",\"position\":3,\"name\":\"Aliejiniai da\u017eai Winton 200ml\"}]},{\"@type\":\"WebSite\",\"@id\":\"https:\/\/hobstop.ee\/lt\/#website\",\"url\":\"https:\/\/hobstop.ee\/lt\/\",\"name\":\"Skizze\",\"description\":\"Dail\u0117s, pom\u0117gi\u0173 ir mokykliniai reikm\u0117nys\",\"publisher\":{\"@id\":\"https:\/\/hobstop.ee\/lt\/#organization\"},\"potentialAction\":[{\"@type\":\"SearchAction\",\"target\":{\"@type\":\"EntryPoint\",\"urlTemplate\":\"https:\/\/hobstop.ee\/lt\/?s={search_term_string}\"},\"query-input\":{\"@type\":\"PropertyValueSpecification\",\"valueRequired\":true,\"valueName\":\"search_term_string\"}}],\"inLanguage\":\"lt\"},{\"@type\":\"Organization\",\"@id\":\"https:\/\/hobstop.ee\/lt\/#organization\",\"name\":\"Vunder AS\",\"url\":\"https:\/\/hobstop.ee\/lt\/\",\"logo\":{\"@type\":\"ImageObject\",\"inLanguage\":\"lt\",\"@id\":\"https:\/\/hobstop.ee\/lt\/#\/schema\/logo\/image\/\",\"url\":\"https:\/\/hobstop.ee\/media\/vunder-logo.png\",\"contentUrl\":\"https:\/\/hobstop.ee\/media\/vunder-logo.png\",\"width\":127,\"height\":55,\"caption\":\"Vunder AS\"},\"image\":{\"@id\":\"https:\/\/hobstop.ee\/lt\/#\/schema\/logo\/image\/\"},\"sameAs\":[\"http:\/\/www.facebook.com\/VunderSkizze\"]}]}<\/script>\n<!-- \/ Yoast SEO plugin. -->","yoast_head_json":{"title":"Aliejiniai da\u017eai Winton 200ml &#8211; Skizze","robots":{"index":"noindex","follow":"follow","max-snippet":"max-snippet:-1","max-image-preview":"max-image-preview:large","max-video-preview":"max-video-preview:-1"},"og_locale":"lt_LT","og_type":"article","og_title":"Aliejiniai da\u017eai Winton 200ml &#8211; Skizze","og_description":"\u201eWinsor&#038;Newton\u201c aliejiniai da\u017eai \u201eWinton\u201c yra itin kokybi\u0161ki ekonomin\u0117s klas\u0117s da\u017eai ir tinka studentams, dailininkams m\u0117g\u0117jams ir didelius da\u017e\u0173 kiekius naudojantiems profesionaliems tapytojams. Da\u017eai \u201eWinton\u201c pasi\u017eymi pa\u010diomis geriausiomis \u201eWinsor&#038;Newton\u201c da\u017e\u0173 gamybos tradicijomis ir yra gaminami taikant pa\u010di\u0105 naujausi\u0105 technologij\u0105. Palanki da\u017e\u0173 kaina yra pasiekiama naudojant nebrangius pigmentus, o ne ma\u017einant j\u0173 kiek\u012f da\u017euose, tod\u0117l da\u017eai turi puikias dengiam\u0105sias ir da\u017eom\u0105sias savybes, o j\u0173 sud\u0117tyje yra naudojami geriausios kokyb\u0117s kadmio ir kobalto pigmentai. Visos \u201eWinton\u201c da\u017e\u0173 spalvos yra sukurtos individualiai ir i\u0161laiko pa\u010dias geriausias pigment\u0173 savybes. Aliejiniais da\u017eais \u201eWinton\u201c nutapytuose darbuose ai\u0161kiai matomi teptuko ir mentel\u0117s pot\u0117piai.","og_url":"https:\/\/hobstop.ee\/lt\/produktas\/aliejiniai-dazai-winton-200ml\/","og_site_name":"Skizze","article_publisher":"http:\/\/www.facebook.com\/VunderSkizze","og_image":[{"width":1024,"height":768,"url":"https:\/\/www.hobstop.ee\/media\/2071.jpg","type":"image\/jpeg"}],"twitter_card":"summary_large_image","twitter_misc":{"Est. reading time":"1 minute"},"schema":{"@context":"https:\/\/schema.org","@graph":[{"@type":"WebPage","@id":"https:\/\/hobstop.ee\/lt\/produktas\/aliejiniai-dazai-winton-200ml\/","url":"https:\/\/hobstop.ee\/lt\/produktas\/aliejiniai-dazai-winton-200ml\/","name":"Aliejiniai da\u017eai Winton 200ml &#8211; Skizze","isPartOf":{"@id":"https:\/\/hobstop.ee\/lt\/#website"},"primaryImageOfPage":{"@id":"https:\/\/hobstop.ee\/lt\/produktas\/aliejiniai-dazai-winton-200ml\/#primaryimage"},"image":{"@id":"https:\/\/hobstop.ee\/lt\/produktas\/aliejiniai-dazai-winton-200ml\/#primaryimage"},"thumbnailUrl":"https:\/\/hobstop.ee\/media\/2071.jpg","datePublished":"2015-09-09T12:29:55+00:00","dateModified":"2015-09-09T12:29:55+00:00","breadcrumb":{"@id":"https:\/\/hobstop.ee\/lt\/produktas\/aliejiniai-dazai-winton-200ml\/#breadcrumb"},"inLanguage":"lt","potentialAction":[{"@type":"ReadAction","target":["https:\/\/hobstop.ee\/lt\/produktas\/aliejiniai-dazai-winton-200ml\/"]}]},{"@type":"ImageObject","inLanguage":"lt","@id":"https:\/\/hobstop.ee\/lt\/produktas\/aliejiniai-dazai-winton-200ml\/#primaryimage","url":"https:\/\/hobstop.ee\/media\/2071.jpg","contentUrl":"https:\/\/hobstop.ee\/media\/2071.jpg","width":1024,"height":768},{"@type":"BreadcrumbList","@id":"https:\/\/hobstop.ee\/lt\/produktas\/aliejiniai-dazai-winton-200ml\/#breadcrumb","itemListElement":[{"@type":"ListItem","position":1,"name":"Avaleht","item":"https:\/\/hobstop.ee\/lt\/"},{"@type":"ListItem","position":2,"name":"Parduotuv\u0117","item":"https:\/\/hobstop.ee\/lt\/parduotuve\/"},{"@type":"ListItem","position":3,"name":"Aliejiniai da\u017eai Winton 200ml"}]},{"@type":"WebSite","@id":"https:\/\/hobstop.ee\/lt\/#website","url":"https:\/\/hobstop.ee\/lt\/","name":"Skizze","description":"Dail\u0117s, pom\u0117gi\u0173 ir mokykliniai reikm\u0117nys","publisher":{"@id":"https:\/\/hobstop.ee\/lt\/#organization"},"potentialAction":[{"@type":"SearchAction","target":{"@type":"EntryPoint","urlTemplate":"https:\/\/hobstop.ee\/lt\/?s={search_term_string}"},"query-input":{"@type":"PropertyValueSpecification","valueRequired":true,"valueName":"search_term_string"}}],"inLanguage":"lt"},{"@type":"Organization","@id":"https:\/\/hobstop.ee\/lt\/#organization","name":"Vunder AS","url":"https:\/\/hobstop.ee\/lt\/","logo":{"@type":"ImageObject","inLanguage":"lt","@id":"https:\/\/hobstop.ee\/lt\/#\/schema\/logo\/image\/","url":"https:\/\/hobstop.ee\/media\/vunder-logo.png","contentUrl":"https:\/\/hobstop.ee\/media\/vunder-logo.png","width":127,"height":55,"caption":"Vunder AS"},"image":{"@id":"https:\/\/hobstop.ee\/lt\/#\/schema\/logo\/image\/"},"sameAs":["http:\/\/www.facebook.com\/VunderSkizze"]}]}},"_links":{"self":[{"href":"https:\/\/hobstop.ee\/lt\/wp-json\/wp\/v2\/product\/214220","targetHints":{"allow":["GET"]}}],"collection":[{"href":"https:\/\/hobstop.ee\/lt\/wp-json\/wp\/v2\/product"}],"about":[{"href":"https:\/\/hobstop.ee\/lt\/wp-json\/wp\/v2\/types\/product"}],"replies":[{"embeddable":true,"href":"https:\/\/hobstop.ee\/lt\/wp-json\/wp\/v2\/comments?post=214220"}],"wp:featuredmedia":[{"embeddable":true,"href":"https:\/\/hobstop.ee\/lt\/wp-json\/wp\/v2\/media\/222712"}],"wp:attachment":[{"href":"https:\/\/hobstop.ee\/lt\/wp-json\/wp\/v2\/media?parent=214220"}],"wp:term":[{"taxonomy":"product_cat","embeddable":true,"href":"https:\/\/hobstop.ee\/lt\/wp-json\/wp\/v2\/product_cat?post=214220"},{"taxonomy":"product_tag","embeddable":true,"href":"https:\/\/hobstop.ee\/lt\/wp-json\/wp\/v2\/product_tag?post=214220"}],"curies":[{"name":"wp","href":"https:\/\/api.w.org\/{rel}","templated":true}]}}