{"id":214276,"date":"2015-05-06T15:30:24","date_gmt":"2015-05-07T12:30:24","guid":{"rendered":"http:\/\/vunder-ee.sn25.zone.eu\/lt\/product\/tusas-lb-education-250ml-2\/"},"modified":"2015-09-09T15:30:24","modified_gmt":"2015-09-09T12:30:24","slug":"tusas-lb-education-250ml","status":"publish","type":"product","link":"https:\/\/hobstop.ee\/lt\/produktas\/tusas-lb-education-250ml\/","title":{"rendered":"Tu\u0161as L&#038;B Education 250ml"},"content":{"rendered":"<p>Ry\u0161ki\u0173 ir skaidri\u0173 spalv\u0173 pie\u0161imo tu\u0161o serija. Tu\u0161o sud\u0117tyje yra da\u017e\u0173, ta\u010diau spalvos yra ma\u017eiau atsparios \u0161viesai nei juodo tu\u0161o, nes sud\u0117tyje n\u0117ra pigment\u0173 (i\u0161skyrus balt\u0105). Tinka naudoti ant \u012fvairi\u0173 pavir\u0161i\u0173, pavyzd\u017eiui, popieriaus, medienos, stiklo, molio, metalo ir t.t.<\/p>\n","protected":false},"excerpt":{"rendered":"<p>Ry\u0161ki\u0173 ir skaidri\u0173 spalv\u0173 pie\u0161imo tu\u0161o serija. Tu\u0161o sud\u0117tyje yra da\u017e\u0173, ta\u010diau spalvos yra ma\u017eiau atsparios \u0161viesai nei juodo tu\u0161o, nes sud\u0117tyje n\u0117ra pigment\u0173 (i\u0161skyrus balt\u0105). Tinka naudoti ant \u012fvairi\u0173 pavir\u0161i\u0173, pavyzd\u017eiui, popieriaus, medienos, stiklo, molio, metalo ir t.t.<\/p>\n","protected":false},"featured_media":222768,"comment_status":"closed","ping_status":"closed","template":"","meta":{"_acf_changed":false,"ep_exclude_from_search":false},"product_cat":[235,15021,18926],"product_tag":[],"class_list":{"0":"post-214276","1":"product","2":"type-product","3":"status-publish","4":"has-post-thumbnail","6":"product_cat-mokyklines-prekes","7":"product_cat-klambriloojad","8":"product_cat-tapymo-priemones","10":"first","11":"instock","12":"sale","13":"taxable","14":"shipping-taxable","15":"purchasable","16":"product-type-variable"},"acf":[],"yoast_head":"<!-- This site is optimized with the Yoast SEO plugin v24.1 - https:\/\/yoast.com\/wordpress\/plugins\/seo\/ -->\n<title>Tu\u0161as L&amp;B Education 250ml &#8211; Skizze<\/title>\n<meta name=\"robots\" content=\"noindex, follow, max-snippet:-1, max-image-preview:large, max-video-preview:-1\" \/>\n<meta property=\"og:locale\" content=\"lt_LT\" \/>\n<meta property=\"og:type\" content=\"article\" \/>\n<meta property=\"og:title\" content=\"Tu\u0161as L&amp;B Education 250ml &#8211; Skizze\" \/>\n<meta property=\"og:description\" content=\"Ry\u0161ki\u0173 ir skaidri\u0173 spalv\u0173 pie\u0161imo tu\u0161o serija. Tu\u0161o sud\u0117tyje yra da\u017e\u0173, ta\u010diau spalvos yra ma\u017eiau atsparios \u0161viesai nei juodo tu\u0161o, nes sud\u0117tyje n\u0117ra pigment\u0173 (i\u0161skyrus balt\u0105). Tinka naudoti ant \u012fvairi\u0173 pavir\u0161i\u0173, pavyzd\u017eiui, popieriaus, medienos, stiklo, molio, metalo ir t.t.\" \/>\n<meta property=\"og:url\" content=\"https:\/\/hobstop.ee\/lt\/produktas\/tusas-lb-education-250ml\/\" \/>\n<meta property=\"og:site_name\" content=\"Skizze\" \/>\n<meta property=\"article:publisher\" content=\"http:\/\/www.facebook.com\/VunderSkizze\" \/>\n<meta property=\"article:modified_time\" content=\"2015-09-09T12:30:24+00:00\" \/>\n<meta property=\"og:image\" content=\"https:\/\/hobstop.ee\/media\/2142.jpg\" \/>\n\t<meta property=\"og:image:width\" content=\"1024\" \/>\n\t<meta property=\"og:image:height\" content=\"768\" \/>\n\t<meta property=\"og:image:type\" content=\"image\/jpeg\" \/>\n<meta name=\"twitter:card\" content=\"summary_large_image\" \/>\n<script type=\"application\/ld+json\" class=\"yoast-schema-graph\">{\"@context\":\"https:\/\/schema.org\",\"@graph\":[{\"@type\":\"WebPage\",\"@id\":\"https:\/\/hobstop.ee\/lt\/produktas\/tusas-lb-education-250ml\/\",\"url\":\"https:\/\/hobstop.ee\/lt\/produktas\/tusas-lb-education-250ml\/\",\"name\":\"Tu\u0161as L&B Education 250ml &#8211; Skizze\",\"isPartOf\":{\"@id\":\"https:\/\/hobstop.ee\/lt\/#website\"},\"primaryImageOfPage\":{\"@id\":\"https:\/\/hobstop.ee\/lt\/produktas\/tusas-lb-education-250ml\/#primaryimage\"},\"image\":{\"@id\":\"https:\/\/hobstop.ee\/lt\/produktas\/tusas-lb-education-250ml\/#primaryimage\"},\"thumbnailUrl\":\"https:\/\/hobstop.ee\/media\/2142.jpg\",\"datePublished\":\"2015-05-07T12:30:24+00:00\",\"dateModified\":\"2015-09-09T12:30:24+00:00\",\"breadcrumb\":{\"@id\":\"https:\/\/hobstop.ee\/lt\/produktas\/tusas-lb-education-250ml\/#breadcrumb\"},\"inLanguage\":\"lt\",\"potentialAction\":[{\"@type\":\"ReadAction\",\"target\":[\"https:\/\/hobstop.ee\/lt\/produktas\/tusas-lb-education-250ml\/\"]}]},{\"@type\":\"ImageObject\",\"inLanguage\":\"lt\",\"@id\":\"https:\/\/hobstop.ee\/lt\/produktas\/tusas-lb-education-250ml\/#primaryimage\",\"url\":\"https:\/\/hobstop.ee\/media\/2142.jpg\",\"contentUrl\":\"https:\/\/hobstop.ee\/media\/2142.jpg\",\"width\":1024,\"height\":768},{\"@type\":\"BreadcrumbList\",\"@id\":\"https:\/\/hobstop.ee\/lt\/produktas\/tusas-lb-education-250ml\/#breadcrumb\",\"itemListElement\":[{\"@type\":\"ListItem\",\"position\":1,\"name\":\"Avaleht\",\"item\":\"https:\/\/hobstop.ee\/lt\/\"},{\"@type\":\"ListItem\",\"position\":2,\"name\":\"Parduotuv\u0117\",\"item\":\"https:\/\/hobstop.ee\/lt\/parduotuve\/\"},{\"@type\":\"ListItem\",\"position\":3,\"name\":\"Tu\u0161as L&#038;B Education 250ml\"}]},{\"@type\":\"WebSite\",\"@id\":\"https:\/\/hobstop.ee\/lt\/#website\",\"url\":\"https:\/\/hobstop.ee\/lt\/\",\"name\":\"Skizze\",\"description\":\"Dail\u0117s, pom\u0117gi\u0173 ir mokykliniai reikm\u0117nys\",\"publisher\":{\"@id\":\"https:\/\/hobstop.ee\/lt\/#organization\"},\"potentialAction\":[{\"@type\":\"SearchAction\",\"target\":{\"@type\":\"EntryPoint\",\"urlTemplate\":\"https:\/\/hobstop.ee\/lt\/?s={search_term_string}\"},\"query-input\":{\"@type\":\"PropertyValueSpecification\",\"valueRequired\":true,\"valueName\":\"search_term_string\"}}],\"inLanguage\":\"lt\"},{\"@type\":\"Organization\",\"@id\":\"https:\/\/hobstop.ee\/lt\/#organization\",\"name\":\"Vunder AS\",\"url\":\"https:\/\/hobstop.ee\/lt\/\",\"logo\":{\"@type\":\"ImageObject\",\"inLanguage\":\"lt\",\"@id\":\"https:\/\/hobstop.ee\/lt\/#\/schema\/logo\/image\/\",\"url\":\"https:\/\/hobstop.ee\/media\/vunder-logo.png\",\"contentUrl\":\"https:\/\/hobstop.ee\/media\/vunder-logo.png\",\"width\":127,\"height\":55,\"caption\":\"Vunder AS\"},\"image\":{\"@id\":\"https:\/\/hobstop.ee\/lt\/#\/schema\/logo\/image\/\"},\"sameAs\":[\"http:\/\/www.facebook.com\/VunderSkizze\"]}]}<\/script>\n<!-- \/ Yoast SEO plugin. -->","yoast_head_json":{"title":"Tu\u0161as L&B Education 250ml &#8211; Skizze","robots":{"index":"noindex","follow":"follow","max-snippet":"max-snippet:-1","max-image-preview":"max-image-preview:large","max-video-preview":"max-video-preview:-1"},"og_locale":"lt_LT","og_type":"article","og_title":"Tu\u0161as L&B Education 250ml &#8211; Skizze","og_description":"Ry\u0161ki\u0173 ir skaidri\u0173 spalv\u0173 pie\u0161imo tu\u0161o serija. Tu\u0161o sud\u0117tyje yra da\u017e\u0173, ta\u010diau spalvos yra ma\u017eiau atsparios \u0161viesai nei juodo tu\u0161o, nes sud\u0117tyje n\u0117ra pigment\u0173 (i\u0161skyrus balt\u0105). Tinka naudoti ant \u012fvairi\u0173 pavir\u0161i\u0173, pavyzd\u017eiui, popieriaus, medienos, stiklo, molio, metalo ir t.t.","og_url":"https:\/\/hobstop.ee\/lt\/produktas\/tusas-lb-education-250ml\/","og_site_name":"Skizze","article_publisher":"http:\/\/www.facebook.com\/VunderSkizze","article_modified_time":"2015-09-09T12:30:24+00:00","og_image":[{"width":1024,"height":768,"url":"https:\/\/hobstop.ee\/media\/2142.jpg","type":"image\/jpeg"}],"twitter_card":"summary_large_image","schema":{"@context":"https:\/\/schema.org","@graph":[{"@type":"WebPage","@id":"https:\/\/hobstop.ee\/lt\/produktas\/tusas-lb-education-250ml\/","url":"https:\/\/hobstop.ee\/lt\/produktas\/tusas-lb-education-250ml\/","name":"Tu\u0161as L&B Education 250ml &#8211; Skizze","isPartOf":{"@id":"https:\/\/hobstop.ee\/lt\/#website"},"primaryImageOfPage":{"@id":"https:\/\/hobstop.ee\/lt\/produktas\/tusas-lb-education-250ml\/#primaryimage"},"image":{"@id":"https:\/\/hobstop.ee\/lt\/produktas\/tusas-lb-education-250ml\/#primaryimage"},"thumbnailUrl":"https:\/\/hobstop.ee\/media\/2142.jpg","datePublished":"2015-05-07T12:30:24+00:00","dateModified":"2015-09-09T12:30:24+00:00","breadcrumb":{"@id":"https:\/\/hobstop.ee\/lt\/produktas\/tusas-lb-education-250ml\/#breadcrumb"},"inLanguage":"lt","potentialAction":[{"@type":"ReadAction","target":["https:\/\/hobstop.ee\/lt\/produktas\/tusas-lb-education-250ml\/"]}]},{"@type":"ImageObject","inLanguage":"lt","@id":"https:\/\/hobstop.ee\/lt\/produktas\/tusas-lb-education-250ml\/#primaryimage","url":"https:\/\/hobstop.ee\/media\/2142.jpg","contentUrl":"https:\/\/hobstop.ee\/media\/2142.jpg","width":1024,"height":768},{"@type":"BreadcrumbList","@id":"https:\/\/hobstop.ee\/lt\/produktas\/tusas-lb-education-250ml\/#breadcrumb","itemListElement":[{"@type":"ListItem","position":1,"name":"Avaleht","item":"https:\/\/hobstop.ee\/lt\/"},{"@type":"ListItem","position":2,"name":"Parduotuv\u0117","item":"https:\/\/hobstop.ee\/lt\/parduotuve\/"},{"@type":"ListItem","position":3,"name":"Tu\u0161as L&#038;B Education 250ml"}]},{"@type":"WebSite","@id":"https:\/\/hobstop.ee\/lt\/#website","url":"https:\/\/hobstop.ee\/lt\/","name":"Skizze","description":"Dail\u0117s, pom\u0117gi\u0173 ir mokykliniai reikm\u0117nys","publisher":{"@id":"https:\/\/hobstop.ee\/lt\/#organization"},"potentialAction":[{"@type":"SearchAction","target":{"@type":"EntryPoint","urlTemplate":"https:\/\/hobstop.ee\/lt\/?s={search_term_string}"},"query-input":{"@type":"PropertyValueSpecification","valueRequired":true,"valueName":"search_term_string"}}],"inLanguage":"lt"},{"@type":"Organization","@id":"https:\/\/hobstop.ee\/lt\/#organization","name":"Vunder AS","url":"https:\/\/hobstop.ee\/lt\/","logo":{"@type":"ImageObject","inLanguage":"lt","@id":"https:\/\/hobstop.ee\/lt\/#\/schema\/logo\/image\/","url":"https:\/\/hobstop.ee\/media\/vunder-logo.png","contentUrl":"https:\/\/hobstop.ee\/media\/vunder-logo.png","width":127,"height":55,"caption":"Vunder AS"},"image":{"@id":"https:\/\/hobstop.ee\/lt\/#\/schema\/logo\/image\/"},"sameAs":["http:\/\/www.facebook.com\/VunderSkizze"]}]}},"_links":{"self":[{"href":"https:\/\/hobstop.ee\/lt\/wp-json\/wp\/v2\/product\/214276","targetHints":{"allow":["GET"]}}],"collection":[{"href":"https:\/\/hobstop.ee\/lt\/wp-json\/wp\/v2\/product"}],"about":[{"href":"https:\/\/hobstop.ee\/lt\/wp-json\/wp\/v2\/types\/product"}],"replies":[{"embeddable":true,"href":"https:\/\/hobstop.ee\/lt\/wp-json\/wp\/v2\/comments?post=214276"}],"wp:featuredmedia":[{"embeddable":true,"href":"https:\/\/hobstop.ee\/lt\/wp-json\/wp\/v2\/media\/222768"}],"wp:attachment":[{"href":"https:\/\/hobstop.ee\/lt\/wp-json\/wp\/v2\/media?parent=214276"}],"wp:term":[{"taxonomy":"product_cat","embeddable":true,"href":"https:\/\/hobstop.ee\/lt\/wp-json\/wp\/v2\/product_cat?post=214276"},{"taxonomy":"product_tag","embeddable":true,"href":"https:\/\/hobstop.ee\/lt\/wp-json\/wp\/v2\/product_tag?post=214276"}],"curies":[{"name":"wp","href":"https:\/\/api.w.org\/{rel}","templated":true}]}}