{"id":22753,"date":"2014-12-09T12:46:08","date_gmt":"2014-12-09T10:46:08","guid":{"rendered":"https:\/\/sharks.ee\/vunder_2019.klient.veebimajutus.ee\/?post_type=product&#038;p=22753"},"modified":"2014-12-09T12:46:08","modified_gmt":"2014-12-09T10:46:08","slug":"speciali-priemone-lakas-akriliniams-dazams-liquitex-blizgus","status":"publish","type":"product","link":"https:\/\/hobstop.ee\/lt\/produktas\/speciali-priemone-lakas-akriliniams-dazams-liquitex-blizgus\/","title":{"rendered":"Speciali priemon\u0117-lakas akriliniams da\u017eams Liquitex blizgus"},"content":{"rendered":"<p>Blizgus \u201eLiquitex\u201c lakas yra universalus akrilini\u0173 da\u017e\u0173 priedas. J\u012f galima naudoti kaip lak\u0105 arba blizg\u0173 pried\u0105. Padidina da\u017e\u0173 sukibim\u0105 su pavir\u0161iumi ir spalv\u0173 intensyvum\u0105. Naudojamas kaip lakas, ant pavir\u0161iaus sudaro tvirt\u0105, vientis\u0105 ir nenud\u0117vim\u0105 blizg\u0173 apsaugin\u012f sluoksn\u012f.<\/p>\n","protected":false},"excerpt":{"rendered":"<p>Blizgus \u201eLiquitex\u201c lakas yra universalus akrilini\u0173 da\u017e\u0173 priedas. J\u012f galima naudoti kaip lak\u0105 arba blizg\u0173 pried\u0105. Padidina da\u017e\u0173 sukibim\u0105 su pavir\u0161iumi ir spalv\u0173 intensyvum\u0105. Naudojamas kaip lakas, ant pavir\u0161iaus sudaro tvirt\u0105, vientis\u0105 ir nenud\u0117vim\u0105 blizg\u0173 apsaugin\u012f sluoksn\u012f.<\/p>\n","protected":false},"featured_media":353828,"comment_status":"closed","ping_status":"closed","template":"","meta":{"_acf_changed":false,"ep_exclude_from_search":false},"product_cat":[18998,16124,17981],"product_tag":[],"class_list":{"0":"post-22753","1":"product","2":"type-product","3":"status-publish","4":"has-post-thumbnail","6":"product_cat-akriliniu-dazu-priedai-2","7":"product_cat-dailes-prekes","8":"product_cat-dazai-ir-priedai-tapybai","10":"first","11":"outofstock","12":"taxable","13":"shipping-taxable","14":"purchasable","15":"product-type-variable"},"acf":[],"yoast_head":"<!-- This site is optimized with the Yoast SEO plugin v24.1 - https:\/\/yoast.com\/wordpress\/plugins\/seo\/ -->\n<title>Speciali priemon\u0117-lakas akriliniams da\u017eams Liquitex blizgus &#8211; Skizze<\/title>\n<meta name=\"robots\" content=\"noindex, follow, max-snippet:-1, max-image-preview:large, max-video-preview:-1\" \/>\n<meta property=\"og:locale\" content=\"lt_LT\" \/>\n<meta property=\"og:type\" content=\"article\" \/>\n<meta property=\"og:title\" content=\"Speciali priemon\u0117-lakas akriliniams da\u017eams Liquitex blizgus &#8211; Skizze\" \/>\n<meta property=\"og:description\" content=\"Blizgus \u201eLiquitex\u201c lakas yra universalus akrilini\u0173 da\u017e\u0173 priedas. J\u012f galima naudoti kaip lak\u0105 arba blizg\u0173 pried\u0105. Padidina da\u017e\u0173 sukibim\u0105 su pavir\u0161iumi ir spalv\u0173 intensyvum\u0105. Naudojamas kaip lakas, ant pavir\u0161iaus sudaro tvirt\u0105, vientis\u0105 ir nenud\u0117vim\u0105 blizg\u0173 apsaugin\u012f sluoksn\u012f.\" \/>\n<meta property=\"og:url\" content=\"https:\/\/hobstop.ee\/lt\/produktas\/speciali-priemone-lakas-akriliniams-dazams-liquitex-blizgus\/\" \/>\n<meta property=\"og:site_name\" content=\"Skizze\" \/>\n<meta property=\"article:publisher\" content=\"http:\/\/www.facebook.com\/VunderSkizze\" \/>\n<meta property=\"og:image\" content=\"https:\/\/hobstop.ee\/media\/76.jpg\" \/>\n\t<meta property=\"og:image:width\" content=\"1024\" \/>\n\t<meta property=\"og:image:height\" content=\"768\" \/>\n\t<meta property=\"og:image:type\" content=\"image\/jpeg\" \/>\n<meta name=\"twitter:card\" content=\"summary_large_image\" \/>\n<script type=\"application\/ld+json\" class=\"yoast-schema-graph\">{\"@context\":\"https:\/\/schema.org\",\"@graph\":[{\"@type\":\"WebPage\",\"@id\":\"https:\/\/hobstop.ee\/lt\/produktas\/speciali-priemone-lakas-akriliniams-dazams-liquitex-blizgus\/\",\"url\":\"https:\/\/hobstop.ee\/lt\/produktas\/speciali-priemone-lakas-akriliniams-dazams-liquitex-blizgus\/\",\"name\":\"Speciali priemon\u0117-lakas akriliniams da\u017eams Liquitex blizgus &#8211; Skizze\",\"isPartOf\":{\"@id\":\"https:\/\/hobstop.ee\/lt\/#website\"},\"primaryImageOfPage\":{\"@id\":\"https:\/\/hobstop.ee\/lt\/produktas\/speciali-priemone-lakas-akriliniams-dazams-liquitex-blizgus\/#primaryimage\"},\"image\":{\"@id\":\"https:\/\/hobstop.ee\/lt\/produktas\/speciali-priemone-lakas-akriliniams-dazams-liquitex-blizgus\/#primaryimage\"},\"thumbnailUrl\":\"https:\/\/hobstop.ee\/media\/76.jpg\",\"datePublished\":\"2014-12-09T10:46:08+00:00\",\"dateModified\":\"2014-12-09T10:46:08+00:00\",\"breadcrumb\":{\"@id\":\"https:\/\/hobstop.ee\/lt\/produktas\/speciali-priemone-lakas-akriliniams-dazams-liquitex-blizgus\/#breadcrumb\"},\"inLanguage\":\"lt\",\"potentialAction\":[{\"@type\":\"ReadAction\",\"target\":[\"https:\/\/hobstop.ee\/lt\/produktas\/speciali-priemone-lakas-akriliniams-dazams-liquitex-blizgus\/\"]}]},{\"@type\":\"ImageObject\",\"inLanguage\":\"lt\",\"@id\":\"https:\/\/hobstop.ee\/lt\/produktas\/speciali-priemone-lakas-akriliniams-dazams-liquitex-blizgus\/#primaryimage\",\"url\":\"https:\/\/hobstop.ee\/media\/76.jpg\",\"contentUrl\":\"https:\/\/hobstop.ee\/media\/76.jpg\",\"width\":1024,\"height\":768},{\"@type\":\"BreadcrumbList\",\"@id\":\"https:\/\/hobstop.ee\/lt\/produktas\/speciali-priemone-lakas-akriliniams-dazams-liquitex-blizgus\/#breadcrumb\",\"itemListElement\":[{\"@type\":\"ListItem\",\"position\":1,\"name\":\"Avaleht\",\"item\":\"https:\/\/hobstop.ee\/lt\/\"},{\"@type\":\"ListItem\",\"position\":2,\"name\":\"Parduotuv\u0117\",\"item\":\"https:\/\/hobstop.ee\/lt\/parduotuve\/\"},{\"@type\":\"ListItem\",\"position\":3,\"name\":\"Speciali priemon\u0117-lakas akriliniams da\u017eams Liquitex blizgus\"}]},{\"@type\":\"WebSite\",\"@id\":\"https:\/\/hobstop.ee\/lt\/#website\",\"url\":\"https:\/\/hobstop.ee\/lt\/\",\"name\":\"Skizze\",\"description\":\"Dail\u0117s, pom\u0117gi\u0173 ir mokykliniai reikm\u0117nys\",\"publisher\":{\"@id\":\"https:\/\/hobstop.ee\/lt\/#organization\"},\"potentialAction\":[{\"@type\":\"SearchAction\",\"target\":{\"@type\":\"EntryPoint\",\"urlTemplate\":\"https:\/\/hobstop.ee\/lt\/?s={search_term_string}\"},\"query-input\":{\"@type\":\"PropertyValueSpecification\",\"valueRequired\":true,\"valueName\":\"search_term_string\"}}],\"inLanguage\":\"lt\"},{\"@type\":\"Organization\",\"@id\":\"https:\/\/hobstop.ee\/lt\/#organization\",\"name\":\"Vunder AS\",\"url\":\"https:\/\/hobstop.ee\/lt\/\",\"logo\":{\"@type\":\"ImageObject\",\"inLanguage\":\"lt\",\"@id\":\"https:\/\/hobstop.ee\/lt\/#\/schema\/logo\/image\/\",\"url\":\"https:\/\/hobstop.ee\/media\/vunder-logo.png\",\"contentUrl\":\"https:\/\/hobstop.ee\/media\/vunder-logo.png\",\"width\":127,\"height\":55,\"caption\":\"Vunder AS\"},\"image\":{\"@id\":\"https:\/\/hobstop.ee\/lt\/#\/schema\/logo\/image\/\"},\"sameAs\":[\"http:\/\/www.facebook.com\/VunderSkizze\"]}]}<\/script>\n<!-- \/ Yoast SEO plugin. -->","yoast_head_json":{"title":"Speciali priemon\u0117-lakas akriliniams da\u017eams Liquitex blizgus &#8211; Skizze","robots":{"index":"noindex","follow":"follow","max-snippet":"max-snippet:-1","max-image-preview":"max-image-preview:large","max-video-preview":"max-video-preview:-1"},"og_locale":"lt_LT","og_type":"article","og_title":"Speciali priemon\u0117-lakas akriliniams da\u017eams Liquitex blizgus &#8211; Skizze","og_description":"Blizgus \u201eLiquitex\u201c lakas yra universalus akrilini\u0173 da\u017e\u0173 priedas. J\u012f galima naudoti kaip lak\u0105 arba blizg\u0173 pried\u0105. Padidina da\u017e\u0173 sukibim\u0105 su pavir\u0161iumi ir spalv\u0173 intensyvum\u0105. Naudojamas kaip lakas, ant pavir\u0161iaus sudaro tvirt\u0105, vientis\u0105 ir nenud\u0117vim\u0105 blizg\u0173 apsaugin\u012f sluoksn\u012f.","og_url":"https:\/\/hobstop.ee\/lt\/produktas\/speciali-priemone-lakas-akriliniams-dazams-liquitex-blizgus\/","og_site_name":"Skizze","article_publisher":"http:\/\/www.facebook.com\/VunderSkizze","og_image":[{"width":1024,"height":768,"url":"https:\/\/hobstop.ee\/media\/76.jpg","type":"image\/jpeg"}],"twitter_card":"summary_large_image","schema":{"@context":"https:\/\/schema.org","@graph":[{"@type":"WebPage","@id":"https:\/\/hobstop.ee\/lt\/produktas\/speciali-priemone-lakas-akriliniams-dazams-liquitex-blizgus\/","url":"https:\/\/hobstop.ee\/lt\/produktas\/speciali-priemone-lakas-akriliniams-dazams-liquitex-blizgus\/","name":"Speciali priemon\u0117-lakas akriliniams da\u017eams Liquitex blizgus &#8211; Skizze","isPartOf":{"@id":"https:\/\/hobstop.ee\/lt\/#website"},"primaryImageOfPage":{"@id":"https:\/\/hobstop.ee\/lt\/produktas\/speciali-priemone-lakas-akriliniams-dazams-liquitex-blizgus\/#primaryimage"},"image":{"@id":"https:\/\/hobstop.ee\/lt\/produktas\/speciali-priemone-lakas-akriliniams-dazams-liquitex-blizgus\/#primaryimage"},"thumbnailUrl":"https:\/\/hobstop.ee\/media\/76.jpg","datePublished":"2014-12-09T10:46:08+00:00","dateModified":"2014-12-09T10:46:08+00:00","breadcrumb":{"@id":"https:\/\/hobstop.ee\/lt\/produktas\/speciali-priemone-lakas-akriliniams-dazams-liquitex-blizgus\/#breadcrumb"},"inLanguage":"lt","potentialAction":[{"@type":"ReadAction","target":["https:\/\/hobstop.ee\/lt\/produktas\/speciali-priemone-lakas-akriliniams-dazams-liquitex-blizgus\/"]}]},{"@type":"ImageObject","inLanguage":"lt","@id":"https:\/\/hobstop.ee\/lt\/produktas\/speciali-priemone-lakas-akriliniams-dazams-liquitex-blizgus\/#primaryimage","url":"https:\/\/hobstop.ee\/media\/76.jpg","contentUrl":"https:\/\/hobstop.ee\/media\/76.jpg","width":1024,"height":768},{"@type":"BreadcrumbList","@id":"https:\/\/hobstop.ee\/lt\/produktas\/speciali-priemone-lakas-akriliniams-dazams-liquitex-blizgus\/#breadcrumb","itemListElement":[{"@type":"ListItem","position":1,"name":"Avaleht","item":"https:\/\/hobstop.ee\/lt\/"},{"@type":"ListItem","position":2,"name":"Parduotuv\u0117","item":"https:\/\/hobstop.ee\/lt\/parduotuve\/"},{"@type":"ListItem","position":3,"name":"Speciali priemon\u0117-lakas akriliniams da\u017eams Liquitex blizgus"}]},{"@type":"WebSite","@id":"https:\/\/hobstop.ee\/lt\/#website","url":"https:\/\/hobstop.ee\/lt\/","name":"Skizze","description":"Dail\u0117s, pom\u0117gi\u0173 ir mokykliniai reikm\u0117nys","publisher":{"@id":"https:\/\/hobstop.ee\/lt\/#organization"},"potentialAction":[{"@type":"SearchAction","target":{"@type":"EntryPoint","urlTemplate":"https:\/\/hobstop.ee\/lt\/?s={search_term_string}"},"query-input":{"@type":"PropertyValueSpecification","valueRequired":true,"valueName":"search_term_string"}}],"inLanguage":"lt"},{"@type":"Organization","@id":"https:\/\/hobstop.ee\/lt\/#organization","name":"Vunder AS","url":"https:\/\/hobstop.ee\/lt\/","logo":{"@type":"ImageObject","inLanguage":"lt","@id":"https:\/\/hobstop.ee\/lt\/#\/schema\/logo\/image\/","url":"https:\/\/hobstop.ee\/media\/vunder-logo.png","contentUrl":"https:\/\/hobstop.ee\/media\/vunder-logo.png","width":127,"height":55,"caption":"Vunder AS"},"image":{"@id":"https:\/\/hobstop.ee\/lt\/#\/schema\/logo\/image\/"},"sameAs":["http:\/\/www.facebook.com\/VunderSkizze"]}]}},"_links":{"self":[{"href":"https:\/\/hobstop.ee\/lt\/wp-json\/wp\/v2\/product\/22753","targetHints":{"allow":["GET"]}}],"collection":[{"href":"https:\/\/hobstop.ee\/lt\/wp-json\/wp\/v2\/product"}],"about":[{"href":"https:\/\/hobstop.ee\/lt\/wp-json\/wp\/v2\/types\/product"}],"replies":[{"embeddable":true,"href":"https:\/\/hobstop.ee\/lt\/wp-json\/wp\/v2\/comments?post=22753"}],"wp:featuredmedia":[{"embeddable":true,"href":"https:\/\/hobstop.ee\/lt\/wp-json\/wp\/v2\/media\/353828"}],"wp:attachment":[{"href":"https:\/\/hobstop.ee\/lt\/wp-json\/wp\/v2\/media?parent=22753"}],"wp:term":[{"taxonomy":"product_cat","embeddable":true,"href":"https:\/\/hobstop.ee\/lt\/wp-json\/wp\/v2\/product_cat?post=22753"},{"taxonomy":"product_tag","embeddable":true,"href":"https:\/\/hobstop.ee\/lt\/wp-json\/wp\/v2\/product_tag?post=22753"}],"curies":[{"name":"wp","href":"https:\/\/api.w.org\/{rel}","templated":true}]}}