{"id":22755,"date":"2014-12-09T12:46:09","date_gmt":"2014-12-09T10:46:09","guid":{"rendered":"https:\/\/sharks.ee\/vunder_2019.klient.veebimajutus.ee\/?post_type=product&#038;p=22755"},"modified":"2014-12-09T12:46:09","modified_gmt":"2014-12-09T10:46:09","slug":"modeliavimo-pasta-akriliniams-dazams-liquitex","status":"publish","type":"product","link":"https:\/\/hobstop.ee\/lt\/produktas\/modeliavimo-pasta-akriliniams-dazams-liquitex\/","title":{"rendered":"Modeliavimo pasta akriliniams da\u017eams Liquitex"},"content":{"rendered":"<p>Tir\u0161ta, matin\u0117, neskaidri modeliavimo pasta \u201eLiquitex\u201c. Sud\u0117tyje yra marmuro dulki\u0173 ir polimer\u0173 emulsijos. Pasta ant kieto pavir\u0161iaus galima sukurti storus reljefinius ornamentus. Dr\u0117gnos pastos konsistencija yra pana\u0161i \u012f mol\u012f, d\u017ei\u016bdama kiet\u0117ja. Past\u0105 galima \u012fmai\u0161yti \u012f da\u017eus ar naudoti kaip pagrind\u0105, ji labai tinka strukt\u016briniams pavir\u0161iams sukurti aliejiniais da\u017eais tapytuose, akvarele ar pastele, pie\u0161tukais pie\u0161tuose paveiksluose ir pie\u0161iniuose. I\u0161d\u017eiuvusius pavir\u0161ius galima \u0161lifuoti, graviruoti ir gr\u0119\u017eti. Naudoti tik ant tvirt\u0173 ir kiet\u0173 pavir\u0161i\u0173.<\/p>\n","protected":false},"excerpt":{"rendered":"<p>Tir\u0161ta, matin\u0117, neskaidri modeliavimo pasta \u201eLiquitex\u201c. Sud\u0117tyje yra marmuro dulki\u0173 ir polimer\u0173 emulsijos. Pasta ant kieto pavir\u0161iaus galima sukurti storus reljefinius ornamentus. Dr\u0117gnos pastos konsistencija yra pana\u0161i \u012f mol\u012f, d\u017ei\u016bdama kiet\u0117ja. Past\u0105 galima \u012fmai\u0161yti \u012f da\u017eus ar naudoti kaip pagrind\u0105, ji labai tinka strukt\u016briniams pavir\u0161iams sukurti aliejiniais da\u017eais tapytuose, akvarele ar pastele, pie\u0161tukais pie\u0161tuose paveiksluose ir pie\u0161iniuose. I\u0161d\u017eiuvusius pavir\u0161ius galima \u0161lifuoti, graviruoti ir gr\u0119\u017eti. Naudoti tik ant tvirt\u0173 ir kiet\u0173 pavir\u0161i\u0173.<\/p>\n","protected":false},"featured_media":353832,"comment_status":"closed","ping_status":"closed","template":"","meta":{"_acf_changed":false,"ep_exclude_from_search":false},"product_cat":[18998,16124,17981],"product_tag":[],"class_list":{"0":"post-22755","1":"product","2":"type-product","3":"status-publish","4":"has-post-thumbnail","6":"product_cat-akriliniu-dazu-priedai-2","7":"product_cat-dailes-prekes","8":"product_cat-dazai-ir-priedai-tapybai","10":"first","11":"outofstock","12":"taxable","13":"shipping-taxable","14":"purchasable","15":"product-type-variable"},"acf":[],"yoast_head":"<!-- This site is optimized with the Yoast SEO plugin v24.1 - https:\/\/yoast.com\/wordpress\/plugins\/seo\/ -->\n<title>Modeliavimo pasta akriliniams da\u017eams Liquitex &#8211; Skizze<\/title>\n<meta name=\"robots\" content=\"noindex, follow, max-snippet:-1, max-image-preview:large, max-video-preview:-1\" \/>\n<meta property=\"og:locale\" content=\"lt_LT\" \/>\n<meta property=\"og:type\" content=\"article\" \/>\n<meta property=\"og:title\" content=\"Modeliavimo pasta akriliniams da\u017eams Liquitex &#8211; Skizze\" \/>\n<meta property=\"og:description\" content=\"Tir\u0161ta, matin\u0117, neskaidri modeliavimo pasta \u201eLiquitex\u201c. Sud\u0117tyje yra marmuro dulki\u0173 ir polimer\u0173 emulsijos. Pasta ant kieto pavir\u0161iaus galima sukurti storus reljefinius ornamentus. Dr\u0117gnos pastos konsistencija yra pana\u0161i \u012f mol\u012f, d\u017ei\u016bdama kiet\u0117ja. Past\u0105 galima \u012fmai\u0161yti \u012f da\u017eus ar naudoti kaip pagrind\u0105, ji labai tinka strukt\u016briniams pavir\u0161iams sukurti aliejiniais da\u017eais tapytuose, akvarele ar pastele, pie\u0161tukais pie\u0161tuose paveiksluose ir pie\u0161iniuose. I\u0161d\u017eiuvusius pavir\u0161ius galima \u0161lifuoti, graviruoti ir gr\u0119\u017eti. Naudoti tik ant tvirt\u0173 ir kiet\u0173 pavir\u0161i\u0173.\" \/>\n<meta property=\"og:url\" content=\"https:\/\/hobstop.ee\/lt\/produktas\/modeliavimo-pasta-akriliniams-dazams-liquitex\/\" \/>\n<meta property=\"og:site_name\" content=\"Skizze\" \/>\n<meta property=\"article:publisher\" content=\"http:\/\/www.facebook.com\/VunderSkizze\" \/>\n<meta property=\"og:image\" content=\"https:\/\/hobstop.ee\/media\/77.jpg\" \/>\n\t<meta property=\"og:image:width\" content=\"1024\" \/>\n\t<meta property=\"og:image:height\" content=\"768\" \/>\n\t<meta property=\"og:image:type\" content=\"image\/jpeg\" \/>\n<meta name=\"twitter:card\" content=\"summary_large_image\" \/>\n<script type=\"application\/ld+json\" class=\"yoast-schema-graph\">{\"@context\":\"https:\/\/schema.org\",\"@graph\":[{\"@type\":\"WebPage\",\"@id\":\"https:\/\/hobstop.ee\/lt\/produktas\/modeliavimo-pasta-akriliniams-dazams-liquitex\/\",\"url\":\"https:\/\/hobstop.ee\/lt\/produktas\/modeliavimo-pasta-akriliniams-dazams-liquitex\/\",\"name\":\"Modeliavimo pasta akriliniams da\u017eams Liquitex &#8211; Skizze\",\"isPartOf\":{\"@id\":\"https:\/\/www.hobstop.ee\/lt\/#website\"},\"primaryImageOfPage\":{\"@id\":\"https:\/\/hobstop.ee\/lt\/produktas\/modeliavimo-pasta-akriliniams-dazams-liquitex\/#primaryimage\"},\"image\":{\"@id\":\"https:\/\/hobstop.ee\/lt\/produktas\/modeliavimo-pasta-akriliniams-dazams-liquitex\/#primaryimage\"},\"thumbnailUrl\":\"https:\/\/hobstop.ee\/media\/77.jpg\",\"datePublished\":\"2014-12-09T10:46:09+00:00\",\"dateModified\":\"2014-12-09T10:46:09+00:00\",\"breadcrumb\":{\"@id\":\"https:\/\/hobstop.ee\/lt\/produktas\/modeliavimo-pasta-akriliniams-dazams-liquitex\/#breadcrumb\"},\"inLanguage\":\"lt\",\"potentialAction\":[{\"@type\":\"ReadAction\",\"target\":[\"https:\/\/hobstop.ee\/lt\/produktas\/modeliavimo-pasta-akriliniams-dazams-liquitex\/\"]}]},{\"@type\":\"ImageObject\",\"inLanguage\":\"lt\",\"@id\":\"https:\/\/hobstop.ee\/lt\/produktas\/modeliavimo-pasta-akriliniams-dazams-liquitex\/#primaryimage\",\"url\":\"https:\/\/hobstop.ee\/media\/77.jpg\",\"contentUrl\":\"https:\/\/hobstop.ee\/media\/77.jpg\",\"width\":1024,\"height\":768},{\"@type\":\"BreadcrumbList\",\"@id\":\"https:\/\/hobstop.ee\/lt\/produktas\/modeliavimo-pasta-akriliniams-dazams-liquitex\/#breadcrumb\",\"itemListElement\":[{\"@type\":\"ListItem\",\"position\":1,\"name\":\"Avaleht\",\"item\":\"https:\/\/hobstop.ee\/lt\/\"},{\"@type\":\"ListItem\",\"position\":2,\"name\":\"Parduotuv\u0117\",\"item\":\"https:\/\/www.hobstop.ee\/lt\/parduotuve\/\"},{\"@type\":\"ListItem\",\"position\":3,\"name\":\"Modeliavimo pasta akriliniams da\u017eams Liquitex\"}]},{\"@type\":\"WebSite\",\"@id\":\"https:\/\/www.hobstop.ee\/lt\/#website\",\"url\":\"https:\/\/www.hobstop.ee\/lt\/\",\"name\":\"Skizze\",\"description\":\"Dail\u0117s, pom\u0117gi\u0173 ir mokykliniai reikm\u0117nys\",\"publisher\":{\"@id\":\"https:\/\/www.hobstop.ee\/lt\/#organization\"},\"potentialAction\":[{\"@type\":\"SearchAction\",\"target\":{\"@type\":\"EntryPoint\",\"urlTemplate\":\"https:\/\/www.hobstop.ee\/lt\/?s={search_term_string}\"},\"query-input\":{\"@type\":\"PropertyValueSpecification\",\"valueRequired\":true,\"valueName\":\"search_term_string\"}}],\"inLanguage\":\"lt\"},{\"@type\":\"Organization\",\"@id\":\"https:\/\/www.hobstop.ee\/lt\/#organization\",\"name\":\"Vunder AS\",\"url\":\"https:\/\/www.hobstop.ee\/lt\/\",\"logo\":{\"@type\":\"ImageObject\",\"inLanguage\":\"lt\",\"@id\":\"https:\/\/www.hobstop.ee\/lt\/#\/schema\/logo\/image\/\",\"url\":\"https:\/\/hobstop.ee\/media\/vunder-logo.png\",\"contentUrl\":\"https:\/\/hobstop.ee\/media\/vunder-logo.png\",\"width\":127,\"height\":55,\"caption\":\"Vunder AS\"},\"image\":{\"@id\":\"https:\/\/www.hobstop.ee\/lt\/#\/schema\/logo\/image\/\"},\"sameAs\":[\"http:\/\/www.facebook.com\/VunderSkizze\"]}]}<\/script>\n<!-- \/ Yoast SEO plugin. -->","yoast_head_json":{"title":"Modeliavimo pasta akriliniams da\u017eams Liquitex &#8211; Skizze","robots":{"index":"noindex","follow":"follow","max-snippet":"max-snippet:-1","max-image-preview":"max-image-preview:large","max-video-preview":"max-video-preview:-1"},"og_locale":"lt_LT","og_type":"article","og_title":"Modeliavimo pasta akriliniams da\u017eams Liquitex &#8211; Skizze","og_description":"Tir\u0161ta, matin\u0117, neskaidri modeliavimo pasta \u201eLiquitex\u201c. Sud\u0117tyje yra marmuro dulki\u0173 ir polimer\u0173 emulsijos. Pasta ant kieto pavir\u0161iaus galima sukurti storus reljefinius ornamentus. Dr\u0117gnos pastos konsistencija yra pana\u0161i \u012f mol\u012f, d\u017ei\u016bdama kiet\u0117ja. Past\u0105 galima \u012fmai\u0161yti \u012f da\u017eus ar naudoti kaip pagrind\u0105, ji labai tinka strukt\u016briniams pavir\u0161iams sukurti aliejiniais da\u017eais tapytuose, akvarele ar pastele, pie\u0161tukais pie\u0161tuose paveiksluose ir pie\u0161iniuose. I\u0161d\u017eiuvusius pavir\u0161ius galima \u0161lifuoti, graviruoti ir gr\u0119\u017eti. Naudoti tik ant tvirt\u0173 ir kiet\u0173 pavir\u0161i\u0173.","og_url":"https:\/\/hobstop.ee\/lt\/produktas\/modeliavimo-pasta-akriliniams-dazams-liquitex\/","og_site_name":"Skizze","article_publisher":"http:\/\/www.facebook.com\/VunderSkizze","og_image":[{"width":1024,"height":768,"url":"https:\/\/hobstop.ee\/media\/77.jpg","type":"image\/jpeg"}],"twitter_card":"summary_large_image","schema":{"@context":"https:\/\/schema.org","@graph":[{"@type":"WebPage","@id":"https:\/\/hobstop.ee\/lt\/produktas\/modeliavimo-pasta-akriliniams-dazams-liquitex\/","url":"https:\/\/hobstop.ee\/lt\/produktas\/modeliavimo-pasta-akriliniams-dazams-liquitex\/","name":"Modeliavimo pasta akriliniams da\u017eams Liquitex &#8211; Skizze","isPartOf":{"@id":"https:\/\/www.hobstop.ee\/lt\/#website"},"primaryImageOfPage":{"@id":"https:\/\/hobstop.ee\/lt\/produktas\/modeliavimo-pasta-akriliniams-dazams-liquitex\/#primaryimage"},"image":{"@id":"https:\/\/hobstop.ee\/lt\/produktas\/modeliavimo-pasta-akriliniams-dazams-liquitex\/#primaryimage"},"thumbnailUrl":"https:\/\/hobstop.ee\/media\/77.jpg","datePublished":"2014-12-09T10:46:09+00:00","dateModified":"2014-12-09T10:46:09+00:00","breadcrumb":{"@id":"https:\/\/hobstop.ee\/lt\/produktas\/modeliavimo-pasta-akriliniams-dazams-liquitex\/#breadcrumb"},"inLanguage":"lt","potentialAction":[{"@type":"ReadAction","target":["https:\/\/hobstop.ee\/lt\/produktas\/modeliavimo-pasta-akriliniams-dazams-liquitex\/"]}]},{"@type":"ImageObject","inLanguage":"lt","@id":"https:\/\/hobstop.ee\/lt\/produktas\/modeliavimo-pasta-akriliniams-dazams-liquitex\/#primaryimage","url":"https:\/\/hobstop.ee\/media\/77.jpg","contentUrl":"https:\/\/hobstop.ee\/media\/77.jpg","width":1024,"height":768},{"@type":"BreadcrumbList","@id":"https:\/\/hobstop.ee\/lt\/produktas\/modeliavimo-pasta-akriliniams-dazams-liquitex\/#breadcrumb","itemListElement":[{"@type":"ListItem","position":1,"name":"Avaleht","item":"https:\/\/hobstop.ee\/lt\/"},{"@type":"ListItem","position":2,"name":"Parduotuv\u0117","item":"https:\/\/www.hobstop.ee\/lt\/parduotuve\/"},{"@type":"ListItem","position":3,"name":"Modeliavimo pasta akriliniams da\u017eams Liquitex"}]},{"@type":"WebSite","@id":"https:\/\/www.hobstop.ee\/lt\/#website","url":"https:\/\/www.hobstop.ee\/lt\/","name":"Skizze","description":"Dail\u0117s, pom\u0117gi\u0173 ir mokykliniai reikm\u0117nys","publisher":{"@id":"https:\/\/www.hobstop.ee\/lt\/#organization"},"potentialAction":[{"@type":"SearchAction","target":{"@type":"EntryPoint","urlTemplate":"https:\/\/www.hobstop.ee\/lt\/?s={search_term_string}"},"query-input":{"@type":"PropertyValueSpecification","valueRequired":true,"valueName":"search_term_string"}}],"inLanguage":"lt"},{"@type":"Organization","@id":"https:\/\/www.hobstop.ee\/lt\/#organization","name":"Vunder AS","url":"https:\/\/www.hobstop.ee\/lt\/","logo":{"@type":"ImageObject","inLanguage":"lt","@id":"https:\/\/www.hobstop.ee\/lt\/#\/schema\/logo\/image\/","url":"https:\/\/hobstop.ee\/media\/vunder-logo.png","contentUrl":"https:\/\/hobstop.ee\/media\/vunder-logo.png","width":127,"height":55,"caption":"Vunder AS"},"image":{"@id":"https:\/\/www.hobstop.ee\/lt\/#\/schema\/logo\/image\/"},"sameAs":["http:\/\/www.facebook.com\/VunderSkizze"]}]}},"_links":{"self":[{"href":"https:\/\/hobstop.ee\/lt\/wp-json\/wp\/v2\/product\/22755","targetHints":{"allow":["GET"]}}],"collection":[{"href":"https:\/\/hobstop.ee\/lt\/wp-json\/wp\/v2\/product"}],"about":[{"href":"https:\/\/hobstop.ee\/lt\/wp-json\/wp\/v2\/types\/product"}],"replies":[{"embeddable":true,"href":"https:\/\/hobstop.ee\/lt\/wp-json\/wp\/v2\/comments?post=22755"}],"wp:featuredmedia":[{"embeddable":true,"href":"https:\/\/hobstop.ee\/lt\/wp-json\/wp\/v2\/media\/353832"}],"wp:attachment":[{"href":"https:\/\/hobstop.ee\/lt\/wp-json\/wp\/v2\/media?parent=22755"}],"wp:term":[{"taxonomy":"product_cat","embeddable":true,"href":"https:\/\/hobstop.ee\/lt\/wp-json\/wp\/v2\/product_cat?post=22755"},{"taxonomy":"product_tag","embeddable":true,"href":"https:\/\/hobstop.ee\/lt\/wp-json\/wp\/v2\/product_tag?post=22755"}],"curies":[{"name":"wp","href":"https:\/\/api.w.org\/{rel}","templated":true}]}}