{"id":22763,"date":"2014-11-08T14:22:35","date_gmt":"2014-11-08T12:22:35","guid":{"rendered":"https:\/\/sharks.ee\/vunder_2019.klient.veebimajutus.ee\/?post_type=product&p=22763"},"modified":"2014-11-08T14:22:35","modified_gmt":"2014-11-08T11:22:35","slug":"akvarelinio-popieriaus-canson-montval","status":"publish","type":"product","link":"https:\/\/hobstop.ee\/lt\/produktas\/akvarelinio-popieriaus-canson-montval\/","title":{"rendered":"Akvarelinio popieriaus Canson Montval"},"content":{"rendered":"<p>Popieriaus \u201eMontval\u201c k\u016br\u0117jas yra tapytojas Gaspard Maillol, skulptoriaus Aristide Maillol brolio s\u016bnus \u2013 firma \u201eCanson\u201c min\u0117t\u0105 popieri\u0173 jo pra\u0161ymu prad\u0117jo gaminti XX am\u017eiaus prad\u017eioje. Per \u0161iuos metus popieriaus savyb\u0117s patobul\u0117jo. Jo sud\u0117tyje n\u0117ra r\u016bg\u0161\u010di\u0173 ir joki\u0173 optini\u0173 baltinam\u0173j\u0173 med\u017eiag\u0173, jis labai patvarus, apdorotas pel\u0117siams neleid\u017eian\u010dia susidaryti med\u017eiaga, tai \u2013 auk\u0161\u010diausios kokyb\u0117s akvarelinis eskizams skirtas popierius. Labai patogiai naudojamas, pie\u0161imo metu lengva daryti pataisymas (popieri\u0173 galima nuplauti teptuku).<br \/>\nPuikiai tinka akvarelei.<br \/>\nTinka gua\u0161ui ir akriliniams da\u017eams.<\/p>\n","protected":false},"excerpt":{"rendered":"<p>Popieriaus \u201eMontval\u201c k\u016br\u0117jas yra tapytojas Gaspard Maillol, skulptoriaus Aristide Maillol brolio s\u016bnus \u2013 firma \u201eCanson\u201c min\u0117t\u0105 popieri\u0173 jo pra\u0161ymu prad\u0117jo gaminti XX am\u017eiaus prad\u017eioje. Per \u0161iuos metus popieriaus savyb\u0117s patobul\u0117jo. Jo sud\u0117tyje n\u0117ra r\u016bg\u0161\u010di\u0173 ir joki\u0173 optini\u0173 baltinam\u0173j\u0173 med\u017eiag\u0173, jis labai patvarus, apdorotas pel\u0117siams neleid\u017eian\u010dia susidaryti med\u017eiaga, tai \u2013 auk\u0161\u010diausios kokyb\u0117s akvarelinis eskizams skirtas popierius. Labai patogiai naudojamas, pie\u0161imo metu lengva daryti pataisymas (popieri\u0173 galima nuplauti teptuku). Puikiai tinka akvarelei. Tinka gua\u0161ui ir akriliniams da\u017eams.<\/p>\n","protected":false},"featured_media":143121,"comment_status":"closed","ping_status":"closed","template":"","meta":{"_acf_changed":false,"ep_exclude_from_search":false},"product_cat":[19019,17922,18944],"product_tag":[],"class_list":{"0":"post-22763","1":"product","2":"type-product","3":"status-publish","4":"has-post-thumbnail","6":"product_cat-akvarelinis-popierius-ir-bloknotai-2","7":"product_cat-popieriaus-prekes","8":"product_cat-specialus-popierius-ir-kartonas","9":"pa_kma-1939","10":"pa_kma-1940","12":"first","13":"instock","14":"taxable","15":"shipping-taxable","16":"purchasable","17":"product-type-variable"},"acf":[],"yoast_head":"<!-- This site is optimized with the Yoast SEO plugin v24.1 - https:\/\/yoast.com\/wordpress\/plugins\/seo\/ -->\n<title>Akvarelinio popieriaus Canson Montval &#8211; Skizze<\/title>\n<meta name=\"robots\" content=\"noindex, follow, max-snippet:-1, max-image-preview:large, max-video-preview:-1\" \/>\n<meta property=\"og:locale\" content=\"lt_LT\" \/>\n<meta property=\"og:type\" content=\"article\" \/>\n<meta property=\"og:title\" content=\"Akvarelinio popieriaus Canson Montval &#8211; Skizze\" \/>\n<meta property=\"og:description\" content=\"Popieriaus \u201eMontval\u201c k\u016br\u0117jas yra tapytojas Gaspard Maillol, skulptoriaus Aristide Maillol brolio s\u016bnus \u2013 firma \u201eCanson\u201c min\u0117t\u0105 popieri\u0173 jo pra\u0161ymu prad\u0117jo gaminti XX am\u017eiaus prad\u017eioje. Per \u0161iuos metus popieriaus savyb\u0117s patobul\u0117jo. Jo sud\u0117tyje n\u0117ra r\u016bg\u0161\u010di\u0173 ir joki\u0173 optini\u0173 baltinam\u0173j\u0173 med\u017eiag\u0173, jis labai patvarus, apdorotas pel\u0117siams neleid\u017eian\u010dia susidaryti med\u017eiaga, tai \u2013 auk\u0161\u010diausios kokyb\u0117s akvarelinis eskizams skirtas popierius. Labai patogiai naudojamas, pie\u0161imo metu lengva daryti pataisymas (popieri\u0173 galima nuplauti teptuku). Puikiai tinka akvarelei. Tinka gua\u0161ui ir akriliniams da\u017eams.\" \/>\n<meta property=\"og:url\" content=\"https:\/\/hobstop.ee\/lt\/produktas\/akvarelinio-popieriaus-canson-montval\/\" \/>\n<meta property=\"og:site_name\" content=\"Skizze\" \/>\n<meta property=\"article:publisher\" content=\"http:\/\/www.facebook.com\/VunderSkizze\" \/>\n<meta property=\"article:modified_time\" content=\"-0001-11-30T00:00:00+00:00\" \/>\n<meta property=\"og:image\" content=\"https:\/\/www.hobstop.ee\/media\/83.jpg\" \/>\n\t<meta property=\"og:image:width\" content=\"1024\" \/>\n\t<meta property=\"og:image:height\" content=\"768\" \/>\n\t<meta property=\"og:image:type\" content=\"image\/jpeg\" \/>\n<meta name=\"twitter:card\" content=\"summary_large_image\" \/>\n<script type=\"application\/ld+json\" class=\"yoast-schema-graph\">{\"@context\":\"https:\/\/schema.org\",\"@graph\":[{\"@type\":\"WebPage\",\"@id\":\"https:\/\/hobstop.ee\/lt\/produktas\/akvarelinio-popieriaus-canson-montval\/\",\"url\":\"https:\/\/hobstop.ee\/lt\/produktas\/akvarelinio-popieriaus-canson-montval\/\",\"name\":\"Akvarelinio popieriaus Canson Montval &#8211; Skizze\",\"isPartOf\":{\"@id\":\"https:\/\/hobstop.ee\/lt\/#website\"},\"primaryImageOfPage\":{\"@id\":\"https:\/\/hobstop.ee\/lt\/produktas\/akvarelinio-popieriaus-canson-montval\/#primaryimage\"},\"image\":{\"@id\":\"https:\/\/hobstop.ee\/lt\/produktas\/akvarelinio-popieriaus-canson-montval\/#primaryimage\"},\"thumbnailUrl\":\"https:\/\/hobstop.ee\/media\/83.jpg\",\"datePublished\":\"2014-11-08T12:22:35+00:00\",\"dateModified\":\"-0001-11-30T00:00:00+00:00\",\"breadcrumb\":{\"@id\":\"https:\/\/hobstop.ee\/lt\/produktas\/akvarelinio-popieriaus-canson-montval\/#breadcrumb\"},\"inLanguage\":\"lt\",\"potentialAction\":[{\"@type\":\"ReadAction\",\"target\":[\"https:\/\/hobstop.ee\/lt\/produktas\/akvarelinio-popieriaus-canson-montval\/\"]}]},{\"@type\":\"ImageObject\",\"inLanguage\":\"lt\",\"@id\":\"https:\/\/hobstop.ee\/lt\/produktas\/akvarelinio-popieriaus-canson-montval\/#primaryimage\",\"url\":\"https:\/\/hobstop.ee\/media\/83.jpg\",\"contentUrl\":\"https:\/\/hobstop.ee\/media\/83.jpg\",\"width\":1024,\"height\":768},{\"@type\":\"BreadcrumbList\",\"@id\":\"https:\/\/hobstop.ee\/lt\/produktas\/akvarelinio-popieriaus-canson-montval\/#breadcrumb\",\"itemListElement\":[{\"@type\":\"ListItem\",\"position\":1,\"name\":\"Avaleht\",\"item\":\"https:\/\/hobstop.ee\/lt\/\"},{\"@type\":\"ListItem\",\"position\":2,\"name\":\"Parduotuv\u0117\",\"item\":\"https:\/\/hobstop.ee\/lt\/parduotuve\/\"},{\"@type\":\"ListItem\",\"position\":3,\"name\":\"Akvarelinio popieriaus Canson Montval\"}]},{\"@type\":\"WebSite\",\"@id\":\"https:\/\/hobstop.ee\/lt\/#website\",\"url\":\"https:\/\/hobstop.ee\/lt\/\",\"name\":\"Skizze\",\"description\":\"Dail\u0117s, pom\u0117gi\u0173 ir mokykliniai reikm\u0117nys\",\"publisher\":{\"@id\":\"https:\/\/hobstop.ee\/lt\/#organization\"},\"potentialAction\":[{\"@type\":\"SearchAction\",\"target\":{\"@type\":\"EntryPoint\",\"urlTemplate\":\"https:\/\/hobstop.ee\/lt\/?s={search_term_string}\"},\"query-input\":{\"@type\":\"PropertyValueSpecification\",\"valueRequired\":true,\"valueName\":\"search_term_string\"}}],\"inLanguage\":\"lt\"},{\"@type\":\"Organization\",\"@id\":\"https:\/\/hobstop.ee\/lt\/#organization\",\"name\":\"Vunder AS\",\"url\":\"https:\/\/hobstop.ee\/lt\/\",\"logo\":{\"@type\":\"ImageObject\",\"inLanguage\":\"lt\",\"@id\":\"https:\/\/hobstop.ee\/lt\/#\/schema\/logo\/image\/\",\"url\":\"https:\/\/hobstop.ee\/media\/vunder-logo.png\",\"contentUrl\":\"https:\/\/hobstop.ee\/media\/vunder-logo.png\",\"width\":127,\"height\":55,\"caption\":\"Vunder AS\"},\"image\":{\"@id\":\"https:\/\/hobstop.ee\/lt\/#\/schema\/logo\/image\/\"},\"sameAs\":[\"http:\/\/www.facebook.com\/VunderSkizze\"]}]}<\/script>\n<!-- \/ Yoast SEO plugin. -->","yoast_head_json":{"title":"Akvarelinio popieriaus Canson Montval &#8211; Skizze","robots":{"index":"noindex","follow":"follow","max-snippet":"max-snippet:-1","max-image-preview":"max-image-preview:large","max-video-preview":"max-video-preview:-1"},"og_locale":"lt_LT","og_type":"article","og_title":"Akvarelinio popieriaus Canson Montval &#8211; Skizze","og_description":"Popieriaus \u201eMontval\u201c k\u016br\u0117jas yra tapytojas Gaspard Maillol, skulptoriaus Aristide Maillol brolio s\u016bnus \u2013 firma \u201eCanson\u201c min\u0117t\u0105 popieri\u0173 jo pra\u0161ymu prad\u0117jo gaminti XX am\u017eiaus prad\u017eioje. Per \u0161iuos metus popieriaus savyb\u0117s patobul\u0117jo. Jo sud\u0117tyje n\u0117ra r\u016bg\u0161\u010di\u0173 ir joki\u0173 optini\u0173 baltinam\u0173j\u0173 med\u017eiag\u0173, jis labai patvarus, apdorotas pel\u0117siams neleid\u017eian\u010dia susidaryti med\u017eiaga, tai \u2013 auk\u0161\u010diausios kokyb\u0117s akvarelinis eskizams skirtas popierius. Labai patogiai naudojamas, pie\u0161imo metu lengva daryti pataisymas (popieri\u0173 galima nuplauti teptuku). Puikiai tinka akvarelei. Tinka gua\u0161ui ir akriliniams da\u017eams.","og_url":"https:\/\/hobstop.ee\/lt\/produktas\/akvarelinio-popieriaus-canson-montval\/","og_site_name":"Skizze","article_publisher":"http:\/\/www.facebook.com\/VunderSkizze","article_modified_time":"-0001-11-30T00:00:00+00:00","og_image":[{"width":1024,"height":768,"url":"https:\/\/www.hobstop.ee\/media\/83.jpg","type":"image\/jpeg"}],"twitter_card":"summary_large_image","schema":{"@context":"https:\/\/schema.org","@graph":[{"@type":"WebPage","@id":"https:\/\/hobstop.ee\/lt\/produktas\/akvarelinio-popieriaus-canson-montval\/","url":"https:\/\/hobstop.ee\/lt\/produktas\/akvarelinio-popieriaus-canson-montval\/","name":"Akvarelinio popieriaus Canson Montval &#8211; Skizze","isPartOf":{"@id":"https:\/\/hobstop.ee\/lt\/#website"},"primaryImageOfPage":{"@id":"https:\/\/hobstop.ee\/lt\/produktas\/akvarelinio-popieriaus-canson-montval\/#primaryimage"},"image":{"@id":"https:\/\/hobstop.ee\/lt\/produktas\/akvarelinio-popieriaus-canson-montval\/#primaryimage"},"thumbnailUrl":"https:\/\/hobstop.ee\/media\/83.jpg","datePublished":"2014-11-08T12:22:35+00:00","dateModified":"-0001-11-30T00:00:00+00:00","breadcrumb":{"@id":"https:\/\/hobstop.ee\/lt\/produktas\/akvarelinio-popieriaus-canson-montval\/#breadcrumb"},"inLanguage":"lt","potentialAction":[{"@type":"ReadAction","target":["https:\/\/hobstop.ee\/lt\/produktas\/akvarelinio-popieriaus-canson-montval\/"]}]},{"@type":"ImageObject","inLanguage":"lt","@id":"https:\/\/hobstop.ee\/lt\/produktas\/akvarelinio-popieriaus-canson-montval\/#primaryimage","url":"https:\/\/hobstop.ee\/media\/83.jpg","contentUrl":"https:\/\/hobstop.ee\/media\/83.jpg","width":1024,"height":768},{"@type":"BreadcrumbList","@id":"https:\/\/hobstop.ee\/lt\/produktas\/akvarelinio-popieriaus-canson-montval\/#breadcrumb","itemListElement":[{"@type":"ListItem","position":1,"name":"Avaleht","item":"https:\/\/hobstop.ee\/lt\/"},{"@type":"ListItem","position":2,"name":"Parduotuv\u0117","item":"https:\/\/hobstop.ee\/lt\/parduotuve\/"},{"@type":"ListItem","position":3,"name":"Akvarelinio popieriaus Canson Montval"}]},{"@type":"WebSite","@id":"https:\/\/hobstop.ee\/lt\/#website","url":"https:\/\/hobstop.ee\/lt\/","name":"Skizze","description":"Dail\u0117s, pom\u0117gi\u0173 ir mokykliniai reikm\u0117nys","publisher":{"@id":"https:\/\/hobstop.ee\/lt\/#organization"},"potentialAction":[{"@type":"SearchAction","target":{"@type":"EntryPoint","urlTemplate":"https:\/\/hobstop.ee\/lt\/?s={search_term_string}"},"query-input":{"@type":"PropertyValueSpecification","valueRequired":true,"valueName":"search_term_string"}}],"inLanguage":"lt"},{"@type":"Organization","@id":"https:\/\/hobstop.ee\/lt\/#organization","name":"Vunder AS","url":"https:\/\/hobstop.ee\/lt\/","logo":{"@type":"ImageObject","inLanguage":"lt","@id":"https:\/\/hobstop.ee\/lt\/#\/schema\/logo\/image\/","url":"https:\/\/hobstop.ee\/media\/vunder-logo.png","contentUrl":"https:\/\/hobstop.ee\/media\/vunder-logo.png","width":127,"height":55,"caption":"Vunder AS"},"image":{"@id":"https:\/\/hobstop.ee\/lt\/#\/schema\/logo\/image\/"},"sameAs":["http:\/\/www.facebook.com\/VunderSkizze"]}]}},"_links":{"self":[{"href":"https:\/\/hobstop.ee\/lt\/wp-json\/wp\/v2\/product\/22763","targetHints":{"allow":["GET"]}}],"collection":[{"href":"https:\/\/hobstop.ee\/lt\/wp-json\/wp\/v2\/product"}],"about":[{"href":"https:\/\/hobstop.ee\/lt\/wp-json\/wp\/v2\/types\/product"}],"replies":[{"embeddable":true,"href":"https:\/\/hobstop.ee\/lt\/wp-json\/wp\/v2\/comments?post=22763"}],"wp:featuredmedia":[{"embeddable":true,"href":"https:\/\/hobstop.ee\/lt\/wp-json\/wp\/v2\/media\/143121"}],"wp:attachment":[{"href":"https:\/\/hobstop.ee\/lt\/wp-json\/wp\/v2\/media?parent=22763"}],"wp:term":[{"taxonomy":"product_cat","embeddable":true,"href":"https:\/\/hobstop.ee\/lt\/wp-json\/wp\/v2\/product_cat?post=22763"},{"taxonomy":"product_tag","embeddable":true,"href":"https:\/\/hobstop.ee\/lt\/wp-json\/wp\/v2\/product_tag?post=22763"}],"curies":[{"name":"wp","href":"https:\/\/api.w.org\/{rel}","templated":true}]}}