{"id":22821,"date":"2014-12-09T12:46:33","date_gmt":"2014-12-09T10:46:33","guid":{"rendered":"https:\/\/sharks.ee\/vunder_2019.klient.veebimajutus.ee\/?post_type=product&#038;p=22821"},"modified":"2014-12-09T12:46:33","modified_gmt":"2014-12-09T10:46:33","slug":"tekstiles-dazai-marabu-fashioncolor","status":"publish","type":"product","link":"https:\/\/hobstop.ee\/lt\/produktas\/tekstiles-dazai-marabu-fashioncolor\/","title":{"rendered":"Tekstil\u0117s da\u017eai Marabu FashionColor"},"content":{"rendered":"<p>Skalbimo ma\u0161inoje tinkami naudoti tekstil\u0117s da\u017eai \u201eMarabu Fashion Color\u201c yra skirti da\u017eyti vis\u0173 r\u016b\u0161i\u0173 medvilniniams, lininiams, viskoz\u0117s ir mi\u0161rios sud\u0117ties audiniams (kuri\u0173 sud\u0117tyje yra ne daugiau nei 20 proc. sintetikos), kurie n\u0117ra apdoroti mink\u0161tikliu. Ranka ir laikantis atskir\u0173 nurodym\u0173 galima da\u017eyti ir \u0161ilkinius audinius. Da\u017eai \u201eMarabu Fashion Color\u201c yra lengvai naudojami, pasi\u017eymi puikiomis da\u017eomosiomis savyb\u0117mis. Vienos pakuot\u0117s \u201eMarabu Fashion Color\u201c da\u017e\u0173 pakanka ry\u0161kia spalva nuda\u017eyti 500\u20131500 g audinio. Galite pasirinkti spalv\u0173 palet\u0119 nuo ry\u0161ki\u0173 iki \u0161velni\u0173 pastelini\u0173 spalv\u0173. Kiekvienam da\u017eymo ciklui, kaip fiksuojan\u010di\u0105 priemon\u0119, rekomenduojame naudoti 1 kg druskos. \u201eMarabu Fashion Color\u201c da\u017eais nuda\u017eytus audinius galima skalbti skalbimo ma\u0161inoje. Skalbimo ma\u0161inoje jie nepalieka nuos\u0117d\u0173.<\/p>\n","protected":false},"excerpt":{"rendered":"<p>Skalbimo ma\u0161inoje tinkami naudoti tekstil\u0117s da\u017eai \u201eMarabu Fashion Color\u201c yra skirti da\u017eyti vis\u0173 r\u016b\u0161i\u0173 medvilniniams, lininiams, viskoz\u0117s ir mi\u0161rios sud\u0117ties audiniams (kuri\u0173 sud\u0117tyje yra ne daugiau nei 20 proc. sintetikos), kurie n\u0117ra apdoroti mink\u0161tikliu. Ranka ir laikantis atskir\u0173 nurodym\u0173 galima da\u017eyti ir \u0161ilkinius audinius. Da\u017eai \u201eMarabu Fashion Color\u201c yra lengvai naudojami, pasi\u017eymi puikiomis da\u017eomosiomis savyb\u0117mis. Vienos pakuot\u0117s \u201eMarabu Fashion Color\u201c da\u017e\u0173 pakanka ry\u0161kia spalva nuda\u017eyti 500\u20131500 g audinio. Galite pasirinkti spalv\u0173 palet\u0119 nuo ry\u0161ki\u0173 iki \u0161velni\u0173 pastelini\u0173 spalv\u0173. Kiekvienam da\u017eymo ciklui, kaip fiksuojan\u010di\u0105 priemon\u0119, rekomenduojame naudoti 1 kg druskos. \u201eMarabu Fashion Color\u201c da\u017eais nuda\u017eytus audinius galima skalbti skalbimo ma\u0161inoje. Skalbimo ma\u0161inoje jie nepalieka nuos\u0117d\u0173.<\/p>\n","protected":false},"featured_media":352716,"comment_status":"closed","ping_status":"closed","template":"","meta":{"_acf_changed":false,"ep_exclude_from_search":false},"product_cat":[17919,14893,18213],"product_tag":[],"class_list":{"0":"post-22821","1":"product","2":"type-product","3":"status-publish","4":"has-post-thumbnail","6":"product_cat-pomegiu-prekes","7":"product_cat-tekstilei","8":"product_cat-tekstiles-dazai","10":"first","11":"instock","12":"sale","13":"taxable","14":"shipping-taxable","15":"purchasable","16":"product-type-variable"},"acf":[],"yoast_head":"<!-- This site is optimized with the Yoast SEO plugin v24.1 - https:\/\/yoast.com\/wordpress\/plugins\/seo\/ -->\n<title>Tekstil\u0117s da\u017eai Marabu FashionColor &#8211; Skizze<\/title>\n<meta name=\"robots\" content=\"noindex, follow, max-snippet:-1, max-image-preview:large, max-video-preview:-1\" \/>\n<meta property=\"og:locale\" content=\"lt_LT\" \/>\n<meta property=\"og:type\" content=\"article\" \/>\n<meta property=\"og:title\" content=\"Tekstil\u0117s da\u017eai Marabu FashionColor &#8211; Skizze\" \/>\n<meta property=\"og:description\" content=\"Skalbimo ma\u0161inoje tinkami naudoti tekstil\u0117s da\u017eai \u201eMarabu Fashion Color\u201c yra skirti da\u017eyti vis\u0173 r\u016b\u0161i\u0173 medvilniniams, lininiams, viskoz\u0117s ir mi\u0161rios sud\u0117ties audiniams (kuri\u0173 sud\u0117tyje yra ne daugiau nei 20 proc. sintetikos), kurie n\u0117ra apdoroti mink\u0161tikliu. Ranka ir laikantis atskir\u0173 nurodym\u0173 galima da\u017eyti ir \u0161ilkinius audinius. Da\u017eai \u201eMarabu Fashion Color\u201c yra lengvai naudojami, pasi\u017eymi puikiomis da\u017eomosiomis savyb\u0117mis. Vienos pakuot\u0117s \u201eMarabu Fashion Color\u201c da\u017e\u0173 pakanka ry\u0161kia spalva nuda\u017eyti 500\u20131500 g audinio. Galite pasirinkti spalv\u0173 palet\u0119 nuo ry\u0161ki\u0173 iki \u0161velni\u0173 pastelini\u0173 spalv\u0173. Kiekvienam da\u017eymo ciklui, kaip fiksuojan\u010di\u0105 priemon\u0119, rekomenduojame naudoti 1 kg druskos. \u201eMarabu Fashion Color\u201c da\u017eais nuda\u017eytus audinius galima skalbti skalbimo ma\u0161inoje. Skalbimo ma\u0161inoje jie nepalieka nuos\u0117d\u0173.\" \/>\n<meta property=\"og:url\" content=\"https:\/\/hobstop.ee\/lt\/produktas\/tekstiles-dazai-marabu-fashioncolor\/\" \/>\n<meta property=\"og:site_name\" content=\"Skizze\" \/>\n<meta property=\"article:publisher\" content=\"http:\/\/www.facebook.com\/VunderSkizze\" \/>\n<meta property=\"og:image\" content=\"https:\/\/hobstop.ee\/media\/136.jpg\" \/>\n\t<meta property=\"og:image:width\" content=\"1024\" \/>\n\t<meta property=\"og:image:height\" content=\"768\" \/>\n\t<meta property=\"og:image:type\" content=\"image\/jpeg\" \/>\n<meta name=\"twitter:card\" content=\"summary_large_image\" \/>\n<meta name=\"twitter:label1\" content=\"Est. reading time\" \/>\n\t<meta name=\"twitter:data1\" content=\"1 minute\" \/>\n<script type=\"application\/ld+json\" class=\"yoast-schema-graph\">{\"@context\":\"https:\/\/schema.org\",\"@graph\":[{\"@type\":\"WebPage\",\"@id\":\"https:\/\/hobstop.ee\/lt\/produktas\/tekstiles-dazai-marabu-fashioncolor\/\",\"url\":\"https:\/\/hobstop.ee\/lt\/produktas\/tekstiles-dazai-marabu-fashioncolor\/\",\"name\":\"Tekstil\u0117s da\u017eai Marabu FashionColor &#8211; Skizze\",\"isPartOf\":{\"@id\":\"https:\/\/hobstop.ee\/lt\/#website\"},\"primaryImageOfPage\":{\"@id\":\"https:\/\/hobstop.ee\/lt\/produktas\/tekstiles-dazai-marabu-fashioncolor\/#primaryimage\"},\"image\":{\"@id\":\"https:\/\/hobstop.ee\/lt\/produktas\/tekstiles-dazai-marabu-fashioncolor\/#primaryimage\"},\"thumbnailUrl\":\"https:\/\/hobstop.ee\/media\/136.jpg\",\"datePublished\":\"2014-12-09T10:46:33+00:00\",\"dateModified\":\"2014-12-09T10:46:33+00:00\",\"breadcrumb\":{\"@id\":\"https:\/\/hobstop.ee\/lt\/produktas\/tekstiles-dazai-marabu-fashioncolor\/#breadcrumb\"},\"inLanguage\":\"lt\",\"potentialAction\":[{\"@type\":\"ReadAction\",\"target\":[\"https:\/\/hobstop.ee\/lt\/produktas\/tekstiles-dazai-marabu-fashioncolor\/\"]}]},{\"@type\":\"ImageObject\",\"inLanguage\":\"lt\",\"@id\":\"https:\/\/hobstop.ee\/lt\/produktas\/tekstiles-dazai-marabu-fashioncolor\/#primaryimage\",\"url\":\"https:\/\/hobstop.ee\/media\/136.jpg\",\"contentUrl\":\"https:\/\/hobstop.ee\/media\/136.jpg\",\"width\":1024,\"height\":768},{\"@type\":\"BreadcrumbList\",\"@id\":\"https:\/\/hobstop.ee\/lt\/produktas\/tekstiles-dazai-marabu-fashioncolor\/#breadcrumb\",\"itemListElement\":[{\"@type\":\"ListItem\",\"position\":1,\"name\":\"Avaleht\",\"item\":\"https:\/\/hobstop.ee\/lt\/\"},{\"@type\":\"ListItem\",\"position\":2,\"name\":\"Parduotuv\u0117\",\"item\":\"https:\/\/hobstop.ee\/lt\/parduotuve\/\"},{\"@type\":\"ListItem\",\"position\":3,\"name\":\"Tekstil\u0117s da\u017eai Marabu FashionColor\"}]},{\"@type\":\"WebSite\",\"@id\":\"https:\/\/hobstop.ee\/lt\/#website\",\"url\":\"https:\/\/hobstop.ee\/lt\/\",\"name\":\"Skizze\",\"description\":\"Dail\u0117s, pom\u0117gi\u0173 ir mokykliniai reikm\u0117nys\",\"publisher\":{\"@id\":\"https:\/\/hobstop.ee\/lt\/#organization\"},\"potentialAction\":[{\"@type\":\"SearchAction\",\"target\":{\"@type\":\"EntryPoint\",\"urlTemplate\":\"https:\/\/hobstop.ee\/lt\/?s={search_term_string}\"},\"query-input\":{\"@type\":\"PropertyValueSpecification\",\"valueRequired\":true,\"valueName\":\"search_term_string\"}}],\"inLanguage\":\"lt\"},{\"@type\":\"Organization\",\"@id\":\"https:\/\/hobstop.ee\/lt\/#organization\",\"name\":\"Vunder AS\",\"url\":\"https:\/\/hobstop.ee\/lt\/\",\"logo\":{\"@type\":\"ImageObject\",\"inLanguage\":\"lt\",\"@id\":\"https:\/\/hobstop.ee\/lt\/#\/schema\/logo\/image\/\",\"url\":\"https:\/\/hobstop.ee\/media\/vunder-logo.png\",\"contentUrl\":\"https:\/\/hobstop.ee\/media\/vunder-logo.png\",\"width\":127,\"height\":55,\"caption\":\"Vunder AS\"},\"image\":{\"@id\":\"https:\/\/hobstop.ee\/lt\/#\/schema\/logo\/image\/\"},\"sameAs\":[\"http:\/\/www.facebook.com\/VunderSkizze\"]}]}<\/script>\n<!-- \/ Yoast SEO plugin. -->","yoast_head_json":{"title":"Tekstil\u0117s da\u017eai Marabu FashionColor &#8211; Skizze","robots":{"index":"noindex","follow":"follow","max-snippet":"max-snippet:-1","max-image-preview":"max-image-preview:large","max-video-preview":"max-video-preview:-1"},"og_locale":"lt_LT","og_type":"article","og_title":"Tekstil\u0117s da\u017eai Marabu FashionColor &#8211; Skizze","og_description":"Skalbimo ma\u0161inoje tinkami naudoti tekstil\u0117s da\u017eai \u201eMarabu Fashion Color\u201c yra skirti da\u017eyti vis\u0173 r\u016b\u0161i\u0173 medvilniniams, lininiams, viskoz\u0117s ir mi\u0161rios sud\u0117ties audiniams (kuri\u0173 sud\u0117tyje yra ne daugiau nei 20 proc. sintetikos), kurie n\u0117ra apdoroti mink\u0161tikliu. Ranka ir laikantis atskir\u0173 nurodym\u0173 galima da\u017eyti ir \u0161ilkinius audinius. Da\u017eai \u201eMarabu Fashion Color\u201c yra lengvai naudojami, pasi\u017eymi puikiomis da\u017eomosiomis savyb\u0117mis. Vienos pakuot\u0117s \u201eMarabu Fashion Color\u201c da\u017e\u0173 pakanka ry\u0161kia spalva nuda\u017eyti 500\u20131500 g audinio. Galite pasirinkti spalv\u0173 palet\u0119 nuo ry\u0161ki\u0173 iki \u0161velni\u0173 pastelini\u0173 spalv\u0173. Kiekvienam da\u017eymo ciklui, kaip fiksuojan\u010di\u0105 priemon\u0119, rekomenduojame naudoti 1 kg druskos. \u201eMarabu Fashion Color\u201c da\u017eais nuda\u017eytus audinius galima skalbti skalbimo ma\u0161inoje. Skalbimo ma\u0161inoje jie nepalieka nuos\u0117d\u0173.","og_url":"https:\/\/hobstop.ee\/lt\/produktas\/tekstiles-dazai-marabu-fashioncolor\/","og_site_name":"Skizze","article_publisher":"http:\/\/www.facebook.com\/VunderSkizze","og_image":[{"width":1024,"height":768,"url":"https:\/\/hobstop.ee\/media\/136.jpg","type":"image\/jpeg"}],"twitter_card":"summary_large_image","twitter_misc":{"Est. reading time":"1 minute"},"schema":{"@context":"https:\/\/schema.org","@graph":[{"@type":"WebPage","@id":"https:\/\/hobstop.ee\/lt\/produktas\/tekstiles-dazai-marabu-fashioncolor\/","url":"https:\/\/hobstop.ee\/lt\/produktas\/tekstiles-dazai-marabu-fashioncolor\/","name":"Tekstil\u0117s da\u017eai Marabu FashionColor &#8211; Skizze","isPartOf":{"@id":"https:\/\/hobstop.ee\/lt\/#website"},"primaryImageOfPage":{"@id":"https:\/\/hobstop.ee\/lt\/produktas\/tekstiles-dazai-marabu-fashioncolor\/#primaryimage"},"image":{"@id":"https:\/\/hobstop.ee\/lt\/produktas\/tekstiles-dazai-marabu-fashioncolor\/#primaryimage"},"thumbnailUrl":"https:\/\/hobstop.ee\/media\/136.jpg","datePublished":"2014-12-09T10:46:33+00:00","dateModified":"2014-12-09T10:46:33+00:00","breadcrumb":{"@id":"https:\/\/hobstop.ee\/lt\/produktas\/tekstiles-dazai-marabu-fashioncolor\/#breadcrumb"},"inLanguage":"lt","potentialAction":[{"@type":"ReadAction","target":["https:\/\/hobstop.ee\/lt\/produktas\/tekstiles-dazai-marabu-fashioncolor\/"]}]},{"@type":"ImageObject","inLanguage":"lt","@id":"https:\/\/hobstop.ee\/lt\/produktas\/tekstiles-dazai-marabu-fashioncolor\/#primaryimage","url":"https:\/\/hobstop.ee\/media\/136.jpg","contentUrl":"https:\/\/hobstop.ee\/media\/136.jpg","width":1024,"height":768},{"@type":"BreadcrumbList","@id":"https:\/\/hobstop.ee\/lt\/produktas\/tekstiles-dazai-marabu-fashioncolor\/#breadcrumb","itemListElement":[{"@type":"ListItem","position":1,"name":"Avaleht","item":"https:\/\/hobstop.ee\/lt\/"},{"@type":"ListItem","position":2,"name":"Parduotuv\u0117","item":"https:\/\/hobstop.ee\/lt\/parduotuve\/"},{"@type":"ListItem","position":3,"name":"Tekstil\u0117s da\u017eai Marabu FashionColor"}]},{"@type":"WebSite","@id":"https:\/\/hobstop.ee\/lt\/#website","url":"https:\/\/hobstop.ee\/lt\/","name":"Skizze","description":"Dail\u0117s, pom\u0117gi\u0173 ir mokykliniai reikm\u0117nys","publisher":{"@id":"https:\/\/hobstop.ee\/lt\/#organization"},"potentialAction":[{"@type":"SearchAction","target":{"@type":"EntryPoint","urlTemplate":"https:\/\/hobstop.ee\/lt\/?s={search_term_string}"},"query-input":{"@type":"PropertyValueSpecification","valueRequired":true,"valueName":"search_term_string"}}],"inLanguage":"lt"},{"@type":"Organization","@id":"https:\/\/hobstop.ee\/lt\/#organization","name":"Vunder AS","url":"https:\/\/hobstop.ee\/lt\/","logo":{"@type":"ImageObject","inLanguage":"lt","@id":"https:\/\/hobstop.ee\/lt\/#\/schema\/logo\/image\/","url":"https:\/\/hobstop.ee\/media\/vunder-logo.png","contentUrl":"https:\/\/hobstop.ee\/media\/vunder-logo.png","width":127,"height":55,"caption":"Vunder AS"},"image":{"@id":"https:\/\/hobstop.ee\/lt\/#\/schema\/logo\/image\/"},"sameAs":["http:\/\/www.facebook.com\/VunderSkizze"]}]}},"_links":{"self":[{"href":"https:\/\/hobstop.ee\/lt\/wp-json\/wp\/v2\/product\/22821","targetHints":{"allow":["GET"]}}],"collection":[{"href":"https:\/\/hobstop.ee\/lt\/wp-json\/wp\/v2\/product"}],"about":[{"href":"https:\/\/hobstop.ee\/lt\/wp-json\/wp\/v2\/types\/product"}],"replies":[{"embeddable":true,"href":"https:\/\/hobstop.ee\/lt\/wp-json\/wp\/v2\/comments?post=22821"}],"wp:featuredmedia":[{"embeddable":true,"href":"https:\/\/hobstop.ee\/lt\/wp-json\/wp\/v2\/media\/352716"}],"wp:attachment":[{"href":"https:\/\/hobstop.ee\/lt\/wp-json\/wp\/v2\/media?parent=22821"}],"wp:term":[{"taxonomy":"product_cat","embeddable":true,"href":"https:\/\/hobstop.ee\/lt\/wp-json\/wp\/v2\/product_cat?post=22821"},{"taxonomy":"product_tag","embeddable":true,"href":"https:\/\/hobstop.ee\/lt\/wp-json\/wp\/v2\/product_tag?post=22821"}],"curies":[{"name":"wp","href":"https:\/\/api.w.org\/{rel}","templated":true}]}}