{"id":22894,"date":"2014-12-09T12:46:56","date_gmt":"2014-12-09T10:46:56","guid":{"rendered":"https:\/\/sharks.ee\/vunder_2019.klient.veebimajutus.ee\/?post_type=product&#038;p=22894"},"modified":"2014-12-09T12:46:56","modified_gmt":"2014-12-09T10:46:56","slug":"grafito-serdele-derwent-graphitone","status":"publish","type":"product","link":"https:\/\/hobstop.ee\/lt\/produktas\/grafito-serdele-derwent-graphitone\/","title":{"rendered":"Grafito \u0161erdel\u0117 Derwent Graphitone"},"content":{"rendered":"<p>Jei patinka pie\u0161ti grafitu, Jums tur\u0117t\u0173 patikti ir vandenyje tirpi grafito lazdel\u0117 \u201eGraphitone\u201c. Tai \u2013 auk\u0161\u010diausios kokyb\u0117s pie\u0161tuko formos vandenyje tirpi gryno grafito lazdel\u0117, kuri\u0105 galima naudoti kaip \u012fprast\u0105 pie\u0161tuk\u0105 arba sulau\u017eyti gabaliukais ir dengti didelius plotus, ar grafitu kurti \u0161velnias formas. Grafito lazdel\u0117 \u201eGraphitone\u201c yra gaminama keturi\u0173 skirting\u0173 kietum\u0173. J\u0105 paprasta naudoti, nes apsaugin\u0117 danga yra lengvai nupl\u0117\u0161iama, tod\u0117l galite atsilau\u017eti norimo plo\u010dio gabaliuk\u0105. Lazdel\u0117s sud\u0117tyje visos esan\u010dios med\u017eiagos yra panaudojamos, tod\u0117l ji yra labai ekonomi\u0161ka.<br \/>\nGryno grafito apvali 7mm lazdel\u0117.<\/p>\n","protected":false},"excerpt":{"rendered":"<p>Jei patinka pie\u0161ti grafitu, Jums tur\u0117t\u0173 patikti ir vandenyje tirpi grafito lazdel\u0117 \u201eGraphitone\u201c. Tai \u2013 auk\u0161\u010diausios kokyb\u0117s pie\u0161tuko formos vandenyje tirpi gryno grafito lazdel\u0117, kuri\u0105 galima naudoti kaip \u012fprast\u0105 pie\u0161tuk\u0105 arba sulau\u017eyti gabaliukais ir dengti didelius plotus, ar grafitu kurti \u0161velnias formas. Grafito lazdel\u0117 \u201eGraphitone\u201c yra gaminama keturi\u0173 skirting\u0173 kietum\u0173. J\u0105 paprasta naudoti, nes apsaugin\u0117 danga yra lengvai nupl\u0117\u0161iama, tod\u0117l galite atsilau\u017eti norimo plo\u010dio gabaliuk\u0105. Lazdel\u0117s sud\u0117tyje visos esan\u010dios med\u017eiagos yra panaudojamos, tod\u0117l ji yra labai ekonomi\u0161ka. Gryno grafito apvali 7mm lazdel\u0117.<\/p>\n","protected":false},"featured_media":101688,"comment_status":"closed","ping_status":"closed","template":"","meta":{"_acf_changed":false,"ep_exclude_from_search":false},"product_cat":[16124,18989,18932],"product_tag":[],"class_list":{"0":"post-22894","1":"product","2":"type-product","3":"status-publish","4":"has-post-thumbnail","6":"product_cat-dailes-prekes","7":"product_cat-grafitiniai-piestukai-2","8":"product_cat-piesimo-reikmenys-3","10":"first","11":"instock","12":"taxable","13":"shipping-taxable","14":"purchasable","15":"product-type-variable"},"acf":[],"yoast_head":"<!-- This site is optimized with the Yoast SEO plugin v24.1 - https:\/\/yoast.com\/wordpress\/plugins\/seo\/ -->\n<title>Grafito \u0161erdel\u0117 Derwent Graphitone &#8211; Skizze<\/title>\n<meta name=\"robots\" content=\"noindex, follow, max-snippet:-1, max-image-preview:large, max-video-preview:-1\" \/>\n<meta property=\"og:locale\" content=\"lt_LT\" \/>\n<meta property=\"og:type\" content=\"article\" \/>\n<meta property=\"og:title\" content=\"Grafito \u0161erdel\u0117 Derwent Graphitone &#8211; Skizze\" \/>\n<meta property=\"og:description\" content=\"Jei patinka pie\u0161ti grafitu, Jums tur\u0117t\u0173 patikti ir vandenyje tirpi grafito lazdel\u0117 \u201eGraphitone\u201c. Tai \u2013 auk\u0161\u010diausios kokyb\u0117s pie\u0161tuko formos vandenyje tirpi gryno grafito lazdel\u0117, kuri\u0105 galima naudoti kaip \u012fprast\u0105 pie\u0161tuk\u0105 arba sulau\u017eyti gabaliukais ir dengti didelius plotus, ar grafitu kurti \u0161velnias formas. Grafito lazdel\u0117 \u201eGraphitone\u201c yra gaminama keturi\u0173 skirting\u0173 kietum\u0173. J\u0105 paprasta naudoti, nes apsaugin\u0117 danga yra lengvai nupl\u0117\u0161iama, tod\u0117l galite atsilau\u017eti norimo plo\u010dio gabaliuk\u0105. Lazdel\u0117s sud\u0117tyje visos esan\u010dios med\u017eiagos yra panaudojamos, tod\u0117l ji yra labai ekonomi\u0161ka. Gryno grafito apvali 7mm lazdel\u0117.\" \/>\n<meta property=\"og:url\" content=\"https:\/\/hobstop.ee\/lt\/produktas\/grafito-serdele-derwent-graphitone\/\" \/>\n<meta property=\"og:site_name\" content=\"Skizze\" \/>\n<meta property=\"article:publisher\" content=\"http:\/\/www.facebook.com\/VunderSkizze\" \/>\n<meta property=\"og:image\" content=\"https:\/\/hobstop.ee\/media\/234.jpg\" \/>\n\t<meta property=\"og:image:width\" content=\"1024\" \/>\n\t<meta property=\"og:image:height\" content=\"768\" \/>\n\t<meta property=\"og:image:type\" content=\"image\/jpeg\" \/>\n<meta name=\"twitter:card\" content=\"summary_large_image\" \/>\n<script type=\"application\/ld+json\" class=\"yoast-schema-graph\">{\"@context\":\"https:\/\/schema.org\",\"@graph\":[{\"@type\":\"WebPage\",\"@id\":\"https:\/\/hobstop.ee\/lt\/produktas\/grafito-serdele-derwent-graphitone\/\",\"url\":\"https:\/\/hobstop.ee\/lt\/produktas\/grafito-serdele-derwent-graphitone\/\",\"name\":\"Grafito \u0161erdel\u0117 Derwent Graphitone &#8211; Skizze\",\"isPartOf\":{\"@id\":\"https:\/\/hobstop.ee\/lt\/#website\"},\"primaryImageOfPage\":{\"@id\":\"https:\/\/hobstop.ee\/lt\/produktas\/grafito-serdele-derwent-graphitone\/#primaryimage\"},\"image\":{\"@id\":\"https:\/\/hobstop.ee\/lt\/produktas\/grafito-serdele-derwent-graphitone\/#primaryimage\"},\"thumbnailUrl\":\"https:\/\/hobstop.ee\/media\/234.jpg\",\"datePublished\":\"2014-12-09T10:46:56+00:00\",\"dateModified\":\"2014-12-09T10:46:56+00:00\",\"breadcrumb\":{\"@id\":\"https:\/\/hobstop.ee\/lt\/produktas\/grafito-serdele-derwent-graphitone\/#breadcrumb\"},\"inLanguage\":\"lt\",\"potentialAction\":[{\"@type\":\"ReadAction\",\"target\":[\"https:\/\/hobstop.ee\/lt\/produktas\/grafito-serdele-derwent-graphitone\/\"]}]},{\"@type\":\"ImageObject\",\"inLanguage\":\"lt\",\"@id\":\"https:\/\/hobstop.ee\/lt\/produktas\/grafito-serdele-derwent-graphitone\/#primaryimage\",\"url\":\"https:\/\/hobstop.ee\/media\/234.jpg\",\"contentUrl\":\"https:\/\/hobstop.ee\/media\/234.jpg\",\"width\":1024,\"height\":768},{\"@type\":\"BreadcrumbList\",\"@id\":\"https:\/\/hobstop.ee\/lt\/produktas\/grafito-serdele-derwent-graphitone\/#breadcrumb\",\"itemListElement\":[{\"@type\":\"ListItem\",\"position\":1,\"name\":\"Avaleht\",\"item\":\"https:\/\/hobstop.ee\/lt\/\"},{\"@type\":\"ListItem\",\"position\":2,\"name\":\"Parduotuv\u0117\",\"item\":\"https:\/\/hobstop.ee\/lt\/parduotuve\/\"},{\"@type\":\"ListItem\",\"position\":3,\"name\":\"Grafito \u0161erdel\u0117 Derwent Graphitone\"}]},{\"@type\":\"WebSite\",\"@id\":\"https:\/\/hobstop.ee\/lt\/#website\",\"url\":\"https:\/\/hobstop.ee\/lt\/\",\"name\":\"Skizze\",\"description\":\"Dail\u0117s, pom\u0117gi\u0173 ir mokykliniai reikm\u0117nys\",\"publisher\":{\"@id\":\"https:\/\/hobstop.ee\/lt\/#organization\"},\"potentialAction\":[{\"@type\":\"SearchAction\",\"target\":{\"@type\":\"EntryPoint\",\"urlTemplate\":\"https:\/\/hobstop.ee\/lt\/?s={search_term_string}\"},\"query-input\":{\"@type\":\"PropertyValueSpecification\",\"valueRequired\":true,\"valueName\":\"search_term_string\"}}],\"inLanguage\":\"lt\"},{\"@type\":\"Organization\",\"@id\":\"https:\/\/hobstop.ee\/lt\/#organization\",\"name\":\"Vunder AS\",\"url\":\"https:\/\/hobstop.ee\/lt\/\",\"logo\":{\"@type\":\"ImageObject\",\"inLanguage\":\"lt\",\"@id\":\"https:\/\/hobstop.ee\/lt\/#\/schema\/logo\/image\/\",\"url\":\"https:\/\/hobstop.ee\/media\/vunder-logo.png\",\"contentUrl\":\"https:\/\/hobstop.ee\/media\/vunder-logo.png\",\"width\":127,\"height\":55,\"caption\":\"Vunder AS\"},\"image\":{\"@id\":\"https:\/\/hobstop.ee\/lt\/#\/schema\/logo\/image\/\"},\"sameAs\":[\"http:\/\/www.facebook.com\/VunderSkizze\"]}]}<\/script>\n<!-- \/ Yoast SEO plugin. -->","yoast_head_json":{"title":"Grafito \u0161erdel\u0117 Derwent Graphitone &#8211; Skizze","robots":{"index":"noindex","follow":"follow","max-snippet":"max-snippet:-1","max-image-preview":"max-image-preview:large","max-video-preview":"max-video-preview:-1"},"og_locale":"lt_LT","og_type":"article","og_title":"Grafito \u0161erdel\u0117 Derwent Graphitone &#8211; Skizze","og_description":"Jei patinka pie\u0161ti grafitu, Jums tur\u0117t\u0173 patikti ir vandenyje tirpi grafito lazdel\u0117 \u201eGraphitone\u201c. Tai \u2013 auk\u0161\u010diausios kokyb\u0117s pie\u0161tuko formos vandenyje tirpi gryno grafito lazdel\u0117, kuri\u0105 galima naudoti kaip \u012fprast\u0105 pie\u0161tuk\u0105 arba sulau\u017eyti gabaliukais ir dengti didelius plotus, ar grafitu kurti \u0161velnias formas. Grafito lazdel\u0117 \u201eGraphitone\u201c yra gaminama keturi\u0173 skirting\u0173 kietum\u0173. J\u0105 paprasta naudoti, nes apsaugin\u0117 danga yra lengvai nupl\u0117\u0161iama, tod\u0117l galite atsilau\u017eti norimo plo\u010dio gabaliuk\u0105. Lazdel\u0117s sud\u0117tyje visos esan\u010dios med\u017eiagos yra panaudojamos, tod\u0117l ji yra labai ekonomi\u0161ka. Gryno grafito apvali 7mm lazdel\u0117.","og_url":"https:\/\/hobstop.ee\/lt\/produktas\/grafito-serdele-derwent-graphitone\/","og_site_name":"Skizze","article_publisher":"http:\/\/www.facebook.com\/VunderSkizze","og_image":[{"width":1024,"height":768,"url":"https:\/\/hobstop.ee\/media\/234.jpg","type":"image\/jpeg"}],"twitter_card":"summary_large_image","schema":{"@context":"https:\/\/schema.org","@graph":[{"@type":"WebPage","@id":"https:\/\/hobstop.ee\/lt\/produktas\/grafito-serdele-derwent-graphitone\/","url":"https:\/\/hobstop.ee\/lt\/produktas\/grafito-serdele-derwent-graphitone\/","name":"Grafito \u0161erdel\u0117 Derwent Graphitone &#8211; Skizze","isPartOf":{"@id":"https:\/\/hobstop.ee\/lt\/#website"},"primaryImageOfPage":{"@id":"https:\/\/hobstop.ee\/lt\/produktas\/grafito-serdele-derwent-graphitone\/#primaryimage"},"image":{"@id":"https:\/\/hobstop.ee\/lt\/produktas\/grafito-serdele-derwent-graphitone\/#primaryimage"},"thumbnailUrl":"https:\/\/hobstop.ee\/media\/234.jpg","datePublished":"2014-12-09T10:46:56+00:00","dateModified":"2014-12-09T10:46:56+00:00","breadcrumb":{"@id":"https:\/\/hobstop.ee\/lt\/produktas\/grafito-serdele-derwent-graphitone\/#breadcrumb"},"inLanguage":"lt","potentialAction":[{"@type":"ReadAction","target":["https:\/\/hobstop.ee\/lt\/produktas\/grafito-serdele-derwent-graphitone\/"]}]},{"@type":"ImageObject","inLanguage":"lt","@id":"https:\/\/hobstop.ee\/lt\/produktas\/grafito-serdele-derwent-graphitone\/#primaryimage","url":"https:\/\/hobstop.ee\/media\/234.jpg","contentUrl":"https:\/\/hobstop.ee\/media\/234.jpg","width":1024,"height":768},{"@type":"BreadcrumbList","@id":"https:\/\/hobstop.ee\/lt\/produktas\/grafito-serdele-derwent-graphitone\/#breadcrumb","itemListElement":[{"@type":"ListItem","position":1,"name":"Avaleht","item":"https:\/\/hobstop.ee\/lt\/"},{"@type":"ListItem","position":2,"name":"Parduotuv\u0117","item":"https:\/\/hobstop.ee\/lt\/parduotuve\/"},{"@type":"ListItem","position":3,"name":"Grafito \u0161erdel\u0117 Derwent Graphitone"}]},{"@type":"WebSite","@id":"https:\/\/hobstop.ee\/lt\/#website","url":"https:\/\/hobstop.ee\/lt\/","name":"Skizze","description":"Dail\u0117s, pom\u0117gi\u0173 ir mokykliniai reikm\u0117nys","publisher":{"@id":"https:\/\/hobstop.ee\/lt\/#organization"},"potentialAction":[{"@type":"SearchAction","target":{"@type":"EntryPoint","urlTemplate":"https:\/\/hobstop.ee\/lt\/?s={search_term_string}"},"query-input":{"@type":"PropertyValueSpecification","valueRequired":true,"valueName":"search_term_string"}}],"inLanguage":"lt"},{"@type":"Organization","@id":"https:\/\/hobstop.ee\/lt\/#organization","name":"Vunder AS","url":"https:\/\/hobstop.ee\/lt\/","logo":{"@type":"ImageObject","inLanguage":"lt","@id":"https:\/\/hobstop.ee\/lt\/#\/schema\/logo\/image\/","url":"https:\/\/hobstop.ee\/media\/vunder-logo.png","contentUrl":"https:\/\/hobstop.ee\/media\/vunder-logo.png","width":127,"height":55,"caption":"Vunder AS"},"image":{"@id":"https:\/\/hobstop.ee\/lt\/#\/schema\/logo\/image\/"},"sameAs":["http:\/\/www.facebook.com\/VunderSkizze"]}]}},"_links":{"self":[{"href":"https:\/\/hobstop.ee\/lt\/wp-json\/wp\/v2\/product\/22894","targetHints":{"allow":["GET"]}}],"collection":[{"href":"https:\/\/hobstop.ee\/lt\/wp-json\/wp\/v2\/product"}],"about":[{"href":"https:\/\/hobstop.ee\/lt\/wp-json\/wp\/v2\/types\/product"}],"replies":[{"embeddable":true,"href":"https:\/\/hobstop.ee\/lt\/wp-json\/wp\/v2\/comments?post=22894"}],"wp:featuredmedia":[{"embeddable":true,"href":"https:\/\/hobstop.ee\/lt\/wp-json\/wp\/v2\/media\/101688"}],"wp:attachment":[{"href":"https:\/\/hobstop.ee\/lt\/wp-json\/wp\/v2\/media?parent=22894"}],"wp:term":[{"taxonomy":"product_cat","embeddable":true,"href":"https:\/\/hobstop.ee\/lt\/wp-json\/wp\/v2\/product_cat?post=22894"},{"taxonomy":"product_tag","embeddable":true,"href":"https:\/\/hobstop.ee\/lt\/wp-json\/wp\/v2\/product_tag?post=22894"}],"curies":[{"name":"wp","href":"https:\/\/api.w.org\/{rel}","templated":true}]}}