{"id":22916,"date":"2014-12-09T12:47:05","date_gmt":"2014-12-09T10:47:05","guid":{"rendered":"https:\/\/sharks.ee\/vunder_2019.klient.veebimajutus.ee\/?post_type=product&#038;p=22916"},"modified":"2014-12-09T12:47:05","modified_gmt":"2014-12-09T10:47:05","slug":"piesimo-popierius-canson-c-a-grain","status":"publish","type":"product","link":"https:\/\/hobstop.ee\/lt\/produktas\/piesimo-popierius-canson-c-a-grain\/","title":{"rendered":"Pie\u0161imo popierius Canson C a Grain"},"content":{"rendered":"<p>Popierius \u201eCanson &#8220;C&#8221; \u00e0 Grain\u201c d\u0117l savo itin smulkios tekst\u016bros, kuri n\u0117ra per daug lygi ar rupl\u0117ta, puikiai tinka pie\u0161imui \u2013 popieriuje gerai matosi reljefiniai efektai, o rezultatas yra gerai subalansuotas. Pagamintas tik i\u0161 alfa-celiulioz\u0117s, sud\u0117tyje n\u0117ra lignino, nuo kurio b\u0117gant laikui popierius pageltonuoja. Popieriaus sud\u0117tyje n\u0117ra r\u016bg\u0161\u010di\u0173 ir optini\u0173 balinan\u010di\u0173 med\u017eiag\u0173, jis yra b\u016bdingos baltos spalvos ir atitinka visus standarto ISO 9706 reikalavimus. Tvirtas popierius yra \u0161lichtuotas, tod\u0117l patvarus trynimui ir skutimui, ant jo nelieka trynimo \u017eymi\u0173. Pla\u010dios paskirties popierius tinka visoms sausoms technikoms ir kai kurioms dr\u0117gnoms technikoms, pavyzd\u017eiui, ra\u0161alui ir gua\u0161ui.<br \/>\nPuikiai tinka pie\u0161ti pie\u0161tuku, pastele ir anglimi.<br \/>\nTinka akvarelei, gua\u0161ui, ra\u0161alui, tu\u0161inukams, markeriams.<\/p>\n","protected":false},"excerpt":{"rendered":"<p>Popierius \u201eCanson &#8220;C&#8221; \u00e0 Grain\u201c d\u0117l savo itin smulkios tekst\u016bros, kuri n\u0117ra per daug lygi ar rupl\u0117ta, puikiai tinka pie\u0161imui \u2013 popieriuje gerai matosi reljefiniai efektai, o rezultatas yra gerai subalansuotas. Pagamintas tik i\u0161 alfa-celiulioz\u0117s, sud\u0117tyje n\u0117ra lignino, nuo kurio b\u0117gant laikui popierius pageltonuoja. Popieriaus sud\u0117tyje n\u0117ra r\u016bg\u0161\u010di\u0173 ir optini\u0173 balinan\u010di\u0173 med\u017eiag\u0173, jis yra b\u016bdingos baltos spalvos ir atitinka visus standarto ISO 9706 reikalavimus. Tvirtas popierius yra \u0161lichtuotas, tod\u0117l patvarus trynimui ir skutimui, ant jo nelieka trynimo \u017eymi\u0173. Pla\u010dios paskirties popierius tinka visoms sausoms technikoms ir kai kurioms dr\u0117gnoms technikoms, pavyzd\u017eiui, ra\u0161alui ir gua\u0161ui. Puikiai tinka pie\u0161ti pie\u0161tuku, pastele ir anglimi. Tinka akvarelei, gua\u0161ui, ra\u0161alui, tu\u0161inukams, markeriams.<\/p>\n","protected":false},"featured_media":101728,"comment_status":"closed","ping_status":"closed","template":"","meta":{"_acf_changed":false,"ep_exclude_from_search":false},"product_cat":[19025,17922,18944],"product_tag":[],"class_list":{"0":"post-22916","1":"product","2":"type-product","3":"status-publish","4":"has-post-thumbnail","6":"product_cat-piesimo-popierius-ir-bloknotai","7":"product_cat-popieriaus-prekes","8":"product_cat-specialus-popierius-ir-kartonas","10":"first","11":"instock","12":"taxable","13":"shipping-taxable","14":"purchasable","15":"product-type-variable"},"acf":[],"yoast_head":"<!-- This site is optimized with the Yoast SEO plugin v24.1 - https:\/\/yoast.com\/wordpress\/plugins\/seo\/ -->\n<title>Pie\u0161imo popierius Canson C a Grain &#8211; Skizze<\/title>\n<meta name=\"robots\" content=\"noindex, follow, max-snippet:-1, max-image-preview:large, max-video-preview:-1\" \/>\n<meta property=\"og:locale\" content=\"lt_LT\" \/>\n<meta property=\"og:type\" content=\"article\" \/>\n<meta property=\"og:title\" content=\"Pie\u0161imo popierius Canson C a Grain &#8211; Skizze\" \/>\n<meta property=\"og:description\" content=\"Popierius \u201eCanson &#8220;C&#8221; \u00e0 Grain\u201c d\u0117l savo itin smulkios tekst\u016bros, kuri n\u0117ra per daug lygi ar rupl\u0117ta, puikiai tinka pie\u0161imui \u2013 popieriuje gerai matosi reljefiniai efektai, o rezultatas yra gerai subalansuotas. Pagamintas tik i\u0161 alfa-celiulioz\u0117s, sud\u0117tyje n\u0117ra lignino, nuo kurio b\u0117gant laikui popierius pageltonuoja. Popieriaus sud\u0117tyje n\u0117ra r\u016bg\u0161\u010di\u0173 ir optini\u0173 balinan\u010di\u0173 med\u017eiag\u0173, jis yra b\u016bdingos baltos spalvos ir atitinka visus standarto ISO 9706 reikalavimus. Tvirtas popierius yra \u0161lichtuotas, tod\u0117l patvarus trynimui ir skutimui, ant jo nelieka trynimo \u017eymi\u0173. Pla\u010dios paskirties popierius tinka visoms sausoms technikoms ir kai kurioms dr\u0117gnoms technikoms, pavyzd\u017eiui, ra\u0161alui ir gua\u0161ui. Puikiai tinka pie\u0161ti pie\u0161tuku, pastele ir anglimi. Tinka akvarelei, gua\u0161ui, ra\u0161alui, tu\u0161inukams, markeriams.\" \/>\n<meta property=\"og:url\" content=\"https:\/\/hobstop.ee\/lt\/produktas\/piesimo-popierius-canson-c-a-grain\/\" \/>\n<meta property=\"og:site_name\" content=\"Skizze\" \/>\n<meta property=\"article:publisher\" content=\"http:\/\/www.facebook.com\/VunderSkizze\" \/>\n<meta property=\"og:image\" content=\"https:\/\/hobstop.ee\/media\/274.jpg\" \/>\n\t<meta property=\"og:image:width\" content=\"1024\" \/>\n\t<meta property=\"og:image:height\" content=\"768\" \/>\n\t<meta property=\"og:image:type\" content=\"image\/jpeg\" \/>\n<meta name=\"twitter:card\" content=\"summary_large_image\" \/>\n<meta name=\"twitter:label1\" content=\"Est. reading time\" \/>\n\t<meta name=\"twitter:data1\" content=\"1 minute\" \/>\n<script type=\"application\/ld+json\" class=\"yoast-schema-graph\">{\"@context\":\"https:\/\/schema.org\",\"@graph\":[{\"@type\":\"WebPage\",\"@id\":\"https:\/\/hobstop.ee\/lt\/produktas\/piesimo-popierius-canson-c-a-grain\/\",\"url\":\"https:\/\/hobstop.ee\/lt\/produktas\/piesimo-popierius-canson-c-a-grain\/\",\"name\":\"Pie\u0161imo popierius Canson C a Grain &#8211; Skizze\",\"isPartOf\":{\"@id\":\"https:\/\/hobstop.ee\/lt\/#website\"},\"primaryImageOfPage\":{\"@id\":\"https:\/\/hobstop.ee\/lt\/produktas\/piesimo-popierius-canson-c-a-grain\/#primaryimage\"},\"image\":{\"@id\":\"https:\/\/hobstop.ee\/lt\/produktas\/piesimo-popierius-canson-c-a-grain\/#primaryimage\"},\"thumbnailUrl\":\"https:\/\/hobstop.ee\/media\/274.jpg\",\"datePublished\":\"2014-12-09T10:47:05+00:00\",\"dateModified\":\"2014-12-09T10:47:05+00:00\",\"breadcrumb\":{\"@id\":\"https:\/\/hobstop.ee\/lt\/produktas\/piesimo-popierius-canson-c-a-grain\/#breadcrumb\"},\"inLanguage\":\"lt\",\"potentialAction\":[{\"@type\":\"ReadAction\",\"target\":[\"https:\/\/hobstop.ee\/lt\/produktas\/piesimo-popierius-canson-c-a-grain\/\"]}]},{\"@type\":\"ImageObject\",\"inLanguage\":\"lt\",\"@id\":\"https:\/\/hobstop.ee\/lt\/produktas\/piesimo-popierius-canson-c-a-grain\/#primaryimage\",\"url\":\"https:\/\/hobstop.ee\/media\/274.jpg\",\"contentUrl\":\"https:\/\/hobstop.ee\/media\/274.jpg\",\"width\":1024,\"height\":768},{\"@type\":\"BreadcrumbList\",\"@id\":\"https:\/\/hobstop.ee\/lt\/produktas\/piesimo-popierius-canson-c-a-grain\/#breadcrumb\",\"itemListElement\":[{\"@type\":\"ListItem\",\"position\":1,\"name\":\"Avaleht\",\"item\":\"https:\/\/hobstop.ee\/lt\/\"},{\"@type\":\"ListItem\",\"position\":2,\"name\":\"Parduotuv\u0117\",\"item\":\"https:\/\/hobstop.ee\/lt\/parduotuve\/\"},{\"@type\":\"ListItem\",\"position\":3,\"name\":\"Pie\u0161imo popierius Canson C a Grain\"}]},{\"@type\":\"WebSite\",\"@id\":\"https:\/\/hobstop.ee\/lt\/#website\",\"url\":\"https:\/\/hobstop.ee\/lt\/\",\"name\":\"Skizze\",\"description\":\"Dail\u0117s, pom\u0117gi\u0173 ir mokykliniai reikm\u0117nys\",\"publisher\":{\"@id\":\"https:\/\/hobstop.ee\/lt\/#organization\"},\"potentialAction\":[{\"@type\":\"SearchAction\",\"target\":{\"@type\":\"EntryPoint\",\"urlTemplate\":\"https:\/\/hobstop.ee\/lt\/?s={search_term_string}\"},\"query-input\":{\"@type\":\"PropertyValueSpecification\",\"valueRequired\":true,\"valueName\":\"search_term_string\"}}],\"inLanguage\":\"lt\"},{\"@type\":\"Organization\",\"@id\":\"https:\/\/hobstop.ee\/lt\/#organization\",\"name\":\"Vunder AS\",\"url\":\"https:\/\/hobstop.ee\/lt\/\",\"logo\":{\"@type\":\"ImageObject\",\"inLanguage\":\"lt\",\"@id\":\"https:\/\/hobstop.ee\/lt\/#\/schema\/logo\/image\/\",\"url\":\"https:\/\/hobstop.ee\/media\/vunder-logo.png\",\"contentUrl\":\"https:\/\/hobstop.ee\/media\/vunder-logo.png\",\"width\":127,\"height\":55,\"caption\":\"Vunder AS\"},\"image\":{\"@id\":\"https:\/\/hobstop.ee\/lt\/#\/schema\/logo\/image\/\"},\"sameAs\":[\"http:\/\/www.facebook.com\/VunderSkizze\"]}]}<\/script>\n<!-- \/ Yoast SEO plugin. -->","yoast_head_json":{"title":"Pie\u0161imo popierius Canson C a Grain &#8211; Skizze","robots":{"index":"noindex","follow":"follow","max-snippet":"max-snippet:-1","max-image-preview":"max-image-preview:large","max-video-preview":"max-video-preview:-1"},"og_locale":"lt_LT","og_type":"article","og_title":"Pie\u0161imo popierius Canson C a Grain &#8211; Skizze","og_description":"Popierius \u201eCanson &#8220;C&#8221; \u00e0 Grain\u201c d\u0117l savo itin smulkios tekst\u016bros, kuri n\u0117ra per daug lygi ar rupl\u0117ta, puikiai tinka pie\u0161imui \u2013 popieriuje gerai matosi reljefiniai efektai, o rezultatas yra gerai subalansuotas. Pagamintas tik i\u0161 alfa-celiulioz\u0117s, sud\u0117tyje n\u0117ra lignino, nuo kurio b\u0117gant laikui popierius pageltonuoja. Popieriaus sud\u0117tyje n\u0117ra r\u016bg\u0161\u010di\u0173 ir optini\u0173 balinan\u010di\u0173 med\u017eiag\u0173, jis yra b\u016bdingos baltos spalvos ir atitinka visus standarto ISO 9706 reikalavimus. Tvirtas popierius yra \u0161lichtuotas, tod\u0117l patvarus trynimui ir skutimui, ant jo nelieka trynimo \u017eymi\u0173. Pla\u010dios paskirties popierius tinka visoms sausoms technikoms ir kai kurioms dr\u0117gnoms technikoms, pavyzd\u017eiui, ra\u0161alui ir gua\u0161ui. Puikiai tinka pie\u0161ti pie\u0161tuku, pastele ir anglimi. Tinka akvarelei, gua\u0161ui, ra\u0161alui, tu\u0161inukams, markeriams.","og_url":"https:\/\/hobstop.ee\/lt\/produktas\/piesimo-popierius-canson-c-a-grain\/","og_site_name":"Skizze","article_publisher":"http:\/\/www.facebook.com\/VunderSkizze","og_image":[{"width":1024,"height":768,"url":"https:\/\/hobstop.ee\/media\/274.jpg","type":"image\/jpeg"}],"twitter_card":"summary_large_image","twitter_misc":{"Est. reading time":"1 minute"},"schema":{"@context":"https:\/\/schema.org","@graph":[{"@type":"WebPage","@id":"https:\/\/hobstop.ee\/lt\/produktas\/piesimo-popierius-canson-c-a-grain\/","url":"https:\/\/hobstop.ee\/lt\/produktas\/piesimo-popierius-canson-c-a-grain\/","name":"Pie\u0161imo popierius Canson C a Grain &#8211; Skizze","isPartOf":{"@id":"https:\/\/hobstop.ee\/lt\/#website"},"primaryImageOfPage":{"@id":"https:\/\/hobstop.ee\/lt\/produktas\/piesimo-popierius-canson-c-a-grain\/#primaryimage"},"image":{"@id":"https:\/\/hobstop.ee\/lt\/produktas\/piesimo-popierius-canson-c-a-grain\/#primaryimage"},"thumbnailUrl":"https:\/\/hobstop.ee\/media\/274.jpg","datePublished":"2014-12-09T10:47:05+00:00","dateModified":"2014-12-09T10:47:05+00:00","breadcrumb":{"@id":"https:\/\/hobstop.ee\/lt\/produktas\/piesimo-popierius-canson-c-a-grain\/#breadcrumb"},"inLanguage":"lt","potentialAction":[{"@type":"ReadAction","target":["https:\/\/hobstop.ee\/lt\/produktas\/piesimo-popierius-canson-c-a-grain\/"]}]},{"@type":"ImageObject","inLanguage":"lt","@id":"https:\/\/hobstop.ee\/lt\/produktas\/piesimo-popierius-canson-c-a-grain\/#primaryimage","url":"https:\/\/hobstop.ee\/media\/274.jpg","contentUrl":"https:\/\/hobstop.ee\/media\/274.jpg","width":1024,"height":768},{"@type":"BreadcrumbList","@id":"https:\/\/hobstop.ee\/lt\/produktas\/piesimo-popierius-canson-c-a-grain\/#breadcrumb","itemListElement":[{"@type":"ListItem","position":1,"name":"Avaleht","item":"https:\/\/hobstop.ee\/lt\/"},{"@type":"ListItem","position":2,"name":"Parduotuv\u0117","item":"https:\/\/hobstop.ee\/lt\/parduotuve\/"},{"@type":"ListItem","position":3,"name":"Pie\u0161imo popierius Canson C a Grain"}]},{"@type":"WebSite","@id":"https:\/\/hobstop.ee\/lt\/#website","url":"https:\/\/hobstop.ee\/lt\/","name":"Skizze","description":"Dail\u0117s, pom\u0117gi\u0173 ir mokykliniai reikm\u0117nys","publisher":{"@id":"https:\/\/hobstop.ee\/lt\/#organization"},"potentialAction":[{"@type":"SearchAction","target":{"@type":"EntryPoint","urlTemplate":"https:\/\/hobstop.ee\/lt\/?s={search_term_string}"},"query-input":{"@type":"PropertyValueSpecification","valueRequired":true,"valueName":"search_term_string"}}],"inLanguage":"lt"},{"@type":"Organization","@id":"https:\/\/hobstop.ee\/lt\/#organization","name":"Vunder AS","url":"https:\/\/hobstop.ee\/lt\/","logo":{"@type":"ImageObject","inLanguage":"lt","@id":"https:\/\/hobstop.ee\/lt\/#\/schema\/logo\/image\/","url":"https:\/\/hobstop.ee\/media\/vunder-logo.png","contentUrl":"https:\/\/hobstop.ee\/media\/vunder-logo.png","width":127,"height":55,"caption":"Vunder AS"},"image":{"@id":"https:\/\/hobstop.ee\/lt\/#\/schema\/logo\/image\/"},"sameAs":["http:\/\/www.facebook.com\/VunderSkizze"]}]}},"_links":{"self":[{"href":"https:\/\/hobstop.ee\/lt\/wp-json\/wp\/v2\/product\/22916","targetHints":{"allow":["GET"]}}],"collection":[{"href":"https:\/\/hobstop.ee\/lt\/wp-json\/wp\/v2\/product"}],"about":[{"href":"https:\/\/hobstop.ee\/lt\/wp-json\/wp\/v2\/types\/product"}],"replies":[{"embeddable":true,"href":"https:\/\/hobstop.ee\/lt\/wp-json\/wp\/v2\/comments?post=22916"}],"wp:featuredmedia":[{"embeddable":true,"href":"https:\/\/hobstop.ee\/lt\/wp-json\/wp\/v2\/media\/101728"}],"wp:attachment":[{"href":"https:\/\/hobstop.ee\/lt\/wp-json\/wp\/v2\/media?parent=22916"}],"wp:term":[{"taxonomy":"product_cat","embeddable":true,"href":"https:\/\/hobstop.ee\/lt\/wp-json\/wp\/v2\/product_cat?post=22916"},{"taxonomy":"product_tag","embeddable":true,"href":"https:\/\/hobstop.ee\/lt\/wp-json\/wp\/v2\/product_tag?post=22916"}],"curies":[{"name":"wp","href":"https:\/\/api.w.org\/{rel}","templated":true}]}}