{"id":22950,"date":"2014-12-09T12:47:19","date_gmt":"2014-12-09T10:47:19","guid":{"rendered":"https:\/\/sharks.ee\/vunder_2019.klient.veebimajutus.ee\/?post_type=product&#038;p=22950"},"modified":"2014-12-09T12:47:19","modified_gmt":"2014-12-09T10:47:19","slug":"taburete-mabef-m39","status":"publish","type":"product","link":"https:\/\/hobstop.ee\/lt\/produktas\/taburete-mabef-m39\/","title":{"rendered":"Taburet\u0117 Mabef M39"},"content":{"rendered":"<p>Sudedamas Mabef stovas pasitarnaus kaip sudedama k\u0117d\u0117 lauke ar studijoje dirbantiems dailininkams. Trys sujungtos kojel\u0117s sudaro trikoj\u012f, k\u0117d\u0117 yra 50cm auk\u0161\u010dio, su patogia ir patvaria 35cm plo\u010dio odine s\u0117dyne. Atlaiko 90kg svor\u012f, itali\u0161ko dizaino, pagamintas i\u0161 ne\u0161varumams atsparaus alyvuoto ber\u017eo medienos, sveria tik 1kg.<\/p>\n","protected":false},"excerpt":{"rendered":"<p>Sudedamas Mabef stovas pasitarnaus kaip sudedama k\u0117d\u0117 lauke ar studijoje dirbantiems dailininkams. Trys sujungtos kojel\u0117s sudaro trikoj\u012f, k\u0117d\u0117 yra 50cm auk\u0161\u010dio, su patogia ir patvaria 35cm plo\u010dio odine s\u0117dyne. Atlaiko 90kg svor\u012f, itali\u0161ko dizaino, pagamintas i\u0161 ne\u0161varumams atsparaus alyvuoto ber\u017eo medienos, sveria tik 1kg.<\/p>\n","protected":false},"featured_media":101796,"comment_status":"closed","ping_status":"closed","template":"","meta":{"_acf_changed":false,"ep_exclude_from_search":false},"product_cat":[16124,19007,18935],"product_tag":[],"class_list":{"0":"post-22950","1":"product","2":"type-product","3":"status-publish","4":"has-post-thumbnail","6":"product_cat-dailes-prekes","7":"product_cat-ivairus-39","8":"product_cat-molbertai","10":"first","11":"instock","12":"taxable","13":"shipping-taxable","14":"purchasable","15":"product-type-variable"},"acf":[],"yoast_head":"<!-- This site is optimized with the Yoast SEO plugin v24.1 - https:\/\/yoast.com\/wordpress\/plugins\/seo\/ -->\n<title>Taburet\u0117 Mabef M39 &#8211; Skizze<\/title>\n<meta name=\"robots\" content=\"noindex, follow, max-snippet:-1, max-image-preview:large, max-video-preview:-1\" \/>\n<meta property=\"og:locale\" content=\"lt_LT\" \/>\n<meta property=\"og:type\" content=\"article\" \/>\n<meta property=\"og:title\" content=\"Taburet\u0117 Mabef M39 &#8211; Skizze\" \/>\n<meta property=\"og:description\" content=\"Sudedamas Mabef stovas pasitarnaus kaip sudedama k\u0117d\u0117 lauke ar studijoje dirbantiems dailininkams. Trys sujungtos kojel\u0117s sudaro trikoj\u012f, k\u0117d\u0117 yra 50cm auk\u0161\u010dio, su patogia ir patvaria 35cm plo\u010dio odine s\u0117dyne. Atlaiko 90kg svor\u012f, itali\u0161ko dizaino, pagamintas i\u0161 ne\u0161varumams atsparaus alyvuoto ber\u017eo medienos, sveria tik 1kg.\" \/>\n<meta property=\"og:url\" content=\"https:\/\/hobstop.ee\/lt\/produktas\/taburete-mabef-m39\/\" \/>\n<meta property=\"og:site_name\" content=\"Skizze\" \/>\n<meta property=\"article:publisher\" content=\"http:\/\/www.facebook.com\/VunderSkizze\" \/>\n<meta property=\"og:image\" content=\"https:\/\/hobstop.ee\/media\/310.jpg\" \/>\n\t<meta property=\"og:image:width\" content=\"1024\" \/>\n\t<meta property=\"og:image:height\" content=\"768\" \/>\n\t<meta property=\"og:image:type\" content=\"image\/jpeg\" \/>\n<meta name=\"twitter:card\" content=\"summary_large_image\" \/>\n<script type=\"application\/ld+json\" class=\"yoast-schema-graph\">{\"@context\":\"https:\/\/schema.org\",\"@graph\":[{\"@type\":\"WebPage\",\"@id\":\"https:\/\/hobstop.ee\/lt\/produktas\/taburete-mabef-m39\/\",\"url\":\"https:\/\/hobstop.ee\/lt\/produktas\/taburete-mabef-m39\/\",\"name\":\"Taburet\u0117 Mabef M39 &#8211; Skizze\",\"isPartOf\":{\"@id\":\"https:\/\/hobstop.ee\/lt\/#website\"},\"primaryImageOfPage\":{\"@id\":\"https:\/\/hobstop.ee\/lt\/produktas\/taburete-mabef-m39\/#primaryimage\"},\"image\":{\"@id\":\"https:\/\/hobstop.ee\/lt\/produktas\/taburete-mabef-m39\/#primaryimage\"},\"thumbnailUrl\":\"https:\/\/hobstop.ee\/media\/310.jpg\",\"datePublished\":\"2014-12-09T10:47:19+00:00\",\"dateModified\":\"2014-12-09T10:47:19+00:00\",\"breadcrumb\":{\"@id\":\"https:\/\/hobstop.ee\/lt\/produktas\/taburete-mabef-m39\/#breadcrumb\"},\"inLanguage\":\"lt\",\"potentialAction\":[{\"@type\":\"ReadAction\",\"target\":[\"https:\/\/hobstop.ee\/lt\/produktas\/taburete-mabef-m39\/\"]}]},{\"@type\":\"ImageObject\",\"inLanguage\":\"lt\",\"@id\":\"https:\/\/hobstop.ee\/lt\/produktas\/taburete-mabef-m39\/#primaryimage\",\"url\":\"https:\/\/hobstop.ee\/media\/310.jpg\",\"contentUrl\":\"https:\/\/hobstop.ee\/media\/310.jpg\",\"width\":1024,\"height\":768},{\"@type\":\"BreadcrumbList\",\"@id\":\"https:\/\/hobstop.ee\/lt\/produktas\/taburete-mabef-m39\/#breadcrumb\",\"itemListElement\":[{\"@type\":\"ListItem\",\"position\":1,\"name\":\"Avaleht\",\"item\":\"https:\/\/hobstop.ee\/lt\/\"},{\"@type\":\"ListItem\",\"position\":2,\"name\":\"Parduotuv\u0117\",\"item\":\"https:\/\/hobstop.ee\/lt\/parduotuve\/\"},{\"@type\":\"ListItem\",\"position\":3,\"name\":\"Taburet\u0117 Mabef M39\"}]},{\"@type\":\"WebSite\",\"@id\":\"https:\/\/hobstop.ee\/lt\/#website\",\"url\":\"https:\/\/hobstop.ee\/lt\/\",\"name\":\"Skizze\",\"description\":\"Dail\u0117s, pom\u0117gi\u0173 ir mokykliniai reikm\u0117nys\",\"publisher\":{\"@id\":\"https:\/\/hobstop.ee\/lt\/#organization\"},\"potentialAction\":[{\"@type\":\"SearchAction\",\"target\":{\"@type\":\"EntryPoint\",\"urlTemplate\":\"https:\/\/hobstop.ee\/lt\/?s={search_term_string}\"},\"query-input\":{\"@type\":\"PropertyValueSpecification\",\"valueRequired\":true,\"valueName\":\"search_term_string\"}}],\"inLanguage\":\"lt\"},{\"@type\":\"Organization\",\"@id\":\"https:\/\/hobstop.ee\/lt\/#organization\",\"name\":\"Vunder AS\",\"url\":\"https:\/\/hobstop.ee\/lt\/\",\"logo\":{\"@type\":\"ImageObject\",\"inLanguage\":\"lt\",\"@id\":\"https:\/\/hobstop.ee\/lt\/#\/schema\/logo\/image\/\",\"url\":\"https:\/\/hobstop.ee\/media\/vunder-logo.png\",\"contentUrl\":\"https:\/\/hobstop.ee\/media\/vunder-logo.png\",\"width\":127,\"height\":55,\"caption\":\"Vunder AS\"},\"image\":{\"@id\":\"https:\/\/hobstop.ee\/lt\/#\/schema\/logo\/image\/\"},\"sameAs\":[\"http:\/\/www.facebook.com\/VunderSkizze\"]}]}<\/script>\n<!-- \/ Yoast SEO plugin. -->","yoast_head_json":{"title":"Taburet\u0117 Mabef M39 &#8211; Skizze","robots":{"index":"noindex","follow":"follow","max-snippet":"max-snippet:-1","max-image-preview":"max-image-preview:large","max-video-preview":"max-video-preview:-1"},"og_locale":"lt_LT","og_type":"article","og_title":"Taburet\u0117 Mabef M39 &#8211; Skizze","og_description":"Sudedamas Mabef stovas pasitarnaus kaip sudedama k\u0117d\u0117 lauke ar studijoje dirbantiems dailininkams. Trys sujungtos kojel\u0117s sudaro trikoj\u012f, k\u0117d\u0117 yra 50cm auk\u0161\u010dio, su patogia ir patvaria 35cm plo\u010dio odine s\u0117dyne. Atlaiko 90kg svor\u012f, itali\u0161ko dizaino, pagamintas i\u0161 ne\u0161varumams atsparaus alyvuoto ber\u017eo medienos, sveria tik 1kg.","og_url":"https:\/\/hobstop.ee\/lt\/produktas\/taburete-mabef-m39\/","og_site_name":"Skizze","article_publisher":"http:\/\/www.facebook.com\/VunderSkizze","og_image":[{"width":1024,"height":768,"url":"https:\/\/hobstop.ee\/media\/310.jpg","type":"image\/jpeg"}],"twitter_card":"summary_large_image","schema":{"@context":"https:\/\/schema.org","@graph":[{"@type":"WebPage","@id":"https:\/\/hobstop.ee\/lt\/produktas\/taburete-mabef-m39\/","url":"https:\/\/hobstop.ee\/lt\/produktas\/taburete-mabef-m39\/","name":"Taburet\u0117 Mabef M39 &#8211; Skizze","isPartOf":{"@id":"https:\/\/hobstop.ee\/lt\/#website"},"primaryImageOfPage":{"@id":"https:\/\/hobstop.ee\/lt\/produktas\/taburete-mabef-m39\/#primaryimage"},"image":{"@id":"https:\/\/hobstop.ee\/lt\/produktas\/taburete-mabef-m39\/#primaryimage"},"thumbnailUrl":"https:\/\/hobstop.ee\/media\/310.jpg","datePublished":"2014-12-09T10:47:19+00:00","dateModified":"2014-12-09T10:47:19+00:00","breadcrumb":{"@id":"https:\/\/hobstop.ee\/lt\/produktas\/taburete-mabef-m39\/#breadcrumb"},"inLanguage":"lt","potentialAction":[{"@type":"ReadAction","target":["https:\/\/hobstop.ee\/lt\/produktas\/taburete-mabef-m39\/"]}]},{"@type":"ImageObject","inLanguage":"lt","@id":"https:\/\/hobstop.ee\/lt\/produktas\/taburete-mabef-m39\/#primaryimage","url":"https:\/\/hobstop.ee\/media\/310.jpg","contentUrl":"https:\/\/hobstop.ee\/media\/310.jpg","width":1024,"height":768},{"@type":"BreadcrumbList","@id":"https:\/\/hobstop.ee\/lt\/produktas\/taburete-mabef-m39\/#breadcrumb","itemListElement":[{"@type":"ListItem","position":1,"name":"Avaleht","item":"https:\/\/hobstop.ee\/lt\/"},{"@type":"ListItem","position":2,"name":"Parduotuv\u0117","item":"https:\/\/hobstop.ee\/lt\/parduotuve\/"},{"@type":"ListItem","position":3,"name":"Taburet\u0117 Mabef M39"}]},{"@type":"WebSite","@id":"https:\/\/hobstop.ee\/lt\/#website","url":"https:\/\/hobstop.ee\/lt\/","name":"Skizze","description":"Dail\u0117s, pom\u0117gi\u0173 ir mokykliniai reikm\u0117nys","publisher":{"@id":"https:\/\/hobstop.ee\/lt\/#organization"},"potentialAction":[{"@type":"SearchAction","target":{"@type":"EntryPoint","urlTemplate":"https:\/\/hobstop.ee\/lt\/?s={search_term_string}"},"query-input":{"@type":"PropertyValueSpecification","valueRequired":true,"valueName":"search_term_string"}}],"inLanguage":"lt"},{"@type":"Organization","@id":"https:\/\/hobstop.ee\/lt\/#organization","name":"Vunder AS","url":"https:\/\/hobstop.ee\/lt\/","logo":{"@type":"ImageObject","inLanguage":"lt","@id":"https:\/\/hobstop.ee\/lt\/#\/schema\/logo\/image\/","url":"https:\/\/hobstop.ee\/media\/vunder-logo.png","contentUrl":"https:\/\/hobstop.ee\/media\/vunder-logo.png","width":127,"height":55,"caption":"Vunder AS"},"image":{"@id":"https:\/\/hobstop.ee\/lt\/#\/schema\/logo\/image\/"},"sameAs":["http:\/\/www.facebook.com\/VunderSkizze"]}]}},"_links":{"self":[{"href":"https:\/\/hobstop.ee\/lt\/wp-json\/wp\/v2\/product\/22950","targetHints":{"allow":["GET"]}}],"collection":[{"href":"https:\/\/hobstop.ee\/lt\/wp-json\/wp\/v2\/product"}],"about":[{"href":"https:\/\/hobstop.ee\/lt\/wp-json\/wp\/v2\/types\/product"}],"replies":[{"embeddable":true,"href":"https:\/\/hobstop.ee\/lt\/wp-json\/wp\/v2\/comments?post=22950"}],"wp:featuredmedia":[{"embeddable":true,"href":"https:\/\/hobstop.ee\/lt\/wp-json\/wp\/v2\/media\/101796"}],"wp:attachment":[{"href":"https:\/\/hobstop.ee\/lt\/wp-json\/wp\/v2\/media?parent=22950"}],"wp:term":[{"taxonomy":"product_cat","embeddable":true,"href":"https:\/\/hobstop.ee\/lt\/wp-json\/wp\/v2\/product_cat?post=22950"},{"taxonomy":"product_tag","embeddable":true,"href":"https:\/\/hobstop.ee\/lt\/wp-json\/wp\/v2\/product_tag?post=22950"}],"curies":[{"name":"wp","href":"https:\/\/api.w.org\/{rel}","templated":true}]}}