{"id":22962,"date":"2014-11-08T14:52:55","date_gmt":"2014-11-08T12:52:55","guid":{"rendered":"https:\/\/sharks.ee\/vunder_2019.klient.veebimajutus.ee\/?post_type=product&p=22962"},"modified":"2014-11-08T14:52:55","modified_gmt":"2014-11-08T11:52:55","slug":"kalke-canson-spalvotos-a4","status":"publish","type":"product","link":"https:\/\/hobstop.ee\/lt\/produktas\/kalke-canson-spalvotos-a4\/","title":{"rendered":"Kalk\u0117 Canson spalvotos A4"},"content":{"rendered":"<p>Spalvotos kalk\u0117s \u201eCanson\u201c pagrindin\u0117s savyb\u0117s \u2013 ji yra itin plona ir ry\u0161ki\u0173 spalv\u0173, tod\u0117l puikiai tinka rankdarbiams, dekoravimui, lai\u0161kams ra\u0161yti ir i\u0161karpoms daryti.<br \/>\nLabai tinka rankdarbiams.<\/p>\n","protected":false},"excerpt":{"rendered":"<p>Spalvotos kalk\u0117s \u201eCanson\u201c pagrindin\u0117s savyb\u0117s \u2013 ji yra itin plona ir ry\u0161ki\u0173 spalv\u0173, tod\u0117l puikiai tinka rankdarbiams, dekoravimui, lai\u0161kams ra\u0161yti ir i\u0161karpoms daryti. Labai tinka rankdarbiams.<\/p>\n","protected":false},"featured_media":143477,"comment_status":"closed","ping_status":"closed","template":"","meta":{"_acf_changed":false,"ep_exclude_from_search":false},"product_cat":[14879,17922,18000],"product_tag":[],"class_list":{"0":"post-22962","1":"product","2":"type-product","3":"status-publish","4":"has-post-thumbnail","6":"product_cat-karvatraadid-ja-pallid","7":"product_cat-popieriaus-prekes","8":"product_cat-technine-braizyba","9":"pa_kma-2337","10":"pa_kma-2339","11":"pa_kma-2340","12":"pa_kma-2341","13":"pa_kma-2342","14":"pa_kma-2344","15":"pa_kma-2345","16":"pa_kma-2346","17":"pa_kma-2347","18":"pa_kma-2348","19":"pa_kma-2349","20":"pa_kma-2350","21":"pa_kma-2351","22":"pa_kma-2353","23":"pa_kma-2354","24":"pa_kma-2356","26":"first","27":"instock","28":"sale","29":"taxable","30":"shipping-taxable","31":"purchasable","32":"product-type-variable"},"acf":[],"yoast_head":"<!-- This site is optimized with the Yoast SEO plugin v24.1 - https:\/\/yoast.com\/wordpress\/plugins\/seo\/ -->\n<title>Kalk\u0117 Canson spalvotos A4 &#8211; Skizze<\/title>\n<meta name=\"robots\" content=\"noindex, follow, max-snippet:-1, max-image-preview:large, max-video-preview:-1\" \/>\n<meta property=\"og:locale\" content=\"lt_LT\" \/>\n<meta property=\"og:type\" content=\"article\" \/>\n<meta property=\"og:title\" content=\"Kalk\u0117 Canson spalvotos A4 &#8211; Skizze\" \/>\n<meta property=\"og:description\" content=\"Spalvotos kalk\u0117s \u201eCanson\u201c pagrindin\u0117s savyb\u0117s \u2013 ji yra itin plona ir ry\u0161ki\u0173 spalv\u0173, tod\u0117l puikiai tinka rankdarbiams, dekoravimui, lai\u0161kams ra\u0161yti ir i\u0161karpoms daryti. Labai tinka rankdarbiams.\" \/>\n<meta property=\"og:url\" content=\"https:\/\/hobstop.ee\/lt\/produktas\/kalke-canson-spalvotos-a4\/\" \/>\n<meta property=\"og:site_name\" content=\"Skizze\" \/>\n<meta property=\"article:publisher\" content=\"http:\/\/www.facebook.com\/VunderSkizze\" \/>\n<meta property=\"article:modified_time\" content=\"-0001-11-30T00:00:00+00:00\" \/>\n<meta property=\"og:image\" content=\"https:\/\/www.hobstop.ee\/media\/390.jpg\" \/>\n\t<meta property=\"og:image:width\" content=\"1024\" \/>\n\t<meta property=\"og:image:height\" content=\"768\" \/>\n\t<meta property=\"og:image:type\" content=\"image\/jpeg\" \/>\n<meta name=\"twitter:card\" content=\"summary_large_image\" \/>\n<script type=\"application\/ld+json\" class=\"yoast-schema-graph\">{\"@context\":\"https:\/\/schema.org\",\"@graph\":[{\"@type\":\"WebPage\",\"@id\":\"https:\/\/hobstop.ee\/lt\/produktas\/kalke-canson-spalvotos-a4\/\",\"url\":\"https:\/\/hobstop.ee\/lt\/produktas\/kalke-canson-spalvotos-a4\/\",\"name\":\"Kalk\u0117 Canson spalvotos A4 &#8211; Skizze\",\"isPartOf\":{\"@id\":\"https:\/\/hobstop.ee\/lt\/#website\"},\"primaryImageOfPage\":{\"@id\":\"https:\/\/hobstop.ee\/lt\/produktas\/kalke-canson-spalvotos-a4\/#primaryimage\"},\"image\":{\"@id\":\"https:\/\/hobstop.ee\/lt\/produktas\/kalke-canson-spalvotos-a4\/#primaryimage\"},\"thumbnailUrl\":\"https:\/\/hobstop.ee\/media\/390.jpg\",\"datePublished\":\"2014-11-08T12:52:55+00:00\",\"dateModified\":\"-0001-11-30T00:00:00+00:00\",\"breadcrumb\":{\"@id\":\"https:\/\/hobstop.ee\/lt\/produktas\/kalke-canson-spalvotos-a4\/#breadcrumb\"},\"inLanguage\":\"lt\",\"potentialAction\":[{\"@type\":\"ReadAction\",\"target\":[\"https:\/\/hobstop.ee\/lt\/produktas\/kalke-canson-spalvotos-a4\/\"]}]},{\"@type\":\"ImageObject\",\"inLanguage\":\"lt\",\"@id\":\"https:\/\/hobstop.ee\/lt\/produktas\/kalke-canson-spalvotos-a4\/#primaryimage\",\"url\":\"https:\/\/hobstop.ee\/media\/390.jpg\",\"contentUrl\":\"https:\/\/hobstop.ee\/media\/390.jpg\",\"width\":1024,\"height\":768},{\"@type\":\"BreadcrumbList\",\"@id\":\"https:\/\/hobstop.ee\/lt\/produktas\/kalke-canson-spalvotos-a4\/#breadcrumb\",\"itemListElement\":[{\"@type\":\"ListItem\",\"position\":1,\"name\":\"Avaleht\",\"item\":\"https:\/\/hobstop.ee\/lt\/\"},{\"@type\":\"ListItem\",\"position\":2,\"name\":\"Parduotuv\u0117\",\"item\":\"https:\/\/hobstop.ee\/lt\/parduotuve\/\"},{\"@type\":\"ListItem\",\"position\":3,\"name\":\"Kalk\u0117 Canson spalvotos A4\"}]},{\"@type\":\"WebSite\",\"@id\":\"https:\/\/hobstop.ee\/lt\/#website\",\"url\":\"https:\/\/hobstop.ee\/lt\/\",\"name\":\"Skizze\",\"description\":\"Dail\u0117s, pom\u0117gi\u0173 ir mokykliniai reikm\u0117nys\",\"publisher\":{\"@id\":\"https:\/\/hobstop.ee\/lt\/#organization\"},\"potentialAction\":[{\"@type\":\"SearchAction\",\"target\":{\"@type\":\"EntryPoint\",\"urlTemplate\":\"https:\/\/hobstop.ee\/lt\/?s={search_term_string}\"},\"query-input\":{\"@type\":\"PropertyValueSpecification\",\"valueRequired\":true,\"valueName\":\"search_term_string\"}}],\"inLanguage\":\"lt\"},{\"@type\":\"Organization\",\"@id\":\"https:\/\/hobstop.ee\/lt\/#organization\",\"name\":\"Vunder AS\",\"url\":\"https:\/\/hobstop.ee\/lt\/\",\"logo\":{\"@type\":\"ImageObject\",\"inLanguage\":\"lt\",\"@id\":\"https:\/\/hobstop.ee\/lt\/#\/schema\/logo\/image\/\",\"url\":\"https:\/\/hobstop.ee\/media\/vunder-logo.png\",\"contentUrl\":\"https:\/\/hobstop.ee\/media\/vunder-logo.png\",\"width\":127,\"height\":55,\"caption\":\"Vunder AS\"},\"image\":{\"@id\":\"https:\/\/hobstop.ee\/lt\/#\/schema\/logo\/image\/\"},\"sameAs\":[\"http:\/\/www.facebook.com\/VunderSkizze\"]}]}<\/script>\n<!-- \/ Yoast SEO plugin. -->","yoast_head_json":{"title":"Kalk\u0117 Canson spalvotos A4 &#8211; Skizze","robots":{"index":"noindex","follow":"follow","max-snippet":"max-snippet:-1","max-image-preview":"max-image-preview:large","max-video-preview":"max-video-preview:-1"},"og_locale":"lt_LT","og_type":"article","og_title":"Kalk\u0117 Canson spalvotos A4 &#8211; Skizze","og_description":"Spalvotos kalk\u0117s \u201eCanson\u201c pagrindin\u0117s savyb\u0117s \u2013 ji yra itin plona ir ry\u0161ki\u0173 spalv\u0173, tod\u0117l puikiai tinka rankdarbiams, dekoravimui, lai\u0161kams ra\u0161yti ir i\u0161karpoms daryti. Labai tinka rankdarbiams.","og_url":"https:\/\/hobstop.ee\/lt\/produktas\/kalke-canson-spalvotos-a4\/","og_site_name":"Skizze","article_publisher":"http:\/\/www.facebook.com\/VunderSkizze","article_modified_time":"-0001-11-30T00:00:00+00:00","og_image":[{"width":1024,"height":768,"url":"https:\/\/www.hobstop.ee\/media\/390.jpg","type":"image\/jpeg"}],"twitter_card":"summary_large_image","schema":{"@context":"https:\/\/schema.org","@graph":[{"@type":"WebPage","@id":"https:\/\/hobstop.ee\/lt\/produktas\/kalke-canson-spalvotos-a4\/","url":"https:\/\/hobstop.ee\/lt\/produktas\/kalke-canson-spalvotos-a4\/","name":"Kalk\u0117 Canson spalvotos A4 &#8211; Skizze","isPartOf":{"@id":"https:\/\/hobstop.ee\/lt\/#website"},"primaryImageOfPage":{"@id":"https:\/\/hobstop.ee\/lt\/produktas\/kalke-canson-spalvotos-a4\/#primaryimage"},"image":{"@id":"https:\/\/hobstop.ee\/lt\/produktas\/kalke-canson-spalvotos-a4\/#primaryimage"},"thumbnailUrl":"https:\/\/hobstop.ee\/media\/390.jpg","datePublished":"2014-11-08T12:52:55+00:00","dateModified":"-0001-11-30T00:00:00+00:00","breadcrumb":{"@id":"https:\/\/hobstop.ee\/lt\/produktas\/kalke-canson-spalvotos-a4\/#breadcrumb"},"inLanguage":"lt","potentialAction":[{"@type":"ReadAction","target":["https:\/\/hobstop.ee\/lt\/produktas\/kalke-canson-spalvotos-a4\/"]}]},{"@type":"ImageObject","inLanguage":"lt","@id":"https:\/\/hobstop.ee\/lt\/produktas\/kalke-canson-spalvotos-a4\/#primaryimage","url":"https:\/\/hobstop.ee\/media\/390.jpg","contentUrl":"https:\/\/hobstop.ee\/media\/390.jpg","width":1024,"height":768},{"@type":"BreadcrumbList","@id":"https:\/\/hobstop.ee\/lt\/produktas\/kalke-canson-spalvotos-a4\/#breadcrumb","itemListElement":[{"@type":"ListItem","position":1,"name":"Avaleht","item":"https:\/\/hobstop.ee\/lt\/"},{"@type":"ListItem","position":2,"name":"Parduotuv\u0117","item":"https:\/\/hobstop.ee\/lt\/parduotuve\/"},{"@type":"ListItem","position":3,"name":"Kalk\u0117 Canson spalvotos A4"}]},{"@type":"WebSite","@id":"https:\/\/hobstop.ee\/lt\/#website","url":"https:\/\/hobstop.ee\/lt\/","name":"Skizze","description":"Dail\u0117s, pom\u0117gi\u0173 ir mokykliniai reikm\u0117nys","publisher":{"@id":"https:\/\/hobstop.ee\/lt\/#organization"},"potentialAction":[{"@type":"SearchAction","target":{"@type":"EntryPoint","urlTemplate":"https:\/\/hobstop.ee\/lt\/?s={search_term_string}"},"query-input":{"@type":"PropertyValueSpecification","valueRequired":true,"valueName":"search_term_string"}}],"inLanguage":"lt"},{"@type":"Organization","@id":"https:\/\/hobstop.ee\/lt\/#organization","name":"Vunder AS","url":"https:\/\/hobstop.ee\/lt\/","logo":{"@type":"ImageObject","inLanguage":"lt","@id":"https:\/\/hobstop.ee\/lt\/#\/schema\/logo\/image\/","url":"https:\/\/hobstop.ee\/media\/vunder-logo.png","contentUrl":"https:\/\/hobstop.ee\/media\/vunder-logo.png","width":127,"height":55,"caption":"Vunder AS"},"image":{"@id":"https:\/\/hobstop.ee\/lt\/#\/schema\/logo\/image\/"},"sameAs":["http:\/\/www.facebook.com\/VunderSkizze"]}]}},"_links":{"self":[{"href":"https:\/\/hobstop.ee\/lt\/wp-json\/wp\/v2\/product\/22962","targetHints":{"allow":["GET"]}}],"collection":[{"href":"https:\/\/hobstop.ee\/lt\/wp-json\/wp\/v2\/product"}],"about":[{"href":"https:\/\/hobstop.ee\/lt\/wp-json\/wp\/v2\/types\/product"}],"replies":[{"embeddable":true,"href":"https:\/\/hobstop.ee\/lt\/wp-json\/wp\/v2\/comments?post=22962"}],"wp:featuredmedia":[{"embeddable":true,"href":"https:\/\/hobstop.ee\/lt\/wp-json\/wp\/v2\/media\/143477"}],"wp:attachment":[{"href":"https:\/\/hobstop.ee\/lt\/wp-json\/wp\/v2\/media?parent=22962"}],"wp:term":[{"taxonomy":"product_cat","embeddable":true,"href":"https:\/\/hobstop.ee\/lt\/wp-json\/wp\/v2\/product_cat?post=22962"},{"taxonomy":"product_tag","embeddable":true,"href":"https:\/\/hobstop.ee\/lt\/wp-json\/wp\/v2\/product_tag?post=22962"}],"curies":[{"name":"wp","href":"https:\/\/api.w.org\/{rel}","templated":true}]}}