{"id":22973,"date":"2014-12-09T12:47:28","date_gmt":"2014-12-09T10:47:28","guid":{"rendered":"https:\/\/sharks.ee\/vunder_2019.klient.veebimajutus.ee\/?post_type=product&#038;p=22973"},"modified":"2014-12-09T12:47:28","modified_gmt":"2014-12-09T10:47:28","slug":"kaligrafijos-rinkinys-deluxe-calligraphy","status":"publish","type":"product","link":"https:\/\/hobstop.ee\/lt\/produktas\/kaligrafijos-rinkinys-deluxe-calligraphy\/","title":{"rendered":"Kaligrafijos rinkinys Deluxe Calligraphy"},"content":{"rendered":"<p>Spindin\u010dioje sidabrin\u0117je d\u0117\u017eut\u0117je esan\u010diame \u201eManuscript Deluxe\u201c kaligrafijos komplekte yra klasikinio stiliaus, auksin\u0117mis detal\u0117mis dekoruotos plunksnos. Naudodami \u0161iame komplekte esan\u010dias plunksnas galite tobulinti savo kaligrafijos \u012fg\u016bd\u017eius ir ra\u0161ym\u0105 \u012fvairiais \u0161riftais bei stiliais. \u201eManuscript\u201c kaligrafijos komplektas su \u0161e\u0161iomis plunksnomis yra puiki dovana draugui ar brangiam artimam asmeniui.<\/p>\n<p>Komplekte yra:<br \/>\nPlona (0.85mm) plunksna<br \/>\nVidutin\u0117 (1.1mm) plunksna<br \/>\nPlati (1.35mm) plunksna<br \/>\n2B (1.6mm) plunksna<br \/>\n3B (2.2mm) plunksna<br \/>\n4B (2.8mm) plunksna<br \/>\nKlasikin\u0117 plunksna<br \/>\nJuodo, m\u0117lyno, raudono ir \u017ealio ra\u0161alo kapsul\u0117s (dydis: \u201eInternational\u201c)<br \/>\nPripildoma kapsul\u0117<br \/>\nNaudojimo instrukcija (angl\u0173 kalba)<br \/>\nD\u0117\u017eut\u0117<\/p>\n","protected":false},"excerpt":{"rendered":"<p>Spindin\u010dioje sidabrin\u0117je d\u0117\u017eut\u0117je esan\u010diame \u201eManuscript Deluxe\u201c kaligrafijos komplekte yra klasikinio stiliaus, auksin\u0117mis detal\u0117mis dekoruotos plunksnos. Naudodami \u0161iame komplekte esan\u010dias plunksnas galite tobulinti savo kaligrafijos \u012fg\u016bd\u017eius ir ra\u0161ym\u0105 \u012fvairiais \u0161riftais bei stiliais. \u201eManuscript\u201c kaligrafijos komplektas su \u0161e\u0161iomis plunksnomis yra puiki dovana draugui ar brangiam artimam asmeniui. Komplekte yra: Plona (0.85mm) plunksna Vidutin\u0117 (1.1mm) plunksna Plati (1.35mm) plunksna 2B (1.6mm) plunksna 3B (2.2mm) plunksna 4B (2.8mm) plunksna Klasikin\u0117 plunksna Juodo, m\u0117lyno, raudono ir \u017ealio ra\u0161alo kapsul\u0117s (dydis: \u201eInternational\u201c) Pripildoma kapsul\u0117 Naudojimo instrukcija (angl\u0173 kalba) D\u0117\u017eut\u0117<\/p>\n","protected":false},"featured_media":293926,"comment_status":"closed","ping_status":"closed","template":"","meta":{"_acf_changed":false,"ep_exclude_from_search":false},"product_cat":[16124,14880,18605],"product_tag":[],"class_list":{"0":"post-22973","1":"product","2":"type-product","3":"status-publish","4":"has-post-thumbnail","6":"product_cat-dailes-prekes","7":"product_cat-kiirkoitjad","8":"product_cat-parkeriai","10":"first","11":"outofstock","12":"taxable","13":"shipping-taxable","14":"purchasable","15":"product-type-variable"},"acf":[],"yoast_head":"<!-- This site is optimized with the Yoast SEO plugin v24.1 - https:\/\/yoast.com\/wordpress\/plugins\/seo\/ -->\n<title>Kaligrafijos rinkinys Deluxe Calligraphy &#8211; Skizze<\/title>\n<meta name=\"robots\" content=\"noindex, follow, max-snippet:-1, max-image-preview:large, max-video-preview:-1\" \/>\n<meta property=\"og:locale\" content=\"lt_LT\" \/>\n<meta property=\"og:type\" content=\"article\" \/>\n<meta property=\"og:title\" content=\"Kaligrafijos rinkinys Deluxe Calligraphy &#8211; Skizze\" \/>\n<meta property=\"og:description\" content=\"Spindin\u010dioje sidabrin\u0117je d\u0117\u017eut\u0117je esan\u010diame \u201eManuscript Deluxe\u201c kaligrafijos komplekte yra klasikinio stiliaus, auksin\u0117mis detal\u0117mis dekoruotos plunksnos. Naudodami \u0161iame komplekte esan\u010dias plunksnas galite tobulinti savo kaligrafijos \u012fg\u016bd\u017eius ir ra\u0161ym\u0105 \u012fvairiais \u0161riftais bei stiliais. \u201eManuscript\u201c kaligrafijos komplektas su \u0161e\u0161iomis plunksnomis yra puiki dovana draugui ar brangiam artimam asmeniui. Komplekte yra: Plona (0.85mm) plunksna Vidutin\u0117 (1.1mm) plunksna Plati (1.35mm) plunksna 2B (1.6mm) plunksna 3B (2.2mm) plunksna 4B (2.8mm) plunksna Klasikin\u0117 plunksna Juodo, m\u0117lyno, raudono ir \u017ealio ra\u0161alo kapsul\u0117s (dydis: \u201eInternational\u201c) Pripildoma kapsul\u0117 Naudojimo instrukcija (angl\u0173 kalba) D\u0117\u017eut\u0117\" \/>\n<meta property=\"og:url\" content=\"https:\/\/hobstop.ee\/lt\/produktas\/kaligrafijos-rinkinys-deluxe-calligraphy\/\" \/>\n<meta property=\"og:site_name\" content=\"Skizze\" \/>\n<meta property=\"article:publisher\" content=\"http:\/\/www.facebook.com\/VunderSkizze\" \/>\n<meta property=\"og:image\" content=\"https:\/\/hobstop.ee\/media\/444.jpg\" \/>\n\t<meta property=\"og:image:width\" content=\"1024\" \/>\n\t<meta property=\"og:image:height\" content=\"768\" \/>\n\t<meta property=\"og:image:type\" content=\"image\/jpeg\" \/>\n<meta name=\"twitter:card\" content=\"summary_large_image\" \/>\n<script type=\"application\/ld+json\" class=\"yoast-schema-graph\">{\"@context\":\"https:\/\/schema.org\",\"@graph\":[{\"@type\":\"WebPage\",\"@id\":\"https:\/\/hobstop.ee\/lt\/produktas\/kaligrafijos-rinkinys-deluxe-calligraphy\/\",\"url\":\"https:\/\/hobstop.ee\/lt\/produktas\/kaligrafijos-rinkinys-deluxe-calligraphy\/\",\"name\":\"Kaligrafijos rinkinys Deluxe Calligraphy &#8211; Skizze\",\"isPartOf\":{\"@id\":\"https:\/\/hobstop.ee\/lt\/#website\"},\"primaryImageOfPage\":{\"@id\":\"https:\/\/hobstop.ee\/lt\/produktas\/kaligrafijos-rinkinys-deluxe-calligraphy\/#primaryimage\"},\"image\":{\"@id\":\"https:\/\/hobstop.ee\/lt\/produktas\/kaligrafijos-rinkinys-deluxe-calligraphy\/#primaryimage\"},\"thumbnailUrl\":\"https:\/\/hobstop.ee\/media\/444.jpg\",\"datePublished\":\"2014-12-09T10:47:28+00:00\",\"dateModified\":\"2014-12-09T10:47:28+00:00\",\"breadcrumb\":{\"@id\":\"https:\/\/hobstop.ee\/lt\/produktas\/kaligrafijos-rinkinys-deluxe-calligraphy\/#breadcrumb\"},\"inLanguage\":\"lt\",\"potentialAction\":[{\"@type\":\"ReadAction\",\"target\":[\"https:\/\/hobstop.ee\/lt\/produktas\/kaligrafijos-rinkinys-deluxe-calligraphy\/\"]}]},{\"@type\":\"ImageObject\",\"inLanguage\":\"lt\",\"@id\":\"https:\/\/hobstop.ee\/lt\/produktas\/kaligrafijos-rinkinys-deluxe-calligraphy\/#primaryimage\",\"url\":\"https:\/\/hobstop.ee\/media\/444.jpg\",\"contentUrl\":\"https:\/\/hobstop.ee\/media\/444.jpg\",\"width\":1024,\"height\":768},{\"@type\":\"BreadcrumbList\",\"@id\":\"https:\/\/hobstop.ee\/lt\/produktas\/kaligrafijos-rinkinys-deluxe-calligraphy\/#breadcrumb\",\"itemListElement\":[{\"@type\":\"ListItem\",\"position\":1,\"name\":\"Avaleht\",\"item\":\"https:\/\/hobstop.ee\/lt\/\"},{\"@type\":\"ListItem\",\"position\":2,\"name\":\"Parduotuv\u0117\",\"item\":\"https:\/\/hobstop.ee\/lt\/parduotuve\/\"},{\"@type\":\"ListItem\",\"position\":3,\"name\":\"Kaligrafijos rinkinys Deluxe Calligraphy\"}]},{\"@type\":\"WebSite\",\"@id\":\"https:\/\/hobstop.ee\/lt\/#website\",\"url\":\"https:\/\/hobstop.ee\/lt\/\",\"name\":\"Skizze\",\"description\":\"Dail\u0117s, pom\u0117gi\u0173 ir mokykliniai reikm\u0117nys\",\"publisher\":{\"@id\":\"https:\/\/hobstop.ee\/lt\/#organization\"},\"potentialAction\":[{\"@type\":\"SearchAction\",\"target\":{\"@type\":\"EntryPoint\",\"urlTemplate\":\"https:\/\/hobstop.ee\/lt\/?s={search_term_string}\"},\"query-input\":{\"@type\":\"PropertyValueSpecification\",\"valueRequired\":true,\"valueName\":\"search_term_string\"}}],\"inLanguage\":\"lt\"},{\"@type\":\"Organization\",\"@id\":\"https:\/\/hobstop.ee\/lt\/#organization\",\"name\":\"Vunder AS\",\"url\":\"https:\/\/hobstop.ee\/lt\/\",\"logo\":{\"@type\":\"ImageObject\",\"inLanguage\":\"lt\",\"@id\":\"https:\/\/hobstop.ee\/lt\/#\/schema\/logo\/image\/\",\"url\":\"https:\/\/hobstop.ee\/media\/vunder-logo.png\",\"contentUrl\":\"https:\/\/hobstop.ee\/media\/vunder-logo.png\",\"width\":127,\"height\":55,\"caption\":\"Vunder AS\"},\"image\":{\"@id\":\"https:\/\/hobstop.ee\/lt\/#\/schema\/logo\/image\/\"},\"sameAs\":[\"http:\/\/www.facebook.com\/VunderSkizze\"]}]}<\/script>\n<!-- \/ Yoast SEO plugin. -->","yoast_head_json":{"title":"Kaligrafijos rinkinys Deluxe Calligraphy &#8211; Skizze","robots":{"index":"noindex","follow":"follow","max-snippet":"max-snippet:-1","max-image-preview":"max-image-preview:large","max-video-preview":"max-video-preview:-1"},"og_locale":"lt_LT","og_type":"article","og_title":"Kaligrafijos rinkinys Deluxe Calligraphy &#8211; Skizze","og_description":"Spindin\u010dioje sidabrin\u0117je d\u0117\u017eut\u0117je esan\u010diame \u201eManuscript Deluxe\u201c kaligrafijos komplekte yra klasikinio stiliaus, auksin\u0117mis detal\u0117mis dekoruotos plunksnos. Naudodami \u0161iame komplekte esan\u010dias plunksnas galite tobulinti savo kaligrafijos \u012fg\u016bd\u017eius ir ra\u0161ym\u0105 \u012fvairiais \u0161riftais bei stiliais. \u201eManuscript\u201c kaligrafijos komplektas su \u0161e\u0161iomis plunksnomis yra puiki dovana draugui ar brangiam artimam asmeniui. Komplekte yra: Plona (0.85mm) plunksna Vidutin\u0117 (1.1mm) plunksna Plati (1.35mm) plunksna 2B (1.6mm) plunksna 3B (2.2mm) plunksna 4B (2.8mm) plunksna Klasikin\u0117 plunksna Juodo, m\u0117lyno, raudono ir \u017ealio ra\u0161alo kapsul\u0117s (dydis: \u201eInternational\u201c) Pripildoma kapsul\u0117 Naudojimo instrukcija (angl\u0173 kalba) D\u0117\u017eut\u0117","og_url":"https:\/\/hobstop.ee\/lt\/produktas\/kaligrafijos-rinkinys-deluxe-calligraphy\/","og_site_name":"Skizze","article_publisher":"http:\/\/www.facebook.com\/VunderSkizze","og_image":[{"width":1024,"height":768,"url":"https:\/\/hobstop.ee\/media\/444.jpg","type":"image\/jpeg"}],"twitter_card":"summary_large_image","schema":{"@context":"https:\/\/schema.org","@graph":[{"@type":"WebPage","@id":"https:\/\/hobstop.ee\/lt\/produktas\/kaligrafijos-rinkinys-deluxe-calligraphy\/","url":"https:\/\/hobstop.ee\/lt\/produktas\/kaligrafijos-rinkinys-deluxe-calligraphy\/","name":"Kaligrafijos rinkinys Deluxe Calligraphy &#8211; Skizze","isPartOf":{"@id":"https:\/\/hobstop.ee\/lt\/#website"},"primaryImageOfPage":{"@id":"https:\/\/hobstop.ee\/lt\/produktas\/kaligrafijos-rinkinys-deluxe-calligraphy\/#primaryimage"},"image":{"@id":"https:\/\/hobstop.ee\/lt\/produktas\/kaligrafijos-rinkinys-deluxe-calligraphy\/#primaryimage"},"thumbnailUrl":"https:\/\/hobstop.ee\/media\/444.jpg","datePublished":"2014-12-09T10:47:28+00:00","dateModified":"2014-12-09T10:47:28+00:00","breadcrumb":{"@id":"https:\/\/hobstop.ee\/lt\/produktas\/kaligrafijos-rinkinys-deluxe-calligraphy\/#breadcrumb"},"inLanguage":"lt","potentialAction":[{"@type":"ReadAction","target":["https:\/\/hobstop.ee\/lt\/produktas\/kaligrafijos-rinkinys-deluxe-calligraphy\/"]}]},{"@type":"ImageObject","inLanguage":"lt","@id":"https:\/\/hobstop.ee\/lt\/produktas\/kaligrafijos-rinkinys-deluxe-calligraphy\/#primaryimage","url":"https:\/\/hobstop.ee\/media\/444.jpg","contentUrl":"https:\/\/hobstop.ee\/media\/444.jpg","width":1024,"height":768},{"@type":"BreadcrumbList","@id":"https:\/\/hobstop.ee\/lt\/produktas\/kaligrafijos-rinkinys-deluxe-calligraphy\/#breadcrumb","itemListElement":[{"@type":"ListItem","position":1,"name":"Avaleht","item":"https:\/\/hobstop.ee\/lt\/"},{"@type":"ListItem","position":2,"name":"Parduotuv\u0117","item":"https:\/\/hobstop.ee\/lt\/parduotuve\/"},{"@type":"ListItem","position":3,"name":"Kaligrafijos rinkinys Deluxe Calligraphy"}]},{"@type":"WebSite","@id":"https:\/\/hobstop.ee\/lt\/#website","url":"https:\/\/hobstop.ee\/lt\/","name":"Skizze","description":"Dail\u0117s, pom\u0117gi\u0173 ir mokykliniai reikm\u0117nys","publisher":{"@id":"https:\/\/hobstop.ee\/lt\/#organization"},"potentialAction":[{"@type":"SearchAction","target":{"@type":"EntryPoint","urlTemplate":"https:\/\/hobstop.ee\/lt\/?s={search_term_string}"},"query-input":{"@type":"PropertyValueSpecification","valueRequired":true,"valueName":"search_term_string"}}],"inLanguage":"lt"},{"@type":"Organization","@id":"https:\/\/hobstop.ee\/lt\/#organization","name":"Vunder AS","url":"https:\/\/hobstop.ee\/lt\/","logo":{"@type":"ImageObject","inLanguage":"lt","@id":"https:\/\/hobstop.ee\/lt\/#\/schema\/logo\/image\/","url":"https:\/\/hobstop.ee\/media\/vunder-logo.png","contentUrl":"https:\/\/hobstop.ee\/media\/vunder-logo.png","width":127,"height":55,"caption":"Vunder AS"},"image":{"@id":"https:\/\/hobstop.ee\/lt\/#\/schema\/logo\/image\/"},"sameAs":["http:\/\/www.facebook.com\/VunderSkizze"]}]}},"_links":{"self":[{"href":"https:\/\/hobstop.ee\/lt\/wp-json\/wp\/v2\/product\/22973","targetHints":{"allow":["GET"]}}],"collection":[{"href":"https:\/\/hobstop.ee\/lt\/wp-json\/wp\/v2\/product"}],"about":[{"href":"https:\/\/hobstop.ee\/lt\/wp-json\/wp\/v2\/types\/product"}],"replies":[{"embeddable":true,"href":"https:\/\/hobstop.ee\/lt\/wp-json\/wp\/v2\/comments?post=22973"}],"wp:featuredmedia":[{"embeddable":true,"href":"https:\/\/hobstop.ee\/lt\/wp-json\/wp\/v2\/media\/293926"}],"wp:attachment":[{"href":"https:\/\/hobstop.ee\/lt\/wp-json\/wp\/v2\/media?parent=22973"}],"wp:term":[{"taxonomy":"product_cat","embeddable":true,"href":"https:\/\/hobstop.ee\/lt\/wp-json\/wp\/v2\/product_cat?post=22973"},{"taxonomy":"product_tag","embeddable":true,"href":"https:\/\/hobstop.ee\/lt\/wp-json\/wp\/v2\/product_tag?post=22973"}],"curies":[{"name":"wp","href":"https:\/\/api.w.org\/{rel}","templated":true}]}}