{"id":22987,"date":"2014-11-08T14:53:02","date_gmt":"2014-11-08T12:53:02","guid":{"rendered":"https:\/\/sharks.ee\/vunder_2019.klient.veebimajutus.ee\/?post_type=product&p=22987"},"modified":"2014-11-08T14:53:02","modified_gmt":"2014-11-08T11:53:02","slug":"kartonas-canson-vivaldi-240g-50x65cm","status":"publish","type":"product","link":"https:\/\/hobstop.ee\/lt\/produktas\/kartonas-canson-vivaldi-240g-50x65cm\/","title":{"rendered":"Kartonas Canson Vivaldi 240g 50x65cm"},"content":{"rendered":"<p>\u201eCanson Vivaldi\u201c yra lygus, auk\u0161tos kokyb\u0117s spalvotas popierius, kurio sud\u0117tyje n\u0117ra r\u016bg\u0161\u010di\u0173, tod\u0117l labai tinka k\u016brybai ir intensyviems darbams. Labai tvirtas ir itin patvarus. Idealiai tinka i\u0161karpoms, aplikacijoms ir lankstiniams. Skirtingai nuo ofseto tipo popieriaus, jo pavir\u0161ius yra lygus, ta\u010diau ne kalandruotas. Auk\u0161tos kokyb\u0117s popierius, kuris tinka pie\u0161ti pie\u0161tukais, tu\u0161inukais ir flomasteriais. Puikiai tinka ra\u0161aliniams ir lazeriniams spausdintuvams.<br \/>\nLabai tinka rankdarbiams.<br \/>\nTinka pie\u0161ti tu\u0161u, markeriu ir pie\u0161tukais.<\/p>\n","protected":false},"excerpt":{"rendered":"<p>\u201eCanson Vivaldi\u201c yra lygus, auk\u0161tos kokyb\u0117s spalvotas popierius, kurio sud\u0117tyje n\u0117ra r\u016bg\u0161\u010di\u0173, tod\u0117l labai tinka k\u016brybai ir intensyviems darbams. Labai tvirtas ir itin patvarus. Idealiai tinka i\u0161karpoms, aplikacijoms ir lankstiniams. Skirtingai nuo ofseto tipo popieriaus, jo pavir\u0161ius yra lygus, ta\u010diau ne kalandruotas. Auk\u0161tos kokyb\u0117s popierius, kuris tinka pie\u0161ti pie\u0161tukais, tu\u0161inukais ir flomasteriais. Puikiai tinka ra\u0161aliniams ir lazeriniams spausdintuvams. Labai tinka rankdarbiams. Tinka pie\u0161ti tu\u0161u, markeriu ir pie\u0161tukais.<\/p>\n","protected":false},"featured_media":354040,"comment_status":"closed","ping_status":"closed","template":"","meta":{"_acf_changed":false,"ep_exclude_from_search":false},"product_cat":[14875,17922,14874],"product_tag":[],"class_list":{"0":"post-22987","1":"product","2":"type-product","3":"status-publish","4":"has-post-thumbnail","6":"product_cat-tehniline-joonestamine","7":"product_cat-popieriaus-prekes","8":"product_cat-ehtetarvikud","9":"pa_kma-2399","10":"pa_kma-2412","11":"pa_kma-2417","12":"pa_kma-2418","13":"pa_kma-2419","14":"pa_kma-2420","16":"first","17":"instock","18":"taxable","19":"shipping-taxable","20":"purchasable","21":"product-type-variable"},"acf":[],"yoast_head":"<!-- This site is optimized with the Yoast SEO plugin v24.1 - https:\/\/yoast.com\/wordpress\/plugins\/seo\/ -->\n<title>Kartonas Canson Vivaldi 240g 50x65cm &#8211; Skizze<\/title>\n<meta name=\"robots\" content=\"noindex, follow, max-snippet:-1, max-image-preview:large, max-video-preview:-1\" \/>\n<meta property=\"og:locale\" content=\"lt_LT\" \/>\n<meta property=\"og:type\" content=\"article\" \/>\n<meta property=\"og:title\" content=\"Kartonas Canson Vivaldi 240g 50x65cm &#8211; Skizze\" \/>\n<meta property=\"og:description\" content=\"\u201eCanson Vivaldi\u201c yra lygus, auk\u0161tos kokyb\u0117s spalvotas popierius, kurio sud\u0117tyje n\u0117ra r\u016bg\u0161\u010di\u0173, tod\u0117l labai tinka k\u016brybai ir intensyviems darbams. Labai tvirtas ir itin patvarus. Idealiai tinka i\u0161karpoms, aplikacijoms ir lankstiniams. Skirtingai nuo ofseto tipo popieriaus, jo pavir\u0161ius yra lygus, ta\u010diau ne kalandruotas. Auk\u0161tos kokyb\u0117s popierius, kuris tinka pie\u0161ti pie\u0161tukais, tu\u0161inukais ir flomasteriais. Puikiai tinka ra\u0161aliniams ir lazeriniams spausdintuvams. Labai tinka rankdarbiams. Tinka pie\u0161ti tu\u0161u, markeriu ir pie\u0161tukais.\" \/>\n<meta property=\"og:url\" content=\"https:\/\/hobstop.ee\/lt\/produktas\/kartonas-canson-vivaldi-240g-50x65cm\/\" \/>\n<meta property=\"og:site_name\" content=\"Skizze\" \/>\n<meta property=\"article:publisher\" content=\"http:\/\/www.facebook.com\/VunderSkizze\" \/>\n<meta property=\"article:modified_time\" content=\"-0001-11-30T00:00:00+00:00\" \/>\n<meta property=\"og:image\" content=\"https:\/\/hobstop.ee\/media\/464.jpg\" \/>\n\t<meta property=\"og:image:width\" content=\"1024\" \/>\n\t<meta property=\"og:image:height\" content=\"768\" \/>\n\t<meta property=\"og:image:type\" content=\"image\/jpeg\" \/>\n<meta name=\"twitter:card\" content=\"summary_large_image\" \/>\n<script type=\"application\/ld+json\" class=\"yoast-schema-graph\">{\"@context\":\"https:\/\/schema.org\",\"@graph\":[{\"@type\":\"WebPage\",\"@id\":\"https:\/\/hobstop.ee\/lt\/produktas\/kartonas-canson-vivaldi-240g-50x65cm\/\",\"url\":\"https:\/\/hobstop.ee\/lt\/produktas\/kartonas-canson-vivaldi-240g-50x65cm\/\",\"name\":\"Kartonas Canson Vivaldi 240g 50x65cm &#8211; Skizze\",\"isPartOf\":{\"@id\":\"https:\/\/hobstop.ee\/lt\/#website\"},\"primaryImageOfPage\":{\"@id\":\"https:\/\/hobstop.ee\/lt\/produktas\/kartonas-canson-vivaldi-240g-50x65cm\/#primaryimage\"},\"image\":{\"@id\":\"https:\/\/hobstop.ee\/lt\/produktas\/kartonas-canson-vivaldi-240g-50x65cm\/#primaryimage\"},\"thumbnailUrl\":\"https:\/\/hobstop.ee\/media\/464.jpg\",\"datePublished\":\"2014-11-08T12:53:02+00:00\",\"dateModified\":\"-0001-11-30T00:00:00+00:00\",\"breadcrumb\":{\"@id\":\"https:\/\/hobstop.ee\/lt\/produktas\/kartonas-canson-vivaldi-240g-50x65cm\/#breadcrumb\"},\"inLanguage\":\"lt\",\"potentialAction\":[{\"@type\":\"ReadAction\",\"target\":[\"https:\/\/hobstop.ee\/lt\/produktas\/kartonas-canson-vivaldi-240g-50x65cm\/\"]}]},{\"@type\":\"ImageObject\",\"inLanguage\":\"lt\",\"@id\":\"https:\/\/hobstop.ee\/lt\/produktas\/kartonas-canson-vivaldi-240g-50x65cm\/#primaryimage\",\"url\":\"https:\/\/hobstop.ee\/media\/464.jpg\",\"contentUrl\":\"https:\/\/hobstop.ee\/media\/464.jpg\",\"width\":1024,\"height\":768},{\"@type\":\"BreadcrumbList\",\"@id\":\"https:\/\/hobstop.ee\/lt\/produktas\/kartonas-canson-vivaldi-240g-50x65cm\/#breadcrumb\",\"itemListElement\":[{\"@type\":\"ListItem\",\"position\":1,\"name\":\"Avaleht\",\"item\":\"https:\/\/hobstop.ee\/lt\/\"},{\"@type\":\"ListItem\",\"position\":2,\"name\":\"Parduotuv\u0117\",\"item\":\"https:\/\/hobstop.ee\/lt\/parduotuve\/\"},{\"@type\":\"ListItem\",\"position\":3,\"name\":\"Kartonas Canson Vivaldi 240g 50x65cm\"}]},{\"@type\":\"WebSite\",\"@id\":\"https:\/\/hobstop.ee\/lt\/#website\",\"url\":\"https:\/\/hobstop.ee\/lt\/\",\"name\":\"Skizze\",\"description\":\"Dail\u0117s, pom\u0117gi\u0173 ir mokykliniai reikm\u0117nys\",\"publisher\":{\"@id\":\"https:\/\/hobstop.ee\/lt\/#organization\"},\"potentialAction\":[{\"@type\":\"SearchAction\",\"target\":{\"@type\":\"EntryPoint\",\"urlTemplate\":\"https:\/\/hobstop.ee\/lt\/?s={search_term_string}\"},\"query-input\":{\"@type\":\"PropertyValueSpecification\",\"valueRequired\":true,\"valueName\":\"search_term_string\"}}],\"inLanguage\":\"lt\"},{\"@type\":\"Organization\",\"@id\":\"https:\/\/hobstop.ee\/lt\/#organization\",\"name\":\"Vunder AS\",\"url\":\"https:\/\/hobstop.ee\/lt\/\",\"logo\":{\"@type\":\"ImageObject\",\"inLanguage\":\"lt\",\"@id\":\"https:\/\/hobstop.ee\/lt\/#\/schema\/logo\/image\/\",\"url\":\"https:\/\/hobstop.ee\/media\/vunder-logo.png\",\"contentUrl\":\"https:\/\/hobstop.ee\/media\/vunder-logo.png\",\"width\":127,\"height\":55,\"caption\":\"Vunder AS\"},\"image\":{\"@id\":\"https:\/\/hobstop.ee\/lt\/#\/schema\/logo\/image\/\"},\"sameAs\":[\"http:\/\/www.facebook.com\/VunderSkizze\"]}]}<\/script>\n<!-- \/ Yoast SEO plugin. -->","yoast_head_json":{"title":"Kartonas Canson Vivaldi 240g 50x65cm &#8211; Skizze","robots":{"index":"noindex","follow":"follow","max-snippet":"max-snippet:-1","max-image-preview":"max-image-preview:large","max-video-preview":"max-video-preview:-1"},"og_locale":"lt_LT","og_type":"article","og_title":"Kartonas Canson Vivaldi 240g 50x65cm &#8211; Skizze","og_description":"\u201eCanson Vivaldi\u201c yra lygus, auk\u0161tos kokyb\u0117s spalvotas popierius, kurio sud\u0117tyje n\u0117ra r\u016bg\u0161\u010di\u0173, tod\u0117l labai tinka k\u016brybai ir intensyviems darbams. Labai tvirtas ir itin patvarus. Idealiai tinka i\u0161karpoms, aplikacijoms ir lankstiniams. Skirtingai nuo ofseto tipo popieriaus, jo pavir\u0161ius yra lygus, ta\u010diau ne kalandruotas. Auk\u0161tos kokyb\u0117s popierius, kuris tinka pie\u0161ti pie\u0161tukais, tu\u0161inukais ir flomasteriais. Puikiai tinka ra\u0161aliniams ir lazeriniams spausdintuvams. Labai tinka rankdarbiams. Tinka pie\u0161ti tu\u0161u, markeriu ir pie\u0161tukais.","og_url":"https:\/\/hobstop.ee\/lt\/produktas\/kartonas-canson-vivaldi-240g-50x65cm\/","og_site_name":"Skizze","article_publisher":"http:\/\/www.facebook.com\/VunderSkizze","article_modified_time":"-0001-11-30T00:00:00+00:00","og_image":[{"width":1024,"height":768,"url":"https:\/\/hobstop.ee\/media\/464.jpg","type":"image\/jpeg"}],"twitter_card":"summary_large_image","schema":{"@context":"https:\/\/schema.org","@graph":[{"@type":"WebPage","@id":"https:\/\/hobstop.ee\/lt\/produktas\/kartonas-canson-vivaldi-240g-50x65cm\/","url":"https:\/\/hobstop.ee\/lt\/produktas\/kartonas-canson-vivaldi-240g-50x65cm\/","name":"Kartonas Canson Vivaldi 240g 50x65cm &#8211; Skizze","isPartOf":{"@id":"https:\/\/hobstop.ee\/lt\/#website"},"primaryImageOfPage":{"@id":"https:\/\/hobstop.ee\/lt\/produktas\/kartonas-canson-vivaldi-240g-50x65cm\/#primaryimage"},"image":{"@id":"https:\/\/hobstop.ee\/lt\/produktas\/kartonas-canson-vivaldi-240g-50x65cm\/#primaryimage"},"thumbnailUrl":"https:\/\/hobstop.ee\/media\/464.jpg","datePublished":"2014-11-08T12:53:02+00:00","dateModified":"-0001-11-30T00:00:00+00:00","breadcrumb":{"@id":"https:\/\/hobstop.ee\/lt\/produktas\/kartonas-canson-vivaldi-240g-50x65cm\/#breadcrumb"},"inLanguage":"lt","potentialAction":[{"@type":"ReadAction","target":["https:\/\/hobstop.ee\/lt\/produktas\/kartonas-canson-vivaldi-240g-50x65cm\/"]}]},{"@type":"ImageObject","inLanguage":"lt","@id":"https:\/\/hobstop.ee\/lt\/produktas\/kartonas-canson-vivaldi-240g-50x65cm\/#primaryimage","url":"https:\/\/hobstop.ee\/media\/464.jpg","contentUrl":"https:\/\/hobstop.ee\/media\/464.jpg","width":1024,"height":768},{"@type":"BreadcrumbList","@id":"https:\/\/hobstop.ee\/lt\/produktas\/kartonas-canson-vivaldi-240g-50x65cm\/#breadcrumb","itemListElement":[{"@type":"ListItem","position":1,"name":"Avaleht","item":"https:\/\/hobstop.ee\/lt\/"},{"@type":"ListItem","position":2,"name":"Parduotuv\u0117","item":"https:\/\/hobstop.ee\/lt\/parduotuve\/"},{"@type":"ListItem","position":3,"name":"Kartonas Canson Vivaldi 240g 50x65cm"}]},{"@type":"WebSite","@id":"https:\/\/hobstop.ee\/lt\/#website","url":"https:\/\/hobstop.ee\/lt\/","name":"Skizze","description":"Dail\u0117s, pom\u0117gi\u0173 ir mokykliniai reikm\u0117nys","publisher":{"@id":"https:\/\/hobstop.ee\/lt\/#organization"},"potentialAction":[{"@type":"SearchAction","target":{"@type":"EntryPoint","urlTemplate":"https:\/\/hobstop.ee\/lt\/?s={search_term_string}"},"query-input":{"@type":"PropertyValueSpecification","valueRequired":true,"valueName":"search_term_string"}}],"inLanguage":"lt"},{"@type":"Organization","@id":"https:\/\/hobstop.ee\/lt\/#organization","name":"Vunder AS","url":"https:\/\/hobstop.ee\/lt\/","logo":{"@type":"ImageObject","inLanguage":"lt","@id":"https:\/\/hobstop.ee\/lt\/#\/schema\/logo\/image\/","url":"https:\/\/hobstop.ee\/media\/vunder-logo.png","contentUrl":"https:\/\/hobstop.ee\/media\/vunder-logo.png","width":127,"height":55,"caption":"Vunder AS"},"image":{"@id":"https:\/\/hobstop.ee\/lt\/#\/schema\/logo\/image\/"},"sameAs":["http:\/\/www.facebook.com\/VunderSkizze"]}]}},"_links":{"self":[{"href":"https:\/\/hobstop.ee\/lt\/wp-json\/wp\/v2\/product\/22987","targetHints":{"allow":["GET"]}}],"collection":[{"href":"https:\/\/hobstop.ee\/lt\/wp-json\/wp\/v2\/product"}],"about":[{"href":"https:\/\/hobstop.ee\/lt\/wp-json\/wp\/v2\/types\/product"}],"replies":[{"embeddable":true,"href":"https:\/\/hobstop.ee\/lt\/wp-json\/wp\/v2\/comments?post=22987"}],"wp:featuredmedia":[{"embeddable":true,"href":"https:\/\/hobstop.ee\/lt\/wp-json\/wp\/v2\/media\/354040"}],"wp:attachment":[{"href":"https:\/\/hobstop.ee\/lt\/wp-json\/wp\/v2\/media?parent=22987"}],"wp:term":[{"taxonomy":"product_cat","embeddable":true,"href":"https:\/\/hobstop.ee\/lt\/wp-json\/wp\/v2\/product_cat?post=22987"},{"taxonomy":"product_tag","embeddable":true,"href":"https:\/\/hobstop.ee\/lt\/wp-json\/wp\/v2\/product_tag?post=22987"}],"curies":[{"name":"wp","href":"https:\/\/api.w.org\/{rel}","templated":true}]}}