{"id":23119,"date":"2014-12-09T12:49:00","date_gmt":"2014-12-09T10:49:00","guid":{"rendered":"https:\/\/sharks.ee\/vunder_2019.klient.veebimajutus.ee\/?post_type=product&#038;p=23119"},"modified":"2014-12-09T12:49:00","modified_gmt":"2014-12-09T10:49:00","slug":"gruntas-liquitex-basics","status":"publish","type":"product","link":"https:\/\/hobstop.ee\/lt\/produktas\/gruntas-liquitex-basics\/","title":{"rendered":"Gruntas Liquitex Basics"},"content":{"rendered":"<p>Naudojami kaip pagrindo da\u017eai, tinka \u012fvairioms technikoms (aliejiniams da\u017eams, akrilui ar temperai ir pan.). Galima i\u0161 karto naudoti ant \u0161vari\u0173, neriebi\u0173 ir lygi\u0173 pavir\u0161i\u0173 (drob\u0117s, popieriaus, akmens, medienos, gipso ir pan.). Prie\u0161 naudojim\u0105 sumai\u0161yti, nepor\u0117tus pavir\u0161ius nu\u0161lifuoti \u0161vitriniu popieriumi. Negalima skiesti vandeniu, prireikus galima prid\u0117ti matinio \u201eLiquitex\u201c priedo. Prie\u0161 naudojim\u0105 i\u0161bandyti tinkamum\u0105, ant pavir\u0161iaus rekomenduojama tepti dviem plonais sluoksniais. Palaukite, bent 24 valandas, kol da\u017eai i\u0161d\u017eius.<\/p>\n","protected":false},"excerpt":{"rendered":"<p>Naudojami kaip pagrindo da\u017eai, tinka \u012fvairioms technikoms (aliejiniams da\u017eams, akrilui ar temperai ir pan.). Galima i\u0161 karto naudoti ant \u0161vari\u0173, neriebi\u0173 ir lygi\u0173 pavir\u0161i\u0173 (drob\u0117s, popieriaus, akmens, medienos, gipso ir pan.). Prie\u0161 naudojim\u0105 sumai\u0161yti, nepor\u0117tus pavir\u0161ius nu\u0161lifuoti \u0161vitriniu popieriumi. Negalima skiesti vandeniu, prireikus galima prid\u0117ti matinio \u201eLiquitex\u201c priedo. Prie\u0161 naudojim\u0105 i\u0161bandyti tinkamum\u0105, ant pavir\u0161iaus rekomenduojama tepti dviem plonais sluoksniais. Palaukite, bent 24 valandas, kol da\u017eai i\u0161d\u017eius.<\/p>\n","protected":false},"featured_media":353864,"comment_status":"closed","ping_status":"closed","template":"","meta":{"_acf_changed":false,"ep_exclude_from_search":false},"product_cat":[16124,17981,14899],"product_tag":[],"class_list":{"0":"post-23119","1":"product","2":"type-product","3":"status-publish","4":"has-post-thumbnail","6":"product_cat-dailes-prekes","7":"product_cat-dazai-ir-priedai-tapybai","8":"product_cat-tooriistad-muud-meisterdamist","9":"pa_kma-2625","11":"first","12":"instock","13":"taxable","14":"shipping-taxable","15":"purchasable","16":"product-type-variable"},"acf":[],"yoast_head":"<!-- This site is optimized with the Yoast SEO plugin v24.1 - https:\/\/yoast.com\/wordpress\/plugins\/seo\/ -->\n<title>Gruntas Liquitex Basics &#8211; Skizze<\/title>\n<meta name=\"robots\" content=\"noindex, follow, max-snippet:-1, max-image-preview:large, max-video-preview:-1\" \/>\n<meta property=\"og:locale\" content=\"lt_LT\" \/>\n<meta property=\"og:type\" content=\"article\" \/>\n<meta property=\"og:title\" content=\"Gruntas Liquitex Basics &#8211; Skizze\" \/>\n<meta property=\"og:description\" content=\"Naudojami kaip pagrindo da\u017eai, tinka \u012fvairioms technikoms (aliejiniams da\u017eams, akrilui ar temperai ir pan.). Galima i\u0161 karto naudoti ant \u0161vari\u0173, neriebi\u0173 ir lygi\u0173 pavir\u0161i\u0173 (drob\u0117s, popieriaus, akmens, medienos, gipso ir pan.). Prie\u0161 naudojim\u0105 sumai\u0161yti, nepor\u0117tus pavir\u0161ius nu\u0161lifuoti \u0161vitriniu popieriumi. Negalima skiesti vandeniu, prireikus galima prid\u0117ti matinio \u201eLiquitex\u201c priedo. Prie\u0161 naudojim\u0105 i\u0161bandyti tinkamum\u0105, ant pavir\u0161iaus rekomenduojama tepti dviem plonais sluoksniais. Palaukite, bent 24 valandas, kol da\u017eai i\u0161d\u017eius.\" \/>\n<meta property=\"og:url\" content=\"https:\/\/hobstop.ee\/lt\/produktas\/gruntas-liquitex-basics\/\" \/>\n<meta property=\"og:site_name\" content=\"Skizze\" \/>\n<meta property=\"article:publisher\" content=\"http:\/\/www.facebook.com\/VunderSkizze\" \/>\n<meta property=\"og:image\" content=\"https:\/\/hobstop.ee\/media\/866.jpg\" \/>\n\t<meta property=\"og:image:width\" content=\"1024\" \/>\n\t<meta property=\"og:image:height\" content=\"768\" \/>\n\t<meta property=\"og:image:type\" content=\"image\/jpeg\" \/>\n<meta name=\"twitter:card\" content=\"summary_large_image\" \/>\n<script type=\"application\/ld+json\" class=\"yoast-schema-graph\">{\"@context\":\"https:\/\/schema.org\",\"@graph\":[{\"@type\":\"WebPage\",\"@id\":\"https:\/\/hobstop.ee\/lt\/produktas\/gruntas-liquitex-basics\/\",\"url\":\"https:\/\/hobstop.ee\/lt\/produktas\/gruntas-liquitex-basics\/\",\"name\":\"Gruntas Liquitex Basics &#8211; Skizze\",\"isPartOf\":{\"@id\":\"https:\/\/hobstop.ee\/lt\/#website\"},\"primaryImageOfPage\":{\"@id\":\"https:\/\/hobstop.ee\/lt\/produktas\/gruntas-liquitex-basics\/#primaryimage\"},\"image\":{\"@id\":\"https:\/\/hobstop.ee\/lt\/produktas\/gruntas-liquitex-basics\/#primaryimage\"},\"thumbnailUrl\":\"https:\/\/hobstop.ee\/media\/866.jpg\",\"datePublished\":\"2014-12-09T10:49:00+00:00\",\"dateModified\":\"2014-12-09T10:49:00+00:00\",\"breadcrumb\":{\"@id\":\"https:\/\/hobstop.ee\/lt\/produktas\/gruntas-liquitex-basics\/#breadcrumb\"},\"inLanguage\":\"lt\",\"potentialAction\":[{\"@type\":\"ReadAction\",\"target\":[\"https:\/\/hobstop.ee\/lt\/produktas\/gruntas-liquitex-basics\/\"]}]},{\"@type\":\"ImageObject\",\"inLanguage\":\"lt\",\"@id\":\"https:\/\/hobstop.ee\/lt\/produktas\/gruntas-liquitex-basics\/#primaryimage\",\"url\":\"https:\/\/hobstop.ee\/media\/866.jpg\",\"contentUrl\":\"https:\/\/hobstop.ee\/media\/866.jpg\",\"width\":1024,\"height\":768},{\"@type\":\"BreadcrumbList\",\"@id\":\"https:\/\/hobstop.ee\/lt\/produktas\/gruntas-liquitex-basics\/#breadcrumb\",\"itemListElement\":[{\"@type\":\"ListItem\",\"position\":1,\"name\":\"Avaleht\",\"item\":\"https:\/\/hobstop.ee\/lt\/\"},{\"@type\":\"ListItem\",\"position\":2,\"name\":\"Parduotuv\u0117\",\"item\":\"https:\/\/hobstop.ee\/lt\/parduotuve\/\"},{\"@type\":\"ListItem\",\"position\":3,\"name\":\"Gruntas Liquitex Basics\"}]},{\"@type\":\"WebSite\",\"@id\":\"https:\/\/hobstop.ee\/lt\/#website\",\"url\":\"https:\/\/hobstop.ee\/lt\/\",\"name\":\"Skizze\",\"description\":\"Dail\u0117s, pom\u0117gi\u0173 ir mokykliniai reikm\u0117nys\",\"publisher\":{\"@id\":\"https:\/\/hobstop.ee\/lt\/#organization\"},\"potentialAction\":[{\"@type\":\"SearchAction\",\"target\":{\"@type\":\"EntryPoint\",\"urlTemplate\":\"https:\/\/hobstop.ee\/lt\/?s={search_term_string}\"},\"query-input\":{\"@type\":\"PropertyValueSpecification\",\"valueRequired\":true,\"valueName\":\"search_term_string\"}}],\"inLanguage\":\"lt\"},{\"@type\":\"Organization\",\"@id\":\"https:\/\/hobstop.ee\/lt\/#organization\",\"name\":\"Vunder AS\",\"url\":\"https:\/\/hobstop.ee\/lt\/\",\"logo\":{\"@type\":\"ImageObject\",\"inLanguage\":\"lt\",\"@id\":\"https:\/\/hobstop.ee\/lt\/#\/schema\/logo\/image\/\",\"url\":\"https:\/\/hobstop.ee\/media\/vunder-logo.png\",\"contentUrl\":\"https:\/\/hobstop.ee\/media\/vunder-logo.png\",\"width\":127,\"height\":55,\"caption\":\"Vunder AS\"},\"image\":{\"@id\":\"https:\/\/hobstop.ee\/lt\/#\/schema\/logo\/image\/\"},\"sameAs\":[\"http:\/\/www.facebook.com\/VunderSkizze\"]}]}<\/script>\n<!-- \/ Yoast SEO plugin. -->","yoast_head_json":{"title":"Gruntas Liquitex Basics &#8211; Skizze","robots":{"index":"noindex","follow":"follow","max-snippet":"max-snippet:-1","max-image-preview":"max-image-preview:large","max-video-preview":"max-video-preview:-1"},"og_locale":"lt_LT","og_type":"article","og_title":"Gruntas Liquitex Basics &#8211; Skizze","og_description":"Naudojami kaip pagrindo da\u017eai, tinka \u012fvairioms technikoms (aliejiniams da\u017eams, akrilui ar temperai ir pan.). Galima i\u0161 karto naudoti ant \u0161vari\u0173, neriebi\u0173 ir lygi\u0173 pavir\u0161i\u0173 (drob\u0117s, popieriaus, akmens, medienos, gipso ir pan.). Prie\u0161 naudojim\u0105 sumai\u0161yti, nepor\u0117tus pavir\u0161ius nu\u0161lifuoti \u0161vitriniu popieriumi. Negalima skiesti vandeniu, prireikus galima prid\u0117ti matinio \u201eLiquitex\u201c priedo. Prie\u0161 naudojim\u0105 i\u0161bandyti tinkamum\u0105, ant pavir\u0161iaus rekomenduojama tepti dviem plonais sluoksniais. Palaukite, bent 24 valandas, kol da\u017eai i\u0161d\u017eius.","og_url":"https:\/\/hobstop.ee\/lt\/produktas\/gruntas-liquitex-basics\/","og_site_name":"Skizze","article_publisher":"http:\/\/www.facebook.com\/VunderSkizze","og_image":[{"width":1024,"height":768,"url":"https:\/\/hobstop.ee\/media\/866.jpg","type":"image\/jpeg"}],"twitter_card":"summary_large_image","schema":{"@context":"https:\/\/schema.org","@graph":[{"@type":"WebPage","@id":"https:\/\/hobstop.ee\/lt\/produktas\/gruntas-liquitex-basics\/","url":"https:\/\/hobstop.ee\/lt\/produktas\/gruntas-liquitex-basics\/","name":"Gruntas Liquitex Basics &#8211; Skizze","isPartOf":{"@id":"https:\/\/hobstop.ee\/lt\/#website"},"primaryImageOfPage":{"@id":"https:\/\/hobstop.ee\/lt\/produktas\/gruntas-liquitex-basics\/#primaryimage"},"image":{"@id":"https:\/\/hobstop.ee\/lt\/produktas\/gruntas-liquitex-basics\/#primaryimage"},"thumbnailUrl":"https:\/\/hobstop.ee\/media\/866.jpg","datePublished":"2014-12-09T10:49:00+00:00","dateModified":"2014-12-09T10:49:00+00:00","breadcrumb":{"@id":"https:\/\/hobstop.ee\/lt\/produktas\/gruntas-liquitex-basics\/#breadcrumb"},"inLanguage":"lt","potentialAction":[{"@type":"ReadAction","target":["https:\/\/hobstop.ee\/lt\/produktas\/gruntas-liquitex-basics\/"]}]},{"@type":"ImageObject","inLanguage":"lt","@id":"https:\/\/hobstop.ee\/lt\/produktas\/gruntas-liquitex-basics\/#primaryimage","url":"https:\/\/hobstop.ee\/media\/866.jpg","contentUrl":"https:\/\/hobstop.ee\/media\/866.jpg","width":1024,"height":768},{"@type":"BreadcrumbList","@id":"https:\/\/hobstop.ee\/lt\/produktas\/gruntas-liquitex-basics\/#breadcrumb","itemListElement":[{"@type":"ListItem","position":1,"name":"Avaleht","item":"https:\/\/hobstop.ee\/lt\/"},{"@type":"ListItem","position":2,"name":"Parduotuv\u0117","item":"https:\/\/hobstop.ee\/lt\/parduotuve\/"},{"@type":"ListItem","position":3,"name":"Gruntas Liquitex Basics"}]},{"@type":"WebSite","@id":"https:\/\/hobstop.ee\/lt\/#website","url":"https:\/\/hobstop.ee\/lt\/","name":"Skizze","description":"Dail\u0117s, pom\u0117gi\u0173 ir mokykliniai reikm\u0117nys","publisher":{"@id":"https:\/\/hobstop.ee\/lt\/#organization"},"potentialAction":[{"@type":"SearchAction","target":{"@type":"EntryPoint","urlTemplate":"https:\/\/hobstop.ee\/lt\/?s={search_term_string}"},"query-input":{"@type":"PropertyValueSpecification","valueRequired":true,"valueName":"search_term_string"}}],"inLanguage":"lt"},{"@type":"Organization","@id":"https:\/\/hobstop.ee\/lt\/#organization","name":"Vunder AS","url":"https:\/\/hobstop.ee\/lt\/","logo":{"@type":"ImageObject","inLanguage":"lt","@id":"https:\/\/hobstop.ee\/lt\/#\/schema\/logo\/image\/","url":"https:\/\/hobstop.ee\/media\/vunder-logo.png","contentUrl":"https:\/\/hobstop.ee\/media\/vunder-logo.png","width":127,"height":55,"caption":"Vunder AS"},"image":{"@id":"https:\/\/hobstop.ee\/lt\/#\/schema\/logo\/image\/"},"sameAs":["http:\/\/www.facebook.com\/VunderSkizze"]}]}},"_links":{"self":[{"href":"https:\/\/hobstop.ee\/lt\/wp-json\/wp\/v2\/product\/23119","targetHints":{"allow":["GET"]}}],"collection":[{"href":"https:\/\/hobstop.ee\/lt\/wp-json\/wp\/v2\/product"}],"about":[{"href":"https:\/\/hobstop.ee\/lt\/wp-json\/wp\/v2\/types\/product"}],"replies":[{"embeddable":true,"href":"https:\/\/hobstop.ee\/lt\/wp-json\/wp\/v2\/comments?post=23119"}],"wp:featuredmedia":[{"embeddable":true,"href":"https:\/\/hobstop.ee\/lt\/wp-json\/wp\/v2\/media\/353864"}],"wp:attachment":[{"href":"https:\/\/hobstop.ee\/lt\/wp-json\/wp\/v2\/media?parent=23119"}],"wp:term":[{"taxonomy":"product_cat","embeddable":true,"href":"https:\/\/hobstop.ee\/lt\/wp-json\/wp\/v2\/product_cat?post=23119"},{"taxonomy":"product_tag","embeddable":true,"href":"https:\/\/hobstop.ee\/lt\/wp-json\/wp\/v2\/product_tag?post=23119"}],"curies":[{"name":"wp","href":"https:\/\/api.w.org\/{rel}","templated":true}]}}