{"id":23165,"date":"2014-12-09T12:49:13","date_gmt":"2014-12-09T10:49:13","guid":{"rendered":"https:\/\/sharks.ee\/vunder_2019.klient.veebimajutus.ee\/?post_type=product&#038;p=23165"},"modified":"2014-12-09T12:49:13","modified_gmt":"2014-12-09T10:49:13","slug":"gumos-klijai-marabu-fixogum","status":"publish","type":"product","link":"https:\/\/hobstop.ee\/lt\/produktas\/gumos-klijai-marabu-fixogum\/","title":{"rendered":"Gumos klijai Marabu Fixogum"},"content":{"rendered":"<p>\u201eMarabu Fixogum\u201c \u2013 elastingas lipalas grafinio dizaino ir meno aplikacijoms. Puikiai klijuoja popieri\u0173, karton\u0105, plastikines juosteles ir kitas lanks\u010dias med\u017eiagas. Su lipalu \u201eFixogum\u201c suklijuotos med\u017eiagos nesibanguoja, tod\u0117l jis puikiai tinka atvirut\u0117ms, fotografij\u0173 albumams, skrebinimui, modeli\u0173 konstravimui ir grafinio dizaino darbams. Vienas universalus lipalas visoms reikm\u0117ms: \u201eMarabu Fixogum\u201c galima naudoti tiek ilgalaikiam, tiek ir trumpalaikiam suklijavimui. U\u017etepus ant abiej\u0173 pusi\u0173, suklijuojama ilgam, u\u017etepus ant vienos pus\u0117s, detales galima bus v\u0117liau atskirti. Lipalo liku\u010dius lengvai galima nuvalyti pir\u0161tais. \u201eMarabu Fixogum\u201c yra itin patvarus nat\u016bralios gumos ir organini\u0173 tirpikli\u0173 pagrindu pagamintas produktas. Sud\u0117tyje n\u0117ra r\u016bg\u0161\u010di\u0173.<\/p>\n","protected":false},"excerpt":{"rendered":"<p>\u201eMarabu Fixogum\u201c \u2013 elastingas lipalas grafinio dizaino ir meno aplikacijoms. Puikiai klijuoja popieri\u0173, karton\u0105, plastikines juosteles ir kitas lanks\u010dias med\u017eiagas. Su lipalu \u201eFixogum\u201c suklijuotos med\u017eiagos nesibanguoja, tod\u0117l jis puikiai tinka atvirut\u0117ms, fotografij\u0173 albumams, skrebinimui, modeli\u0173 konstravimui ir grafinio dizaino darbams. Vienas universalus lipalas visoms reikm\u0117ms: \u201eMarabu Fixogum\u201c galima naudoti tiek ilgalaikiam, tiek ir trumpalaikiam suklijavimui. U\u017etepus ant abiej\u0173 pusi\u0173, suklijuojama ilgam, u\u017etepus ant vienos pus\u0117s, detales galima bus v\u0117liau atskirti. Lipalo liku\u010dius lengvai galima nuvalyti pir\u0161tais. \u201eMarabu Fixogum\u201c yra itin patvarus nat\u016bralios gumos ir organini\u0173 tirpikli\u0173 pagrindu pagamintas produktas. Sud\u0117tyje n\u0117ra r\u016bg\u0161\u010di\u0173.<\/p>\n","protected":false},"featured_media":102208,"comment_status":"closed","ping_status":"closed","template":"","meta":{"_acf_changed":false,"ep_exclude_from_search":false},"product_cat":[18642,14906,235],"product_tag":[],"class_list":{"0":"post-23165","1":"product","2":"type-product","3":"status-publish","4":"has-post-thumbnail","6":"product_cat-ivairus-3","7":"product_cat-kaarid","8":"product_cat-mokyklines-prekes","10":"first","11":"instock","12":"taxable","13":"shipping-taxable","14":"purchasable","15":"product-type-variable"},"acf":[],"yoast_head":"<!-- This site is optimized with the Yoast SEO plugin v24.1 - https:\/\/yoast.com\/wordpress\/plugins\/seo\/ -->\n<title>Gumos klijai Marabu Fixogum &#8211; Skizze<\/title>\n<meta name=\"robots\" content=\"noindex, follow, max-snippet:-1, max-image-preview:large, max-video-preview:-1\" \/>\n<meta property=\"og:locale\" content=\"lt_LT\" \/>\n<meta property=\"og:type\" content=\"article\" \/>\n<meta property=\"og:title\" content=\"Gumos klijai Marabu Fixogum &#8211; Skizze\" \/>\n<meta property=\"og:description\" content=\"\u201eMarabu Fixogum\u201c \u2013 elastingas lipalas grafinio dizaino ir meno aplikacijoms. Puikiai klijuoja popieri\u0173, karton\u0105, plastikines juosteles ir kitas lanks\u010dias med\u017eiagas. Su lipalu \u201eFixogum\u201c suklijuotos med\u017eiagos nesibanguoja, tod\u0117l jis puikiai tinka atvirut\u0117ms, fotografij\u0173 albumams, skrebinimui, modeli\u0173 konstravimui ir grafinio dizaino darbams. Vienas universalus lipalas visoms reikm\u0117ms: \u201eMarabu Fixogum\u201c galima naudoti tiek ilgalaikiam, tiek ir trumpalaikiam suklijavimui. U\u017etepus ant abiej\u0173 pusi\u0173, suklijuojama ilgam, u\u017etepus ant vienos pus\u0117s, detales galima bus v\u0117liau atskirti. Lipalo liku\u010dius lengvai galima nuvalyti pir\u0161tais. \u201eMarabu Fixogum\u201c yra itin patvarus nat\u016bralios gumos ir organini\u0173 tirpikli\u0173 pagrindu pagamintas produktas. Sud\u0117tyje n\u0117ra r\u016bg\u0161\u010di\u0173.\" \/>\n<meta property=\"og:url\" content=\"https:\/\/hobstop.ee\/lt\/produktas\/gumos-klijai-marabu-fixogum\/\" \/>\n<meta property=\"og:site_name\" content=\"Skizze\" \/>\n<meta property=\"article:publisher\" content=\"http:\/\/www.facebook.com\/VunderSkizze\" \/>\n<meta property=\"og:image\" content=\"https:\/\/hobstop.ee\/media\/915.jpg\" \/>\n\t<meta property=\"og:image:width\" content=\"1024\" \/>\n\t<meta property=\"og:image:height\" content=\"768\" \/>\n\t<meta property=\"og:image:type\" content=\"image\/jpeg\" \/>\n<meta name=\"twitter:card\" content=\"summary_large_image\" \/>\n<meta name=\"twitter:label1\" content=\"Est. reading time\" \/>\n\t<meta name=\"twitter:data1\" content=\"1 minute\" \/>\n<script type=\"application\/ld+json\" class=\"yoast-schema-graph\">{\"@context\":\"https:\/\/schema.org\",\"@graph\":[{\"@type\":\"WebPage\",\"@id\":\"https:\/\/hobstop.ee\/lt\/produktas\/gumos-klijai-marabu-fixogum\/\",\"url\":\"https:\/\/hobstop.ee\/lt\/produktas\/gumos-klijai-marabu-fixogum\/\",\"name\":\"Gumos klijai Marabu Fixogum &#8211; Skizze\",\"isPartOf\":{\"@id\":\"https:\/\/hobstop.ee\/lt\/#website\"},\"primaryImageOfPage\":{\"@id\":\"https:\/\/hobstop.ee\/lt\/produktas\/gumos-klijai-marabu-fixogum\/#primaryimage\"},\"image\":{\"@id\":\"https:\/\/hobstop.ee\/lt\/produktas\/gumos-klijai-marabu-fixogum\/#primaryimage\"},\"thumbnailUrl\":\"https:\/\/hobstop.ee\/media\/915.jpg\",\"datePublished\":\"2014-12-09T10:49:13+00:00\",\"dateModified\":\"2014-12-09T10:49:13+00:00\",\"breadcrumb\":{\"@id\":\"https:\/\/hobstop.ee\/lt\/produktas\/gumos-klijai-marabu-fixogum\/#breadcrumb\"},\"inLanguage\":\"lt\",\"potentialAction\":[{\"@type\":\"ReadAction\",\"target\":[\"https:\/\/hobstop.ee\/lt\/produktas\/gumos-klijai-marabu-fixogum\/\"]}]},{\"@type\":\"ImageObject\",\"inLanguage\":\"lt\",\"@id\":\"https:\/\/hobstop.ee\/lt\/produktas\/gumos-klijai-marabu-fixogum\/#primaryimage\",\"url\":\"https:\/\/hobstop.ee\/media\/915.jpg\",\"contentUrl\":\"https:\/\/hobstop.ee\/media\/915.jpg\",\"width\":1024,\"height\":768},{\"@type\":\"BreadcrumbList\",\"@id\":\"https:\/\/hobstop.ee\/lt\/produktas\/gumos-klijai-marabu-fixogum\/#breadcrumb\",\"itemListElement\":[{\"@type\":\"ListItem\",\"position\":1,\"name\":\"Avaleht\",\"item\":\"https:\/\/hobstop.ee\/lt\/\"},{\"@type\":\"ListItem\",\"position\":2,\"name\":\"Parduotuv\u0117\",\"item\":\"https:\/\/hobstop.ee\/lt\/parduotuve\/\"},{\"@type\":\"ListItem\",\"position\":3,\"name\":\"Gumos klijai Marabu Fixogum\"}]},{\"@type\":\"WebSite\",\"@id\":\"https:\/\/hobstop.ee\/lt\/#website\",\"url\":\"https:\/\/hobstop.ee\/lt\/\",\"name\":\"Skizze\",\"description\":\"Dail\u0117s, pom\u0117gi\u0173 ir mokykliniai reikm\u0117nys\",\"publisher\":{\"@id\":\"https:\/\/hobstop.ee\/lt\/#organization\"},\"potentialAction\":[{\"@type\":\"SearchAction\",\"target\":{\"@type\":\"EntryPoint\",\"urlTemplate\":\"https:\/\/hobstop.ee\/lt\/?s={search_term_string}\"},\"query-input\":{\"@type\":\"PropertyValueSpecification\",\"valueRequired\":true,\"valueName\":\"search_term_string\"}}],\"inLanguage\":\"lt\"},{\"@type\":\"Organization\",\"@id\":\"https:\/\/hobstop.ee\/lt\/#organization\",\"name\":\"Vunder AS\",\"url\":\"https:\/\/hobstop.ee\/lt\/\",\"logo\":{\"@type\":\"ImageObject\",\"inLanguage\":\"lt\",\"@id\":\"https:\/\/hobstop.ee\/lt\/#\/schema\/logo\/image\/\",\"url\":\"https:\/\/hobstop.ee\/media\/vunder-logo.png\",\"contentUrl\":\"https:\/\/hobstop.ee\/media\/vunder-logo.png\",\"width\":127,\"height\":55,\"caption\":\"Vunder AS\"},\"image\":{\"@id\":\"https:\/\/hobstop.ee\/lt\/#\/schema\/logo\/image\/\"},\"sameAs\":[\"http:\/\/www.facebook.com\/VunderSkizze\"]}]}<\/script>\n<!-- \/ Yoast SEO plugin. -->","yoast_head_json":{"title":"Gumos klijai Marabu Fixogum &#8211; Skizze","robots":{"index":"noindex","follow":"follow","max-snippet":"max-snippet:-1","max-image-preview":"max-image-preview:large","max-video-preview":"max-video-preview:-1"},"og_locale":"lt_LT","og_type":"article","og_title":"Gumos klijai Marabu Fixogum &#8211; Skizze","og_description":"\u201eMarabu Fixogum\u201c \u2013 elastingas lipalas grafinio dizaino ir meno aplikacijoms. Puikiai klijuoja popieri\u0173, karton\u0105, plastikines juosteles ir kitas lanks\u010dias med\u017eiagas. Su lipalu \u201eFixogum\u201c suklijuotos med\u017eiagos nesibanguoja, tod\u0117l jis puikiai tinka atvirut\u0117ms, fotografij\u0173 albumams, skrebinimui, modeli\u0173 konstravimui ir grafinio dizaino darbams. Vienas universalus lipalas visoms reikm\u0117ms: \u201eMarabu Fixogum\u201c galima naudoti tiek ilgalaikiam, tiek ir trumpalaikiam suklijavimui. U\u017etepus ant abiej\u0173 pusi\u0173, suklijuojama ilgam, u\u017etepus ant vienos pus\u0117s, detales galima bus v\u0117liau atskirti. Lipalo liku\u010dius lengvai galima nuvalyti pir\u0161tais. \u201eMarabu Fixogum\u201c yra itin patvarus nat\u016bralios gumos ir organini\u0173 tirpikli\u0173 pagrindu pagamintas produktas. Sud\u0117tyje n\u0117ra r\u016bg\u0161\u010di\u0173.","og_url":"https:\/\/hobstop.ee\/lt\/produktas\/gumos-klijai-marabu-fixogum\/","og_site_name":"Skizze","article_publisher":"http:\/\/www.facebook.com\/VunderSkizze","og_image":[{"width":1024,"height":768,"url":"https:\/\/hobstop.ee\/media\/915.jpg","type":"image\/jpeg"}],"twitter_card":"summary_large_image","twitter_misc":{"Est. reading time":"1 minute"},"schema":{"@context":"https:\/\/schema.org","@graph":[{"@type":"WebPage","@id":"https:\/\/hobstop.ee\/lt\/produktas\/gumos-klijai-marabu-fixogum\/","url":"https:\/\/hobstop.ee\/lt\/produktas\/gumos-klijai-marabu-fixogum\/","name":"Gumos klijai Marabu Fixogum &#8211; Skizze","isPartOf":{"@id":"https:\/\/hobstop.ee\/lt\/#website"},"primaryImageOfPage":{"@id":"https:\/\/hobstop.ee\/lt\/produktas\/gumos-klijai-marabu-fixogum\/#primaryimage"},"image":{"@id":"https:\/\/hobstop.ee\/lt\/produktas\/gumos-klijai-marabu-fixogum\/#primaryimage"},"thumbnailUrl":"https:\/\/hobstop.ee\/media\/915.jpg","datePublished":"2014-12-09T10:49:13+00:00","dateModified":"2014-12-09T10:49:13+00:00","breadcrumb":{"@id":"https:\/\/hobstop.ee\/lt\/produktas\/gumos-klijai-marabu-fixogum\/#breadcrumb"},"inLanguage":"lt","potentialAction":[{"@type":"ReadAction","target":["https:\/\/hobstop.ee\/lt\/produktas\/gumos-klijai-marabu-fixogum\/"]}]},{"@type":"ImageObject","inLanguage":"lt","@id":"https:\/\/hobstop.ee\/lt\/produktas\/gumos-klijai-marabu-fixogum\/#primaryimage","url":"https:\/\/hobstop.ee\/media\/915.jpg","contentUrl":"https:\/\/hobstop.ee\/media\/915.jpg","width":1024,"height":768},{"@type":"BreadcrumbList","@id":"https:\/\/hobstop.ee\/lt\/produktas\/gumos-klijai-marabu-fixogum\/#breadcrumb","itemListElement":[{"@type":"ListItem","position":1,"name":"Avaleht","item":"https:\/\/hobstop.ee\/lt\/"},{"@type":"ListItem","position":2,"name":"Parduotuv\u0117","item":"https:\/\/hobstop.ee\/lt\/parduotuve\/"},{"@type":"ListItem","position":3,"name":"Gumos klijai Marabu Fixogum"}]},{"@type":"WebSite","@id":"https:\/\/hobstop.ee\/lt\/#website","url":"https:\/\/hobstop.ee\/lt\/","name":"Skizze","description":"Dail\u0117s, pom\u0117gi\u0173 ir mokykliniai reikm\u0117nys","publisher":{"@id":"https:\/\/hobstop.ee\/lt\/#organization"},"potentialAction":[{"@type":"SearchAction","target":{"@type":"EntryPoint","urlTemplate":"https:\/\/hobstop.ee\/lt\/?s={search_term_string}"},"query-input":{"@type":"PropertyValueSpecification","valueRequired":true,"valueName":"search_term_string"}}],"inLanguage":"lt"},{"@type":"Organization","@id":"https:\/\/hobstop.ee\/lt\/#organization","name":"Vunder AS","url":"https:\/\/hobstop.ee\/lt\/","logo":{"@type":"ImageObject","inLanguage":"lt","@id":"https:\/\/hobstop.ee\/lt\/#\/schema\/logo\/image\/","url":"https:\/\/hobstop.ee\/media\/vunder-logo.png","contentUrl":"https:\/\/hobstop.ee\/media\/vunder-logo.png","width":127,"height":55,"caption":"Vunder AS"},"image":{"@id":"https:\/\/hobstop.ee\/lt\/#\/schema\/logo\/image\/"},"sameAs":["http:\/\/www.facebook.com\/VunderSkizze"]}]}},"_links":{"self":[{"href":"https:\/\/hobstop.ee\/lt\/wp-json\/wp\/v2\/product\/23165","targetHints":{"allow":["GET"]}}],"collection":[{"href":"https:\/\/hobstop.ee\/lt\/wp-json\/wp\/v2\/product"}],"about":[{"href":"https:\/\/hobstop.ee\/lt\/wp-json\/wp\/v2\/types\/product"}],"replies":[{"embeddable":true,"href":"https:\/\/hobstop.ee\/lt\/wp-json\/wp\/v2\/comments?post=23165"}],"wp:featuredmedia":[{"embeddable":true,"href":"https:\/\/hobstop.ee\/lt\/wp-json\/wp\/v2\/media\/102208"}],"wp:attachment":[{"href":"https:\/\/hobstop.ee\/lt\/wp-json\/wp\/v2\/media?parent=23165"}],"wp:term":[{"taxonomy":"product_cat","embeddable":true,"href":"https:\/\/hobstop.ee\/lt\/wp-json\/wp\/v2\/product_cat?post=23165"},{"taxonomy":"product_tag","embeddable":true,"href":"https:\/\/hobstop.ee\/lt\/wp-json\/wp\/v2\/product_tag?post=23165"}],"curies":[{"name":"wp","href":"https:\/\/api.w.org\/{rel}","templated":true}]}}