{"id":232429,"date":"2015-11-02T11:41:19","date_gmt":"2015-11-02T09:41:19","guid":{"rendered":"https:\/\/sharks.ee\/vunder_2019\/lt\/product\/quilling-adata-rayher\/"},"modified":"2015-11-02T11:41:19","modified_gmt":"2015-11-02T09:41:19","slug":"quilling-adata-rayher","status":"publish","type":"product","link":"https:\/\/hobstop.ee\/lt\/produktas\/quilling-adata-rayher\/","title":{"rendered":"Quilling adata Rayher"},"content":{"rendered":"<p>Kvilingas yra \u0161imtme\u010dius \u017einoma meno r\u016b\u0161is \u2013 itin kruop\u0161\u010di\u0173 dekoracij\u0173 darymas i\u0161 siaur\u0173 popieriaus juosteli\u0173. Popieriaus juosteli\u0173 sukimo \u012frankis, dviej\u0173 gal\u0173, su \u012ftraukiamu antgaliu ir mink\u0161ta, neslystan\u010dia rankena. \u012etraukiama \u012frankio dalis yra 2.1cm gylio. Tod\u0117l galima naudoti iki 2cm plo\u010dio juosteles.<\/p>\n","protected":false},"excerpt":{"rendered":"<p>Kvilingas yra \u0161imtme\u010dius \u017einoma meno r\u016b\u0161is \u2013 itin kruop\u0161\u010di\u0173 dekoracij\u0173 darymas i\u0161 siaur\u0173 popieriaus juosteli\u0173. Popieriaus juosteli\u0173 sukimo \u012frankis, dviej\u0173 gal\u0173, su \u012ftraukiamu antgaliu ir mink\u0161ta, neslystan\u010dia rankena. \u012etraukiama \u012frankio dalis yra 2.1cm gylio. Tod\u0117l galima naudoti iki 2cm plo\u010dio juosteles.<\/p>\n","protected":false},"featured_media":233134,"comment_status":"closed","ping_status":"closed","template":"","meta":{"_acf_changed":false,"ep_exclude_from_search":false},"product_cat":[17919,19876,19889],"product_tag":[],"class_list":{"0":"post-232429","1":"product","2":"type-product","3":"status-publish","4":"has-post-thumbnail","6":"product_cat-pomegiu-prekes","7":"product_cat-popieriaus-menas","8":"product_cat-quilling-lt","10":"first","11":"outofstock","12":"taxable","13":"shipping-taxable","14":"purchasable","15":"product-type-simple"},"acf":[],"yoast_head":"<!-- This site is optimized with the Yoast SEO plugin v24.1 - https:\/\/yoast.com\/wordpress\/plugins\/seo\/ -->\n<title>Quilling adata Rayher &#8211; Skizze<\/title>\n<meta name=\"robots\" content=\"noindex, follow, max-snippet:-1, max-image-preview:large, max-video-preview:-1\" \/>\n<meta property=\"og:locale\" content=\"lt_LT\" \/>\n<meta property=\"og:type\" content=\"article\" \/>\n<meta property=\"og:title\" content=\"Quilling adata Rayher &#8211; Skizze\" \/>\n<meta property=\"og:description\" content=\"Kvilingas yra \u0161imtme\u010dius \u017einoma meno r\u016b\u0161is \u2013 itin kruop\u0161\u010di\u0173 dekoracij\u0173 darymas i\u0161 siaur\u0173 popieriaus juosteli\u0173. Popieriaus juosteli\u0173 sukimo \u012frankis, dviej\u0173 gal\u0173, su \u012ftraukiamu antgaliu ir mink\u0161ta, neslystan\u010dia rankena. \u012etraukiama \u012frankio dalis yra 2.1cm gylio. Tod\u0117l galima naudoti iki 2cm plo\u010dio juosteles.\" \/>\n<meta property=\"og:url\" content=\"https:\/\/hobstop.ee\/lt\/produktas\/quilling-adata-rayher\/\" \/>\n<meta property=\"og:site_name\" content=\"Skizze\" \/>\n<meta property=\"article:publisher\" content=\"http:\/\/www.facebook.com\/VunderSkizze\" \/>\n<meta property=\"og:image\" content=\"https:\/\/hobstop.ee\/media\/3921.jpg\" \/>\n\t<meta property=\"og:image:width\" content=\"1024\" \/>\n\t<meta property=\"og:image:height\" content=\"768\" \/>\n\t<meta property=\"og:image:type\" content=\"image\/jpeg\" \/>\n<meta name=\"twitter:card\" content=\"summary_large_image\" \/>\n<script type=\"application\/ld+json\" class=\"yoast-schema-graph\">{\"@context\":\"https:\/\/schema.org\",\"@graph\":[{\"@type\":\"WebPage\",\"@id\":\"https:\/\/hobstop.ee\/lt\/produktas\/quilling-adata-rayher\/\",\"url\":\"https:\/\/hobstop.ee\/lt\/produktas\/quilling-adata-rayher\/\",\"name\":\"Quilling adata Rayher &#8211; Skizze\",\"isPartOf\":{\"@id\":\"https:\/\/hobstop.ee\/lt\/#website\"},\"primaryImageOfPage\":{\"@id\":\"https:\/\/hobstop.ee\/lt\/produktas\/quilling-adata-rayher\/#primaryimage\"},\"image\":{\"@id\":\"https:\/\/hobstop.ee\/lt\/produktas\/quilling-adata-rayher\/#primaryimage\"},\"thumbnailUrl\":\"https:\/\/hobstop.ee\/media\/3921.jpg\",\"datePublished\":\"2015-11-02T09:41:19+00:00\",\"dateModified\":\"2015-11-02T09:41:19+00:00\",\"breadcrumb\":{\"@id\":\"https:\/\/hobstop.ee\/lt\/produktas\/quilling-adata-rayher\/#breadcrumb\"},\"inLanguage\":\"lt\",\"potentialAction\":[{\"@type\":\"ReadAction\",\"target\":[\"https:\/\/hobstop.ee\/lt\/produktas\/quilling-adata-rayher\/\"]}]},{\"@type\":\"ImageObject\",\"inLanguage\":\"lt\",\"@id\":\"https:\/\/hobstop.ee\/lt\/produktas\/quilling-adata-rayher\/#primaryimage\",\"url\":\"https:\/\/hobstop.ee\/media\/3921.jpg\",\"contentUrl\":\"https:\/\/hobstop.ee\/media\/3921.jpg\",\"width\":1024,\"height\":768},{\"@type\":\"BreadcrumbList\",\"@id\":\"https:\/\/hobstop.ee\/lt\/produktas\/quilling-adata-rayher\/#breadcrumb\",\"itemListElement\":[{\"@type\":\"ListItem\",\"position\":1,\"name\":\"Avaleht\",\"item\":\"https:\/\/hobstop.ee\/lt\/\"},{\"@type\":\"ListItem\",\"position\":2,\"name\":\"Parduotuv\u0117\",\"item\":\"https:\/\/hobstop.ee\/lt\/parduotuve\/\"},{\"@type\":\"ListItem\",\"position\":3,\"name\":\"Quilling adata Rayher\"}]},{\"@type\":\"WebSite\",\"@id\":\"https:\/\/hobstop.ee\/lt\/#website\",\"url\":\"https:\/\/hobstop.ee\/lt\/\",\"name\":\"Skizze\",\"description\":\"Dail\u0117s, pom\u0117gi\u0173 ir mokykliniai reikm\u0117nys\",\"publisher\":{\"@id\":\"https:\/\/hobstop.ee\/lt\/#organization\"},\"potentialAction\":[{\"@type\":\"SearchAction\",\"target\":{\"@type\":\"EntryPoint\",\"urlTemplate\":\"https:\/\/hobstop.ee\/lt\/?s={search_term_string}\"},\"query-input\":{\"@type\":\"PropertyValueSpecification\",\"valueRequired\":true,\"valueName\":\"search_term_string\"}}],\"inLanguage\":\"lt\"},{\"@type\":\"Organization\",\"@id\":\"https:\/\/hobstop.ee\/lt\/#organization\",\"name\":\"Vunder AS\",\"url\":\"https:\/\/hobstop.ee\/lt\/\",\"logo\":{\"@type\":\"ImageObject\",\"inLanguage\":\"lt\",\"@id\":\"https:\/\/hobstop.ee\/lt\/#\/schema\/logo\/image\/\",\"url\":\"https:\/\/hobstop.ee\/media\/vunder-logo.png\",\"contentUrl\":\"https:\/\/hobstop.ee\/media\/vunder-logo.png\",\"width\":127,\"height\":55,\"caption\":\"Vunder AS\"},\"image\":{\"@id\":\"https:\/\/hobstop.ee\/lt\/#\/schema\/logo\/image\/\"},\"sameAs\":[\"http:\/\/www.facebook.com\/VunderSkizze\"]}]}<\/script>\n<!-- \/ Yoast SEO plugin. -->","yoast_head_json":{"title":"Quilling adata Rayher &#8211; Skizze","robots":{"index":"noindex","follow":"follow","max-snippet":"max-snippet:-1","max-image-preview":"max-image-preview:large","max-video-preview":"max-video-preview:-1"},"og_locale":"lt_LT","og_type":"article","og_title":"Quilling adata Rayher &#8211; Skizze","og_description":"Kvilingas yra \u0161imtme\u010dius \u017einoma meno r\u016b\u0161is \u2013 itin kruop\u0161\u010di\u0173 dekoracij\u0173 darymas i\u0161 siaur\u0173 popieriaus juosteli\u0173. Popieriaus juosteli\u0173 sukimo \u012frankis, dviej\u0173 gal\u0173, su \u012ftraukiamu antgaliu ir mink\u0161ta, neslystan\u010dia rankena. \u012etraukiama \u012frankio dalis yra 2.1cm gylio. Tod\u0117l galima naudoti iki 2cm plo\u010dio juosteles.","og_url":"https:\/\/hobstop.ee\/lt\/produktas\/quilling-adata-rayher\/","og_site_name":"Skizze","article_publisher":"http:\/\/www.facebook.com\/VunderSkizze","og_image":[{"width":1024,"height":768,"url":"https:\/\/hobstop.ee\/media\/3921.jpg","type":"image\/jpeg"}],"twitter_card":"summary_large_image","schema":{"@context":"https:\/\/schema.org","@graph":[{"@type":"WebPage","@id":"https:\/\/hobstop.ee\/lt\/produktas\/quilling-adata-rayher\/","url":"https:\/\/hobstop.ee\/lt\/produktas\/quilling-adata-rayher\/","name":"Quilling adata Rayher &#8211; Skizze","isPartOf":{"@id":"https:\/\/hobstop.ee\/lt\/#website"},"primaryImageOfPage":{"@id":"https:\/\/hobstop.ee\/lt\/produktas\/quilling-adata-rayher\/#primaryimage"},"image":{"@id":"https:\/\/hobstop.ee\/lt\/produktas\/quilling-adata-rayher\/#primaryimage"},"thumbnailUrl":"https:\/\/hobstop.ee\/media\/3921.jpg","datePublished":"2015-11-02T09:41:19+00:00","dateModified":"2015-11-02T09:41:19+00:00","breadcrumb":{"@id":"https:\/\/hobstop.ee\/lt\/produktas\/quilling-adata-rayher\/#breadcrumb"},"inLanguage":"lt","potentialAction":[{"@type":"ReadAction","target":["https:\/\/hobstop.ee\/lt\/produktas\/quilling-adata-rayher\/"]}]},{"@type":"ImageObject","inLanguage":"lt","@id":"https:\/\/hobstop.ee\/lt\/produktas\/quilling-adata-rayher\/#primaryimage","url":"https:\/\/hobstop.ee\/media\/3921.jpg","contentUrl":"https:\/\/hobstop.ee\/media\/3921.jpg","width":1024,"height":768},{"@type":"BreadcrumbList","@id":"https:\/\/hobstop.ee\/lt\/produktas\/quilling-adata-rayher\/#breadcrumb","itemListElement":[{"@type":"ListItem","position":1,"name":"Avaleht","item":"https:\/\/hobstop.ee\/lt\/"},{"@type":"ListItem","position":2,"name":"Parduotuv\u0117","item":"https:\/\/hobstop.ee\/lt\/parduotuve\/"},{"@type":"ListItem","position":3,"name":"Quilling adata Rayher"}]},{"@type":"WebSite","@id":"https:\/\/hobstop.ee\/lt\/#website","url":"https:\/\/hobstop.ee\/lt\/","name":"Skizze","description":"Dail\u0117s, pom\u0117gi\u0173 ir mokykliniai reikm\u0117nys","publisher":{"@id":"https:\/\/hobstop.ee\/lt\/#organization"},"potentialAction":[{"@type":"SearchAction","target":{"@type":"EntryPoint","urlTemplate":"https:\/\/hobstop.ee\/lt\/?s={search_term_string}"},"query-input":{"@type":"PropertyValueSpecification","valueRequired":true,"valueName":"search_term_string"}}],"inLanguage":"lt"},{"@type":"Organization","@id":"https:\/\/hobstop.ee\/lt\/#organization","name":"Vunder AS","url":"https:\/\/hobstop.ee\/lt\/","logo":{"@type":"ImageObject","inLanguage":"lt","@id":"https:\/\/hobstop.ee\/lt\/#\/schema\/logo\/image\/","url":"https:\/\/hobstop.ee\/media\/vunder-logo.png","contentUrl":"https:\/\/hobstop.ee\/media\/vunder-logo.png","width":127,"height":55,"caption":"Vunder AS"},"image":{"@id":"https:\/\/hobstop.ee\/lt\/#\/schema\/logo\/image\/"},"sameAs":["http:\/\/www.facebook.com\/VunderSkizze"]}]}},"_links":{"self":[{"href":"https:\/\/hobstop.ee\/lt\/wp-json\/wp\/v2\/product\/232429","targetHints":{"allow":["GET"]}}],"collection":[{"href":"https:\/\/hobstop.ee\/lt\/wp-json\/wp\/v2\/product"}],"about":[{"href":"https:\/\/hobstop.ee\/lt\/wp-json\/wp\/v2\/types\/product"}],"replies":[{"embeddable":true,"href":"https:\/\/hobstop.ee\/lt\/wp-json\/wp\/v2\/comments?post=232429"}],"wp:featuredmedia":[{"embeddable":true,"href":"https:\/\/hobstop.ee\/lt\/wp-json\/wp\/v2\/media\/233134"}],"wp:attachment":[{"href":"https:\/\/hobstop.ee\/lt\/wp-json\/wp\/v2\/media?parent=232429"}],"wp:term":[{"taxonomy":"product_cat","embeddable":true,"href":"https:\/\/hobstop.ee\/lt\/wp-json\/wp\/v2\/product_cat?post=232429"},{"taxonomy":"product_tag","embeddable":true,"href":"https:\/\/hobstop.ee\/lt\/wp-json\/wp\/v2\/product_tag?post=232429"}],"curies":[{"name":"wp","href":"https:\/\/api.w.org\/{rel}","templated":true}]}}