{"id":232437,"date":"2015-11-02T11:41:23","date_gmt":"2015-11-02T09:41:23","guid":{"rendered":"https:\/\/sharks.ee\/vunder_2019\/lt\/product\/blizgus-milteliai-tulip-fashion-18g\/"},"modified":"2015-11-02T11:41:23","modified_gmt":"2015-11-02T09:41:23","slug":"blizgus-milteliai-tulip-fashion-18g","status":"publish","type":"product","link":"https:\/\/hobstop.ee\/lt\/produktas\/blizgus-milteliai-tulip-fashion-18g\/","title":{"rendered":"Blizg\u016bs milteliai Tulip Fashion 18g"},"content":{"rendered":"<p>Blizgiais milteliais \u201eTulip Fashion Glitter\u201c greitai ir lengvai suteiksite blizgesio r\u016bbams ir med\u017eiaginiams aksesuarams. Suteikite \u017eavesio savo mar\u0161kin\u0117liams, d\u017eemperiams su gobtuvais, krep\u0161iams, pagalv\u0117ms ir pan. Profesionalios linijos \u201eTulip Fashion Glitter\u201c yra pagamintas naudojant itin patvarius blizgu\u010dius, kurie atlaiko begal\u0119 skalbim\u0173. Dekoruot\u0105 daikt\u0105 galima skalbti ir ji tampa patvar\u016bs blizgu\u010dius u\u017etvirtinus su blizgi\u0173 milteli\u0173 pritvirtinimo priemone \u201eTulip\u201c.<\/p>\n","protected":false},"excerpt":{"rendered":"<p>Blizgiais milteliais \u201eTulip Fashion Glitter\u201c greitai ir lengvai suteiksite blizgesio r\u016bbams ir med\u017eiaginiams aksesuarams. Suteikite \u017eavesio savo mar\u0161kin\u0117liams, d\u017eemperiams su gobtuvais, krep\u0161iams, pagalv\u0117ms ir pan. Profesionalios linijos \u201eTulip Fashion Glitter\u201c yra pagamintas naudojant itin patvarius blizgu\u010dius, kurie atlaiko begal\u0119 skalbim\u0173. Dekoruot\u0105 daikt\u0105 galima skalbti ir ji tampa patvar\u016bs blizgu\u010dius u\u017etvirtinus su blizgi\u0173 milteli\u0173 pritvirtinimo priemone \u201eTulip\u201c.<\/p>\n","protected":false},"featured_media":233130,"comment_status":"closed","ping_status":"closed","template":"","meta":{"_acf_changed":false,"ep_exclude_from_search":false},"product_cat":[18977,17969,17919],"product_tag":[],"class_list":{"0":"post-232437","1":"product","2":"type-product","3":"status-publish","4":"has-post-thumbnail","6":"product_cat-blizguciai","7":"product_cat-kitos-prekes","8":"product_cat-pomegiu-prekes","10":"first","11":"instock","12":"taxable","13":"shipping-taxable","14":"purchasable","15":"product-type-simple"},"acf":[],"yoast_head":"<!-- This site is optimized with the Yoast SEO plugin v24.1 - https:\/\/yoast.com\/wordpress\/plugins\/seo\/ -->\n<title>Blizg\u016bs milteliai Tulip Fashion 18g &#8211; Skizze<\/title>\n<meta name=\"robots\" content=\"noindex, follow, max-snippet:-1, max-image-preview:large, max-video-preview:-1\" \/>\n<meta property=\"og:locale\" content=\"lt_LT\" \/>\n<meta property=\"og:type\" content=\"article\" \/>\n<meta property=\"og:title\" content=\"Blizg\u016bs milteliai Tulip Fashion 18g &#8211; Skizze\" \/>\n<meta property=\"og:description\" content=\"Blizgiais milteliais \u201eTulip Fashion Glitter\u201c greitai ir lengvai suteiksite blizgesio r\u016bbams ir med\u017eiaginiams aksesuarams. Suteikite \u017eavesio savo mar\u0161kin\u0117liams, d\u017eemperiams su gobtuvais, krep\u0161iams, pagalv\u0117ms ir pan. Profesionalios linijos \u201eTulip Fashion Glitter\u201c yra pagamintas naudojant itin patvarius blizgu\u010dius, kurie atlaiko begal\u0119 skalbim\u0173. Dekoruot\u0105 daikt\u0105 galima skalbti ir ji tampa patvar\u016bs blizgu\u010dius u\u017etvirtinus su blizgi\u0173 milteli\u0173 pritvirtinimo priemone \u201eTulip\u201c.\" \/>\n<meta property=\"og:url\" content=\"https:\/\/hobstop.ee\/lt\/produktas\/blizgus-milteliai-tulip-fashion-18g\/\" \/>\n<meta property=\"og:site_name\" content=\"Skizze\" \/>\n<meta property=\"article:publisher\" content=\"http:\/\/www.facebook.com\/VunderSkizze\" \/>\n<meta property=\"og:image\" content=\"https:\/\/hobstop.ee\/media\/4010.jpg\" \/>\n\t<meta property=\"og:image:width\" content=\"1024\" \/>\n\t<meta property=\"og:image:height\" content=\"768\" \/>\n\t<meta property=\"og:image:type\" content=\"image\/jpeg\" \/>\n<meta name=\"twitter:card\" content=\"summary_large_image\" \/>\n<script type=\"application\/ld+json\" class=\"yoast-schema-graph\">{\"@context\":\"https:\/\/schema.org\",\"@graph\":[{\"@type\":\"WebPage\",\"@id\":\"https:\/\/hobstop.ee\/lt\/produktas\/blizgus-milteliai-tulip-fashion-18g\/\",\"url\":\"https:\/\/hobstop.ee\/lt\/produktas\/blizgus-milteliai-tulip-fashion-18g\/\",\"name\":\"Blizg\u016bs milteliai Tulip Fashion 18g &#8211; Skizze\",\"isPartOf\":{\"@id\":\"https:\/\/hobstop.ee\/lt\/#website\"},\"primaryImageOfPage\":{\"@id\":\"https:\/\/hobstop.ee\/lt\/produktas\/blizgus-milteliai-tulip-fashion-18g\/#primaryimage\"},\"image\":{\"@id\":\"https:\/\/hobstop.ee\/lt\/produktas\/blizgus-milteliai-tulip-fashion-18g\/#primaryimage\"},\"thumbnailUrl\":\"https:\/\/hobstop.ee\/media\/4010.jpg\",\"datePublished\":\"2015-11-02T09:41:23+00:00\",\"dateModified\":\"2015-11-02T09:41:23+00:00\",\"breadcrumb\":{\"@id\":\"https:\/\/hobstop.ee\/lt\/produktas\/blizgus-milteliai-tulip-fashion-18g\/#breadcrumb\"},\"inLanguage\":\"lt\",\"potentialAction\":[{\"@type\":\"ReadAction\",\"target\":[\"https:\/\/hobstop.ee\/lt\/produktas\/blizgus-milteliai-tulip-fashion-18g\/\"]}]},{\"@type\":\"ImageObject\",\"inLanguage\":\"lt\",\"@id\":\"https:\/\/hobstop.ee\/lt\/produktas\/blizgus-milteliai-tulip-fashion-18g\/#primaryimage\",\"url\":\"https:\/\/hobstop.ee\/media\/4010.jpg\",\"contentUrl\":\"https:\/\/hobstop.ee\/media\/4010.jpg\",\"width\":1024,\"height\":768},{\"@type\":\"BreadcrumbList\",\"@id\":\"https:\/\/hobstop.ee\/lt\/produktas\/blizgus-milteliai-tulip-fashion-18g\/#breadcrumb\",\"itemListElement\":[{\"@type\":\"ListItem\",\"position\":1,\"name\":\"Avaleht\",\"item\":\"https:\/\/hobstop.ee\/lt\/\"},{\"@type\":\"ListItem\",\"position\":2,\"name\":\"Parduotuv\u0117\",\"item\":\"https:\/\/hobstop.ee\/lt\/parduotuve\/\"},{\"@type\":\"ListItem\",\"position\":3,\"name\":\"Blizg\u016bs milteliai Tulip Fashion 18g\"}]},{\"@type\":\"WebSite\",\"@id\":\"https:\/\/hobstop.ee\/lt\/#website\",\"url\":\"https:\/\/hobstop.ee\/lt\/\",\"name\":\"Skizze\",\"description\":\"Dail\u0117s, pom\u0117gi\u0173 ir mokykliniai reikm\u0117nys\",\"publisher\":{\"@id\":\"https:\/\/hobstop.ee\/lt\/#organization\"},\"potentialAction\":[{\"@type\":\"SearchAction\",\"target\":{\"@type\":\"EntryPoint\",\"urlTemplate\":\"https:\/\/hobstop.ee\/lt\/?s={search_term_string}\"},\"query-input\":{\"@type\":\"PropertyValueSpecification\",\"valueRequired\":true,\"valueName\":\"search_term_string\"}}],\"inLanguage\":\"lt\"},{\"@type\":\"Organization\",\"@id\":\"https:\/\/hobstop.ee\/lt\/#organization\",\"name\":\"Vunder AS\",\"url\":\"https:\/\/hobstop.ee\/lt\/\",\"logo\":{\"@type\":\"ImageObject\",\"inLanguage\":\"lt\",\"@id\":\"https:\/\/hobstop.ee\/lt\/#\/schema\/logo\/image\/\",\"url\":\"https:\/\/hobstop.ee\/media\/vunder-logo.png\",\"contentUrl\":\"https:\/\/hobstop.ee\/media\/vunder-logo.png\",\"width\":127,\"height\":55,\"caption\":\"Vunder AS\"},\"image\":{\"@id\":\"https:\/\/hobstop.ee\/lt\/#\/schema\/logo\/image\/\"},\"sameAs\":[\"http:\/\/www.facebook.com\/VunderSkizze\"]}]}<\/script>\n<!-- \/ Yoast SEO plugin. -->","yoast_head_json":{"title":"Blizg\u016bs milteliai Tulip Fashion 18g &#8211; Skizze","robots":{"index":"noindex","follow":"follow","max-snippet":"max-snippet:-1","max-image-preview":"max-image-preview:large","max-video-preview":"max-video-preview:-1"},"og_locale":"lt_LT","og_type":"article","og_title":"Blizg\u016bs milteliai Tulip Fashion 18g &#8211; Skizze","og_description":"Blizgiais milteliais \u201eTulip Fashion Glitter\u201c greitai ir lengvai suteiksite blizgesio r\u016bbams ir med\u017eiaginiams aksesuarams. Suteikite \u017eavesio savo mar\u0161kin\u0117liams, d\u017eemperiams su gobtuvais, krep\u0161iams, pagalv\u0117ms ir pan. Profesionalios linijos \u201eTulip Fashion Glitter\u201c yra pagamintas naudojant itin patvarius blizgu\u010dius, kurie atlaiko begal\u0119 skalbim\u0173. Dekoruot\u0105 daikt\u0105 galima skalbti ir ji tampa patvar\u016bs blizgu\u010dius u\u017etvirtinus su blizgi\u0173 milteli\u0173 pritvirtinimo priemone \u201eTulip\u201c.","og_url":"https:\/\/hobstop.ee\/lt\/produktas\/blizgus-milteliai-tulip-fashion-18g\/","og_site_name":"Skizze","article_publisher":"http:\/\/www.facebook.com\/VunderSkizze","og_image":[{"width":1024,"height":768,"url":"https:\/\/hobstop.ee\/media\/4010.jpg","type":"image\/jpeg"}],"twitter_card":"summary_large_image","schema":{"@context":"https:\/\/schema.org","@graph":[{"@type":"WebPage","@id":"https:\/\/hobstop.ee\/lt\/produktas\/blizgus-milteliai-tulip-fashion-18g\/","url":"https:\/\/hobstop.ee\/lt\/produktas\/blizgus-milteliai-tulip-fashion-18g\/","name":"Blizg\u016bs milteliai Tulip Fashion 18g &#8211; Skizze","isPartOf":{"@id":"https:\/\/hobstop.ee\/lt\/#website"},"primaryImageOfPage":{"@id":"https:\/\/hobstop.ee\/lt\/produktas\/blizgus-milteliai-tulip-fashion-18g\/#primaryimage"},"image":{"@id":"https:\/\/hobstop.ee\/lt\/produktas\/blizgus-milteliai-tulip-fashion-18g\/#primaryimage"},"thumbnailUrl":"https:\/\/hobstop.ee\/media\/4010.jpg","datePublished":"2015-11-02T09:41:23+00:00","dateModified":"2015-11-02T09:41:23+00:00","breadcrumb":{"@id":"https:\/\/hobstop.ee\/lt\/produktas\/blizgus-milteliai-tulip-fashion-18g\/#breadcrumb"},"inLanguage":"lt","potentialAction":[{"@type":"ReadAction","target":["https:\/\/hobstop.ee\/lt\/produktas\/blizgus-milteliai-tulip-fashion-18g\/"]}]},{"@type":"ImageObject","inLanguage":"lt","@id":"https:\/\/hobstop.ee\/lt\/produktas\/blizgus-milteliai-tulip-fashion-18g\/#primaryimage","url":"https:\/\/hobstop.ee\/media\/4010.jpg","contentUrl":"https:\/\/hobstop.ee\/media\/4010.jpg","width":1024,"height":768},{"@type":"BreadcrumbList","@id":"https:\/\/hobstop.ee\/lt\/produktas\/blizgus-milteliai-tulip-fashion-18g\/#breadcrumb","itemListElement":[{"@type":"ListItem","position":1,"name":"Avaleht","item":"https:\/\/hobstop.ee\/lt\/"},{"@type":"ListItem","position":2,"name":"Parduotuv\u0117","item":"https:\/\/hobstop.ee\/lt\/parduotuve\/"},{"@type":"ListItem","position":3,"name":"Blizg\u016bs milteliai Tulip Fashion 18g"}]},{"@type":"WebSite","@id":"https:\/\/hobstop.ee\/lt\/#website","url":"https:\/\/hobstop.ee\/lt\/","name":"Skizze","description":"Dail\u0117s, pom\u0117gi\u0173 ir mokykliniai reikm\u0117nys","publisher":{"@id":"https:\/\/hobstop.ee\/lt\/#organization"},"potentialAction":[{"@type":"SearchAction","target":{"@type":"EntryPoint","urlTemplate":"https:\/\/hobstop.ee\/lt\/?s={search_term_string}"},"query-input":{"@type":"PropertyValueSpecification","valueRequired":true,"valueName":"search_term_string"}}],"inLanguage":"lt"},{"@type":"Organization","@id":"https:\/\/hobstop.ee\/lt\/#organization","name":"Vunder AS","url":"https:\/\/hobstop.ee\/lt\/","logo":{"@type":"ImageObject","inLanguage":"lt","@id":"https:\/\/hobstop.ee\/lt\/#\/schema\/logo\/image\/","url":"https:\/\/hobstop.ee\/media\/vunder-logo.png","contentUrl":"https:\/\/hobstop.ee\/media\/vunder-logo.png","width":127,"height":55,"caption":"Vunder AS"},"image":{"@id":"https:\/\/hobstop.ee\/lt\/#\/schema\/logo\/image\/"},"sameAs":["http:\/\/www.facebook.com\/VunderSkizze"]}]}},"_links":{"self":[{"href":"https:\/\/hobstop.ee\/lt\/wp-json\/wp\/v2\/product\/232437","targetHints":{"allow":["GET"]}}],"collection":[{"href":"https:\/\/hobstop.ee\/lt\/wp-json\/wp\/v2\/product"}],"about":[{"href":"https:\/\/hobstop.ee\/lt\/wp-json\/wp\/v2\/types\/product"}],"replies":[{"embeddable":true,"href":"https:\/\/hobstop.ee\/lt\/wp-json\/wp\/v2\/comments?post=232437"}],"wp:featuredmedia":[{"embeddable":true,"href":"https:\/\/hobstop.ee\/lt\/wp-json\/wp\/v2\/media\/233130"}],"wp:attachment":[{"href":"https:\/\/hobstop.ee\/lt\/wp-json\/wp\/v2\/media?parent=232437"}],"wp:term":[{"taxonomy":"product_cat","embeddable":true,"href":"https:\/\/hobstop.ee\/lt\/wp-json\/wp\/v2\/product_cat?post=232437"},{"taxonomy":"product_tag","embeddable":true,"href":"https:\/\/hobstop.ee\/lt\/wp-json\/wp\/v2\/product_tag?post=232437"}],"curies":[{"name":"wp","href":"https:\/\/api.w.org\/{rel}","templated":true}]}}