{"id":232473,"date":"2015-11-02T11:41:40","date_gmt":"2015-11-02T09:41:40","guid":{"rendered":"https:\/\/sharks.ee\/vunder_2019\/lt\/product\/tekstiles-klijai-aleenes-fusion-permanent-fabric-adhesive\/"},"modified":"2015-11-02T11:41:40","modified_gmt":"2015-11-02T09:41:40","slug":"tekstiles-klijai-aleenes-fusion-permanent-fabric-adhesive","status":"publish","type":"product","link":"https:\/\/hobstop.ee\/lt\/produktas\/tekstiles-klijai-aleenes-fusion-permanent-fabric-adhesive\/","title":{"rendered":"Tekstil\u0117s klijai Aleene&#8217;s Fusion Permanent Fabric Adhesive"},"content":{"rendered":"<p>Tekstil\u0117s klijai \u201eAleene&#8217;s Fabric Fusion Permanent Fabric Adhesive\u201c yra puiki, tekstilininkams ir r\u016bb\u0173 dizaineriams adat\u0105 ir si\u016bl\u0105 pakei\u010dianti alternatyva. Tinka kostiumams, drabu\u017eiams, audini\u0173 dekoravimui ir pan. \u0160ie skaidr\u016bs, vandens pagrindu pagaminti klijai yra nenuodingi, nesutraukia med\u017eiagos, atspar\u016bs skalbimui \u2013 jais sulipdytus daiktus galima skalbti; jie patvariai suklijuoja audin\u012f su papuo\u0161imais. Jie ne tik pasi\u017eymi puikiomis klijuojamomis savyb\u0117mis \u2013 vienas i\u0161 did\u017eiausi\u0173 klij\u0173 \u201eFabric Fusion\u201c privalum\u0173 yra tai, kad jie i\u0161lieka lankst\u016bs net ir po skalbimo, tod\u0117l nereikia jaudintis d\u0117l stand\u017ei\u0173 ir nepatogi\u0173 audini\u0173. Kol dr\u0117gni, lengvai nuvalomi vandeniu.<br \/>\nNerekomenduojama klijuoti veltinio, fliso ar lopini\u0173 su plastikiniu pagrindu.<\/p>\n","protected":false},"excerpt":{"rendered":"<p>Tekstil\u0117s klijai \u201eAleene&#8217;s Fabric Fusion Permanent Fabric Adhesive\u201c yra puiki, tekstilininkams ir r\u016bb\u0173 dizaineriams adat\u0105 ir si\u016bl\u0105 pakei\u010dianti alternatyva. Tinka kostiumams, drabu\u017eiams, audini\u0173 dekoravimui ir pan. \u0160ie skaidr\u016bs, vandens pagrindu pagaminti klijai yra nenuodingi, nesutraukia med\u017eiagos, atspar\u016bs skalbimui \u2013 jais sulipdytus daiktus galima skalbti; jie patvariai suklijuoja audin\u012f su papuo\u0161imais. Jie ne tik pasi\u017eymi puikiomis klijuojamomis savyb\u0117mis \u2013 vienas i\u0161 did\u017eiausi\u0173 klij\u0173 \u201eFabric Fusion\u201c privalum\u0173 yra tai, kad jie i\u0161lieka lankst\u016bs net ir po skalbimo, tod\u0117l nereikia jaudintis d\u0117l stand\u017ei\u0173 ir nepatogi\u0173 audini\u0173. Kol dr\u0117gni, lengvai nuvalomi vandeniu. Nerekomenduojama klijuoti veltinio, fliso ar lopini\u0173 su plastikiniu pagrindu.<\/p>\n","protected":false},"featured_media":233178,"comment_status":"closed","ping_status":"closed","template":"","meta":{"_acf_changed":false,"ep_exclude_from_search":false},"product_cat":[17919,19847,19853],"product_tag":[],"class_list":{"0":"post-232473","1":"product","2":"type-product","3":"status-publish","4":"has-post-thumbnail","6":"product_cat-pomegiu-prekes","7":"product_cat-rankdarbiu-klijai","8":"product_cat-tekstiles-klijai","10":"first","11":"instock","12":"taxable","13":"shipping-taxable","14":"purchasable","15":"product-type-simple"},"acf":[],"yoast_head":"<!-- This site is optimized with the Yoast SEO plugin v24.1 - https:\/\/yoast.com\/wordpress\/plugins\/seo\/ -->\n<title>Tekstil\u0117s klijai Aleene&#039;s Fusion Permanent Fabric Adhesive &#8211; Skizze<\/title>\n<meta name=\"robots\" content=\"noindex, follow, max-snippet:-1, max-image-preview:large, max-video-preview:-1\" \/>\n<meta property=\"og:locale\" content=\"lt_LT\" \/>\n<meta property=\"og:type\" content=\"article\" \/>\n<meta property=\"og:title\" content=\"Tekstil\u0117s klijai Aleene&#039;s Fusion Permanent Fabric Adhesive &#8211; Skizze\" \/>\n<meta property=\"og:description\" content=\"Tekstil\u0117s klijai \u201eAleene&#8217;s Fabric Fusion Permanent Fabric Adhesive\u201c yra puiki, tekstilininkams ir r\u016bb\u0173 dizaineriams adat\u0105 ir si\u016bl\u0105 pakei\u010dianti alternatyva. Tinka kostiumams, drabu\u017eiams, audini\u0173 dekoravimui ir pan. \u0160ie skaidr\u016bs, vandens pagrindu pagaminti klijai yra nenuodingi, nesutraukia med\u017eiagos, atspar\u016bs skalbimui \u2013 jais sulipdytus daiktus galima skalbti; jie patvariai suklijuoja audin\u012f su papuo\u0161imais. Jie ne tik pasi\u017eymi puikiomis klijuojamomis savyb\u0117mis \u2013 vienas i\u0161 did\u017eiausi\u0173 klij\u0173 \u201eFabric Fusion\u201c privalum\u0173 yra tai, kad jie i\u0161lieka lankst\u016bs net ir po skalbimo, tod\u0117l nereikia jaudintis d\u0117l stand\u017ei\u0173 ir nepatogi\u0173 audini\u0173. Kol dr\u0117gni, lengvai nuvalomi vandeniu. Nerekomenduojama klijuoti veltinio, fliso ar lopini\u0173 su plastikiniu pagrindu.\" \/>\n<meta property=\"og:url\" content=\"https:\/\/hobstop.ee\/lt\/produktas\/tekstiles-klijai-aleenes-fusion-permanent-fabric-adhesive\/\" \/>\n<meta property=\"og:site_name\" content=\"Skizze\" \/>\n<meta property=\"article:publisher\" content=\"http:\/\/www.facebook.com\/VunderSkizze\" \/>\n<meta property=\"og:image\" content=\"https:\/\/hobstop.ee\/media\/4020.jpg\" \/>\n\t<meta property=\"og:image:width\" content=\"1024\" \/>\n\t<meta property=\"og:image:height\" content=\"768\" \/>\n\t<meta property=\"og:image:type\" content=\"image\/jpeg\" \/>\n<meta name=\"twitter:card\" content=\"summary_large_image\" \/>\n<meta name=\"twitter:label1\" content=\"Est. reading time\" \/>\n\t<meta name=\"twitter:data1\" content=\"1 minute\" \/>\n<script type=\"application\/ld+json\" class=\"yoast-schema-graph\">{\"@context\":\"https:\/\/schema.org\",\"@graph\":[{\"@type\":\"WebPage\",\"@id\":\"https:\/\/hobstop.ee\/lt\/produktas\/tekstiles-klijai-aleenes-fusion-permanent-fabric-adhesive\/\",\"url\":\"https:\/\/hobstop.ee\/lt\/produktas\/tekstiles-klijai-aleenes-fusion-permanent-fabric-adhesive\/\",\"name\":\"Tekstil\u0117s klijai Aleene's Fusion Permanent Fabric Adhesive &#8211; Skizze\",\"isPartOf\":{\"@id\":\"https:\/\/hobstop.ee\/lt\/#website\"},\"primaryImageOfPage\":{\"@id\":\"https:\/\/hobstop.ee\/lt\/produktas\/tekstiles-klijai-aleenes-fusion-permanent-fabric-adhesive\/#primaryimage\"},\"image\":{\"@id\":\"https:\/\/hobstop.ee\/lt\/produktas\/tekstiles-klijai-aleenes-fusion-permanent-fabric-adhesive\/#primaryimage\"},\"thumbnailUrl\":\"https:\/\/hobstop.ee\/media\/4020.jpg\",\"datePublished\":\"2015-11-02T09:41:40+00:00\",\"dateModified\":\"2015-11-02T09:41:40+00:00\",\"breadcrumb\":{\"@id\":\"https:\/\/hobstop.ee\/lt\/produktas\/tekstiles-klijai-aleenes-fusion-permanent-fabric-adhesive\/#breadcrumb\"},\"inLanguage\":\"lt\",\"potentialAction\":[{\"@type\":\"ReadAction\",\"target\":[\"https:\/\/hobstop.ee\/lt\/produktas\/tekstiles-klijai-aleenes-fusion-permanent-fabric-adhesive\/\"]}]},{\"@type\":\"ImageObject\",\"inLanguage\":\"lt\",\"@id\":\"https:\/\/hobstop.ee\/lt\/produktas\/tekstiles-klijai-aleenes-fusion-permanent-fabric-adhesive\/#primaryimage\",\"url\":\"https:\/\/hobstop.ee\/media\/4020.jpg\",\"contentUrl\":\"https:\/\/hobstop.ee\/media\/4020.jpg\",\"width\":1024,\"height\":768},{\"@type\":\"BreadcrumbList\",\"@id\":\"https:\/\/hobstop.ee\/lt\/produktas\/tekstiles-klijai-aleenes-fusion-permanent-fabric-adhesive\/#breadcrumb\",\"itemListElement\":[{\"@type\":\"ListItem\",\"position\":1,\"name\":\"Avaleht\",\"item\":\"https:\/\/hobstop.ee\/lt\/\"},{\"@type\":\"ListItem\",\"position\":2,\"name\":\"Parduotuv\u0117\",\"item\":\"https:\/\/hobstop.ee\/lt\/parduotuve\/\"},{\"@type\":\"ListItem\",\"position\":3,\"name\":\"Tekstil\u0117s klijai Aleene&#8217;s Fusion Permanent Fabric Adhesive\"}]},{\"@type\":\"WebSite\",\"@id\":\"https:\/\/hobstop.ee\/lt\/#website\",\"url\":\"https:\/\/hobstop.ee\/lt\/\",\"name\":\"Skizze\",\"description\":\"Dail\u0117s, pom\u0117gi\u0173 ir mokykliniai reikm\u0117nys\",\"publisher\":{\"@id\":\"https:\/\/hobstop.ee\/lt\/#organization\"},\"potentialAction\":[{\"@type\":\"SearchAction\",\"target\":{\"@type\":\"EntryPoint\",\"urlTemplate\":\"https:\/\/hobstop.ee\/lt\/?s={search_term_string}\"},\"query-input\":{\"@type\":\"PropertyValueSpecification\",\"valueRequired\":true,\"valueName\":\"search_term_string\"}}],\"inLanguage\":\"lt\"},{\"@type\":\"Organization\",\"@id\":\"https:\/\/hobstop.ee\/lt\/#organization\",\"name\":\"Vunder AS\",\"url\":\"https:\/\/hobstop.ee\/lt\/\",\"logo\":{\"@type\":\"ImageObject\",\"inLanguage\":\"lt\",\"@id\":\"https:\/\/hobstop.ee\/lt\/#\/schema\/logo\/image\/\",\"url\":\"https:\/\/hobstop.ee\/media\/vunder-logo.png\",\"contentUrl\":\"https:\/\/hobstop.ee\/media\/vunder-logo.png\",\"width\":127,\"height\":55,\"caption\":\"Vunder AS\"},\"image\":{\"@id\":\"https:\/\/hobstop.ee\/lt\/#\/schema\/logo\/image\/\"},\"sameAs\":[\"http:\/\/www.facebook.com\/VunderSkizze\"]}]}<\/script>\n<!-- \/ Yoast SEO plugin. -->","yoast_head_json":{"title":"Tekstil\u0117s klijai Aleene's Fusion Permanent Fabric Adhesive &#8211; Skizze","robots":{"index":"noindex","follow":"follow","max-snippet":"max-snippet:-1","max-image-preview":"max-image-preview:large","max-video-preview":"max-video-preview:-1"},"og_locale":"lt_LT","og_type":"article","og_title":"Tekstil\u0117s klijai Aleene's Fusion Permanent Fabric Adhesive &#8211; Skizze","og_description":"Tekstil\u0117s klijai \u201eAleene&#8217;s Fabric Fusion Permanent Fabric Adhesive\u201c yra puiki, tekstilininkams ir r\u016bb\u0173 dizaineriams adat\u0105 ir si\u016bl\u0105 pakei\u010dianti alternatyva. Tinka kostiumams, drabu\u017eiams, audini\u0173 dekoravimui ir pan. \u0160ie skaidr\u016bs, vandens pagrindu pagaminti klijai yra nenuodingi, nesutraukia med\u017eiagos, atspar\u016bs skalbimui \u2013 jais sulipdytus daiktus galima skalbti; jie patvariai suklijuoja audin\u012f su papuo\u0161imais. Jie ne tik pasi\u017eymi puikiomis klijuojamomis savyb\u0117mis \u2013 vienas i\u0161 did\u017eiausi\u0173 klij\u0173 \u201eFabric Fusion\u201c privalum\u0173 yra tai, kad jie i\u0161lieka lankst\u016bs net ir po skalbimo, tod\u0117l nereikia jaudintis d\u0117l stand\u017ei\u0173 ir nepatogi\u0173 audini\u0173. Kol dr\u0117gni, lengvai nuvalomi vandeniu. Nerekomenduojama klijuoti veltinio, fliso ar lopini\u0173 su plastikiniu pagrindu.","og_url":"https:\/\/hobstop.ee\/lt\/produktas\/tekstiles-klijai-aleenes-fusion-permanent-fabric-adhesive\/","og_site_name":"Skizze","article_publisher":"http:\/\/www.facebook.com\/VunderSkizze","og_image":[{"width":1024,"height":768,"url":"https:\/\/hobstop.ee\/media\/4020.jpg","type":"image\/jpeg"}],"twitter_card":"summary_large_image","twitter_misc":{"Est. reading time":"1 minute"},"schema":{"@context":"https:\/\/schema.org","@graph":[{"@type":"WebPage","@id":"https:\/\/hobstop.ee\/lt\/produktas\/tekstiles-klijai-aleenes-fusion-permanent-fabric-adhesive\/","url":"https:\/\/hobstop.ee\/lt\/produktas\/tekstiles-klijai-aleenes-fusion-permanent-fabric-adhesive\/","name":"Tekstil\u0117s klijai Aleene's Fusion Permanent Fabric Adhesive &#8211; Skizze","isPartOf":{"@id":"https:\/\/hobstop.ee\/lt\/#website"},"primaryImageOfPage":{"@id":"https:\/\/hobstop.ee\/lt\/produktas\/tekstiles-klijai-aleenes-fusion-permanent-fabric-adhesive\/#primaryimage"},"image":{"@id":"https:\/\/hobstop.ee\/lt\/produktas\/tekstiles-klijai-aleenes-fusion-permanent-fabric-adhesive\/#primaryimage"},"thumbnailUrl":"https:\/\/hobstop.ee\/media\/4020.jpg","datePublished":"2015-11-02T09:41:40+00:00","dateModified":"2015-11-02T09:41:40+00:00","breadcrumb":{"@id":"https:\/\/hobstop.ee\/lt\/produktas\/tekstiles-klijai-aleenes-fusion-permanent-fabric-adhesive\/#breadcrumb"},"inLanguage":"lt","potentialAction":[{"@type":"ReadAction","target":["https:\/\/hobstop.ee\/lt\/produktas\/tekstiles-klijai-aleenes-fusion-permanent-fabric-adhesive\/"]}]},{"@type":"ImageObject","inLanguage":"lt","@id":"https:\/\/hobstop.ee\/lt\/produktas\/tekstiles-klijai-aleenes-fusion-permanent-fabric-adhesive\/#primaryimage","url":"https:\/\/hobstop.ee\/media\/4020.jpg","contentUrl":"https:\/\/hobstop.ee\/media\/4020.jpg","width":1024,"height":768},{"@type":"BreadcrumbList","@id":"https:\/\/hobstop.ee\/lt\/produktas\/tekstiles-klijai-aleenes-fusion-permanent-fabric-adhesive\/#breadcrumb","itemListElement":[{"@type":"ListItem","position":1,"name":"Avaleht","item":"https:\/\/hobstop.ee\/lt\/"},{"@type":"ListItem","position":2,"name":"Parduotuv\u0117","item":"https:\/\/hobstop.ee\/lt\/parduotuve\/"},{"@type":"ListItem","position":3,"name":"Tekstil\u0117s klijai Aleene&#8217;s Fusion Permanent Fabric Adhesive"}]},{"@type":"WebSite","@id":"https:\/\/hobstop.ee\/lt\/#website","url":"https:\/\/hobstop.ee\/lt\/","name":"Skizze","description":"Dail\u0117s, pom\u0117gi\u0173 ir mokykliniai reikm\u0117nys","publisher":{"@id":"https:\/\/hobstop.ee\/lt\/#organization"},"potentialAction":[{"@type":"SearchAction","target":{"@type":"EntryPoint","urlTemplate":"https:\/\/hobstop.ee\/lt\/?s={search_term_string}"},"query-input":{"@type":"PropertyValueSpecification","valueRequired":true,"valueName":"search_term_string"}}],"inLanguage":"lt"},{"@type":"Organization","@id":"https:\/\/hobstop.ee\/lt\/#organization","name":"Vunder AS","url":"https:\/\/hobstop.ee\/lt\/","logo":{"@type":"ImageObject","inLanguage":"lt","@id":"https:\/\/hobstop.ee\/lt\/#\/schema\/logo\/image\/","url":"https:\/\/hobstop.ee\/media\/vunder-logo.png","contentUrl":"https:\/\/hobstop.ee\/media\/vunder-logo.png","width":127,"height":55,"caption":"Vunder AS"},"image":{"@id":"https:\/\/hobstop.ee\/lt\/#\/schema\/logo\/image\/"},"sameAs":["http:\/\/www.facebook.com\/VunderSkizze"]}]}},"_links":{"self":[{"href":"https:\/\/hobstop.ee\/lt\/wp-json\/wp\/v2\/product\/232473","targetHints":{"allow":["GET"]}}],"collection":[{"href":"https:\/\/hobstop.ee\/lt\/wp-json\/wp\/v2\/product"}],"about":[{"href":"https:\/\/hobstop.ee\/lt\/wp-json\/wp\/v2\/types\/product"}],"replies":[{"embeddable":true,"href":"https:\/\/hobstop.ee\/lt\/wp-json\/wp\/v2\/comments?post=232473"}],"wp:featuredmedia":[{"embeddable":true,"href":"https:\/\/hobstop.ee\/lt\/wp-json\/wp\/v2\/media\/233178"}],"wp:attachment":[{"href":"https:\/\/hobstop.ee\/lt\/wp-json\/wp\/v2\/media?parent=232473"}],"wp:term":[{"taxonomy":"product_cat","embeddable":true,"href":"https:\/\/hobstop.ee\/lt\/wp-json\/wp\/v2\/product_cat?post=232473"},{"taxonomy":"product_tag","embeddable":true,"href":"https:\/\/hobstop.ee\/lt\/wp-json\/wp\/v2\/product_tag?post=232473"}],"curies":[{"name":"wp","href":"https:\/\/api.w.org\/{rel}","templated":true}]}}