{"id":232481,"date":"2015-11-02T11:41:44","date_gmt":"2015-11-02T09:41:44","guid":{"rendered":"https:\/\/sharks.ee\/vunder_2019\/lt\/product\/juostele-is-audeklo-aleenes-fabric-fusion-permanent\/"},"modified":"2015-11-02T11:41:44","modified_gmt":"2015-11-02T09:41:44","slug":"juostele-is-audeklo-aleenes-fabric-fusion-permanent","status":"publish","type":"product","link":"https:\/\/hobstop.ee\/lt\/produktas\/juostele-is-audeklo-aleenes-fabric-fusion-permanent\/","title":{"rendered":"Juostel\u0117 i\u0161 audeklo Aleene&#8217;s Fabric Fusion Permanent"},"content":{"rendered":"<p>Lipni juostel\u0117 \u201eAleene&#8217;s Fabric Fusion Tape\u201c leis Jums sutvirtinti si\u016bles, padaryti rozetes, aplikacijas ir t.t. nenaudojant si\u016bl\u0173, nelyginant ir nelaukiant, kol i\u0161d\u017eius. Prilips greitai ir visam laikui, nereikia nei adatos, nei si\u016bl\u0173 \u2013 tiesiog prispauskite prie norimos vietos.<\/p>\n","protected":false},"excerpt":{"rendered":"<p>Lipni juostel\u0117 \u201eAleene&#8217;s Fabric Fusion Tape\u201c leis Jums sutvirtinti si\u016bles, padaryti rozetes, aplikacijas ir t.t. nenaudojant si\u016bl\u0173, nelyginant ir nelaukiant, kol i\u0161d\u017eius. Prilips greitai ir visam laikui, nereikia nei adatos, nei si\u016bl\u0173 \u2013 tiesiog prispauskite prie norimos vietos.<\/p>\n","protected":false},"featured_media":233186,"comment_status":"closed","ping_status":"closed","template":"","meta":{"_acf_changed":false,"ep_exclude_from_search":false},"product_cat":[17919,19847,19853],"product_tag":[],"class_list":{"0":"post-232481","1":"product","2":"type-product","3":"status-publish","4":"has-post-thumbnail","6":"product_cat-pomegiu-prekes","7":"product_cat-rankdarbiu-klijai","8":"product_cat-tekstiles-klijai","10":"first","11":"instock","12":"taxable","13":"shipping-taxable","14":"purchasable","15":"product-type-simple"},"acf":[],"yoast_head":"<!-- This site is optimized with the Yoast SEO plugin v24.1 - https:\/\/yoast.com\/wordpress\/plugins\/seo\/ -->\n<title>Juostel\u0117 i\u0161 audeklo Aleene&#039;s Fabric Fusion Permanent &#8211; Skizze<\/title>\n<meta name=\"robots\" content=\"noindex, follow, max-snippet:-1, max-image-preview:large, max-video-preview:-1\" \/>\n<meta property=\"og:locale\" content=\"lt_LT\" \/>\n<meta property=\"og:type\" content=\"article\" \/>\n<meta property=\"og:title\" content=\"Juostel\u0117 i\u0161 audeklo Aleene&#039;s Fabric Fusion Permanent &#8211; Skizze\" \/>\n<meta property=\"og:description\" content=\"Lipni juostel\u0117 \u201eAleene&#8217;s Fabric Fusion Tape\u201c leis Jums sutvirtinti si\u016bles, padaryti rozetes, aplikacijas ir t.t. nenaudojant si\u016bl\u0173, nelyginant ir nelaukiant, kol i\u0161d\u017eius. Prilips greitai ir visam laikui, nereikia nei adatos, nei si\u016bl\u0173 \u2013 tiesiog prispauskite prie norimos vietos.\" \/>\n<meta property=\"og:url\" content=\"https:\/\/hobstop.ee\/lt\/produktas\/juostele-is-audeklo-aleenes-fabric-fusion-permanent\/\" \/>\n<meta property=\"og:site_name\" content=\"Skizze\" \/>\n<meta property=\"article:publisher\" content=\"http:\/\/www.facebook.com\/VunderSkizze\" \/>\n<meta property=\"og:image\" content=\"https:\/\/hobstop.ee\/media\/4022.jpg\" \/>\n\t<meta property=\"og:image:width\" content=\"1024\" \/>\n\t<meta property=\"og:image:height\" content=\"768\" \/>\n\t<meta property=\"og:image:type\" content=\"image\/jpeg\" \/>\n<meta name=\"twitter:card\" content=\"summary_large_image\" \/>\n<script type=\"application\/ld+json\" class=\"yoast-schema-graph\">{\"@context\":\"https:\/\/schema.org\",\"@graph\":[{\"@type\":\"WebPage\",\"@id\":\"https:\/\/hobstop.ee\/lt\/produktas\/juostele-is-audeklo-aleenes-fabric-fusion-permanent\/\",\"url\":\"https:\/\/hobstop.ee\/lt\/produktas\/juostele-is-audeklo-aleenes-fabric-fusion-permanent\/\",\"name\":\"Juostel\u0117 i\u0161 audeklo Aleene's Fabric Fusion Permanent &#8211; Skizze\",\"isPartOf\":{\"@id\":\"https:\/\/hobstop.ee\/lt\/#website\"},\"primaryImageOfPage\":{\"@id\":\"https:\/\/hobstop.ee\/lt\/produktas\/juostele-is-audeklo-aleenes-fabric-fusion-permanent\/#primaryimage\"},\"image\":{\"@id\":\"https:\/\/hobstop.ee\/lt\/produktas\/juostele-is-audeklo-aleenes-fabric-fusion-permanent\/#primaryimage\"},\"thumbnailUrl\":\"https:\/\/hobstop.ee\/media\/4022.jpg\",\"datePublished\":\"2015-11-02T09:41:44+00:00\",\"dateModified\":\"2015-11-02T09:41:44+00:00\",\"breadcrumb\":{\"@id\":\"https:\/\/hobstop.ee\/lt\/produktas\/juostele-is-audeklo-aleenes-fabric-fusion-permanent\/#breadcrumb\"},\"inLanguage\":\"lt\",\"potentialAction\":[{\"@type\":\"ReadAction\",\"target\":[\"https:\/\/hobstop.ee\/lt\/produktas\/juostele-is-audeklo-aleenes-fabric-fusion-permanent\/\"]}]},{\"@type\":\"ImageObject\",\"inLanguage\":\"lt\",\"@id\":\"https:\/\/hobstop.ee\/lt\/produktas\/juostele-is-audeklo-aleenes-fabric-fusion-permanent\/#primaryimage\",\"url\":\"https:\/\/hobstop.ee\/media\/4022.jpg\",\"contentUrl\":\"https:\/\/hobstop.ee\/media\/4022.jpg\",\"width\":1024,\"height\":768},{\"@type\":\"BreadcrumbList\",\"@id\":\"https:\/\/hobstop.ee\/lt\/produktas\/juostele-is-audeklo-aleenes-fabric-fusion-permanent\/#breadcrumb\",\"itemListElement\":[{\"@type\":\"ListItem\",\"position\":1,\"name\":\"Avaleht\",\"item\":\"https:\/\/hobstop.ee\/lt\/\"},{\"@type\":\"ListItem\",\"position\":2,\"name\":\"Parduotuv\u0117\",\"item\":\"https:\/\/hobstop.ee\/lt\/parduotuve\/\"},{\"@type\":\"ListItem\",\"position\":3,\"name\":\"Juostel\u0117 i\u0161 audeklo Aleene&#8217;s Fabric Fusion Permanent\"}]},{\"@type\":\"WebSite\",\"@id\":\"https:\/\/hobstop.ee\/lt\/#website\",\"url\":\"https:\/\/hobstop.ee\/lt\/\",\"name\":\"Skizze\",\"description\":\"Dail\u0117s, pom\u0117gi\u0173 ir mokykliniai reikm\u0117nys\",\"publisher\":{\"@id\":\"https:\/\/hobstop.ee\/lt\/#organization\"},\"potentialAction\":[{\"@type\":\"SearchAction\",\"target\":{\"@type\":\"EntryPoint\",\"urlTemplate\":\"https:\/\/hobstop.ee\/lt\/?s={search_term_string}\"},\"query-input\":{\"@type\":\"PropertyValueSpecification\",\"valueRequired\":true,\"valueName\":\"search_term_string\"}}],\"inLanguage\":\"lt\"},{\"@type\":\"Organization\",\"@id\":\"https:\/\/hobstop.ee\/lt\/#organization\",\"name\":\"Vunder AS\",\"url\":\"https:\/\/hobstop.ee\/lt\/\",\"logo\":{\"@type\":\"ImageObject\",\"inLanguage\":\"lt\",\"@id\":\"https:\/\/hobstop.ee\/lt\/#\/schema\/logo\/image\/\",\"url\":\"https:\/\/hobstop.ee\/media\/vunder-logo.png\",\"contentUrl\":\"https:\/\/hobstop.ee\/media\/vunder-logo.png\",\"width\":127,\"height\":55,\"caption\":\"Vunder AS\"},\"image\":{\"@id\":\"https:\/\/hobstop.ee\/lt\/#\/schema\/logo\/image\/\"},\"sameAs\":[\"http:\/\/www.facebook.com\/VunderSkizze\"]}]}<\/script>\n<!-- \/ Yoast SEO plugin. -->","yoast_head_json":{"title":"Juostel\u0117 i\u0161 audeklo Aleene's Fabric Fusion Permanent &#8211; Skizze","robots":{"index":"noindex","follow":"follow","max-snippet":"max-snippet:-1","max-image-preview":"max-image-preview:large","max-video-preview":"max-video-preview:-1"},"og_locale":"lt_LT","og_type":"article","og_title":"Juostel\u0117 i\u0161 audeklo Aleene's Fabric Fusion Permanent &#8211; Skizze","og_description":"Lipni juostel\u0117 \u201eAleene&#8217;s Fabric Fusion Tape\u201c leis Jums sutvirtinti si\u016bles, padaryti rozetes, aplikacijas ir t.t. nenaudojant si\u016bl\u0173, nelyginant ir nelaukiant, kol i\u0161d\u017eius. Prilips greitai ir visam laikui, nereikia nei adatos, nei si\u016bl\u0173 \u2013 tiesiog prispauskite prie norimos vietos.","og_url":"https:\/\/hobstop.ee\/lt\/produktas\/juostele-is-audeklo-aleenes-fabric-fusion-permanent\/","og_site_name":"Skizze","article_publisher":"http:\/\/www.facebook.com\/VunderSkizze","og_image":[{"width":1024,"height":768,"url":"https:\/\/hobstop.ee\/media\/4022.jpg","type":"image\/jpeg"}],"twitter_card":"summary_large_image","schema":{"@context":"https:\/\/schema.org","@graph":[{"@type":"WebPage","@id":"https:\/\/hobstop.ee\/lt\/produktas\/juostele-is-audeklo-aleenes-fabric-fusion-permanent\/","url":"https:\/\/hobstop.ee\/lt\/produktas\/juostele-is-audeklo-aleenes-fabric-fusion-permanent\/","name":"Juostel\u0117 i\u0161 audeklo Aleene's Fabric Fusion Permanent &#8211; Skizze","isPartOf":{"@id":"https:\/\/hobstop.ee\/lt\/#website"},"primaryImageOfPage":{"@id":"https:\/\/hobstop.ee\/lt\/produktas\/juostele-is-audeklo-aleenes-fabric-fusion-permanent\/#primaryimage"},"image":{"@id":"https:\/\/hobstop.ee\/lt\/produktas\/juostele-is-audeklo-aleenes-fabric-fusion-permanent\/#primaryimage"},"thumbnailUrl":"https:\/\/hobstop.ee\/media\/4022.jpg","datePublished":"2015-11-02T09:41:44+00:00","dateModified":"2015-11-02T09:41:44+00:00","breadcrumb":{"@id":"https:\/\/hobstop.ee\/lt\/produktas\/juostele-is-audeklo-aleenes-fabric-fusion-permanent\/#breadcrumb"},"inLanguage":"lt","potentialAction":[{"@type":"ReadAction","target":["https:\/\/hobstop.ee\/lt\/produktas\/juostele-is-audeklo-aleenes-fabric-fusion-permanent\/"]}]},{"@type":"ImageObject","inLanguage":"lt","@id":"https:\/\/hobstop.ee\/lt\/produktas\/juostele-is-audeklo-aleenes-fabric-fusion-permanent\/#primaryimage","url":"https:\/\/hobstop.ee\/media\/4022.jpg","contentUrl":"https:\/\/hobstop.ee\/media\/4022.jpg","width":1024,"height":768},{"@type":"BreadcrumbList","@id":"https:\/\/hobstop.ee\/lt\/produktas\/juostele-is-audeklo-aleenes-fabric-fusion-permanent\/#breadcrumb","itemListElement":[{"@type":"ListItem","position":1,"name":"Avaleht","item":"https:\/\/hobstop.ee\/lt\/"},{"@type":"ListItem","position":2,"name":"Parduotuv\u0117","item":"https:\/\/hobstop.ee\/lt\/parduotuve\/"},{"@type":"ListItem","position":3,"name":"Juostel\u0117 i\u0161 audeklo Aleene&#8217;s Fabric Fusion Permanent"}]},{"@type":"WebSite","@id":"https:\/\/hobstop.ee\/lt\/#website","url":"https:\/\/hobstop.ee\/lt\/","name":"Skizze","description":"Dail\u0117s, pom\u0117gi\u0173 ir mokykliniai reikm\u0117nys","publisher":{"@id":"https:\/\/hobstop.ee\/lt\/#organization"},"potentialAction":[{"@type":"SearchAction","target":{"@type":"EntryPoint","urlTemplate":"https:\/\/hobstop.ee\/lt\/?s={search_term_string}"},"query-input":{"@type":"PropertyValueSpecification","valueRequired":true,"valueName":"search_term_string"}}],"inLanguage":"lt"},{"@type":"Organization","@id":"https:\/\/hobstop.ee\/lt\/#organization","name":"Vunder AS","url":"https:\/\/hobstop.ee\/lt\/","logo":{"@type":"ImageObject","inLanguage":"lt","@id":"https:\/\/hobstop.ee\/lt\/#\/schema\/logo\/image\/","url":"https:\/\/hobstop.ee\/media\/vunder-logo.png","contentUrl":"https:\/\/hobstop.ee\/media\/vunder-logo.png","width":127,"height":55,"caption":"Vunder AS"},"image":{"@id":"https:\/\/hobstop.ee\/lt\/#\/schema\/logo\/image\/"},"sameAs":["http:\/\/www.facebook.com\/VunderSkizze"]}]}},"_links":{"self":[{"href":"https:\/\/hobstop.ee\/lt\/wp-json\/wp\/v2\/product\/232481","targetHints":{"allow":["GET"]}}],"collection":[{"href":"https:\/\/hobstop.ee\/lt\/wp-json\/wp\/v2\/product"}],"about":[{"href":"https:\/\/hobstop.ee\/lt\/wp-json\/wp\/v2\/types\/product"}],"replies":[{"embeddable":true,"href":"https:\/\/hobstop.ee\/lt\/wp-json\/wp\/v2\/comments?post=232481"}],"wp:featuredmedia":[{"embeddable":true,"href":"https:\/\/hobstop.ee\/lt\/wp-json\/wp\/v2\/media\/233186"}],"wp:attachment":[{"href":"https:\/\/hobstop.ee\/lt\/wp-json\/wp\/v2\/media?parent=232481"}],"wp:term":[{"taxonomy":"product_cat","embeddable":true,"href":"https:\/\/hobstop.ee\/lt\/wp-json\/wp\/v2\/product_cat?post=232481"},{"taxonomy":"product_tag","embeddable":true,"href":"https:\/\/hobstop.ee\/lt\/wp-json\/wp\/v2\/product_tag?post=232481"}],"curies":[{"name":"wp","href":"https:\/\/api.w.org\/{rel}","templated":true}]}}